{"id":15377,"date":"2025-01-19T14:27:15","date_gmt":"2025-01-19T14:27:15","guid":{"rendered":"https:\/\/www.hydraulic-cylinders.net\/product\/bucket-cylinder-for-yugong-wy135-8\/"},"modified":"2025-01-19T14:27:22","modified_gmt":"2025-01-19T14:27:22","slug":"bucket-cylinder-for-yugong-wy135-8","status":"publish","type":"product","link":"https:\/\/www.hydraulic-cylinders.net\/lv\/products\/bucket-cylinder-for-yugong-wy135-8\/","title":{"rendered":"Kausa cilindrs Yugong WY135-8"},"content":{"rendered":"<h1>Kausa cilindrs Yugong WY135-8<\/h1>\n<h2>Ievads<\/h2>\n<p>Yugong WY135-8 kausa cilindrs ir specializ\u0113ts hidrauliskais cilindrs, ko galvenok\u0101rt izmanto, lai kontrol\u0113tu kausa kust\u012bbu smagaj\u0101s ma\u0161\u012bn\u0101s, piem\u0113ram, ekskavatoros, univers\u0101lajos iekr\u0101v\u0113jos un front\u0101lajos iekr\u0101v\u0113jos. T\u0101 galven\u0101 funkcija ir \u013caut kausam pacelties, nolaisties un sasv\u0113rties, t\u0101d\u0113j\u0101di atvieglojot da\u017e\u0101du materi\u0101lu transport\u0113\u0161anu. Hidrauliskaj\u0101 sist\u0113m\u0101 kausa cilindrs prec\u012bzi kontrol\u0113 kausa kust\u012bbu, mainot hidraulisk\u0101s e\u013c\u013cas spiedienu, \u013caujot operatoriem efekt\u012bvi apstr\u0101d\u0101t smagas kravas, piel\u0101goties sare\u017e\u0123\u012btai darba videi un da\u017e\u0101d\u0101m darba pras\u012bb\u0101m.<\/p>\n<p><img decoding=\"async\" src=\"https:\/\/www.hydraulic-cylinders.net\/wp-content\/uploads\/2025\/01\/songte-company-2.webp\"\/><\/p>\n<h2>Funkcijas<\/h2>\n<ul>\n<li>Augsta iztur\u012bba un ilgm\u016b\u017e\u012bba: Parasti izgatavots no augstas stipr\u012bbas t\u0113rauda vai alum\u012bnija, tas var iztur\u0113t augstu spiedienu un lielas slodzes, piel\u0101goties skarbai darba videi un ir izstr\u0101d\u0101ts, \u0146emot v\u0113r\u0101 nodilumiztur\u012bbu un korozijas iztur\u012bbu, pagarinot t\u0101 kalpo\u0161anas laiku.<\/li>\n<li>Efekt\u012bva hidraulisk\u0101 darb\u012bba: izmanto hidraulisk\u0101s e\u013c\u013cas spiedienu, lai pan\u0101ktu vienm\u0113r\u012bgas izstiep\u0161anas un ievilk\u0161anas darb\u012bbas, \u0101tri rea\u0123\u0113tu uz vad\u012bbas komand\u0101m, nodro\u0161in\u0101tu sp\u0113c\u012bgu stum\u0161anas un vilk\u0161anas sp\u0113ku, un ir piem\u0113rota smagu kravu apstr\u0101dei un sare\u017e\u0123\u012btu darbu uzdevumiem.<\/li>\n<li>Da\u017e\u0101di veidi: atkar\u012bb\u0101 no nepiecie\u0161am\u012bbas apmierin\u0101t da\u017e\u0101das ekspluat\u0101cijas pras\u012bbas var izv\u0113l\u0113ties vienk\u0101r\u0161\u0101s darb\u012bbas (hidrauliski darbojas tikai vien\u0101 virzien\u0101) vai divk\u0101r\u0161\u0101s darb\u012bbas (hidrauliski darbojas abos virzienos) cilindrus. Da\u017ei mode\u013ci ir teleskopiski, kas \u013cauj tos papla\u0161in\u0101t, nepalielinot \u0101r\u0113jos izm\u0113rus, padarot tos piem\u0113rotus lietojumiem ierobe\u017eot\u0101 telp\u0101.<\/li>\n<li>Nomain\u0101ms: m\u016bsu produkts var lieliski aizst\u0101t \u0161os hidrauliskos cilindrus.<\/li>\n<\/ul>\n<p><img decoding=\"async\" src=\"https:\/\/www.hydraulic-cylinders.net\/wp-content\/uploads\/2025\/01\/songte-cylinder-head-with-all-kinds-excavator-models.webp\"\/><\/p>\n<h2>Pieteikumi<\/h2>\n<p>Yugong WY135-8 kausa cilindrs tiek pla\u0161i izmantots da\u017e\u0101d\u0101s nozar\u0113s:<\/p>\n<ul>\n<li>B\u016bvniec\u012bbas apr\u012bkojums: ekskavatoros tas ir \u013coti svar\u012bgs rak\u0161anai, iekrau\u0161anai un augsnes vai gru\u017eu p\u0101rvieto\u0161anai. Ekskavatoros kausa cilindrs pal\u012bdz gan rak\u0161an\u0101, gan cel\u0161an\u0101. <\/li>\n<li>Lauksaimniec\u012bbas tehnika: Izmanto front\u0101lajos iekr\u0101v\u0113jos augsnes, siena un citu materi\u0101lu sav\u0101k\u0161anai, pacel\u0161anai un transport\u0113\u0161anai.<\/li>\n<li>Ekskavatori: Kausa cilindrs \u013cauj rakt, \u013caujot kausam iek\u013c\u016bt augsn\u0113.<\/li>\n<li>Front\u0101lie iekr\u0101v\u0113ji: Front\u0101lie iekr\u0101v\u0113ji pal\u012bdz efekt\u012bvi pacelt un noliekt kravas.<\/li>\n<\/ul>\n<p>Katrs pieteikums ir detaliz\u0113ti apspriests t\u0101l\u0101k:<\/p>\n<h3>Celtniec\u012bbas tehnika<\/h3>\n<p>Ekskavatoros kausa cilindrs ir b\u016btiska sast\u0101vda\u013ca, kas pal\u012bdz rakt, iekraut un p\u0101rvietot augsni vai gru\u017eus. Tam ir jauda, \u200b\u200blai viegli un prec\u012bzi veiktu visus smagos uzdevumus. Ekskavatoros kausa cilindrs pal\u012bdz gan rak\u0161an\u0101, gan cel\u0161an\u0101, padarot to par neaizst\u0101jamu instrumentu b\u016bvniec\u012bbas projektos.<\/p>\n<h3>Lauksaimniec\u012bbas tehnika<\/h3>\n<p>Kausa cilindrs ir b\u016btiska lauksaimniec\u012bbas tehnikas sast\u0101vda\u013ca, \u012bpa\u0161i front\u0101lajos iekr\u0101v\u0113jos. Tas \u013cauj efekt\u012bvi iekraut un izkraut da\u017e\u0101dus materi\u0101lus, piem\u0113ram, augsni, sienu un citus lauksaimniec\u012bbas produktus. T\u0101 jauda un stabilit\u0101te padara to ide\u0101li piem\u0113rotu izmanto\u0161anai lauksaimniec\u012bbas nozar\u0113.<\/p>\n<h3>Ekskavatori<\/h3>\n<p>Yugong WY135-8 kausa cilindram ir iz\u0161\u0137iro\u0161a noz\u012bme ekskavatoros, \u013caujot kausam iek\u013c\u016bt augsn\u0113 un pacelt smagas kravas. Pateicoties t\u0101 precizit\u0101tei un efektivit\u0101tei, tas var viegli veikt vissare\u017e\u0123\u012bt\u0101kos uzdevumus, padarot to par neaizst\u0101jamu instrumentu jebkur\u0101 rak\u0161anas projekt\u0101.<\/p>\n<h3>Front\u0101lie iekr\u0101v\u0113ji<\/h3>\n<p>Front\u0101lajos iekr\u0101v\u0113jos kausa cilindrs pal\u012bdz efekt\u012bvi pacelt un noliekt kravas. Pateicoties t\u0101 jaudai un stabilit\u0101tei, tas var viegli tikt gal\u0101 ar smag\u0101m krav\u0101m, padarot to par b\u016btisku jebkura front\u0101l\u0101 iekr\u0101v\u0113ja sast\u0101vda\u013cu.<\/p>\n<h2>Dizaina apsv\u0113rumi un atlases krit\u0113riji<\/h2>\n<p>Yugong WY135-8 kausa cilindra projekt\u0113\u0161anas apsv\u0113rumi un atlases krit\u0113riji ir \u0161\u0101di:<\/p>\n<h3>Nestsp\u0113ja<\/h3>\n<p>Balona nestsp\u0113ja ir b\u016btisks apsv\u0113rums t\u0101 konstrukcij\u0101. Balonam j\u0101sp\u0113j iztur\u0113t augstu spiedienu un lielas slodzes bez deform\u0101cijas vai boj\u0101jumiem.<\/p>\n<h3>Bl\u012bv\u0113\u0161ana<\/h3>\n<p>Balonam j\u0101b\u016bt ar lielisku bl\u012bv\u0113jumu, lai nov\u0113rstu e\u013c\u013cas nopl\u016bdi un nodro\u0161in\u0101tu cilindra vienm\u0113r\u012bgu darb\u012bbu. Lai nodro\u0161in\u0101tu maksim\u0101lu nodilumiztur\u012bbu un nopl\u016b\u017eu nov\u0113r\u0161anu, tiek izmantoti da\u017e\u0101di bl\u012bv\u0113\u0161anas materi\u0101li, piem\u0113ram, poliuret\u0101ns un nitrilgumija.<\/p>\n<h3>Iztur\u012bba<\/h3>\n<p>Balonam j\u0101b\u016bt iztur\u012bgam un sp\u0113j\u012bgam iztur\u0113t skarbus darba apst\u0101k\u013cus un lielas slodzes. Izmantotajiem materi\u0101liem j\u0101b\u016bt ar augstu iztur\u012bbu un labu nodilumiztur\u012bbu, nodro\u0161inot balona ilgm\u016b\u017e\u012bbu.<\/p>\n<h3>Dro\u0161\u012bba<\/h3>\n<p>Balona dro\u0161\u012bba ir \u0101rk\u0101rt\u012bgi svar\u012bga, un tam j\u0101b\u016bt konstru\u0113tam ar dro\u0161\u012bbas funkcij\u0101m, piem\u0113ram, spiediena samazin\u0101\u0161anas v\u0101rstiem, dro\u0161\u012bbas sl\u0113dzen\u0113m un citiem dro\u0161\u012bbas meh\u0101nismiem, lai nov\u0113rstu negad\u012bjumus un nodro\u0161in\u0101tu operatora dro\u0161\u012bbu.<\/p>\n<h3>Apkope<\/h3>\n<p>Balonam j\u0101b\u016bt konstru\u0113tam, \u0146emot v\u0113r\u0101 t\u0101 apkopes vienk\u0101r\u0161\u012bbu, piem\u0113ram, vieglu demont\u0101\u017eu un salik\u0161anu, \u0113rtu piek\u013cuvi nomain\u0101m\u0101m deta\u013c\u0101m un vienk\u0101r\u0161as apkopes proced\u016bras.<\/p>\n<p><img decoding=\"async\" src=\"https:\/\/www.hydraulic-cylinders.net\/wp-content\/uploads\/2025\/01\/songte-oil-pipes-and-spare-parts.webp\"\/><\/p>\n<h2>Bl\u012bv\u0113\u0161ana un e\u013c\u013co\u0161ana<\/h2>\n<p>Yugong WY135-8 kausa cilindram tiek izmantoti da\u017e\u0101di bl\u012bv\u0113\u0161anas komponenti, piem\u0113ram, virzu\u013ca bl\u012bvsl\u0113gi \u200b\u200bun stie\u0146a bl\u012bvsl\u0113gi, kas izgatavoti no nodilumiztur\u012bgiem materi\u0101liem, piem\u0113ram, poliuret\u0101na un nitrila gumijas. Cilindra korpuss un v\u012bt\u0146ot\u0101s gala virsmas ir smalki apstr\u0101d\u0101tas, lai palielin\u0101tu nodilumiztur\u012bbu. E\u013c\u013co\u0161ana tiek nodro\u0161in\u0101ta, pievienojot atbilsto\u0161u hidraulisk\u0101s e\u013c\u013cas daudzumu, lai nodro\u0161in\u0101tu cilindra vienm\u0113r\u012bgu kust\u012bbu.<\/p>\n<h2>Apkope un prevent\u012bvie pas\u0101kumi<\/h2>\n<p>Yugong WY135-8 kausa cilindram nepiecie\u0161ama regul\u0101ra apkope, lai nodro\u0161in\u0101tu t\u0101 ilgm\u016b\u017e\u012bbu un optim\u0101lu veiktsp\u0113ju. Apkopes uzdevumi ietver regul\u0101ru p\u0101rbaudi, e\u013c\u013co\u0161anu, bl\u012bv\u0113juma nomai\u0146u un kalibr\u0113\u0161anas p\u0101rbaudes. Pareiza uzst\u0101d\u012b\u0161ana, e\u013c\u013co\u0161ana un regul\u0113\u0161ana ir \u013coti svar\u012bgas cilindra optim\u0101lai veiktsp\u0113jai. Uzst\u0101d\u012b\u0161anas laik\u0101 j\u0101nodro\u0161ina atbilsto\u0161a izl\u012bdzin\u0101\u0161anas vadl\u012bnijas, un cilindra nostiprin\u0101\u0161anai j\u0101izmanto atbilsto\u0161i mont\u0101\u017eas kron\u0161teini. J\u0101iev\u0113ro ieteicam\u0101s p\u0101rbaudes, remonta un nomai\u0146as proced\u016bras, k\u0101 ar\u012b metodes, kas uzlabo cilindra ilgm\u016b\u017e\u012bbu.<\/p>\n<p><img decoding=\"async\" src=\"https:\/\/www.hydraulic-cylinders.net\/wp-content\/uploads\/2025\/01\/songte-chushion-collar.webp\"\/><\/p>\n<h2>Dro\u0161\u012bbas apsv\u0113rumi un vides faktori<\/h2>\n<p>Yugong WY135-8 kausa cilindrs j\u0101lieto, iev\u0113rojot dro\u0161\u012bbas pas\u0101kumus, piem\u0113ram, nodro\u0161inot pareizu uzst\u0101d\u012b\u0161anu, regul\u0101ru p\u0101rbaudi un apkopi, k\u0101 ar\u012b iev\u0113rojot dro\u0161\u012bbas vadl\u012bnijas, lai nov\u0113rstu negad\u012bjumus. Lietojot cilindru, j\u0101\u0146em v\u0113r\u0101 t\u0101di vides faktori k\u0101 temperat\u016bra, mitrums, kod\u012bgas vielas un putek\u013ci.<\/p>\n<h2>Probl\u0113mu nov\u0113r\u0161ana un bie\u017ei sastopamas probl\u0113mas<\/h2>\n<p>\u0160\u012bs ir da\u017eas bie\u017ei sastopamas probl\u0113mas, kas var rasties, lietojot kausa cilindru Yugong WY135-8:<\/p>\n<ul>\n<li>E\u013c\u013cas nopl\u016bde nodilu\u0161u bl\u012bv\u0113jumu d\u0113\u013c<\/li>\n<li>Nepietiekams spiediens boj\u0101ta s\u016bk\u0146a vai v\u0101rsta d\u0113\u013c<\/li>\n<li>P\u0101rm\u0113r\u012bga cilindra saliek\u0161an\u0101s p\u0101rslodzes vai nepareizas uzst\u0101d\u012b\u0161anas d\u0113\u013c<\/li>\n<\/ul>\n<p>Lai nov\u0113rstu \u0161\u012bs probl\u0113mas, j\u0101veic \u0161\u0101das darb\u012bbas:<\/p>\n<ul>\n<li>P\u0101rbaudiet bl\u012bv\u0113juma komponentu nodilumu un, ja nepiecie\u0161ams, nomainiet tos<\/li>\n<li>P\u0101rbaudiet s\u016bkni un v\u0101rstu, vai taj\u0101 nav defektu, un nepiecie\u0161am\u012bbas gad\u012bjum\u0101 salabojiet vai nomainiet tos.<\/li>\n<li>P\u0101rbaudiet cilindra uzst\u0101d\u012b\u0161anu un izl\u012bdzin\u0101\u0161anu, vai nav k\u013c\u016bdu, un attiec\u012bgi piel\u0101gojiet<\/li>\n<\/ul>\n<h2>Uz\u0146\u0113muma ievads<\/h2>\n<p>M\u0113s esam vado\u0161ais hidraulisko cilindru ra\u017eot\u0101js un izplat\u012bt\u0101js viet\u0113j\u0101 un starptautiskaj\u0101 tirg\u016b. M\u0113s pied\u0101v\u0101jam pilnu hidraulisko cilindru kl\u0101stu un esam ap\u0146\u0113mu\u0161ies pieg\u0101d\u0101t izcilas kvalit\u0101tes produktus. M\u016bsu ra\u017eo\u0161anas procesi ir balst\u012bti uz progres\u012bv\u0101m tehnolo\u0123ij\u0101m, un mums ir kvalific\u0113tu speci\u0101listu komanda, kas nodro\u0161ina, ka m\u016bsu produkti atbilst augst\u0101kajiem kvalit\u0101tes standartiem. M\u0113s pied\u0101v\u0101jam ar\u012b piel\u0101gotus pakalpojumus, lai apmierin\u0101tu m\u016bsu klientu \u012bpa\u0161\u0101s vajadz\u012bbas. M\u016bsu produkti tiek pla\u0161i izmantoti da\u017e\u0101d\u0101s nozar\u0113s, un m\u0113s esam paz\u012bstami ar savu ap\u0146em\u0161anos nodro\u0161in\u0101t kvalit\u0101ti, uzticam\u012bbu un klientu apmierin\u0101t\u012bbu.<\/p>\n<p>M\u016bsu uz\u0146\u0113mumu raksturo sekojo\u0161ais:<\/p>\n<ul>\n<li>Profesionalit\u0101te<\/li>\n<li>Starptautisk\u0101 sertifik\u0101cija<\/li>\n<li>Piel\u0101goti pakalpojumi<\/li>\n<li>Uzlabotas ra\u017eo\u0161anas iek\u0101rtas<\/li>\n<li>Lielisks p\u0113cp\u0101rdo\u0161anas serviss<\/li>\n<\/ul>\n<p>M\u0113s lepojamies ar saviem produktiem un esam ap\u0146\u0113mu\u0161ies nodro\u0161in\u0101t m\u016bsu klientiem lab\u0101kos iesp\u0113jamos risin\u0101jumus vi\u0146u hidraulisko cilindru vajadz\u012bb\u0101m.<\/p>\n<p><img decoding=\"async\" src=\"https:\/\/hzpt.com\/wp-content\/uploads\/2024\/11\/songte-company-1.webp\"\/><\/p>\n<p>Autors: Lails.<\/p>","protected":false},"excerpt":{"rendered":"<p>Bucket Cylinder For Yugong WY135-8 Introduction The bucket cylinder for Yugong WY135-8 is a specialized hydraulic cylinder primarily used to control the movement of the bucket in heavy machinery such as excavators, backhoes, and front-end loaders. Its main function is to allow the bucket to lift, lower, and tilt, making it easier to transport various [&hellip;]<\/p>","protected":false},"featured_media":14782,"comment_status":"open","ping_status":"closed","template":"","meta":{"_et_pb_use_builder":"","_et_pb_old_content":"","_et_gb_content_width":""},"product_brand":[],"product_cat":[1494],"product_tag":[1495,1496],"class_list":{"0":"post-15377","1":"product","2":"type-product","3":"status-publish","4":"has-post-thumbnail","6":"product_cat-bucket-cylinders","7":"product_tag-bucket-cylinders","8":"product_tag-hydraulic-cylinders","10":"first","11":"instock","12":"shipping-taxable","13":"product-type-simple"},"amp_enabled":true,"_links":{"self":[{"href":"https:\/\/www.hydraulic-cylinders.net\/lv\/wp-json\/wp\/v2\/product\/15377","targetHints":{"allow":["GET"]}}],"collection":[{"href":"https:\/\/www.hydraulic-cylinders.net\/lv\/wp-json\/wp\/v2\/product"}],"about":[{"href":"https:\/\/www.hydraulic-cylinders.net\/lv\/wp-json\/wp\/v2\/types\/product"}],"replies":[{"embeddable":true,"href":"https:\/\/www.hydraulic-cylinders.net\/lv\/wp-json\/wp\/v2\/comments?post=15377"}],"wp:featuredmedia":[{"embeddable":true,"href":"https:\/\/www.hydraulic-cylinders.net\/lv\/wp-json\/wp\/v2\/media\/14782"}],"wp:attachment":[{"href":"https:\/\/www.hydraulic-cylinders.net\/lv\/wp-json\/wp\/v2\/media?parent=15377"}],"wp:term":[{"taxonomy":"product_brand","embeddable":true,"href":"https:\/\/www.hydraulic-cylinders.net\/lv\/wp-json\/wp\/v2\/product_brand?post=15377"},{"taxonomy":"product_cat","embeddable":true,"href":"https:\/\/www.hydraulic-cylinders.net\/lv\/wp-json\/wp\/v2\/product_cat?post=15377"},{"taxonomy":"product_tag","embeddable":true,"href":"https:\/\/www.hydraulic-cylinders.net\/lv\/wp-json\/wp\/v2\/product_tag?post=15377"}],"curies":[{"name":"wp","href":"https:\/\/api.w.org\/{rel}","templated":true}]}}