{"id":15385,"date":"2025-01-19T14:27:53","date_gmt":"2025-01-19T14:27:53","guid":{"rendered":"https:\/\/www.hydraulic-cylinders.net\/product\/bucket-cylinder-for-volvo-small-excavator-ec140blc\/"},"modified":"2025-01-19T14:27:55","modified_gmt":"2025-01-19T14:27:55","slug":"bucket-cylinder-for-volvo-small-excavator-ec140blc","status":"publish","type":"product","link":"https:\/\/www.hydraulic-cylinders.net\/lv\/products\/bucket-cylinder-for-volvo-small-excavator-ec140blc\/","title":{"rendered":"Kausa cilindrs Volvo mazajam ekskavatoram EC140BLC"},"content":{"rendered":"<h1>Kausa cilindrs Volvo mazajam ekskavatoram EC140BLC<\/h1>\n<h2>Ievads<\/h2>\n<p>A bucket cylinder for Volvo small excavator EC140BLC is a specialized hydraulic cylinder used to control the movement of the bucket in heavy machinery such as excavators, backhoe excavators, and front-end loaders. Its main function is to enable the bucket to lift, lower, and tilt, making it easier to transport various types of materials. In the hydraulic system, the bucket cylinder uses the pressure change of the hydraulic oil to control the bucket&#8217;s precise movement, allowing operators to efficiently handle heavy objects and adapt to complex working environments and diverse operational requirements.<\/p>\n<p><img decoding=\"async\" src=\"https:\/\/www.hydraulic-cylinders.net\/wp-content\/uploads\/2025\/01\/songte-company-2.webp\" alt=\"Kausa cilindrs Volvo mazajam ekskavatoram EC140BLC\" \/><\/p>\n<h2>Funkcijas<\/h2>\n<ul>\n<li>\n<h3>Augsta iztur\u012bba un ilgm\u016b\u017e\u012bba<\/h3>\n<p>Kausa cilindri parasti ir izgatavoti no augstas stipr\u012bbas t\u0113rauda vai alum\u012bnija, kas sp\u0113j iztur\u0113t augstu spiedienu un lielas slodzes, un ir konstru\u0113ti, \u0146emot v\u0113r\u0101 nodilumiztur\u012bbu un korozijas iztur\u012bbu, lai pagarin\u0101tu cilindra kalpo\u0161anas laiku.<\/p>\n<\/li>\n<li>\n<h3>Efekt\u012bva hidraulisk\u0101 darb\u012bba<\/h3>\n<p>Kausa cilindri izmanto hidraulisk\u0101s e\u013c\u013cas spiedienu, lai pan\u0101ktu vienm\u0113r\u012bgu izstiep\u0161anu un ievilk\u0161anu, sp\u0113jot \u0101tri rea\u0123\u0113t uz vad\u012bbas komand\u0101m, nodro\u0161inot sp\u0113c\u012bgu stum\u0161anas un vilk\u0161anas sp\u0113ku, kas ir piem\u0113rots smagu priek\u0161metu apstr\u0101dei un sare\u017e\u0123\u012bt\u0101m darb\u012bb\u0101m.<\/p>\n<\/li>\n<li>\n<h3>Da\u017e\u0101di veidi<\/h3>\n<p>Kausa cilindri var b\u016bt vienk\u0101r\u0161\u0101s darb\u012bbas (hidrauliski tiek izmantoti tikai vien\u0101 virzien\u0101) vai divk\u0101r\u0161\u0101s darb\u012bbas (hidrauliski tiek izmantoti divos virzienos), lai atbilstu da\u017e\u0101d\u0101m ekspluat\u0101cijas pras\u012bb\u0101m. Da\u017ei mode\u013ci ir teleskopiski, kas \u013cauj tos liel\u0101kus izstiept, nepalielinot \u0101r\u0113jos izm\u0113rus, un ir piem\u0113roti lietojumiem ar ierobe\u017eotu vietu.<\/p>\n<\/li>\n<li>\n<h3>Sader\u012bga nomai\u0146a<\/h3>\n<p>M\u016bsu produkti var lieliski aizst\u0101t \u0161os hidrauliskos cilindrus.<\/p>\n<\/li>\n<\/ul>\n<p><img decoding=\"async\" src=\"https:\/\/www.hydraulic-cylinders.net\/wp-content\/uploads\/2025\/01\/songte-cylinder-head-with-all-kinds-excavator-models.webp\" alt=\"Kausa cilindrs Volvo mazajam ekskavatoram EC140BLC\" \/><\/p>\n<h2>Pieteikumi<\/h2>\n<p>Kausa cilindri tiek pla\u0161i izmantoti da\u017e\u0101d\u0101s smagaj\u0101s ma\u0161\u012bn\u0101s, tostarp, bet ne tikai:<\/p>\n<ul>\n<li>\n<h3>Celtniec\u012bbas apr\u012bkojums<\/h3>\n<p>Ekskavatoros tie ir kritiski svar\u012bgi zemes vai gru\u017eu rak\u0161anai, iekrau\u0161anai un p\u0101rvieto\u0161anai. Ekskavatoros ar iekr\u0101v\u0113ju kausa cilindri pal\u012bdz gan rak\u0161an\u0101, gan cel\u0161an\u0101. Front\u0101lajos iekr\u0101v\u0113jos tie pal\u012bdz efekt\u012bvi pacelt un noliekt preces.<\/p>\n<\/li>\n<li>\n<h3>Lauksaimniec\u012bbas tehnika<\/h3>\n<p>Izmanto front\u0101lajiem iekr\u0101v\u0113jiem, augsnes, siena un citu materi\u0101lu sav\u0101k\u0161anai, cel\u0161anai un transport\u0113\u0161anai.<\/p>\n<\/li>\n<li>\n<h3>Ekskavatori<\/h3>\n<p>Kausa cilindri nodro\u0161ina rak\u0161anas darb\u012bbas, \u013caujot kausam iek\u013c\u016bt augsn\u0113.<\/p>\n<\/li>\n<\/ul>\n<h2>Dizaina apsv\u0113rumi un atlases krit\u0113riji<\/h2>\n<p>Kausa cilindri ir izstr\u0101d\u0101ti, koncentr\u0113joties uz t\u0101diem galvenajiem faktoriem k\u0101 nestsp\u0113ja, bl\u012bv\u0113jums, iztur\u012bba, dro\u0161\u012bba un apkopes vieglums.<\/p>\n<ul>\n<li>\n<h3>Nestsp\u0113ja<\/h3>\n<p>Kausa cilindri ir izstr\u0101d\u0101ti, lai iztur\u0113tu augstu spiedienu un lielas slodzes, \u013caujot tiem apstr\u0101d\u0101t lielu svaru.<\/p>\n<\/li>\n<li>\n<h3>Bl\u012bv\u0113jums un iztur\u012bba<\/h3>\n<p>Kausu cilindriem tiek izmantoti da\u017e\u0101di bl\u012bv\u0113\u0161anas komponenti, piem\u0113ram, virzu\u013ca bl\u012bv\u0113jumi, stie\u0146a bl\u012bv\u0113jumi utt. Bl\u012bv\u0113jumi ir izgatavoti no nodilumiztur\u012bgiem materi\u0101liem, piem\u0113ram, poliuret\u0101na, nitrila gumijas utt. Cilindra korpuss un v\u012bt\u0146ot\u0101 gala virsma ir smalki apstr\u0101d\u0101ta, lai uzlabotu nodilumiztur\u012bbu. Cilindra komponentu e\u013c\u013co\u0161anai ir nepiecie\u0161ams regul\u0101ri pievienot atbilsto\u0161u hidraulisko e\u013c\u013cu.<\/p>\n<\/li>\n<li>\n<h3>Dro\u0161\u012bba<\/h3>\n<p>Kausu cilindriem j\u0101b\u016bt konstru\u0113tiem, \u0146emot v\u0113r\u0101 dro\u0161\u012bbu, lai nov\u0113rstu negad\u012bjumus. Pareiza uzst\u0101d\u012b\u0161ana, regul\u0101ra apkope un dro\u0161\u012bbas vadl\u012bniju iev\u0113ro\u0161ana ir b\u016btiska, lai nodro\u0161in\u0101tu dro\u0161u un efekt\u012bvu darb\u012bbu.<\/p>\n<\/li>\n<li>\n<h3>Uzturam\u012bba<\/h3>\n<p>Regul\u0101ras p\u0101rbaudes un profilaktisk\u0101s apkopes pas\u0101kumi ir \u013coti svar\u012bgi, lai nodro\u0161in\u0101tu kausu cilindru ilgm\u016b\u017e\u012bbu un optim\u0101lu veiktsp\u0113ju. Regul\u0101ra apkope ietver nodilu\u0161o bl\u012bv\u0113jumu nomai\u0146u, stie\u0146a p\u0101rbaudi attiec\u012bb\u0101 uz saliekumu vai nodilumu, k\u0101 ar\u012b regul\u0101ru cilindra korpusa un virzu\u013ca stie\u0146a t\u012br\u012b\u0161anu.<\/p>\n<\/li>\n<\/ul>\n<p><img decoding=\"async\" src=\"https:\/\/www.hydraulic-cylinders.net\/wp-content\/uploads\/2025\/01\/songte-oil-pipes-and-spare-parts.webp\" alt=\"Kausa cilindrs Volvo mazajam ekskavatoram EC140BLC\" \/><\/p>\n<h2>Apkope un probl\u0113mu nov\u0113r\u0161ana<\/h2>\n<p>Pareiza apkope un probl\u0113mu nov\u0113r\u0161ana ir svar\u012bga, lai kausu cilindri darbotos vislab\u0101kaj\u0101 iesp\u0113jamaj\u0101 veid\u0101. Regul\u0101ri apkopes darbi ietver:<\/p>\n<ul>\n<li>\n<h3>Regul\u0101ra p\u0101rbaude<\/h3>\n<p>Inspecting the bucket cylinder&#8217;s seals, rod, and cylinder body for defects or damage, and checking for leaks and proper function.<\/p>\n<\/li>\n<li>\n<h3>E\u013c\u013co\u0161ana<\/h3>\n<p>Regul\u0101ri iee\u013c\u013cojiet cilindru deta\u013cas ar ieteicamo hidraulisko e\u013c\u013cu.<\/p>\n<\/li>\n<li>\n<h3>Bl\u012bv\u0113juma nomai\u0146a un kalibr\u0113\u0161anas p\u0101rbaude<\/h3>\n<p>Nodilu\u0161o bl\u012bv\u0113jumu nomai\u0146a un cilindra kalibr\u0113\u0161anas p\u0101rbaude, lai p\u0101rliecin\u0101tos, ka tas darbojas pareizi.<\/p>\n<\/li>\n<\/ul>\n<p>Ir svar\u012bgi pareizi uzst\u0101d\u012bt kausa cilindrus, nodro\u0161inot izl\u012bdzin\u0101\u0161anu, izmantojot atbilsto\u0161us mont\u0101\u017eas kron\u0161teinus un iev\u0113rojot ieteicam\u0101s p\u0101rbaudes, remonta un nomai\u0146as proced\u016bras, lai uzlabotu ilgm\u016b\u017e\u012bbu un efektivit\u0101ti. Regul\u0101ra apkope un pareiza probl\u0113mu nov\u0113r\u0161ana ir galvenie faktori, lai nov\u0113rstu probl\u0113mas un nodro\u0161in\u0101tu optim\u0101lu veiktsp\u0113ju. <\/p>\n<p><img decoding=\"async\" src=\"https:\/\/www.hydraulic-cylinders.net\/wp-content\/uploads\/2025\/01\/songte-chushion-collar.webp\" alt=\"Kausa cilindrs Volvo mazajam ekskavatoram EC140BLC\" \/><\/p>\n<h2>Dro\u0161\u012bbas un vides apsv\u0113rumi<\/h2>\n<p>Izmantojot kausu cilindrus, dro\u0161\u012bbas pas\u0101kumi ir \u013coti svar\u012bgi, lai nov\u0113rstu negad\u012bjumus. Svar\u012bga ir pareiza hidraulisk\u0101s e\u013c\u013cas uzglab\u0101\u0161ana un apstr\u0101de, atbilsto\u0161a dro\u0161\u012bbas apr\u012bkojuma lieto\u0161ana un dro\u0161\u012bbas vadl\u012bniju iev\u0113ro\u0161ana.<\/p>\n<h2>Uz\u0146\u0113muma ievads<\/h2>\n<p>M\u0113s esam rezerves hidraulisko cilindru ra\u017eot\u0101js. M\u016bsu uz\u0146\u0113mums pied\u0101v\u0101 pilnu produktu kl\u0101stu un ir k\u013cuvis par vienu no vado\u0161ajiem hidraulisko cilindru ra\u017eot\u0101jiem un vairumtirgot\u0101jiem viet\u0113j\u0101 un \u0101rvalstu tirgos. M\u0113s iev\u0113rojam izcilas kvalit\u0101tes strat\u0113\u0123iju un pa\u013caujamies uz r\u016bpniecisk\u0101s ra\u017eo\u0161anas vad\u012bbu smalk\u0101s ra\u017eo\u0161anas darbn\u012bc\u0101s, nep\u0101rtraukti uzlabojot savu ra\u017eo\u0161anas platformu, pilnveidojot ra\u017eo\u0161anas kvalit\u0101tes ce\u013cu un nodro\u0161inot sp\u0113c\u012bgas rad\u012b\u0161anas iesp\u0113jas. Izmantojot augstas efektivit\u0101tes, augstas precizit\u0101tes un augstas kvalit\u0101tes principus, m\u0113s apmierin\u0101m m\u016bsu klientu da\u017e\u0101d\u0101s vajadz\u012bbas. <\/p>\n<p><img decoding=\"async\" src=\"https:\/\/hzpt.com\/wp-content\/uploads\/2024\/11\/songte-company-1.webp\" alt=\"Kausa cilindrs Volvo mazajam ekskavatoram EC140BLC\" \/><\/p>\n<p>M\u0113s pied\u0101v\u0101jam visaptvero\u0161us pakalpojumus, tostarp profesion\u0101lu ekspert\u012bzi, starptautisku sertifik\u0101ciju, pas\u016bt\u012bjuma pakalpojumus, ra\u017eo\u0161anas iek\u0101rtas un p\u0113cp\u0101rdo\u0161anas servisu.<\/p>\n<h2>Autors<\/h2>\n<p>Autors: lil<\/p>","protected":false},"excerpt":{"rendered":"<p>Bucket Cylinder For Volvo Small Excavator EC140BLC Introduction A bucket cylinder for Volvo small excavator EC140BLC is a specialized hydraulic cylinder used to control the movement of the bucket in heavy machinery such as excavators, backhoe excavators, and front-end loaders. Its main function is to enable the bucket to lift, lower, and tilt, making it [&hellip;]<\/p>","protected":false},"featured_media":14762,"comment_status":"open","ping_status":"closed","template":"","meta":{"_et_pb_use_builder":"","_et_pb_old_content":"","_et_gb_content_width":""},"product_brand":[],"product_cat":[1494],"product_tag":[1495,1496],"class_list":{"0":"post-15385","1":"product","2":"type-product","3":"status-publish","4":"has-post-thumbnail","6":"product_cat-bucket-cylinders","7":"product_tag-bucket-cylinders","8":"product_tag-hydraulic-cylinders","10":"first","11":"instock","12":"shipping-taxable","13":"product-type-simple"},"amp_enabled":true,"_links":{"self":[{"href":"https:\/\/www.hydraulic-cylinders.net\/lv\/wp-json\/wp\/v2\/product\/15385","targetHints":{"allow":["GET"]}}],"collection":[{"href":"https:\/\/www.hydraulic-cylinders.net\/lv\/wp-json\/wp\/v2\/product"}],"about":[{"href":"https:\/\/www.hydraulic-cylinders.net\/lv\/wp-json\/wp\/v2\/types\/product"}],"replies":[{"embeddable":true,"href":"https:\/\/www.hydraulic-cylinders.net\/lv\/wp-json\/wp\/v2\/comments?post=15385"}],"wp:featuredmedia":[{"embeddable":true,"href":"https:\/\/www.hydraulic-cylinders.net\/lv\/wp-json\/wp\/v2\/media\/14762"}],"wp:attachment":[{"href":"https:\/\/www.hydraulic-cylinders.net\/lv\/wp-json\/wp\/v2\/media?parent=15385"}],"wp:term":[{"taxonomy":"product_brand","embeddable":true,"href":"https:\/\/www.hydraulic-cylinders.net\/lv\/wp-json\/wp\/v2\/product_brand?post=15385"},{"taxonomy":"product_cat","embeddable":true,"href":"https:\/\/www.hydraulic-cylinders.net\/lv\/wp-json\/wp\/v2\/product_cat?post=15385"},{"taxonomy":"product_tag","embeddable":true,"href":"https:\/\/www.hydraulic-cylinders.net\/lv\/wp-json\/wp\/v2\/product_tag?post=15385"}],"curies":[{"name":"wp","href":"https:\/\/api.w.org\/{rel}","templated":true}]}}