{"id":15390,"date":"2025-01-19T14:28:12","date_gmt":"2025-01-19T14:28:12","guid":{"rendered":"https:\/\/www.hydraulic-cylinders.net\/product\/bucket-cylinder-for-volvo-middle-excavator-ec200b\/"},"modified":"2025-01-19T14:28:14","modified_gmt":"2025-01-19T14:28:14","slug":"bucket-cylinder-for-volvo-middle-excavator-ec200b","status":"publish","type":"product","link":"https:\/\/www.hydraulic-cylinders.net\/lv\/products\/bucket-cylinder-for-volvo-middle-excavator-ec200b\/","title":{"rendered":"Kausa cilindrs Volvo vid\u0113jam ekskavatoram EC200B"},"content":{"rendered":"<h1>Kausa cilindrs Volvo vid\u0113jam ekskavatoram EC200B<\/h1>\n<h2>Ievads<\/h2>\n<p>Kausa cilindrs ir speci\u0101li izstr\u0101d\u0101ts hidrauliskais cilindrs, ko izmanto, lai kontrol\u0113tu kausu kust\u012bbu smagaj\u0101s ma\u0161\u012bn\u0101s, piem\u0113ram, ekskavatoros, iekr\u0101v\u0113jos ar ekskavatoru un front\u0101lajos iekr\u0101v\u0113jos. T\u0101 galven\u0101 funkcija ir pacelt, nolaist un noliekt kausu, atvieglojot da\u017e\u0101du materi\u0101lu apstr\u0101des uzdevumu veik\u0161anu. Hidrauliskaj\u0101 sist\u0113m\u0101 kausa cilindrs pan\u0101k prec\u012bzu kausa kontroli, mainot hidraulisk\u0101s e\u013c\u013cas spiedienu, \u013caujot operatoriem efekt\u012bvi apstr\u0101d\u0101t smagas kravas, piel\u0101goties sare\u017e\u0123\u012btai darba videi un da\u017e\u0101d\u0101m ekspluat\u0101cijas pras\u012bb\u0101m.<\/p>\n<p><img decoding=\"async\" src=\"https:\/\/www.hydraulic-cylinders.net\/wp-content\/uploads\/2025\/01\/songte-company-2.webp\" alt=\"Kausa cilindra att\u0113ls\"><\/p>\n<h2>Funkcijas<\/h2>\n<ul>\n<li><strong>Augsta iztur\u012bba un ilgm\u016b\u017e\u012bba:<\/strong> Parasti izgatavots no augstas stipr\u012bbas t\u0113rauda vai alum\u012bnija, tas var iztur\u0113t augstu spiedienu un lielas slodzes, piel\u0101gojoties skarbai darba videi. Konstrukcij\u0101 \u0146emta v\u0113r\u0101 nodilumiztur\u012bba un iztur\u012bba pret koroziju, pagarinot kalpo\u0161anas laiku.<\/li>\n<li><strong>Efekt\u012bva hidraulisk\u0101 darb\u012bba:<\/strong> Tas pan\u0101k vienm\u0113r\u012bgu izple\u0161anos un sarau\u0161anos, izmantojot hidraulisk\u0101s e\u013c\u013cas spiedienu, \u0101tri rea\u0123\u0113 uz vad\u012bbas komand\u0101m, nodro\u0161ina sp\u0113c\u012bgu stum\u0161anas un vilk\u0161anas sp\u0113ku un ir piem\u0113rots smagu kravu apstr\u0101dei un sare\u017e\u0123\u012btu ekspluat\u0101cijas uzdevumu veik\u0161anai.<\/li>\n<li><strong>Da\u017e\u0101di veidi:<\/strong> Atkar\u012bb\u0101 no ekspluat\u0101cijas pras\u012bb\u0101m var izv\u0113l\u0113ties vienk\u0101r\u0161as darb\u012bbas (hidraulika tiek izmantota tikai vien\u0101 virzien\u0101) vai divk\u0101r\u0161as darb\u012bbas (hidraulika tiek izmantota abos virzienos) cilindrus. Da\u017ei mode\u013ci ir teleskopiski, kas \u013cauj tos papla\u0161in\u0101t, nepalielinot \u0101r\u0113jos izm\u0113rus, un ir piem\u0113roti lietojumiem ar ierobe\u017eotu vietu.<\/li>\n<li><strong>Piel\u0101gojama ra\u017eo\u0161ana:<\/strong> M\u016bsu produkti var lieliski aizst\u0101t \u0161os hidrauliskos cilindrus.<\/li>\n<li><strong>Pla\u0161i izmantots:<\/strong> Kausa cilindru izmanto da\u017e\u0101d\u0101s jom\u0101s, piem\u0113ram, celtniec\u012bbas tehnik\u0101, lauksaimniec\u012bbas ma\u0161\u012bn\u0101s, ekskavatoros un front\u0101lajos iekr\u0101v\u0113jos. <\/li>\n<\/ul>\n<p><img decoding=\"async\" src=\"https:\/\/www.hydraulic-cylinders.net\/wp-content\/uploads\/2025\/01\/songte-cylinder-head-with-all-kinds-excavator-models.webp\" alt=\"Kausa cilindra nomai\u0146as att\u0113ls\"><\/p>\n<h2>Pieteikumi<\/h2>\n<h3>Celtniec\u012bbas apr\u012bkojums<\/h3>\n<p>Ekskavatoros tie ir nepiecie\u0161ami rak\u0161anai, iekrau\u0161anai un augsnes vai gru\u017eu p\u0101rvieto\u0161anai. Ekskavatoros-iekr\u0101v\u0113jos kausa cilindrs pal\u012bdz gan rak\u0161an\u0101, gan cel\u0161an\u0101. <\/p>\n<h3>Lauksaimniec\u012bbas tehnika<\/h3>\n<p>Izmanto front\u0101lajiem iekr\u0101v\u0113jiem, augsnes, siena un citu materi\u0101lu sav\u0101k\u0161anai, cel\u0161anai un transport\u0113\u0161anai. <\/p>\n<h3>Ekskavatori<\/h3>\n<p>Kausa cilindrs nodro\u0161ina rak\u0161anas darb\u012bbu, \u013caujot kausam iek\u013c\u016bt augsn\u0113. <\/p>\n<h3>Front\u0101lie iekr\u0101v\u0113ji<\/h3>\n<p>Front\u0101lajos iekr\u0101v\u0113jos tie pal\u012bdz efekt\u012bvi pacelt un izkraut preces. <\/p>\n<p><img decoding=\"async\" src=\"https:\/\/www.hydraulic-cylinders.net\/wp-content\/uploads\/2025\/01\/songte-chushion-collar.webp\" alt=\"Kausa cilindra bukses att\u0113ls\"><\/p>\n<h2>Dizaina apsv\u0113rumi un atlases krit\u0113riji<\/h2>\n<h3>Nestsp\u0113ja<\/h3>\n<p>Kausa cilindram j\u0101b\u016bt ar pietiekamu nestsp\u0113ju, lai tas iztur\u0113tu maksim\u0101lo slodzi un izvair\u012btos no dro\u0161\u012bbas apdraud\u0113jumiem.<\/p>\n<h3>Bl\u012bv\u0113\u0161ana<\/h3>\n<p>Tiek izmantoti da\u017e\u0101di bl\u012bv\u0113\u0161anas elementi, piem\u0113ram, virzu\u013ca bl\u012bvsl\u0113gi \u200b\u200bun stie\u0146u bl\u012bvsl\u0113gi, kas ir izgatavoti no nodilumiztur\u012bgiem materi\u0101liem, piem\u0113ram, poliuret\u0101na un nitrila gumijas. Cilindra korpuss un v\u012btnes gala virsmas ir smalki apstr\u0101d\u0101tas, uzlabojot nodilumiztur\u012bbu. <\/p>\n<h3>Iztur\u012bba<\/h3>\n<p>Kausa cilindra iztur\u012bba ir kritiski svar\u012bga, \u012bpa\u0161i \u0146emot v\u0113r\u0101 skarbos darba apst\u0101k\u013cus. Cilindram j\u0101sp\u0113j darboties ilgsto\u0161i bez k\u013c\u016bm\u0113m.<\/p>\n<h3>Dro\u0161\u012bba<\/h3>\n<p>Balonam j\u0101atbilst dro\u0161\u012bbas standartiem, nodro\u0161inot t\u0101 dro\u0161u darb\u012bbu un neapdraudot operatoru vai citus darbiniekus.<\/p>\n<h3>Apkope<\/h3>\n<p>Kausa cilindram j\u0101b\u016bt viegli kopjamam, ar zem\u0101m apkopes izmaks\u0101m. Sist\u0113mai j\u0101b\u016bt viegli pieejamai, nodro\u0161inot \u0101tru un vienk\u0101r\u0161u apkopi.<\/p>\n<p><img decoding=\"async\" src=\"https:\/\/www.hydraulic-cylinders.net\/wp-content\/uploads\/2025\/01\/songte-oil-pipes-and-spare-parts.webp\" alt=\"Kausa cilindra rezerves da\u013cu att\u0113ls\"><\/p>\n<h2>Bl\u012bv\u0113\u0161ana un e\u013c\u013co\u0161ana<\/h2>\n<p>Kausa cilindram ir da\u017e\u0101das bl\u012bv\u0113\u0161anas deta\u013cas, lai nov\u0113rstu hidraulisk\u0101s e\u013c\u013cas nopl\u016bdi. Nodilumiztur\u012bbas nodro\u0161in\u0101\u0161anai tiek izmantoti bl\u012bv\u0113\u0161anas materi\u0101li, piem\u0113ram, poliuret\u0101ns un nitrilgumija. Regul\u0101ra hidraulisk\u0101s e\u013c\u013cas pievieno\u0161ana kausa cilindra e\u013c\u013co\u0161anai var uzlabot t\u0101 darb\u012bbas efektivit\u0101ti un samazin\u0101t atteices risku. <\/p>\n<h2>Apkope un remonts<\/h2>\n<h3>Regul\u0101ras p\u0101rbaudes<\/h3>\n<p>Regul\u0101ras p\u0101rbaudes var pal\u012bdz\u0113t identific\u0113t potenci\u0101las probl\u0113mas un nov\u0113rst cilindra boj\u0101jumus. Ieteicams p\u0101rbaud\u012bt cilindru, vai tam nav nodiluma, deform\u0101cijas vai boj\u0101jumu, un nepiecie\u0161am\u012bbas gad\u012bjum\u0101 nomain\u012bt deta\u013cas.<\/p>\n<h3>Pareiza e\u013c\u013co\u0161ana<\/h3>\n<p>Kausa cilindram j\u0101b\u016bt pareizi iee\u013c\u013cotam, lai nodro\u0161in\u0101tu t\u0101 darb\u012bbas efektivit\u0101ti. Ieteicams izmantot hidraulisko e\u013c\u013cu un regul\u0101ri to pievienot sist\u0113mai.<\/p>\n<h3>Bl\u012bv\u0113juma nomai\u0146a<\/h3>\n<p>Nodilu\u0161u bl\u012bv\u0113jumu nomai\u0146a var uzlabot cilindra darb\u012bbu un nov\u0113rst e\u013c\u013cas nopl\u016bdi.<\/p>\n<h3>Kalibr\u0113\u0161anas p\u0101rbaude<\/h3>\n<p>Kalibr\u0113\u0161anas p\u0101rbaude var pal\u012bdz\u0113t nodro\u0161in\u0101t kausa cilindra pareizu un efekt\u012bvu darb\u012bbu.<\/p>\n<p><img decoding=\"async\" src=\"https:\/\/www.hydraulic-cylinders.net\/wp-content\/uploads\/2025\/01\/songte-bushings-with-all-kinds-of-excavator-models.webp\" alt=\"Kausa cilindra bukses att\u0113ls\"><\/p>\n<h2>Dro\u0161\u012bbas apsv\u0113rumi un vides faktori<\/h2>\n<p>Kausa cilindram ir j\u0101atbilst dro\u0161\u012bbas standartiem, nodro\u0161inot t\u0101 dro\u0161u darb\u012bbu un neapdraudot operatoru vai citus darbiniekus. Pareiza lieto\u0161ana un apkope var pal\u012bdz\u0113t samazin\u0101t ietekmi uz vidi.<\/p>\n<h2>Bie\u017ei sastopamas probl\u0113mas un to nov\u0113r\u0161ana<\/h2>\n<p>Kausa cilindram var rasties da\u017e\u0101das probl\u0113mas, piem\u0113ram, e\u013c\u013cas nopl\u016bde, cilindra deform\u0101cija un nesp\u0113ja izstiepties\/sarauties. Pareiza apkope un remonts var atrisin\u0101t liel\u0101ko da\u013cu probl\u0113mu.<\/p>\n<h2>Uz\u0146\u0113muma ievads<\/h2>\n<p>M\u0113s esam rezerves hidraulisko cilindru ra\u017eot\u0101js ar pla\u0161u produktu kl\u0101stu. K\u0101 viens no vado\u0161ajiem hidraulisko cilindru ra\u017eot\u0101jiem un vairumtirgot\u0101jiem viet\u0113j\u0101 un starptautiskaj\u0101 tirg\u016b, m\u0113s iev\u0113rojam izcil\u012bbas principus, pa\u013caujamies uz industrializ\u0113t\u0101m ra\u017eo\u0161anas vad\u012bbas strat\u0113\u0123ij\u0101m, ko atbalsta sare\u017e\u0123\u012btas ra\u017eo\u0161anas darbn\u012bcas, nep\u0101rtraukti uzlabojam darbn\u012bcas ra\u017eo\u0161anas platformu, uzlabojam produktu l\u012bnijas ra\u017eo\u0161anas kvalit\u0101ti un mums ir sp\u0113c\u012bgas rado\u0161\u0101s sp\u0113jas. M\u0113s apmierin\u0101m klientu da\u017e\u0101d\u0101s vajadz\u012bbas ar augstu efektivit\u0101ti, precizit\u0101ti un kvalit\u0101ti.<\/p>\n<p><img decoding=\"async\" src=\"https:\/\/hzpt.com\/wp-content\/uploads\/2024\/11\/songte-company-1.webp\" alt=\"Uz\u0146\u0113muma t\u0113ls\"><\/p>\n<h3>Profesionalit\u0101te<\/h3>\n<p>Mums ir profesion\u0101\u013cu komanda ar bag\u0101t\u012bg\u0101m zin\u0101\u0161an\u0101m un pieredzi hidraulisko cilindru jom\u0101, lai nodro\u0161in\u0101tu m\u016bsu produktu un pakalpojumu kvalit\u0101ti.<\/p>\n<h3>Starptautisk\u0101 sertifik\u0101cija<\/h3>\n<p>M\u016bsu produkti ir sertific\u0113ti atbilsto\u0161i starptautiskajiem standartiem, kas nodro\u0161ina to atbilst\u012bbu augst\u0101kajiem dro\u0161\u012bbas, veiktsp\u0113jas un iztur\u012bbas standartiem.<\/p>\n<h3>Piel\u0101go\u0161anas pakalpojums<\/h3>\n<p>M\u0113s pied\u0101v\u0101jam piel\u0101go\u0161anas pakalpojumus, lai apmierin\u0101tu klientu unik\u0101l\u0101s pras\u012bbas.<\/p>\n<h3>Ra\u017eo\u0161anas iek\u0101rtas<\/h3>\n<p>Mums ir pilns ra\u017eo\u0161anas iek\u0101rtu komplekts, tostarp apstr\u0101des centri, CNC virpas un citas sare\u017e\u0123\u012btas ra\u017eo\u0161anas iek\u0101rtas, kas nodro\u0161ina m\u016bsu produktu kvalit\u0101ti.<\/p>\n<h3>P\u0113cp\u0101rdo\u0161anas serviss<\/h3>\n<p>M\u0113s pied\u0101v\u0101jam visaptvero\u0161u p\u0113cp\u0101rdo\u0161anas servisu, tostarp apkopi, remontu un deta\u013cu nomai\u0146u.<\/p>\n<p><img decoding=\"async\" src=\"https:\/\/www.hydraulic-cylinders.net\/wp-content\/uploads\/2025\/01\/songte-company-3.webp\" alt=\"Uz\u0146\u0113muma t\u0113ls\"><\/p>\n<p>Autors: lil<\/p>","protected":false},"excerpt":{"rendered":"<p>Bucket Cylinder For Volvo Middle Excavator EC200B Introduction A bucket cylinder is a specially designed hydraulic cylinder used to control the movement of buckets in heavy machinery such as excavators, backhoe loaders, and front-end loaders. Its main function is to lift, lower, and tilt the bucket, making it easier to handle various material handling tasks. [&hellip;]<\/p>","protected":false},"featured_media":14785,"comment_status":"open","ping_status":"closed","template":"","meta":{"_et_pb_use_builder":"","_et_pb_old_content":"","_et_gb_content_width":""},"product_brand":[],"product_cat":[1494],"product_tag":[1495,1496],"class_list":{"0":"post-15390","1":"product","2":"type-product","3":"status-publish","4":"has-post-thumbnail","6":"product_cat-bucket-cylinders","7":"product_tag-bucket-cylinders","8":"product_tag-hydraulic-cylinders","10":"first","11":"instock","12":"shipping-taxable","13":"product-type-simple"},"amp_enabled":true,"_links":{"self":[{"href":"https:\/\/www.hydraulic-cylinders.net\/lv\/wp-json\/wp\/v2\/product\/15390","targetHints":{"allow":["GET"]}}],"collection":[{"href":"https:\/\/www.hydraulic-cylinders.net\/lv\/wp-json\/wp\/v2\/product"}],"about":[{"href":"https:\/\/www.hydraulic-cylinders.net\/lv\/wp-json\/wp\/v2\/types\/product"}],"replies":[{"embeddable":true,"href":"https:\/\/www.hydraulic-cylinders.net\/lv\/wp-json\/wp\/v2\/comments?post=15390"}],"wp:featuredmedia":[{"embeddable":true,"href":"https:\/\/www.hydraulic-cylinders.net\/lv\/wp-json\/wp\/v2\/media\/14785"}],"wp:attachment":[{"href":"https:\/\/www.hydraulic-cylinders.net\/lv\/wp-json\/wp\/v2\/media?parent=15390"}],"wp:term":[{"taxonomy":"product_brand","embeddable":true,"href":"https:\/\/www.hydraulic-cylinders.net\/lv\/wp-json\/wp\/v2\/product_brand?post=15390"},{"taxonomy":"product_cat","embeddable":true,"href":"https:\/\/www.hydraulic-cylinders.net\/lv\/wp-json\/wp\/v2\/product_cat?post=15390"},{"taxonomy":"product_tag","embeddable":true,"href":"https:\/\/www.hydraulic-cylinders.net\/lv\/wp-json\/wp\/v2\/product_tag?post=15390"}],"curies":[{"name":"wp","href":"https:\/\/api.w.org\/{rel}","templated":true}]}}