{"id":15392,"date":"2025-01-19T14:28:27","date_gmt":"2025-01-19T14:28:27","guid":{"rendered":"https:\/\/www.hydraulic-cylinders.net\/product\/bucket-cylinder-for-volvo-middle-excavator-ec220d\/"},"modified":"2025-01-19T14:28:29","modified_gmt":"2025-01-19T14:28:29","slug":"bucket-cylinder-for-volvo-middle-excavator-ec220d","status":"publish","type":"product","link":"https:\/\/www.hydraulic-cylinders.net\/lv\/products\/bucket-cylinder-for-volvo-middle-excavator-ec220d\/","title":{"rendered":"Kausa cilindrs Volvo vid\u0113jam ekskavatoram EC220D"},"content":{"rendered":"<h1>Kausa cilindrs Volvo vid\u0113jam ekskavatoram EC220D<\/h1>\n<h2>Ievads<\/h2>\n<p>Volvo vid\u0113j\u0101 ekskavatora EC220D kausa cilindrs ir \u012bpa\u0161i izstr\u0101d\u0101ts hidrauliskais cilindrs, ko izmanto, lai kontrol\u0113tu kausa kust\u012bbu smagaj\u0101s ma\u0161\u012bn\u0101s, piem\u0113ram, ekskavatoros, ekskavatoros-iekr\u0101v\u0113jos un front\u0101lajos iekr\u0101v\u0113jos. T\u0101 galven\u0101 funkcija ir nodro\u0161in\u0101t kausa pacel\u0161anu, nolai\u0161anu un noliek\u0161anu, padarot to piem\u0113rotu da\u017e\u0101diem materi\u0101lu apstr\u0101des uzdevumiem. Hidrauliskaj\u0101 sist\u0113m\u0101 kausa cilindrs pan\u0101k prec\u012bzu kausa vad\u012bbu, izmantojot hidraulisk\u0101s e\u013c\u013cas spiediena izmai\u0146as, \u013caujot operatoriem efekt\u012bvi apstr\u0101d\u0101t smagas kravas un piel\u0101goties sare\u017e\u0123\u012btai darba videi un da\u017e\u0101d\u0101m darba pras\u012bb\u0101m.<\/p>\n<p><img decoding=\"async\" src=\"https:\/\/www.hydraulic-cylinders.net\/wp-content\/uploads\/2025\/01\/songte-company-2.webp\" alt=\"Kausa cilindra att\u0113ls\"><\/p>\n<h2>Funkcijas<\/h2>\n<ul>\n<li>Augsta iztur\u012bba un ilgm\u016b\u017e\u012bba: Parasti izgatavots no augstas stipr\u012bbas t\u0113rauda vai alum\u012bnija, tas var iztur\u0113t augstu spiedienu un lielas slodzes, piel\u0101goties skarbai darba videi un ir izstr\u0101d\u0101ts, \u0146emot v\u0113r\u0101 nodilumiztur\u012bbu un korozijas iztur\u012bbu, lai pagarin\u0101tu t\u0101 kalpo\u0161anas laiku.<\/li>\n<li>Efekt\u012bva hidraulisk\u0101 darb\u012bba: Izmantojot hidraulisk\u0101s e\u013c\u013cas spiedienu, t\u0101 pan\u0101k vienm\u0113r\u012bgu izstiep\u0161anu un ievilk\u0161anu, \u0101tri rea\u0123\u0113 uz vad\u012bbas komand\u0101m, nodro\u0161ina sp\u0113c\u012bgu stum\u0161anas un vilk\u0161anas sp\u0113ku un ir piem\u0113rota smagu kravu apstr\u0101dei un sare\u017e\u0123\u012btu darbu veik\u0161anai.<\/li>\n<li>Da\u017e\u0101di veidi: Kausa cilindru var izv\u0113l\u0113ties k\u0101 vienvirziena darb\u012bbas (hidrauliski tiek izmantots tikai vien\u0101 virzien\u0101) vai divk\u0101r\u0161as darb\u012bbas (hidrauliski tiek izmantots abos virzienos), pamatojoties uz \u012bpa\u0161aj\u0101m ekspluat\u0101cijas vajadz\u012bb\u0101m. Da\u017ei mode\u013ci ir teleskopiski, kas \u013cauj to liel\u0101ku pagarin\u0101jumu, nepalielinot \u0101r\u0113jos izm\u0113rus, padarot tos piem\u0113rotus lietojumiem ar ierobe\u017eotu vietu.<\/li>\n<li>Perfekta nomai\u0146a: m\u016bsu produkts var lieliski nomain\u012bt \u0161os hidrauliskos cilindrus.<\/li>\n<\/ul>\n<p><img decoding=\"async\" src=\"https:\/\/www.hydraulic-cylinders.net\/wp-content\/uploads\/2025\/01\/songte-cylinder-head-with-all-kinds-excavator-models.webp\" alt=\"Produkta att\u0113ls\"><\/p>\n<h2>Pieteikumi<\/h2>\n<ul>\n<li>B\u016bvniec\u012bbas tehnika: atrodama ekskavatoros, t\u0101 ir \u013coti svar\u012bga rak\u0161anai, iekrau\u0161anai un augsnes vai gru\u017eu p\u0101rvieto\u0161anai. Ekskavatoros-iekr\u0101v\u0113jos kausa cilindrs pal\u012bdz gan rak\u0161an\u0101, gan cel\u0161an\u0101.<\/li>\n<li>Lauksaimniec\u012bbas tehnika: Izmanto front\u0101lajos iekr\u0101v\u0113jos augsnes, siena un citu materi\u0101lu sav\u0101k\u0161anai, cel\u0161anai un transport\u0113\u0161anai.<\/li>\n<li>Ekskavatori: Kausa cilindrs veic rak\u0161anas darb\u012bbas, \u013caujot kausam iek\u013c\u016bt augsn\u0113.<\/li>\n<li>Iekr\u0101v\u0113ji: Front\u0101lajos iekr\u0101v\u0113jos tie pal\u012bdz efekt\u012bvi pacelt un izkraut preces.<\/li>\n<\/ul>\n<h2>Dizaina apsv\u0113rumi un atlases krit\u0113riji<\/h2>\n<ul>\n<li>Nestsp\u0113ja: Kausa cilindram j\u0101b\u016bt konstru\u0113tam t\u0101, lai tas iztur\u0113tu paredzamo slodzi bez boj\u0101jumiem.<\/li>\n<li>Bl\u012bv\u0113jums: Lai nodro\u0161in\u0101tu efekt\u012bvu bl\u012bv\u0113jumu, j\u0101izmanto da\u017e\u0101di bl\u012bv\u0113\u0161anas komponenti, piem\u0113ram, virzu\u013ca bl\u012bvsl\u0113gi \u200b\u200bun stie\u0146u bl\u012bvsl\u0113gi, kas izgatavoti no nodilumiztur\u012bgiem materi\u0101liem, piem\u0113ram, poliuret\u0101na un nitrila gumijas.<\/li>\n<li>Iztur\u012bba: Cilindra korpusam un v\u012bt\u0146otaj\u0101m gala virsm\u0101m j\u0101veic smalka apstr\u0101de, lai uzlabotu nodilumiztur\u012bbu un iztur\u012bbu pret koroziju.<\/li>\n<li>Dro\u0161\u012bba: Projekt\u0113jum\u0101 j\u0101iek\u013cauj dro\u0161\u012bbas funkcijas, lai nov\u0113rstu negad\u012bjumus un nodro\u0161in\u0101tu operatora aizsardz\u012bbu.<\/li>\n<li>Apkope: Balonam j\u0101b\u016bt projekt\u0113tam t\u0101, lai to b\u016btu viegli apkopt un remont\u0113t, un regul\u0101rai p\u0101rbaudei un apkopei j\u0101b\u016bt sniegt\u0101m skaidr\u0101m instrukcij\u0101m.<\/li>\n<\/ul>\n<p><img decoding=\"async\" src=\"https:\/\/www.hydraulic-cylinders.net\/wp-content\/uploads\/2025\/01\/songte-oil-pipes-and-spare-parts.webp\" alt=\"Produkta att\u0113ls\"><\/p>\n<h2>Bl\u012bv\u0113\u0161ana un e\u013c\u013co\u0161ana<\/h2>\n<p>J\u0101izmanto da\u017e\u0101di bl\u012bv\u0113\u0161anas komponenti, piem\u0113ram, virzu\u013ca bl\u012bvsl\u0113gi \u200b\u200bun stie\u0146a bl\u012bvsl\u0113gi. Bl\u012bv\u0113jumiem j\u0101b\u016bt izgatavotiem no nodilumiztur\u012bgiem materi\u0101liem, piem\u0113ram, poliuret\u0101na un nitrila gumijas. Cilindra korpuss un v\u012bt\u0146ot\u0101s gala virsmas ir r\u016bp\u012bgi j\u0101apstr\u0101d\u0101, lai uzlabotu nodilumiztur\u012bbu. Lai nodro\u0161in\u0101tu vienm\u0113r\u012bgu darb\u012bbu un ilgm\u016b\u017e\u012bbu, ir nepiecie\u0161ama regul\u0101ra e\u013c\u013co\u0161ana ar atbilsto\u0161u hidraulisk\u0101s e\u013c\u013cas daudzumu.<\/p>\n<h2>Regul\u0101ra p\u0101rbaude un profilaktisk\u0101 apkope<\/h2>\n<ul>\n<li>Regul\u0101ri veiciet p\u0101rbaudes, lai identific\u0113tu jebk\u0101das nodiluma, nopl\u016bdes vai boj\u0101jumu paz\u012bmes.<\/li>\n<li>Nodro\u0161iniet visu kust\u012bgo da\u013cu pien\u0101c\u012bgu e\u013c\u013co\u0161anu.<\/li>\n<li>Regul\u0101ri p\u0101rbaudiet un nomainiet bl\u012bves, lai uztur\u0113tu efekt\u012bvu bl\u012bv\u0113jumu.<\/li>\n<li>Kalibr\u0113jiet un noregul\u0113jiet cilindru p\u0113c nepiecie\u0161am\u012bbas.<\/li>\n<\/ul>\n<p><img decoding=\"async\" src=\"https:\/\/www.hydraulic-cylinders.net\/wp-content\/uploads\/2025\/01\/songte-chushion-collar.webp\" alt=\"Produkta att\u0113ls\"><\/p>\n<h2>Dro\u0161\u012bbas apsv\u0113rumi un vides faktori<\/h2>\n<p>Izmantojot kausa cilindru, ir svar\u012bgi iev\u0113rot dro\u0161\u012bbas pas\u0101kumus, lai nov\u0113rstu negad\u012bjumus un nodro\u0161in\u0101tu operatora dro\u0161\u012bbu. Tas ietver atbilsto\u0161u apm\u0101c\u012bbu, aizsargl\u012bdzek\u013cu valk\u0101\u0161anu un ieteicamo ekspluat\u0101cijas proced\u016bru iev\u0113ro\u0161anu. Lai nodro\u0161in\u0101tu optim\u0101lu cilindra darb\u012bbu un ilgm\u016b\u017e\u012bbu, j\u0101\u0146em v\u0113r\u0101 ar\u012b t\u0101di vides faktori k\u0101 temperat\u016bra, mitrums un saskare ar kod\u012bg\u0101m viel\u0101m.<\/p>\n<h2>K\u013c\u016bmju diagnostika un bie\u017ei sastopam\u0101s probl\u0113mas<\/h2>\n<p>K\u013c\u016bmju diagnostic\u0113\u0161ana un bie\u017ei sastopamu probl\u0113mu nov\u0113r\u0161ana ir b\u016btiska, lai uztur\u0113tu kausa cilindra veiktsp\u0113ju. Regul\u0101ras p\u0101rbaudes, probl\u0113mu \u0101tra identific\u0113\u0161ana un savlaic\u012bga probl\u0113mu nov\u0113r\u0161ana var pal\u012bdz\u0113t nov\u0113rst nopietnus boj\u0101jumus. Da\u017eas bie\u017ei sastopamas probl\u0113mas ir nopl\u016bde, nepietiekama jauda un neparasti trok\u0161\u0146i. \u0160o probl\u0113mu savlaic\u012bga nov\u0113r\u0161ana un prevent\u012bvo pas\u0101kumu ievie\u0161ana var samazin\u0101t d\u012bkst\u0101ves laiku un nodro\u0161in\u0101t optim\u0101lu veiktsp\u0113ju.<\/p>\n<p><img decoding=\"async\" src=\"https:\/\/www.hydraulic-cylinders.net\/wp-content\/uploads\/2025\/01\/songte-bushings-with-all-kinds-of-excavator-models.webp\" alt=\"Produkta att\u0113ls\"><\/p>\n<h2>Apkopes uzdevumi<\/h2>\n<ul>\n<li>Regul\u0101ras p\u0101rbaudes: p\u0101rbaudiet, vai balonam nav nodiluma, boj\u0101jumu vai nopl\u016b\u017eu paz\u012bmju.<\/li>\n<li>Pareiza e\u013c\u013co\u0161ana: P\u0101rliecinieties, vai visas kust\u012bg\u0101s da\u013cas ir pareizi iee\u013c\u013cotas.<\/li>\n<li>Bl\u012bv\u0113jumu nomai\u0146a: Regul\u0101ri p\u0101rbaudiet un nomainiet bl\u012bv\u0113jumus, lai uztur\u0113tu efekt\u012bvu bl\u012bv\u0113jumu.<\/li>\n<\/ul>\n<p>Pareiza uzst\u0101d\u012b\u0161ana, e\u013c\u013co\u0161ana un regul\u0113\u0161ana ir \u013coti svar\u012bga kausa cilindra darb\u012bbai. Uzst\u0101d\u012b\u0161anas laik\u0101 sniedziet atbilsto\u0161as \u200b\u200bvadl\u012bnijas cilindra izl\u012bdzin\u0101\u0161anai un iesakiet izmantot atbilsto\u0161us stiprin\u0101juma kron\u0161teinus cilindra nostiprin\u0101\u0161anai. Iev\u0113rojiet ieteicam\u0101s p\u0101rbaudes, remonta un nomai\u0146as proced\u016bras un sniedziet padomus cilindra kalpo\u0161anas laika pagarin\u0101\u0161anai. Regul\u0101ri apkopes darbi pal\u012bdz\u0113s nodro\u0161in\u0101t optim\u0101lu veiktsp\u0113ju un ilgm\u016b\u017e\u012bbu.<\/p>\n<p><img decoding=\"async\" src=\"https:\/\/www.hydraulic-cylinders.net\/wp-content\/uploads\/2025\/01\/songte-company-1.webp\" alt=\"Produkta att\u0113ls\"><\/p>\n<h2>M\u016bsu uz\u0146\u0113mums<\/h2>\n<p>M\u0113s esam rezerves hidraulisko cilindru ra\u017eot\u0101js un viens no vado\u0161ajiem ra\u017eot\u0101jiem un vairumtirdzniec\u012bbas izplat\u012bt\u0101jiem viet\u0113j\u0101 un starptautiskaj\u0101 tirg\u016b. M\u0113s iev\u0113rojam izcilas kvalit\u0101tes principus, sav\u0101s pilnveidotaj\u0101s ra\u017eo\u0161anas darbn\u012bc\u0101s pa\u013caujamies uz industrializ\u0113t\u0101m ra\u017eo\u0161anas vad\u012bbas strat\u0113\u0123ij\u0101m un nep\u0101rtraukti uzlabojam savu ra\u017eo\u0161anas platformu, produktu kvalit\u0101tes ra\u017eo\u0161anas ce\u013cus un sp\u0113c\u012bg\u0101s rad\u012b\u0161anas iesp\u0113jas. Ar augstu efektivit\u0101ti, precizit\u0101ti un kvalit\u0101ti k\u0101 m\u016bsu vadl\u012bnij\u0101m m\u0113s cen\u0161amies apmierin\u0101t m\u016bsu klientu daudzveid\u012bg\u0101s vajadz\u012bbas.<\/p>\n<p><img decoding=\"async\" src=\"https:\/\/www.hydraulic-cylinders.net\/wp-content\/uploads\/2025\/01\/songte-company-3.webp\" alt=\"Produkta att\u0113ls\"><\/p>\n<h3>Profesionalit\u0101te:<\/h3>\n<p>Mums ir pieredz\u0113ju\u0161u profesion\u0101\u013cu komanda, kas nodro\u0161ina augst\u0101kos m\u016bsu produktu kvalit\u0101tes standartus.<\/p>\n<h3>Starptautisk\u0101s sertifik\u0101cijas:<\/h3>\n<p>M\u016bsu produkti ir ieguvu\u0161i starptautiskus sertifik\u0101tus, kas apliecina to atbilst\u012bbu nozares standartiem un noteikumiem.<\/p>\n<h3>Piel\u0101go\u0161anas pakalpojumi:<\/h3>\n<p>M\u0113s pied\u0101v\u0101jam piel\u0101go\u0161anas pakalpojumus, lai apmierin\u0101tu \u012bpa\u0161as pras\u012bbas, un sniedzam piel\u0101gotus risin\u0101jumus m\u016bsu klientiem.<\/p>\n<h3>Ra\u017eo\u0161anas iek\u0101rtas:<\/h3>\n<p>M\u0113s izmantojam modernu ra\u017eo\u0161anas apr\u012bkojumu, lai nodro\u0161in\u0101tu precizit\u0101ti un efektivit\u0101ti m\u016bsu ra\u017eo\u0161anas procesos.<\/p>\n<h3>P\u0113cp\u0101rdo\u0161anas serviss:<\/h3>\n<p>M\u0113s pied\u0101v\u0101jam visaptvero\u0161u p\u0113cp\u0101rdo\u0161anas servisu, tostarp deta\u013cu nomai\u0146u un atjauno\u0161anas pakalpojumus, lai nodro\u0161in\u0101tu klientu apmierin\u0101t\u012bbu un maksim\u0101li pagarin\u0101tu m\u016bsu produktu kalpo\u0161anas laiku.<\/p>\n<p>Autors: lil<\/p>","protected":false},"excerpt":{"rendered":"<p>Bucket Cylinder For Volvo Middle Excavator EC220D Introduction The bucket cylinder for Volvo middle excavator EC220D is a specially designed hydraulic cylinder used to control the movement of the bucket in heavy machinery such as excavators, backhoe loaders, and front loaders. Its main function is to enable the lifting, lowering, and tilting of the bucket, [&hellip;]<\/p>","protected":false},"featured_media":14782,"comment_status":"open","ping_status":"closed","template":"","meta":{"_et_pb_use_builder":"","_et_pb_old_content":"","_et_gb_content_width":""},"product_brand":[],"product_cat":[1494],"product_tag":[1495,1496],"class_list":{"0":"post-15392","1":"product","2":"type-product","3":"status-publish","4":"has-post-thumbnail","6":"product_cat-bucket-cylinders","7":"product_tag-bucket-cylinders","8":"product_tag-hydraulic-cylinders","10":"first","11":"instock","12":"shipping-taxable","13":"product-type-simple"},"amp_enabled":true,"_links":{"self":[{"href":"https:\/\/www.hydraulic-cylinders.net\/lv\/wp-json\/wp\/v2\/product\/15392","targetHints":{"allow":["GET"]}}],"collection":[{"href":"https:\/\/www.hydraulic-cylinders.net\/lv\/wp-json\/wp\/v2\/product"}],"about":[{"href":"https:\/\/www.hydraulic-cylinders.net\/lv\/wp-json\/wp\/v2\/types\/product"}],"replies":[{"embeddable":true,"href":"https:\/\/www.hydraulic-cylinders.net\/lv\/wp-json\/wp\/v2\/comments?post=15392"}],"wp:featuredmedia":[{"embeddable":true,"href":"https:\/\/www.hydraulic-cylinders.net\/lv\/wp-json\/wp\/v2\/media\/14782"}],"wp:attachment":[{"href":"https:\/\/www.hydraulic-cylinders.net\/lv\/wp-json\/wp\/v2\/media?parent=15392"}],"wp:term":[{"taxonomy":"product_brand","embeddable":true,"href":"https:\/\/www.hydraulic-cylinders.net\/lv\/wp-json\/wp\/v2\/product_brand?post=15392"},{"taxonomy":"product_cat","embeddable":true,"href":"https:\/\/www.hydraulic-cylinders.net\/lv\/wp-json\/wp\/v2\/product_cat?post=15392"},{"taxonomy":"product_tag","embeddable":true,"href":"https:\/\/www.hydraulic-cylinders.net\/lv\/wp-json\/wp\/v2\/product_tag?post=15392"}],"curies":[{"name":"wp","href":"https:\/\/api.w.org\/{rel}","templated":true}]}}