{"id":15396,"date":"2025-01-19T14:28:44","date_gmt":"2025-01-19T14:28:44","guid":{"rendered":"https:\/\/www.hydraulic-cylinders.net\/product\/bucket-cylinder-for-volvo-middle-excavator-ec210bp\/"},"modified":"2025-01-19T14:28:46","modified_gmt":"2025-01-19T14:28:46","slug":"bucket-cylinder-for-volvo-middle-excavator-ec210bp","status":"publish","type":"product","link":"https:\/\/www.hydraulic-cylinders.net\/lv\/products\/bucket-cylinder-for-volvo-middle-excavator-ec210bp\/","title":{"rendered":"Kausa cilindrs Volvo vid\u0113ja izm\u0113ra ekskavatoram EC210BP"},"content":{"rendered":"<h1>Kausa cilindrs Volvo vid\u0113ja izm\u0113ra ekskavatoram EC210BP<\/h1>\n<h2>Ievads<\/h2>\n<p>Volvo vid\u0113j\u0101 ekskavatora EC210BP kausa cilindrs ir specializ\u0113ts hidrauliskais cilindrs, kas paredz\u0113ts l\u0101pstas kust\u012bbas vad\u012bbai smagaj\u0101s ma\u0161\u012bn\u0101s, piem\u0113ram, ekskavatoros, univers\u0101lajos ekskavatoros un front\u0101lajos iekr\u0101v\u0113jos. T\u0101 galven\u0101 funkcija ir nodro\u0161in\u0101t kausa pacel\u0161anu, nolai\u0161anu un noliek\u0161anu, atvieglojot da\u017e\u0101du materi\u0101lu p\u0101rvieto\u0161anas uzdevumu veik\u0161anu. Hidrauliskaj\u0101 sist\u0113m\u0101 kausa cilindrs pan\u0101k prec\u012bzu l\u0101pstas kust\u012bbas kontroli, mainot hidraulisk\u0101s e\u013c\u013cas spiedienu, \u013caujot operatoriem efekt\u012bvi apstr\u0101d\u0101t smagas kravas, piel\u0101goties sare\u017e\u0123\u012btai darba videi un da\u017e\u0101d\u0101m ekspluat\u0101cijas pras\u012bb\u0101m.<\/p>\n<p><img decoding=\"async\" src=\"https:\/\/www.hydraulic-cylinders.net\/wp-content\/uploads\/2025\/01\/songte-company-2.webp\" alt=\"Kausa cilindrs Volvo vid\u0113ja izm\u0113ra ekskavatoram EC210BP\"><\/p>\n<h2>Funkcijas<\/h2>\n<ul>\n<li>Augsta iztur\u012bba un ilgm\u016b\u017e\u012bba: parasti izgatavots no augstas stipr\u012bbas t\u0113rauda vai alum\u012bnija, sp\u0113j iztur\u0113t augstu spiedienu un lielas slodzes, piel\u0101goties skarbai darba videi, ir izstr\u0101d\u0101ts, \u0146emot v\u0113r\u0101 nodilumiztur\u012bbu un korozijas iztur\u012bbu, un pagarina kalpo\u0161anas laiku.<\/li>\n<li>Efekt\u012bva hidraulisk\u0101 darb\u012bba: izmanto hidraulisk\u0101s e\u013c\u013cas spiedienu, lai pan\u0101ktu vienm\u0113r\u012bgas izstiep\u0161anas un sarau\u0161an\u0101s kust\u012bbas, sp\u0113j \u0101tri rea\u0123\u0113t uz vad\u012bbas komand\u0101m, nodro\u0161ina sp\u0113c\u012bgu stum\u0161anas un vilk\u0161anas sp\u0113ku un ir piem\u0113rota smagu kravu apstr\u0101dei un sare\u017e\u0123\u012btu ekspluat\u0101cijas uzdevumu veik\u0161anai.<\/li>\n<li>Da\u017e\u0101di veidi: pieejami ar vienas darb\u012bbas (hidraulisk\u0101 sist\u0113ma darbojas tikai vien\u0101 virzien\u0101) vai divk\u0101r\u0161as darb\u012bbas (hidraulisk\u0101 sist\u0113ma darbojas divos virzienos) cilindru, lai apmierin\u0101tu da\u017e\u0101das ekspluat\u0101cijas pras\u012bbas. Da\u017ei mode\u013ci ir teleskopiski, kas \u013cauj veikt liel\u0101kus pagarin\u0101jumus, nepalielinot \u0101r\u0113jos izm\u0113rus, t\u0101p\u0113c tie ir piem\u0113roti lieto\u0161anai ierobe\u017eot\u0101 telp\u0101.<\/li>\n<li>Var aizst\u0101t citus hidrauliskos cilindrus: M\u016bsu produkts var lieliski aizst\u0101t eso\u0161os hidrauliskos cilindrus.<\/li>\n<\/ul>\n<p><img decoding=\"async\" src=\"https:\/\/www.hydraulic-cylinders.net\/wp-content\/uploads\/2025\/01\/songte-cylinder-head-with-all-kinds-excavator-models.webp\" alt=\"Kausa cilindrs Volvo vid\u0113ja izm\u0113ra ekskavatoram EC210BP\"><\/p>\n<h2>Pieteikumi<\/h2>\n<p>Volvo vid\u0113j\u0101 ekskavatora EC210BP kausa cilindrs tiek pla\u0161i izmantots celtniec\u012bbas iek\u0101rt\u0101s, piem\u0113ram:<\/p>\n<ul>\n<li>Ekskavatori: kausa cilindrs \u013cauj kausam ierakties un p\u0101rvietot augsni.<\/li>\n<li>Ekskavatori ar kausu: kausa cilindrs ir noder\u012bgs gan rak\u0161anai, gan cel\u0161anai.<\/li>\n<li>Lauksaimniec\u012bbas tehnika: izmanto front\u0101lajos iekr\u0101v\u0113jos augsnes, siena un citu materi\u0101lu sav\u0101k\u0161anai, cel\u0161anai un transport\u0113\u0161anai.<\/li>\n<li>Front\u0101lie iekr\u0101v\u0113ji: kausa cilindrs pal\u012bdz pacelt un noliekt kravu, lai efekt\u012bvi izkrautu to.<\/li>\n<\/ul>\n<p>T\u0101l\u0101k s\u012bk\u0101k apspried\u012bsim \u0161os pieteikumus:<\/p>\n<h3>Celtniec\u012bbas apr\u012bkojums<\/h3>\n<p>Ekskavatoros kausa cilindrs \u013cauj kausam iek\u013c\u016bt augsn\u0113 rak\u0161anas laik\u0101. Ekskavatoros ar iekr\u0101v\u0113ju kausa cilindrs ir noder\u012bgs gan rak\u0161anai, gan cel\u0161anai. Kausa cilindrs \u013cauj kausam ierakties un p\u0101rvietot augsni. Kausa cilindrs pal\u012bdz pacelt, nolaist un noliekt kausu, lai efekt\u012bvi izkrautu kravu. Front\u0101lie iekr\u0101v\u0113ji izmanto kausa cilindru pacel\u0161anai un noliek\u0161anai, lai efekt\u012bvi izkrautu kravu. <\/p>\n<h2>Dizaina apsv\u0113rumi un atlases krit\u0113riji<\/h2>\n<p>Volvo vid\u0113j\u0101 ekskavatora EC210BP kausa cilindra projekt\u0113\u0161anas un izv\u0113les krit\u0113riji ir b\u016btiski, lai nodro\u0161in\u0101tu \u0161\u0101dus faktorus:<\/p>\n<ul>\n<li>Nestsp\u0113ja<\/li>\n<li>Bl\u012bv\u0113\u0161anas veiktsp\u0113ja<\/li>\n<li>Iztur\u012bba<\/li>\n<li>Dro\u0161\u012bba<\/li>\n<li>Uzturam\u012bba<\/li>\n<\/ul>\n<p><img decoding=\"async\" src=\"https:\/\/www.hydraulic-cylinders.net\/wp-content\/uploads\/2025\/01\/songte-oil-pipes-and-spare-parts.webp\" alt=\"Kausa cilindrs Volvo vid\u0113ja izm\u0113ra ekskavatoram EC210BP\"><\/p>\n<h2>Bl\u012bv\u0113\u0161ana un e\u013c\u013co\u0161ana<\/h2>\n<p>Volvo vid\u0113j\u0101 ekskavatora EC210BP kausa cilindram tiek izmantoti da\u017e\u0101di bl\u012bv\u0113\u0161anas komponenti, piem\u0113ram, virzu\u013ca bl\u012bv\u0113jumi, stie\u0146a bl\u012bv\u0113jumi utt., kas izgatavoti no nodilumiztur\u012bgiem materi\u0101liem, piem\u0113ram, poliuret\u0101na, nitrila gumijas un citiem. Cilindra korpuss un v\u012bt\u0146ot\u0101 gala virsma tiek r\u016bp\u012bgi apstr\u0101d\u0101ta, lai palielin\u0101tu nodilumiztur\u012bbu. Tam periodiski j\u0101pievieno piem\u0113rota hidraulisk\u0101 e\u013c\u013ca e\u013c\u013co\u0161anai.<\/p>\n<h2>Apkope un prevent\u012bvie pas\u0101kumi<\/h2>\n<p>Volvo vid\u0113j\u0101 ekskavatora EC210BP kausa cilindram nepiecie\u0161ama periodiska p\u0101rbaude un profilaktisk\u0101s apkopes pas\u0101kumi, piem\u0113ram:<\/p>\n<ul>\n<li>Regul\u0101ra p\u0101rbaude<\/li>\n<li>Pareiza e\u013c\u013co\u0161ana<\/li>\n<li>Bl\u012bv\u0113juma nomai\u0146a<\/li>\n<li>Kalibr\u0113\u0161anas p\u0101rbaude<\/li>\n<\/ul>\n<p>Ir svar\u012bgi sniegt atbilsto\u0161as \u200b\u200buzst\u0101d\u012b\u0161anas vadl\u012bnijas, lai pareizi noregul\u0113tu balonu, un ieteikt izmantot atbilsto\u0161us uzst\u0101d\u012b\u0161anas kron\u0161teinus balona nostiprin\u0101\u0161anai. M\u0113s iesak\u0101m \u012bpa\u0161as p\u0101rbaudes, remonta un nomai\u0146as proced\u016bras, lai uzlabotu balona kalpo\u0161anas laiku.<\/p>\n<p><img decoding=\"async\" src=\"https:\/\/www.hydraulic-cylinders.net\/wp-content\/uploads\/2025\/01\/songte-chushion-collar.webp\" alt=\"Kausa cilindrs Volvo vid\u0113ja izm\u0113ra ekskavatoram EC210BP\"><\/p>\n<h2>Dro\u0161\u012bbas apsv\u0113rumi un vides faktori<\/h2>\n<p>Volvo vid\u0113j\u0101 ekskavatora EC210BP kausa cilindram ir nepiecie\u0161ami atbilsto\u0161i dro\u0161\u012bbas pas\u0101kumi, lai izvair\u012btos no traum\u0101m vai boj\u0101jumiem. Lai nodro\u0161in\u0101tu dro\u0161u darb\u012bbu, cilindra lieto\u0161anas vai uzst\u0101d\u012b\u0161anas laik\u0101 ir svar\u012bgi iev\u0113rot atbilsto\u0161us dro\u0161\u012bbas nor\u0101d\u012bjumus. Cilindra veiktsp\u0113ju un iztur\u012bbu var ietekm\u0113t ar\u012b vides faktori, piem\u0113ram, temperat\u016bra, mitrums un slapjums.<\/p>\n<p><img decoding=\"async\" src=\"https:\/\/www.hydraulic-cylinders.net\/wp-content\/uploads\/2025\/01\/songte-bushings-with-all-kinds-of-excavator-models.webp\" alt=\"Kausa cilindrs Volvo vid\u0113ja izm\u0113ra ekskavatoram EC210BP\"><\/p>\n<h2>Probl\u0113mu nov\u0113r\u0161ana un bie\u017ei sastopamas probl\u0113mas<\/h2>\n<p>Volvo vid\u0113j\u0101 ekskavatora EC210BP kausa cilindram var rasties da\u017eas izplat\u012btas probl\u0113mas, piem\u0113ram, e\u013c\u013cas nopl\u016bdes, virzu\u013ca stie\u0146a boj\u0101jumi un citas. Ir svar\u012bgi identific\u0113t probl\u0113mu un pied\u0101v\u0101t atbilsto\u0161us risin\u0101jumus, piem\u0113ram, bl\u012bv\u0113juma nomai\u0146u, virzu\u013ca stie\u0146a nomai\u0146u un citus, lai nodro\u0161in\u0101tu netrauc\u0113tu darb\u012bbu.<\/p>\n<h2>Par m\u016bsu uz\u0146\u0113mumu<\/h2>\n<p>M\u0113s esam vado\u0161ais hidraulisko cilindru ra\u017eot\u0101js un vairumtirdzniec\u012bbas izplat\u012bt\u0101js, tostarp kausa cilindrs Volvo vid\u0113j\u0101 ekskavatora EC210BP modelim. M\u0113s pied\u0101v\u0101jam pilnu produktu kl\u0101stu un cen\u0161amies nodro\u0161in\u0101t izcilu kvalit\u0101ti, efekt\u012bvu ra\u017eo\u0161anu un augst\u0101k\u0101s klases klientu apkalpo\u0161anu. M\u016bsu produkti ir starptautiski sertific\u0113ti un piel\u0101gojami, lai atbilstu da\u017e\u0101d\u0101m ekspluat\u0101cijas pras\u012bb\u0101m. M\u0113s izmantojam jaun\u0101k\u0101s tehnolo\u0123ijas, apr\u012bkojumu un profesion\u0101las p\u0101rbaudes sist\u0113mas, lai ra\u017eotu augstas kvalit\u0101tes produktus, nodro\u0161inot izcilu iztur\u012bbu, efektivit\u0101ti un precizit\u0101ti. <\/p>\n<p><img decoding=\"async\" src=\"https:\/\/hzpt.com\/wp-content\/uploads\/2024\/11\/songte-company-1.webp\" alt=\"Kausa cilindrs Volvo vid\u0113ja izm\u0113ra ekskavatoram EC210BP\"><\/p>\n<p>M\u0113s ticam, ka j\u0101pieg\u0101d\u0101 vislab\u0101k\u0101s kvalit\u0101tes produkti un j\u0101nodro\u0161ina lieliska klientu apkalpo\u0161ana. M\u0113s pied\u0101v\u0101jam pla\u0161u pakalpojumu kl\u0101stu, piem\u0113ram, produktu piel\u0101go\u0161anu, ra\u017eo\u0161anas iek\u0101rtas un p\u0113cp\u0101rdo\u0161anas apkalpo\u0161anu. M\u016bsu pieredz\u0113jus\u012b un prasm\u012bg\u0101 komanda nodro\u0161ina augst\u0101k\u0101s kvalit\u0101tes produktus un pakalpojumus, lai apmierin\u0101tu m\u016bsu klientu da\u017e\u0101d\u0101s pras\u012bbas.<\/p>\n<p>Autors: lil<\/p>","protected":false},"excerpt":{"rendered":"<p>Bucket Cylinder For Volvo Middle Excavator EC210BP Introduction The bucket cylinder for Volvo Middle Excavator EC210BP is a specialized hydraulic cylinder designed for controlling the movement of shovels in heavy machinery such as excavators, backhoe excavators, and front loaders. Its primary function is to enable the bucket to lift, lower, and tilt, making it easier [&hellip;]<\/p>","protected":false},"featured_media":14773,"comment_status":"open","ping_status":"closed","template":"","meta":{"_et_pb_use_builder":"","_et_pb_old_content":"","_et_gb_content_width":""},"product_brand":[],"product_cat":[1494],"product_tag":[1495,1496],"class_list":{"0":"post-15396","1":"product","2":"type-product","3":"status-publish","4":"has-post-thumbnail","6":"product_cat-bucket-cylinders","7":"product_tag-bucket-cylinders","8":"product_tag-hydraulic-cylinders","10":"first","11":"instock","12":"shipping-taxable","13":"product-type-simple"},"amp_enabled":true,"_links":{"self":[{"href":"https:\/\/www.hydraulic-cylinders.net\/lv\/wp-json\/wp\/v2\/product\/15396","targetHints":{"allow":["GET"]}}],"collection":[{"href":"https:\/\/www.hydraulic-cylinders.net\/lv\/wp-json\/wp\/v2\/product"}],"about":[{"href":"https:\/\/www.hydraulic-cylinders.net\/lv\/wp-json\/wp\/v2\/types\/product"}],"replies":[{"embeddable":true,"href":"https:\/\/www.hydraulic-cylinders.net\/lv\/wp-json\/wp\/v2\/comments?post=15396"}],"wp:featuredmedia":[{"embeddable":true,"href":"https:\/\/www.hydraulic-cylinders.net\/lv\/wp-json\/wp\/v2\/media\/14773"}],"wp:attachment":[{"href":"https:\/\/www.hydraulic-cylinders.net\/lv\/wp-json\/wp\/v2\/media?parent=15396"}],"wp:term":[{"taxonomy":"product_brand","embeddable":true,"href":"https:\/\/www.hydraulic-cylinders.net\/lv\/wp-json\/wp\/v2\/product_brand?post=15396"},{"taxonomy":"product_cat","embeddable":true,"href":"https:\/\/www.hydraulic-cylinders.net\/lv\/wp-json\/wp\/v2\/product_cat?post=15396"},{"taxonomy":"product_tag","embeddable":true,"href":"https:\/\/www.hydraulic-cylinders.net\/lv\/wp-json\/wp\/v2\/product_tag?post=15396"}],"curies":[{"name":"wp","href":"https:\/\/api.w.org\/{rel}","templated":true}]}}