{"id":15428,"date":"2025-01-19T14:31:07","date_gmt":"2025-01-19T14:31:07","guid":{"rendered":"https:\/\/www.hydraulic-cylinders.net\/product\/bucket-cylinder-for-sany-small-excavator-sy155c-9\/"},"modified":"2025-01-19T14:31:09","modified_gmt":"2025-01-19T14:31:09","slug":"bucket-cylinder-for-sany-small-excavator-sy155c-9","status":"publish","type":"product","link":"https:\/\/www.hydraulic-cylinders.net\/lv\/products\/bucket-cylinder-for-sany-small-excavator-sy155c-9\/","title":{"rendered":"Kausa cilindrs Sany mazajam ekskavatoram SY155C-9"},"content":{"rendered":"<p><!DOCTYPE html><br \/>\n<html><br \/>\n<head><br \/>\n\t<title>Kausa cilindrs Sany mazajam ekskavatoram SY155C-9<\/title><br \/>\n<\/head><br \/>\n<body><\/p>\n<h1>Kausa cilindrs Sany mazajam ekskavatoram SY155C-9<\/h1>\n<h2>Ievads<\/h2>\n<p>Kausa cilindrs ir speci\u0101li izstr\u0101d\u0101ts hidrauliskais cilindrs, ko izmanto, lai kontrol\u0113tu kausa kust\u012bbu smagaj\u0101s ma\u0161\u012bn\u0101s, piem\u0113ram, ekskavatoros, iekr\u0101v\u0113jos ar ekskavatoru un front\u0101lajos iekr\u0101v\u0113jos. T\u0101 galven\u0101 funkcija ir \u013caut kausam pacelties, nolaisties un sasv\u0113rties, t\u0101d\u0113j\u0101di atvieglojot da\u017e\u0101du materi\u0101lu apstr\u0101des uzdevumu veik\u0161anu. Hidrauliskaj\u0101 sist\u0113m\u0101 kausa cilindrs pan\u0101k prec\u012bzu kausa vad\u012bbu, izmantojot hidraulisk\u0101s e\u013c\u013cas spiediena izmai\u0146as, \u013caujot operatoriem efekt\u012bvi apstr\u0101d\u0101t smagas kravas un piel\u0101goties sare\u017e\u0123\u012btai darba videi un da\u017e\u0101d\u0101m darba pras\u012bb\u0101m.<\/p>\n<p>\t<img decoding=\"async\" src=\"https:\/\/www.hydraulic-cylinders.net\/wp-content\/uploads\/2025\/01\/songte-company-2.webp\" alt=\"Kausa cilindra att\u0113ls\"><\/p>\n<h2>Funkcijas<\/h2>\n<ul>\n<li>Augsta iztur\u012bba un ilgm\u016b\u017e\u012bba: Parasti no augstas stipr\u012bbas t\u0113rauda vai alum\u012bnija izgatavotais kausa cilindrs var iztur\u0113t augstu spiedienu un lielas slodzes, piel\u0101gojoties skarbai darba videi. T\u0101 konstrukcija \u0146em v\u0113r\u0101 nodilumiztur\u012bbu un korozijas iztur\u012bbu, pagarinot t\u0101 kalpo\u0161anas laiku.<\/li>\n<li>Efekt\u012bva hidraulisk\u0101 darb\u012bba: Izmantojot hidraulisk\u0101s e\u013c\u013cas spiedienu, kausa cilindrs pan\u0101k vienm\u0113r\u012bgu izvirz\u012b\u0161anu un ievilk\u0161anu, \u013caujot \u0101tri rea\u0123\u0113t uz vad\u012bbas komand\u0101m un nodro\u0161inot sp\u0113c\u012bgus stum\u0161anas un vilk\u0161anas sp\u0113kus, kas ir piem\u0113roti smagu kravu apstr\u0101dei un sare\u017e\u0123\u012btu darbu veik\u0161anai.<\/li>\n<li>Daudzpus\u012bgi veidi: Kausa cilindru var izv\u0113l\u0113ties k\u0101 vienas darb\u012bbas (hidrauliski tiek izmantots tikai vien\u0101 virzien\u0101) vai divk\u0101r\u0161as darb\u012bbas (hidrauliski tiek izmantots abos virzienos) cilindrus atbilsto\u0161i konkr\u0113t\u0101m ekspluat\u0101cijas pras\u012bb\u0101m. Da\u017ei mode\u013ci ir teleskopiski, kas \u013cauj pan\u0101kt liel\u0101ku pagarin\u0101jumu, nepalielinot \u0101r\u0113jos izm\u0113rus, un ir piem\u0113roti lietojumiem ar ierobe\u017eotu vietu.<\/li>\n<li>Ide\u0101la hidraulisko cilindru nomai\u0146a: m\u016bsu produkti var lieliski aizst\u0101t eso\u0161os hidrauliskos cilindrus, pied\u0101v\u0101jot t\u0101du pa\u0161u funkcionalit\u0101ti un veiktsp\u0113ju.<\/li>\n<\/ul>\n<p>\t<img decoding=\"async\" src=\"https:\/\/www.hydraulic-cylinders.net\/wp-content\/uploads\/2025\/01\/songte-cylinder-head-with-all-kinds-excavator-models.webp\" alt=\"Hidraulisk\u0101 cilindra att\u0113ls\"><\/p>\n<h2>Pieteikumi<\/h2>\n<p>Kausa cilindrs tiek izmantots da\u017e\u0101d\u0101s nozar\u0113s, tostarp:<\/p>\n<ul>\n<li>B\u016bvniec\u012bbas apr\u012bkojums: vit\u0101li svar\u012bgs ekskavatoriem, jo \u200b\u200btas atvieglo rak\u0161anu, iekrau\u0161anu un augsnes vai gru\u017eu p\u0101rvieto\u0161anu. Ekskavatoros-iekr\u0101v\u0113jos kausa cilindrs pal\u012bdz gan rak\u0161anas, gan cel\u0161anas darbos.<\/li>\n<li>Lauksaimniec\u012bbas tehnika: Izmanto front\u0101lajos iekr\u0101v\u0113jos augsnes, siena un citu materi\u0101lu sav\u0101k\u0161anai, cel\u0161anai un transport\u0113\u0161anai.<\/li>\n<li>Ekskavatori: Kausa cilindrs nodro\u0161ina rak\u0161anas darb\u012bbas, \u013caujot kausam iek\u013c\u016bt augsn\u0113.<\/li>\n<li>Iekr\u0101v\u0113ji: Front\u0101lajos iekr\u0101v\u0113jos tie pal\u012bdz efekt\u012bvi pacelt un izkraut preces.<\/li>\n<\/ul>\n<h2>Dizaina apsv\u0113rumi un atlases krit\u0113riji<\/h2>\n<p>Run\u0101jot par projekt\u0113\u0161anas apsv\u0113rumiem, svar\u012bgi ir t\u0101di galvenie faktori k\u0101 nestsp\u0113ja, bl\u012bv\u0113jums, iztur\u012bba, dro\u0161\u012bba un apkopes iesp\u0113jas. \u0160eit ir da\u017ei punkti, kas j\u0101\u0146em v\u0113r\u0101:<\/p>\n<p>\t<img decoding=\"async\" src=\"https:\/\/www.hydraulic-cylinders.net\/wp-content\/uploads\/2025\/01\/songte-oil-pipes-and-spare-parts.webp\" alt=\"Hidraulisk\u0101 cilindra deta\u013cu att\u0113ls\"><\/p>\n<ul>\n<li>Nestsp\u0113ja: Kausa cilindram j\u0101b\u016bt konstru\u0113tam t\u0101, lai tas iztur\u0113tu paredzam\u0101s slodzes, ar kur\u0101m tas saskarsies ekspluat\u0101cijas laik\u0101.<\/li>\n<li>Bl\u012bv\u0113jums: Lai nodro\u0161in\u0101tu pareizu bl\u012bv\u0113jumu un nov\u0113rstu nopl\u016bdes, tiek izmantoti da\u017e\u0101di bl\u012bv\u0113\u0161anas elementi, piem\u0113ram, virzu\u013ca bl\u012bvsl\u0113gi \u200b\u200bun stie\u0146a bl\u012bvsl\u0113gi, kas izgatavoti no nodilumiztur\u012bgiem materi\u0101liem, piem\u0113ram, poliuret\u0101na un nitrila gumijas.<\/li>\n<li>Iztur\u012bba: Cilindra korpuss un v\u012bt\u0146otie gali tiek r\u016bp\u012bgi apstr\u0101d\u0101ti, lai uzlabotu nodilumiztur\u012bbu un ilgm\u016b\u017e\u012bbu.<\/li>\n<li>Dro\u0161\u012bba: Projekt\u0113jum\u0101 j\u0101iek\u013cauj dro\u0161\u012bbas elementi, lai nov\u0113rstu negad\u012bjumus un nodro\u0161in\u0101tu operatora labsaj\u016btu darb\u012bbas laik\u0101.<\/li>\n<li>Uzturam\u012bba: Vienk\u0101r\u0161a piek\u013cuve komponentiem, standartiz\u0113tas deta\u013cas un skaidras apkopes un remonta instrukcijas veicina kausa cilindra visp\u0101r\u0113jo apkopi.<\/li>\n<\/ul>\n<h2>Bl\u012bv\u0113\u0161ana un e\u013c\u013co\u0161ana<\/h2>\n<p>Kausa cilindr\u0101 tiek izmantoti da\u017e\u0101di bl\u012bv\u0113jumu veidi, piem\u0113ram, virzu\u013ca bl\u012bv\u0113jumi un stie\u0146a bl\u012bv\u0113jumi, kas izgatavoti no nodilumiztur\u012bgiem materi\u0101liem. Cilindra korpuss un v\u012bt\u0146otie gali ir apstr\u0101d\u0101ti, lai palielin\u0101tu nodilumiztur\u012bbu. Lai nodro\u0161in\u0101tu pareizu darb\u012bbu, ir nepiecie\u0161ama regul\u0101ra e\u013c\u013co\u0161ana ar atbilsto\u0161u hidraulisk\u0101s e\u013c\u013cas daudzumu.<\/p>\n<h2>Apkope un prevent\u012bvie pas\u0101kumi<\/h2>\n<ul>\n<li>Regul\u0101ras p\u0101rbaudes: Regul\u0101ras p\u0101rbaudes ir b\u016btiskas, lai identific\u0113tu jebk\u0101das probl\u0113mas vai potenci\u0101las probl\u0113mas ar kausa cilindru.<\/li>\n<li>Pareiza e\u013c\u013co\u0161ana: atbilsto\u0161a e\u013c\u013co\u0161ana pal\u012bdz nov\u0113rst berzi un uztur\u0113t vienm\u0113r\u012bgu darb\u012bbu.<\/li>\n<li>Bl\u012bvju nomai\u0146a: Ja k\u0101das bl\u012bves ir nolietotas vai boj\u0101tas, t\u0101s nekav\u0113joties j\u0101nomaina, lai nov\u0113rstu nopl\u016bdi.<\/li>\n<li>Kalibr\u0113\u0161anas p\u0101rbaudes: Regul\u0101ra kalibr\u0113\u0161ana nodro\u0161ina kausa cilindra prec\u012bzu darb\u012bbu.<\/li>\n<\/ul>\n<p>\t<img decoding=\"async\" src=\"https:\/\/www.hydraulic-cylinders.net\/wp-content\/uploads\/2025\/01\/songte-chushion-collar.webp\" alt=\"Hidraulisk\u0101 cilindra deta\u013cu att\u0113ls\"><\/p>\n<h2>Dro\u0161\u012bbas apsv\u0113rumi un vides faktori<\/h2>\n<p>Izmantojot hidrauliskos cilindrus, ir \u013coti svar\u012bgi noteikt dro\u0161\u012bbas pas\u0101kumu priorit\u0101ti, lai nov\u0113rstu negad\u012bjumus un nodro\u0161in\u0101tu dro\u0161u darba vidi. B\u016btiska ir atbilsto\u0161a apm\u0101c\u012bba, dro\u0161\u012bbas vadl\u012bniju iev\u0113ro\u0161ana un iek\u0101rtu apkope.<\/p>\n<h2>K\u013c\u016bmju diagnostika un bie\u017e\u0101k sastopam\u0101s probl\u0113mas<\/h2>\n<p>Da\u017eas bie\u017ei sastopamas probl\u0113mas, kas var rasties ar kausa cilindru, ir nopl\u016bde, samazin\u0101ta veiktsp\u0113ja un darb\u012bbas trauc\u0113jumi. \u0160eit ir sniegti da\u017ei probl\u0113mu nov\u0113r\u0161anas padomi un risin\u0101jumi:<\/p>\n<p>\t<img decoding=\"async\" src=\"https:\/\/www.hydraulic-cylinders.net\/wp-content\/uploads\/2025\/01\/songte-bushings-with-all-kinds-of-excavator-models.webp\" alt=\"Hidraulisko cilindru bukses att\u0113ls\"><\/p>\n<ul>\n<li>Nopl\u016bde: P\u0101rbaudiet un nomainiet visus nolietotos vai boj\u0101tos bl\u012bv\u0113jumus. Nodro\u0161iniet atbilsto\u0161u e\u013c\u013co\u0161anu un nov\u0113rsiet visas iesp\u0113jam\u0101s probl\u0113mas ar hidraulisko sist\u0113mu.<\/li>\n<li>Samazin\u0101ta veiktsp\u0113ja: p\u0101rbaudiet cilindru, vai nav boj\u0101jumu vai nepareizas izl\u012bdzin\u0101\u0161anas, kas var\u0113tu ietekm\u0113t t\u0101 darb\u012bbu. Ja nepiecie\u0161ams, noregul\u0113jiet vai nomainiet deta\u013cas.<\/li>\n<li>Neparasta darb\u012bba: Analiz\u0113jiet hidraulisko sist\u0113mu un p\u0101rbaudiet, vai nav aizsprostojumu vai darb\u012bbas trauc\u0113jumu. Veiciet nepiecie\u0161amos remontdarbus vai nomai\u0146u.<\/li>\n<\/ul>\n<h2>Secin\u0101jums<\/h2>\n<p>Nosl\u0113gum\u0101 j\u0101saka, ka Sany maz\u0101 ekskavatora SY155C-9 kausa cilindrs ir b\u016btiska smago ma\u0161\u012bnu sast\u0101vda\u013ca, kas nodro\u0161ina efekt\u012bvu materi\u0101lu apstr\u0101di un rak\u0161anas darbus. T\u0101 augst\u0101 iztur\u012bba, ilgm\u016b\u017e\u012bba un daudzpus\u012bba padara to piem\u0113rotu da\u017e\u0101diem pielietojumiem b\u016bvniec\u012bb\u0101, lauksaimniec\u012bb\u0101 un cit\u0101s nozar\u0113s. M\u016bsu uz\u0146\u0113mums specializ\u0113jas augstas kvalit\u0101tes hidraulisko cilindru ra\u017eo\u0161an\u0101 un izplat\u012b\u0161an\u0101, pied\u0101v\u0101jot pla\u0161u produktu kl\u0101stu, kas var lieliski aizst\u0101t eso\u0161os cilindrus. Ar m\u016bsu ap\u0146em\u0161anos nodro\u0161in\u0101t izcil\u012bbu un progres\u012bvas ra\u017eo\u0161anas iesp\u0113jas m\u0113s cen\u0161amies apmierin\u0101t da\u017e\u0101das klientu vajadz\u012bbas un nodro\u0161in\u0101t izcilus produktus un pakalpojumus.<\/p>\n<p>\t<img decoding=\"async\" src=\"https:\/\/www.hydraulic-cylinders.net\/wp-content\/uploads\/2025\/01\/songte-company-3.webp\" alt=\"Uz\u0146\u0113muma t\u0113ls\"><\/p>\n<h3>Par m\u016bsu uz\u0146\u0113mumu<\/h3>\n<p>M\u0113s esam vado\u0161ais hidraulisko cilindru ra\u017eot\u0101js un vairumtirdzniec\u012bbas izplat\u012bt\u0101js viet\u0113j\u0101 un starptautiskaj\u0101 tirg\u016b. M\u016bsu pla\u0161ais produktu kl\u0101sts un ap\u0146em\u0161an\u0101s nodro\u0161in\u0101t augst\u0101ko kvalit\u0101ti ir pozicion\u0113jusi m\u016bs k\u0101 vienu no nozares l\u012bderiem. Koncentr\u0113joties uz tehnolo\u0123iskajiem talantiem, modern\u0101m ra\u017eo\u0161anas iek\u0101rt\u0101m un profesion\u0101l\u0101m test\u0113\u0161anas sist\u0113m\u0101m, m\u0113s nep\u0101rtraukti uzlabojam savas ra\u017eo\u0161anas iesp\u0113jas un produktu kvalit\u0101ti. M\u016bsu uz\u0146\u0113mums pied\u0101v\u0101 kompetenci, starptautiskus sertifik\u0101tus, piel\u0101gotus pakalpojumus, modern\u0101k\u0101s ra\u017eo\u0161anas iek\u0101rtas un lielisku p\u0113cp\u0101rdo\u0161anas apkalpo\u0161anu.<\/p>\n<p>\t<img decoding=\"async\" src=\"https:\/\/hzpt.com\/wp-content\/uploads\/2024\/11\/songte-company-1.webp\" alt=\"Uz\u0146\u0113muma t\u0113ls\"><\/p>\n<p>Autors: lil<\/p>\n<p><\/body><br \/>\n<\/html><\/p>","protected":false},"excerpt":{"rendered":"<p>Bucket Cylinder For Sany Small Excavator SY155C-9 Bucket Cylinder For Sany Small Excavator SY155C-9 Introduction The bucket cylinder is a specially designed hydraulic cylinder used to control the movement of the bucket in heavy machinery, such as excavators, backhoe loaders, and front loaders. Its main function is to allow the bucket to lift, lower, and [&hellip;]<\/p>","protected":false},"featured_media":14769,"comment_status":"open","ping_status":"closed","template":"","meta":{"_et_pb_use_builder":"","_et_pb_old_content":"","_et_gb_content_width":""},"product_brand":[],"product_cat":[1494],"product_tag":[1495,1496],"class_list":{"0":"post-15428","1":"product","2":"type-product","3":"status-publish","4":"has-post-thumbnail","6":"product_cat-bucket-cylinders","7":"product_tag-bucket-cylinders","8":"product_tag-hydraulic-cylinders","10":"first","11":"instock","12":"shipping-taxable","13":"product-type-simple"},"amp_enabled":true,"_links":{"self":[{"href":"https:\/\/www.hydraulic-cylinders.net\/lv\/wp-json\/wp\/v2\/product\/15428","targetHints":{"allow":["GET"]}}],"collection":[{"href":"https:\/\/www.hydraulic-cylinders.net\/lv\/wp-json\/wp\/v2\/product"}],"about":[{"href":"https:\/\/www.hydraulic-cylinders.net\/lv\/wp-json\/wp\/v2\/types\/product"}],"replies":[{"embeddable":true,"href":"https:\/\/www.hydraulic-cylinders.net\/lv\/wp-json\/wp\/v2\/comments?post=15428"}],"wp:featuredmedia":[{"embeddable":true,"href":"https:\/\/www.hydraulic-cylinders.net\/lv\/wp-json\/wp\/v2\/media\/14769"}],"wp:attachment":[{"href":"https:\/\/www.hydraulic-cylinders.net\/lv\/wp-json\/wp\/v2\/media?parent=15428"}],"wp:term":[{"taxonomy":"product_brand","embeddable":true,"href":"https:\/\/www.hydraulic-cylinders.net\/lv\/wp-json\/wp\/v2\/product_brand?post=15428"},{"taxonomy":"product_cat","embeddable":true,"href":"https:\/\/www.hydraulic-cylinders.net\/lv\/wp-json\/wp\/v2\/product_cat?post=15428"},{"taxonomy":"product_tag","embeddable":true,"href":"https:\/\/www.hydraulic-cylinders.net\/lv\/wp-json\/wp\/v2\/product_tag?post=15428"}],"curies":[{"name":"wp","href":"https:\/\/api.w.org\/{rel}","templated":true}]}}