{"id":15429,"date":"2025-01-19T14:31:11","date_gmt":"2025-01-19T14:31:11","guid":{"rendered":"https:\/\/www.hydraulic-cylinders.net\/product\/bucket-cylinder-for-sany-small-excavator-sy185c-6\/"},"modified":"2025-01-19T14:31:13","modified_gmt":"2025-01-19T14:31:13","slug":"bucket-cylinder-for-sany-small-excavator-sy185c-6","status":"publish","type":"product","link":"https:\/\/www.hydraulic-cylinders.net\/lv\/products\/bucket-cylinder-for-sany-small-excavator-sy185c-6\/","title":{"rendered":"Kausa cilindrs Sany mazajam ekskavatoram SY185C-6"},"content":{"rendered":"<p><!DOCTYPE html><br \/>\n<html><br \/>\n<head><br \/>\n<title>Kausa cilindrs Sany mazajam ekskavatoram SY185C-6<\/title><br \/>\n<\/head><br \/>\n<body><\/p>\n<h1>Kausa cilindrs Sany mazajam ekskavatoram SY185C-6<\/h1>\n<p><img decoding=\"async\" src=\"https:\/\/hzpt.com\/wp-content\/uploads\/2024\/11\/songte-company-1.webp\" alt=\"Uz\u0146\u0113muma t\u0113ls\"><\/p>\n<h2>Ievads<\/h2>\n<p>Kausa cilindrs ir speci\u0101li izstr\u0101d\u0101ts hidrauliskais cilindrs, ko izmanto, lai kontrol\u0113tu kausa kust\u012bbu smagaj\u0101s ma\u0161\u012bn\u0101s, piem\u0113ram, ekskavatoros, iekr\u0101v\u0113jos ar ekskavatoru un front\u0101lajos iekr\u0101v\u0113jos. T\u0101 galven\u0101 funkcija ir nodro\u0161in\u0101t kausa pacel\u0161anu, nolai\u0161anu un noliek\u0161anu, atvieglojot da\u017e\u0101du materi\u0101lu apstr\u0101des uzdevumu veik\u0161anu. Hidrauliskaj\u0101 sist\u0113m\u0101 kausa cilindrs pan\u0101k prec\u012bzu kausa vad\u012bbu, izmantojot hidraulisk\u0101s e\u013c\u013cas spiediena izmai\u0146as, \u013caujot operatoriem efekt\u012bvi apstr\u0101d\u0101t smagas kravas un piel\u0101goties sare\u017e\u0123\u012btai darba videi un da\u017e\u0101d\u0101m ekspluat\u0101cijas pras\u012bb\u0101m.<\/p>\n<p><img decoding=\"async\" src=\"https:\/\/www.hydraulic-cylinders.net\/wp-content\/uploads\/2025\/01\/songte-company-2.webp\" alt=\"Produkta att\u0113ls\"><\/p>\n<h2>Funkcijas<\/h2>\n<ul>\n<li><strong>Augsta iztur\u012bba un ilgm\u016b\u017e\u012bba:<\/strong> Izgatavots no augstas stipr\u012bbas t\u0113rauda vai alum\u012bnija, kausa cilindrs sp\u0113j iztur\u0113t augstu spiedienu un lielas slodzes, piel\u0101gojoties skarbai darba videi. T\u0101 konstrukcij\u0101 ir \u0146emta v\u0113r\u0101 nodilumiztur\u012bba un iztur\u012bba pret koroziju, pagarinot t\u0101 kalpo\u0161anas laiku.<\/li>\n<li><strong>Efekt\u012bva hidraulisk\u0101 darb\u012bba:<\/strong> Izmantojot hidraulisk\u0101s e\u013c\u013cas spiedienu, kausa cilindrs pan\u0101k vienm\u0113r\u012bgas izstiep\u0161anas un ievilk\u0161anas kust\u012bbas, \u0101tri rea\u0123\u0113jot uz vad\u012bbas komand\u0101m un nodro\u0161inot sp\u0113c\u012bgus stum\u0161anas un vilk\u0161anas sp\u0113kus, kas ir piem\u0113roti smagu kravu apstr\u0101dei un sare\u017e\u0123\u012btu ekspluat\u0101cijas uzdevumu veik\u0161anai.<\/li>\n<li><strong>Da\u017e\u0101di veidi:<\/strong> Kausa cilindru var izv\u0113l\u0113ties k\u0101 vienas darb\u012bbas (hidrauliski darbojas tikai vien\u0101 virzien\u0101) vai divk\u0101r\u0161as darb\u012bbas (hidrauliski darbojas abos virzienos) cilindrus atbilsto\u0161i konkr\u0113t\u0101m ekspluat\u0101cijas pras\u012bb\u0101m. Da\u017ei mode\u013ci ir teleskopiski, kas \u013cauj to liel\u0101ku pagarin\u0101jumu, nepalielinot \u0101r\u0113jos izm\u0113rus, padarot tos piem\u0113rotus lietojumiem ar ierobe\u017eotu telpu.<\/li>\n<\/ul>\n<p><img decoding=\"async\" src=\"https:\/\/www.hydraulic-cylinders.net\/wp-content\/uploads\/2025\/01\/songte-cylinder-head-with-all-kinds-excavator-models.webp\" alt=\"Produkta att\u0113ls\"><\/p>\n<h2>Pieteikumi<\/h2>\n<p>Kausa cilindrs tiek izmantots da\u017e\u0101d\u0101s iek\u0101rt\u0101s:<\/p>\n<ul>\n<li><strong>Celtniec\u012bbas apr\u012bkojums:<\/strong> Tie ir atrodami ekskavatoros un ir nepiecie\u0161ami rak\u0161anai, iekrau\u0161anai un augsnes vai gru\u017eu p\u0101rvieto\u0161anai. Ekskavatoros-iekr\u0101v\u0113jos kausa cilindrs pal\u012bdz gan rak\u0161an\u0101, gan cel\u0161an\u0101.<\/li>\n<li><strong>Lauksaimniec\u012bbas tehnika:<\/strong> Kausa cilindrs, ko izmanto front\u0101lajos iekr\u0101v\u0113jos, pal\u012bdz sav\u0101kt, pacelt un transport\u0113t augsni, sienu un citus materi\u0101lus.<\/li>\n<li><strong>Ekskavatori:<\/strong> Kausa cilindrs nodro\u0161ina rak\u0161anas darb\u012bbas, \u013caujot kausam iek\u013c\u016bt augsn\u0113.<\/li>\n<li><strong>Iekr\u0101v\u0113ji:<\/strong> Front\u0101lajos iekr\u0101v\u0113jos tie pal\u012bdz efekt\u012bvi pacelt un izkraut preces.<\/li>\n<\/ul>\n<h2>Dizaina apsv\u0113rumi un atlases krit\u0113riji<\/h2>\n<p>Projekt\u0113jot kausa cilindrus, j\u0101\u0146em v\u0113r\u0101 da\u017e\u0101di faktori un atlases krit\u0113riji:<\/p>\n<ul>\n<li><strong>Nestsp\u0113ja:<\/strong> Balonam j\u0101b\u016bt konstru\u0113tam t\u0101, lai tas iztur\u0113tu paredzam\u0101s slodzes un sp\u0113kus, ar kuriem tas saskarsies darb\u012bbas laik\u0101.<\/li>\n<li><strong>Bl\u012bv\u0113jums:<\/strong> Lai nodro\u0161in\u0101tu efekt\u012bvu bl\u012bv\u0113\u0161anu un nov\u0113rstu nopl\u016bdes, j\u0101izmanto da\u017e\u0101di bl\u012bv\u0113\u0161anas komponenti, piem\u0113ram, virzu\u013ca bl\u012bvsl\u0113gi \u200b\u200bun stie\u0146a bl\u012bvsl\u0113gi.<\/li>\n<li><strong>Iztur\u012bba:<\/strong> Cilindram j\u0101b\u016bt konstru\u0113tam t\u0101, lai tas iztur\u0113tu skarbos darba apst\u0101k\u013cus un nodro\u0161in\u0101tu ilgsto\u0161u darb\u012bbu.<\/li>\n<li><strong>Dro\u0161\u012bba:<\/strong> Projekt\u0113\u0161an\u0101 j\u0101iek\u013cauj dro\u0161\u012bbas elementi, lai aizsarg\u0101tu operatorus un nov\u0113rstu negad\u012bjumus.<\/li>\n<li><strong>Uzturam\u012bba:<\/strong> J\u0101\u0146em v\u0113r\u0101 viegla piek\u013cuve komponentiem un iesp\u0113ja \u0101tri veikt apkopi un remontu.<\/li>\n<\/ul>\n<p><img decoding=\"async\" src=\"https:\/\/www.hydraulic-cylinders.net\/wp-content\/uploads\/2025\/01\/songte-oil-pipes-and-spare-parts.webp\" alt=\"Produkta att\u0113ls\"><\/p>\n<h2>Bl\u012bv\u0113\u0161ana un e\u013c\u013co\u0161ana<\/h2>\n<p>Kausa cilindr\u0101 tiek izmantoti da\u017e\u0101di bl\u012bv\u0113\u0161anas komponenti, piem\u0113ram, virzu\u013ca bl\u012bvsl\u0113gi \u200b\u200bun stie\u0146a bl\u012bvsl\u0113gi, kas ir izgatavoti no nodilumiztur\u012bgiem materi\u0101liem, piem\u0113ram, poliuret\u0101na un nitrila gumijas. Cilindra korpuss un v\u012bt\u0146ot\u0101s gala virsmas ir smalki apstr\u0101d\u0101tas, lai uzlabotu nodilumiztur\u012bbu. Lai nodro\u0161in\u0101tu vienm\u0113r\u012bgu darb\u012bbu un pagarin\u0101tu cilindra kalpo\u0161anas laiku, ir nepiecie\u0161ama regul\u0101ra e\u013c\u013co\u0161ana ar atbilsto\u0161u hidraulisko e\u013c\u013cu.<\/p>\n<h2>Regul\u0101ra p\u0101rbaude un profilaktisk\u0101 apkope<\/h2>\n<p>Lai nodro\u0161in\u0101tu kausa cilindra optim\u0101lu veiktsp\u0113ju un ilgm\u016b\u017e\u012bbu, j\u0101veic regul\u0101ras p\u0101rbaudes un profilaktisk\u0101s apkopes pas\u0101kumi:<\/p>\n<ul>\n<li>P\u0101rbaudiet cilindru, vai nav nodiluma, nopl\u016bdes vai boj\u0101jumu paz\u012bmju.<\/li>\n<li>Pareizi iee\u013c\u013cojiet visas kust\u012bg\u0101s da\u013cas.<\/li>\n<li>Nomainiet bl\u012bves un bl\u012bves p\u0113c nepiecie\u0161am\u012bbas.<\/li>\n<li>Veiciet kalibr\u0113\u0161anas p\u0101rbaudes, lai nodro\u0161in\u0101tu prec\u012bzu darb\u012bbu.<\/li>\n<\/ul>\n<p><img decoding=\"async\" src=\"https:\/\/www.hydraulic-cylinders.net\/wp-content\/uploads\/2025\/01\/songte-chushion-collar.webp\" alt=\"Produkta att\u0113ls\"><\/p>\n<h2>Dro\u0161\u012bbas apsv\u0113rumi un vides faktori<\/h2>\n<p>Izmantojot kausa cilindru, ir svar\u012bgi iev\u0113rot dro\u0161\u012bbas pas\u0101kumus, lai nov\u0113rstu negad\u012bjumus un nodro\u0161in\u0101tu dro\u0161u darba vidi.<\/p>\n<h2>Probl\u0113mu nov\u0113r\u0161ana un bie\u017ei sastopamas probl\u0113mas<\/h2>\n<p>Da\u017eas bie\u017ei sastopamas probl\u0113mas, kas var rasties ar kausu cilindriem, ir nopl\u016bde, nepietiekama jauda un nevienm\u0113r\u012bgas kust\u012bbas. \u0160eit ir sniegti da\u017ei probl\u0113mu nov\u0113r\u0161anas padomi un risin\u0101jumi:<\/p>\n<ul>\n<li>P\u0101rbaudiet, vai nav boj\u0101tu vai nolietotu bl\u012bv\u0113jumu, un, ja nepiecie\u0161ams, nomainiet tos.<\/li>\n<li>P\u0101rliecinieties, vai hidrauliskaj\u0101 sist\u0113m\u0101 ir pietiekams spiediens un tilpums.<\/li>\n<li>P\u0101rbaudiet cilindru, vai nav nek\u0101du nepareizu novietojumu vai meh\u0101nisku probl\u0113mu.<\/li>\n<li>Regul\u0101ri t\u012briet un apkopiet cilindru, lai nov\u0113rstu gru\u017eu un pies\u0101r\u0146ot\u0101ju rad\u012btas probl\u0113mas.<\/li>\n<\/ul>\n<p><img decoding=\"async\" src=\"https:\/\/www.hydraulic-cylinders.net\/wp-content\/uploads\/2025\/01\/songte-bushings-with-all-kinds-of-excavator-models.webp\" alt=\"Produkta att\u0113ls\"><\/p>\n<h2>Secin\u0101jums<\/h2>\n<p>Nosl\u0113gum\u0101 j\u0101saka, ka Sany maz\u0101 ekskavatora SY185C-6 kausa cilindrs ir b\u016btiska sast\u0101vda\u013ca, kas nodro\u0161ina efekt\u012bvu materi\u0101lu apstr\u0101di da\u017e\u0101dos smago ma\u0161\u012bnu pielietojumos. T\u0101 augst\u0101 iztur\u012bba, ilgm\u016b\u017e\u012bba un efekt\u012bv\u0101 hidraulisk\u0101 darb\u012bba padara to par uzticamu izv\u0113li sare\u017e\u0123\u012btiem uzdevumiem. Regul\u0101ra p\u0101rbaude, apkope un dro\u0161\u012bbas pas\u0101kumu iev\u0113ro\u0161ana ir b\u016btiska, lai nodro\u0161in\u0101tu optim\u0101lu veiktsp\u0113ju un pagarin\u0101tu kausa cilindra kalpo\u0161anas laiku.<\/p>\n<p><img decoding=\"async\" src=\"https:\/\/www.hydraulic-cylinders.net\/wp-content\/uploads\/2025\/01\/songte-company-3.webp\" alt=\"Uz\u0146\u0113muma t\u0113ls\"><\/p>\n<h2>Par m\u016bsu uz\u0146\u0113mumu<\/h2>\n<p>M\u0113s esam vado\u0161ais hidraulisko cilindru ra\u017eot\u0101js un vairumtirgot\u0101js viet\u0113j\u0101 un starptautiskaj\u0101 tirg\u016b. M\u016bsu uz\u0146\u0113mums ir ap\u0146\u0113mies pieg\u0101d\u0101t izcilas kvalit\u0101tes produktus un pied\u0101v\u0101 pla\u0161u hidraulisko cilindru kl\u0101stu, lai apmierin\u0101tu da\u017e\u0101das klientu vajadz\u012bbas. Koncentr\u0113joties uz tehnolo\u0123isk\u0101m inov\u0101cij\u0101m, modern\u0101m ra\u017eo\u0161anas iek\u0101rt\u0101m un profesion\u0101l\u0101m test\u0113\u0161anas sist\u0113m\u0101m, m\u0113s nep\u0101rtraukti uzlabojam savas ra\u017eo\u0161anas platformas un nodro\u0161in\u0101m augstas kvalit\u0101tes produktu ra\u017eo\u0161anu. M\u0113s pied\u0101v\u0101jam piel\u0101gotus pakalpojumus, starptautiskas sertifik\u0101cijas un uzticamu p\u0113cp\u0101rdo\u0161anas atbalstu.<\/p>\n<p><img decoding=\"async\" src=\"https:\/\/hzpt.com\/wp-content\/uploads\/2024\/11\/songte-company-1.webp\" alt=\"Uz\u0146\u0113muma t\u0113ls\"><\/p>\n<p>Autors: lil<\/p>\n<p><\/body><br \/>\n<\/html><\/p>","protected":false},"excerpt":{"rendered":"<p>Bucket Cylinder For Sany Small Excavator SY185C-6 Bucket Cylinder For Sany Small Excavator SY185C-6 Introduction The bucket cylinder is a specially designed hydraulic cylinder used to control the movement of the bucket in heavy machinery such as excavators, backhoe loaders, and front-end loaders. Its main function is to enable the bucket to lift, lower, and [&hellip;]<\/p>","protected":false},"featured_media":14765,"comment_status":"open","ping_status":"closed","template":"","meta":{"_et_pb_use_builder":"","_et_pb_old_content":"","_et_gb_content_width":""},"product_brand":[],"product_cat":[1494],"product_tag":[1495,1496],"class_list":{"0":"post-15429","1":"product","2":"type-product","3":"status-publish","4":"has-post-thumbnail","6":"product_cat-bucket-cylinders","7":"product_tag-bucket-cylinders","8":"product_tag-hydraulic-cylinders","10":"first","11":"instock","12":"shipping-taxable","13":"product-type-simple"},"amp_enabled":true,"_links":{"self":[{"href":"https:\/\/www.hydraulic-cylinders.net\/lv\/wp-json\/wp\/v2\/product\/15429","targetHints":{"allow":["GET"]}}],"collection":[{"href":"https:\/\/www.hydraulic-cylinders.net\/lv\/wp-json\/wp\/v2\/product"}],"about":[{"href":"https:\/\/www.hydraulic-cylinders.net\/lv\/wp-json\/wp\/v2\/types\/product"}],"replies":[{"embeddable":true,"href":"https:\/\/www.hydraulic-cylinders.net\/lv\/wp-json\/wp\/v2\/comments?post=15429"}],"wp:featuredmedia":[{"embeddable":true,"href":"https:\/\/www.hydraulic-cylinders.net\/lv\/wp-json\/wp\/v2\/media\/14765"}],"wp:attachment":[{"href":"https:\/\/www.hydraulic-cylinders.net\/lv\/wp-json\/wp\/v2\/media?parent=15429"}],"wp:term":[{"taxonomy":"product_brand","embeddable":true,"href":"https:\/\/www.hydraulic-cylinders.net\/lv\/wp-json\/wp\/v2\/product_brand?post=15429"},{"taxonomy":"product_cat","embeddable":true,"href":"https:\/\/www.hydraulic-cylinders.net\/lv\/wp-json\/wp\/v2\/product_cat?post=15429"},{"taxonomy":"product_tag","embeddable":true,"href":"https:\/\/www.hydraulic-cylinders.net\/lv\/wp-json\/wp\/v2\/product_tag?post=15429"}],"curies":[{"name":"wp","href":"https:\/\/api.w.org\/{rel}","templated":true}]}}