{"id":1544,"date":"2023-09-28T07:34:40","date_gmt":"2023-09-28T07:34:40","guid":{"rendered":"https:\/\/hydraulic-cylinders.net\/?post_type=product&#038;p=1544"},"modified":"2025-04-11T03:25:48","modified_gmt":"2025-04-11T03:25:48","slug":"aerial-work-platform-steering-cylinder","status":"publish","type":"product","link":"https:\/\/www.hydraulic-cylinders.net\/lv\/products\/aerial-work-platform-steering-cylinder\/","title":{"rendered":"Pac\u0113l\u0101ja darba platformas st\u016bres cilindrs"},"content":{"rendered":"<h1 style=\"text-align: center;\"><strong>Pac\u0113l\u0101ja darba platformas st\u016bres cilindrs<\/strong><\/h1>\n<p><img loading=\"lazy\" decoding=\"async\" class=\"aligncenter wp-image-1545\" src=\"https:\/\/hydraulic-cylinders.net\/wp-content\/uploads\/2023\/09\/steering-cylinder-300x300.webp\" alt=\"\" width=\"400\" height=\"400\" \/><\/p>\n<p>Darba platformas st\u016bres cilindrs ir kritiski svar\u012bga sast\u0101vda\u013ca, kas paredz\u0113ta, lai uzlabotu manevr\u0113tsp\u0113ju un vad\u012bbu darba platform\u0101s. \u0160is specializ\u0113tais hidrauliskais cilindrs ir vit\u0101li svar\u012bgs platformas st\u016br\u0113\u0161anai, \u013caujot operatoriem dro\u0161i un efekt\u012bvi p\u0101rvietoties liel\u0101 augstum\u0101.<\/p>\n<p>Pace\u013cam\u0101s darba platformas st\u016bres sist\u0113ma ir neaizst\u0101jama, lai uzlabotu manevr\u0113\u0161anas sp\u0113ju, kontroli un operatora komfortu paaugstin\u0101t\u0101s darba vid\u0113s. Pateicoties t\u0101 iztur\u012bgajai konstrukcijai, prec\u012bzajai st\u016br\u0113\u0161anas vad\u012bbai, uzlabotajai manevr\u0113\u0161anas sp\u0113jai un operatoram orient\u0113tajam dizainam, \u0161is hidrauliskais cilindrs atvieglo vienm\u0113r\u012bgu navig\u0101ciju un efekt\u012bvu piek\u013cuvi da\u017e\u0101dos paaugstin\u0101tos darba apst\u0101k\u013cos. Iev\u0113rojot ieteicam\u0101s lieto\u0161anas metodes un apkopes praksi, operatori var maksim\u0101li palielin\u0101t pace\u013cam\u0101s darba platformas st\u016bres sist\u0113mas ilgm\u016b\u017e\u012bbu un veiktsp\u0113ju, t\u0101d\u0113j\u0101di palielinot produktivit\u0101ti, dro\u0161\u012bbu un p\u0101rliec\u012bbu paaugstin\u0101tu darba scen\u0101rijos. Invest\u0113jiet \u0161aj\u0101 svar\u012bgaj\u0101 hidrauliskaj\u0101 komponent\u0101, lai uzlabotu savas pace\u013cam\u0101s darba platformas manevr\u0113\u0161anas sp\u0113ju, kontroli un efektivit\u0101ti, atkl\u0101jot jaunus produktivit\u0101tes l\u012bme\u0146us un pan\u0101kumus paaugstin\u0101t\u0101s darba oper\u0101cij\u0101s.<\/p>\n<p>Darba platformas st\u016bres cilindra galven\u0101s \u012bpa\u0161\u012bbas:<\/p>\n<ol>\n<li>Iztur\u012bga konstrukcija:<\/li>\n<\/ol>\n<ul>\n<li>Darba platformas st\u016bres cilindrs ir izgatavots no augstas kvalit\u0101tes materi\u0101liem, nodro\u0161inot iztur\u012bbu un uzticam\u012bbu.<\/li>\n<li>Tas ir izstr\u0101d\u0101ts, lai iztur\u0113tu sare\u017e\u0123\u012btu darba vides pras\u012bbas un iztur\u0113tu lielas slodzes.<\/li>\n<\/ul>\n<ol start=\"2\">\n<li>Prec\u012bza st\u016bres vad\u012bba:<\/li>\n<\/ol>\n<ul>\n<li>\u0160is cilindrs nodro\u0161ina prec\u012bzu st\u016br\u0113\u0161anas vad\u012bbu, \u013caujot operatoriem prec\u012bzi un p\u0101rliecino\u0161i manevr\u0113t ar pace\u013camo darba platformu.<\/li>\n<li>Tas nodro\u0161ina vienm\u0113r\u012bgu un atsauc\u012bgu st\u016br\u0113\u0161anu, \u013caujot prec\u012bzi pozicion\u0113t un navig\u0113t \u0161aur\u0101s telp\u0101s vai sare\u017e\u0123\u012bt\u0101s darba viet\u0101s.<\/li>\n<\/ul>\n<ol start=\"3\">\n<li>Uzlabota manevr\u0113tsp\u0113ja:<\/li>\n<\/ol>\n<ul>\n<li>Darba platformas st\u016bres cilindrs uzlabo platformas kop\u0113jo manevr\u0113tsp\u0113ju, \u013caujot operatoriem efekt\u012bvi p\u0101rvietoties un piek\u013c\u016bt gr\u016bti sasniedzam\u0101m viet\u0101m.<\/li>\n<li>Tas nodro\u0161ina vienm\u0113r\u012bgus pagriezienus un prec\u012bzas regul\u0113\u0161anas, t\u0101d\u0113j\u0101di palielinot produktivit\u0101ti un daudzpus\u012bbu, veicot darbus paaugstin\u0101t\u0101s viet\u0101s.<\/li>\n<\/ul>\n<ol start=\"4\">\n<li>Operatora komforts:<\/li>\n<\/ol>\n<ul>\n<li>St\u016bres cilindrs ir izstr\u0101d\u0101ts, lai nodro\u0161in\u0101tu ergonomisku vad\u012bbu, samazin\u0101tu operatora nogurumu un uzlabotu komfortu ilgsto\u0161u darba periodu laik\u0101.<\/li>\n<li>Tas nodro\u0161ina vienm\u0113r\u012bgu un bez piep\u016bles st\u016br\u0113\u0161anu, samazinot operatora piep\u016bli un nodro\u0161inot \u0113rtu darba pieredzi.<\/li>\n<\/ul>\n<h2><strong>Darba platformas st\u016bres cilindra parametrs:<\/strong><\/h2>\n<table border=\"1\" cellspacing=\"0\" cellpadding=\"0\">\n<tbody>\n<tr>\n<td>Produkta nosaukums<\/td>\n<td>Pac\u0113l\u0101ja darba platformas st\u016bres cilindrs<\/td>\n<\/tr>\n<tr>\n<td>Funkcijas:<\/td>\n<td>Gaisa darba transportl\u012bdzek\u013cu \u0161asijas riepu st\u016bres sist\u0113ma<\/td>\n<\/tr>\n<tr>\n<td>Urbuma diametrs:<\/td>\n<td>63 mm\uff5e200 mm<\/td>\n<\/tr>\n<tr>\n<td>Stie\u0146a diametrs:<\/td>\n<td>36 mm\uff5e140 mm<br \/>\nG\u0101jiens \u22641000 mm<\/td>\n<\/tr>\n<tr>\n<td>Spiediens:<\/td>\n<td>30MPa (maksim\u0101lais spiediens)<\/td>\n<\/tr>\n<tr>\n<td>Hidraulisk\u0101 st\u016bres cilindra pielietojums:<\/td>\n<td>Pac\u0113l\u0101ja darba platforma<\/td>\n<\/tr>\n<\/tbody>\n<\/table>\n<h2><strong>Darba platformas identifik\u0101cijas sh\u0113ma:<\/strong><\/h2>\n<p><img loading=\"lazy\" decoding=\"async\" class=\"alignnone wp-image-1517 size-full\" src=\"https:\/\/hydraulic-cylinders.net\/wp-content\/uploads\/2023\/09\/aerial-work-platform-cylinder-construct.webp\" alt=\"\" width=\"600\" height=\"400\" srcset=\"https:\/\/hydraulic-cylinders.net\/wp-content\/uploads\/2023\/09\/aerial-work-platform-cylinder-construct.webp 600w, https:\/\/hydraulic-cylinders.net\/wp-content\/uploads\/2023\/09\/aerial-work-platform-cylinder-construct-480x320.webp 480w\" sizes=\"(min-width: 0px) and (max-width: 480px) 480px, (min-width: 481px) 600px, 100vw\" \/><\/p>\n<h2><strong>Pac\u0113l\u0101ja st\u016bres cilindra lieto\u0161anas metode<\/strong><strong>:<\/strong><\/h2>\n<ol>\n<li><strong>Uzst\u0101d\u012b\u0161ana un iestat\u012b\u0161ana:<\/strong><\/li>\n<\/ol>\n<ul>\n<li>Iev\u0113rojiet ra\u017eot\u0101ja nor\u0101d\u012bjumus par pareizu darba platformas st\u016br\u0113\u0161anas uzst\u0101d\u012b\u0161anu un iestat\u012b\u0161anu.<\/li>\n<li>Lai nodro\u0161in\u0101tu optim\u0101lu veiktsp\u0113ju, p\u0101rliecinieties, vai cilindrs ir dro\u0161i uzst\u0101d\u012bts un izl\u012bdzin\u0101ts.<\/li>\n<\/ul>\n<ol start=\"2\">\n<li><strong>Hidrauliskais savienojums:<\/strong><\/li>\n<\/ol>\n<ul>\n<li>Pievienojiet st\u016bres cilindru pac\u0113l\u0101ja darba platformas hidrauliskajai sist\u0113mai saska\u0146\u0101 ar sniegtaj\u0101m vadl\u012bnij\u0101m.<\/li>\n<li>P\u0101rliecinieties, vai visi hidrauliskie savienojumi ir dro\u0161i un pareizi nosl\u0113gti, lai nov\u0113rstu hidraulisk\u0101 \u0161\u0137idruma nopl\u016bdes vai zudumus.<\/li>\n<\/ul>\n<ol start=\"3\">\n<li><strong>St\u016bres darb\u012bba:<\/strong><\/li>\n<\/ol>\n<ul>\n<li>Iesl\u0113dziet vad\u012bbas meh\u0101nismus vai st\u016bri uz pac\u0113l\u0101ja, lai vad\u012btu st\u016bres cilindru.<\/li>\n<li>St\u016br\u0113\u0161anas laik\u0101 iev\u0113rojiet ieteicam\u0101s proced\u016bras un dro\u0161\u012bbas vadl\u012bnijas.<\/li>\n<\/ul>\n<ol start=\"4\">\n<li><strong>Rea\u0123\u0113tsp\u0113ja un precizit\u0101te:<\/strong><\/li>\n<\/ol>\n<ul>\n<li>Iepaz\u012bstieties ar platformas, kas apr\u012bkota ar st\u016bres cilindru, st\u016br\u0113\u0161anas reakciju un jut\u012bbu.<\/li>\n<li>Lai sasniegtu prec\u012bzu pozicion\u0113\u0161anu un vienm\u0113r\u012bgu manevr\u0113\u0161anu, praktiz\u0113jiet pak\u0101peniskas un kontrol\u0113tas st\u016br\u0113\u0161anas darb\u012bbas.<\/li>\n<\/ul>\n<h2><strong>K\u0101 izskalot hidraulisko sist\u0113mu?<\/strong><\/h2>\n<p>Hidraulisk\u0101s sist\u0113mas skalo\u0161ana ir svar\u012bga apkopes proced\u016bra, kas pal\u012bdz no sist\u0113mas no\u0146emt pies\u0101r\u0146ot\u0101jus, veco \u0161\u0137idrumu un gru\u017eus, nodro\u0161inot optim\u0101lu veiktsp\u0113ju un ilgm\u016b\u017e\u012bbu. \u0160eit ir sniegta detaliz\u0113ta instrukcija par hidraulisk\u0101s sist\u0113mas skalo\u0161anu:<\/p>\n<ol>\n<li><strong>Apkopojiet nepiecie\u0161amos instrumentus un materi\u0101lus:<\/strong>\n<ul>\n<li>Aizsargbrilles un cimdi<\/li>\n<li>Notekas panna vai spainis<\/li>\n<li>T\u012bras lupatas vai dvie\u013ci<\/li>\n<li>Uzgrie\u017e\u0146u atsl\u0113ga vai knaibles<\/li>\n<li>Hidraulisk\u0101s sist\u0113mas skalo\u0161anas \u0161\u0137idrums (ra\u017eot\u0101ja ieteikts)<\/li>\n<li>Hidraulisk\u0101 \u0161\u0137idruma nomai\u0146a (ja nepiecie\u0161ams)<\/li>\n<\/ul>\n<\/li>\n<li><strong>Sagatavojiet darba zonu:<\/strong>\n<ul>\n<li>Novietojiet apr\u012bkojumu uz l\u012bdzenas virsmas un iesl\u0113dziet visus dro\u0161\u012bbas meh\u0101nismus, piem\u0113ram, iesl\u0113dziet st\u0101vbremzi vai blo\u0137\u0113jiet rite\u0146us.<\/li>\n<li>Nodro\u0161iniet pietiekamu ventil\u0101ciju telp\u0101, lai izvair\u012btos no skalo\u0161anas \u0161\u0137idruma izgarojumu ieelpo\u0161anas.<\/li>\n<\/ul>\n<\/li>\n<li><strong>Identific\u0113jiet sist\u0113mas komponentus:<\/strong>\n<ul>\n<li>Iepaz\u012bstieties ar hidraulisk\u0101s sist\u0113mas sast\u0101vda\u013c\u0101m, tostarp rezervu\u0101ru, filtriem, \u0161\u013c\u016bten\u0113m un savienojumiem.<\/li>\n<li>Lai ieg\u016btu konkr\u0113tus nor\u0101d\u012bjumus par \u0161o komponentu atra\u0161an\u0101s vietu, skatiet iek\u0101rtas rokasgr\u0101matu vai ra\u017eot\u0101ja nor\u0101d\u012bjumus.<\/li>\n<\/ul>\n<\/li>\n<li><strong>Nolejiet eso\u0161o \u0161\u0137idrumu:<\/strong>\n<ul>\n<li>Novietojiet notekas pannu vai spaini zem hidraulisk\u0101s tvertnes.<\/li>\n<li>Izmantojiet uzgrie\u017e\u0146u atsl\u0113gu vai knaibles, lai atskr\u016bv\u0113tu iztuk\u0161o\u0161anas aizb\u0101zni vai no\u0146emtu iztuk\u0161o\u0161anas v\u0101ci\u0146u, \u013caujot vecajam \u0161\u0137idrumam piln\u012bb\u0101 iztuk\u0161oties.<\/li>\n<li>Nolietoto \u0161\u0137idrumu utiliz\u0113jiet saska\u0146\u0101 ar viet\u0113jiem noteikumiem.<\/li>\n<\/ul>\n<\/li>\n<li><strong>Filtru no\u0146em\u0161ana un t\u012br\u012b\u0161ana:<\/strong>\n<ul>\n<li>Atrodiet hidrauliskos filtrus un no\u0146emiet tos saska\u0146\u0101 ar ra\u017eot\u0101ja nor\u0101d\u012bjumiem.<\/li>\n<li>P\u0101rbaudiet filtrus, vai nav net\u012brumu, gru\u017eu vai boj\u0101jumu paz\u012bmju.<\/li>\n<li>Pirms filtru atk\u0101rtotas uzst\u0101d\u012b\u0161anas not\u012briet vai nomainiet tos p\u0113c nepiecie\u0161am\u012bbas.<\/li>\n<\/ul>\n<\/li>\n<li><strong>Pievienojiet skalo\u0161anas apr\u012bkojumu:<\/strong>\n<ul>\n<li>Pievienojiet skalo\u0161anas l\u012bniju vai \u0161\u013c\u016bteni hidrauliskajai sist\u0113mai, nodro\u0161inot dro\u0161u savienojumu.<\/li>\n<li>Novietojiet skalo\u0161anas l\u012bnijas otru galu skalo\u0161anas \u0161\u0137idruma trauk\u0101.<\/li>\n<\/ul>\n<\/li>\n<li><strong>Sist\u0113mas izskalo\u0161ana:<\/strong>\n<ul>\n<li>L\u0113n\u0101m ievadiet skalo\u0161anas \u0161\u0137idrumu hidrauliskaj\u0101 sist\u0113m\u0101, iesl\u0113dzot iek\u0101rtu vai aktiviz\u0113jot hidraulisko s\u016bkni.<\/li>\n<li>\u013baujiet skalo\u0161anas \u0161\u0137idrumam cirkul\u0113t sist\u0113m\u0101 noteiktu laiku, k\u0101 ieteicis ra\u017eot\u0101js.<\/li>\n<li>Darbiniet visas hidraulisk\u0101s vad\u012bbas ier\u012bces, lai nodro\u0161in\u0101tu, ka skalo\u0161anas \u0161\u0137idrums sasniedz visas sast\u0101vda\u013cas.<\/li>\n<\/ul>\n<\/li>\n<li><strong>Skalo\u0161anas \u0161\u0137idruma izle\u0161ana:<\/strong>\n<ul>\n<li>Atvienojiet skalo\u0161anas l\u012bniju no hidraulisk\u0101s sist\u0113mas.<\/li>\n<li>Uzlieciet atpaka\u013c iztuk\u0161o\u0161anas aizb\u0101zni vai v\u0101ci\u0146u uz rezervu\u0101ra.<\/li>\n<li>\u013baujiet skalo\u0161anas \u0161\u0137idrumam piln\u012bb\u0101 iztec\u0113t notekas tvertn\u0113 vai spain\u012b.<\/li>\n<\/ul>\n<\/li>\n<li><strong>Uzpild\u012b\u0161ana ar jaunu hidraulisko \u0161\u0137idrumu:<\/strong>\n<ul>\n<li>P\u0101rliecinieties, ka rezervu\u0101rs ir t\u012brs un bez jebk\u0101diem skalo\u0161anas \u0161\u0137idruma atlikumiem.<\/li>\n<li>Atbilsto\u0161u hidraulisk\u0101 \u0161\u0137idruma veidu un daudzumu skatiet iek\u0101rtas rokasgr\u0101mat\u0101 vai ra\u017eot\u0101ja vadl\u012bnij\u0101s.<\/li>\n<li>L\u0113n\u0101m ielejiet vai ies\u016bkn\u0113jiet jauno hidraulisko \u0161\u0137idrumu rezervu\u0101r\u0101, izvairoties no p\u0101rpild\u012b\u0161anas.<\/li>\n<\/ul>\n<\/li>\n<li><strong>Atgaisojiet un p\u0101rbaudiet sist\u0113mu:<\/strong><\/li>\n<\/ol>\n<ul>\n<li>Ja nepiecie\u0161ams, iev\u0113rojiet ra\u017eot\u0101ja nor\u0101d\u012bjumus par gaisa izvad\u012b\u0161anu no sist\u0113mas.<\/li>\n<li>Iedarbiniet apr\u012bkojumu vai aktiviz\u0113jiet hidraulisko s\u016bkni un darbiniet vad\u012bbas ier\u012bces, lai nodro\u0161in\u0101tu pareizu sist\u0113mas darb\u012bbu.<\/li>\n<li>Darb\u012bbas laik\u0101 p\u0101rbaudiet, vai nav nopl\u016b\u017eu vai citu anom\u0101liju.<\/li>\n<\/ul>\n<h2><strong>R\u016bpn\u012bcas iesp\u0113jas un jauda:<\/strong><\/h2>\n<h3>(1) Mont\u0101\u017ea<\/h3>\n<p>Mums ir pirmklas\u012bga neatkar\u012bga p\u0113tniec\u012bbas un att\u012bst\u012bbas mont\u0101\u017eas platforma. Hidraulisko cilindru ra\u017eo\u0161anas darbn\u012bc\u0101 ir \u010detras pusautom\u0101tiskas pacel\u0161anas cilindru mont\u0101\u017eas l\u012bnijas un viena autom\u0101tisk\u0101 sl\u012bpuma cilindru mont\u0101\u017eas l\u012bnija ar projekt\u0113to gada ra\u017eo\u0161anas jaudu 1 miljons vien\u012bbu. Speci\u0101lo cilindru darbn\u012bca ir apr\u012bkota ar da\u017e\u0101du specifik\u0101ciju pusautom\u0101tisku t\u012br\u012b\u0161anas mont\u0101\u017eas sist\u0113mu ar projekt\u0113to gada ra\u017eo\u0161anas jaudu 200 000 vien\u012bbu un apr\u012bkota ar slaven\u0101m CNC apstr\u0101des iek\u0101rt\u0101m, apstr\u0101des centru, augstas precizit\u0101tes cilindru apstr\u0101des speci\u0101lo apr\u012bkojumu, robotiz\u0113tu metin\u0101\u0161anas iek\u0101rtu, autom\u0101tisku t\u012br\u012b\u0161anas iek\u0101rtu, autom\u0101tisku cilindru mont\u0101\u017eas iek\u0101rtu un autom\u0101tisku kr\u0101so\u0161anas ra\u017eo\u0161anas l\u012bniju. Eso\u0161ais kritiskais apr\u012bkojums ir vair\u0101k nek\u0101 300 komplektu (komplektu). Optim\u0101la iek\u0101rtu resursu sadale un efekt\u012bva izmanto\u0161ana nodro\u0161ina produktu precizit\u0101tes pras\u012bbas un apmierina produktu augst\u0101s kvalit\u0101tes pras\u012bbas.<\/p>\n<p><img loading=\"lazy\" decoding=\"async\" class=\"alignnone wp-image-626\" src=\"https:\/\/hydraulic-cylinders.net\/wp-content\/uploads\/2023\/08\/hydraulic-cylinder-product-1-300x158.webp\" alt=\"\" width=\"495\" height=\"260\" srcset=\"https:\/\/hydraulic-cylinders.net\/wp-content\/uploads\/2023\/08\/hydraulic-cylinder-product-1-300x158.webp 495w, https:\/\/hydraulic-cylinders.net\/wp-content\/uploads\/2023\/08\/hydraulic-cylinder-product-1-480x252.webp 480w\" sizes=\"(min-width: 0px) and (max-width: 480px) 480px, (min-width: 481px) 495px, 100vw\" \/> <img loading=\"lazy\" decoding=\"async\" class=\"alignnone wp-image-627\" src=\"https:\/\/hydraulic-cylinders.net\/wp-content\/uploads\/2023\/08\/hydraulic-cylinder-product-2-300x189.webp\" alt=\"\" width=\"413\" height=\"260\" \/><\/p>\n<h3>(2) Apstr\u0101de<\/h3>\n<p>Apstr\u0101des cehs ir apr\u012bkots ar piel\u0101gotu sl\u012bpo slie\u017eu virpo\u0161anas centru, apstr\u0101des centru, \u0101trgaitas asin\u0101\u0161anas ma\u0161\u012bnu, metin\u0101\u0161anas robotu un citu saist\u012btu apr\u012bkojumu, kas var apstr\u0101d\u0101t cilindriskas caurules ar maksim\u0101lo iek\u0161\u0113jo diametru 400 mm un maksim\u0101lo garumu 6 metri.<\/p>\n<p><img loading=\"lazy\" decoding=\"async\" class=\"alignnone wp-image-628 size-large\" src=\"https:\/\/hydraulic-cylinders.net\/wp-content\/uploads\/2023\/08\/hydraulic-cylinder-product-3-1024x391.webp\" alt=\"\" width=\"1024\" height=\"391\" srcset=\"https:\/\/hydraulic-cylinders.net\/wp-content\/uploads\/2023\/08\/hydraulic-cylinder-product-3-980x374.webp 980w, https:\/\/hydraulic-cylinders.net\/wp-content\/uploads\/2023\/08\/hydraulic-cylinder-product-3-480x183.webp 480w\" sizes=\"(min-width: 0px) and (max-width: 480px) 480px, (min-width: 481px) and (max-width: 980px) 980px, (min-width: 981px) 1024px, 100vw\" \/><\/p>\n<h3>(3) Metin\u0101\u0161ana<\/h3>\n<p><img loading=\"lazy\" decoding=\"async\" class=\"alignnone wp-image-629 size-large\" src=\"https:\/\/hydraulic-cylinders.net\/wp-content\/uploads\/2023\/08\/hydraulic-cylinder-product-4-1024x510.webp\" alt=\"\" width=\"1024\" height=\"510\" srcset=\"https:\/\/hydraulic-cylinders.net\/wp-content\/uploads\/2023\/08\/hydraulic-cylinder-product-4-980x488.webp 980w, https:\/\/hydraulic-cylinders.net\/wp-content\/uploads\/2023\/08\/hydraulic-cylinder-product-4-480x239.webp 480w\" sizes=\"(min-width: 0px) and (max-width: 480px) 480px, (min-width: 481px) and (max-width: 980px) 980px, (min-width: 981px) 1024px, 100vw\" \/><\/p>\n<h3>(4) Kr\u0101so\u0161ana un p\u0101rkl\u0101\u0161ana<\/h3>\n<p>Ar maz\u0101m un vid\u0113ja izm\u0113ra cilindrisk\u0101m autom\u0101tisk\u0101m \u016bdens b\u0101zes kr\u0101su p\u0101rkl\u0101\u0161anas l\u012bnij\u0101m, lai pan\u0101ktu autom\u0101tisku robotu iekrau\u0161anu un izkrau\u0161anu un autom\u0101tisku izsmidzin\u0101\u0161anu, projekt\u0113t\u0101 jauda ir 4000 gabali mai\u0146\u0101;<br \/>\nMums ir ar\u012b pusautom\u0101tiska kr\u0101su ra\u017eo\u0161anas l\u012bnija lieliem baloniem, ko darbina \u0137\u0113des piedzi\u0146a, ar 60 kastu konstrukcijas jaudu vien\u0101 mai\u0146\u0101.<\/p>\n<p><img loading=\"lazy\" decoding=\"async\" class=\"alignnone wp-image-630\" src=\"https:\/\/hydraulic-cylinders.net\/wp-content\/uploads\/2023\/08\/hydraulic-cylinder-product-5-300x213.webp\" alt=\"\" width=\"366\" height=\"260\" \/> <img loading=\"lazy\" decoding=\"async\" class=\"alignnone wp-image-631\" src=\"https:\/\/hydraulic-cylinders.net\/wp-content\/uploads\/2023\/08\/hydraulic-cylinder-product-6-300x225.webp\" alt=\"\" width=\"347\" height=\"260\" \/><\/p>\n<h3>(5) Test\u0113\u0161ana<\/h3>\n<p>Mums ir augst\u0101k\u0101s klases p\u0101rbaudes iek\u0101rtas un test\u0113\u0161anas stendi, lai nodro\u0161in\u0101tu, ka balona veiktsp\u0113ja atbilst pras\u012bb\u0101m.<\/p>\n<p><img loading=\"lazy\" decoding=\"async\" class=\"alignnone wp-image-632\" src=\"https:\/\/hydraulic-cylinders.net\/wp-content\/uploads\/2023\/08\/hydraulic-cylinder-product-8-300x200.webp\" alt=\"\" width=\"389\" height=\"260\" \/><\/p>\n<p>&nbsp;<\/p>\n<p>&nbsp;<\/p>\n<p>M\u0113s esam viens no lab\u0101kajiem hidraulisko cilindru ra\u017eot\u0101jiem. M\u0113s varam pied\u0101v\u0101t visaptvero\u0161us hidrauliskos cilindrus. M\u0113s nodro\u0161in\u0101m ar\u012b atbilsto\u0161us <a href=\"https:\/\/hzpt.com\/agricultural-pto-gearbox\/\" target=\"_blank\" rel=\"noopener\">lauksaimniec\u012bbas p\u0101rnesumk\u0101rbas<\/a>. M\u0113s esam eksport\u0113ju\u0161i savus produktus klientiem vis\u0101 pasaul\u0113 un esam ieguvu\u0161i labu reput\u0101ciju, pateicoties m\u016bsu izcilajai produktu kvalit\u0101tei un p\u0113cp\u0101rdo\u0161anas servisam. M\u0113s aicin\u0101m klientus no valsts un \u0101rvalst\u012bm sazin\u0101ties ar mums, lai risin\u0101tu biznesa sarunas, apmain\u012btos ar inform\u0101ciju un... <a href=\"https:\/\/www.hydraulic-cylinders.net\/lv\/contact-us\/\">sadarboties ar mums<\/a>!<\/p>","protected":false},"excerpt":{"rendered":"<p>Aerial Work Platform Steering Cylinder The aerial work platform steering cylinder is a critical component designed to enhance maneuverability and control in aerial work platforms. This specialized hydraulic cylinder is vital in steering the platform, allowing operators to navigate safely and efficiently at elevated heights. The aerial work platform steering is indispensable for enhancing maneuverability, [&hellip;]<\/p>","protected":false},"featured_media":1546,"comment_status":"open","ping_status":"closed","template":"","meta":{"_et_pb_use_builder":"","_et_pb_old_content":"","_et_gb_content_width":""},"product_brand":[],"product_cat":[1500,1550],"product_tag":[1380],"class_list":{"0":"post-1544","1":"product","2":"type-product","3":"status-publish","4":"has-post-thumbnail","6":"product_cat-aerial-work-vehicle-hydraulic-cylinder","7":"product_cat-double-acting-hydraulic-cylinder","8":"product_tag-hydraulic-cylinder","10":"first","11":"instock","12":"shipping-taxable","13":"product-type-simple"},"amp_enabled":true,"_links":{"self":[{"href":"https:\/\/www.hydraulic-cylinders.net\/lv\/wp-json\/wp\/v2\/product\/1544","targetHints":{"allow":["GET"]}}],"collection":[{"href":"https:\/\/www.hydraulic-cylinders.net\/lv\/wp-json\/wp\/v2\/product"}],"about":[{"href":"https:\/\/www.hydraulic-cylinders.net\/lv\/wp-json\/wp\/v2\/types\/product"}],"replies":[{"embeddable":true,"href":"https:\/\/www.hydraulic-cylinders.net\/lv\/wp-json\/wp\/v2\/comments?post=1544"}],"wp:featuredmedia":[{"embeddable":true,"href":"https:\/\/www.hydraulic-cylinders.net\/lv\/wp-json\/wp\/v2\/media\/1546"}],"wp:attachment":[{"href":"https:\/\/www.hydraulic-cylinders.net\/lv\/wp-json\/wp\/v2\/media?parent=1544"}],"wp:term":[{"taxonomy":"product_brand","embeddable":true,"href":"https:\/\/www.hydraulic-cylinders.net\/lv\/wp-json\/wp\/v2\/product_brand?post=1544"},{"taxonomy":"product_cat","embeddable":true,"href":"https:\/\/www.hydraulic-cylinders.net\/lv\/wp-json\/wp\/v2\/product_cat?post=1544"},{"taxonomy":"product_tag","embeddable":true,"href":"https:\/\/www.hydraulic-cylinders.net\/lv\/wp-json\/wp\/v2\/product_tag?post=1544"}],"curies":[{"name":"wp","href":"https:\/\/api.w.org\/{rel}","templated":true}]}}