{"id":15459,"date":"2025-01-19T14:33:22","date_gmt":"2025-01-19T14:33:22","guid":{"rendered":"https:\/\/www.hydraulic-cylinders.net\/product\/bucket-cylinder-for-xcmg-small-excavator-xe15\/"},"modified":"2025-01-19T14:33:24","modified_gmt":"2025-01-19T14:33:24","slug":"bucket-cylinder-for-xcmg-small-excavator-xe15","status":"publish","type":"product","link":"https:\/\/www.hydraulic-cylinders.net\/lv\/products\/bucket-cylinder-for-xcmg-small-excavator-xe15\/","title":{"rendered":"Kausa cilindrs XCMG mazajam ekskavatoram XE15"},"content":{"rendered":"<h1>Kausa cilindrs XCMG mazajam ekskavatoram XE15<\/h1>\n<h2>Ievads<\/h2>\n<p>Kausa cilindrs ir hidraulisk\u0101 cilindra veids, kas \u012bpa\u0161i paredz\u0113ts kausu kust\u012bbas vad\u012bbai smagaj\u0101s ma\u0161\u012bn\u0101s, piem\u0113ram, ekskavatoros, univers\u0101lajos iekr\u0101v\u0113jos un front\u0101lajos iekr\u0101v\u0113jos. T\u0101 galven\u0101 funkcija ir nodro\u0161in\u0101t kausa pacel\u0161anu, nolai\u0161anu un noliek\u0161anu, atvieglojot da\u017e\u0101du materi\u0101lu apstr\u0101des uzdevumu veik\u0161anu. Hidrauliskaj\u0101 sist\u0113m\u0101 kausa cilindrs pan\u0101k prec\u012bzu kausa vad\u012bbu, mainot hidraulisk\u0101s e\u013c\u013cas spiedienu, \u013caujot operatoriem efekt\u012bvi apstr\u0101d\u0101t smagas kravas un piel\u0101goties sare\u017e\u0123\u012btai darba videi un da\u017e\u0101d\u0101m darba pras\u012bb\u0101m.<\/p>\n<p><img decoding=\"async\" src=\"https:\/\/www.hydraulic-cylinders.net\/wp-content\/uploads\/2025\/01\/songte-company-2.webp\"><\/p>\n<h2>Funkcijas<\/h2>\n<ul>\n<li><strong>Augsta iztur\u012bba un ilgm\u016b\u017e\u012bba:<\/strong> Parasti no augstas stipr\u012bbas t\u0113rauda vai alum\u012bnija izgatavotais kausa cilindrs var iztur\u0113t augstu spiedienu un lielas slodzes, padarot to piem\u0113rotu skarbiem darba apst\u0101k\u013ciem. Tas ir izstr\u0101d\u0101ts, \u0146emot v\u0113r\u0101 nodilumiztur\u012bbu un korozijas iztur\u012bbu, t\u0101p\u0113c tam ir ilg\u0101ks kalpo\u0161anas laiks.<\/li>\n<li><strong>Efekt\u012bva hidraulisk\u0101 darb\u012bba:<\/strong> Izmantojot hidraulisk\u0101s e\u013c\u013cas spiedienu, lai pan\u0101ktu vienm\u0113r\u012bgu izstiep\u0161anu un ievilk\u0161anu, kausa cilindrs var \u0101tri rea\u0123\u0113t uz darb\u012bbas komand\u0101m, nodro\u0161inot sp\u0113c\u012bgu stum\u0161anas un vilk\u0161anas sp\u0113ku, kas ir piem\u0113rots smagu kravu apstr\u0101dei un sare\u017e\u0123\u012btiem ekspluat\u0101cijas uzdevumiem.<\/li>\n<li><strong>Da\u017e\u0101di veidi:<\/strong> Kausa cilindru var izv\u0113l\u0113ties k\u0101 vienk\u0101r\u0161\u0101s darb\u012bbas (izmantojot hidrauliku tikai vien\u0101 virzien\u0101) vai divk\u0101r\u0161\u0101s darb\u012bbas (izmantojot hidrauliku abos virzienos) atkar\u012bb\u0101 no konkr\u0113t\u0101m ekspluat\u0101cijas pras\u012bb\u0101m. Da\u017ei mode\u013ci ir teleskopiski, kas \u013cauj to liel\u0101ku pagarin\u0101jumu, nepalielinot \u0101r\u0113jos izm\u0113rus, un ir piem\u0113roti lietojumiem ar ierobe\u017eotu vietu.<\/li>\n<li><strong>Perfekta nomai\u0146a:<\/strong> M\u016bsu produkts var lieliski aizst\u0101t \u0161os hidrauliskos cilindrus.<\/li>\n<\/ul>\n<p><img decoding=\"async\" src=\"https:\/\/www.hydraulic-cylinders.net\/wp-content\/uploads\/2025\/01\/songte-cylinder-head-with-all-kinds-excavator-models.webp\"><\/p>\n<h2>Pieteikumi<\/h2>\n<p>Kausa cilindri ir nepiecie\u0161ami celtniec\u012bbas iek\u0101rt\u0101m, tostarp ekskavatoriem, univers\u0101lajiem iekr\u0101v\u0113jiem un iekr\u0101v\u0113jiem. Tos izmanto augsnes vai gru\u017eu rak\u0161anai, iekrau\u0161anai un p\u0101rvieto\u0161anai. Ekskavatoros-iekr\u0101v\u0113jos kausa cilindrs pal\u012bdz gan rak\u0161an\u0101, gan cel\u0161an\u0101. Lauksaimniec\u012bbas ma\u0161\u012bn\u0101s to izmanto front\u0101lajos iekr\u0101v\u0113jos, lai paceltu, paceltu un transport\u0113tu augsni, sienu un citus materi\u0101lus. Ekskavatoros kausa cilindrs \u013cauj kausam iek\u013c\u016bt augsn\u0113 rak\u0161anas darbiem. Front\u0101lajos iekr\u0101v\u0113jos tas pal\u012bdz efekt\u012bvi pacelt un izg\u0101zt preces.<\/p>\n<ul>\n<li><strong>Celtniec\u012bbas apr\u012bkojums:<\/strong> Kausa cilindri ir nepiecie\u0161ami augsnes vai gru\u017eu rak\u0161anai, iekrau\u0161anai un p\u0101rvieto\u0161anai ekskavatoros, ekskavatoros un iekr\u0101v\u0113jos.<\/li>\n<li><strong>Lauksaimniec\u012bbas tehnika:<\/strong> Tos izmanto front\u0101lajiem iekr\u0101v\u0113jiem, lai sav\u0101ktu, paceltu un transport\u0113tu augsni, sienu un citus materi\u0101lus.<\/li>\n<li><strong>Ekskavatori:<\/strong> Kausa cilindri \u013cauj spainim iek\u013c\u016bt augsn\u0113 rak\u0161anas laik\u0101.<\/li>\n<li><strong>Front\u0101lie iekr\u0101v\u0113ji:<\/strong> Tie pal\u012bdz efekt\u012bvi pacelt un izkraut preces.<\/li>\n<\/ul>\n<h2>Dizaina apsv\u0113rumi un atlases krit\u0113riji<\/h2>\n<ul>\n<li><strong>Nestsp\u0113ja:<\/strong> Kausa cilindram j\u0101b\u016bt konstru\u0113tam t\u0101, lai tas iztur\u0113tu maksim\u0101lo slodzi, kurai tas tiks pak\u013cauts.<\/li>\n<li><strong>Bl\u012bv\u0113jums:<\/strong> Kausa cilindram j\u0101b\u016bt efekt\u012bvi nosl\u0113gtam, lai nov\u0113rstu hidraulisk\u0101 \u0161\u0137idruma nopl\u016bdi, kas var saboj\u0101t cilindru un apk\u0101rt\u0113j\u0101s sast\u0101vda\u013cas.<\/li>\n<li><strong>Iztur\u012bba:<\/strong> Kausa cilindram j\u0101b\u016bt izgatavotam no materi\u0101liem, kas ir iztur\u012bgi pret nodilumu un koroziju, t\u0101d\u0113j\u0101di pagarinot t\u0101 kalpo\u0161anas laiku.<\/li>\n<li><strong>Dro\u0161\u012bba:<\/strong> Kausa cilindram j\u0101b\u016bt konstru\u0113tam ar dro\u0161\u012bbas funkcij\u0101m, lai nov\u0113rstu negad\u012bjumus, piem\u0113ram, spiediena samazin\u0101\u0161anas v\u0101rstiem un blo\u0137\u0113\u0161anas meh\u0101nismiem.<\/li>\n<li><strong>Uzturam\u012bba:<\/strong> Kausa cilindram j\u0101b\u016bt konstru\u0113tam t\u0101, lai atvieglotu apkopi un remontu, ar \u0113rtu piek\u013cuvi iek\u0161\u0113j\u0101m sast\u0101vda\u013c\u0101m un skaidr\u0101m instrukcij\u0101m demont\u0101\u017eai un mont\u0101\u017eai.<\/li>\n<\/ul>\n<p><img decoding=\"async\" src=\"https:\/\/www.hydraulic-cylinders.net\/wp-content\/uploads\/2025\/01\/songte-oil-pipes-and-spare-parts.webp\"><\/p>\n<h2>Bl\u012bv\u0113\u0161ana un e\u013c\u013co\u0161ana<\/h2>\n<p>Kausa cilindr\u0101 tiek izmantoti da\u017e\u0101di bl\u012bv\u0113\u0161anas komponenti, piem\u0113ram, virzu\u013ca bl\u012bvsl\u0113gi \u200b\u200bun stie\u0146a bl\u012bvsl\u0113gi, kas izgatavoti no nodilumiztur\u012bgiem materi\u0101liem, piem\u0113ram, poliuret\u0101na un nitrila gumijas. Cilindra iek\u0161\u0113j\u0101 virsma un v\u012bt\u0146otais gals ir prec\u012bzi apstr\u0101d\u0101ti, lai uzlabotu nodilumiztur\u012bbu. Lai uztur\u0113tu optim\u0101lu veiktsp\u0113ju, ir nepiecie\u0161ama regul\u0101ra e\u013c\u013co\u0161ana ar atbilsto\u0161u hidraulisk\u0101s e\u013c\u013cas daudzumu.<\/p>\n<h2>P\u0101rbaude un profilaktisk\u0101 apkope<\/h2>\n<ul>\n<li>Regul\u0101ri j\u0101veic p\u0101rbaudes, lai atkl\u0101tu jebk\u0101das nodiluma paz\u012bmes, nopl\u016bdes vai citus balona boj\u0101jumus.<\/li>\n<li>Lai nodro\u0161in\u0101tu vienm\u0113r\u012bgu darb\u012bbu un nov\u0113rstu nodilumu, ir nepiecie\u0161ama pareiza cilindra un apk\u0101rt\u0113jo komponentu e\u013c\u013co\u0161ana.<\/li>\n<li>Lai nov\u0113rstu nopl\u016bdes un nodro\u0161in\u0101tu pareizu darb\u012bbu, periodiski j\u0101nomaina bl\u012bves.<\/li>\n<li>Lai p\u0101rliecin\u0101tos, ka cilindrs darbojas noteiktaj\u0101s robe\u017e\u0101s, j\u0101veic kalibr\u0113\u0161anas p\u0101rbaudes.<\/li>\n<\/ul>\n<p><img decoding=\"async\" src=\"https:\/\/www.hydraulic-cylinders.net\/wp-content\/uploads\/2025\/01\/songte-chushion-collar.webp\"><\/p>\n<h2>Dro\u0161\u012bbas apsv\u0113rumi un vides faktori<\/h2>\n<p>Izmantojot kausu cilindrus, ir svar\u012bgi iev\u0113rot dro\u0161\u012bbas pas\u0101kumus, lai nov\u0113rstu negad\u012bjumus. Tas ietver apr\u012bkojuma pareizu apkopi, t\u0101 ekspluat\u0101ciju tikai apm\u0101c\u012bta person\u0101la vad\u012bb\u0101 un lieto\u0161anu saska\u0146\u0101 ar dro\u0161\u012bbas noteikumiem. J\u0101\u0146em v\u0113r\u0101 ar\u012b t\u0101di vides faktori k\u0101 temperat\u016bra, mitrums un saskare ar kod\u012bgiem materi\u0101liem.<\/p>\n<h2>Probl\u0113mu nov\u0113r\u0161ana un bie\u017ei sastopamas probl\u0113mas<\/h2>\n<ul>\n<li>Nopl\u016bdes: To var izrais\u012bt bl\u012bv\u0113jumu vai citu sast\u0101vda\u013cu nodilums vai boj\u0101jumi. Bl\u012bves j\u0101nomaina p\u0113c iesp\u0113jas \u0101tr\u0101k, lai nov\u0113rstu turpm\u0101kus boj\u0101jumus.<\/li>\n<li>L\u0113na darb\u012bba: To bie\u017ei izraisa nepietiekama e\u013c\u013co\u0161ana vai nolietotas deta\u013cas. E\u013c\u013co\u0161ana un nolietoto deta\u013cu nomai\u0146a var atrisin\u0101t \u0161o probl\u0113mu.<\/li>\n<li>P\u0101rm\u0113r\u012bgs troksnis: To var izrais\u012bt nolietotas vai boj\u0101tas deta\u013cas. Boj\u0101to deta\u013cu nomai\u0146a var atrisin\u0101t \u0161o probl\u0113mu.<\/li>\n<\/ul>\n<h2>Uz\u0146\u0113muma ievads<\/h2>\n<p>We are a manufacturer of hydraulic cylinders and have become one of the leading manufacturers and wholesale distributors of hydraulic cylinders in domestic and international markets. We follow the principles of excellent quality and rely on production management strategies in refined manufacturing workshops. We continuously improve the manufacturing platform of the workshop, improve the production quality of products, and have strong innovation capabilities, providing efficient, precise, and high-quality products to meet customers&#8217; diverse needs.<\/p>\n<ul>\n<li><strong>Profesionalit\u0101te:<\/strong> M\u016bsu komandu veido pieredz\u0113ju\u0161i in\u017eenieri un tehni\u0137i, kas ir ap\u0146\u0113mu\u0161ies nodro\u0161in\u0101t augstas kvalit\u0101tes produktus un pakalpojumus.<\/li>\n<li><strong>Starptautisk\u0101 sertifik\u0101cija:<\/strong> Esam ieguvu\u0161i ISO9001 sertifik\u0101tu, kas apliecina m\u016bsu produktu atbilst\u012bbu starptautiskajiem kvalit\u0101tes standartiem.<\/li>\n<li><strong>Piel\u0101go\u0161ana:<\/strong> M\u0113s pied\u0101v\u0101jam piel\u0101go\u0161anas pakalpojumus, lai apmierin\u0101tu m\u016bsu klientu unik\u0101l\u0101s vajadz\u012bbas.<\/li>\n<li><strong>Ra\u017eo\u0161anas iek\u0101rtas:<\/strong> M\u0113s izmantojam modernu ra\u017eo\u0161anas apr\u012bkojumu, lai nodro\u0161in\u0101tu m\u016bsu produktu kvalit\u0101ti.<\/li>\n<li><strong>P\u0113cp\u0101rdo\u0161anas serviss:<\/strong> M\u0113s pied\u0101v\u0101jam visaptvero\u0161u p\u0113cp\u0101rdo\u0161anas servisu, tostarp apkopi, remontu un deta\u013cu nomai\u0146u.<\/li>\n<\/ul>\n<p><img decoding=\"async\" src=\"https:\/\/hzpt.com\/wp-content\/uploads\/2024\/11\/songte-company-1.webp\"> <\/p>\n<p>Autors: lil<\/p>","protected":false},"excerpt":{"rendered":"<p>Bucket Cylinder For XCMG Small Excavator XE15 Introduction A bucket cylinder is a type of hydraulic cylinder specifically designed to control the movement of buckets in heavy machinery such as excavators, backhoes, and front-end loaders. Its main function is to enable the bucket to be lifted, lowered, and tilted, making it easier to carry out [&hellip;]<\/p>","protected":false},"featured_media":14765,"comment_status":"open","ping_status":"closed","template":"","meta":{"_et_pb_use_builder":"","_et_pb_old_content":"","_et_gb_content_width":""},"product_brand":[],"product_cat":[1494],"product_tag":[1495,1496],"class_list":{"0":"post-15459","1":"product","2":"type-product","3":"status-publish","4":"has-post-thumbnail","6":"product_cat-bucket-cylinders","7":"product_tag-bucket-cylinders","8":"product_tag-hydraulic-cylinders","10":"first","11":"instock","12":"shipping-taxable","13":"product-type-simple"},"amp_enabled":true,"_links":{"self":[{"href":"https:\/\/www.hydraulic-cylinders.net\/lv\/wp-json\/wp\/v2\/product\/15459","targetHints":{"allow":["GET"]}}],"collection":[{"href":"https:\/\/www.hydraulic-cylinders.net\/lv\/wp-json\/wp\/v2\/product"}],"about":[{"href":"https:\/\/www.hydraulic-cylinders.net\/lv\/wp-json\/wp\/v2\/types\/product"}],"replies":[{"embeddable":true,"href":"https:\/\/www.hydraulic-cylinders.net\/lv\/wp-json\/wp\/v2\/comments?post=15459"}],"wp:featuredmedia":[{"embeddable":true,"href":"https:\/\/www.hydraulic-cylinders.net\/lv\/wp-json\/wp\/v2\/media\/14765"}],"wp:attachment":[{"href":"https:\/\/www.hydraulic-cylinders.net\/lv\/wp-json\/wp\/v2\/media?parent=15459"}],"wp:term":[{"taxonomy":"product_brand","embeddable":true,"href":"https:\/\/www.hydraulic-cylinders.net\/lv\/wp-json\/wp\/v2\/product_brand?post=15459"},{"taxonomy":"product_cat","embeddable":true,"href":"https:\/\/www.hydraulic-cylinders.net\/lv\/wp-json\/wp\/v2\/product_cat?post=15459"},{"taxonomy":"product_tag","embeddable":true,"href":"https:\/\/www.hydraulic-cylinders.net\/lv\/wp-json\/wp\/v2\/product_tag?post=15459"}],"curies":[{"name":"wp","href":"https:\/\/api.w.org\/{rel}","templated":true}]}}