{"id":15460,"date":"2025-01-19T14:33:26","date_gmt":"2025-01-19T14:33:26","guid":{"rendered":"https:\/\/www.hydraulic-cylinders.net\/product\/bucket-cylinder-for-xcmg-small-excavator-xe6oca\/"},"modified":"2025-01-19T14:33:34","modified_gmt":"2025-01-19T14:33:34","slug":"bucket-cylinder-for-xcmg-small-excavator-xe6oca","status":"publish","type":"product","link":"https:\/\/www.hydraulic-cylinders.net\/lv\/products\/bucket-cylinder-for-xcmg-small-excavator-xe6oca\/","title":{"rendered":"Kausa cilindrs XCMG mazajam ekskavatoram XE6OCA"},"content":{"rendered":"<h1>Kausa cilindrs XCMG mazajam ekskavatoram XE6OCA<\/h1>\n<h2>Ievads<\/h2>\n<p>XCMG maz\u0101 ekskavatora XE6OCA kausa cilindrs ir specializ\u0113ts hidrauliskais cilindrs, ko izmanto kausa kust\u012bbas kontrolei smagaj\u0101s ma\u0161\u012bn\u0101s, piem\u0113ram, ekskavatoros, univers\u0101lajos ekskavatoros un front\u0101lajos iekr\u0101v\u0113jos. T\u0101 galven\u0101 funkcija ir nodro\u0161in\u0101t kausa pacel\u0161anu, nolai\u0161anu un noliek\u0161anu, atvieglojot da\u017e\u0101du materi\u0101lu transport\u0113\u0161anu. Hidrauliskaj\u0101 sist\u0113m\u0101 kausa cilindrs prec\u012bzi kontrol\u0113 kausa kust\u012bbu, izmantojot hidraulisk\u0101s e\u013c\u013cas spiediena izmai\u0146as, \u013caujot operatoriem efekt\u012bvi apstr\u0101d\u0101t smagas kravas, piel\u0101goties sare\u017e\u0123\u012btai darba videi un da\u017e\u0101d\u0101m darba pras\u012bb\u0101m.<\/p>\n<p><img decoding=\"async\" src=\"https:\/\/www.hydraulic-cylinders.net\/wp-content\/uploads\/2025\/01\/songte-company-2.webp\" \/><\/p>\n<h2>Funkcijas<\/h2>\n<ul>\n<li>Augsta iztur\u012bba un ilgm\u016b\u017e\u012bba: Parasti izgatavots no augstas stipr\u012bbas t\u0113rauda vai alum\u012bnija, tas var iztur\u0113t augstu spiedienu un lielas slodzes, piel\u0101gojoties skarbai darba videi. Konstrukcij\u0101 \u0146emta v\u0113r\u0101 nodilumiztur\u012bba un iztur\u012bba pret koroziju, pagarinot kalpo\u0161anas laiku.<\/li>\n<li>Efekt\u012bva hidraulisk\u0101 darb\u012bba: Vienm\u0113r\u012bga izstiep\u0161anas un ievilk\u0161anas kust\u012bba tiek pan\u0101kta, izmantojot hidraulisk\u0101s e\u013c\u013cas spiedienu. T\u0101 var \u0101tri rea\u0123\u0113t uz vad\u012bbas komand\u0101m, nodro\u0161inot sp\u0113c\u012bgu stum\u0161anas un vilk\u0161anas sp\u0113ku, kas ir piem\u0113rots smagu kravu apstr\u0101dei un sare\u017e\u0123\u012btu darbu veik\u0161anai.<\/li>\n<li>Da\u017e\u0101di veidi: vienas darb\u012bbas (hidrauliski tikai vien\u0101 virzien\u0101) vai divk\u0101r\u0161as darb\u012bbas (hidrauliski abos virzienos) cilindrus var izv\u0113l\u0113ties atbilsto\u0161i vajadz\u012bb\u0101m, lai apmierin\u0101tu da\u017e\u0101das ekspluat\u0101cijas pras\u012bbas. Da\u017ei mode\u013ci ir teleskopiski, kas \u013cauj tos pagarin\u0101t, nepalielinot \u0101r\u0113jos izm\u0113rus, un ir piem\u0113roti lietojumiem ar ierobe\u017eotu vietu.<\/li>\n<li>Var aizst\u0101t citus hidrauliskos cilindrus: M\u016bsu produkti var lieliski aizst\u0101t \u0161os hidrauliskos cilindrus.<\/li>\n<\/ul>\n<p><img decoding=\"async\" src=\"https:\/\/www.hydraulic-cylinders.net\/wp-content\/uploads\/2025\/01\/songte-cylinder-head-with-all-kinds-excavator-models.webp\" \/><\/p>\n<h2>Pieteikumi<\/h2>\n<p>Kausa cilindram ir da\u017e\u0101di pielietojumi da\u017e\u0101d\u0101s nozar\u0113s:<\/p>\n<ul>\n<li>B\u016bvniec\u012bbas apr\u012bkojums: ekskavatoros tas ir nepiecie\u0161ams augsnes vai gru\u017eu rak\u0161anai, iekrau\u0161anai un p\u0101rvieto\u0161anai. Ekskavatoros kausa cilindrs pal\u012bdz gan rak\u0161an\u0101, gan cel\u0161an\u0101. <\/li>\n<li>Lauksaimniec\u012bbas tehnika: Izmanto front\u0101lajos iekr\u0101v\u0113jos augsnes, siena un citu materi\u0101lu sav\u0101k\u0161anai, cel\u0161anai un transport\u0113\u0161anai. Ekskavatoros kausa cilindrs \u013cauj rakt, \u013caujot kausam iek\u013c\u016bt augsn\u0113. Front\u0101lajos iekr\u0101v\u0113jos tie pal\u012bdz efekt\u012bvi pacelt un izg\u0101zt kravu.<\/li>\n<\/ul>\n<p>Iepriek\u0161 min\u0113t\u0101s lietojumprogrammas var papla\u0161in\u0101t \u0161\u0101di:<\/p>\n<ul>\n<li>B\u016bvniec\u012bbas tehnika: Kausa cilindrus parasti izmanto ekskavatoros, lai raktu, iekrautu un p\u0101rvietotu augsni vai gru\u017eus. Tie ir b\u016btiski ekskavatoru darb\u012bbai un tiem ir b\u016btiska loma to veiktsp\u0113j\u0101. Ekskavatoros kausa cilindrs pal\u012bdz gan rak\u0161an\u0101, gan cel\u0161an\u0101. Tas \u013cauj prec\u012bzi kontrol\u0113t kausa kust\u012bbu, atvieglojot materi\u0101lu pacel\u0161anu un izg\u0101\u0161anu. <\/li>\n<li>Lauksaimniec\u012bbas tehnika: Front\u0101lajos iekr\u0101v\u0113jos kausa cilindri tiek izmantoti, lai paceltu, paceltu un transport\u0113tu augsni, sienu un citus materi\u0101lus. Tie nodro\u0161ina sp\u0113ku, kas nepiecie\u0161ams kravas pacel\u0161anai un p\u0101rvieto\u0161anai. Ekskavatoros kausa cilindrs \u013cauj veikt rak\u0161anas darb\u012bbu, \u013caujot kausam iek\u013c\u016bt augsn\u0113. \u0160\u012b darb\u012bba atvieglo augsnes un citu materi\u0101lu sav\u0101k\u0161anu. Front\u0101lajos iekr\u0101v\u0113jos tie pal\u012bdz efekt\u012bvi pacelt un izg\u0101zt kravu, padarot to darb\u012bbu vienm\u0113r\u012bgu un efekt\u012bvu.<\/li>\n<\/ul>\n<h2>Dizaina apsv\u0113rumi un atlases krit\u0113riji<\/h2>\n<p>Kausa cilindra projekt\u0113\u0161anas un izv\u0113les krit\u0113rijos j\u0101\u0146em v\u0113r\u0101 \u0161\u0101di faktori:<\/p>\n<ul>\n<li>Nestsp\u0113ja: Balonam j\u0101b\u016bt pietiekami iztur\u012bgam, lai iztur\u0113tu slodzi, kurai tas tiks pak\u013cauts darb\u012bbas laik\u0101. <\/li>\n<li>Bl\u012bv\u0113jums: Pareiza bl\u012bv\u0113\u0161ana nodro\u0161ina hidraulisk\u0101 cilindra efekt\u012bvu darb\u012bbu un nov\u0113r\u0161 e\u013c\u013cas nopl\u016bdi. Bl\u012bv\u0113juma materi\u0101lu izv\u0113l\u0113 j\u0101\u0146em v\u0113r\u0101 iztur\u012bba, nodilumiztur\u012bba un iztur\u012bba pret koroziju.<\/li>\n<li>Iztur\u012bba: Balonam j\u0101b\u016bt iztur\u012bgam un sp\u0113j\u012bgam iztur\u0113t skarbus darba apst\u0101k\u013cus. <\/li>\n<li>Dro\u0161\u012bba: Str\u0101d\u0101jot ar hidrauliskajiem cilindriem, dro\u0161\u012bba ir kritiski svar\u012bgs faktors. Cilindram j\u0101b\u016bt konstru\u0113tam ar dro\u0161\u012bbas funkcij\u0101m, lai nov\u0113rstu negad\u012bjumus.<\/li>\n<li>Apkope: Balonam j\u0101b\u016bt konstru\u0113tam, \u0146emot v\u0113r\u0101 t\u0101 apkopes vienk\u0101r\u0161\u012bbu. \u0160\u012b funkcija pal\u012bdz samazin\u0101t d\u012bkst\u0101ves laiku un nodro\u0161ina, ka balons vienm\u0113r ir lab\u0101 darba k\u0101rt\u012bb\u0101.<\/li>\n<\/ul>\n<p><img decoding=\"async\" src=\"https:\/\/www.hydraulic-cylinders.net\/wp-content\/uploads\/2025\/01\/songte-oil-pipes-and-spare-parts.webp\" \/><\/p>\n<h2>Bl\u012bv\u0113\u0161ana un e\u013c\u013co\u0161ana<\/h2>\n<p>Kausa cilindr\u0101 tiek izmantoti da\u017e\u0101di bl\u012bv\u0113\u0161anas komponenti, piem\u0113ram, virzu\u013ca bl\u012bv\u0113jumi, stie\u0146a bl\u012bv\u0113jumi un t\u012br\u012bt\u0101ji, lai nov\u0113rstu e\u013c\u013cas nopl\u016bdi un nodro\u0161in\u0101tu efekt\u012bvu darb\u012bbu. Bl\u012bv\u0113\u0161anas materi\u0101liem j\u0101b\u016bt iztur\u012bgiem, nodilumiztur\u012bgiem un korozijiztur\u012bgiem, piem\u0113ram, poliuret\u0101nam un nitrilgumijai. Cilindra korpuss un v\u012bt\u0146ot\u0101 gala virsma tiek r\u016bp\u012bgi apstr\u0101d\u0101ta, lai uzlabotu nodilumiztur\u012bbu.<\/p>\n<p>Lai nodro\u0161in\u0101tu vienm\u0113r\u012bgu darb\u012bbu un nov\u0113rstu nodilumu, cilindram nepiecie\u0161ama regul\u0101ra e\u013c\u013co\u0161ana ar hidraulisko e\u013c\u013cu. E\u013c\u013ca j\u0101pievieno atbilsto\u0161\u0101 daudzum\u0101 un regul\u0101ri j\u0101p\u0101rbauda e\u013c\u013cas kvalit\u0101te.<\/p>\n<h2>Apkope un remonts<\/h2>\n<p>Regul\u0101ra apkope un remonts pal\u012bdz pagarin\u0101t kausa cilindra kalpo\u0161anas laiku un nodro\u0161in\u0101t pareizu darb\u012bbu. Ieteicams veikt \u0161\u0101dus apkopes darbus:<\/p>\n<ul>\n<li>Regul\u0101ras p\u0101rbaudes: Regul\u0101ras p\u0101rbaudes var pal\u012bdz\u0113t laikus atkl\u0101t probl\u0113mas un nov\u0113rst to nopietnu boj\u0101jumu ra\u0161anos.<\/li>\n<li>E\u013c\u013co\u0161ana: Pareiza e\u013c\u013co\u0161ana var samazin\u0101t nodilumu un nodro\u0161in\u0101t vienm\u0113r\u012bgu darb\u012bbu.<\/li>\n<li>Bl\u012bv\u0113jumu nomai\u0146a un kalibr\u0113\u0161anas p\u0101rbaude: Regul\u0101ra bl\u012bv\u0113jumu nomai\u0146a un kalibr\u0113\u0161anas p\u0101rbaudes var pal\u012bdz\u0113t nov\u0113rst e\u013c\u013cas nopl\u016bdi un nodro\u0161in\u0101t pareizu darb\u012bbu.<\/li>\n<\/ul>\n<p>Pareiza uzst\u0101d\u012b\u0161ana, e\u013c\u013co\u0161ana un regul\u0113\u0161ana ir b\u016btiska, lai pan\u0101ktu optim\u0101lu hidraulisk\u0101 cilindra veiktsp\u0113ju. Uzst\u0101d\u012b\u0161anas laik\u0101 ir \u013coti svar\u012bgi pareizi izl\u012bdzin\u0101t cilindru, un cilindra nostiprin\u0101\u0161anai viet\u0101 j\u0101izmanto atbilsto\u0161i uzst\u0101d\u012b\u0161anas balsti. Iesak\u0101m iev\u0113rot ra\u017eot\u0101ja ieteikt\u0101s p\u0101rbaudes, remonta un nomai\u0146as proced\u016bras, k\u0101 ar\u012b pied\u0101v\u0101t rezerves da\u013cas un atjauno\u0161anas pakalpojumus, lai pagarin\u0101tu kausa cilindra kalpo\u0161anas laiku.<\/p>\n<p><img decoding=\"async\" src=\"https:\/\/www.hydraulic-cylinders.net\/wp-content\/uploads\/2025\/01\/songte-chushion-collar.webp\" \/><\/p>\n<h2>Dro\u0161\u012bbas un vides apsv\u0113rumi<\/h2>\n<p>Dro\u0161\u012bba ir \u013coti svar\u012bgs apsv\u0113rums, str\u0101d\u0101jot ar hidrauliskajiem cilindriem. Operatoriem j\u0101iev\u0113ro visas dro\u0161\u012bbas vadl\u012bnijas un j\u0101valk\u0101 atbilsto\u0161s aizsargapr\u012bkojums. Ar\u012b vides apsv\u0113rumiem ir b\u016btiska loma hidraulisko cilindru lieto\u0161an\u0101. Lai samazin\u0101tu ietekmi uz vidi, ir nepiecie\u0161ama pareiza izlietot\u0101s hidraulisk\u0101s e\u013c\u013cas un citu b\u012bstamu materi\u0101lu utiliz\u0101cija.<\/p>\n<h2>Bie\u017ei sastopamas probl\u0113mas un to nov\u0113r\u0161ana<\/h2>\n<p>Kausa cilindram var rasties da\u017eas bie\u017ei sastopamas probl\u0113mas, piem\u0113ram, e\u013c\u013cas nopl\u016bde, l\u0113na darb\u012bba un cilindra nob\u012bde. \u0160\u012bs probl\u0113mas var atrisin\u0101t, veicot regul\u0101ras p\u0101rbaudes un apkopi. Ja probl\u0113mas joproj\u0101m past\u0101v, ieteicams konsult\u0113ties ar ra\u017eot\u0101ju vai kvalific\u0113tu tehni\u0137i.<\/p>\n<p><img decoding=\"async\" src=\"https:\/\/www.hydraulic-cylinders.net\/wp-content\/uploads\/2025\/01\/songte-bushings-with-all-kinds-of-excavator-models.webp\" \/><\/p>\n<h2>Par m\u016bsu uz\u0146\u0113mumu<\/h2>\n<p>M\u0113s esam vado\u0161ais hidraulisko cilindru ra\u017eot\u0101js un vairumtirgot\u0101js viet\u0113j\u0101 un starptautiskaj\u0101 tirg\u016b. M\u016bsu produkti ir daudzveid\u012bgi un piln\u012bgi, un m\u0113s iev\u0113rojam izcilas kvalit\u0101tes principu, pa\u013caujoties uz sare\u017e\u0123\u012btas ra\u017eo\u0161anas darbn\u012bcas r\u016bpniecisk\u0101s ra\u017eo\u0161anas vad\u012bbas strat\u0113\u0123iju. M\u0113s past\u0101v\u012bgi uzlabojam ra\u017eo\u0161anas platformu, pilnveidojam produktu kvalit\u0101tes ra\u017eo\u0161anas l\u012bniju un mums ir sp\u0113c\u012bgas rad\u012b\u0161anas sp\u0113jas, lai apmierin\u0101tu klientu daudzveid\u012bg\u0101s vajadz\u012bbas. M\u0113s pied\u0101v\u0101jam ar\u012b piel\u0101gotus pakalpojumus un mums ir starptautiski kvalit\u0101tes nodro\u0161in\u0101\u0161anas sertifik\u0101ti.<\/p>\n<p>M\u016bsu uz\u0146\u0113mums ir ap\u0146\u0113mies nodro\u0161in\u0101t augstas kvalit\u0101tes produktus un izcilus pakalpojumus m\u016bsu klientiem. Mums ir profesion\u0101lu tehni\u0137u komanda, augstas klases digit\u0101l\u0101s ra\u017eo\u0161anas iek\u0101rtas un profesion\u0101la test\u0113\u0161anas sist\u0113ma, kas nep\u0101rtraukti uzlabo ra\u017eo\u0161anas platformu un pilnveido produktu kvalit\u0101tes ra\u017eo\u0161anas l\u012bniju.<\/p>\n<p>M\u016bsu uz\u0146\u0113mums pied\u0101v\u0101 ar\u012b p\u0113cp\u0101rdo\u0161anas pakalpojumus, tostarp p\u0101rbaudi, remontu un nomai\u0146u, lai nodro\u0161in\u0101tu m\u016bsu klientu apmierin\u0101t\u012bbu. M\u0113s esam ap\u0146\u0113mu\u0161ies nodro\u0161in\u0101t m\u016bsu klientus ar vislab\u0101k\u0101s kvalit\u0101tes hidrauliskajiem cilindriem un pakalpojumiem.<\/p>\n<p><img decoding=\"async\" src=\"https:\/\/hzpt.com\/wp-content\/uploads\/2024\/11\/songte-company-1.webp\" \/><\/p>\n<p>Autors: lil<\/p>","protected":false},"excerpt":{"rendered":"<p>Bucket Cylinder For XCMG Small Excavator XE6OCA Introduction The bucket cylinder for XCMG small excavator XE6OCA is a specialized hydraulic cylinder used for controlling the movement of the bucket in heavy machinery like excavators, backhoe excavators, and front-end loaders. Its primary function is to enable the bucket to lift, lower, and tilt, making it easy [&hellip;]<\/p>","protected":false},"featured_media":14762,"comment_status":"open","ping_status":"closed","template":"","meta":{"_et_pb_use_builder":"","_et_pb_old_content":"","_et_gb_content_width":""},"product_brand":[],"product_cat":[1494],"product_tag":[1495,1496],"class_list":{"0":"post-15460","1":"product","2":"type-product","3":"status-publish","4":"has-post-thumbnail","6":"product_cat-bucket-cylinders","7":"product_tag-bucket-cylinders","8":"product_tag-hydraulic-cylinders","10":"first","11":"instock","12":"shipping-taxable","13":"product-type-simple"},"amp_enabled":true,"_links":{"self":[{"href":"https:\/\/www.hydraulic-cylinders.net\/lv\/wp-json\/wp\/v2\/product\/15460","targetHints":{"allow":["GET"]}}],"collection":[{"href":"https:\/\/www.hydraulic-cylinders.net\/lv\/wp-json\/wp\/v2\/product"}],"about":[{"href":"https:\/\/www.hydraulic-cylinders.net\/lv\/wp-json\/wp\/v2\/types\/product"}],"replies":[{"embeddable":true,"href":"https:\/\/www.hydraulic-cylinders.net\/lv\/wp-json\/wp\/v2\/comments?post=15460"}],"wp:featuredmedia":[{"embeddable":true,"href":"https:\/\/www.hydraulic-cylinders.net\/lv\/wp-json\/wp\/v2\/media\/14762"}],"wp:attachment":[{"href":"https:\/\/www.hydraulic-cylinders.net\/lv\/wp-json\/wp\/v2\/media?parent=15460"}],"wp:term":[{"taxonomy":"product_brand","embeddable":true,"href":"https:\/\/www.hydraulic-cylinders.net\/lv\/wp-json\/wp\/v2\/product_brand?post=15460"},{"taxonomy":"product_cat","embeddable":true,"href":"https:\/\/www.hydraulic-cylinders.net\/lv\/wp-json\/wp\/v2\/product_cat?post=15460"},{"taxonomy":"product_tag","embeddable":true,"href":"https:\/\/www.hydraulic-cylinders.net\/lv\/wp-json\/wp\/v2\/product_tag?post=15460"}],"curies":[{"name":"wp","href":"https:\/\/api.w.org\/{rel}","templated":true}]}}