{"id":15462,"date":"2025-01-19T14:33:41","date_gmt":"2025-01-19T14:33:41","guid":{"rendered":"https:\/\/www.hydraulic-cylinders.net\/product\/bucket-cylinder-for-xcmg-small-excavator-xe85c\/"},"modified":"2025-01-19T14:33:43","modified_gmt":"2025-01-19T14:33:43","slug":"bucket-cylinder-for-xcmg-small-excavator-xe85c","status":"publish","type":"product","link":"https:\/\/www.hydraulic-cylinders.net\/lv\/products\/bucket-cylinder-for-xcmg-small-excavator-xe85c\/","title":{"rendered":"Kausa cilindrs XCMG mazajam ekskavatoram XE85C"},"content":{"rendered":"<p><!DOCTYPE html><br \/>\n<html><br \/>\n<head><br \/>\n<title>Kausa cilindrs XCMG mazajam ekskavatoram XE85C<\/title><br \/>\n<\/head><br \/>\n<body><\/p>\n<h1>Kausa cilindrs XCMG mazajam ekskavatoram XE85C<\/h1>\n<h2>Ievads<\/h2>\n<p>XCMG maz\u0101 ekskavatora XE85C kausa cilindrs ir specializ\u0113ts hidrauliskais cilindrs, kas paredz\u0113ts kausa kust\u012bbas vad\u012bbai smagaj\u0101s ma\u0161\u012bn\u0101s, piem\u0113ram, ekskavatoros, ekskavatoros-iekr\u0101v\u0113jos un front\u0101lajos iekr\u0101v\u0113jos. T\u0101 galven\u0101 funkcija ir nodro\u0161in\u0101t kausa pacel\u0161anu, nolai\u0161anu un noliek\u0161anu, padarot to \u0113rtu da\u017e\u0101diem materi\u0101lu apstr\u0101des uzdevumiem. Hidrauliskaj\u0101 sist\u0113m\u0101 kausa cilindrs pan\u0101k prec\u012bzu kausa vad\u012bbu, izmantojot hidraulisk\u0101s e\u013c\u013cas spiediena izmai\u0146as, \u013caujot operatoriem efekt\u012bvi apstr\u0101d\u0101t smagas kravas un piel\u0101goties sare\u017e\u0123\u012btai darba videi un da\u017e\u0101d\u0101m ekspluat\u0101cijas pras\u012bb\u0101m.<\/p>\n<p><img decoding=\"async\" src=\"https:\/\/www.hydraulic-cylinders.net\/wp-content\/uploads\/2025\/01\/songte-company-2.webp\" alt=\"Kausa cilindra att\u0113ls\"><\/p>\n<h2>Funkcijas<\/h2>\n<ul>\n<li>Augsta iztur\u012bba un ilgm\u016b\u017e\u012bba: Parasti izgatavots no augstas stipr\u012bbas t\u0113rauda vai alum\u012bnija, tas sp\u0113j iztur\u0113t augstu spiedienu un lielas slodzes, piel\u0101gojoties skarbai darba videi. Konstrukcij\u0101 \u0146emta v\u0113r\u0101 nodilumiztur\u012bba un iztur\u012bba pret koroziju, pagarinot t\u0101 kalpo\u0161anas laiku.<\/li>\n<li>Efekt\u012bva hidraulisk\u0101 darb\u012bba: Izmantojot hidraulisk\u0101s e\u013c\u013cas spiedienu, t\u0101 pan\u0101k vienm\u0113r\u012bgu izstiep\u0161anu un ievilk\u0161anu, nodro\u0161inot \u0101tru reakciju uz vad\u012bbas komand\u0101m un pied\u0101v\u0101jot sp\u0113c\u012bgus stum\u0161anas un vilk\u0161anas sp\u0113kus, kas ir piem\u0113roti smagu kravu apstr\u0101dei un sare\u017e\u0123\u012btu ekspluat\u0101cijas uzdevumu veik\u0161anai.<\/li>\n<li>Da\u017e\u0101di veidi: To var izv\u0113l\u0113ties k\u0101 vienas darb\u012bbas (hidrauliski tiek izmantots tikai vien\u0101 virzien\u0101) vai divk\u0101r\u0161as darb\u012bbas (hidrauliski tiek izmantots abos virzienos) cilindru atkar\u012bb\u0101 no \u012bpa\u0161aj\u0101m ekspluat\u0101cijas vajadz\u012bb\u0101m. Da\u017ei mode\u013ci ir teleskopiski, kas \u013cauj liel\u0101ku pagarin\u0101jumu, nepalielinot \u0101r\u0113jos izm\u0113rus, kas ir ide\u0101li piem\u0113rots ierobe\u017eotas vietas lietojumprogramm\u0101m.<\/li>\n<li>Perfekta nomai\u0146a: m\u016bsu produkts var lieliski aizst\u0101t citus hidrauliskos cilindrus, pied\u0101v\u0101jot sader\u012bbu un uzticamu veiktsp\u0113ju.<\/li>\n<\/ul>\n<p><img decoding=\"async\" src=\"https:\/\/www.hydraulic-cylinders.net\/wp-content\/uploads\/2025\/01\/songte-cylinder-head-with-all-kinds-excavator-models.webp\" alt=\"Rezerves cilindra att\u0113ls\"><\/p>\n<h2>Pieteikumi<\/h2>\n<ul>\n<li>B\u016bvniec\u012bbas tehnika: atrodama ekskavatoros, kur t\u0101 ir \u013coti svar\u012bga rak\u0161anas, iekrau\u0161anas un materi\u0101lu p\u0101rvieto\u0161anas darbos. Ekskavatoros-iekr\u0101v\u0113jos kausa cilindrs pal\u012bdz rak\u0161anas un cel\u0161anas darbos.<\/li>\n<li>Lauksaimniec\u012bbas tehnika: Izmanto front\u0101lajos iekr\u0101v\u0113jos augsnes, siena un citu materi\u0101lu sav\u0101k\u0161anai, cel\u0161anai un transport\u0113\u0161anai.<\/li>\n<li>Ekskavatori: Kausa cilindrs nodro\u0161ina rak\u0161anas darb\u012bbu, \u013caujot kausam iek\u013c\u016bt augsn\u0113.<\/li>\n<li>Iekr\u0101v\u0113ji: Front\u0101lajos iekr\u0101v\u0113jos tie pal\u012bdz efekt\u012bvi pacelt un izkraut preces.<\/li>\n<\/ul>\n<h2>Dizaina apsv\u0113rumi un atlases krit\u0113riji<\/h2>\n<ul>\n<li>Nestsp\u0113ja: Apspriediet t\u0101du galveno faktoru noz\u012bmi k\u0101 nestsp\u0113ja, bl\u012bv\u0113jums, iztur\u012bba, dro\u0161\u012bba un apkopes vienk\u0101r\u0161\u012bba.<\/li>\n<li>Bl\u012bv\u0113\u0161ana un e\u013c\u013co\u0161ana: Aprakstiet da\u017e\u0101du bl\u012bv\u0113jumu, piem\u0113ram, virzu\u013ca bl\u012bv\u0113jumu un stie\u0146a bl\u012bv\u0113jumu, kas izgatavoti no nodilumiztur\u012bgiem materi\u0101liem, piem\u0113ram, poliuret\u0101na un nitrila gumijas, izmanto\u0161anu. Uzsveriet nepiecie\u0161am\u012bbu regul\u0101ri e\u013c\u013cot ar hidraulisko e\u013c\u013cu, lai uzlabotu iztur\u012bbu.<\/li>\n<\/ul>\n<p><img decoding=\"async\" src=\"https:\/\/www.hydraulic-cylinders.net\/wp-content\/uploads\/2025\/01\/songte-oil-pipes-and-spare-parts.webp\" alt=\"Bl\u012bv\u0113\u0161anas un e\u013c\u013co\u0161anas att\u0113ls\"><\/p>\n<h2>Apkope un piesardz\u012bbas pas\u0101kumi<\/h2>\n<ul>\n<li>Regul\u0101ra p\u0101rbaude: Uzsveriet periodisku p\u0101rbau\u017eu noz\u012bmi, lai nodro\u0161in\u0101tu kausa cilindra pareizu darb\u012bbu.<\/li>\n<li>Pareiza e\u013c\u013co\u0161ana: Uzsveriet atbilsto\u0161as \u200b\u200be\u013c\u013co\u0161anas noz\u012bmi, lai samazin\u0101tu berzi un nov\u0113rstu boj\u0101jumus.<\/li>\n<li>Bl\u012bvju nomai\u0146a: ieteicams nomain\u012bt bl\u012bves, ja tiek konstat\u0113tas nodiluma vai boj\u0101jumu paz\u012bmes.<\/li>\n<li>Kalibr\u0113\u0161anas p\u0101rbaude: ieteicams veikt kalibr\u0113\u0161anas p\u0101rbaudes, lai nodro\u0161in\u0101tu prec\u012bzu darb\u012bbu.<\/li>\n<\/ul>\n<p><img decoding=\"async\" src=\"https:\/\/www.hydraulic-cylinders.net\/wp-content\/uploads\/2025\/01\/songte-chushion-collar.webp\" alt=\"Apkopes att\u0113ls\"><\/p>\n<h2>Dro\u0161\u012bbas apsv\u0113rumi un vides faktori<\/h2>\n<p>Uzsveriet dro\u0161\u012bbas pas\u0101kumu noz\u012bmi, str\u0101d\u0101jot ar hidrauliskajiem cilindriem, un to ietekmi uz vidi.<\/p>\n<h2>Probl\u0113mu nov\u0113r\u0161ana un bie\u017ei sastopamas probl\u0113mas<\/h2>\n<p>Apspriediet bie\u017ei sastopamas probl\u0113mas un sniedziet probl\u0113mu nov\u0113r\u0161anas padomus un risin\u0101jumus, lai pal\u012bdz\u0113tu las\u012bt\u0101jiem efekt\u012bvi diagnostic\u0113t un nov\u0113rst probl\u0113mas. Pied\u0101v\u0101jiet prevent\u012bvus pas\u0101kumus, lai samazin\u0101tu potenci\u0101l\u0101s probl\u0113mas.<\/p>\n<p><img decoding=\"async\" src=\"https:\/\/www.hydraulic-cylinders.net\/wp-content\/uploads\/2025\/01\/songte-bushings-with-all-kinds-of-excavator-models.webp\" alt=\"Att\u0113la probl\u0113mu nov\u0113r\u0161ana\"><\/p>\n<h2>Par m\u016bsu uz\u0146\u0113mumu<\/h2>\n<p>M\u0113s esam vado\u0161ais hidraulisko cilindru ra\u017eot\u0101js un vairumtirdzniec\u012bbas izplat\u012bt\u0101js viet\u0113j\u0101 un starptautiskaj\u0101 tirg\u016b. Ar pla\u0161u produktu kl\u0101stu m\u0113s esam k\u013cuvu\u0161i par vienu no vado\u0161ajiem ra\u017eot\u0101jiem un izplat\u012bt\u0101jiem nozar\u0113. M\u0113s iev\u0113rojam izcil\u012bbas principus, izmantojot modernas ra\u017eo\u0161anas iek\u0101rtas un profesion\u0101las test\u0113\u0161anas sist\u0113mas, lai nodro\u0161in\u0101tu augstas kvalit\u0101tes produktus, kas atbilst m\u016bsu klientu da\u017e\u0101daj\u0101m vajadz\u012bb\u0101m.<\/p>\n<p><img decoding=\"async\" src=\"https:\/\/hzpt.com\/wp-content\/uploads\/2024\/11\/songte-company-1.webp\" alt=\"Uz\u0146\u0113muma t\u0113ls\"><\/p>\n<h3>Profesionalit\u0101te:<\/h3>\n<p>M\u0113s lepojamies ar savu profesionalit\u0101ti un pieredzi hidraulisko cilindru jom\u0101. M\u016bsu komandu veido kvalific\u0113ti tehni\u0137i un in\u017eenieri, kas ir ap\u0146\u0113mu\u0161ies nodro\u0161in\u0101t augst\u0101k\u0101s klases produktus un pakalpojumus.<\/p>\n<h3>Starptautisk\u0101s sertifik\u0101cijas:<\/h3>\n<p>Esam ieguvu\u0161i da\u017e\u0101dus starptautiskus sertifik\u0101tus, kas apliecina m\u016bsu ap\u0146em\u0161anos nodro\u0161in\u0101t kvalit\u0101ti un atbilst\u012bbu nozares standartiem.<\/p>\n<h3>Piel\u0101go\u0161anas pakalpojumi:<\/h3>\n<p>M\u0113s pied\u0101v\u0101jam piel\u0101go\u0161anas pakalpojumus, lai apmierin\u0101tu \u012bpa\u0161as klientu pras\u012bbas, nodro\u0161inot, ka m\u016bsu hidrauliskie cilindri ir piel\u0101goti vi\u0146u unik\u0101laj\u0101m vajadz\u012bb\u0101m.<\/p>\n<h3>Ra\u017eo\u0161anas iek\u0101rtas:<\/h3>\n<p>Esam ieguld\u012bju\u0161i l\u012bdzek\u013cus modern\u0101s ra\u017eo\u0161anas iek\u0101rt\u0101s, lai nodro\u0161in\u0101tu efekt\u012bvus un prec\u012bzus ra\u017eo\u0161anas procesus, k\u0101 rezult\u0101t\u0101 tiek ra\u017eoti augstas kvalit\u0101tes produkti.<\/p>\n<h3>P\u0113cp\u0101rdo\u0161anas serviss:<\/h3>\n<p>M\u0113s pied\u0101v\u0101jam visaptvero\u0161u p\u0113cp\u0101rdo\u0161anas servisu, tostarp apkopi, remontu un rezerves da\u013cu pieg\u0101di. M\u016bsu m\u0113r\u0137is ir pagarin\u0101t m\u016bsu hidraulisko cilindru kalpo\u0161anas laiku un nodro\u0161in\u0101t klientu apmierin\u0101t\u012bbu.<\/p>\n<p><img decoding=\"async\" src=\"https:\/\/www.hydraulic-cylinders.net\/wp-content\/uploads\/2025\/01\/songte-company-3.webp\" alt=\"Uz\u0146\u0113muma inform\u0101cijas att\u0113ls\"><\/p>\n<p>Autors: lil<\/p>\n<p><\/body><br \/>\n<\/html><\/p>","protected":false},"excerpt":{"rendered":"<p>Bucket Cylinder For XCMG Small Excavator XE85C Bucket Cylinder For XCMG Small Excavator XE85C Introduction The bucket cylinder for XCMG small excavator XE85C is a specialized hydraulic cylinder designed for controlling the movement of the bucket in heavy machinery such as excavators, backhoe loaders, and front-end loaders. Its main function is to enable the lifting, [&hellip;]<\/p>","protected":false},"featured_media":14789,"comment_status":"open","ping_status":"closed","template":"","meta":{"_et_pb_use_builder":"","_et_pb_old_content":"","_et_gb_content_width":""},"product_brand":[],"product_cat":[1494],"product_tag":[1495,1496],"class_list":{"0":"post-15462","1":"product","2":"type-product","3":"status-publish","4":"has-post-thumbnail","6":"product_cat-bucket-cylinders","7":"product_tag-bucket-cylinders","8":"product_tag-hydraulic-cylinders","10":"first","11":"instock","12":"shipping-taxable","13":"product-type-simple"},"amp_enabled":true,"_links":{"self":[{"href":"https:\/\/www.hydraulic-cylinders.net\/lv\/wp-json\/wp\/v2\/product\/15462","targetHints":{"allow":["GET"]}}],"collection":[{"href":"https:\/\/www.hydraulic-cylinders.net\/lv\/wp-json\/wp\/v2\/product"}],"about":[{"href":"https:\/\/www.hydraulic-cylinders.net\/lv\/wp-json\/wp\/v2\/types\/product"}],"replies":[{"embeddable":true,"href":"https:\/\/www.hydraulic-cylinders.net\/lv\/wp-json\/wp\/v2\/comments?post=15462"}],"wp:featuredmedia":[{"embeddable":true,"href":"https:\/\/www.hydraulic-cylinders.net\/lv\/wp-json\/wp\/v2\/media\/14789"}],"wp:attachment":[{"href":"https:\/\/www.hydraulic-cylinders.net\/lv\/wp-json\/wp\/v2\/media?parent=15462"}],"wp:term":[{"taxonomy":"product_brand","embeddable":true,"href":"https:\/\/www.hydraulic-cylinders.net\/lv\/wp-json\/wp\/v2\/product_brand?post=15462"},{"taxonomy":"product_cat","embeddable":true,"href":"https:\/\/www.hydraulic-cylinders.net\/lv\/wp-json\/wp\/v2\/product_cat?post=15462"},{"taxonomy":"product_tag","embeddable":true,"href":"https:\/\/www.hydraulic-cylinders.net\/lv\/wp-json\/wp\/v2\/product_tag?post=15462"}],"curies":[{"name":"wp","href":"https:\/\/api.w.org\/{rel}","templated":true}]}}