{"id":15475,"date":"2025-01-19T14:34:39","date_gmt":"2025-01-19T14:34:39","guid":{"rendered":"https:\/\/www.hydraulic-cylinders.net\/product\/bucket-cylinder-for-xcmg-middle-excavator-xe235c\/"},"modified":"2025-01-19T14:34:41","modified_gmt":"2025-01-19T14:34:41","slug":"bucket-cylinder-for-xcmg-middle-excavator-xe235c","status":"publish","type":"product","link":"https:\/\/www.hydraulic-cylinders.net\/lv\/products\/bucket-cylinder-for-xcmg-middle-excavator-xe235c\/","title":{"rendered":"Kausa cilindrs XCMG vid\u0113jam ekskavatoram XE235C"},"content":{"rendered":"<h1>Kausa cilindrs XCMG vid\u0113jam ekskavatoram XE235C<\/h1>\n<h2>Ievads<\/h2>\n<h3>Kausa cilindra defin\u012bcija<\/h3>\n<p>Kausa cilindrs ir hidraulisk\u0101 cilindra veids, kas \u012bpa\u0161i paredz\u0113ts kausa kust\u012bbas vad\u012bbai smagaj\u0101s ma\u0161\u012bn\u0101s, piem\u0113ram, ekskavatoros, iekr\u0101v\u0113jos ar ekskavatoru un front\u0101lajos iekr\u0101v\u0113jos. T\u0101 galven\u0101 funkcija ir nodro\u0161in\u0101t kausa pacel\u0161anas, nolai\u0161anas un noliek\u0161anas darb\u012bbas, t\u0101d\u0113j\u0101di atvieglojot da\u017e\u0101dus materi\u0101lu apstr\u0101des uzdevumus. Hidrauliskaj\u0101 sist\u0113m\u0101 kausa cilindrs pan\u0101k prec\u012bzu kausa vad\u012bbu, manipul\u0113jot ar hidraulisk\u0101s e\u013c\u013cas spiedienu, \u013caujot operatoriem efekt\u012bvi apstr\u0101d\u0101t smagas kravas un piel\u0101goties sare\u017e\u0123\u012btai darba videi un da\u017e\u0101d\u0101m darba pras\u012bb\u0101m.<\/p>\n<p><img decoding=\"async\" src=\"https:\/\/www.hydraulic-cylinders.net\/wp-content\/uploads\/2025\/01\/songte-company-2.webp\" alt=\"Kausa cilindra att\u0113ls\"><\/p>\n<h2>Produkta funkcijas<\/h2>\n<h3>Augsta iztur\u012bba un ilgm\u016b\u017e\u012bba<\/h3>\n<p>Kausa cilindri parasti ir izgatavoti no augstas stipr\u012bbas t\u0113rauda vai alum\u012bnija, kas var iztur\u0113t augstu spiedienu un lielas slodzes, piel\u0101gojoties skarbai darba videi. Tie ir izstr\u0101d\u0101ti, \u0146emot v\u0113r\u0101 nodilumiztur\u012bbu un korozijas iztur\u012bbu, lai pagarin\u0101tu kalpo\u0161anas laiku.<\/p>\n<h3>Efekt\u012bva hidraulisk\u0101 darb\u012bba<\/h3>\n<p>Kausa cilindri izmanto hidraulisk\u0101s e\u013c\u013cas spiedienu, lai pan\u0101ktu vienm\u0113r\u012bgu izstiep\u0161anu un ievilk\u0161anu, \u0101tri rea\u0123\u0113jot uz vad\u012bbas komand\u0101m un nodro\u0161inot sp\u0113c\u012bgu stum\u0161anas un vilk\u0161anas sp\u0113ku, kas ir piem\u0113rots smagu kravu apstr\u0101dei un sare\u017e\u0123\u012btu darba uzdevumu veik\u0161anai.<\/p>\n<h3>Da\u017e\u0101di veidi<\/h3>\n<p>Kausa cilindrus var izv\u0113l\u0113ties, pamatojoties uz vienas darb\u012bbas (hidrauliku izmanto tikai vien\u0101 virzien\u0101) vai divk\u0101r\u0161as darb\u012bbas (hidrauliku izmanto divos virzienos) cilindru vajadz\u012bb\u0101m, lai apmierin\u0101tu da\u017e\u0101das ekspluat\u0101cijas pras\u012bbas. Da\u017ei mode\u013ci ir teleskopiski, kas \u013cauj tos liel\u0101kus izstiepumus pan\u0101kt, nepalielinot \u0101r\u0113jos izm\u0113rus, un ir piem\u0113roti lietojumiem ar ierobe\u017eotu telpu.<\/p>\n<h3>Perfekta nomai\u0146a<\/h3>\n<p>M\u016bsu uz\u0146\u0113mums ra\u017eo kausu cilindrus, kas var lieliski aizst\u0101t \u0161os hidrauliskos cilindrus. <\/p>\n<p><img decoding=\"async\" src=\"https:\/\/www.hydraulic-cylinders.net\/wp-content\/uploads\/2025\/01\/songte-cylinder-head-with-all-kinds-excavator-models.webp\" alt=\"Kausa cilindra nomai\u0146a\"><\/p>\n<h2>Pieteikumi<\/h2>\n<h3>Celtniec\u012bbas apr\u012bkojums<\/h3>\n<p>Ekskavatoros tie ir nepiecie\u0161ami augsnes vai gru\u017eu rak\u0161anai, iekrau\u0161anai un p\u0101rvieto\u0161anai. Ekskavatoros-iekr\u0101v\u0113jos kausa cilindri pal\u012bdz rakt un celt. Front\u0101lajos iekr\u0101v\u0113jos tie pal\u012bdz efekt\u012bvi pacelt un izg\u0101zt kravu.<\/p>\n<h3>Lauksaimniec\u012bbas tehnika<\/h3>\n<p>Tos izmanto front\u0101lajos iekr\u0101v\u0113jos, lai izraktu, paceltu un transport\u0113tu augsni, sienu un citus materi\u0101lus. Ekskavatoros kausa cilindri veic izrak\u0161anu, \u013caujot kausam iek\u013c\u016bt augsn\u0113.<\/p>\n<h3>Pieteikuma inform\u0101cija<\/h3>\n<p>B\u016bvniec\u012bbas tehnika: Ekskavatoros ir svar\u012bgi izmantot kausa cilindrus augsnes vai gru\u017eu rak\u0161anai, iekrau\u0161anai un p\u0101rvieto\u0161anai. Ekskavatori-iekr\u0101v\u0113ji uzskata, ka kausa cilindri ir noder\u012bgi rak\u0161anai un cel\u0161anai. Front\u0101lajos iekr\u0101v\u0113jos tie pal\u012bdz efekt\u012bvi pacelt un izg\u0101zt kravu. Lauksaimniec\u012bbas tehnika: Izmanto front\u0101lajos iekr\u0101v\u0113jos, tie pace\u013c, pace\u013c un transport\u0113 augsni, sienu un citus materi\u0101lus. Ekskavatoros kausa cilindri veic izrak\u0161anu, \u013caujot kausam iek\u013c\u016bt augsn\u0113. <\/p>\n<p><img decoding=\"async\" src=\"https:\/\/www.hydraulic-cylinders.net\/wp-content\/uploads\/2025\/01\/songte-bushings-with-all-kinds-of-excavator-models.webp\" alt=\"Kausa cilindra pielietojums\"><\/p>\n<h2>Projekt\u0113\u0161anas apsv\u0113rumi un atlases standarti<\/h2>\n<h3>Nestsp\u0113ja<\/h3>\n<p>Kausa cilindram j\u0101sp\u0113j iztur\u0113t lielas slodzes un darboties augsta spiediena apst\u0101k\u013cos. Materi\u0101lam j\u0101b\u016bt augstas stipr\u012bbas un ilgm\u016b\u017e\u012bgam, nodro\u0161inot, ka cilindrs var iztur\u0113t skarbu darba vidi un kalpot ilg\u0101k.<\/p>\n<h3>Bl\u012bv\u0113juma veiktsp\u0113ja<\/h3>\n<p>Kausa cilindram j\u0101izmanto da\u017e\u0101di bl\u012bv\u0113\u0161anas komponenti, piem\u0113ram, virzu\u013ca bl\u012bv\u0113jumi, stie\u0146a bl\u012bv\u0113jumi un nodiluma gredzeni, lai nodro\u0161in\u0101tu, ka cilindrs saglab\u0101 augstu bl\u012bv\u0113juma l\u012bmeni vis\u0101 t\u0101 kalpo\u0161anas laik\u0101. Izv\u0113l\u0113tajiem bl\u012bv\u0113\u0161anas komponentiem j\u0101b\u016bt izgatavotiem no nodilumiztur\u012bgiem materi\u0101liem, piem\u0113ram, poliuret\u0101na un nitrila gumijas.<\/p>\n<h3>Iztur\u012bba<\/h3>\n<p>Kausa cilindram j\u0101sp\u0113j iztur\u0113t skarbu darba vidi, kas noz\u012bm\u0113, ka cilindram j\u0101b\u016bt izgatavotam no augstas kvalit\u0101tes, nodilumiztur\u012bgiem materi\u0101liem.<\/p>\n<h3>Dro\u0161\u012bba<\/h3>\n<p>Kausa cilindram j\u0101b\u016bt konstru\u0113tam, \u0146emot v\u0113r\u0101 dro\u0161\u012bbu, nodro\u0161inot, ka operatori to var dro\u0161i lietot. Dro\u0161\u012bbas funkcijas var ietvert spiediena samazin\u0101\u0161anas v\u0101rstus, amortiz\u0101cijas ier\u012bces un citus dro\u0161\u012bbas meh\u0101nismus.<\/p>\n<h3>Apkope<\/h3>\n<p>Kausa cilindram j\u0101b\u016bt konstru\u0113tam t\u0101, lai to b\u016btu viegli uztur\u0113t, nodro\u0161inot \u0113rtu p\u0101rbaudi, remontu un deta\u013cu nomai\u0146u. Regul\u0101ra apkope j\u0101veic, lai nodro\u0161in\u0101tu cilindra optim\u0101lu darb\u012bbu.<\/p>\n<p><img decoding=\"async\" src=\"https:\/\/www.hydraulic-cylinders.net\/wp-content\/uploads\/2025\/01\/songte-oil-pipes-and-spare-parts.webp\" alt=\"Kausa cilindra dizains\"><\/p>\n<h2>Bl\u012bv\u0113\u0161ana un e\u013c\u013co\u0161ana<\/h2>\n<p>Kausa cilindriem tiek izmantoti da\u017e\u0101di bl\u012bv\u0113\u0161anas komponenti, piem\u0113ram, virzu\u013ca bl\u012bv\u0113jumi un stie\u0146a bl\u012bv\u0113jumi, lai saglab\u0101tu to bl\u012bv\u0113\u0161anas veiktsp\u0113ju. Izv\u0113l\u0113tajiem bl\u012bv\u0113\u0161anas komponentiem j\u0101b\u016bt izgatavotiem no nodilumiztur\u012bgiem materi\u0101liem, piem\u0113ram, poliuret\u0101na un nitrila gumijas. Cilindra korpusam un v\u012bt\u0146otaj\u0101m gala virsm\u0101m j\u0101b\u016bt smalki apstr\u0101d\u0101t\u0101m, lai uzlabotu nodilumiztur\u012bbu. Nepiecie\u0161ama regul\u0101ra e\u013c\u013co\u0161ana, un regul\u0101ri j\u0101pievieno atbilsto\u0161s hidraulisk\u0101s e\u013c\u013cas daudzums, lai nodro\u0161in\u0101tu cilindra vienm\u0113r\u012bgu darb\u012bbu.<\/p>\n<h2>P\u0101rbaude un apkope<\/h2>\n<h3>Regul\u0101ra p\u0101rbaude<\/h3>\n<p>Regul\u0101ra kausu cilindru p\u0101rbaude ir nepiecie\u0161ama, lai nodro\u0161in\u0101tu to optim\u0101lu darb\u012bbu. P\u0101rbaudes var ietvert nopl\u016b\u017eu vai boj\u0101jumu p\u0101rbaudi, bl\u012bv\u0113jumu p\u0101rbaudi un cilindra korpusa nodiluma p\u0101rbaudi.<\/p>\n<h3>Pareiza e\u013c\u013co\u0161ana<\/h3>\n<p>Lai kausa cilindrs darbotos nevainojami, ir nepiecie\u0161ama pareiza e\u013c\u013co\u0161ana. E\u013c\u013co\u0161ana j\u0101veic saska\u0146\u0101 ar ra\u017eot\u0101ja nor\u0101d\u012bjumiem, un regul\u0101ri j\u0101pievieno atbilsto\u0161s hidraulisk\u0101s e\u013c\u013cas daudzums.<\/p>\n<h3>Bl\u012bv\u0113juma nomai\u0146a un kalibr\u0113\u0161anas p\u0101rbaude<\/h3>\n<p>Bl\u012bv\u0113jumi regul\u0101ri j\u0101nomaina, lai nodro\u0161in\u0101tu augstu cilindra bl\u012bv\u0113\u0161anas veiktsp\u0113ju. J\u0101veic ar\u012b kalibr\u0113\u0161anas p\u0101rbaudes, lai nodro\u0161in\u0101tu, ka cilindrs darbojas optim\u0101l\u0101 l\u012bmen\u012b.<\/p>\n<p><img decoding=\"async\" src=\"https:\/\/www.hydraulic-cylinders.net\/wp-content\/uploads\/2025\/01\/songte-chushion-collar.webp\" alt=\"Kausa cilindra p\u0101rbaude un apkope\"><\/p>\n<h2>Dro\u0161\u012bbas apsv\u0113rumi un vides faktori<\/h2>\n<p>Lietojot kausu tipa cilindrus, ir svar\u012bgi iev\u0113rot dro\u0161\u012bbas pas\u0101kumus. Operatoriem j\u0101b\u016bt apm\u0101c\u012btiem par pareizu cilindra lieto\u0161anu, un j\u0101uzst\u0101da dro\u0161\u012bbas funkcijas, piem\u0113ram, spiediena samazin\u0101\u0161anas v\u0101rsti un amortiz\u0101cijas ier\u012bces. Vides faktori, piem\u0113ram, temperat\u016bra un mitrums, var ietekm\u0113t cilindra darb\u012bbu, un operatoriem, lietojot cilindru, j\u0101\u0146em v\u0113r\u0101 \u0161ie faktori.<\/p>\n<h2>K\u013c\u016bmju diagnostika un probl\u0113mu nov\u0113r\u0161ana<\/h2>\n<p>Bie\u017ei sastopamas probl\u0113mas ar kausa cilindriem ir nopl\u016bdes, boj\u0101jumi un nesp\u0113ja izb\u012bd\u012bties vai ievilkties. Ja cilindram ir nopl\u016bde, tas var b\u016bt saist\u012bts ar boj\u0101tiem bl\u012bv\u0113jumiem vai nodilu\u0161\u0101m deta\u013c\u0101m. Ja cilindrs neizb\u012bd\u0101s vai neievelkas pareizi, tas var b\u016bt saist\u012bts ar boj\u0101tu virzuli vai cilindra korpusu. Probl\u0113mu nov\u0113r\u0161anas padomi var ietvert boj\u0101tu deta\u013cu p\u0101rbaudi un nomai\u0146u, hidraulisk\u0101 \u0161\u0137idruma l\u012bme\u0146a p\u0101rbaudi un hidraulisk\u0101s sist\u0113mas p\u0101rbaudi, lai konstat\u0113tu jebk\u0101das probl\u0113mas.<\/p>\n<p><img decoding=\"async\" src=\"https:\/\/hzpt.com\/wp-content\/uploads\/2024\/11\/songte-company-1.webp\" alt=\"Kausa cilindra probl\u0113mu nov\u0113r\u0161ana\"><\/p>\n<h2>Par m\u016bsu uz\u0146\u0113mumu<\/h2>\n<p>M\u0113s esam hidraulisko cilindru ra\u017eot\u0101js, kas var aizst\u0101t citu z\u012bmolu cilindrus. M\u016bsu uz\u0146\u0113mums pied\u0101v\u0101 pla\u0161u produktu kl\u0101stu, padarot m\u016bs par vienu no vado\u0161ajiem hidraulisko cilindru ra\u017eot\u0101jiem un vairumtirgot\u0101jiem gan viet\u0113j\u0101, gan starptautiskaj\u0101 tirg\u016b. M\u0113s iev\u0113rojam izcilu kvalit\u0101ti un pa\u013caujamies uz r\u016bpniecisk\u0101s ra\u017eo\u0161anas vad\u012bbas strat\u0113\u0123ij\u0101m, kuru pamat\u0101 ir smalkas ra\u017eo\u0161anas darbn\u012bcas. M\u016bsu uz\u0146\u0113mums nep\u0101rtraukti uzlabo darbn\u012bcas ra\u017eo\u0161anas platformu, pilnveido ra\u017eo\u0161anas kvalit\u0101tes ce\u013cu un tam ir sp\u0113c\u012bgas rado\u0161\u0101s sp\u0113jas, lai apmierin\u0101tu klientu da\u017e\u0101d\u0101s vajadz\u012bbas ar augstu efektivit\u0101ti, augstu precizit\u0101ti un augstu kvalit\u0101ti. <\/p>\n<p><img decoding=\"async\" src=\"https:\/\/www.hydraulic-cylinders.net\/wp-content\/uploads\/2025\/01\/songte-company-3.webp\" alt=\"Kausa cilindru uz\u0146\u0113mums\"><\/p>\n<h3>Profesionalit\u0101te<\/h3>\n<p>M\u016bsu uz\u0146\u0113mum\u0101 ir profesion\u0101\u013cu komanda ar bag\u0101tu tehnisko pieredzi un lielisk\u0101m p\u0113tniec\u012bbas un att\u012bst\u012bbas iesp\u0113j\u0101m, kas klientiem nodro\u0161ina profesion\u0101lus un piel\u0101gotus pakalpojumus.<\/p>\n<h3>Starptautisk\u0101 sertifik\u0101cija<\/h3>\n<p>M\u016bsu uz\u0146\u0113mums ir ieguvis t\u0101dus starptautiskus sertifik\u0101tus k\u0101 ISO9001 un CE, kas apliecina, ka m\u016bsu produkti atbilst augst\u0101kajiem kvalit\u0101tes standartiem.<\/p>\n<h3>Piel\u0101go\u0161anas pakalpojums<\/h3>\n<p>M\u016bsu uz\u0146\u0113mums pied\u0101v\u0101 piel\u0101gotus pakalpojumus, lai apmierin\u0101tu klientu da\u017e\u0101d\u0101s vajadz\u012bbas, tostarp piel\u0101gotu dizainu un ra\u017eo\u0161anu.<\/p>\n<h3>Ra\u017eo\u0161anas iek\u0101rtas<\/h3>\n<p>M\u016bsu uz\u0146\u0113mumam ir modernas, digitaliz\u0113tas augstas klases ra\u017eo\u0161anas iek\u0101rtas un test\u0113\u0161anas sist\u0113mas, lai nodro\u0161in\u0101tu produktu kvalit\u0101ti un efektivit\u0101ti.<\/p>\n<h3>P\u0113cp\u0101rdo\u0161anas serviss<\/h3>\n<p>M\u016bsu uz\u0146\u0113mums klientiem nodro\u0161ina augstas kvalit\u0101tes p\u0113cp\u0101rdo\u0161anas apkalpo\u0161anu, tostarp produktu remonta un nomai\u0146as pakalpojumus, lai nodro\u0161in\u0101tu m\u016bsu produktu ilgtermi\u0146a un ilgtsp\u0113j\u012bgu lieto\u0161anu.<\/p>\n<h2>Autora piez\u012bme<\/h2>\n<p>Autors: lil<\/p>","protected":false},"excerpt":{"rendered":"<p>Bucket Cylinder For XCMG Middle Excavator XE235C Introduction Definition of Bucket Cylinder A bucket cylinder is a type of hydraulic cylinder designed specifically to control the movement of the bucket in heavy machinery such as excavators, backhoe loaders, and front-end loaders. Its primary function is to enable the bucket to perform lifting, lowering, and tilting [&hellip;]<\/p>","protected":false},"featured_media":14762,"comment_status":"open","ping_status":"closed","template":"","meta":{"_et_pb_use_builder":"","_et_pb_old_content":"","_et_gb_content_width":""},"product_brand":[],"product_cat":[1494],"product_tag":[1495,1496],"class_list":{"0":"post-15475","1":"product","2":"type-product","3":"status-publish","4":"has-post-thumbnail","6":"product_cat-bucket-cylinders","7":"product_tag-bucket-cylinders","8":"product_tag-hydraulic-cylinders","10":"first","11":"instock","12":"shipping-taxable","13":"product-type-simple"},"amp_enabled":true,"_links":{"self":[{"href":"https:\/\/www.hydraulic-cylinders.net\/lv\/wp-json\/wp\/v2\/product\/15475","targetHints":{"allow":["GET"]}}],"collection":[{"href":"https:\/\/www.hydraulic-cylinders.net\/lv\/wp-json\/wp\/v2\/product"}],"about":[{"href":"https:\/\/www.hydraulic-cylinders.net\/lv\/wp-json\/wp\/v2\/types\/product"}],"replies":[{"embeddable":true,"href":"https:\/\/www.hydraulic-cylinders.net\/lv\/wp-json\/wp\/v2\/comments?post=15475"}],"wp:featuredmedia":[{"embeddable":true,"href":"https:\/\/www.hydraulic-cylinders.net\/lv\/wp-json\/wp\/v2\/media\/14762"}],"wp:attachment":[{"href":"https:\/\/www.hydraulic-cylinders.net\/lv\/wp-json\/wp\/v2\/media?parent=15475"}],"wp:term":[{"taxonomy":"product_brand","embeddable":true,"href":"https:\/\/www.hydraulic-cylinders.net\/lv\/wp-json\/wp\/v2\/product_brand?post=15475"},{"taxonomy":"product_cat","embeddable":true,"href":"https:\/\/www.hydraulic-cylinders.net\/lv\/wp-json\/wp\/v2\/product_cat?post=15475"},{"taxonomy":"product_tag","embeddable":true,"href":"https:\/\/www.hydraulic-cylinders.net\/lv\/wp-json\/wp\/v2\/product_tag?post=15475"}],"curies":[{"name":"wp","href":"https:\/\/api.w.org\/{rel}","templated":true}]}}