{"id":15479,"date":"2025-01-19T14:34:55","date_gmt":"2025-01-19T14:34:55","guid":{"rendered":"https:\/\/www.hydraulic-cylinders.net\/product\/bucket-cylinder-for-xcmg-large-excavator-xe500ca\/"},"modified":"2025-01-19T14:34:57","modified_gmt":"2025-01-19T14:34:57","slug":"bucket-cylinder-for-xcmg-large-excavator-xe500ca","status":"publish","type":"product","link":"https:\/\/www.hydraulic-cylinders.net\/lv\/products\/bucket-cylinder-for-xcmg-large-excavator-xe500ca\/","title":{"rendered":"Kausa cilindrs XCMG lielajam ekskavatoram XE500CA"},"content":{"rendered":"<h1>Kausa cilindrs XCMG lielajam ekskavatoram XE500CA<\/h1>\n<h2>Ievads<\/h2>\n<p>XCMG liel\u0101 ekskavatora XE500CA kausa cilindrs ir \u012bpa\u0161i izstr\u0101d\u0101ts hidrauliskais cilindrs, ko galvenok\u0101rt izmanto, lai kontrol\u0113tu kausa kust\u012bbu smagaj\u0101s ma\u0161\u012bn\u0101s, piem\u0113ram, ekskavatoros, ekskavatoros ar univers\u0101lo iekr\u0101v\u0113ju un front\u0101lo iekr\u0101v\u0113ju. T\u0101 galven\u0101 funkcija ir nodro\u0161in\u0101t kausa pacel\u0161anu, nolai\u0161anu un noliek\u0161anu, atvieglojot da\u017e\u0101du materi\u0101lu apstr\u0101des uzdevumu veik\u0161anu. Hidrauliskaj\u0101 sist\u0113m\u0101 kausa cilindrs nodro\u0161ina prec\u012bzu kausa vad\u012bbu, mainot hidraulisk\u0101s e\u013c\u013cas spiedienu, \u013caujot operatoriem efekt\u012bvi apstr\u0101d\u0101t smagas kravas, piel\u0101goties sare\u017e\u0123\u012btai darba videi un da\u017e\u0101d\u0101m ekspluat\u0101cijas pras\u012bb\u0101m.<\/p>\n<p><img decoding=\"async\" src=\"https:\/\/www.hydraulic-cylinders.net\/wp-content\/uploads\/2025\/01\/songte-company-2.webp\"><\/p>\n<h2>Funkcijas<\/h2>\n<ul>\n<li>\n<h3>Augsta iztur\u012bba un ilgm\u016b\u017e\u012bba<\/h3>\n<p>Kausa cilindrs parasti ir izgatavots no augstas stipr\u012bbas t\u0113rauda vai alum\u012bnija, kas var iztur\u0113t augstu spiedienu un lielas slodzes, piel\u0101goties skarbai darba videi, un ir konstru\u0113ts, \u0146emot v\u0113r\u0101 nodilumiztur\u012bbu un korozijas iztur\u012bbu, kas pagarina t\u0101 kalpo\u0161anas laiku.<\/p>\n<\/li>\n<li>\n<h3>Efekt\u012bva hidraulisk\u0101 darb\u012bba<\/h3>\n<p>Kausa cilindrs izmanto hidraulisk\u0101s e\u013c\u013cas spiedienu, lai pan\u0101ktu vienm\u0113r\u012bgu izstiep\u0161anos un sarau\u0161anos, \u013caujot tam \u0101tri rea\u0123\u0113t uz vad\u012bbas komand\u0101m, nodro\u0161in\u0101t sp\u0113c\u012bgu stum\u0161anas un vilk\u0161anas sp\u0113ku, un tas ir piem\u0113rots smagu kravu apstr\u0101dei un sare\u017e\u0123\u012btiem ekspluat\u0101cijas uzdevumiem.<\/p>\n<\/li>\n<li>\n<h3>Da\u017e\u0101di veidi<\/h3>\n<p>Kausa cilindru var izv\u0113l\u0113ties k\u0101 vienas darb\u012bbas cilindru (izmantojot hidrauliku tikai vien\u0101 virzien\u0101) vai divk\u0101r\u0161as darb\u012bbas cilindru (izmantojot hidrauliku abos virzienos) atkar\u012bb\u0101 no vajadz\u012bb\u0101m, lai apmierin\u0101tu da\u017e\u0101das ekspluat\u0101cijas pras\u012bbas. Da\u017ei mode\u013ci ir teleskopiski, kas \u013cauj pan\u0101kt liel\u0101ku pagarin\u0101jumu, nepalielinot \u0101r\u0113jos izm\u0113rus, padarot tos piem\u0113rotus lieto\u0161anai ierobe\u017eot\u0101 telp\u0101.<\/p>\n<\/li>\n<li>\n<h3>Viegli nomain\u0101ms<\/h3>\n<p>M\u016bsu kausu cilindri var lieliski aizst\u0101t \u0161os hidrauliskos cilindrus.<\/p>\n<\/li>\n<li>\n<h3>Pla\u0161i izmantots da\u017e\u0101d\u0101s lietojumprogramm\u0101s<\/h3>\n<p>Kausa cilindrs tiek pla\u0161i izmantots da\u017e\u0101dos pielietojumos, tostarp:<\/p>\n<ul>\n<li>B\u016bvniec\u012bbas apr\u012bkojums: ekskavatoros tie ir nepiecie\u0161ami augsnes vai gru\u017eu rak\u0161anai, iekrau\u0161anai un p\u0101rvieto\u0161anai. Ekskavatoros kausa cilindri pal\u012bdz gan rak\u0161an\u0101, gan cel\u0161an\u0101. Front\u0101lajos iekr\u0101v\u0113jos tie pal\u012bdz efekt\u012bvi pacelt un noliekt preces.<\/li>\n<li>Lauksaimniec\u012bbas tehnika: Izmanto front\u0101lajos iekr\u0101v\u0113jos augsnes, siena un citu materi\u0101lu sav\u0101k\u0161anai, cel\u0161anai un transport\u0113\u0161anai, k\u0101 ar\u012b ekskavatoros kausa cilindrs pal\u012bdz iek\u013c\u016bt augsn\u0113.<\/li>\n<\/ul>\n<\/li>\n<\/ul>\n<h2>Dizaina apsv\u0113rumi un atlases krit\u0113riji<\/h2>\n<ul>\n<li>\n<h3>Nestsp\u0113ja<\/h3>\n<p>Kausa cilindra nestsp\u0113ja ir b\u016btisks apsv\u0113rums t\u0101 konstrukcij\u0101. Tam j\u0101sp\u0113j iztur\u0113t uz to iedarbin\u0101to svaru un sp\u0113ku, nedeform\u0113joties vai nel\u016bztot.<\/p>\n<\/li>\n<li>\n<h3>Bl\u012bv\u0113\u0161ana<\/h3>\n<p>Kausa cilindram j\u0101b\u016bt labi nosl\u0113gtam, lai nov\u0113rstu e\u013c\u013cas nopl\u016bdes un nodro\u0161in\u0101tu efekt\u012bvu darb\u012bbu.<\/p>\n<\/li>\n<li>\n<h3>Iztur\u012bba<\/h3>\n<p>Kausa cilindram j\u0101b\u016bt pietiekami iztur\u012bgam, lai iztur\u0113tu nodilumu, koroziju un skarbus darba apst\u0101k\u013cus, nesaboj\u0101joties un neboj\u0101joties.<\/p>\n<\/li>\n<li>\n<h3>Dro\u0161\u012bba<\/h3>\n<p>Kausa cilindra konstrukcijai j\u0101nodro\u0161ina operatora dro\u0161\u012bba, nov\u0113r\u0161ot negad\u012bjumus un samazinot traumu risku.<\/p>\n<\/li>\n<li>\n<h3>Apkope<\/h3>\n<p>Kausa cilindram j\u0101b\u016bt viegli kopjamam, un t\u0101 sast\u0101vda\u013c\u0101m j\u0101b\u016bt viegli nomain\u0101m\u0101m.<\/p>\n<\/li>\n<\/ul>\n<p><img decoding=\"async\" src=\"https:\/\/www.hydraulic-cylinders.net\/wp-content\/uploads\/2025\/01\/songte-oil-pipes-and-spare-parts.webp\"><\/p>\n<h2>Bl\u012bv\u0113\u0161ana un e\u013c\u013co\u0161ana<\/h2>\n<p>Kausa cilindr\u0101 tiek izmantoti da\u017e\u0101di bl\u012bv\u0113\u0161anas komponenti, piem\u0113ram, virzu\u013ca bl\u012bv\u0113jumi, stie\u0146a bl\u012bv\u0113jumi utt., kas izgatavoti no nodilumiztur\u012bgiem materi\u0101liem, piem\u0113ram, poliuret\u0101na un nitrila gumijas, lai nodro\u0161in\u0101tu efekt\u012bvu bl\u012bv\u0113\u0161anu. Cilindra korpuss un v\u012btnes gala virsma tiek r\u016bp\u012bgi apstr\u0101d\u0101ta, lai uzlabotu nodilumiztur\u012bbu. Regul\u0101ra e\u013c\u013co\u0161ana ar hidraulisko e\u013c\u013cu ir nepiecie\u0161ama, lai nodro\u0161in\u0101tu vienm\u0113r\u012bgu darb\u012bbu un pagarin\u0101tu cilindra kalpo\u0161anas laiku.<\/p>\n<h2>P\u0101rbaudes un prevent\u012bv\u0101s apkopes pas\u0101kumi<\/h2>\n<p>Regul\u0101ra p\u0101rbaude, atbilsto\u0161a e\u013c\u013co\u0161ana, bl\u012bvju nomai\u0146a un kalibr\u0113\u0161anas p\u0101rbaudes ir bie\u017ei sastopami kausu cilindru apkopes uzdevumi. Pareiza uzst\u0101d\u012b\u0161ana, e\u013c\u013co\u0161ana un regul\u0113\u0161ana ir \u013coti svar\u012bga, un uzst\u0101d\u012b\u0161anas laik\u0101 j\u0101nodro\u0161ina atbilsto\u0161as \u200b\u200bnor\u0101des. Ieteicams izmantot atbilsto\u0161us uzst\u0101d\u012b\u0161anas kron\u0161teinus cilindra nostiprin\u0101\u0161anai. Ieteicam\u0101s p\u0101rbaudes, remonta un nomai\u0146as proced\u016bras var pal\u012bdz\u0113t pagarin\u0101t cilindra kalpo\u0161anas laiku.<\/p>\n<p><img decoding=\"async\" src=\"https:\/\/www.hydraulic-cylinders.net\/wp-content\/uploads\/2025\/01\/songte-chushion-collar.webp\"><\/p>\n<h2>Dro\u0161\u012bbas apsv\u0113rumi un vides faktori<\/h2>\n<p>Izmantojot kausu cilindrus, ir svar\u012bgi iev\u0113rot dro\u0161\u012bbas pas\u0101kumus, lai nov\u0113rstu negad\u012bjumus un traumas. J\u0101\u0146em v\u0113r\u0101 atbilsto\u0161i vides faktori, lai nodro\u0161in\u0101tu, ka cilindrs darbojas efekt\u012bvi, neradot kait\u0113jumu videi.<\/p>\n<p><img decoding=\"async\" src=\"https:\/\/hzpt.com\/wp-content\/uploads\/2024\/11\/songte-company-1.webp\"><\/p>\n<h2>Bie\u017ei sastopamas probl\u0113mas un to nov\u0113r\u0161ana<\/h2>\n<p>Bie\u017ei sastopamas probl\u0113mas ar kausu cilindriem ir nopl\u016bde, nepietiekams sp\u0113ks un l\u0113na darb\u012bba. Probl\u0113mu nov\u0113r\u0161anas metodes ietver nopl\u016b\u017eu p\u0101rbaudi, hidraulisk\u0101 spiediena p\u0101rbaudi un pareizas e\u013c\u013co\u0161anas nodro\u0161in\u0101\u0161anu. Prevent\u012bvie pas\u0101kumi, piem\u0113ram, regul\u0101ra p\u0101rbaude un apkope, var pal\u012bdz\u0113t nov\u0113rst \u0161\u0101das probl\u0113mas.<\/p>\n<p><img decoding=\"async\" src=\"https:\/\/www.hydraulic-cylinders.net\/wp-content\/uploads\/2025\/01\/songte-bushings-with-all-kinds-of-excavator-models.webp\"><\/p>\n<h2>Par m\u016bsu uz\u0146\u0113mumu<\/h2>\n<p>M\u0113s esam hidraulisko cilindru ra\u017eot\u0101js, kas var aizst\u0101t ori\u0123in\u0101l\u0101 apr\u012bkojuma cilindrus. M\u016bsu produkti aptver pla\u0161u kl\u0101stu un esam k\u013cuvu\u0161i par vienu no vado\u0161ajiem hidraulisko cilindru ra\u017eot\u0101jiem un vairumtirgot\u0101jiem viet\u0113j\u0101 un \u0101rvalstu tirgos. M\u0113s iev\u0113rojam izcilas kvalit\u0101tes principu un pa\u013caujamies uz r\u016bpniecisk\u0101s ra\u017eo\u0161anas vad\u012bbas strat\u0113\u0123ij\u0101m, kuru pamat\u0101 ir izsmalcin\u0101tas ra\u017eo\u0161anas darbn\u012bcas, kas ietver profesion\u0101lu test\u0113\u0161anas sist\u0113mu, tehnolo\u0123isko talantu un digit\u0101lu progres\u012bvu ra\u017eo\u0161anas iek\u0101rtu izmanto\u0161anu. M\u0113s nep\u0101rtraukti uzlabojam savu ra\u017eo\u0161anas platformu un pilnveidojam savu produktu kvalit\u0101tes ra\u017eo\u0161anas l\u012bniju, un mums ir sp\u0113c\u012bgas rado\u0161\u0101s sp\u0113jas. M\u016bsu m\u0113r\u0137is ir apmierin\u0101t klientu daudzveid\u012bg\u0101s vajadz\u012bbas ar augstu efektivit\u0101ti, augstu precizit\u0101ti un augstas kvalit\u0101tes principiem.<\/p>\n<p>M\u0113s pied\u0101v\u0101jam piel\u0101gotus pakalpojumus, starptautiskas sertifik\u0101cijas un p\u0113cp\u0101rdo\u0161anas pakalpojumus, k\u0101 ar\u012b citas priek\u0161roc\u012bbas. M\u016bsu ra\u017eo\u0161anas iek\u0101rtas un profesion\u0101l\u0101s komandas var nodro\u0161in\u0101t vislab\u0101ko servisu, lai apmierin\u0101tu klientu pras\u012bbas. <\/p>\n<p><em>Autors: lil<\/em><\/p>","protected":false},"excerpt":{"rendered":"<p>Bucket Cylinder For XCMG Large Excavator XE500CA Introduction The bucket cylinder for XCMG large excavator XE500CA is a specially designed hydraulic cylinder that is primarily used to control the movement of the bucket in heavy machinery, such as excavators, backhoe excavators, and front-end loaders. Its main function is to enable the bucket to lift, lower, [&hellip;]<\/p>","protected":false},"featured_media":14787,"comment_status":"open","ping_status":"closed","template":"","meta":{"_et_pb_use_builder":"","_et_pb_old_content":"","_et_gb_content_width":""},"product_brand":[],"product_cat":[1494],"product_tag":[1495,1496],"class_list":{"0":"post-15479","1":"product","2":"type-product","3":"status-publish","4":"has-post-thumbnail","6":"product_cat-bucket-cylinders","7":"product_tag-bucket-cylinders","8":"product_tag-hydraulic-cylinders","10":"first","11":"instock","12":"shipping-taxable","13":"product-type-simple"},"amp_enabled":true,"_links":{"self":[{"href":"https:\/\/www.hydraulic-cylinders.net\/lv\/wp-json\/wp\/v2\/product\/15479","targetHints":{"allow":["GET"]}}],"collection":[{"href":"https:\/\/www.hydraulic-cylinders.net\/lv\/wp-json\/wp\/v2\/product"}],"about":[{"href":"https:\/\/www.hydraulic-cylinders.net\/lv\/wp-json\/wp\/v2\/types\/product"}],"replies":[{"embeddable":true,"href":"https:\/\/www.hydraulic-cylinders.net\/lv\/wp-json\/wp\/v2\/comments?post=15479"}],"wp:featuredmedia":[{"embeddable":true,"href":"https:\/\/www.hydraulic-cylinders.net\/lv\/wp-json\/wp\/v2\/media\/14787"}],"wp:attachment":[{"href":"https:\/\/www.hydraulic-cylinders.net\/lv\/wp-json\/wp\/v2\/media?parent=15479"}],"wp:term":[{"taxonomy":"product_brand","embeddable":true,"href":"https:\/\/www.hydraulic-cylinders.net\/lv\/wp-json\/wp\/v2\/product_brand?post=15479"},{"taxonomy":"product_cat","embeddable":true,"href":"https:\/\/www.hydraulic-cylinders.net\/lv\/wp-json\/wp\/v2\/product_cat?post=15479"},{"taxonomy":"product_tag","embeddable":true,"href":"https:\/\/www.hydraulic-cylinders.net\/lv\/wp-json\/wp\/v2\/product_tag?post=15479"}],"curies":[{"name":"wp","href":"https:\/\/api.w.org\/{rel}","templated":true}]}}