{"id":15483,"date":"2025-01-19T14:35:12","date_gmt":"2025-01-19T14:35:12","guid":{"rendered":"https:\/\/www.hydraulic-cylinders.net\/product\/bucket-cylinder-for-xcmg-large-excavator-xe500m\/"},"modified":"2025-01-19T14:35:14","modified_gmt":"2025-01-19T14:35:14","slug":"bucket-cylinder-for-xcmg-large-excavator-xe500m","status":"publish","type":"product","link":"https:\/\/www.hydraulic-cylinders.net\/lv\/products\/bucket-cylinder-for-xcmg-large-excavator-xe500m\/","title":{"rendered":"Kausa cilindrs XCMG lielajam ekskavatoram XE500M"},"content":{"rendered":"<h1>Kausa cilindrs XCMG lielajam ekskavatoram XE500M<\/h1>\n<h2>Ievads<\/h2>\n<h3>Defin\u012bcija<\/h3>\n<p>A bucket cylinder is a specially designed hydraulic cylinder used to control the movement of the bucket in heavy machinery such as excavators, backhoe loaders, and front-end loaders. Its main function is to lift, lower, and tilt the bucket, making it easier to handle various material handling tasks. In the hydraulic system, the bucket cylinder controls the bucket&#8217;s precise movement through changes in hydraulic oil pressure, enabling operators to handle heavy loads efficiently and adapt to complex work environments and diverse job requirements.<\/p>\n<p><center><img decoding=\"async\" src=\"https:\/\/www.hydraulic-cylinders.net\/wp-content\/uploads\/2025\/01\/songte-company-2.webp\"><\/center><\/p>\n<h3>Funkcijas<\/h3>\n<ul>\n<li><strong>Augsta iztur\u012bba un ilgm\u016b\u017e\u012bba:<\/strong> Parasti no augstas stipr\u012bbas t\u0113rauda vai alum\u012bnija izgatavotais kausa cilindrs var iztur\u0113t augstu spiedienu un lielas slodzes, piel\u0101gojoties skarbai darba videi. Konstrukcij\u0101 \u0146emta v\u0113r\u0101 ar\u012b nodilumiztur\u012bba un iztur\u012bba pret koroziju, pagarinot kalpo\u0161anas laiku.<\/li>\n<li><strong>Efekt\u012bva hidraulisk\u0101 darb\u012bba:<\/strong> Izmanto hidraulisk\u0101s e\u013c\u013cas spiedienu, lai pan\u0101ktu vienm\u0113r\u012bgas izstiep\u0161anas un sarau\u0161an\u0101s kust\u012bbas, \u0101tri rea\u0123\u0113jot uz vad\u012bbas komand\u0101m, nodro\u0161inot sp\u0113c\u012bgu vilk\u0161anas un stum\u0161anas sp\u0113ku un ir piem\u0113rots smagu kravu apstr\u0101dei un sare\u017e\u0123\u012btiem ekspluat\u0101cijas uzdevumiem.<\/li>\n<li><strong>Da\u017e\u0101di veidi:<\/strong> Kausa cilindri var b\u016bt vienk\u0101r\u0161\u0101s darb\u012bbas (hidraulika tiek izmantota tikai vien\u0101 virzien\u0101) vai divk\u0101r\u0161\u0101s darb\u012bbas (hidraulika tiek izmantota divos virzienos) atkar\u012bb\u0101 no ekspluat\u0101cijas pras\u012bb\u0101m. Da\u017ei mode\u013ci ir teleskopiski, kas \u013cauj tos liel\u0101kus izstiept, nepalielinot \u0101r\u0113jos izm\u0113rus, un ir piem\u0113roti lieto\u0161anai ierobe\u017eot\u0101 telp\u0101.<\/li>\n<li><strong>Viegli nomain\u0101ms:<\/strong> M\u016bsu produkti ir lieliska alternat\u012bva \u0161iem hidrauliskajiem cilindriem. <\/li>\n<\/ul>\n<p><center><img decoding=\"async\" src=\"https:\/\/www.hydraulic-cylinders.net\/wp-content\/uploads\/2025\/01\/songte-cylinder-head-with-all-kinds-excavator-models.webp\"><\/center><\/p>\n<h3>Pieteikums<\/h3>\n<p>Kausa cilindrs tiek pla\u0161i izmantots da\u017e\u0101d\u0101s nozar\u0113s, tostarp:<\/p>\n<ul>\n<li><strong>Celtniec\u012bbas apr\u012bkojums:<\/strong> Ekskavatoros tie ir nepiecie\u0161ami rak\u0161anai, iekrau\u0161anai un augsnes vai gru\u017eu p\u0101rvieto\u0161anai. Ekskavatoros-iekr\u0101v\u0113jos kausa cilindrs pal\u012bdz gan rak\u0161an\u0101, gan cel\u0161an\u0101. <\/li>\n<li><strong>Lauksaimniec\u012bbas tehnika:<\/strong> Izmanto front\u0101lajos iekr\u0101v\u0113jos augsnes, siena un citu materi\u0101lu sav\u0101k\u0161anai, cel\u0161anai un transport\u0113\u0161anai. <\/li>\n<li><strong>Ekskavatori:<\/strong> Kausa cilindrs \u013cauj spainim iek\u013c\u016bt augsn\u0113, lai veiktu rak\u0161anas kust\u012bbu. <\/li>\n<li><strong>Iekr\u0101v\u0113ji:<\/strong> Front\u0101lajos iekr\u0101v\u0113jos kausa cilindri pal\u012bdz efekt\u012bvi pacelt un izg\u0101zt preces.<\/li>\n<\/ul>\n<h3>Dizaina apsv\u0113rumi un atlases krit\u0113riji<\/h3>\n<p>Projekt\u0113jot cilindra skr\u016bvi, tiek \u0146emti v\u0113r\u0101 vair\u0101ki faktori, tostarp:<\/p>\n<ul>\n<li><strong>Nestsp\u0113ja:<\/strong> Kausa cilindram j\u0101sp\u0113j iztur\u0113t tehnikas un apstr\u0101d\u0101jam\u0101 materi\u0101la kravnes\u012bbu. <\/li>\n<li><strong>Bl\u012bv\u0113jums un iztur\u012bba:<\/strong> Kausa cilindram ir nepiecie\u0161ams iztur\u012bgs bl\u012bv\u0113jums, lai nov\u0113rstu nopl\u016bdes un nodro\u0161in\u0101tu ilgsto\u0161u lieto\u0161anu, \u0146emot v\u0113r\u0101 vides faktorus, piem\u0113ram, temperat\u016bru un \u0137\u012bmisk\u0101s vielas. <\/li>\n<li><strong>Dro\u0161\u012bba:<\/strong> Kausa cilindram ir j\u0101b\u016bt dro\u0161i uzst\u0101d\u012btam un tam ir j\u0101b\u016bt ieviestiem pas\u0101kumiem, lai nov\u0113rstu negad\u012bjumus, piem\u0113ram, negaid\u012btas kust\u012bbas vai p\u0101rslodzi.<\/li>\n<li><strong>Apkope:<\/strong> Lai nodro\u0161in\u0101tu optim\u0101lu veiktsp\u0113ju, kausa cilindrs ir regul\u0101ri j\u0101apkopj, tostarp j\u0101veic e\u013c\u013cas mai\u0146a, bl\u012bv\u0113jumu nomai\u0146a un kalibr\u0113\u0161anas p\u0101rbaudes. <\/li>\n<\/ul>\n<p><center><img decoding=\"async\" src=\"https:\/\/www.hydraulic-cylinders.net\/wp-content\/uploads\/2025\/01\/songte-oil-pipes-and-spare-parts.webp\"><\/center><\/p>\n<h3>Bl\u012bv\u0113\u0161ana un e\u013c\u013co\u0161ana<\/h3>\n<p>Kausa cilindr\u0101 tiek izmantoti da\u017e\u0101di bl\u012bv\u0113\u0161anas komponenti, piem\u0113ram, virzu\u013ca bl\u012bv\u0113jumi, stie\u0146a bl\u012bv\u0113jumi utt., kas izgatavoti no nodilumiztur\u012bgiem materi\u0101liem, piem\u0113ram, poliuret\u0101na un NBR. Cilindra korpuss un v\u012bt\u0146ot\u0101 gala virsma tiek r\u016bp\u012bgi apstr\u0101d\u0101ta, lai uzlabotu nodilumiztur\u012bbu. Lai uztur\u0113tu optim\u0101lu veiktsp\u0113ju, ir nepiecie\u0161ams regul\u0101ri pievienot atbilsto\u0161u hidraulisk\u0101s e\u013c\u013cas daudzumu cilindra e\u013c\u013co\u0161anai.<\/p>\n<h3>Apkope un remonts<\/h3>\n<p>Regul\u0101ra apkope, piem\u0113ram, e\u013c\u013co\u0161ana, bl\u012bvju nomai\u0146a un kalibr\u0113\u0161anas p\u0101rbaudes, ir b\u016btiska, lai nodro\u0161in\u0101tu kausa cilindra ilgm\u016b\u017e\u012bbu. Ieteicams izmantot atbilsto\u0161us uzst\u0101d\u012b\u0161anas kron\u0161teinus, lai dro\u0161i nostiprin\u0101tu cilindru viet\u0101, un ir \u013coti svar\u012bgi pareizi izl\u012bdzin\u0101t cilindru. <\/p>\n<h3>Dro\u0161\u012bbas un vides apsv\u0113rumi<\/h3>\n<p>Izmantojot kausa cilindru, ir \u013coti svar\u012bgi iev\u0113rot dro\u0161\u012bbas nor\u0101d\u012bjumus, lai nov\u0113rstu negad\u012bjumus un aizsarg\u0101tu vidi. Piem\u0113rotu individu\u0101lo aizsardz\u012bbas l\u012bdzek\u013cu, piem\u0113ram, cimdu un aizsargbri\u013c\u013cu, lieto\u0161ana un pareiza hidraulisk\u0101s e\u013c\u013cas utiliz\u0101cija ir da\u017ei no svar\u012bg\u0101kajiem dro\u0161\u012bbas un vides aizsardz\u012bbas pas\u0101kumiem, kas j\u0101\u0146em v\u0113r\u0101.<\/p>\n<p><center><img decoding=\"async\" src=\"https:\/\/www.hydraulic-cylinders.net\/wp-content\/uploads\/2025\/01\/songte-chushion-collar.webp\"><\/center><\/p>\n<h3>K\u013c\u016bmju diagnostika un probl\u0113mu nov\u0113r\u0161ana<\/h3>\n<p>Da\u017eas izplat\u012btas kausa cilindru probl\u0113mas ir e\u013c\u013cas nopl\u016bdes, nepietiekams sp\u0113ks un l\u0113na kust\u012bba. Ir svar\u012bgi prec\u012bzi diagnostic\u0113t probl\u0113mu, lai piem\u0113rotu atbilsto\u0161us risin\u0101jumus. Regul\u0101ras apkopes p\u0101rbaudes var pal\u012bdz\u0113t nov\u0113rst potenci\u0101las probl\u0113mas.<\/p>\n<h3>Par m\u016bsu uz\u0146\u0113mumu<\/h3>\n<p>M\u0113s esam hidraulisko cilindru rezerves da\u013cu ra\u017eot\u0101js ar pilnu produktu kl\u0101stu. Esam k\u013cuvu\u0161i par vienu no vado\u0161ajiem hidraulisko cilindru ra\u017eot\u0101jiem un izplat\u012bt\u0101jiem viet\u0113j\u0101 un starptautiskaj\u0101 tirg\u016b. M\u016bsu produkti atbilst izcilas kvalit\u0101tes principam un balst\u0101s uz industrializ\u0113tu ra\u017eo\u0161anas vad\u012bbas strat\u0113\u0123iju m\u016bsu sare\u017e\u0123\u012btaj\u0101 ra\u017eo\u0161anas darbn\u012bc\u0101, iek\u013caujot tehnolo\u0123iju talantu, augstas klases digit\u0101lo ra\u017eo\u0161anas iek\u0101rtu un profesion\u0101lu test\u0113\u0161anas sist\u0113mu izmanto\u0161anu. M\u016bsu efekt\u012bvie, prec\u012bzie un augstas kvalit\u0101tes principi atbilst m\u016bsu klientu daudzveid\u012bgaj\u0101m vajadz\u012bb\u0101m.<\/p>\n<p>M\u016bsu uz\u0146\u0113mums pied\u0101v\u0101 profesion\u0101lus pakalpojumus vis\u0101 pasaul\u0113, tostarp starptautiskas sertifik\u0101cijas, pas\u016bt\u012bjuma pakalpojumus, augstas klases ra\u017eo\u0161anas iek\u0101rtas un p\u0113cp\u0101rdo\u0161anas pakalpojumus.<\/p>\n<p><center><img decoding=\"async\" src=\"https:\/\/hzpt.com\/wp-content\/uploads\/2024\/11\/songte-company-1.webp\"><\/center><\/p>\n<h4>Autors: lil<\/h4>","protected":false},"excerpt":{"rendered":"<p>Bucket Cylinder For XCMG Large Excavator XE500M Introduction Definition A bucket cylinder is a specially designed hydraulic cylinder used to control the movement of the bucket in heavy machinery such as excavators, backhoe loaders, and front-end loaders. Its main function is to lift, lower, and tilt the bucket, making it easier to handle various material [&hellip;]<\/p>","protected":false},"featured_media":14780,"comment_status":"open","ping_status":"closed","template":"","meta":{"_et_pb_use_builder":"","_et_pb_old_content":"","_et_gb_content_width":""},"product_brand":[],"product_cat":[1494],"product_tag":[1495,1496],"class_list":{"0":"post-15483","1":"product","2":"type-product","3":"status-publish","4":"has-post-thumbnail","6":"product_cat-bucket-cylinders","7":"product_tag-bucket-cylinders","8":"product_tag-hydraulic-cylinders","10":"first","11":"instock","12":"shipping-taxable","13":"product-type-simple"},"amp_enabled":true,"_links":{"self":[{"href":"https:\/\/www.hydraulic-cylinders.net\/lv\/wp-json\/wp\/v2\/product\/15483","targetHints":{"allow":["GET"]}}],"collection":[{"href":"https:\/\/www.hydraulic-cylinders.net\/lv\/wp-json\/wp\/v2\/product"}],"about":[{"href":"https:\/\/www.hydraulic-cylinders.net\/lv\/wp-json\/wp\/v2\/types\/product"}],"replies":[{"embeddable":true,"href":"https:\/\/www.hydraulic-cylinders.net\/lv\/wp-json\/wp\/v2\/comments?post=15483"}],"wp:featuredmedia":[{"embeddable":true,"href":"https:\/\/www.hydraulic-cylinders.net\/lv\/wp-json\/wp\/v2\/media\/14780"}],"wp:attachment":[{"href":"https:\/\/www.hydraulic-cylinders.net\/lv\/wp-json\/wp\/v2\/media?parent=15483"}],"wp:term":[{"taxonomy":"product_brand","embeddable":true,"href":"https:\/\/www.hydraulic-cylinders.net\/lv\/wp-json\/wp\/v2\/product_brand?post=15483"},{"taxonomy":"product_cat","embeddable":true,"href":"https:\/\/www.hydraulic-cylinders.net\/lv\/wp-json\/wp\/v2\/product_cat?post=15483"},{"taxonomy":"product_tag","embeddable":true,"href":"https:\/\/www.hydraulic-cylinders.net\/lv\/wp-json\/wp\/v2\/product_tag?post=15483"}],"curies":[{"name":"wp","href":"https:\/\/api.w.org\/{rel}","templated":true}]}}