{"id":15493,"date":"2025-01-19T14:35:58","date_gmt":"2025-01-19T14:35:58","guid":{"rendered":"https:\/\/www.hydraulic-cylinders.net\/product\/bucket-cylinder-for-zoomlion-small-excavator-ze85e\/"},"modified":"2025-01-19T14:36:00","modified_gmt":"2025-01-19T14:36:00","slug":"bucket-cylinder-for-zoomlion-small-excavator-ze85e","status":"publish","type":"product","link":"https:\/\/www.hydraulic-cylinders.net\/lv\/products\/bucket-cylinder-for-zoomlion-small-excavator-ze85e\/","title":{"rendered":"Zoomlion maz\u0101 ekskavatora ZE85E kausa cilindrs"},"content":{"rendered":"<h1>Zoomlion maz\u0101 ekskavatora ZE85E kausa cilindrs<\/h1>\n<h2>Ievads<\/h2>\n<p>A bucket cylinder is a specially designed hydraulic cylinder used to control the movement of buckets in heavy machinery such as excavators, backhoes, and front-end loaders. Its main function is to lift, lower, and tilt the bucket, making it easy to handle various material handling tasks. In the hydraulic system, the bucket cylinder achieves precise control of the bucket&#8217;s movement by changing the pressure of hydraulic oil, enabling operators to handle heavy loads efficiently and adapt to complex work environments and diverse operation needs.<\/p>\n<p><img decoding=\"async\" src=\"https:\/\/www.hydraulic-cylinders.net\/wp-content\/uploads\/2025\/01\/songte-company-2.webp\"><\/p>\n<h2>Funkcijas<\/h2>\n<ul>\n<li>Augsta iztur\u012bba un ilgm\u016b\u017e\u012bba: Parasti izgatavots no augstas stipr\u012bbas t\u0113rauda vai alum\u012bnija, sp\u0113j iztur\u0113t augstu spiedienu un lielas slodzes, un ir izstr\u0101d\u0101ts, \u0146emot v\u0113r\u0101 nodilumiztur\u012bbu un korozijas iztur\u012bbu, lai pagarin\u0101tu kalpo\u0161anas laiku.<\/li>\n<li>Efekt\u012bva hidraulisk\u0101 darb\u012bba: Izmantojot hidraulisk\u0101s e\u013c\u013cas spiedienu, nodro\u0161ina vienm\u0113r\u012bgas pagarin\u0101\u0161anas un sarau\u0161an\u0101s kust\u012bbas, \u0101tri rea\u0123\u0113 uz vad\u012bbas komand\u0101m, nodro\u0161ina sp\u0113c\u012bgu stum\u0161anas un vilk\u0161anas sp\u0113ku un ir piem\u0113rota smagu kravu apstr\u0101dei un sare\u017e\u0123\u012btu darba uzdevumu veik\u0161anai.<\/li>\n<li>Vair\u0101ki veidi: vienas darb\u012bbas (hidrauliski tiek izmantots tikai vien\u0101 virzien\u0101) vai divk\u0101r\u0161as darb\u012bbas (hidrauliski tiek izmantots divos virzienos) cilindrus var izv\u0113l\u0113ties atbilsto\u0161i vajadz\u012bb\u0101m, lai apmierin\u0101tu da\u017e\u0101das ekspluat\u0101cijas vajadz\u012bbas. Da\u017ei mode\u013ci ir teleskopiski, kas \u013cauj tos pagarin\u0101t, nepalielinot \u0101r\u0113jos izm\u0113rus, un ir piem\u0113roti lieto\u0161anai ierobe\u017eot\u0101 telp\u0101.<\/li>\n<li>Viegli nomain\u0101ms: m\u016bsu produkti var lieliski aizst\u0101t \u0161os hidrauliskos cilindrus.<\/li>\n<\/ul>\n<p><img decoding=\"async\" src=\"https:\/\/www.hydraulic-cylinders.net\/wp-content\/uploads\/2025\/01\/songte-cylinder-head-with-all-kinds-excavator-models.webp\"><\/p>\n<h2>Pieteikumi<\/h2>\n<p>Kausa cilindri parasti tiek izmantoti da\u017e\u0101d\u0101s celtniec\u012bbas un lauksaimniec\u012bbas ma\u0161\u012bn\u0101s, piem\u0113ram:<\/p>\n<ul>\n<li>Ekskavatori: Nodro\u0161ina rak\u0161anas darb\u012bbu, \u013caujot kausam iek\u013c\u016bt augsn\u0113<\/li>\n<li>Iekr\u0101v\u0113ji: Pal\u012bdz efekt\u012bvi pacelt un noliekt kravu<\/li>\n<li>Ekskavatori: Kausa cilindrs pal\u012bdz rakt un celt<\/li>\n<li>Lauksaimniec\u012bbas tehnika: Izmanto front\u0101lajos iekr\u0101v\u0113jos augsnes, siena un citu materi\u0101lu rak\u0161anai, cel\u0161anai un transport\u0113\u0161anai<\/li>\n<\/ul>\n<h2>Dizaina apsv\u0113rumi<\/h2>\n<p>Kausa cilindru projekt\u0113\u0161anai ir svar\u012bgi \u0161\u0101di apsv\u0113rumi:<\/p>\n<h3>Nestsp\u0113ja<\/h3>\n<p>Balonam j\u0101sp\u0113j iztur\u0113t kausa un taj\u0101 p\u0101rvad\u0101jamo materi\u0101lu svaru un slodzi.<\/p>\n<h3>Bl\u012bv\u0113\u0161ana<\/h3>\n<p>Cilindram j\u0101b\u016bt konstru\u0113tam ar augstas kvalit\u0101tes bl\u012bv\u0113m, lai nov\u0113rstu hidraulisk\u0101 \u0161\u0137idruma nopl\u016bdes un samazin\u0101tu apkopes izmaksas.<\/p>\n<h3>Iztur\u012bba<\/h3>\n<p>Balonam j\u0101b\u016bt konstru\u0113tam t\u0101, lai tas iztur\u0113tu nodilumu intens\u012bvas lieto\u0161anas laik\u0101 un darbotos skarbos apst\u0101k\u013cos.<\/p>\n<h3>Dro\u0161\u012bba<\/h3>\n<p>Balonam j\u0101b\u016bt konstru\u0113tam ar dro\u0161\u012bbas funkcij\u0101m, lai nov\u0113rstu negad\u012bjumus un aizsarg\u0101tu apk\u0101rt\u0113jos.<\/p>\n<h3>Apkope<\/h3>\n<p>Balonam j\u0101b\u016bt konstru\u0113tam t\u0101, lai to var\u0113tu viegli uztur\u0113t un remont\u0113t, lai nodro\u0161in\u0101tu ilgu kalpo\u0161anas laiku.<\/p>\n<p><img decoding=\"async\" src=\"https:\/\/www.hydraulic-cylinders.net\/wp-content\/uploads\/2025\/01\/songte-oil-pipes-and-spare-parts.webp\"><\/p>\n<h2>Bl\u012bv\u0113\u0161ana un e\u013c\u013co\u0161ana<\/h2>\n<p>Kausu cilindros tiek izmantoti da\u017e\u0101di bl\u012bv\u0113\u0161anas komponenti, piem\u0113ram, virzu\u013ca bl\u012bv\u0113jumi, stie\u0146a bl\u012bv\u0113jumi utt., kas izgatavoti no nodilumiztur\u012bgiem materi\u0101liem, piem\u0113ram, poliuret\u0101na, nitrila gumijas utt. Cilindra korpuss un v\u012btnes gala virsmas ir smalki apstr\u0101d\u0101tas, lai uzlabotu nodilumiztur\u012bbu. Lai nodro\u0161in\u0101tu pareizu e\u013c\u013co\u0161anu, ir nepiecie\u0161ams regul\u0101ri pievienot atbilsto\u0161u hidraulisk\u0101s e\u013c\u013cas daudzumu.<\/p>\n<h2>Apkope un remonts<\/h2>\n<p>Kausu cilindru ilgsto\u0161ai lieto\u0161anai ir svar\u012bgi veikt \u0161\u0101dus apkopes darbus:<\/p>\n<h3>Regul\u0101ra p\u0101rbaude<\/h3>\n<p>Lai nodro\u0161in\u0101tu pareizu cilindra darb\u012bbu un identific\u0113tu iesp\u0113jam\u0101s probl\u0113mas, ir nepiecie\u0161ama regul\u0101ra cilindra un t\u0101 sast\u0101vda\u013cu p\u0101rbaude.<\/p>\n<h3>E\u013c\u013co\u0161ana<\/h3>\n<p>Pareiza cilindra un t\u0101 sast\u0101vda\u013cu e\u013c\u013co\u0161ana var pal\u012bdz\u0113t samazin\u0101t nodilumu un pagarin\u0101t kalpo\u0161anas laiku.<\/p>\n<h3>Bl\u012bvju nomai\u0146a<\/h3>\n<p>Nodilu\u0161u bl\u012bv\u0113jumu nomai\u0146a ir nepiecie\u0161ama, lai nov\u0113rstu hidraulisk\u0101 \u0161\u0137idruma nopl\u016bdes un samazin\u0101tu apkopes izmaksas.<\/p>\n<p>Pareiza uzst\u0101d\u012b\u0161ana ir b\u016btiska kausu cilindru darb\u012bbai un dro\u0161\u012bbai. Pareiza cilindra izl\u012bdzin\u0101\u0161ana ir \u013coti svar\u012bga t\u0101 pareizai darb\u012bbai. Balona nostiprin\u0101\u0161anai ieteicams izmantot atbilsto\u0161us uzst\u0101d\u012b\u0161anas kron\u0161teinus. Lai pagarin\u0101tu kalpo\u0161anas laiku, ieteicams regul\u0101ri p\u0101rbaud\u012bt, remont\u0113t un nomain\u012bt deta\u013cas.<\/p>\n<p><img decoding=\"async\" src=\"https:\/\/www.hydraulic-cylinders.net\/wp-content\/uploads\/2025\/01\/songte-chushion-collar.webp\"><\/p>\n<h2>Dro\u0161\u012bba un vide<\/h2>\n<p>Kausu cilindriem ir nepiecie\u0161ami atbilsto\u0161i dro\u0161\u012bbas pas\u0101kumi, lai nov\u0113rstu negad\u012bjumus ekspluat\u0101cijas laik\u0101. Dro\u0161\u012bbas pas\u0101kumu iev\u0113ro\u0161anas noz\u012bmi nevar p\u0101rv\u0113rt\u0113t. Pareiza izlietot\u0101s hidraulisk\u0101s e\u013c\u013cas utiliz\u0101cija ir nepiecie\u0161ama, lai aizsarg\u0101tu vidi.<\/p>\n<h2>Diagnoze un probl\u0113mu nov\u0113r\u0161ana<\/h2>\n<p>Bie\u017ei sastopamas probl\u0113mas ar kausu cilindriem ir nopl\u016bdes, nepareiza darb\u012bba un bl\u012bv\u0113jumu boj\u0101jumi. Regul\u0101ras p\u0101rbaudes, apkope un pareiza e\u013c\u013co\u0161ana var pal\u012bdz\u0113t nov\u0113rst \u0161\u012bs probl\u0113mas. Ja rodas probl\u0113mas, ieteicams konsult\u0113ties ar speci\u0101listu, lai veiktu diagnostiku un remontu.<\/p>\n<p><img decoding=\"async\" src=\"https:\/\/www.hydraulic-cylinders.net\/wp-content\/uploads\/2025\/01\/songte-bushings-with-all-kinds-of-excavator-models.webp\"><\/p>\n<h2>Par mums<\/h2>\n<p>M\u0113s esam vado\u0161ais hidraulisko cilindru ra\u017eot\u0101js un vairumtirgot\u0101js viet\u0113j\u0101 un starptautiskaj\u0101 tirg\u016b. M\u0113s pied\u0101v\u0101jam da\u017e\u0101dus produktus un iev\u0113rojam ra\u017eo\u0161anas vad\u012bbas strat\u0113\u0123iju, kas balst\u0101s uz izcilu kvalit\u0101ti, tehniskajiem talantiem, augst\u0101k\u0101s klases digit\u0101laj\u0101m ra\u017eo\u0161anas iek\u0101rt\u0101m un profesion\u0101l\u0101m test\u0113\u0161anas sist\u0113m\u0101m. M\u016bsu produkti tiek ra\u017eoti uz sare\u017e\u0123\u012btas ra\u017eo\u0161anas platformas, koncentr\u0113joties uz augstu efektivit\u0101ti, augstu precizit\u0101ti un augstu kvalit\u0101ti, lai apmierin\u0101tu m\u016bsu klientu da\u017e\u0101d\u0101s vajadz\u012bbas.<\/p>\n<p>M\u016bsu uz\u0146\u0113mums sniedz profesion\u0101lus pakalpojumus, kas ietver starptautisku sertifik\u0101ciju, piel\u0101go\u0161anu, ra\u017eo\u0161anas iek\u0101rtas un p\u0113cp\u0101rdo\u0161anas apkalpo\u0161anu.<\/p>\n<p><img decoding=\"async\" src=\"https:\/\/hzpt.com\/wp-content\/uploads\/2024\/11\/songte-company-1.webp\"><\/p>\n<p>Autors: lil<\/p>","protected":false},"excerpt":{"rendered":"<p>Bucket Cylinder For Zoomlion Small Excavator ZE85E Introduction A bucket cylinder is a specially designed hydraulic cylinder used to control the movement of buckets in heavy machinery such as excavators, backhoes, and front-end loaders. Its main function is to lift, lower, and tilt the bucket, making it easy to handle various material handling tasks. In [&hellip;]<\/p>","protected":false},"featured_media":14788,"comment_status":"open","ping_status":"closed","template":"","meta":{"_et_pb_use_builder":"","_et_pb_old_content":"","_et_gb_content_width":""},"product_brand":[],"product_cat":[1494],"product_tag":[1495,1496],"class_list":{"0":"post-15493","1":"product","2":"type-product","3":"status-publish","4":"has-post-thumbnail","6":"product_cat-bucket-cylinders","7":"product_tag-bucket-cylinders","8":"product_tag-hydraulic-cylinders","10":"first","11":"instock","12":"shipping-taxable","13":"product-type-simple"},"amp_enabled":true,"_links":{"self":[{"href":"https:\/\/www.hydraulic-cylinders.net\/lv\/wp-json\/wp\/v2\/product\/15493","targetHints":{"allow":["GET"]}}],"collection":[{"href":"https:\/\/www.hydraulic-cylinders.net\/lv\/wp-json\/wp\/v2\/product"}],"about":[{"href":"https:\/\/www.hydraulic-cylinders.net\/lv\/wp-json\/wp\/v2\/types\/product"}],"replies":[{"embeddable":true,"href":"https:\/\/www.hydraulic-cylinders.net\/lv\/wp-json\/wp\/v2\/comments?post=15493"}],"wp:featuredmedia":[{"embeddable":true,"href":"https:\/\/www.hydraulic-cylinders.net\/lv\/wp-json\/wp\/v2\/media\/14788"}],"wp:attachment":[{"href":"https:\/\/www.hydraulic-cylinders.net\/lv\/wp-json\/wp\/v2\/media?parent=15493"}],"wp:term":[{"taxonomy":"product_brand","embeddable":true,"href":"https:\/\/www.hydraulic-cylinders.net\/lv\/wp-json\/wp\/v2\/product_brand?post=15493"},{"taxonomy":"product_cat","embeddable":true,"href":"https:\/\/www.hydraulic-cylinders.net\/lv\/wp-json\/wp\/v2\/product_cat?post=15493"},{"taxonomy":"product_tag","embeddable":true,"href":"https:\/\/www.hydraulic-cylinders.net\/lv\/wp-json\/wp\/v2\/product_tag?post=15493"}],"curies":[{"name":"wp","href":"https:\/\/api.w.org\/{rel}","templated":true}]}}