{"id":15494,"date":"2025-01-19T14:36:02","date_gmt":"2025-01-19T14:36:02","guid":{"rendered":"https:\/\/www.hydraulic-cylinders.net\/product\/bucket-cylinder-for-zoomlion-small-excavator-ze150\/"},"modified":"2025-01-19T14:36:04","modified_gmt":"2025-01-19T14:36:04","slug":"bucket-cylinder-for-zoomlion-small-excavator-ze150","status":"publish","type":"product","link":"https:\/\/www.hydraulic-cylinders.net\/lv\/products\/bucket-cylinder-for-zoomlion-small-excavator-ze150\/","title":{"rendered":"Zoomlion maz\u0101 ekskavatora ZE150 kausa cilindrs"},"content":{"rendered":"<p>&lt;h1&gt;Zoomlion maz\u0101 ekskavatora ZE150 kausa cilindrs&lt;\/h1&gt;<\/p>\n<p>&lt;h2&gt;Ievads&lt;\/h2&gt;<br \/>\n&lt;p&gt;Kausa cilindrs ir speci\u0101li izstr\u0101d\u0101ts hidrauliskais cilindrs, ko izmanto, lai kontrol\u0113tu kausa kust\u012bbu smagaj\u0101s ma&scaron;\u012bn\u0101s, piem\u0113ram, ekskavatoros, iekr\u0101v\u0113jos ar ekskavatoru un front\u0101lajos iekr\u0101v\u0113jos. T\u0101 galven\u0101 funkcija ir nodro&scaron;in\u0101t kausa pacel&scaron;anu, nolai&scaron;anu un noliek&scaron;anu, padarot to \u0113rtu da\u017e\u0101diem materi\u0101lu apstr\u0101des uzdevumiem. Hidrauliskaj\u0101 sist\u0113m\u0101 kausa cilindrs pan\u0101k prec\u012bzu kausa vad\u012bbu, mainot hidraulisk\u0101s e\u013c\u013cas spiedienu, \u013caujot operatoriem efekt\u012bvi apstr\u0101d\u0101t smagas kravas un piel\u0101goties sare\u017e\u0123\u012btai darba videi un da\u017e\u0101d\u0101m darba pras\u012bb\u0101m.&lt;\/p&gt;<\/p>\n<p>&lt;img src=&quot;&rdquo;https:\/\/www.hydraulic-cylinders.net\/wp-content\/uploads\/2025\/01\/songte-company-2.webp&rdquo;&quot; alt=&quot;&amp;quot;Spainis&amp;quot;&quot; cylinder image&rdquo;&gt;<\/p>\n<p>&lt;h2&gt;Funkcijas&lt;\/h2&gt;<br \/>\n<ul><br \/>\n  <li>Augsta iztur\u012bba un ilgm\u016b\u017e\u012bba: Parasti izgatavots no augstas stipr\u012bbas t\u0113rauda vai alum\u012bnija, tas var iztur\u0113t augstu spiedienu un lielas slodzes, piel\u0101gojoties skarbai darba videi. Konstrukcij\u0101 \u0146emta v\u0113r\u0101 nodilumiztur\u012bba un iztur\u012bba pret koroziju, lai pagarin\u0101tu kalpo\u0161anas laiku.<\/li><br \/>\n  <li>Efekt\u012bva hidraulisk\u0101 darb\u012bba: Izmantojot hidraulisk\u0101s e\u013c\u013cas spiedienu, lai pan\u0101ktu vienm\u0113r\u012bgu teleskopisko darb\u012bbu, t\u0101 var \u0101tri rea\u0123\u0113t uz vad\u012bbas komand\u0101m, nodro\u0161inot jaud\u012bgu stum\u0161anas un vilk\u0161anas sp\u0113ku, kas piem\u0113rots smagu kravu apstr\u0101dei un sare\u017e\u0123\u012btu uzdevumu veik\u0161anai.<\/li><br \/>\n  <li>Da\u017e\u0101di veidi: atkar\u012bb\u0101 no vajadz\u012bb\u0101m var izv\u0113l\u0113ties vienk\u0101r\u0161\u0101s darb\u012bbas (hidrauliski darbojas tikai vien\u0101 virzien\u0101) vai divk\u0101r\u0161\u0101s darb\u012bbas (hidrauliski darbojas abos virzienos) cilindrus. Da\u017ei mode\u013ci ir teleskopiski, kas \u013cauj tos izstiept vair\u0101k, nepalielinot \u0101r\u0113jos izm\u0113rus, t\u0101p\u0113c tie ir piem\u0113roti lietojumiem ar ierobe\u017eotu vietu.<\/li><br \/>\n  <li>Citu hidraulisko cilindru nomai\u0146a: m\u016bsu produkts var lieliski aizst\u0101t \u0161os hidrauliskos cilindrus.<\/li><br \/>\n<\/ul><\/p>\n<p>&lt;img src=&quot;&rdquo;https:\/\/www.hydraulic-cylinders.net\/wp-content\/uploads\/2025\/01\/songte-cylinder-head-with-all-kinds-excavator-models.webp&rdquo;&quot; alt=&quot;&amp;quot;Aizvieto&scaron;ana&quot; cylinder image&rdquo;&gt;<\/p>\n<p>&lt;h2&gt;Pieteikumi&lt;\/h2&gt;<br \/>\n<ul><br \/>\n  <li>B\u016bvniec\u012bbas apr\u012bkojums: nepiecie\u0161ams ekskavatoriem, veicot rak\u0161anu, iekrau\u0161anu un augsnes vai gru\u017eu p\u0101rvieto\u0161anu. Ekskavatoros-iekr\u0101v\u0113jos kausa cilindri pal\u012bdz gan rak\u0161an\u0101, gan cel\u0161an\u0101.<\/li><br \/>\n  <li>Lauksaimniec\u012bbas tehnika: Izmanto front\u0101lajos iekr\u0101v\u0113jos augsnes, siena un citu materi\u0101lu sav\u0101k\u0161anai, cel\u0161anai un transport\u0113\u0161anai.<\/li><br \/>\n  <li>Ekskavatori: Kausa cilindri nodro\u0161ina rak\u0161anas darb\u012bbas, \u013caujot kausam iek\u013c\u016bt augsn\u0113.<\/li><br \/>\n  <li>Iekr\u0101v\u0113ji: Front\u0101lajos iekr\u0101v\u0113jos tie pal\u012bdz efekt\u012bvi pacelt un izkraut kravu.<\/li><br \/>\n<\/ul><\/p>\n<p>&lt;h2&gt;Dizaina apsv\u0113rumi un atlases krit\u0113riji&lt;\/h2&gt;<br \/>\n&lt;p&gt;Projekt\u0113jot kausa cilindrus, j\u0101\u0146em v\u0113r\u0101 vair\u0101ki galvenie faktori, tostarp nestsp\u0113ja, bl\u012bv\u0113jums, iztur\u012bba, dro&scaron;\u012bba un apkopes iesp\u0113jas.&lt;\/p&gt;<\/p>\n<p>&lt;img src=&quot;&rdquo;https:\/\/www.hydraulic-cylinders.net\/wp-content\/uploads\/2025\/01\/songte-oil-pipes-and-spare-parts.webp&rdquo;&quot; alt=&quot;&amp;quot;Dizains&amp;quot;&quot; considerations image&rdquo;&gt;<\/p>\n<p>&lt;h2&gt;Bl\u012bv\u0113&scaron;ana un e\u013c\u013co&scaron;ana&lt;\/h2&gt;<br \/>\n&lt;p&gt;Tiek izmantoti da\u017e\u0101di bl\u012bv\u0113jumi, piem\u0113ram, virzu\u013ca bl\u012bvsl\u0113gi \u200b\u200bun stie\u0146a bl\u012bvsl\u0113gi, kas izgatavoti no nodilumiztur\u012bgiem materi\u0101liem, piem\u0113ram, poliuret\u0101na un nitrila gumijas. Cilindra korpuss un v\u012bt\u0146ot\u0101s gala virsmas ir smalki apstr\u0101d\u0101tas, lai uzlabotu nodilumiztur\u012bbu. Nepiecie&scaron;ama regul\u0101ra e\u013c\u013co&scaron;ana ar atbilsto&scaron;u hidraulisk\u0101s e\u013c\u013cas daudzumu.&lt;\/p&gt;<\/p>\n<p>&lt;h2&gt;Regul\u0101ra p\u0101rbaude un profilaktisk\u0101 apkope&lt;\/h2&gt;<br \/>\n&lt;p&gt;Lai nodro&scaron;in\u0101tu kausa cilindra optim\u0101lu darb\u012bbu un ilgm\u016b\u017e\u012bbu, j\u0101veic regul\u0101ras p\u0101rbaudes un profilaktisk\u0101s apkopes pas\u0101kumi. &Scaron;ie pas\u0101kumi ietver atbilsto&scaron;u p\u0101rbaudi un e\u013c\u013co&scaron;anu, bl\u012bvju nomai\u0146u, ja nepiecie&scaron;ams, un cilindra kalibr\u0113&scaron;anu.&lt;\/p&gt;<\/p>\n<p>&lt;h2&gt;Pareiza produkta uzst\u0101d\u012b&scaron;anas rokasgr\u0101mata&lt;\/h2&gt;<br \/>\n&lt;p&gt;Pareiza uzst\u0101d\u012b&scaron;ana ir \u013coti svar\u012bga kausa cilindra efekt\u012bvai darb\u012bbai. Uzst\u0101d\u012b&scaron;anas proces\u0101 ieteicams pareizi izl\u012bdzin\u0101t cilindru un izmantot atbilsto&scaron;us uzst\u0101d\u012b&scaron;anas kron&scaron;teinus, lai nostiprin\u0101tu cilindru.&lt;\/p&gt;<\/p>\n<p>&lt;img src=&quot;&rdquo;https:\/\/www.hydraulic-cylinders.net\/wp-content\/uploads\/2025\/01\/songte-chushion-collar.webp&rdquo;&quot; alt=&quot;Uzst\u0101d\u012b&scaron;ana&quot; guide image&rdquo;&gt;<\/p>\n<p>&lt;h2&gt;Apkopes uzdevumi&lt;\/h2&gt;<br \/>\n&lt;p&gt;Kausa cilindra bie\u017ei veicamie apkopes darbi ietver regul\u0101ras p\u0101rbaudes, atbilsto&scaron;u e\u013c\u013co&scaron;anu, bl\u012bv\u0113juma nomai\u0146u un kalibr\u0113&scaron;anas p\u0101rbaudes. Lai nodro&scaron;in\u0101tu optim\u0101lu veiktsp\u0113ju, uzsvars tiek likts uz pareizu uzst\u0101d\u012b&scaron;anu, e\u013c\u013co&scaron;anu un regul\u0113&scaron;anu. J\u0101sniedz ieteicam\u0101s p\u0101rbaudes, remonta un nomai\u0146as proced\u016bras, k\u0101 ar\u012b padomi cilindra kalpo&scaron;anas laika pagarin\u0101&scaron;anai.&lt;\/p&gt;<\/p>\n<p>&lt;img src=&quot;&rdquo;https:\/\/www.hydraulic-cylinders.net\/wp-content\/uploads\/2025\/01\/songte-bushings-with-all-kinds-of-excavator-models.webp&rdquo;&quot; alt=&quot;&amp;quot;Apkope&quot; tasks image&rdquo;&gt;<\/p>\n<p>&lt;h2&gt;Dro&scaron;\u012bbas apsv\u0113rumi un vides faktori&lt;\/h2&gt;<br \/>\n&lt;p&gt;Izmantojot kausa cilindru, dro&scaron;\u012bbas pas\u0101kumi ir \u0101rk\u0101rt\u012bgi svar\u012bgi. Ir j\u0101iev\u0113ro dro&scaron;\u012bbas pas\u0101kumi, r\u012bkojoties ar smago tehniku \u200b\u200bun darbinot hidraulisk\u0101s sist\u0113mas. J\u0101\u0146em v\u0113r\u0101 ar\u012b vides faktori, lai nodro&scaron;in\u0101tu pareizu hidraulisko &scaron;\u0137idrumu utiliz\u0101ciju un apie&scaron;anos ar tiem.&lt;\/p&gt;<\/p>\n<p>&lt;h2&gt;K\u013c\u016bmju diagnostika un bie\u017e\u0101k sastopam\u0101s probl\u0113mas&lt;\/h2&gt;<br \/>\n&lt;p&gt;Ir svar\u012bgi apspriest k\u013c\u016bmju diagnostiku un bie\u017ei sastopam\u0101s probl\u0113mas, kas saist\u012btas ar kausa cilindru. Lai pal\u012bdz\u0113tu las\u012bt\u0101jiem efekt\u012bvi diagnostic\u0113t un nov\u0113rst probl\u0113mas, ir j\u0101sniedz probl\u0113mu nov\u0113r&scaron;anas padomi un risin\u0101jumi. Lai samazin\u0101tu potenci\u0101l\u0101s probl\u0113mas, j\u0101piemin prevent\u012bvie pas\u0101kumi.&lt;\/p&gt;<\/p>\n<p>&lt;img src=&quot;&rdquo;https:\/\/www.hydraulic-cylinders.net\/wp-content\/uploads\/2025\/01\/songte-company-1.webp&rdquo;&quot; alt=&quot;&amp;quot;Vaina&quot; diagnosis image&rdquo;&gt;<\/p>\n<p>&lt;h2&gt;Uz\u0146\u0113muma ievads&lt;\/h2&gt;<br \/>\n&lt;p&gt;M\u0113s esam vado&scaron;ais hidraulisko cilindru ra\u017eot\u0101js un vairumtirdzniec\u012bbas izplat\u012bt\u0101js viet\u0113j\u0101 un starptautiskaj\u0101 tirg\u016b. M\u016bsu uz\u0146\u0113mums pied\u0101v\u0101 pla&scaron;u produktu kl\u0101stu un iev\u0113ro ra\u017eo&scaron;anas vad\u012bbas strat\u0113\u0123iju, kas uzsver izcilu kvalit\u0101ti un prec\u012bzus ra\u017eo&scaron;anas procesus. Koncentr\u0113joties uz tehnolo\u0123iskajiem talantiem, modern\u0101m ra\u017eo&scaron;anas iek\u0101rt\u0101m un profesion\u0101l\u0101m test\u0113&scaron;anas sist\u0113m\u0101m, m\u0113s nep\u0101rtraukti uzlabojam savas ra\u017eo&scaron;anas platformas un produktu kvalit\u0101tes ra\u017eo&scaron;anas ce\u013cus. Mums piem\u012bt sp\u0113c\u012bgas rado&scaron;\u0101s sp\u0113jas, un m\u0113s priorit\u0101ri izvirz\u0101m efektivit\u0101ti, precizit\u0101ti un augstas kvalit\u0101tes principus, lai apmierin\u0101tu da\u017e\u0101das klientu pras\u012bbas.&lt;\/p&gt;<\/p>\n<p>&lt;img src=&quot;&rdquo;https:\/\/www.hydraulic-cylinders.net\/wp-content\/uploads\/2025\/01\/songte-company-3.webp&rdquo;&quot; alt=&quot;&amp;quot;Uz\u0146\u0113mums&amp;quot;&quot; introduction image&rdquo;&gt;<\/p>\n<p>&lt;p&gt;M\u016bsu uz\u0146\u0113mums ir paz\u012bstams ar savu profesionalit\u0101ti, starptautiskajiem sertifik\u0101tiem, piel\u0101gotiem pakalpojumiem, ra\u017eo&scaron;anas iek\u0101rt\u0101m un p\u0113cp\u0101rdo&scaron;anas pakalpojumiem. &lt;\/p&gt;<\/p>\n<p>&lt;p&gt;Autors: lil&lt;\/p&gt;<\/p>","protected":false},"excerpt":{"rendered":"<p>&lt;h1&gt;Zoomlion maz\u0101 ekskavatora ZE150 kausa cilindrs&lt;\/h1&gt; &lt;h2&gt;Ievads&lt;\/h2&gt; &lt;p&gt;The bucket cylinder is a specially designed hydraulic cylinder used to control the movement of the bucket in heavy machinery such as excavators, backhoe loaders, and front loaders. Its main function is to enable the lifting, lowering, and tilting of the bucket, making it convenient for various [&hellip;]<\/p>","protected":false},"featured_media":14787,"comment_status":"open","ping_status":"closed","template":"","meta":{"_et_pb_use_builder":"","_et_pb_old_content":"","_et_gb_content_width":""},"product_brand":[],"product_cat":[1494],"product_tag":[1495,1496],"class_list":{"0":"post-15494","1":"product","2":"type-product","3":"status-publish","4":"has-post-thumbnail","6":"product_cat-bucket-cylinders","7":"product_tag-bucket-cylinders","8":"product_tag-hydraulic-cylinders","10":"first","11":"instock","12":"shipping-taxable","13":"product-type-simple"},"amp_enabled":true,"_links":{"self":[{"href":"https:\/\/www.hydraulic-cylinders.net\/lv\/wp-json\/wp\/v2\/product\/15494","targetHints":{"allow":["GET"]}}],"collection":[{"href":"https:\/\/www.hydraulic-cylinders.net\/lv\/wp-json\/wp\/v2\/product"}],"about":[{"href":"https:\/\/www.hydraulic-cylinders.net\/lv\/wp-json\/wp\/v2\/types\/product"}],"replies":[{"embeddable":true,"href":"https:\/\/www.hydraulic-cylinders.net\/lv\/wp-json\/wp\/v2\/comments?post=15494"}],"wp:featuredmedia":[{"embeddable":true,"href":"https:\/\/www.hydraulic-cylinders.net\/lv\/wp-json\/wp\/v2\/media\/14787"}],"wp:attachment":[{"href":"https:\/\/www.hydraulic-cylinders.net\/lv\/wp-json\/wp\/v2\/media?parent=15494"}],"wp:term":[{"taxonomy":"product_brand","embeddable":true,"href":"https:\/\/www.hydraulic-cylinders.net\/lv\/wp-json\/wp\/v2\/product_brand?post=15494"},{"taxonomy":"product_cat","embeddable":true,"href":"https:\/\/www.hydraulic-cylinders.net\/lv\/wp-json\/wp\/v2\/product_cat?post=15494"},{"taxonomy":"product_tag","embeddable":true,"href":"https:\/\/www.hydraulic-cylinders.net\/lv\/wp-json\/wp\/v2\/product_tag?post=15494"}],"curies":[{"name":"wp","href":"https:\/\/api.w.org\/{rel}","templated":true}]}}