{"id":15504,"date":"2025-01-19T14:36:49","date_gmt":"2025-01-19T14:36:49","guid":{"rendered":"https:\/\/www.hydraulic-cylinders.net\/product\/bucket-cylinder-for-zoomlion-middle-excavator-ze230e-9\/"},"modified":"2025-01-19T14:36:51","modified_gmt":"2025-01-19T14:36:51","slug":"bucket-cylinder-for-zoomlion-middle-excavator-ze230e-9","status":"publish","type":"product","link":"https:\/\/www.hydraulic-cylinders.net\/lv\/products\/bucket-cylinder-for-zoomlion-middle-excavator-ze230e-9\/","title":{"rendered":"Zoomlion vid\u0113j\u0101 ekskavatora ZE230E-9 kausa cilindrs"},"content":{"rendered":"<h1>Zoomlion vid\u0113j\u0101 ekskavatora ZE230E-9 kausa cilindrs<\/h1>\n<h2>Ievads<\/h2>\n<p>Kausa cilindrs ir specializ\u0113ts hidrauliskais cilindrs, ko galvenok\u0101rt izmanto, lai kontrol\u0113tu kausa kust\u012bbu smagaj\u0101s ma\u0161\u012bn\u0101s, piem\u0113ram, ekskavatoros, univers\u0101lajos ekskavatoros un front\u0101lajos iekr\u0101v\u0113jos. T\u0101 galven\u0101 funkcija ir nodro\u0161in\u0101t kausa pacel\u0161anu, nolai\u0161anu un noliek\u0161anu, t\u0101d\u0113j\u0101di atvieglojot da\u017e\u0101du materi\u0101lu apstr\u0101des uzdevumu veik\u0161anu. Hidrauliskaj\u0101 sist\u0113m\u0101 kausa cilindrs pan\u0101k prec\u012bzu kausa kontroli, mainot hidraulisk\u0101s e\u013c\u013cas spiedienu, \u013caujot operatoriem efekt\u012bvi apstr\u0101d\u0101t smagas kravas un piel\u0101goties sare\u017e\u0123\u012btai darba videi un da\u017e\u0101d\u0101m ekspluat\u0101cijas vajadz\u012bb\u0101m.<\/p>\n<p><img decoding=\"async\" src=\"https:\/\/www.hydraulic-cylinders.net\/wp-content\/uploads\/2025\/01\/songte-company-2.webp\"\/><\/p>\n<h2>Funkcijas<\/h2>\n<ul>\n<li>Augsta iztur\u012bba un ilgm\u016b\u017e\u012bba: Parasti izgatavoti no augstas stipr\u012bbas t\u0113rauda vai alum\u012bnija, sp\u0113j iztur\u0113t augstu spiedienu un lielas slodzes, piem\u0113roti skarbai darba videi, paredz\u0113ti nodilumiztur\u012bbai un korozijas iztur\u012bbai, k\u0101 ar\u012b ilg\u0101kam kalpo\u0161anas laikam.<\/li>\n<li>Efekt\u012bva hidraulisk\u0101 darb\u012bba: Vienm\u0113r\u012bga teleskopisk\u0101 darb\u012bba tiek pan\u0101kta, izmantojot hidraulisk\u0101s e\u013c\u013cas spiedienu, kas var \u0101tri rea\u0123\u0113t uz vad\u012bbas komand\u0101m, nodro\u0161in\u0101t sp\u0113c\u012bgus stum\u0161anas un vilk\u0161anas sp\u0113kus un ir piem\u0113rots smagu kravu apstr\u0101dei un sare\u017e\u0123\u012btu ekspluat\u0101cijas uzdevumu veik\u0161anai.<\/li>\n<li>Da\u017e\u0101di veidi: vienas darb\u012bbas (hidraulisk\u0101 sist\u0113ma tiek izmantota tikai vien\u0101 virzien\u0101) vai divk\u0101r\u0161as darb\u012bbas (hidraulisk\u0101 sist\u0113ma tiek izmantota divos virzienos) cilindrus var izv\u0113l\u0113ties atbilsto\u0161i vajadz\u012bb\u0101m, lai apmierin\u0101tu da\u017e\u0101das ekspluat\u0101cijas pras\u012bbas. Da\u017ei mode\u013ci ir teleskopiski, kas \u013cauj tos pagarin\u0101t, nepalielinot \u0101r\u0113jos izm\u0113rus, t\u0101p\u0113c tie ir piem\u0113roti lietojumiem ar ierobe\u017eotu vietu.<\/li>\n<\/ul>\n<p>M\u0113s varam ra\u017eot \u0161o produktu, un m\u016bsu produkts var lieliski aizst\u0101t \u0161os hidrauliskos cilindrus.<\/p>\n<p><img decoding=\"async\" src=\"https:\/\/www.hydraulic-cylinders.net\/wp-content\/uploads\/2025\/01\/songte-cylinder-head-with-all-kinds-excavator-models.webp\"\/><\/p>\n<h2>Pieteikumi<\/h2>\n<p>Kausa cilindrs tiek pla\u0161i izmantots da\u017e\u0101d\u0101s smagaj\u0101s ma\u0161\u012bn\u0101s, tostarp:<\/p>\n<ul>\n<li>B\u016bvniec\u012bbas apr\u012bkojums: ekskavatoros tie ir \u013coti svar\u012bgi augsnes vai gru\u017eu rak\u0161anai, iekrau\u0161anai un p\u0101rvieto\u0161anai. Ekskavatoros kausa cilindri pal\u012bdz rakt un celt. Front\u0101lajos iekr\u0101v\u0113jos tie pal\u012bdz efekt\u012bvi pacelt un noliekt preces.<\/li>\n<li>Lauksaimniec\u012bbas tehnika: Izmanto front\u0101lajos iekr\u0101v\u0113jos augsnes, siena un citu materi\u0101lu rak\u0161anai, cel\u0161anai un transport\u0113\u0161anai.<\/li>\n<li>Ekskavatori: Kausa cilindrs \u013cauj kausam iek\u013c\u016bt augsn\u0113, lai veiktu rak\u0161anas darb\u012bbu.<\/li>\n<\/ul>\n<h2>Dizaina apsv\u0113rumi un atlases krit\u0113riji<\/h2>\n<p>No projekt\u0113\u0161anas viedok\u013ca galvenie apsv\u0113rumi ir nestsp\u0113ja, bl\u012bv\u0113jums, iztur\u012bba, dro\u0161\u012bba un apkopes iesp\u0113jas. <\/p>\n<ul>\n<li>Nestsp\u0113ja: Kausa cilindram j\u0101sp\u0113j iztur\u0113t augstu spiedienu un lielas slodzes.<\/li>\n<li>Bl\u012bv\u0113jums: Da\u017e\u0101diem bl\u012bv\u0113jumiem, piem\u0113ram, virzu\u013ca bl\u012bv\u0113jumiem un stie\u0146a bl\u012bv\u0113jumiem, j\u0101b\u016bt izgatavotiem no nodilumiztur\u012bgiem materi\u0101liem, piem\u0113ram, poliuret\u0101na un nitrila gumijas. Cilindra korpusam un v\u012bt\u0146otaj\u0101m gala virsm\u0101m j\u0101b\u016bt smalki apstr\u0101d\u0101t\u0101m, lai uzlabotu nodilumiztur\u012bbu. <\/li>\n<li>Iztur\u012bba: Kausa cilindram j\u0101b\u016bt izgatavotam no augstas iztur\u012bbas materi\u0101liem, kas konstru\u0113ti, \u0146emot v\u0113r\u0101 nodilumiztur\u012bbu un korozijas iztur\u012bbu, un tam j\u0101sp\u0113j iztur\u0113t skarbu darba vidi. <\/li>\n<li>Dro\u0161\u012bba: Balonam j\u0101b\u016bt konstru\u0113tam ar dro\u0161\u012bbas funkcij\u0101m, piem\u0113ram, dro\u0161\u012bbas v\u0101rstiem un blo\u0137\u0113jam\u0101m hidrauliskaj\u0101m \u0137\u0113d\u0113m, lai nov\u0113rstu p\u0113k\u0161\u0146as kust\u012bbas un nodro\u0161in\u0101tu dro\u0161u darb\u012bbu.<\/li>\n<li>Uzturam\u012bba: Kausa cilindram j\u0101b\u016bt konstru\u0113tam, \u0146emot v\u0113r\u0101 t\u0101 apkopes vienk\u0101r\u0161\u012bbu, nodro\u0161inot regul\u0101ru galveno komponentu p\u0101rbaudi un nomai\u0146u.<\/li>\n<\/ul>\n<p><img decoding=\"async\" src=\"https:\/\/www.hydraulic-cylinders.net\/wp-content\/uploads\/2025\/01\/songte-oil-pipes-and-spare-parts.webp\"\/><\/p>\n<h2>Bl\u012bv\u0113\u0161ana un e\u013c\u013co\u0161ana<\/h2>\n<p>Kausa cilindram tiek izmantoti da\u017e\u0101di bl\u012bv\u0113jumi, tostarp virzu\u013ca bl\u012bv\u0113jumi un stie\u0146a bl\u012bv\u0113jumi, lai nov\u0113rstu hidraulisk\u0101s e\u013c\u013cas nopl\u016bdi. \u0160iem bl\u012bv\u0113jumiem j\u0101b\u016bt izgatavotiem no nodilumiztur\u012bgiem materi\u0101liem, piem\u0113ram, poliuret\u0101na un nitrila gumijas. Cilindra korpusam un v\u012bt\u0146otaj\u0101m gala virsm\u0101m j\u0101b\u016bt smalki apstr\u0101d\u0101t\u0101m, lai uzlabotu nodilumiztur\u012bbu. Optim\u0101lai veiktsp\u0113jai ir nepiecie\u0161ama regul\u0101ra e\u013c\u013co\u0161ana ar hidraulisko e\u013c\u013cu.<\/p>\n<h2>Apkope un remonts<\/h2>\n<p>Regul\u0101ra apkope un prevent\u012bvie pas\u0101kumi ir b\u016btiski, lai pagarin\u0101tu kausa cilindra kalpo\u0161anas laiku. Bie\u017ei sastopamie apkopes uzdevumi ietver:<\/p>\n<ul>\n<li>Regul\u0101ra p\u0101rbaude, lai noteiktu jebk\u0101das nodiluma vai boj\u0101jumu paz\u012bmes<\/li>\n<li>Pareiza cilindra e\u013c\u013co\u0161ana<\/li>\n<li>Boj\u0101tu bl\u012bv\u0113jumu vai citu svar\u012bgu sast\u0101vda\u013cu nomai\u0146a<\/li>\n<\/ul>\n<p>Pareiza uzst\u0101d\u012b\u0161ana ir b\u016btiska, lai nodro\u0161in\u0101tu kausa cilindra optim\u0101lu veiktsp\u0113ju un ilgm\u016b\u017e\u012bbu. Ir svar\u012bgi pareizi izl\u012bdzin\u0101t cilindru un izmantot atbilsto\u0161us stiprin\u0101juma kron\u0161teinus, lai nostiprin\u0101tu cilindru. J\u0101iev\u0113ro ieteicam\u0101s p\u0101rbaudes, remonta un nomai\u0146as proced\u016bras.<\/p>\n<p><img decoding=\"async\" src=\"https:\/\/www.hydraulic-cylinders.net\/wp-content\/uploads\/2025\/01\/songte-chushion-collar.webp\"\/><\/p>\n<h2>Dro\u0161\u012bbas un vides apsv\u0113rumi<\/h2>\n<p>Izmantojot kausa cilindru, j\u0101b\u016bt ieviestiem dro\u0161\u012bbas pas\u0101kumiem, piem\u0113ram, dro\u0161\u012bbas v\u0101rstiem un nosl\u0113dzam\u0101m hidrauliskaj\u0101m \u0137\u0113d\u0113m, lai nov\u0113rstu p\u0113k\u0161\u0146as kust\u012bbas un nodro\u0161in\u0101tu dro\u0161u darb\u012bbu. J\u0101\u0146em v\u0113r\u0101 vides faktori, piem\u0113ram, e\u013c\u013cas nopl\u016bde, lai nov\u0113rstu apk\u0101rt\u0113j\u0101s vides pies\u0101r\u0146o\u0161anu.<\/p>\n<h2>Probl\u0113mu nov\u0113r\u0161ana un bie\u017ei sastopamas probl\u0113mas<\/h2>\n<p>Bie\u017ei sastopamas probl\u0113mas ar kausu cilindriem ir hidraulisk\u0101s e\u013c\u013cas nopl\u016bde un bl\u012bv\u0113jumu boj\u0101jumi. J\u0101sniedz probl\u0113mu nov\u0113r\u0161anas padomi un risin\u0101jumi, lai pal\u012bdz\u0113tu diagnostic\u0113t un nov\u0113rst probl\u0113mas. J\u0101iesaka ar\u012b prevent\u012bvie pas\u0101kumi, lai samazin\u0101tu iesp\u0113jam\u0101s probl\u0113mas.<\/p>\n<p><img decoding=\"async\" src=\"https:\/\/www.hydraulic-cylinders.net\/wp-content\/uploads\/2025\/01\/songte-bushings-with-all-kinds-of-excavator-models.webp\"\/><\/p>\n<h2>Par m\u016bsu uz\u0146\u0113mumu<\/h2>\n<p>M\u0113s esam rezerves hidraulisko cilindru ra\u017eot\u0101js ar pla\u0161u produktu kl\u0101stu un esam k\u013cuvu\u0161i par vienu no vado\u0161ajiem hidraulisko cilindru ra\u017eot\u0101jiem un vairumtirgot\u0101jiem viet\u0113j\u0101 un starptautiskaj\u0101 tirg\u016b. M\u0113s iev\u0113rojam izcilas kvalit\u0101tes principu, pa\u013caujamies uz industrializ\u0113t\u0101m ra\u017eo\u0161anas vad\u012bbas strat\u0113\u0123ij\u0101m smalki ra\u017eot\u0101s darbn\u012bc\u0101s, nep\u0101rtraukti uzlabojam ra\u017eo\u0161anas platformu, uzlabojam produktu kvalit\u0101tes ra\u017eo\u0161anas l\u012bniju un mums ir sp\u0113c\u012bgas rad\u012b\u0161anas sp\u0113jas. M\u0113s cen\u0161amies apmierin\u0101t m\u016bsu klientu da\u017e\u0101d\u0101s vajadz\u012bbas ar augstu efektivit\u0101ti, augstu precizit\u0101ti un augstu kvalit\u0101ti.<\/p>\n<p><img decoding=\"async\" src=\"https:\/\/hzpt.com\/wp-content\/uploads\/2024\/11\/songte-company-1.webp\"\/><\/p>\n<h3>Profesionalit\u0101te<\/h3>\n<p>Mums ir pieredz\u0113ju\u0161u profesion\u0101\u013cu komanda, kas cen\u0161as nodro\u0161in\u0101t klientiem vislab\u0101kos iesp\u0113jamos risin\u0101jumus, lai apmierin\u0101tu vi\u0146u \u012bpa\u0161\u0101s vajadz\u012bbas. Mums ir sp\u0113c\u012bga p\u0113tniec\u012bbas un att\u012bst\u012bbas komanda, kas seko l\u012bdzi jaun\u0101kaj\u0101m tehnolo\u0123ij\u0101m un tirgus tendenc\u0113m, lai nodro\u0161in\u0101tu nep\u0101rtrauktu produktu inov\u0101ciju.<\/p>\n<h3>Starptautisk\u0101 sertifik\u0101cija<\/h3>\n<p>Esam ieguvu\u0161i vair\u0101kus starptautiskus sertifik\u0101tus, piem\u0113ram, ISO9001 un CE, kas apliecina m\u016bsu ap\u0146em\u0161anos nodro\u0161in\u0101t kvalit\u0101ti un uzticam\u012bbu.<\/p>\n<h3>Piel\u0101go\u0161anas pakalpojumi<\/h3>\n<p>M\u0113s pied\u0101v\u0101jam piel\u0101go\u0161anas pakalpojumus, lai apmierin\u0101tu m\u016bsu klientu \u012bpa\u0161\u0101s vajadz\u012bbas. M\u0113s varam piel\u0101got hidraulisko cilindru dizainu, izm\u0113ru un citas specifik\u0101cijas, lai t\u0101s atbilstu j\u016bsu \u012bpa\u0161aj\u0101m pras\u012bb\u0101m.<\/p>\n<h3>Ra\u017eo\u0161anas iek\u0101rtas<\/h3>\n<p>M\u0113s izmantojam modernu ra\u017eo\u0161anas apr\u012bkojumu, piem\u0113ram, CNC iek\u0101rtas un modernu test\u0113\u0161anas apr\u012bkojumu, lai nodro\u0161in\u0101tu augstas kvalit\u0101tes produktus.<\/p>\n<h3>P\u0113cp\u0101rdo\u0161anas serviss<\/h3>\n<p>M\u0113s pied\u0101v\u0101jam visaptvero\u0161us p\u0113cp\u0101rdo\u0161anas pakalpojumus, tostarp apkopi, remontu un deta\u013cu nomai\u0146u, lai nodro\u0161in\u0101tu hidraulisko cilindru ilgm\u016b\u017e\u012bbu un optim\u0101lu veiktsp\u0113ju.<\/p>\n<p>Autors: lil<\/p>","protected":false},"excerpt":{"rendered":"<p>Bucket Cylinder For Zoomlion Middle Excavator ZE230E-9 Introduction A bucket cylinder is a specialized hydraulic cylinder used primarily to control the movement of the bucket in heavy machinery such as excavators, backhoe excavators, and front-end loaders. Its main function is to enable the bucket to be lifted, lowered, and tilted, making it easier to handle [&hellip;]<\/p>","protected":false},"featured_media":14765,"comment_status":"open","ping_status":"closed","template":"","meta":{"_et_pb_use_builder":"","_et_pb_old_content":"","_et_gb_content_width":""},"product_brand":[],"product_cat":[1494],"product_tag":[1495,1496],"class_list":{"0":"post-15504","1":"product","2":"type-product","3":"status-publish","4":"has-post-thumbnail","6":"product_cat-bucket-cylinders","7":"product_tag-bucket-cylinders","8":"product_tag-hydraulic-cylinders","10":"first","11":"instock","12":"shipping-taxable","13":"product-type-simple"},"amp_enabled":true,"_links":{"self":[{"href":"https:\/\/www.hydraulic-cylinders.net\/lv\/wp-json\/wp\/v2\/product\/15504","targetHints":{"allow":["GET"]}}],"collection":[{"href":"https:\/\/www.hydraulic-cylinders.net\/lv\/wp-json\/wp\/v2\/product"}],"about":[{"href":"https:\/\/www.hydraulic-cylinders.net\/lv\/wp-json\/wp\/v2\/types\/product"}],"replies":[{"embeddable":true,"href":"https:\/\/www.hydraulic-cylinders.net\/lv\/wp-json\/wp\/v2\/comments?post=15504"}],"wp:featuredmedia":[{"embeddable":true,"href":"https:\/\/www.hydraulic-cylinders.net\/lv\/wp-json\/wp\/v2\/media\/14765"}],"wp:attachment":[{"href":"https:\/\/www.hydraulic-cylinders.net\/lv\/wp-json\/wp\/v2\/media?parent=15504"}],"wp:term":[{"taxonomy":"product_brand","embeddable":true,"href":"https:\/\/www.hydraulic-cylinders.net\/lv\/wp-json\/wp\/v2\/product_brand?post=15504"},{"taxonomy":"product_cat","embeddable":true,"href":"https:\/\/www.hydraulic-cylinders.net\/lv\/wp-json\/wp\/v2\/product_cat?post=15504"},{"taxonomy":"product_tag","embeddable":true,"href":"https:\/\/www.hydraulic-cylinders.net\/lv\/wp-json\/wp\/v2\/product_tag?post=15504"}],"curies":[{"name":"wp","href":"https:\/\/api.w.org\/{rel}","templated":true}]}}