{"id":15507,"date":"2025-01-19T14:37:01","date_gmt":"2025-01-19T14:37:01","guid":{"rendered":"https:\/\/www.hydraulic-cylinders.net\/product\/bucket-cylinder-for-zoomlion-large-excavator-ze480esp\/"},"modified":"2025-01-19T14:37:03","modified_gmt":"2025-01-19T14:37:03","slug":"bucket-cylinder-for-zoomlion-large-excavator-ze480esp","status":"publish","type":"product","link":"https:\/\/www.hydraulic-cylinders.net\/lv\/products\/bucket-cylinder-for-zoomlion-large-excavator-ze480esp\/","title":{"rendered":"Zoomlion liela ekskavatora ZE480ESP kausa cilindrs"},"content":{"rendered":"<h1>Zoomlion liela ekskavatora ZE480ESP kausa cilindrs<\/h1>\n<h2>Ievads<\/h2>\n<p>Zoomlion liel\u0101 ekskavatora ZE480ESP kausa cilindrs ir specializ\u0113ts hidrauliskais cilindrs, kas paredz\u0113ts kausa kust\u012bbas vad\u012bbai smagaj\u0101s ma\u0161\u012bn\u0101s, piem\u0113ram, ekskavatoros, univers\u0101lajos ekskavatoros un front\u0101lajos iekr\u0101v\u0113jos. T\u0101 galven\u0101 funkcija ir nodro\u0161in\u0101t kausa pacel\u0161anu, nolai\u0161anu un noliek\u0161anu, atvieglojot da\u017e\u0101du materi\u0101lu apstr\u0101des uzdevumu veik\u0161anu. Hidrauliskaj\u0101 sist\u0113m\u0101 kausa cilindrs kontrol\u0113 prec\u012bzu kausa kust\u012bbu, mainot hidraulisk\u0101s e\u013c\u013cas spiedienu, \u013caujot operatoram efekt\u012bvi apstr\u0101d\u0101t smagus priek\u0161metus un piel\u0101goties sare\u017e\u0123\u012btai darba videi un da\u017e\u0101d\u0101m darba pras\u012bb\u0101m. <\/p>\n<p><img decoding=\"async\" src=\"https:\/\/www.hydraulic-cylinders.net\/wp-content\/uploads\/2025\/01\/songte-company-2.webp\"><\/p>\n<h2>Funkcijas<\/h2>\n<ul>\n<li>\n<h3>Augsta iztur\u012bba un ilgm\u016b\u017e\u012bba<\/h3>\n<p>Kausa cilindri parasti ir izgatavoti no augstas stipr\u012bbas t\u0113rauda vai alum\u012bnija, kas sp\u0113j iztur\u0113t augstu spiedienu un lielas slodzes, piel\u0101gojoties skarbai darba videi. Projekt\u0113\u0161an\u0101 \u0146emta v\u0113r\u0101 nodilumiztur\u012bba un iztur\u012bba pret koroziju, pagarinot kalpo\u0161anas laiku.<\/p>\n<\/li>\n<li>\n<h3>Efekt\u012bva hidraulisk\u0101 darb\u012bba<\/h3>\n<p>Kausa cilindri izmanto hidraulisk\u0101s e\u013c\u013cas spiedienu, lai pan\u0101ktu vienm\u0113r\u012bgu izple\u0161anos un sarau\u0161anos, var \u0101tri rea\u0123\u0113t uz vad\u012bbas komand\u0101m, nodro\u0161in\u0101t sp\u0113c\u012bgu stum\u0161anas un vilk\u0161anas sp\u0113ku un ir piem\u0113roti smagu priek\u0161metu apstr\u0101dei un sare\u017e\u0123\u012btu darba uzdevumu veik\u0161anai.<\/p>\n<\/li>\n<li>\n<h3>Da\u017e\u0101di veidi<\/h3>\n<p>Kausa cilindri var b\u016bt vienas darb\u012bbas (hidraulisk\u0101 sist\u0113ma tiek izmantota tikai vien\u0101 virzien\u0101) vai divk\u0101r\u0161as darb\u012bbas (hidraulisk\u0101 sist\u0113ma tiek izmantota divos virzienos) cilindri, kurus var izv\u0113l\u0113ties atbilsto\u0161i vajadz\u012bb\u0101m, lai apmierin\u0101tu da\u017e\u0101das ekspluat\u0101cijas pras\u012bbas. Da\u017ei mode\u013ci ir teleskopiski, kas \u013cauj pan\u0101kt liel\u0101ku pagarin\u0101jumu, nepalielinot \u0101r\u0113jos izm\u0113rus, un ir piem\u0113roti lietojumiem ar ierobe\u017eotu telpu.<\/p>\n<\/li>\n<li>\n<h3>Rezerves produkti<\/h3>\n<p>M\u016bsu produkti var lieliski aizst\u0101t \u0161os hidrauliskos cilindrus.<\/p>\n<\/li>\n<\/ul>\n<p><img decoding=\"async\" src=\"https:\/\/www.hydraulic-cylinders.net\/wp-content\/uploads\/2025\/01\/songte-cylinder-head-with-all-kinds-excavator-models.webp\"><\/p>\n<h2>Pieteikumi<\/h2>\n<p>Zoomlion liel\u0101 ekskavatora ZE480ESP kausa cilindrs tiek pla\u0161i izmantots da\u017e\u0101d\u0101s smagaj\u0101s ma\u0161\u012bn\u0101s da\u017e\u0101du uzdevumu veik\u0161anai. Da\u017ei no pielietojumiem ietver:<\/p>\n<ul>\n<li>\n<h3>Celtniec\u012bbas apr\u012bkojums<\/h3>\n<p>B\u016bvniec\u012bbas tehnika izmanto kausa cilindrus rak\u0161anai, iekrau\u0161anai un augsnes vai gru\u017eu p\u0101rvieto\u0161anai. Ekskavatoros kausa cilindri pal\u012bdz izrakt un pacelt materi\u0101lus.<\/p>\n<\/li>\n<li>\n<h3>Lauksaimniec\u012bbas tehnika<\/h3>\n<p>Kausa cilindrus izmanto front\u0101lajos iekr\u0101v\u0113jos, lai paceltu, izraktu un transport\u0113tu augsni, sienu un citus materi\u0101lus. Ekskavatoros kausa cilindri \u013cauj rakt, \u013caujot kausam iek\u013c\u016bt augsn\u0113.<\/p>\n<\/li>\n<li>\n<h3>Iekr\u0101v\u0113ja apr\u012bkojums<\/h3>\n<p>Kausa cilindri pal\u012bdz efekt\u012bvi pacelt un izkraut kravu front\u0101lajos iekr\u0101v\u0113jos.<\/p>\n<\/li>\n<\/ul>\n<h2>Dizaina apsv\u0113rumi un atlases krit\u0113riji<\/h2>\n<p>Kausa cilindri ir paredz\u0113ti smagu kravu iztur\u0113\u0161anai, t\u0101p\u0113c konstrukcijas apsv\u0113rumi un izv\u0113les krit\u0113riji ir \u013coti svar\u012bgi produkta veiktsp\u0113jai. Da\u017ei no konstrukcijas apsv\u0113rumiem ir \u0161\u0101di:<\/p>\n<ul>\n<li>\n<h3>Nestsp\u0113ja<\/h3>\n<p>Balona sp\u0113ju iztur\u0113t lielas slodzes nosaka nestsp\u0113ja, ko apr\u0113\u0137ina, pamatojoties uz cilindra diametru, stie\u0146a izm\u0113ru un spiediena nov\u0113rt\u0113jumu.<\/p>\n<\/li>\n<li>\n<h3>Bl\u012bv\u0113\u0161anas \u012bpa\u0161\u012bbas<\/h3>\n<p>Kausa cilindr\u0101 izmantotaj\u0101m gumijas bl\u012bv\u0113m ir j\u0101iztur augsta temperat\u016bra, augsts spiediens un abraz\u012bvu da\u013ci\u0146u iesp\u0113jam\u012bba. Parasti tiek izmantots poliuret\u0101ns un nitrila gumija.<\/p>\n<\/li>\n<li>\n<h3>Iztur\u012bba<\/h3>\n<p>Balona iztur\u012bbu nosaka t\u0101di faktori k\u0101 izmantotais materi\u0101ls, virsmas apstr\u0101de un ra\u017eo\u0161anas process, kam j\u0101iztur skarba darba vide un ilgsto\u0161a lieto\u0161ana.<\/p>\n<\/li>\n<li>\n<h3>Dro\u0161\u012bba un apkope<\/h3>\n<p>Kausu cilindriem ir j\u0101atbilst dro\u0161\u012bbas standartiem un tiem ir nepiecie\u0161ama regul\u0101ra apkope, lai nodro\u0161in\u0101tu optim\u0101lu veiktsp\u0113ju un nov\u0113rstu negad\u012bjumus.<\/p>\n<\/li>\n<\/ul>\n<p><img decoding=\"async\" src=\"https:\/\/www.hydraulic-cylinders.net\/wp-content\/uploads\/2025\/01\/songte-oil-pipes-and-spare-parts.webp\"><\/p>\n<h2>Produkta bl\u012bv\u0113\u0161ana un e\u013c\u013co\u0161ana<\/h2>\n<p>Kausu cilindros tiek izmantoti da\u017e\u0101di bl\u012bv\u0113jumi, piem\u0113ram, virzu\u013ca bl\u012bv\u0113jumi, stie\u0146a bl\u012bv\u0113jumi un t\u012br\u012bt\u0101ja bl\u012bv\u0113jumi, lai nov\u0113rstu hidraulisk\u0101 \u0161\u0137idruma nopl\u016bdi. Bl\u012bv\u0113jumiem j\u0101b\u016bt izgatavotiem no nodilumiztur\u012bgiem materi\u0101liem, piem\u0113ram, poliuret\u0101na un nitrila gumijas. Cilindra korpusa virsmai un v\u012btnes galiem nepiecie\u0161ama prec\u012bza apstr\u0101de, lai uzlabotu nodilumiztur\u012bbu. Regul\u0101ra cilindra e\u013c\u013co\u0161ana nov\u0113r\u0161 nodilumu un samazina nopl\u016bdes iesp\u0113jam\u012bbu. <\/p>\n<h2>Regul\u0101ras p\u0101rbaudes un profilaktisk\u0101s apkopes pas\u0101kumi<\/h2>\n<p>Regul\u0101ra kausa cilindra p\u0101rbaude un profilaktisk\u0101 apkope ir b\u016btiska, lai nodro\u0161in\u0101tu produkta ilgm\u016b\u017e\u012bbu. Da\u017ei no pas\u0101kumiem ir \u0161\u0101di:<\/p>\n<ul>\n<li>\n<h3>Regul\u0101ra p\u0101rbaude<\/h3>\n<p>Regul\u0101ra balona \u0101r\u0113j\u0101s virsmas, bl\u012bv\u0113jumu un savienojumu p\u0101rbaude, lai noteiktu jebk\u0101du nodilumu, boj\u0101jumus vai nopl\u016bdes.<\/p>\n<\/li>\n<li>\n<h3>Piem\u0113rota e\u013c\u013co\u0161ana<\/h3>\n<p>Atbilsto\u0161a cilindra e\u013c\u013co\u0161ana ar hidraulisko e\u013c\u013cu vai sm\u0113rvielu, lai nov\u0113rstu nodilumu un samazin\u0101tu nopl\u016bdes iesp\u0113jam\u012bbu.<\/p>\n<\/li>\n<li>\n<h3>Bl\u012bv\u0113juma nomai\u0146a un kalibr\u0113\u0161anas p\u0101rbaude<\/h3>\n<p>Regul\u0101ra bl\u012bv\u0113jumu nomai\u0146a un kalibr\u0113\u0161anas p\u0101rbaude, lai nodro\u0161in\u0101tu optim\u0101lu veiktsp\u0113ju.<\/p>\n<\/li>\n<\/ul>\n<p><img decoding=\"async\" src=\"https:\/\/www.hydraulic-cylinders.net\/wp-content\/uploads\/2025\/01\/songte-chushion-collar.webp\"><\/p>\n<h2>Dro\u0161\u012bbas apsv\u0113rumi un vides faktori<\/h2>\n<p>Kausa cilindrus izmanto smagaj\u0101s ma\u0161\u012bn\u0101s, un tiem ir nepiecie\u0161ami dro\u0161\u012bbas pas\u0101kumi, piem\u0113ram, j\u0101nodro\u0161ina cilindra pareiza izl\u012bdzin\u0101\u0161ana un nostiprin\u0101\u0161ana. Vides faktori, piem\u0113ram, temperat\u016bra un mitrums, var ietekm\u0113t cilindra darb\u012bbu, un tie ir j\u0101uzrauga.<\/p>\n<h2>K\u013c\u016bmju diagnostika un bie\u017ei sastopam\u0101s probl\u0113mas<\/h2>\n<p>Bie\u017ei sastopamas probl\u0113mas ar kausu cilindriem ir nopl\u016bde, cilindra dreif\u0113\u0161ana un l\u0113ns reakcijas laiks. K\u013c\u016bmes diagnostika ietver probl\u0113mas avota identific\u0113\u0161anu un atbilsto\u0161u pas\u0101kumu veik\u0161anu, lai to nov\u0113rstu. Prevent\u012bvie pas\u0101kumi, piem\u0113ram, regul\u0101ra p\u0101rbaude un apkope, var samazin\u0101t probl\u0113mu iesp\u0113jam\u012bbu.<\/p>\n<p><img decoding=\"async\" src=\"https:\/\/www.hydraulic-cylinders.net\/wp-content\/uploads\/2025\/01\/songte-bushings-with-all-kinds-of-excavator-models.webp\"><\/p>\n<h2>Par mums<\/h2>\n<p>M\u0113s esam vado\u0161ais hidraulisko cilindru ra\u017eot\u0101js un vairumtirdzniec\u012bbas izplat\u012bt\u0101js viet\u0113j\u0101 un starptautiskaj\u0101 tirg\u016b. M\u016bsu produktu l\u012bnija ir daudzveid\u012bga, un m\u0113s tiecamies uz izcilu kvalit\u0101ti, izmantojot ra\u017eo\u0161anas vad\u012bbas strat\u0113\u0123iju, kuras pamat\u0101 ir sare\u017e\u0123\u012btu ra\u017eo\u0161anas darbn\u012bcu industrializ\u0101cija. Izmantojot tehnolo\u0123iju talantu, digit\u0101las augstas klases ra\u017eo\u0161anas iek\u0101rtas un profesion\u0101lu test\u0113\u0161anas sist\u0113mu, m\u0113s turpin\u0101m uzlabot ra\u017eo\u0161anas platformu, uzlabot produktu kvalit\u0101ti un ra\u017eo\u0161anas ce\u013cus, un mums ir sp\u0113c\u012bgas rado\u0161\u0101s sp\u0113jas. M\u016bsu m\u0113r\u0137is ir apmierin\u0101t klientu da\u017e\u0101d\u0101s vajadz\u012bbas ar augstu efektivit\u0101ti, augstu precizit\u0101ti un augstu kvalit\u0101ti.<\/p>\n<ul>\n<li>\n<h3>Profesionalit\u0101te<\/h3>\n<p>Mums ir profesion\u0101lu in\u017eenieru un tehni\u0137u komanda ar pla\u0161u pieredzi hidraulisko cilindru projekt\u0113\u0161an\u0101 un ra\u017eo\u0161an\u0101.<\/p>\n<\/li>\n<li>\n<h3>Starptautisk\u0101 sertifik\u0101cija<\/h3>\n<p>M\u016bsu hidrauliskie cilindri ir sertific\u0113ti ar ISO 9001 un CE, kas nodro\u0161ina kvalit\u0101ti un dro\u0161\u012bbu.<\/p>\n<\/li>\n<li>\n<h3>Piel\u0101go\u0161anas pakalpojumi<\/h3>\n<p>M\u0113s pied\u0101v\u0101jam piel\u0101go\u0161anas pakalpojumus, piel\u0101gojoties klientu \u012bpa\u0161aj\u0101m pras\u012bb\u0101m.<\/p>\n<\/li>\n<li>\n<h3>Ra\u017eo\u0161anas iek\u0101rtas<\/h3>\n<p>M\u0113s izmantojam modernas ra\u017eo\u0161anas iek\u0101rtas, piem\u0113ram, CNC apstr\u0101des centrus, autom\u0101tisk\u0101s metin\u0101\u0161anas iek\u0101rtas un virsmas apstr\u0101des iek\u0101rtas.<\/p>\n<\/li>\n<li>\n<h3>P\u0113cp\u0101rdo\u0161anas serviss<\/h3>\n<p>M\u0113s pied\u0101v\u0101jam p\u0113cp\u0101rdo\u0161anas servisu, tostarp apkopi, remontu un deta\u013cu nomai\u0146u, lai nodro\u0161in\u0101tu m\u016bsu klientu apmierin\u0101t\u012bbu.<\/p>\n<\/li>\n<\/ul>\n<p><img decoding=\"async\" src=\"https:\/\/hzpt.com\/wp-content\/uploads\/2024\/11\/songte-company-1.webp\"><\/p>\n<h3>Autors: lil<\/h3>","protected":false},"excerpt":{"rendered":"<p>Bucket Cylinder For Zoomlion Large Excavator ZE480ESP Introduction The Bucket Cylinder for Zoomlion Large Excavator ZE480ESP is a specialized hydraulic cylinder designed to control the movement of the bucket in heavy machinery such as excavators, backhoe excavators, and front-end loaders. Its main function is to enable the bucket to lift, lower, and tilt, making it [&hellip;]<\/p>","protected":false},"featured_media":14789,"comment_status":"open","ping_status":"closed","template":"","meta":{"_et_pb_use_builder":"","_et_pb_old_content":"","_et_gb_content_width":""},"product_brand":[],"product_cat":[1494],"product_tag":[1495,1496],"class_list":{"0":"post-15507","1":"product","2":"type-product","3":"status-publish","4":"has-post-thumbnail","6":"product_cat-bucket-cylinders","7":"product_tag-bucket-cylinders","8":"product_tag-hydraulic-cylinders","10":"first","11":"instock","12":"shipping-taxable","13":"product-type-simple"},"amp_enabled":true,"_links":{"self":[{"href":"https:\/\/www.hydraulic-cylinders.net\/lv\/wp-json\/wp\/v2\/product\/15507","targetHints":{"allow":["GET"]}}],"collection":[{"href":"https:\/\/www.hydraulic-cylinders.net\/lv\/wp-json\/wp\/v2\/product"}],"about":[{"href":"https:\/\/www.hydraulic-cylinders.net\/lv\/wp-json\/wp\/v2\/types\/product"}],"replies":[{"embeddable":true,"href":"https:\/\/www.hydraulic-cylinders.net\/lv\/wp-json\/wp\/v2\/comments?post=15507"}],"wp:featuredmedia":[{"embeddable":true,"href":"https:\/\/www.hydraulic-cylinders.net\/lv\/wp-json\/wp\/v2\/media\/14789"}],"wp:attachment":[{"href":"https:\/\/www.hydraulic-cylinders.net\/lv\/wp-json\/wp\/v2\/media?parent=15507"}],"wp:term":[{"taxonomy":"product_brand","embeddable":true,"href":"https:\/\/www.hydraulic-cylinders.net\/lv\/wp-json\/wp\/v2\/product_brand?post=15507"},{"taxonomy":"product_cat","embeddable":true,"href":"https:\/\/www.hydraulic-cylinders.net\/lv\/wp-json\/wp\/v2\/product_cat?post=15507"},{"taxonomy":"product_tag","embeddable":true,"href":"https:\/\/www.hydraulic-cylinders.net\/lv\/wp-json\/wp\/v2\/product_tag?post=15507"}],"curies":[{"name":"wp","href":"https:\/\/api.w.org\/{rel}","templated":true}]}}