{"id":15523,"date":"2025-01-19T14:38:11","date_gmt":"2025-01-19T14:38:11","guid":{"rendered":"https:\/\/www.hydraulic-cylinders.net\/product\/bucket-cylinder-for-sunward-middle-excavator-swe21elr\/"},"modified":"2025-01-19T14:38:13","modified_gmt":"2025-01-19T14:38:13","slug":"bucket-cylinder-for-sunward-middle-excavator-swe21elr","status":"publish","type":"product","link":"https:\/\/www.hydraulic-cylinders.net\/lv\/products\/bucket-cylinder-for-sunward-middle-excavator-swe21elr\/","title":{"rendered":"Kausa cilindrs Sunward Middle ekskavatoram SWE21ELR"},"content":{"rendered":"<h1>Kausa cilindrs Sunward Middle ekskavatoram SWE21ELR<\/h1>\n<h2>Ievads<\/h2>\n<p>Sunward vid\u0113j\u0101 ekskavatora SWE21ELR kausa cilindrs ir specializ\u0113ts hidrauliskais cilindrs, kas paredz\u0113ts l\u0101pstas kausa kust\u012bbas vad\u012bbai smagaj\u0101s ma\u0161\u012bn\u0101s, piem\u0113ram, ekskavatoros, ekskavatoros-iekr\u0101v\u0113jos un front\u0101lajos iekr\u0101v\u0113jos. T\u0101 galven\u0101 funkcija ir nodro\u0161in\u0101t kausa pacel\u0161anu, nolai\u0161anu un noliek\u0161anu, atvieglojot da\u017e\u0101du materi\u0101lu apstr\u0101des uzdevumu veik\u0161anu.<\/p>\n<p><img decoding=\"async\" src=\"https:\/\/www.hydraulic-cylinders.net\/wp-content\/uploads\/2025\/01\/songte-company-2.webp\" alt=\"Kausa cilindra att\u0113ls\"><\/p>\n<h3>Defin\u012bcija un skaidrojums<\/h3>\n<p>Hidrauliskaj\u0101 sist\u0113m\u0101 kausa cilindrs kontrol\u0113 prec\u012bzu kausa kust\u012bbu, mainot hidraulisk\u0101s e\u013c\u013cas spiedienu, \u013caujot operatoram efekt\u012bvi apstr\u0101d\u0101t smagas kravas un piel\u0101goties sare\u017e\u0123\u012btai darba videi un da\u017e\u0101d\u0101m ekspluat\u0101cijas pras\u012bb\u0101m.<\/p>\n<h2>Funkcijas<\/h2>\n<ul>\n<li>Augsta iztur\u012bba un ilgm\u016b\u017e\u012bba: Parasti izgatavots no augstas stipr\u012bbas t\u0113rauda vai alum\u012bnija, tas var iztur\u0113t augstu spiedienu un lielas slodzes, piel\u0101goties skarbai darba videi, ir paredz\u0113ts nodilumiztur\u012bbai un korozijas iztur\u012bbai, k\u0101 ar\u012b pagarina kalpo\u0161anas laiku.<\/li>\n<li>Efekt\u012bva hidraulisk\u0101 darb\u012bba: Vienm\u0113r\u012bgu teleskopisko darb\u012bbu pan\u0101k, pateicoties hidraulisk\u0101s e\u013c\u013cas spiedienam, kas var \u0101tri rea\u0123\u0113t uz vad\u012bbas komand\u0101m, nodro\u0161in\u0101t sp\u0113c\u012bgus stum\u0161anas un vilk\u0161anas sp\u0113kus un ir piem\u0113rota smagu kravu apstr\u0101dei un sare\u017e\u0123\u012btu ekspluat\u0101cijas uzdevumu veik\u0161anai.<\/li>\n<li>Da\u017e\u0101di veidi: Atbilsto\u0161i pras\u012bb\u0101m var izv\u0113l\u0113ties vienk\u0101r\u0161\u0101s darb\u012bbas (hidraulika tiek izmantota tikai vien\u0101 virzien\u0101) vai divk\u0101r\u0161\u0101s darb\u012bbas (hidraulika tiek izmantota divos virzienos) cilindrus, lai apmierin\u0101tu da\u017e\u0101das ekspluat\u0101cijas vajadz\u012bbas. Da\u017ei mode\u013ci ir teleskopiski, kas \u013cauj tos pagarin\u0101t, nepalielinot \u0101r\u0113jos izm\u0113rus, un ir piem\u0113roti lieto\u0161anai ierobe\u017eot\u0101 telp\u0101.<\/li>\n<li>Produkta nomai\u0146a: M\u016bsu produkts var lieliski nomain\u012bt \u0161os hidrauliskos cilindrus.<\/li>\n<\/ul>\n<p><img decoding=\"async\" src=\"https:\/\/www.hydraulic-cylinders.net\/wp-content\/uploads\/2025\/01\/songte-cylinder-head-with-all-kinds-excavator-models.webp\" alt=\"Produkta aizst\u0101\u0161anas att\u0113ls\"><\/p>\n<h2>Pieteikums<\/h2>\n<p>Kausa cilindram ir pla\u0161s pielietojumu kl\u0101sts, tostarp:<\/p>\n<ul>\n<li>B\u016bvniec\u012bbas apr\u012bkojums: ekskavatoros tie ir nepiecie\u0161ami rak\u0161anai, iekrau\u0161anai un augsnes vai gru\u017eu p\u0101rvieto\u0161anai. Ekskavatoros-iekr\u0101v\u0113jos kausa cilindrs pal\u012bdz gan rak\u0161an\u0101, gan cel\u0161an\u0101. <\/li>\n<li>Lauksaimniec\u012bbas tehnika: Izmanto front\u0101lajiem iekr\u0101v\u0113jiem, augsnes, siena un citu materi\u0101lu sav\u0101k\u0161anai, cel\u0161anai un transport\u0113\u0161anai. <\/li>\n<li>Ekskavatori: Kausa cilindrs pan\u0101k rak\u0161anas darb\u012bbu, \u013caujot kausam iek\u013c\u016bt augsn\u0113. <\/li>\n<li>Front\u0101lie iekr\u0101v\u0113ji: Front\u0101lajos iekr\u0101v\u0113jos tie pal\u012bdz efekt\u012bvi pacelt un noliekt preces.<\/li>\n<\/ul>\n<h2>Produkta dizaina apsv\u0113rumi un atlases krit\u0113riji<\/h2>\n<p>Kausa cilindra konstrukcijas apsv\u0113rumi un izv\u0113les krit\u0113riji ietver:<\/p>\n<h3>Nestsp\u0113ja<\/h3>\n<p>Kausa cilindra nestsp\u0113ja ir kritisks apsv\u0113rums projekt\u0113\u0161anas un izv\u0113les proces\u0101. Cilindram j\u0101sp\u0113j iztur\u0113t lielas slodzes un augstspiediena darba apst\u0101k\u013cus.<\/p>\n<h3>Bl\u012bv\u0113\u0161ana<\/h3>\n<p>Kausa cilindram j\u0101b\u016bt apr\u012bkotam ar atbilsto\u0161u bl\u012bv\u0113\u0161anas sist\u0113mu, lai nov\u0113rstu e\u013c\u013cas nopl\u016bdi. Virzu\u013ca bl\u012bv\u0113jumi, stie\u0146a bl\u012bv\u0113jumi un stikla t\u012br\u012bt\u0101ja bl\u012bv\u0113jumi ir standarta bl\u012bv\u0113\u0161anas komponenti, ko izmanto cilindr\u0101, un tiem j\u0101b\u016bt izgatavotiem no augstas kvalit\u0101tes materi\u0101liem ar labu nodilumiztur\u012bbu.<\/p>\n<h3>Iztur\u012bba<\/h3>\n<p>Kausa cilindram j\u0101b\u016bt iztur\u012bgam un j\u0101sp\u0113j iztur\u0113t skarbus darba apst\u0101k\u013cus, piem\u0113ram, augstu temperat\u016bru, abraz\u012bvu vidi un kod\u012bgas vielas. Cilindra korpusam un gala v\u0101ci\u0146iem j\u0101b\u016bt izgatavotiem no augstas kvalit\u0101tes materi\u0101liem un apstr\u0101d\u0101tiem, lai palielin\u0101tu to nodilumiztur\u012bbu.<\/p>\n<h3>Dro\u0161\u012bba<\/h3>\n<p>Kausa cilindram j\u0101atbilst dro\u0161\u012bbas standartiem un noteikumiem, un j\u0101uzst\u0101da dro\u0161\u012bbas elementi, piem\u0113ram, spiediena samazin\u0101\u0161anas v\u0101rsti un spiediena m\u0113r\u012bt\u0101ji, lai nov\u0113rstu p\u0101rslodzi vai p\u0101rm\u0113r\u012bgu spiedienu.<\/p>\n<h3>Apkope<\/h3>\n<p>Kausa cilindram j\u0101b\u016bt viegli kopjamam, un t\u0101 sast\u0101vda\u013c\u0101m j\u0101b\u016bt viegli pieejam\u0101m p\u0101rbaudei vai remontam. Ir svar\u012bgi iev\u0113rot ra\u017eot\u0101ja ieteikto apkopes grafiku un izmantot atbilsto\u0161as \u200b\u200bsm\u0113rvielas un \u0161\u0137idrumus.<\/p>\n<p><img decoding=\"async\" src=\"https:\/\/www.hydraulic-cylinders.net\/wp-content\/uploads\/2025\/01\/songte-oil-pipes-and-spare-parts.webp\" alt=\"Hidraulisk\u0101 cilindra deta\u013cu att\u0113ls\"><\/p>\n<h2>Bl\u012bv\u0113\u0161ana un e\u013c\u013co\u0161ana<\/h2>\n<p>Lai kausa cilindrs darbotos efekt\u012bvi, tam ir nepiecie\u0161ams atbilsto\u0161s bl\u012bv\u0113jums un e\u013c\u013co\u0161ana. Da\u017e\u0101di bl\u012bv\u0113juma komponenti, piem\u0113ram, virzu\u013ca bl\u012bvsl\u0113gi \u200b\u200bun stie\u0146a bl\u012bvsl\u0113gi, ir regul\u0101ri j\u0101p\u0101rbauda un j\u0101nomaina, ja nepiecie\u0161ams. Lai nodro\u0161in\u0101tu vienm\u0113r\u012bgu darb\u012bbu, cilindrs ir atbilsto\u0161i j\u0101iee\u013c\u013co ar hidraulisko e\u013c\u013cu.<\/p>\n<h2>Prevent\u012bv\u0101 apkope un remonts<\/h2>\n<p>Regul\u0101ra p\u0101rbaude un profilaktisk\u0101 apkope ir b\u016btiska, lai pagarin\u0101tu kausa cilindra kalpo\u0161anas laiku un nov\u0113rstu nopietnus boj\u0101jumus. Bie\u017ei sastopamie apkopes uzdevumi ietver:<\/p>\n<h3>Regul\u0101ra p\u0101rbaude<\/h3>\n<p>Regul\u0101ri p\u0101rbaudiet cilindra sast\u0101vda\u013cas, piem\u0113ram, bl\u012bves, stie\u0146us un korpusu, vai nav boj\u0101jumu vai nodiluma paz\u012bmju. P\u0101rbaudiet, vai nav e\u013c\u013cas nopl\u016bdes vai pies\u0101r\u0146ojuma paz\u012bmju.<\/p>\n<h3>E\u013c\u013co\u0161ana<\/h3>\n<p>Cilindrs regul\u0101ri j\u0101iee\u013c\u013co ar hidraulisko e\u013c\u013cu. Iev\u0113rojiet ra\u017eot\u0101ja ieteikto e\u013c\u013cas tipu un nomainiet to ieteicamajos interv\u0101los.<\/p>\n<h3>Bl\u012bv\u0113juma nomai\u0146a<\/h3>\n<p>Ja k\u0101das bl\u012bves ir boj\u0101tas vai nolietotas, nekav\u0113joties nomainiet t\u0101s, lai nov\u0113rstu e\u013c\u013cas nopl\u016bdi vai pies\u0101r\u0146ojumu.<\/p>\n<p><img decoding=\"async\" src=\"https:\/\/www.hydraulic-cylinders.net\/wp-content\/uploads\/2025\/01\/songte-chushion-collar.webp\" alt=\"Spilvenu apkakles att\u0113ls\"><\/p>\n<h2>Produkta dro\u0161\u012bbas un vides apsv\u0113rumi<\/h2>\n<p>Str\u0101d\u0101jot ar kausa cilindru, j\u0101iev\u0113ro atbilsto\u0161i dro\u0161\u012bbas pas\u0101kumi. Ir svar\u012bgi iev\u0113rot visus dro\u0161\u012bbas nor\u0101d\u012bjumus un noteikumus, lai nov\u0113rstu negad\u012bjumus vai cilindra vai tehnikas boj\u0101jumus. Turkl\u0101t ir svar\u012bgi utiliz\u0113t jebkuru izlietoto hidraulisko e\u013c\u013cu vai citus b\u012bstamus materi\u0101lus saska\u0146\u0101 ar viet\u0113jiem noteikumiem.<\/p>\n<h2>K\u013c\u016bmju diagnostika un probl\u0113mu nov\u0113r\u0161ana<\/h2>\n<p>Bie\u017e\u0101k sastopamie kausa cilindra defekti un probl\u0113mas ir e\u013c\u013cas nopl\u016bde, nepareiza darb\u012bba un cilindra korpusa vai sast\u0101vda\u013cu boj\u0101jumi. Lai nov\u0113rstu turpm\u0101kus boj\u0101jumus vai negad\u012bjumus, kvalific\u0113tam tehni\u0137im j\u0101veic atbilsto\u0161a probl\u0113mu nov\u0113r\u0161ana un remonts.<\/p>\n<h2>Uz\u0146\u0113muma ievads<\/h2>\n<p>M\u0113s esam vado\u0161ais hidraulisko cilindru ra\u017eot\u0101js un vairumtirgot\u0101js viet\u0113j\u0101 un starptautiskaj\u0101 tirg\u016b. M\u016bsu produkti ir izcilas kvalit\u0101tes, un m\u0113s pa\u013caujamies uz nozares standarta ra\u017eo\u0161anas vad\u012bbas strat\u0113\u0123ij\u0101m m\u016bsu modern\u0101kaj\u0101s ra\u017eo\u0161anas darbn\u012bc\u0101s, kas ir apr\u012bkotas ar modern\u0101kaj\u0101m digit\u0101laj\u0101m ra\u017eo\u0161anas iek\u0101rt\u0101m, tehnolo\u0123iju speci\u0101listiem un profesion\u0101l\u0101m test\u0113\u0161anas sist\u0113m\u0101m. M\u0113s nep\u0101rtraukti uzlabojam savu ra\u017eo\u0161anas platformu, pilnveidojam savu produktu kvalit\u0101tes ra\u017eo\u0161anas l\u012bniju un mums ir sp\u0113c\u012bgas rado\u0161\u0101s sp\u0113jas, izmantojot augstas efektivit\u0101tes, augstas precizit\u0101tes un augstas kvalit\u0101tes principus, lai apmierin\u0101tu da\u017e\u0101das klientu vajadz\u012bbas.<\/p>\n<p><img decoding=\"async\" src=\"https:\/\/hzpt.com\/wp-content\/uploads\/2024\/11\/songte-company-1.webp\" alt=\"Uz\u0146\u0113muma t\u0113ls\"><\/p>\n<h3>Profesionalit\u0101te<\/h3>\n<p>Mums ir profesion\u0101\u013cu komanda, kas ir pieredz\u0113jusi un zino\u0161a hidraulisko cilindru projekt\u0113\u0161an\u0101, izstr\u0101d\u0113 un ra\u017eo\u0161an\u0101.<\/p>\n<h3>Starptautisk\u0101 sertifik\u0101cija<\/h3>\n<p>M\u016bsu produkti ir ieguvu\u0161i ISO9001 starptautisko kvalit\u0101tes sist\u0113mas sertifik\u0101tu un CE sertifik\u0101tu, kas nodro\u0161ina, ka m\u016bsu produkti atbilst starptautiskajiem standartiem un pras\u012bb\u0101m.<\/p>\n<h3>Piel\u0101go\u0161anas pakalpojumi<\/h3>\n<p>M\u0113s pied\u0101v\u0101jam ar\u012b piel\u0101go\u0161anas pakalpojumus, lai apmierin\u0101tu unik\u0101las klientu vajadz\u012bbas, tostarp da\u017e\u0101dus produktu izm\u0113rus, formas un specifik\u0101cijas.<\/p>\n<h3>Ra\u017eo\u0161anas iek\u0101rtas<\/h3>\n<p>Mums ir modernas digit\u0101l\u0101s ra\u017eo\u0161anas iek\u0101rtas, tostarp CNC virpas, sl\u012bpma\u0161\u012bnas un autom\u0101tisk\u0101s metin\u0101\u0161anas iek\u0101rtas.<\/p>\n<h3>P\u0113cp\u0101rdo\u0161anas serviss<\/h3>\n<p>M\u0113s pied\u0101v\u0101jam lielisku p\u0113cp\u0101rdo\u0161anas apkalpo\u0161anu un atbalstu, tostarp remonta un nomai\u0146as pakalpojumus, lai nodro\u0161in\u0101tu klientu apmierin\u0101t\u012bbu.<\/p>\n<p><img decoding=\"async\" src=\"https:\/\/www.hydraulic-cylinders.net\/wp-content\/uploads\/2025\/01\/songte-bushings-with-all-kinds-of-excavator-models.webp\" alt=\"Bukses att\u0113ls\"><\/p>\n<p>Autors: lyl<\/p>","protected":false},"excerpt":{"rendered":"<p>Bucket Cylinder For Sunward Middle Excavator SWE21ELR Introduction The bucket cylinder for Sunward middle excavator SWE21ELR is a specialized hydraulic cylinder designed for controlling the movement of the shovel bucket in heavy machinery such as excavators, backhoe loaders, and front-end loaders. Its primary function is to enable the bucket to lift, lower, and tilt, making [&hellip;]<\/p>","protected":false},"featured_media":14788,"comment_status":"open","ping_status":"closed","template":"","meta":{"_et_pb_use_builder":"","_et_pb_old_content":"","_et_gb_content_width":""},"product_brand":[],"product_cat":[1494],"product_tag":[1495,1496],"class_list":{"0":"post-15523","1":"product","2":"type-product","3":"status-publish","4":"has-post-thumbnail","6":"product_cat-bucket-cylinders","7":"product_tag-bucket-cylinders","8":"product_tag-hydraulic-cylinders","10":"first","11":"instock","12":"shipping-taxable","13":"product-type-simple"},"amp_enabled":true,"_links":{"self":[{"href":"https:\/\/www.hydraulic-cylinders.net\/lv\/wp-json\/wp\/v2\/product\/15523","targetHints":{"allow":["GET"]}}],"collection":[{"href":"https:\/\/www.hydraulic-cylinders.net\/lv\/wp-json\/wp\/v2\/product"}],"about":[{"href":"https:\/\/www.hydraulic-cylinders.net\/lv\/wp-json\/wp\/v2\/types\/product"}],"replies":[{"embeddable":true,"href":"https:\/\/www.hydraulic-cylinders.net\/lv\/wp-json\/wp\/v2\/comments?post=15523"}],"wp:featuredmedia":[{"embeddable":true,"href":"https:\/\/www.hydraulic-cylinders.net\/lv\/wp-json\/wp\/v2\/media\/14788"}],"wp:attachment":[{"href":"https:\/\/www.hydraulic-cylinders.net\/lv\/wp-json\/wp\/v2\/media?parent=15523"}],"wp:term":[{"taxonomy":"product_brand","embeddable":true,"href":"https:\/\/www.hydraulic-cylinders.net\/lv\/wp-json\/wp\/v2\/product_brand?post=15523"},{"taxonomy":"product_cat","embeddable":true,"href":"https:\/\/www.hydraulic-cylinders.net\/lv\/wp-json\/wp\/v2\/product_cat?post=15523"},{"taxonomy":"product_tag","embeddable":true,"href":"https:\/\/www.hydraulic-cylinders.net\/lv\/wp-json\/wp\/v2\/product_tag?post=15523"}],"curies":[{"name":"wp","href":"https:\/\/api.w.org\/{rel}","templated":true}]}}