{"id":15531,"date":"2025-01-19T14:38:49","date_gmt":"2025-01-19T14:38:49","guid":{"rendered":"https:\/\/www.hydraulic-cylinders.net\/product\/bucket-cylinder-for-sunward-hybrid-excavator-swe230s\/"},"modified":"2025-01-19T14:38:51","modified_gmt":"2025-01-19T14:38:51","slug":"bucket-cylinder-for-sunward-hybrid-excavator-swe230s","status":"publish","type":"product","link":"https:\/\/www.hydraulic-cylinders.net\/lv\/products\/bucket-cylinder-for-sunward-hybrid-excavator-swe230s\/","title":{"rendered":"Kausa cilindrs Sunward hibr\u012bda ekskavatoram SWE230S"},"content":{"rendered":"<h1>Kausa cilindrs Sunward hibr\u012bda ekskavatoram SWE230S<\/h1>\n<h2>Ievads<\/h2>\n<p>The bucket cylinder, also known as a hydraulic cylinder, is a specialized cylinder designed to control the movement of the bucket in heavy machinery such as excavators, backhoes, and front loaders. Its main function is to enable the bucket to lift, lower, and tilt, making it easier to handle various material handling tasks. In the hydraulic system, the bucket cylinder achieves precise control of the bucket&#8217;s movement through changes in hydraulic oil pressure, allowing operators to efficiently handle heavy loads and adapt to complex work environments and diverse job requirements.<\/p>\n<p><img decoding=\"async\" src=\"https:\/\/www.hydraulic-cylinders.net\/wp-content\/uploads\/2025\/01\/songte-company-2.webp\" alt=\"Kausa cilindra att\u0113ls\"><\/p>\n<h2>Funkcijas<\/h2>\n<ul>\n<li>\n<h3>Augsta iztur\u012bba un ilgm\u016b\u017e\u012bba<\/h3>\n<p>Kausa cilindrs parasti ir izgatavots no augstas stipr\u012bbas t\u0113rauda vai alum\u012bnija, kas var iztur\u0113t augstu spiedienu un lielas slodzes, un ir konstru\u0113ts, \u0146emot v\u0113r\u0101 nodilumiztur\u012bbu un korozijas iztur\u012bbu, lai pagarin\u0101tu t\u0101 kalpo\u0161anas laiku.<\/p>\n<\/li>\n<li>\n<h3>Efekt\u012bva hidraulisk\u0101 darb\u012bba<\/h3>\n<p>Kausa cilindrs izmanto hidraulisk\u0101s e\u013c\u013cas spiedienu, lai pan\u0101ktu vienm\u0113r\u012bgu teleskopisko darb\u012bbu, kas var \u0101tri rea\u0123\u0113t uz vad\u012bbas komand\u0101m, nodro\u0161in\u0101t sp\u0113c\u012bgu stum\u0161anas un vilk\u0161anas sp\u0113ku un ir piem\u0113rots smagu kravu apstr\u0101dei un sare\u017e\u0123\u012btu darba uzdevumu veik\u0161anai.<\/p>\n<\/li>\n<li>\n<h3>Da\u017e\u0101di veidi<\/h3>\n<p>Kausa cilindru var izv\u0113l\u0113ties k\u0101 vienas darb\u012bbas (hidrauliski darbojas tikai vien\u0101 virzien\u0101) vai divk\u0101r\u0161as darb\u012bbas (hidrauliski darbojas abos virzienos) cilindru atkar\u012bb\u0101 no vajadz\u012bb\u0101m, lai izpild\u012btu da\u017e\u0101das ekspluat\u0101cijas pras\u012bbas. Da\u017ei mode\u013ci ir teleskopiski, kas \u013cauj pan\u0101kt liel\u0101ku pagarin\u0101jumu, nepalielinot \u0101r\u0113jos izm\u0113rus, padarot tos piem\u0113rotus lietojumiem ar ierobe\u017eotu telpu.<\/p>\n<\/li>\n<li>\n<h3>Citu hidraulisko cilindru nomai\u0146a<\/h3>\n<p>M\u016bsu produkts var lieliski aizst\u0101t \u0161os hidrauliskos cilindrus, nodro\u0161inot augstas kvalit\u0101tes pakalpojumu par zem\u0101k\u0101m izmaks\u0101m.<\/p>\n<\/li>\n<\/ul>\n<p><img decoding=\"async\" src=\"https:\/\/www.hydraulic-cylinders.net\/wp-content\/uploads\/2025\/01\/songte-cylinder-head-with-all-kinds-excavator-models.webp\" alt=\"Kausa cilindra nomai\u0146as att\u0113ls\"><\/p>\n<h2>Pieteikumi<\/h2>\n<p>Kausa cilindrs tiek pla\u0161i izmantots da\u017e\u0101d\u0101s smagaj\u0101s ma\u0161\u012bn\u0101s un iek\u0101rt\u0101s:<\/p>\n<ul>\n<li>\n<h3>Celtniec\u012bbas tehnika<\/h3>\n<p>Tie ir atrodami ekskavatoros, un tie ir nepiecie\u0161ami augsnes vai gru\u017eu rak\u0161anai, iekrau\u0161anai un p\u0101rvieto\u0161anai. Ekskavatoros kausa cilindrs pal\u012bdz gan rak\u0161anas, gan cel\u0161anas darbos. <\/p>\n<\/li>\n<li>\n<h3>Lauksaimniec\u012bbas tehnika<\/h3>\n<p>Izmanto front\u0101lajos iekr\u0101v\u0113jos augsnes, siena un citu materi\u0101lu rak\u0161anai, cel\u0161anai un transport\u0113\u0161anai. Ekskavatoros kausa cilindrs nodro\u0161ina rak\u0161anu, \u013caujot kausam iek\u013c\u016bt augsn\u0113.<\/p>\n<\/li>\n<li>\n<h3>Iekr\u0101v\u0113ja apr\u012bkojums<\/h3>\n<p>Front\u0101lajos iekr\u0101v\u0113jos tie pal\u012bdz efekt\u012bvi pacelt un noliekt preces.<\/p>\n<\/li>\n<\/ul>\n<h2>Dizaina apsv\u0113rumi un atlases krit\u0113riji<\/h2>\n<p>Izv\u0113loties un projekt\u0113jot cilindru, j\u0101\u0146em v\u0113r\u0101 \u0161\u0101di faktori:<\/p>\n<ul>\n<li>\n<h3>Nestsp\u0113ja<\/h3>\n<p>Kausa cilindram j\u0101sp\u0113j iztur\u0113t t\u0101 nest\u0101s kravas svaru, k\u0101 ar\u012b iztur\u0113t \u0101r\u0113jos sp\u0113kus, piem\u0113ram, pa\u0101trin\u0101jumu, triecienus un vibr\u0101ciju.<\/p>\n<\/li>\n<li>\n<h3>Bl\u012bv\u0113\u0161ana<\/h3>\n<p>Kausa cilindram j\u0101b\u016bt konstru\u0113tam ar efekt\u012bvu bl\u012bv\u0113jumu, lai nov\u0113rstu hidraulisk\u0101s e\u013c\u013cas nopl\u016bdi un samazin\u0101tu cilindra deta\u013cu nodilumu. Virzu\u013ca un stie\u0146a bl\u012bv\u0113jumiem ieteicams izmantot nodilumiztur\u012bgus materi\u0101lus, piem\u0113ram, poliuret\u0101nu un nitrilgumiju. Cilindra korpuss un v\u012bt\u0146ot\u0101s gala virsmas r\u016bp\u012bgi j\u0101apstr\u0101d\u0101, lai uzlabotu nodilumiztur\u012bbu. E\u013c\u013co\u0161anai nepiecie\u0161ams regul\u0101ri pievienot atbilsto\u0161u hidraulisk\u0101s e\u013c\u013cas daudzumu.<\/p>\n<\/li>\n<li>\n<h3>Iztur\u012bba<\/h3>\n<p>Kausa cilindram j\u0101sp\u0113j iztur\u0113t skarbu darba vidi, pretoties korozijai un tam j\u0101b\u016bt ilgam kalpo\u0161anas laikam. Augstas iztur\u012bbas materi\u0101lu izmanto\u0161ana, r\u016bp\u012bga termisk\u0101 apstr\u0101de un prec\u012bza apstr\u0101de var palielin\u0101t cilindra iztur\u012bbu.<\/p>\n<\/li>\n<li>\n<h3>Dro\u0161\u012bba un apkope<\/h3>\n<p>Kausa cilindram j\u0101b\u016bt konstru\u0113tam ar dro\u0161\u012bbas funkcij\u0101m, piem\u0113ram, av\u0101rijas aptur\u0113\u0161anas v\u0101rstiem un p\u0101rslodzes aizsardz\u012bbu, lai nodro\u0161in\u0101tu dro\u0161u darb\u012bbu. Lai nodro\u0161in\u0101tu pareizu darb\u012bbu un atkl\u0101tu un nov\u0113rstu iesp\u0113jam\u0101s probl\u0113mas, pirms t\u0101s k\u013c\u016bst nopietnas, ir nepiecie\u0161ama regul\u0101ra p\u0101rbaude un apkope. Lai pagarin\u0101tu kausa cilindra kalpo\u0161anas laiku, ieteicams nomain\u012bt nolietot\u0101s deta\u013cas un veikt atjauno\u0161anas pakalpojumus.<\/p>\n<\/li>\n<\/ul>\n<p><img decoding=\"async\" src=\"https:\/\/www.hydraulic-cylinders.net\/wp-content\/uploads\/2025\/01\/songte-oil-pipes-and-spare-parts.webp\" alt=\"Kausa cilindra deta\u013cu att\u0113ls\"><\/p>\n<h2>Instal\u0101cijas rokasgr\u0101mata<\/h2>\n<p>Pareiza kausa cilindra uzst\u0101d\u012b\u0161ana ir b\u016btiska, lai nodro\u0161in\u0101tu dro\u0161u un efekt\u012bvu darb\u012bbu. J\u0101iev\u0113ro \u0161\u0101das vadl\u012bnijas:<\/p>\n<ul>\n<li>\n<h3>Pareizi izl\u012bdziniet cilindru<\/h3>\n<p>Novietojiet cilindru un mont\u0101\u017eas kron\u0161teinus vien\u0101 l\u012bmen\u012b, lai nodro\u0161in\u0101tu pareizu uzst\u0101d\u012b\u0161anas poz\u012bciju.<\/p>\n<\/li>\n<li>\n<h3>Izmantojiet atbilsto\u0161us mont\u0101\u017eas kron\u0161teinus<\/h3>\n<p>Lai nostiprin\u0101tu cilindru viet\u0101, izmantojiet atbilsto\u0161us mont\u0101\u017eas kron\u0161teinus.<\/p>\n<\/li>\n<li>\n<h3>Regul\u0101ra p\u0101rbaude un apkope<\/h3>\n<p>Veiciet regul\u0101ras p\u0101rbaudes un apkopi, tostarp e\u013c\u013co\u0161anu, bl\u012bvju nomai\u0146u un kalibr\u0113\u0161anas p\u0101rbaudes, lai nodro\u0161in\u0101tu kausa cilindra pareizu darb\u012bbu.<\/p>\n<\/li>\n<\/ul>\n<p><img decoding=\"async\" src=\"https:\/\/www.hydraulic-cylinders.net\/wp-content\/uploads\/2025\/01\/songte-chushion-collar.webp\" alt=\"Kausa cilindra uzst\u0101d\u012b\u0161anas att\u0113ls\"><\/p>\n<h2>Dro\u0161\u012bbas apsv\u0113rumi un vides faktori<\/h2>\n<p>Izmantojot kausa cilindru, j\u0101iev\u0113ro dro\u0161\u012bbas pas\u0101kumi, lai izvair\u012btos no negad\u012bjumiem un traum\u0101m. Pareiza cilindra lieto\u0161ana un apkope var ar\u012b pal\u012bdz\u0113t samazin\u0101t t\u0101 ietekmi uz vidi.<\/p>\n<h2>Probl\u0113mu nov\u0113r\u0161ana un bie\u017ei sastopamas probl\u0113mas<\/h2>\n<p>Bie\u017ei sastopamas probl\u0113mas ar kausa cilindru ir e\u013c\u013cas nopl\u016bdes, cilindra korpusa, virzu\u013ca, stie\u0146a un bl\u012bv\u0113jumu boj\u0101jumi, k\u0101 ar\u012b hidraulisk\u0101s sist\u0113mas darb\u012bbas trauc\u0113jumi. Probl\u0113mu nov\u0113r\u0161ana un remonts j\u0101veic p\u0113c iesp\u0113jas \u0101tr\u0101k, lai nov\u0113rstu turpm\u0101kus boj\u0101jumus un izvair\u012btos no negad\u012bjumiem.<\/p>\n<h2>Secin\u0101jums<\/h2>\n<p>M\u016bsu uz\u0146\u0113mums ir vado\u0161ais hidraulisko cilindru ra\u017eot\u0101js un vairumtirgot\u0101js viet\u0113j\u0101 un starptautiskaj\u0101 tirg\u016b, pied\u0101v\u0101jot pla\u0161u produktu kl\u0101stu un izcilu kvalit\u0101ti. M\u0113s cen\u0161amies nodro\u0161in\u0101t augstas efektivit\u0101tes, augstas precizit\u0101tes un augstas kvalit\u0101tes produktus un pakalpojumus, lai apmierin\u0101tu m\u016bsu klientu da\u017e\u0101d\u0101s vajadz\u012bbas.<\/p>\n<p><img decoding=\"async\" src=\"https:\/\/hzpt.com\/wp-content\/uploads\/2024\/11\/songte-company-1.webp\" alt=\"Kausa cilindra uz\u0146\u0113muma att\u0113ls\"><\/p>\n<h3>Autors: lil<\/h3>","protected":false},"excerpt":{"rendered":"<p>Bucket Cylinder For Sunward Hybrid Excavator SWE230S Introduction The bucket cylinder, also known as a hydraulic cylinder, is a specialized cylinder designed to control the movement of the bucket in heavy machinery such as excavators, backhoes, and front loaders. Its main function is to enable the bucket to lift, lower, and tilt, making it easier [&hellip;]<\/p>","protected":false},"featured_media":14773,"comment_status":"open","ping_status":"closed","template":"","meta":{"_et_pb_use_builder":"","_et_pb_old_content":"","_et_gb_content_width":""},"product_brand":[],"product_cat":[1494],"product_tag":[1495,1496],"class_list":{"0":"post-15531","1":"product","2":"type-product","3":"status-publish","4":"has-post-thumbnail","6":"product_cat-bucket-cylinders","7":"product_tag-bucket-cylinders","8":"product_tag-hydraulic-cylinders","10":"first","11":"instock","12":"shipping-taxable","13":"product-type-simple"},"amp_enabled":true,"_links":{"self":[{"href":"https:\/\/www.hydraulic-cylinders.net\/lv\/wp-json\/wp\/v2\/product\/15531","targetHints":{"allow":["GET"]}}],"collection":[{"href":"https:\/\/www.hydraulic-cylinders.net\/lv\/wp-json\/wp\/v2\/product"}],"about":[{"href":"https:\/\/www.hydraulic-cylinders.net\/lv\/wp-json\/wp\/v2\/types\/product"}],"replies":[{"embeddable":true,"href":"https:\/\/www.hydraulic-cylinders.net\/lv\/wp-json\/wp\/v2\/comments?post=15531"}],"wp:featuredmedia":[{"embeddable":true,"href":"https:\/\/www.hydraulic-cylinders.net\/lv\/wp-json\/wp\/v2\/media\/14773"}],"wp:attachment":[{"href":"https:\/\/www.hydraulic-cylinders.net\/lv\/wp-json\/wp\/v2\/media?parent=15531"}],"wp:term":[{"taxonomy":"product_brand","embeddable":true,"href":"https:\/\/www.hydraulic-cylinders.net\/lv\/wp-json\/wp\/v2\/product_brand?post=15531"},{"taxonomy":"product_cat","embeddable":true,"href":"https:\/\/www.hydraulic-cylinders.net\/lv\/wp-json\/wp\/v2\/product_cat?post=15531"},{"taxonomy":"product_tag","embeddable":true,"href":"https:\/\/www.hydraulic-cylinders.net\/lv\/wp-json\/wp\/v2\/product_tag?post=15531"}],"curies":[{"name":"wp","href":"https:\/\/api.w.org\/{rel}","templated":true}]}}