{"id":1555,"date":"2023-09-28T08:49:11","date_gmt":"2023-09-28T08:49:11","guid":{"rendered":"https:\/\/hydraulic-cylinders.net\/?post_type=product&#038;p=1555"},"modified":"2025-04-11T01:52:22","modified_gmt":"2025-04-11T01:52:22","slug":"mobile-crane-outrigger-cylinder","status":"publish","type":"product","link":"https:\/\/www.hydraulic-cylinders.net\/lv\/products\/mobile-crane-outrigger-cylinder\/","title":{"rendered":"Mobil\u0101 celt\u0146a balstiek\u0101rtas cilindrs"},"content":{"rendered":"<h1 style=\"text-align: center;\"><strong>Mobil\u0101 celt\u0146a balstiek\u0101rtas cilindrs<\/strong><\/h1>\n<p><img loading=\"lazy\" decoding=\"async\" class=\"aligncenter wp-image-1556\" src=\"https:\/\/hydraulic-cylinders.net\/wp-content\/uploads\/2023\/09\/outrigger-expansion-cylinder-1-300x300.webp\" alt=\"\" width=\"400\" height=\"400\" \/><\/p>\n<p>Mobil\u0101 celt\u0146a balstu cilindrs ir b\u016btiska mobilo celt\u0146u sist\u0113mu sast\u0101vda\u013ca, kas paredz\u0113ta stabilit\u0101tes un dro\u0161\u012bbas nodro\u0161in\u0101\u0161anai cel\u0161anas oper\u0101ciju laik\u0101. \u0160is hidrauliskais cilindrs ir \u012bpa\u0161i izstr\u0101d\u0101ts, lai izstieptu un ievilktu celt\u0146a balstu sijas, nodro\u0161inot stabilu pamatu un nov\u0113r\u0161ot apg\u0101\u0161anos vai nestabilit\u0101ti.<\/p>\n<p>Mobil\u0101 celt\u0146a balste\u0146u cilindrs nodro\u0161ina stabilit\u0101ti un dro\u0161\u012bbu cel\u0161anas oper\u0101ciju laik\u0101. Pateicoties t\u0101 iztur\u012bgajai konstrukcijai, hidrauliskajai pagarin\u0101\u0161anai un ievilk\u0161anai, stabilit\u0101tes uzlabo\u0161anai un ieb\u016bv\u0113taj\u0101m dro\u0161\u012bbas funkcij\u0101m, \u0161is hidrauliskais cilindrs \u013cauj celt\u0146a operatoriem izveidot dro\u0161u pamatu un nov\u0113rst apg\u0101\u0161anos vai nestabilit\u0101ti, str\u0101d\u0101jot ar smag\u0101m krav\u0101m. Iev\u0113rojot pareizas lieto\u0161anas metodes un iev\u0113rojot ieteicamo apkopes praksi, operatori var maksim\u0101li palielin\u0101t mobil\u0101 celt\u0146a balste\u0146u cilindra ilgm\u016b\u017e\u012bbu un veiktsp\u0113ju, veicinot dro\u0161\u0101kas un efekt\u012bv\u0101kas cel\u0161anas oper\u0101cijas. Izv\u0113lieties \u0161o b\u016btisko hidraulisko komponentu, lai paaugstin\u0101tu mobil\u0101 celt\u0146a stabilit\u0101ti un dro\u0161\u012bbu, nodro\u0161inot veiksm\u012bgu un bezr\u016bp\u012bgu cel\u0161anu jaunos augstumos.<\/p>\n<p>Mobil\u0101 celt\u0146a balstu cilindra galven\u0101s \u012bpa\u0161\u012bbas:<\/p>\n<ol>\n<li>Iztur\u012bga konstrukcija:<\/li>\n<\/ol>\n<ul>\n<li>Mobil\u0101 celt\u0146a balstiek\u0101rtas cilindrs ir izgatavots no augstas kvalit\u0101tes materi\u0101liem, nodro\u0161inot iztur\u012bbu un uzticam\u012bbu pat sare\u017e\u0123\u012btos darba apst\u0101k\u013cos.<\/li>\n<li>Tas ir izstr\u0101d\u0101ts, lai iztur\u0113tu lielas slodzes, vibr\u0101cijas un vides elementu iedarb\u012bbu, nodro\u0161inot ilgsto\u0161u veiktsp\u0113ju.<\/li>\n<\/ul>\n<ol start=\"2\">\n<li>Hidraulisk\u0101 pagarin\u0101\u0161ana un ievilk\u0161ana:<\/li>\n<\/ol>\n<ul>\n<li>\u0160is cilindrs izmanto hidraulisko sp\u0113ku, lai izstieptu un ievilktu mobil\u0101 celt\u0146a \u0101r\u0113jos balstus.<\/li>\n<li>Hidraulisk\u0101 sist\u0113ma nodro\u0161ina prec\u012bzu vad\u012bbu un vienm\u0113r\u012bgu darb\u012bbu, \u013caujot \u0101tri uzst\u0101d\u012bt un regul\u0113t balste\u0146us.<\/li>\n<\/ul>\n<ol start=\"3\">\n<li>Stabilit\u0101tes uzlabo\u0161ana:<\/li>\n<\/ol>\n<ul>\n<li>By extending the outrigger beams, the mobile crane outrigger cylinder significantly increases the crane&#8217;s stability during lifting operations.<\/li>\n<li>Tas nodro\u0161ina pla\u0161\u0101ku atbalsta pamatni, samazinot apg\u0101\u0161an\u0101s vai apg\u0101\u0161an\u0101s risku, \u012bpa\u0161i, str\u0101d\u0101jot ar smag\u0101m krav\u0101m vai nel\u012bdzen\u0101 reljef\u0101.<\/li>\n<\/ul>\n<ol start=\"4\">\n<li>Dro\u0161\u012bbas funkcijas:<\/li>\n<\/ol>\n<ul>\n<li>Balstu cilindrs ir apr\u012bkots ar dro\u0161\u012bbas meh\u0101nismiem, piem\u0113ram, blo\u0137\u0113\u0161anas tap\u0101m vai v\u0101rstiem, lai nostiprin\u0101tu pagarin\u0101t\u0101s balstu sijas viet\u0101.<\/li>\n<li>These features prevent accidental retraction and ensure the crane&#8217;s stability throughout lifting.<\/li>\n<\/ul>\n<h2><strong>Mobil\u0101 celt\u0146a balsta cilindra parametrs:<\/strong><\/h2>\n<table border=\"1\" cellspacing=\"0\" cellpadding=\"0\">\n<tbody>\n<tr>\n<td>Produkta nosaukums<\/td>\n<td>Mobil\u0101 celt\u0146a balstiek\u0101rtas cilindrs<\/td>\n<\/tr>\n<tr>\n<td>Funkcijas:<\/td>\n<td>Atbalstiet visa apr\u012bkojuma svaru, kad celtnis ce\u013c<\/td>\n<\/tr>\n<tr>\n<td>Urbuma diametrs:<\/td>\n<td>70 mm\uff5e360 mm<\/td>\n<\/tr>\n<tr>\n<td>Stie\u0146a diametrs:<\/td>\n<td>45 mm\uff5e320 mm<br \/>\nG\u0101jiens \u2264800 mm<\/td>\n<\/tr>\n<tr>\n<td>Spiediens:<\/td>\n<td>Maksim\u0101li 42 MPa<\/td>\n<\/tr>\n<tr>\n<td>\u0100r\u0113jo cilindru pielietojumi:<\/td>\n<td>Mobilais celtnis<\/td>\n<\/tr>\n<\/tbody>\n<\/table>\n<h2><strong>Mobil\u0101 celt\u0146a identifik\u0101cijas sh\u0113ma:<\/strong><\/h2>\n<p><img loading=\"lazy\" decoding=\"async\" class=\"alignnone wp-image-1551 size-full\" src=\"https:\/\/hydraulic-cylinders.net\/wp-content\/uploads\/2023\/09\/mobile-crane-cylinder-construction-1.webp\" alt=\"\" width=\"1418\" height=\"946\" srcset=\"https:\/\/hydraulic-cylinders.net\/wp-content\/uploads\/2023\/09\/mobile-crane-cylinder-construction-1.webp 1418w, https:\/\/hydraulic-cylinders.net\/wp-content\/uploads\/2023\/09\/mobile-crane-cylinder-construction-1-1280x854.webp 1280w, https:\/\/hydraulic-cylinders.net\/wp-content\/uploads\/2023\/09\/mobile-crane-cylinder-construction-1-980x654.webp 980w, https:\/\/hydraulic-cylinders.net\/wp-content\/uploads\/2023\/09\/mobile-crane-cylinder-construction-1-480x320.webp 480w\" sizes=\"(min-width: 0px) and (max-width: 480px) 480px, (min-width: 481px) and (max-width: 980px) 980px, (min-width: 981px) and (max-width: 1280px) 1280px, (min-width: 1281px) 1418px, 100vw\" \/><\/p>\n<h2><strong>Mobil\u0101 celt\u0146a balstu cilindra lieto\u0161anas metode<\/strong><strong>:<\/strong><\/h2>\n<ol>\n<li><strong>Vietnes nov\u0113rt\u0113jums:<\/strong><\/li>\n<\/ol>\n<ul>\n<li>Pirms balstiek\u0101rtu izvieto\u0161anas r\u016bp\u012bgi nov\u0113rt\u0113jiet darba zonu, lai noteiktu visus iesp\u0113jamos apdraud\u0113jumus vai probl\u0113mas.<\/li>\n<li>Ensure that the ground is stable and capable of supporting the crane&#8217;s weight and lifting loads.<\/li>\n<\/ul>\n<ol start=\"2\">\n<li><strong>Iepaz\u012bstieties ar vad\u012bbas ier\u012bc\u0113m:<\/strong><\/li>\n<\/ol>\n<ul>\n<li>Izprotiet sava mobil\u0101 celt\u0146a mode\u013ca vad\u012bbas meh\u0101nismus un darb\u012bbas proced\u016bras.<\/li>\n<li>Nosakiet vad\u012bbas ier\u012bces, kas atbild par s\u0101nu balstu siju izstiep\u0161anu un ievilk\u0161anu.<\/li>\n<\/ul>\n<ol start=\"3\">\n<li><strong>Izb\u012bd\u0101mo balstu izb\u012bd\u012b\u0161ana:<\/strong><\/li>\n<\/ol>\n<ul>\n<li>Aktiviz\u0113jiet vad\u012bbas ier\u012bci, lai izstieptu mobil\u0101 celt\u0146a balste\u0146u cilindru, \u013caujot balste\u0146u sij\u0101m sasniegt izstiepto poz\u012bciju.<\/li>\n<li>Uzraugiet s\u0101nu balstu siju poz\u012bciju, p\u0101rliecinoties, ka t\u0101s ir pareizi izl\u012bdzin\u0101tas un dro\u0161i nofiks\u0113tas sav\u0101 viet\u0101.<\/li>\n<\/ul>\n<ol start=\"4\">\n<li><strong>Iznesamo balstu ievilk\u0161ana:<\/strong><\/li>\n<\/ol>\n<ul>\n<li>Kad pacel\u0161anas darb\u012bba ir pabeigta, aktiviz\u0113jiet vad\u012bbas ier\u012bci, lai ievilktu s\u0101nu balstu sijas.<\/li>\n<li>Ensure that the outriggers retract smoothly and uniformly, aligning with the crane&#8217;s body for safe transportation.<\/li>\n<\/ul>\n<h2><strong>K\u0101 atgaisot traktora hidraulisko sist\u0113mu?<\/strong><\/h2>\n<p>Bleeding air from a tractor hydraulic system is crucial to maintain optimal performance and prevent issues like reduced responsiveness and erratic behavior. Here&#8217;s a step-by-step guide on how to bleed air from a tractor hydraulic system:<\/p>\n<ol>\n<li><strong>Identific\u0113jiet asi\u0146o\u0161anas punktus:<\/strong>\n<ul>\n<li>Nosakiet hidraulisk\u0101s sist\u0113mas vietas, kur var uzkr\u0101ties gaiss. Bie\u017ei sastopamie atgaiso\u0161anas punkti ir gaisa atgaiso\u0161anas v\u0101rsti, atgaiso\u0161anas skr\u016bves vai savienojumi ar no\u0146emamiem v\u0101ci\u0146iem.<\/li>\n<li>Consult the tractor&#8217;s manual or manufacturer guidelines for specific information on bleed points.<\/li>\n<\/ul>\n<\/li>\n<li><strong>Sagatavojiet sist\u0113mu:<\/strong>\n<ul>\n<li>P\u0101rliecinieties, ka traktors ir izsl\u0113gts un hidrauliskais spiediens ir piln\u012bb\u0101 atbr\u012bvots.<\/li>\n<li>Atrodiet hidraulisk\u0101 \u0161\u0137idruma rezervu\u0101ru un p\u0101rbaudiet \u0161\u0137idruma l\u012bmeni. Uzturiet \u0161\u0137idruma l\u012bmeni ieteicamaj\u0101 diapazon\u0101.<\/li>\n<\/ul>\n<\/li>\n<li><strong>S\u0101ciet no zem\u0101k\u0101 punkta:<\/strong>\n<ul>\n<li>S\u0101ciet atgaiso\u0161anas procesu hidraulisk\u0101s sist\u0113mas zem\u0101kaj\u0101 punkt\u0101, kur var uzkr\u0101ties gaiss.<\/li>\n<li>Atskr\u016bv\u0113jiet gaisa izlai\u0161anas v\u0101rstu vai no\u0146emiet stiprin\u0101juma v\u0101ci\u0146u, lai atsegtu izlai\u0161anas skr\u016bvi.<\/li>\n<\/ul>\n<\/li>\n<li><strong>Atveriet izlai\u0161anas punktu:<\/strong>\n<ul>\n<li>Izmantojiet piem\u0113rotu instrumentu, piem\u0113ram, uzgrie\u017e\u0146u atsl\u0113gu vai skr\u016bvgriezi, lai l\u0113n\u0101m atv\u0113rtu gaisa izlai\u0161anas v\u0101rstu vai atskr\u016bv\u0113tu izlai\u0161anas skr\u016bvi.<\/li>\n<li>Esiet uzman\u012bgi, lai piln\u012bb\u0101 neiz\u0146emtu v\u0101rstu vai skr\u016bvi, jo tas var izrais\u012bt \u0161\u0137idruma nopl\u016bdi.<\/li>\n<\/ul>\n<\/li>\n<li><strong>Att\u012br\u012bt gaisu:<\/strong>\n<ul>\n<li>Atverot izpl\u016bdes vietu, kop\u0101 ar hidraulisko \u0161\u0137idrumu var s\u0101kt izpl\u016bst gaisa burbu\u013ci.<\/li>\n<li>\u013baujiet gaisam izvad\u012bties no sist\u0113mas, l\u012bdz tiek nov\u0113rota vienm\u0113r\u012bga \u0161\u0137idruma pl\u016bsma bez gaisa burbu\u013ciem.<\/li>\n<li>Sagatavojiet trauku vai absorb\u0113jo\u0161u materi\u0101lu, lai sav\u0101ktu \u0161\u0137idrumu, kas var\u0113tu izl\u012bt \u0161\u012b procesa laik\u0101.<\/li>\n<\/ul>\n<\/li>\n<li><strong>Aizveriet izvirz\u012bjuma punktu:<\/strong>\n<ul>\n<li>Kad gaiss ir izvad\u012bts, aizveriet gaisa izlai\u0161anas v\u0101rstu vai cie\u0161i pievelciet izlai\u0161anas skr\u016bvi.<\/li>\n<li>P\u0101rliecinieties, vai v\u0101rsts vai skr\u016bve ir pareizi nosl\u0113gta, lai nov\u0113rstu turpm\u0101ku gaisa iek\u013c\u016b\u0161anu.<\/li>\n<\/ul>\n<\/li>\n<li><strong>P\u0101riet uz n\u0101kamo izvirz\u012bjuma punktu:<\/strong>\n<ul>\n<li>P\u0101rejiet uz n\u0101kamo augst\u0101ko punktu sist\u0113m\u0101, kur var uzkr\u0101ties gaiss, un atk\u0101rtojiet 4.\u20136. darb\u012bbu.<\/li>\n<li>Turpiniet sist\u0113mas atgaiso\u0161anu katr\u0101 identific\u0113taj\u0101 atgaiso\u0161anas punkt\u0101, virzoties uz aug\u0161u l\u012bdz augst\u0101kajam punktam.<\/li>\n<\/ul>\n<\/li>\n<li><strong>P\u0101rbaudiet \u0161\u0137idruma l\u012bmeni:<\/strong>\n<ul>\n<li>Vis\u0101 asi\u0146o\u0161anas proces\u0101 j\u0101uzrauga \u0161\u0137idruma l\u012bmenis rezervu\u0101r\u0101 un, ja nepiecie\u0161ams, j\u0101papildina.<\/li>\n<li>Use the recommended hydraulic fluid specified in the tractor&#8217;s manual or by the manufacturer.<\/li>\n<\/ul>\n<\/li>\n<li><strong>P\u0101rbaude un verifik\u0101cija:<\/strong>\n<ul>\n<li>P\u0113c visu identific\u0113to punktu atgaiso\u0161anas iedarbiniet traktoru un darbiniet hidraulisko sist\u0113mu, lai nodro\u0161in\u0101tu pareizu darb\u012bbu.<\/li>\n<li>P\u0101rbaudiet, vai nav k\u0101das porainas reakcijas paz\u012bmes, neparastu trok\u0161\u0146u vai neparastas uzved\u012bbas paz\u012bmes.<\/li>\n<li>Ja probl\u0113mas joproj\u0101m past\u0101v, atk\u0101rtojiet atgaiso\u0161anas procesu vai konsult\u0113jieties ar kvalific\u0113tu tehni\u0137i, lai sa\u0146emtu papildu pal\u012bdz\u012bbu.<\/li>\n<\/ul>\n<\/li>\n<\/ol>\n<h2><strong>R\u016bpn\u012bcas iesp\u0113jas un jauda:<\/strong><\/h2>\n<h3>(1) Mont\u0101\u017ea<\/h3>\n<p>Mums ir pirmklas\u012bga neatkar\u012bga p\u0113tniec\u012bbas un att\u012bst\u012bbas mont\u0101\u017eas platforma. Hidraulisko cilindru ra\u017eo\u0161anas darbn\u012bc\u0101 ir \u010detras pusautom\u0101tiskas pacel\u0161anas cilindru mont\u0101\u017eas l\u012bnijas un viena autom\u0101tisk\u0101 sl\u012bpuma cilindru mont\u0101\u017eas l\u012bnija ar projekt\u0113to gada ra\u017eo\u0161anas jaudu 1 miljons vien\u012bbu. Speci\u0101lo cilindru darbn\u012bca ir apr\u012bkota ar da\u017e\u0101du specifik\u0101ciju pusautom\u0101tisku t\u012br\u012b\u0161anas mont\u0101\u017eas sist\u0113mu ar projekt\u0113to gada ra\u017eo\u0161anas jaudu 200 000 vien\u012bbu un apr\u012bkota ar slaven\u0101m CNC apstr\u0101des iek\u0101rt\u0101m, apstr\u0101des centru, augstas precizit\u0101tes cilindru apstr\u0101des speci\u0101lo apr\u012bkojumu, robotiz\u0113tu metin\u0101\u0161anas iek\u0101rtu, autom\u0101tisku t\u012br\u012b\u0161anas iek\u0101rtu, autom\u0101tisku cilindru mont\u0101\u017eas iek\u0101rtu un autom\u0101tisku kr\u0101so\u0161anas ra\u017eo\u0161anas l\u012bniju. Eso\u0161ais kritiskais apr\u012bkojums ir vair\u0101k nek\u0101 300 komplektu (komplektu). Optim\u0101la iek\u0101rtu resursu sadale un efekt\u012bva izmanto\u0161ana nodro\u0161ina produktu precizit\u0101tes pras\u012bbas un apmierina produktu augst\u0101s kvalit\u0101tes pras\u012bbas.<\/p>\n<p><img loading=\"lazy\" decoding=\"async\" class=\"alignnone wp-image-626\" src=\"https:\/\/hydraulic-cylinders.net\/wp-content\/uploads\/2023\/08\/hydraulic-cylinder-product-1-300x158.webp\" alt=\"\" width=\"495\" height=\"260\" srcset=\"https:\/\/hydraulic-cylinders.net\/wp-content\/uploads\/2023\/08\/hydraulic-cylinder-product-1-300x158.webp 495w, https:\/\/hydraulic-cylinders.net\/wp-content\/uploads\/2023\/08\/hydraulic-cylinder-product-1-480x252.webp 480w\" sizes=\"(min-width: 0px) and (max-width: 480px) 480px, (min-width: 481px) 495px, 100vw\" \/> <img loading=\"lazy\" decoding=\"async\" class=\"alignnone wp-image-627\" src=\"https:\/\/hydraulic-cylinders.net\/wp-content\/uploads\/2023\/08\/hydraulic-cylinder-product-2-300x189.webp\" alt=\"\" width=\"413\" height=\"260\" \/><\/p>\n<h3>(2) Apstr\u0101de<\/h3>\n<p>Apstr\u0101des cehs ir apr\u012bkots ar piel\u0101gotu sl\u012bpo slie\u017eu virpo\u0161anas centru, apstr\u0101des centru, \u0101trgaitas asin\u0101\u0161anas ma\u0161\u012bnu, metin\u0101\u0161anas robotu un citu saist\u012btu apr\u012bkojumu, kas var apstr\u0101d\u0101t cilindriskas caurules ar maksim\u0101lo iek\u0161\u0113jo diametru 400 mm un maksim\u0101lo garumu 6 metri.<\/p>\n<p><img loading=\"lazy\" decoding=\"async\" class=\"alignnone wp-image-628 size-large\" src=\"https:\/\/hydraulic-cylinders.net\/wp-content\/uploads\/2023\/08\/hydraulic-cylinder-product-3-1024x391.webp\" alt=\"\" width=\"1024\" height=\"391\" srcset=\"https:\/\/hydraulic-cylinders.net\/wp-content\/uploads\/2023\/08\/hydraulic-cylinder-product-3-980x374.webp 980w, https:\/\/hydraulic-cylinders.net\/wp-content\/uploads\/2023\/08\/hydraulic-cylinder-product-3-480x183.webp 480w\" sizes=\"(min-width: 0px) and (max-width: 480px) 480px, (min-width: 481px) and (max-width: 980px) 980px, (min-width: 981px) 1024px, 100vw\" \/><\/p>\n<h3>(3) Metin\u0101\u0161ana<\/h3>\n<p><img loading=\"lazy\" decoding=\"async\" class=\"alignnone wp-image-629 size-large\" src=\"https:\/\/hydraulic-cylinders.net\/wp-content\/uploads\/2023\/08\/hydraulic-cylinder-product-4-1024x510.webp\" alt=\"\" width=\"1024\" height=\"510\" srcset=\"https:\/\/hydraulic-cylinders.net\/wp-content\/uploads\/2023\/08\/hydraulic-cylinder-product-4-980x488.webp 980w, https:\/\/hydraulic-cylinders.net\/wp-content\/uploads\/2023\/08\/hydraulic-cylinder-product-4-480x239.webp 480w\" sizes=\"(min-width: 0px) and (max-width: 480px) 480px, (min-width: 481px) and (max-width: 980px) 980px, (min-width: 981px) 1024px, 100vw\" \/><\/p>\n<h3>(4) Kr\u0101so\u0161ana un p\u0101rkl\u0101\u0161ana<\/h3>\n<p>Ar maz\u0101m un vid\u0113ja izm\u0113ra cilindrisk\u0101m autom\u0101tisk\u0101m \u016bdens b\u0101zes kr\u0101su p\u0101rkl\u0101\u0161anas l\u012bnij\u0101m, lai pan\u0101ktu autom\u0101tisku robotu iekrau\u0161anu un izkrau\u0161anu un autom\u0101tisku izsmidzin\u0101\u0161anu, projekt\u0113t\u0101 jauda ir 4000 gabali mai\u0146\u0101;<br \/>\nMums ir ar\u012b pusautom\u0101tiska kr\u0101su ra\u017eo\u0161anas l\u012bnija lieliem baloniem, ko darbina \u0137\u0113des piedzi\u0146a, ar 60 kastu konstrukcijas jaudu vien\u0101 mai\u0146\u0101.<\/p>\n<p><img loading=\"lazy\" decoding=\"async\" class=\"alignnone wp-image-630\" src=\"https:\/\/hydraulic-cylinders.net\/wp-content\/uploads\/2023\/08\/hydraulic-cylinder-product-5-300x213.webp\" alt=\"\" width=\"366\" height=\"260\" \/> <img loading=\"lazy\" decoding=\"async\" class=\"alignnone wp-image-631\" src=\"https:\/\/hydraulic-cylinders.net\/wp-content\/uploads\/2023\/08\/hydraulic-cylinder-product-6-300x225.webp\" alt=\"\" width=\"347\" height=\"260\" \/><\/p>\n<h3>(5) Test\u0113\u0161ana<\/h3>\n<p>Mums ir augst\u0101k\u0101s klases p\u0101rbaudes iek\u0101rtas un test\u0113\u0161anas stendi, lai nodro\u0161in\u0101tu, ka balona veiktsp\u0113ja atbilst pras\u012bb\u0101m.<\/p>\n<p><img loading=\"lazy\" decoding=\"async\" class=\"alignnone wp-image-632\" src=\"https:\/\/hydraulic-cylinders.net\/wp-content\/uploads\/2023\/08\/hydraulic-cylinder-product-8-300x200.webp\" alt=\"\" width=\"389\" height=\"260\" \/><\/p>\n<p>&nbsp;<\/p>\n<p>&nbsp;<\/p>\n<p>M\u0113s esam viens no lab\u0101kajiem hidraulisko cilindru ra\u017eot\u0101jiem. M\u0113s varam pied\u0101v\u0101t visaptvero\u0161us hidrauliskos cilindrus. M\u0113s nodro\u0161in\u0101m ar\u012b atbilsto\u0161us <a href=\"https:\/\/hzpt.com\/agricultural-pto-gearbox\/\" target=\"_blank\" rel=\"noopener\">lauksaimniec\u012bbas p\u0101rnesumk\u0101rbas<\/a>. M\u0113s esam eksport\u0113ju\u0161i savus produktus klientiem vis\u0101 pasaul\u0113 un esam ieguvu\u0161i labu reput\u0101ciju, pateicoties m\u016bsu izcilajai produktu kvalit\u0101tei un p\u0113cp\u0101rdo\u0161anas servisam. M\u0113s aicin\u0101m klientus no valsts un \u0101rvalst\u012bm sazin\u0101ties ar mums, lai risin\u0101tu biznesa sarunas, apmain\u012btos ar inform\u0101ciju un... <a href=\"https:\/\/www.hydraulic-cylinders.net\/lv\/contact-us\/\">sadarboties ar mums<\/a>!<\/p>","protected":false},"excerpt":{"rendered":"<p>Mobile Crane Outrigger Cylinder The mobile crane outrigger cylinder is a critical component in mobile crane systems, designed to provide stability and safety during lifting operations. This hydraulic cylinder is specifically engineered to extend and retract the outrigger beams of the crane, ensuring a solid foundation and preventing tipping or instability. The mobile crane outrigger [&hellip;]<\/p>","protected":false},"featured_media":1561,"comment_status":"open","ping_status":"closed","template":"","meta":{"_et_pb_use_builder":"","_et_pb_old_content":"","_et_gb_content_width":""},"product_brand":[],"product_cat":[1514,1549],"product_tag":[1380],"class_list":{"0":"post-1555","1":"product","2":"type-product","3":"status-publish","4":"has-post-thumbnail","6":"product_cat-mobile-crane-hydraulic-cylinders","7":"product_cat-single-acting-hydraulic-cylinder","8":"product_tag-hydraulic-cylinder","10":"first","11":"instock","12":"shipping-taxable","13":"product-type-simple"},"amp_enabled":true,"_links":{"self":[{"href":"https:\/\/www.hydraulic-cylinders.net\/lv\/wp-json\/wp\/v2\/product\/1555","targetHints":{"allow":["GET"]}}],"collection":[{"href":"https:\/\/www.hydraulic-cylinders.net\/lv\/wp-json\/wp\/v2\/product"}],"about":[{"href":"https:\/\/www.hydraulic-cylinders.net\/lv\/wp-json\/wp\/v2\/types\/product"}],"replies":[{"embeddable":true,"href":"https:\/\/www.hydraulic-cylinders.net\/lv\/wp-json\/wp\/v2\/comments?post=1555"}],"wp:featuredmedia":[{"embeddable":true,"href":"https:\/\/www.hydraulic-cylinders.net\/lv\/wp-json\/wp\/v2\/media\/1561"}],"wp:attachment":[{"href":"https:\/\/www.hydraulic-cylinders.net\/lv\/wp-json\/wp\/v2\/media?parent=1555"}],"wp:term":[{"taxonomy":"product_brand","embeddable":true,"href":"https:\/\/www.hydraulic-cylinders.net\/lv\/wp-json\/wp\/v2\/product_brand?post=1555"},{"taxonomy":"product_cat","embeddable":true,"href":"https:\/\/www.hydraulic-cylinders.net\/lv\/wp-json\/wp\/v2\/product_cat?post=1555"},{"taxonomy":"product_tag","embeddable":true,"href":"https:\/\/www.hydraulic-cylinders.net\/lv\/wp-json\/wp\/v2\/product_tag?post=1555"}],"curies":[{"name":"wp","href":"https:\/\/api.w.org\/{rel}","templated":true}]}}