{"id":15555,"date":"2025-01-19T14:40:38","date_gmt":"2025-01-19T14:40:38","guid":{"rendered":"https:\/\/www.hydraulic-cylinders.net\/product\/bucket-cylinder-for-lovol-small-excavator-fr150d\/"},"modified":"2025-01-19T14:40:40","modified_gmt":"2025-01-19T14:40:40","slug":"bucket-cylinder-for-lovol-small-excavator-fr150d","status":"publish","type":"product","link":"https:\/\/www.hydraulic-cylinders.net\/lv\/products\/bucket-cylinder-for-lovol-small-excavator-fr150d\/","title":{"rendered":"Kausa cilindrs Lovol mazajam ekskavatoram FR150D"},"content":{"rendered":"<h1>Kausa cilindrs Lovol mazajam ekskavatoram FR150D<\/h1>\n<h2>Ievads<\/h2>\n<p>Kausa cilindrs ir speci\u0101li izstr\u0101d\u0101ts hidrauliskais cilindrs, ko izmanto, lai kontrol\u0113tu kausa kust\u012bbu smagaj\u0101s ma\u0161\u012bn\u0101s, piem\u0113ram, ekskavatoros, iekr\u0101v\u0113jos ar ekskavatoru un front\u0101lajos iekr\u0101v\u0113jos. T\u0101 galven\u0101 funkcija ir pacelt, nolaist un noliekt kausu, atvieglojot da\u017e\u0101du materi\u0101lu transport\u0113\u0161anas uzdevumu veik\u0161anu. Hidrauliskaj\u0101 sist\u0113m\u0101 kausa cilindrs prec\u012bzi kontrol\u0113 kausa kust\u012bbu, mainot hidraulisk\u0101s e\u013c\u013cas spiedienu, \u013caujot operatoram efekt\u012bvi apstr\u0101d\u0101t smagas kravas un piel\u0101goties sare\u017e\u0123\u012btai darba videi un da\u017e\u0101d\u0101m ekspluat\u0101cijas pras\u012bb\u0101m.<\/p>\n<p><img decoding=\"async\" src=\"https:\/\/www.hydraulic-cylinders.net\/wp-content\/uploads\/2025\/01\/songte-company-2.webp\" alt=\"Kausa cilindrs\"><\/p>\n<h2>Funkcijas<\/h2>\n<ul>\n<li>Augsta iztur\u012bba un ilgm\u016b\u017e\u012bba: Parasti izgatavots no augstas stipr\u012bbas t\u0113rauda vai alum\u012bnija, tas var iztur\u0113t augstu spiedienu un lielas slodzes, piel\u0101goties skarbai darba videi un ir konstru\u0113ts t\u0101, lai nodro\u0161in\u0101tu nodilumiztur\u012bbu un korozijas iztur\u012bbu, lai pagarin\u0101tu kalpo\u0161anas laiku.<\/li>\n<li>Efekt\u012bva hidraulisk\u0101 darb\u012bba: vienm\u0113r\u012bgas izstiep\u0161anas un sarau\u0161an\u0101s darb\u012bbas tiek pan\u0101ktas, izmantojot hidraulisk\u0101s e\u013c\u013cas spiedienu, \u0101tri rea\u0123\u0113jot uz vad\u012bbas komand\u0101m, nodro\u0161inot sp\u0113c\u012bgus stum\u0161anas un vilk\u0161anas sp\u0113kus, un ir piem\u0113rotas smagu kravu apstr\u0101dei un sare\u017e\u0123\u012btiem ekspluat\u0101cijas uzdevumiem.<\/li>\n<li>Da\u017e\u0101di veidi: vienas darb\u012bbas (hidrauliski tiek izmantoti tikai vien\u0101 virzien\u0101) vai divk\u0101r\u0161as darb\u012bbas (hidrauliski tiek izmantoti abos virzienos) cilindrus var izv\u0113l\u0113ties atbilsto\u0161i pras\u012bb\u0101m, lai apmierin\u0101tu da\u017e\u0101das ekspluat\u0101cijas vajadz\u012bbas. Da\u017ei mode\u013ci ir teleskopiski, kas \u013cauj tos pagarin\u0101t, nepalielinot \u0101r\u0113jos izm\u0113rus, un ir piem\u0113roti lieto\u0161anai ierobe\u017eot\u0101 telp\u0101.<\/li>\n<li>Viegli nomain\u0101ms: m\u016bsu produkts var lieliski aizst\u0101t \u0161os hidrauliskos cilindrus.<\/li>\n<\/ul>\n<p><img decoding=\"async\" src=\"https:\/\/www.hydraulic-cylinders.net\/wp-content\/uploads\/2025\/01\/songte-cylinder-head-with-all-kinds-excavator-models.webp\" alt=\"Kausa cilindrs\"><\/p>\n<h2>Pieteikumi<\/h2>\n<ul>\n<li>B\u016bvniec\u012bbas apr\u012bkojums: ekskavatoros tie ir nepiecie\u0161ami rak\u0161anai, iekrau\u0161anai un augsnes vai gru\u017eu p\u0101rvieto\u0161anai. Ekskavatoros-iekr\u0101v\u0113jos kausa cilindri pal\u012bdz gan rak\u0161an\u0101, gan cel\u0161an\u0101. <\/li>\n<li>Lauksaimniec\u012bbas tehnika: Izmanto uz front\u0101liem iekr\u0101v\u0113jiem augsnes, siena un citu materi\u0101lu sav\u0101k\u0161anai, cel\u0161anai un transport\u0113\u0161anai. <\/li>\n<li>Ekskavatori: Kausa cilindri nodro\u0161ina rak\u0161anas darb\u012bbu, \u013caujot kausam iek\u013c\u016bt augsn\u0113. <\/li>\n<li>Iekr\u0101v\u0113ji: Front\u0101lie iekr\u0101v\u0113ji pal\u012bdz efekt\u012bvi pacelt un izkraut kravu. <\/li>\n<\/ul>\n<h2>Dizaina apsv\u0113rumi un atlases krit\u0113riji<\/h2>\n<ul>\n<li>Nestsp\u0113ja: Cilindram j\u0101sp\u0113j iztur\u0113t kravas svaru. <\/li>\n<li>Bl\u012bv\u0113jums: Lai nov\u0113rstu hidraulisk\u0101s e\u013c\u013cas nopl\u016bdi, tiek izmantoti da\u017e\u0101di bl\u012bv\u0113jumi, tostarp virzu\u013ca bl\u012bv\u0113jumi, stie\u0146a bl\u012bv\u0113jumi un stikla t\u012br\u012bt\u0101ju bl\u012bv\u0113jumi. \u0160ie bl\u012bv\u0113jumi ir izgatavoti no nodilumiztur\u012bgiem materi\u0101liem, piem\u0113ram, poliuret\u0101na un nitrila gumijas. <\/li>\n<li>Iztur\u012bba: Balonam j\u0101sp\u0113j iztur\u0113t skarbu darba vidi, tostarp augstu spiedienu, lielas slodzes un koroziju. <\/li>\n<li>Dro\u0161\u012bba: Balonam j\u0101b\u016bt konstru\u0113tam t\u0101, lai nov\u0113rstu negad\u012bjumus, tostarp nodro\u0161inot aizsardz\u012bbu pret p\u0101rspiedienu, aizsardz\u012bbu pret p\u0101rslodzi un av\u0101rijas aptur\u0113\u0161anu. <\/li>\n<li>Uzturam\u012bba: Balonam j\u0101b\u016bt viegli apkopjamam un remont\u0113jamam, tostarp j\u0101nodro\u0161ina \u0113rta piek\u013cuve iek\u0161\u0113j\u0101m sast\u0101vda\u013c\u0101m un nolietoto deta\u013cu nomai\u0146a. <\/li>\n<\/ul>\n<p><img decoding=\"async\" src=\"https:\/\/www.hydraulic-cylinders.net\/wp-content\/uploads\/2025\/01\/songte-oil-pipes-and-spare-parts.webp\" alt=\"Kausa cilindrs\"><\/p>\n<h2>Bl\u012bv\u0113\u0161ana un e\u013c\u013co\u0161ana<\/h2>\n<p>Lai nodro\u0161in\u0101tu, ka kausa cilindrs nepie\u013cauj hidraulisk\u0101s e\u013c\u013cas nopl\u016bdi, tiek izmantoti da\u017e\u0101di bl\u012bv\u0113jumi. \u0160ie bl\u012bv\u0113jumi ietver virzu\u013ca bl\u012bv\u0113jumus, stie\u0146a bl\u012bv\u0113jumus un t\u012br\u012bt\u0101ja bl\u012bv\u0113jumus. Bl\u012bv\u0113jumi ir izgatavoti no nodilumiztur\u012bgiem materi\u0101liem, piem\u0113ram, poliuret\u0101na un nitrila gumijas. Cilindra korpuss un v\u012btnes gala virsma ir smalki apstr\u0101d\u0101ta, lai uzlabotu nodilumiztur\u012bbu. Lai nodro\u0161in\u0101tu pareizu darb\u012bbu un ilgm\u016b\u017e\u012bbu, kausa cilindram ir nepiecie\u0161ama regul\u0101ra e\u013c\u013co\u0161ana ar hidraulisko e\u013c\u013cu.<\/p>\n<h2>Apkope un remonts<\/h2>\n<p>Regul\u0101ras p\u0101rbaudes, pareiza e\u013c\u013co\u0161ana, bl\u012bvju nomai\u0146a un kalibr\u0113\u0161anas p\u0101rbaudes ir bie\u017ei veicami apkopes darbi. Pareiza uzst\u0101d\u012b\u0161ana, e\u013c\u013co\u0161ana un regul\u0113\u0161ana ir \u013coti svar\u012bga, lai nodro\u0161in\u0101tu kausa cilindra pareizu darb\u012bbu. Uzst\u0101d\u012b\u0161anas laik\u0101 ir svar\u012bgi pareizi izl\u012bdzin\u0101t cilindru un izmantot atbilsto\u0161us uzst\u0101d\u012b\u0161anas kron\u0161teinus, lai nostiprin\u0101tu cilindru. Lai pagarin\u0101tu cilindra kalpo\u0161anas laiku, ieteicams veikt p\u0101rbaudes, remonta un nomai\u0146as proced\u016bru.<\/p>\n<p><img decoding=\"async\" src=\"https:\/\/www.hydraulic-cylinders.net\/wp-content\/uploads\/2025\/01\/songte-chushion-collar.webp\" alt=\"Kausa cilindrs\"><\/p>\n<h2>Dro\u0161\u012bbas un vides apsv\u0113rumi<\/h2>\n<p>Izmantojot kausa cilindru, j\u0101\u0146em v\u0113r\u0101 dro\u0161\u012bbas pas\u0101kumi, lai nov\u0113rstu negad\u012bjumus. Cilindrs regul\u0101ri j\u0101p\u0101rbauda, \u200b\u200blai p\u0101rliecin\u0101tos, ka tas ir lab\u0101 st\u0101vokl\u012b. Svar\u012bgi ir \u0146emt v\u0113r\u0101 ar\u012b vides faktorus. Pareiza hidraulisk\u0101s e\u013c\u013cas un citu materi\u0101lu utiliz\u0101cija ir b\u016btiska, lai nov\u0113rstu vides pies\u0101r\u0146ojumu.<\/p>\n<h2>Probl\u0113mu nov\u0113r\u0161ana un bie\u017ei sastopamas probl\u0113mas<\/h2>\n<ul>\n<li>L\u0113na darb\u012bba: Tas var b\u016bt saist\u012bts ar zemu hidraulisk\u0101s e\u013c\u013cas spiedienu, boj\u0101tu v\u0101rstu vai boj\u0101tu bl\u012bv\u0113jumu. <\/li>\n<li>Hidraulisk\u0101s e\u013c\u013cas nopl\u016bde: Tas var\u0113tu b\u016bt boj\u0101ta bl\u012bv\u0113juma vai plaisas cilindr\u0101 rezult\u0101ts. <\/li>\n<li>Trok\u0161\u0146aina darb\u012bba: To var izrais\u012bt gaiss hidrauliskaj\u0101 sist\u0113m\u0101, boj\u0101ti bl\u012bv\u0113jumi vai nodilu\u0161as deta\u013cas. <\/li>\n<\/ul>\n<p>Regul\u0101ras p\u0101rbaudes un atbilsto\u0161a apkope var pal\u012bdz\u0113t nov\u0113rst \u0161\u012bs probl\u0113mas.<\/p>\n<p><img decoding=\"async\" src=\"https:\/\/www.hydraulic-cylinders.net\/wp-content\/uploads\/2025\/01\/songte-bushings-with-all-kinds-of-excavator-models.webp\" alt=\"Kausa cilindrs\"><\/p>\n<h2>Par mums<\/h2>\n<p>M\u0113s esam rezerves hidraulisko cilindru ra\u017eot\u0101js ar pilnu produktu kl\u0101stu. Esam k\u013cuvu\u0161i par vienu no vado\u0161ajiem hidraulisko cilindru ra\u017eot\u0101jiem un vairumtirgot\u0101jiem viet\u0113j\u0101 un starptautiskaj\u0101 tirg\u016b. M\u0113s iev\u0113rojam izcilas kvalit\u0101tes principu un pa\u013caujamies uz smalkra\u017eo\u0161anas darbn\u012bcu industrializ\u0113to ra\u017eo\u0161anas vad\u012bbas strat\u0113\u0123iju. M\u0113s nep\u0101rtraukti uzlabojam darbn\u012bcas ra\u017eo\u0161anas platformu tehnisko talantu, augstas klases digit\u0101lo ra\u017eo\u0161anas iek\u0101rtu un profesion\u0101lu test\u0113\u0161anas sist\u0113mu zi\u0146\u0101, un mums ir sp\u0113c\u012bgas rad\u012b\u0161anas sp\u0113jas. M\u0113s apmierin\u0101m klientu da\u017e\u0101d\u0101s vajadz\u012bbas ar augstu efektivit\u0101ti, augstu precizit\u0101ti un augstas kvalit\u0101tes produktiem.<\/p>\n<ul>\n<li>Profesionalit\u0101te: Mums ir pieredz\u0113ju\u0161u profesion\u0101\u013cu komanda, kas ir velt\u012bta augstas kvalit\u0101tes hidraulisko cilindru ra\u017eo\u0161anai. <\/li>\n<li>Starptautisk\u0101 sertifik\u0101cija: M\u016bsu produkti ir sertific\u0113ti da\u017e\u0101d\u0101s starptautisk\u0101s organiz\u0101cij\u0101s un atbilst visiem attiec\u012bgajiem dro\u0161\u012bbas un vides standartiem. <\/li>\n<li>Piel\u0101gots pakalpojums: m\u0113s varam piel\u0101got hidrauliskos cilindrus atbilsto\u0161i klientu \u012bpa\u0161aj\u0101m vajadz\u012bb\u0101m. <\/li>\n<li>Ra\u017eo\u0161anas iek\u0101rtas: M\u0113s izmantojam jaun\u0101k\u0101s ra\u017eo\u0161anas iek\u0101rtas un tehnolo\u0123ijas, lai ra\u017eotu augstas kvalit\u0101tes hidrauliskos cilindrus. <\/li>\n<li>P\u0113cp\u0101rdo\u0161anas serviss: M\u0113s pied\u0101v\u0101jam lielisku p\u0113cp\u0101rdo\u0161anas servisu, lai nodro\u0161in\u0101tu, ka m\u016bsu klienti ir apmierin\u0101ti ar m\u016bsu produktiem.<\/li>\n<\/ul>\n<p><img decoding=\"async\" src=\"https:\/\/hzpt.com\/wp-content\/uploads\/2024\/11\/songte-company-1.webp\" alt=\"Kausa cilindrs\"><\/p>\n<p>Autors: lil<\/p>","protected":false},"excerpt":{"rendered":"<p>Bucket Cylinder For Lovol Small Excavator FR150D Introduction The bucket cylinder is a specially designed hydraulic cylinder used to control the movement of the bucket in heavy machinery such as excavators, backhoe loaders, and front loaders. Its main function is to lift, lower, and tilt the bucket, making it easier to handle various material transport [&hellip;]<\/p>","protected":false},"featured_media":14785,"comment_status":"open","ping_status":"closed","template":"","meta":{"_et_pb_use_builder":"","_et_pb_old_content":"","_et_gb_content_width":""},"product_brand":[],"product_cat":[1494],"product_tag":[1495,1496],"class_list":{"0":"post-15555","1":"product","2":"type-product","3":"status-publish","4":"has-post-thumbnail","6":"product_cat-bucket-cylinders","7":"product_tag-bucket-cylinders","8":"product_tag-hydraulic-cylinders","10":"first","11":"instock","12":"shipping-taxable","13":"product-type-simple"},"amp_enabled":true,"_links":{"self":[{"href":"https:\/\/www.hydraulic-cylinders.net\/lv\/wp-json\/wp\/v2\/product\/15555","targetHints":{"allow":["GET"]}}],"collection":[{"href":"https:\/\/www.hydraulic-cylinders.net\/lv\/wp-json\/wp\/v2\/product"}],"about":[{"href":"https:\/\/www.hydraulic-cylinders.net\/lv\/wp-json\/wp\/v2\/types\/product"}],"replies":[{"embeddable":true,"href":"https:\/\/www.hydraulic-cylinders.net\/lv\/wp-json\/wp\/v2\/comments?post=15555"}],"wp:featuredmedia":[{"embeddable":true,"href":"https:\/\/www.hydraulic-cylinders.net\/lv\/wp-json\/wp\/v2\/media\/14785"}],"wp:attachment":[{"href":"https:\/\/www.hydraulic-cylinders.net\/lv\/wp-json\/wp\/v2\/media?parent=15555"}],"wp:term":[{"taxonomy":"product_brand","embeddable":true,"href":"https:\/\/www.hydraulic-cylinders.net\/lv\/wp-json\/wp\/v2\/product_brand?post=15555"},{"taxonomy":"product_cat","embeddable":true,"href":"https:\/\/www.hydraulic-cylinders.net\/lv\/wp-json\/wp\/v2\/product_cat?post=15555"},{"taxonomy":"product_tag","embeddable":true,"href":"https:\/\/www.hydraulic-cylinders.net\/lv\/wp-json\/wp\/v2\/product_tag?post=15555"}],"curies":[{"name":"wp","href":"https:\/\/api.w.org\/{rel}","templated":true}]}}