{"id":15578,"date":"2025-01-19T14:42:24","date_gmt":"2025-01-19T14:42:24","guid":{"rendered":"https:\/\/www.hydraulic-cylinders.net\/product\/bucket-cylinder-for-liugong-middle-excavator-clg925d-925e\/"},"modified":"2025-01-19T14:42:26","modified_gmt":"2025-01-19T14:42:26","slug":"bucket-cylinder-for-liugong-middle-excavator-clg925d-925e","status":"publish","type":"product","link":"https:\/\/www.hydraulic-cylinders.net\/lv\/products\/bucket-cylinder-for-liugong-middle-excavator-clg925d-925e\/","title":{"rendered":"Kausa cilindrs Liugong vid\u0113ja izm\u0113ra ekskavatoram CLG925D\/925E"},"content":{"rendered":"<h1>Kausa cilindrs Liugong vid\u0113j\u0101 ekskavatora CLG925D\/925E<\/h1>\n<h2>Ievads<\/h2>\n<p>Kausa cilindrs ir speci\u0101li izstr\u0101d\u0101ts hidrauliskais cilindrs, ko galvenok\u0101rt izmanto, lai kontrol\u0113tu kausa kust\u012bbu smagaj\u0101s ma\u0161\u012bn\u0101s, piem\u0113ram, ekskavatoros, iekr\u0101v\u0113jos ar ekskavatoru un front\u0101lajos iekr\u0101v\u0113jos. T\u0101 galven\u0101 funkcija ir nodro\u0161in\u0101t kausa pacel\u0161anu, nolai\u0161anu un noliek\u0161anu, t\u0101d\u0113j\u0101di atvieglojot da\u017e\u0101du materi\u0101lu apstr\u0101des uzdevumu veik\u0161anu. Hidrauliskaj\u0101 sist\u0113m\u0101 kausa cilindrs pan\u0101k prec\u012bzu kausa vad\u012bbu, mainot hidraulisk\u0101s e\u013c\u013cas spiedienu, \u013caujot operatoriem efekt\u012bvi apstr\u0101d\u0101t smagas kravas, piel\u0101goties sare\u017e\u0123\u012btai darba videi un da\u017e\u0101d\u0101m darba pras\u012bb\u0101m.<\/p>\n<p><img decoding=\"async\" src=\"https:\/\/www.hydraulic-cylinders.net\/wp-content\/uploads\/2025\/01\/songte-company-2.webp\" alt=\"Kausa cilindrs\"><\/p>\n<h2>Funkcijas<\/h2>\n<ul>\n<li>\n<h3>Augsta iztur\u012bba un ilgm\u016b\u017e\u012bba:<\/h3>\n<p> Parasti izgatavots no augstas stipr\u012bbas t\u0113rauda vai alum\u012bnija, tas var iztur\u0113t augstu spiedienu un lielas slodzes, piel\u0101gojoties skarbai darba videi. Tas ir izstr\u0101d\u0101ts, \u0146emot v\u0113r\u0101 nodilumiztur\u012bbu un korozijas iztur\u012bbu, pagarinot t\u0101 kalpo\u0161anas laiku.<\/li>\n<li>\n<h3>Efekt\u012bva hidraulisk\u0101 darb\u012bba:<\/h3>\n<p> Vienm\u0113r\u012bga teleskopisk\u0101 darb\u012bba tiek pan\u0101kta, izmantojot hidraulisk\u0101s e\u013c\u013cas spiedienu, kas var \u0101tri rea\u0123\u0113t uz vad\u012bbas komand\u0101m, nodro\u0161inot sp\u0113c\u012bgu stum\u0161anas un vilk\u0161anas sp\u0113ku, kas ir piem\u0113rots smagu kravu apstr\u0101dei un sare\u017e\u0123\u012btiem darba uzdevumiem.<\/li>\n<li>\n<h3>Da\u017e\u0101di veidi:<\/h3>\n<p> Atkar\u012bb\u0101 no ekspluat\u0101cijas pras\u012bb\u0101m var izv\u0113l\u0113ties vienk\u0101r\u0161as darb\u012bbas (hidraulisk\u0101 sist\u0113ma tiek izmantota tikai vien\u0101 virzien\u0101) vai divk\u0101r\u0161as darb\u012bbas (hidraulisk\u0101 sist\u0113ma tiek izmantota abos virzienos) cilindrus. Da\u017ei mode\u013ci ir teleskopiski, kas \u013cauj tos papla\u0161in\u0101t, nepalielinot \u0101r\u0113jos izm\u0113rus, un ir piem\u0113roti lietojumiem ar ierobe\u017eotu vietu.<\/li>\n<li>\n<h3>M\u016bsu sp\u0113ja ra\u017eot \u0161o produktu:<\/h3>\n<p> M\u016bsu produkts var lieliski aizst\u0101t \u0161os hidrauliskos cilindrus.<\/li>\n<\/ul>\n<p><img decoding=\"async\" src=\"https:\/\/www.hydraulic-cylinders.net\/wp-content\/uploads\/2025\/01\/songte-cylinder-head-with-all-kinds-excavator-models.webp\" alt=\"Produkts\"><\/p>\n<h2>Pieteikumi<\/h2>\n<p>Kausa cilindrs ir b\u016btisks augsnes vai gru\u017eu rak\u0161anai, iekrau\u0161anai un p\u0101rvieto\u0161anai celtniec\u012bbas iek\u0101rt\u0101s, piem\u0113ram, ekskavatoros un ekskavatoros-iekr\u0101v\u0113jos. Turkl\u0101t to izmanto front\u0101lajos iekr\u0101v\u0113jos, lai efekt\u012bvi paceltu un izg\u0101ztu preces. T\u0101l\u0101k ir min\u0113ti da\u017ei no specifiskajiem pielietojumiem:<\/p>\n<ul>\n<li>\n<h3>Celtniec\u012bbas apr\u012bkojums:<\/h3>\n<p> Kausa cilindri ir \u013coti svar\u012bgi augsnes vai gru\u017eu rak\u0161anai, iekrau\u0161anai un p\u0101rvieto\u0161anai ekskavatoros un univers\u0101lajos iekr\u0101v\u0113jos. Kausa cilindrs pal\u012bdz gan rak\u0161an\u0101, gan cel\u0161an\u0101 ekskavatoros-iekr\u0101v\u0113jos.<\/li>\n<li>\n<h3>Lauksaimniec\u012bbas tehnika:<\/h3>\n<p> Izmanto front\u0101lajiem iekr\u0101v\u0113jiem augsnes, siena un citu materi\u0101lu pacel\u0161anai un transport\u0113\u0161anai.<\/li>\n<li>\n<h3>Ekskavatori:<\/h3>\n<p> Kausa cilindrs nodro\u0161ina rak\u0161anas darb\u012bbu, \u013caujot kausam iek\u013c\u016bt augsn\u0113.<\/li>\n<li>\n<h3>Front\u0101lie iekr\u0101v\u0113ji:<\/h3>\n<p> Tie pal\u012bdz efekt\u012bvi pacelt un noliekt kravu.<\/li>\n<\/ul>\n<h2>Dizaina apsv\u0113rumi un atlases krit\u0113riji<\/h2>\n<h3>Dizaina apsv\u0113rumi:<\/h3>\n<ul>\n<li>\n<h4>Nestsp\u0113ja:<\/h4>\n<p> Kausa cilindram j\u0101sp\u0113j iztur\u0113t nepiecie\u0161amo kravnes\u012bbu bez atteices.<\/li>\n<li>\n<h4>Bl\u012bv\u0113jums:<\/h4>\n<p> Cilindram j\u0101b\u016bt pien\u0101c\u012bgi nosl\u0113gtam, lai nov\u0113rstu hidraulisk\u0101 \u0161\u0137idruma nopl\u016bdi.<\/li>\n<li>\n<h4>Iztur\u012bba:<\/h4>\n<p> Balonam j\u0101b\u016bt konstru\u0113tam t\u0101, lai tas iztur\u0113tu skarbus darba apst\u0101k\u013cus un b\u016btu iztur\u012bgs pret nodilumu un koroziju.<\/li>\n<li>\n<h4>Dro\u0161\u012bba:<\/h4>\n<p> Balonam j\u0101b\u016bt konstru\u0113tam t\u0101, lai nodro\u0161in\u0101tu operatora un apk\u0101rt\u0113jo personu dro\u0161\u012bbu.<\/li>\n<li>\n<h4>Apkope:<\/h4>\n<p> Balonam j\u0101b\u016bt konstru\u0113tam t\u0101, lai to b\u016btu viegli apkopt un remont\u0113t.<\/li>\n<\/ul>\n<p><img decoding=\"async\" src=\"https:\/\/www.hydraulic-cylinders.net\/wp-content\/uploads\/2025\/01\/songte-oil-pipes-and-spare-parts.webp\" alt=\"Produkti\"><\/p>\n<h3>Bl\u012bv\u0113\u0161ana un e\u013c\u013co\u0161ana:<\/h3>\n<p>Lai nov\u0113rstu hidraulisk\u0101 \u0161\u0137idruma nopl\u016bdi, tiek izmantoti da\u017e\u0101di bl\u012bv\u0113\u0161anas komponenti, piem\u0113ram, virzu\u013ca bl\u012bvsl\u0113gi \u200b\u200bun stie\u0146a bl\u012bvsl\u0113gi. Bl\u012bv\u0113jumi ir izgatavoti no nodilumiztur\u012bgiem materi\u0101liem, piem\u0113ram, poliuret\u0101na un nitrila gumijas. Cilindra korpuss un v\u012bt\u0146ot\u0101 gala virsma ir smalki apstr\u0101d\u0101ta, lai uzlabotu nodilumiztur\u012bbu. Lai nodro\u0161in\u0101tu pareizu darb\u012bbu, ir nepiecie\u0161ama regul\u0101ra e\u013c\u013co\u0161ana ar piem\u0113rotu hidraulisko e\u013c\u013cu.<\/p>\n<h3>Apkope un remonts:<\/h3>\n<p>Regul\u0101ra p\u0101rbaude, atbilsto\u0161a e\u013c\u013co\u0161ana, bl\u012bvju nomai\u0146a un kalibr\u0113\u0161anas p\u0101rbaudes ir da\u017ei no bie\u017e\u0101k veicamajiem apkopes uzdevumiem. Pareiza uzst\u0101d\u012b\u0161ana, e\u013c\u013co\u0161ana un regul\u0113\u0161ana ir \u013coti svar\u012bga, lai palielin\u0101tu kausa cilindra kalpo\u0161anas laiku. Uzst\u0101d\u012b\u0161anas laik\u0101 ir svar\u012bgi pareizi izl\u012bdzin\u0101t cilindru, un cilindra nostiprin\u0101\u0161anai j\u0101izmanto atbilsto\u0161i uzst\u0101d\u012b\u0161anas kron\u0161teini. Lai uzlabotu cilindra kalpo\u0161anas laiku, tiek sniegtas ieteicam\u0101s p\u0101rbaudes, remonta un nomai\u0146as proced\u016bras, deta\u013cu nomai\u0146a un atjauno\u0161anas pakalpojumi.<\/p>\n<p><img decoding=\"async\" src=\"https:\/\/www.hydraulic-cylinders.net\/wp-content\/uploads\/2025\/01\/songte-chushion-collar.webp\" alt=\"Produkti\"><\/p>\n<h2>Dro\u0161\u012bbas apsv\u0113rumi un vides faktori<\/h2>\n<p>Kausu cilindri ir j\u0101ekspluat\u0113 dro\u0161i, un, tos lietojot, j\u0101veic atbilsto\u0161i dro\u0161\u012bbas pas\u0101kumi. Tas ietver dro\u0161\u012bbas vadl\u012bniju iev\u0113ro\u0161anu, piem\u0113ram, individu\u0101lo aizsardz\u012bbas l\u012bdzek\u013cu lieto\u0161anu un hidraulisk\u0101 apr\u012bkojuma lab\u0101 darba st\u0101vokl\u012b nodro\u0161in\u0101\u0161anu. Ekspluat\u0113jot kausu cilindrus, j\u0101\u0146em v\u0113r\u0101 ar\u012b t\u0101di vides faktori k\u0101 temperat\u016bra, mitrums un korozija.<\/p>\n<h2>Probl\u0113mu nov\u0113r\u0161ana un bie\u017ei sastopamas probl\u0113mas<\/h2>\n<p>\u0160\u012bs ir da\u017eas bie\u017ei sastopamas probl\u0113mas, kas var rasties, lietojot kausu cilindrus:<\/p>\n<ul>\n<li>\n<h3>Hidraulisk\u0101 \u0161\u0137idruma nopl\u016bde:<\/h3>\n<p> Tas var b\u016bt saist\u012bts ar bl\u012bv\u0113jumu vai citu deta\u013cu nodilumu.<\/li>\n<li>\n<h3>Cilindra darb\u012bbas trauc\u0113jumi:<\/h3>\n<p> Cilindrs var nedarboties pareizi da\u017e\u0101du iemeslu d\u0113\u013c, piem\u0113ram, pazemin\u0101ta hidraulisk\u0101 spiediena vai boj\u0101ta virzu\u013ca d\u0113\u013c.<\/li>\n<li>\n<h3>Troksnis un vibr\u0101cija:<\/h3>\n<p> To var izrais\u012bt nepareiza uzst\u0101d\u012b\u0161ana, nolietotas deta\u013cas vai hidraulisk\u0101 \u0161\u0137idruma pies\u0101r\u0146ojums.<\/li>\n<\/ul>\n<p>Pareiza p\u0101rbaude un profilaktisk\u0101 apkope var pal\u012bdz\u0113t identific\u0113t un nov\u0113rst \u0161\u012bs probl\u0113mas. Ja probl\u0113ma tiek konstat\u0113ta, j\u0101veic atbilsto\u0161i probl\u0113mu nov\u0113r\u0161anas un remonta pas\u0101kumi, lai to atrisin\u0101tu.<\/p>\n<p><img decoding=\"async\" src=\"https:\/\/www.hydraulic-cylinders.net\/wp-content\/uploads\/2025\/01\/songte-bushings-with-all-kinds-of-excavator-models.webp\" alt=\"Produkti\"><\/p>\n<h2>Par m\u016bsu uz\u0146\u0113mumu<\/h2>\n<p>M\u0113s esam hidraulisko cilindru ra\u017eot\u0101js, un m\u016bsu produktu kl\u0101sts ir pla\u0161s. M\u0113s esam viens no vado\u0161ajiem hidraulisko cilindru ra\u017eot\u0101jiem un vairumtirgot\u0101jiem viet\u0113j\u0101 un starptautiskaj\u0101 tirg\u016b. M\u0113s iev\u0113rojam izcilas kvalit\u0101tes strat\u0113\u0123iju un pa\u013caujamies uz sare\u017e\u0123\u012btu ra\u017eo\u0161anas darbn\u012bcu industrializ\u0113tu ra\u017eo\u0161anas vad\u012bbu. M\u016bsu uz\u0146\u0113mums ir nep\u0101rtraukti uzlabojis darbn\u012bcas ra\u017eo\u0161anas platformu, pielietojot tehniskos talantus, digit\u0101las augstas klases ra\u017eo\u0161anas iek\u0101rtas un profesion\u0101las test\u0113\u0161anas sist\u0113mas, pilnveidojis produktu kvalit\u0101tes ra\u017eo\u0161anas l\u012bniju un tam ir sp\u0113c\u012bgas rado\u0161\u0101s sp\u0113jas. M\u0113s nodro\u0161in\u0101m saviem klientiem augstu efektivit\u0101ti, augstu precizit\u0101ti un augstas kvalit\u0101tes produktus, lai apmierin\u0101tu vi\u0146u da\u017e\u0101d\u0101s vajadz\u012bbas.<\/p>\n<p><img decoding=\"async\" src=\"https:\/\/hzpt.com\/wp-content\/uploads\/2024\/11\/songte-company-1.webp\" alt=\"Uz\u0146\u0113mums\"><\/p>\n<h3>Profesionalit\u0101te:<\/h3>\n<p>M\u016bsu uz\u0146\u0113mum\u0101 str\u0101d\u0101 pieredz\u0113ju\u0161u profesion\u0101\u013cu komanda, kas ir eksperti sav\u0101s attiec\u012bgaj\u0101s jom\u0101s. M\u0113s pied\u0101v\u0101jam saviem klientiem augst\u0101k\u0101s klases tehniskos pakalpojumus un atbalstu, lai nodro\u0161in\u0101tu vi\u0146u vajadz\u012bbu apmierin\u0101\u0161anu.<\/p>\n<h3>Starptautisk\u0101 sertifik\u0101cija:<\/h3>\n<p>M\u016bsu produkti ir sertific\u0113ti ar starptautisk\u0101m kvalit\u0101tes kontroles organiz\u0101cij\u0101m, piem\u0113ram, ISO un CE, kas nodro\u0161ina augstu kvalit\u0101tes un garantijas l\u012bmeni.<\/p>\n<h3>Piel\u0101go\u0161anas pakalpojumi:<\/h3>\n<p>M\u0113s nodro\u0161in\u0101m saviem klientiem piel\u0101gotus hidrauliskos cilindrus un sniedzam tehnisku atbalstu un vadl\u012bnijas visa procesa laik\u0101.<\/p>\n<h3>Ra\u017eo\u0161anas iek\u0101rtas:<\/h3>\n<p>M\u016bsu uz\u0146\u0113mumam ir pieejams pla\u0161s modernu ra\u017eo\u0161anas iek\u0101rtu kl\u0101sts, tostarp CNC virpas, apstr\u0101des centri un test\u0113\u0161anas iek\u0101rtas.<\/p>\n<h3>P\u0113cp\u0101rdo\u0161anas serviss:<\/h3>\n<p>M\u0113s pied\u0101v\u0101jam saviem klientiem p\u0113cp\u0101rdo\u0161anas apkalpo\u0161anu un atbalstu, lai nodro\u0161in\u0101tu vi\u0146u apmierin\u0101t\u012bbu ar m\u016bsu produktiem.<\/p>\n<p><img decoding=\"async\" src=\"https:\/\/www.hydraulic-cylinders.net\/wp-content\/uploads\/2025\/01\/songte-company-3.webp\" alt=\"Uz\u0146\u0113mums\"><\/p>\n<h2>Autors: lil<\/h2>","protected":false},"excerpt":{"rendered":"<p>Bucket Cylinder for Liugong Middle Excavator CLG925D\/925E Introduction The bucket cylinder is a specially designed hydraulic cylinder primarily used to control the movement of the bucket in heavy machinery such as excavators, backhoe loaders, and front-end loaders. Its main function is to enable the bucket to lift, lower, and tilt, making it easier to perform [&hellip;]<\/p>","protected":false},"featured_media":14769,"comment_status":"open","ping_status":"closed","template":"","meta":{"_et_pb_use_builder":"","_et_pb_old_content":"","_et_gb_content_width":""},"product_brand":[],"product_cat":[1494],"product_tag":[1495,1496],"class_list":{"0":"post-15578","1":"product","2":"type-product","3":"status-publish","4":"has-post-thumbnail","6":"product_cat-bucket-cylinders","7":"product_tag-bucket-cylinders","8":"product_tag-hydraulic-cylinders","10":"first","11":"instock","12":"shipping-taxable","13":"product-type-simple"},"amp_enabled":true,"_links":{"self":[{"href":"https:\/\/www.hydraulic-cylinders.net\/lv\/wp-json\/wp\/v2\/product\/15578","targetHints":{"allow":["GET"]}}],"collection":[{"href":"https:\/\/www.hydraulic-cylinders.net\/lv\/wp-json\/wp\/v2\/product"}],"about":[{"href":"https:\/\/www.hydraulic-cylinders.net\/lv\/wp-json\/wp\/v2\/types\/product"}],"replies":[{"embeddable":true,"href":"https:\/\/www.hydraulic-cylinders.net\/lv\/wp-json\/wp\/v2\/comments?post=15578"}],"wp:featuredmedia":[{"embeddable":true,"href":"https:\/\/www.hydraulic-cylinders.net\/lv\/wp-json\/wp\/v2\/media\/14769"}],"wp:attachment":[{"href":"https:\/\/www.hydraulic-cylinders.net\/lv\/wp-json\/wp\/v2\/media?parent=15578"}],"wp:term":[{"taxonomy":"product_brand","embeddable":true,"href":"https:\/\/www.hydraulic-cylinders.net\/lv\/wp-json\/wp\/v2\/product_brand?post=15578"},{"taxonomy":"product_cat","embeddable":true,"href":"https:\/\/www.hydraulic-cylinders.net\/lv\/wp-json\/wp\/v2\/product_cat?post=15578"},{"taxonomy":"product_tag","embeddable":true,"href":"https:\/\/www.hydraulic-cylinders.net\/lv\/wp-json\/wp\/v2\/product_tag?post=15578"}],"curies":[{"name":"wp","href":"https:\/\/api.w.org\/{rel}","templated":true}]}}