{"id":15583,"date":"2025-01-19T14:42:43","date_gmt":"2025-01-19T14:42:43","guid":{"rendered":"https:\/\/www.hydraulic-cylinders.net\/product\/bucket-cylinder-for-liugong-middle-excavator-clg925lc-925ll\/"},"modified":"2025-01-19T14:42:45","modified_gmt":"2025-01-19T14:42:45","slug":"bucket-cylinder-for-liugong-middle-excavator-clg925lc-925ll","status":"publish","type":"product","link":"https:\/\/www.hydraulic-cylinders.net\/lv\/products\/bucket-cylinder-for-liugong-middle-excavator-clg925lc-925ll\/","title":{"rendered":"Kausa cilindrs Liugong vid\u0113ja lieluma ekskavatoram CLG925LC\/925LL"},"content":{"rendered":"<h1>Kausa cilindrs Liugong vid\u0113ja lieluma ekskavatoram CLG925LC\/925LL<\/h1>\n<h2>Ievads<\/h2>\n<h3>Kausa cilindra defin\u0113\u0161ana<\/h3>\n<p>Kausa cilindrs ir speci\u0101li izstr\u0101d\u0101ts hidrauliskais cilindrs, ko izmanto, lai kontrol\u0113tu kausu kust\u012bbu smagaj\u0101s ma\u0161\u012bn\u0101s, piem\u0113ram, ekskavatoros, iekr\u0101v\u0113jos ar ekskavatoru un front\u0101lajos iekr\u0101v\u0113jos. T\u0101 galven\u0101 funkcija ir nodro\u0161in\u0101t kausa pacel\u0161anu, nolai\u0161anu un noliek\u0161anu, atvieglojot da\u017e\u0101du materi\u0101lu apstr\u0101des uzdevumu veik\u0161anu. Hidrauliskaj\u0101 sist\u0113m\u0101 kausa cilindrs pan\u0101k prec\u012bzu kausa vad\u012bbu, mainot hidraulisk\u0101s e\u013c\u013cas spiedienu, \u013caujot operatoriem efekt\u012bvi apstr\u0101d\u0101t smagas kravas, piel\u0101goties sare\u017e\u0123\u012btai darba videi un da\u017e\u0101d\u0101m darba pras\u012bb\u0101m.<\/p>\n<p><img decoding=\"async\" src=\"https:\/\/www.hydraulic-cylinders.net\/wp-content\/uploads\/2025\/01\/songte-company-2.webp\"\/><\/p>\n<h3>Funkcijas<\/h3>\n<ul>\n<li><strong>Augsta iztur\u012bba un ilgm\u016b\u017e\u012bba:<\/strong> Parasti izgatavoti no augstas stipr\u012bbas t\u0113rauda vai alum\u012bnija, sp\u0113j iztur\u0113t augstu spiedienu un lielas slodzes, piel\u0101gojami skarbai darba videi, konstru\u0113ti, \u0146emot v\u0113r\u0101 nodilumiztur\u012bbu un korozijas iztur\u012bbu, lai pagarin\u0101tu kalpo\u0161anas laiku.<\/li>\n<li><strong>Efekt\u012bva hidraulisk\u0101 darb\u012bba:<\/strong> Izmanto hidraulisk\u0101s e\u013c\u013cas spiedienu, lai pan\u0101ktu vienm\u0113r\u012bgu izstiep\u0161anu un ievilk\u0161anu, sp\u0113j \u0101tri rea\u0123\u0113t uz vad\u012bbas komand\u0101m, nodro\u0161ina sp\u0113c\u012bgu stum\u0161anas un vilk\u0161anas sp\u0113ku, ir piem\u0113rots smagu kravu apstr\u0101dei un sare\u017e\u0123\u012btu darba uzdevumu veik\u0161anai.<\/li>\n<li><strong>Da\u017e\u0101di veidi:<\/strong> Var izv\u0113l\u0113ties vienas darb\u012bbas (hidrauliku izmanto tikai vien\u0101 virzien\u0101) vai divk\u0101r\u0161as darb\u012bbas (hidrauliku izmanto divos virzienos) cilindrus atbilsto\u0161i vajadz\u012bb\u0101m, lai apmierin\u0101tu da\u017e\u0101das ekspluat\u0101cijas pras\u012bbas. Da\u017ei mode\u013ci ir teleskopiski, kas \u013cauj tos papla\u0161in\u0101t, nepalielinot \u0101r\u0113jos izm\u0113rus, t\u0101p\u0113c tie ir piem\u0113roti lietojumiem ar ierobe\u017eotu vietu.<\/li>\n<li><strong>Pieejama nomai\u0146a:<\/strong> M\u016bsu produkts var lieliski aizst\u0101t \u0161os hidrauliskos cilindrus.<\/li>\n<\/ul>\n<p><img decoding=\"async\" src=\"https:\/\/www.hydraulic-cylinders.net\/wp-content\/uploads\/2025\/01\/songte-cylinder-head-with-all-kinds-excavator-models.webp\"\/><\/p>\n<h2>Pieteikums<\/h2>\n<p><strong>Celtniec\u012bbas apr\u012bkojums:<\/strong> Tie ir atrodami ekskavatoros, un tie ir nepiecie\u0161ami gan rak\u0161anai, iekrau\u0161anai, gan augsnes vai gru\u017eu p\u0101rvieto\u0161anai. Ekskavatoros-iekr\u0101v\u0113jos kausa cilindri pal\u012bdz gan rak\u0161an\u0101, gan cel\u0161an\u0101. Lauksaimniec\u012bbas tehnika: tiek izmantota front\u0101lajos iekr\u0101v\u0113jos, tie pace\u013c, pace\u013c un p\u0101rvad\u0101 augsni, sienu un citus materi\u0101lus. Ekskavatori: Kausa cilindri nodro\u0161ina rak\u0161anas darb\u012bbas, \u013caujot kausam iek\u013c\u016bt augsn\u0113. Iekr\u0101v\u0113ji: Front\u0101lajos iekr\u0101v\u0113jos tie pal\u012bdz efekt\u012bvi pacelt un noliekt preces.<\/p>\n<h2>Dizaina apsv\u0113rumi un atlases krit\u0113riji<\/h2>\n<h3>Galvenie apsv\u0113rumi<\/h3>\n<ul>\n<li><strong>Nestsp\u0113ja:<\/strong> Balonam j\u0101b\u016bt projekt\u0113tam t\u0101, lai tas iztur\u0113tu noteiktu slodzi bez boj\u0101jumiem.<\/li>\n<li><strong>Bl\u012bv\u0113jums:<\/strong> Cilindram ir nepiecie\u0161ams atbilsto\u0161s bl\u012bv\u0113jums, lai nov\u0113rstu hidraulisk\u0101s e\u013c\u013cas nopl\u016bdi no cilindra.<\/li>\n<li><strong>Iztur\u012bba:<\/strong> Balonam j\u0101b\u016bt pietiekami iztur\u012bgam, lai iztur\u0113tu skarbos darba apst\u0101k\u013cus, ar kuriem tas var saskarties.<\/li>\n<li><strong>Dro\u0161\u012bba:<\/strong> Balons j\u0101projekt\u0113, \u0146emot v\u0113r\u0101 dro\u0161\u012bbu, lai nov\u0113rstu negad\u012bjumus.<\/li>\n<li><strong>Uzturam\u012bba:<\/strong> Balonam ir j\u0101b\u016bt viegli kopjamam regul\u0101rai apkopei.<\/li>\n<\/ul>\n<p><img decoding=\"async\" src=\"https:\/\/www.hydraulic-cylinders.net\/wp-content\/uploads\/2025\/01\/songte-oil-pipes-and-spare-parts.webp\"\/><\/p>\n<h3>Bl\u012bv\u0113\u0161ana un e\u013c\u013co\u0161ana<\/h3>\n<p>Kausu cilindros tiek izmantoti da\u017e\u0101di bl\u012bv\u0113\u0161anas elementi, piem\u0113ram, virzu\u013ca bl\u012bvsl\u0113gi, stie\u0146a bl\u012bvsl\u0113gi \u200b\u200butt., un bl\u012bv\u0113\u0161anas elementi ir izgatavoti no nodilumiztur\u012bgiem materi\u0101liem, piem\u0113ram, poliuret\u0101na, nitrila gumijas utt. Cilindra korpuss un v\u012bt\u0146otais gals ir r\u016bp\u012bgi apstr\u0101d\u0101ti, lai uzlabotu nodilumiztur\u012bbu. Lai nodro\u0161in\u0101tu vienm\u0113r\u012bgu darb\u012bbu, cilindrs ir j\u0101iee\u013c\u013co, regul\u0101ri j\u0101uzpilda hidraulisk\u0101 e\u013c\u013ca.<\/p>\n<h2>Apkope un probl\u0113mu nov\u0113r\u0161ana<\/h2>\n<h3>Regul\u0101ra p\u0101rbaude un profilaktisk\u0101 apkope<\/h3>\n<p>Regul\u0101ra kausa cilindra p\u0101rbaude un apkope ir \u013coti svar\u012bga, lai pagarin\u0101tu cilindra kalpo\u0161anas laiku. Bie\u017ei veicamie apkopes darbi ietver regul\u0101ru e\u013c\u013co\u0161anu, bl\u012bv\u0113jumu nomai\u0146u un kalibr\u0113\u0161anas p\u0101rbaudes. Pareiza uzst\u0101d\u012b\u0161ana ir svar\u012bga, un cilindra nostiprin\u0101\u0161anai ieteicams izmantot atbilsto\u0161us uzst\u0101d\u012b\u0161anas kron\u0161teinus. Ieteicam\u0101s p\u0101rbaudes, remonta un nomai\u0146as proced\u016bras var pal\u012bdz\u0113t pagarin\u0101t cilindra kalpo\u0161anas laiku.<\/p>\n<p><img decoding=\"async\" src=\"https:\/\/www.hydraulic-cylinders.net\/wp-content\/uploads\/2025\/01\/songte-chushion-collar.webp\"\/><\/p>\n<h3>Dro\u0161\u012bbas apsv\u0113rumi<\/h3>\n<p>Lietojot hidrauliskos cilindrus, ir svar\u012bgi iev\u0113rot dro\u0161\u012bbas pas\u0101kumus. Ir svar\u012bgi iev\u0113rot pareizas uzst\u0101d\u012b\u0161anas proced\u016bras un, r\u012bkojoties ar cilindriem, lietot atbilsto\u0161us individu\u0101los aizsardz\u012bbas l\u012bdzek\u013cus.<\/p>\n<h3>Probl\u0113mu nov\u0113r\u0161ana<\/h3>\n<p>Bie\u017ei sastopamas probl\u0113mas ar kausu cilindriem ir nopl\u016bdes, cilindra korpusa boj\u0101jumi un hidraulikas darb\u012bbas trauc\u0113jumi. Ir svar\u012bgi noteikt probl\u0113mas avotu un veikt atbilsto\u0161as \u200b\u200bkorekt\u012bv\u0101s darb\u012bbas.<\/p>\n<p><img decoding=\"async\" src=\"https:\/\/www.hydraulic-cylinders.net\/wp-content\/uploads\/2025\/01\/songte-bushings-with-all-kinds-of-excavator-models.webp\"\/><\/p>\n<h2>Par m\u016bsu uz\u0146\u0113mumu<\/h2>\n<p>M\u0113s esam rezerves hidraulisko cilindru ra\u017eot\u0101js ar pilnu produktu kl\u0101stu. Esam k\u013cuvu\u0161i par vienu no vado\u0161ajiem hidraulisko cilindru ra\u017eot\u0101jiem un vairumtirgot\u0101jiem viet\u0113j\u0101 un starptautiskaj\u0101 tirg\u016b. M\u0113s iev\u0113rojam izcil\u012bbas kvalit\u0101tes politiku, pa\u013caujoties uz smalko ra\u017eo\u0161anas darbn\u012bcu r\u016bpniecisk\u0101s ra\u017eo\u0161anas vad\u012bbas strat\u0113\u0123iju. M\u0113s past\u0101v\u012bgi uzlabojam darbn\u012bcas ra\u017eo\u0161anas platformu, pilnveidojam produktu kvalit\u0101tes ra\u017eo\u0161anas ce\u013cu un mums ir sp\u0113c\u012bgas rado\u0161\u0101s sp\u0113jas. Ar efektivit\u0101tes, precizit\u0101tes un augstas kvalit\u0101tes principiem m\u0113s varam apmierin\u0101t klientu da\u017e\u0101d\u0101s vajadz\u012bbas.<\/p>\n<h3>Profesionalit\u0101te<\/h3>\n<p>Esam izveidoju\u0161i augsti profesion\u0101lu un pieredz\u0113ju\u0161u tehnisko darbinieku komandu, kas \u013cauj mums sniegt profesion\u0101lus un piel\u0101gotus pakalpojumus, lai apmierin\u0101tu m\u016bsu klientu da\u017e\u0101d\u0101s vajadz\u012bbas.<\/p>\n<h3>Starptautisk\u0101 sertifik\u0101cija<\/h3>\n<p>M\u0113s esam ieguvu\u0161i starptautiskus sertifik\u0101tus, piem\u0113ram, ISO9001, CE un TUV, kas nodro\u0161ina, ka m\u016bsu produkti atbilst augst\u0101kajiem starptautiskajiem standartiem.<\/p>\n<h3>Piel\u0101go\u0161anas pakalpojumi<\/h3>\n<p>M\u0113s pied\u0101v\u0101jam piel\u0101gotus pakalpojumus, lai apmierin\u0101tu m\u016bsu klientu \u012bpa\u0161\u0101s vajadz\u012bbas, piem\u0113ram, piel\u0101gojam cilindra izm\u0113ru, formu un materi\u0101lu atbilsto\u0161i klienta pras\u012bb\u0101m.<\/p>\n<h3>Ra\u017eo\u0161anas iek\u0101rtas<\/h3>\n<p>M\u0113s izmantojam modernu ra\u017eo\u0161anas apr\u012bkojumu un tehnolo\u0123ijas, lai nodro\u0161in\u0101tu m\u016bsu hidraulisko cilindru kvalit\u0101ti un iztur\u012bbu.<\/p>\n<h3>P\u0113cp\u0101rdo\u0161anas pakalpojumi<\/h3>\n<p>M\u0113s pied\u0101v\u0101jam lieliskus p\u0113cp\u0101rdo\u0161anas pakalpojumus, piem\u0113ram, remontu, nomai\u0146u un atjauno\u0161anu, lai nodro\u0161in\u0101tu m\u016bsu produktu ilgtermi\u0146a veiktsp\u0113ju.<\/p>\n<p><img decoding=\"async\" src=\"https:\/\/hzpt.com\/wp-content\/uploads\/2024\/11\/songte-company-1.webp\"\/><\/p>\n<p>Autors: lil<\/p>","protected":false},"excerpt":{"rendered":"<p>Bucket Cylinder For Liugong Middle Excavator CLG925LC\/925LL Introduction Defining Bucket Cylinder A bucket cylinder is a specially designed hydraulic cylinder used to control the movement of buckets in heavy machinery such as excavators, backhoe loaders, and front-end loaders. Its main function is to enable the bucket to lift, lower, and tilt, making it easier to [&hellip;]<\/p>","protected":false},"featured_media":14788,"comment_status":"open","ping_status":"closed","template":"","meta":{"_et_pb_use_builder":"","_et_pb_old_content":"","_et_gb_content_width":""},"product_brand":[],"product_cat":[1494],"product_tag":[1495,1496],"class_list":{"0":"post-15583","1":"product","2":"type-product","3":"status-publish","4":"has-post-thumbnail","6":"product_cat-bucket-cylinders","7":"product_tag-bucket-cylinders","8":"product_tag-hydraulic-cylinders","10":"first","11":"instock","12":"shipping-taxable","13":"product-type-simple"},"amp_enabled":true,"_links":{"self":[{"href":"https:\/\/www.hydraulic-cylinders.net\/lv\/wp-json\/wp\/v2\/product\/15583","targetHints":{"allow":["GET"]}}],"collection":[{"href":"https:\/\/www.hydraulic-cylinders.net\/lv\/wp-json\/wp\/v2\/product"}],"about":[{"href":"https:\/\/www.hydraulic-cylinders.net\/lv\/wp-json\/wp\/v2\/types\/product"}],"replies":[{"embeddable":true,"href":"https:\/\/www.hydraulic-cylinders.net\/lv\/wp-json\/wp\/v2\/comments?post=15583"}],"wp:featuredmedia":[{"embeddable":true,"href":"https:\/\/www.hydraulic-cylinders.net\/lv\/wp-json\/wp\/v2\/media\/14788"}],"wp:attachment":[{"href":"https:\/\/www.hydraulic-cylinders.net\/lv\/wp-json\/wp\/v2\/media?parent=15583"}],"wp:term":[{"taxonomy":"product_brand","embeddable":true,"href":"https:\/\/www.hydraulic-cylinders.net\/lv\/wp-json\/wp\/v2\/product_brand?post=15583"},{"taxonomy":"product_cat","embeddable":true,"href":"https:\/\/www.hydraulic-cylinders.net\/lv\/wp-json\/wp\/v2\/product_cat?post=15583"},{"taxonomy":"product_tag","embeddable":true,"href":"https:\/\/www.hydraulic-cylinders.net\/lv\/wp-json\/wp\/v2\/product_tag?post=15583"}],"curies":[{"name":"wp","href":"https:\/\/api.w.org\/{rel}","templated":true}]}}