{"id":15598,"date":"2025-01-19T14:43:48","date_gmt":"2025-01-19T14:43:48","guid":{"rendered":"https:\/\/www.hydraulic-cylinders.net\/product\/bucket-cylinder-for-xgma-middle-excavator-xg822el\/"},"modified":"2025-01-19T14:43:56","modified_gmt":"2025-01-19T14:43:56","slug":"bucket-cylinder-for-xgma-middle-excavator-xg822el","status":"publish","type":"product","link":"https:\/\/www.hydraulic-cylinders.net\/lv\/products\/bucket-cylinder-for-xgma-middle-excavator-xg822el\/","title":{"rendered":"Kausa cilindrs XGMA vid\u0113jam ekskavatoram XG822EL"},"content":{"rendered":"<h1>Kausa cilindrs XGMA vid\u0113jam ekskavatoram XG822EL<\/h1>\n<h2>Ievads<\/h2>\n<p>XGMA vid\u0113j\u0101 ekskavatora XG822EL kausa cilindrs ir \u012bpa\u0161i izstr\u0101d\u0101ts hidrauliskais cilindrs, ko galvenok\u0101rt izmanto kausa kust\u012bbas vad\u012bbai smagaj\u0101s ma\u0161\u012bn\u0101s, piem\u0113ram, ekskavatoros, univers\u0101lajos ekskavatoros un front\u0101lajos iekr\u0101v\u0113jos. T\u0101 galven\u0101 funkcija ir \u013caut kausam pacelties, nolaisties un noliekties, padarot to \u0113rtu da\u017e\u0101diem materi\u0101lu apstr\u0101des uzdevumiem. Hidrauliskaj\u0101 sist\u0113m\u0101 kausa cilindrs izmanto hidraulisk\u0101s e\u013c\u013cas spiediena izmai\u0146as, lai prec\u012bzi kontrol\u0113tu kausa kust\u012bbu, \u013caujot operatoram efekt\u012bvi apstr\u0101d\u0101t smagus materi\u0101lus un piel\u0101goties sare\u017e\u0123\u012btiem darba apst\u0101k\u013ciem un da\u017e\u0101d\u0101m darba pras\u012bb\u0101m.<\/p>\n<p><img decoding=\"async\" src=\"https:\/\/www.hydraulic-cylinders.net\/wp-content\/uploads\/2025\/01\/songte-company-2.webp\"><\/p>\n<h2>Funkcijas<\/h2>\n<ul>\n<li>Augsta iztur\u012bba un ilgm\u016b\u017e\u012bba: Parasti izgatavots no augstas stipr\u012bbas t\u0113rauda vai alum\u012bnija, tas var iztur\u0113t augstu spiedienu un lielas slodzes, piel\u0101gojoties skarbai darba videi. Konstrukcij\u0101 \u0146emta v\u0113r\u0101 nodilumiztur\u012bba un iztur\u012bba pret koroziju, pagarinot kalpo\u0161anas laiku.<\/li>\n<li>Efekt\u012bva hidraulisk\u0101 darb\u012bba: Izmantojot hidraulisk\u0101s e\u013c\u013cas spiedienu, lai pan\u0101ktu vienm\u0113r\u012bgu izstiep\u0161anu un ievilk\u0161anu, t\u0101 var \u0101tri rea\u0123\u0113t uz vad\u012bbas komand\u0101m, nodro\u0161inot sp\u0113c\u012bgu stum\u0161anas un vilk\u0161anas sp\u0113ku, kas piem\u0113rots smagu materi\u0101lu apstr\u0101dei un sare\u017e\u0123\u012btiem darbiem.<\/li>\n<li>Da\u017e\u0101di veidi: Atbilsto\u0161i pras\u012bb\u0101m var izv\u0113l\u0113ties vienk\u0101r\u0161\u0101s darb\u012bbas (hidrauliku izmanto tikai vien\u0101 virzien\u0101) vai divk\u0101r\u0161\u0101s darb\u012bbas (hidrauliku izmanto abos virzienos) cilindrus, lai apmierin\u0101tu da\u017e\u0101das ekspluat\u0101cijas vajadz\u012bbas. Da\u017ei mode\u013ci ir teleskopiski, kas \u013cauj tos pagarin\u0101t, nepalielinot \u0101r\u0113jos izm\u0113rus, un ir piem\u0113roti lietojumiem ar ierobe\u017eotu vietu.<\/li>\n<li>Viegli uzst\u0101d\u012bt un uztur\u0113t: M\u016bsu uz\u0146\u0113mums var ra\u017eot \u0161o produktu, un m\u016bsu produkti var lieliski aizst\u0101t \u0161os hidrauliskos cilindrus.<\/li>\n<\/ul>\n<p><img decoding=\"async\" src=\"https:\/\/www.hydraulic-cylinders.net\/wp-content\/uploads\/2025\/01\/songte-cylinder-head-with-all-kinds-excavator-models.webp\"><\/p>\n<h2>Pieteikumi<\/h2>\n<p>\u0160is kausa cilindrs tiek pla\u0161i izmantots da\u017e\u0101d\u0101s smagaj\u0101s ma\u0161\u012bn\u0101s, tostarp:<\/p>\n<ul>\n<li>B\u016bvniec\u012bbas apr\u012bkojums: ekskavatoros tas ir nepiecie\u0161ams augsnes vai gru\u017eu rak\u0161anai, iekrau\u0161anai un p\u0101rvieto\u0161anai. Ekskavatoros kausa cilindrs pal\u012bdz gan rak\u0161an\u0101, gan cel\u0161an\u0101. <\/li>\n<li>Lauksaimniec\u012bbas tehnika: izmanto front\u0101lajiem iekr\u0101v\u0113jiem, augsnes, siena un citu materi\u0101lu sav\u0101k\u0161anai, cel\u0161anai un transport\u0113\u0161anai. <\/li>\n<li>Ekskavatori: Kausa cilindrs \u013cauj kausam iek\u013c\u016bt augsn\u0113, lai pan\u0101ktu rak\u0161anas darb\u012bbu. <\/li>\n<li>Iekr\u0101v\u0113ji: Front\u0101lajos iekr\u0101v\u0113jos tie pal\u012bdz efekt\u012bvi pacelt un noliekt preces.<\/li>\n<\/ul>\n<h2>Dizaina apsv\u0113rumi un atlases krit\u0113riji<\/h2>\n<p>XGMA vid\u0113j\u0101 ekskavatora XG822EL kausa cilindra konstrukcijas apsv\u0113rumi ir kritiski svar\u012bgi t\u0101 veiktsp\u0113jai. T\u0101l\u0101k ir nor\u0101d\u012bti galvenie faktori:<\/p>\n<h3>Nestsp\u0113ja<\/h3>\n<p>Balonam ir j\u0101b\u016bt pietiekamai nestsp\u0113jai, lai tas iztur\u0113tu paredzamo slodzi. Neso\u0161o virsmu izm\u0113rs un skaits, materi\u0101lu iztur\u012bba un balona \u0123eometrija ir kritiski svar\u012bgi projekt\u0113\u0161anas apsv\u0113rumi.<\/p>\n<h3>Bl\u012bv\u0113\u0161ana<\/h3>\n<p>Cilindram j\u0101b\u016bt pien\u0101c\u012bgi nosl\u0113gtam, lai nov\u0113rstu hidraulisk\u0101 \u0161\u0137idruma nopl\u016bdi. Cilindra bl\u012bv\u0113jums parasti ir izgatavots no poliuret\u0101na, nitrila gumijas vai citiem nodilumiztur\u012bgiem materi\u0101liem, lai nov\u0113rstu nopl\u016bdes. Cilindra korpuss un v\u012bt\u0146ot\u0101s gala virsmas ir smalki apstr\u0101d\u0101tas, lai uzlabotu nodilumiztur\u012bbu un nov\u0113rstu nopl\u016bdes.<\/p>\n<h3>Iztur\u012bba un apkope<\/h3>\n<p>Balonam j\u0101b\u016bt iztur\u012bgam un tam nepiecie\u0161ama minim\u0101la apkope. Tam j\u0101b\u016bt projekt\u0113tam ilgsto\u0161ai lieto\u0161anai ar minim\u0101lu nodilumu un vieglu apkopi. Balona apkope ietver regul\u0101ras e\u013c\u013cas p\u0101rbaudes, bl\u012bv\u0113jumu un bukses nomai\u0146u, p\u0101rbaudi un kalibr\u0113\u0161anas p\u0101rbaudes.<\/p>\n<h3>Dro\u0161\u012bba un vide<\/h3>\n<p>XGMA vid\u0113j\u0101 ekskavatora XG822EL kausa cilindram j\u0101b\u016bt projekt\u0113tam, \u0146emot v\u0113r\u0101 dro\u0161\u012bbu un vides aizsardz\u012bbu. Hidrauliskajai sist\u0113mai j\u0101b\u016bt herm\u0113tiskai ar atbilsto\u0161\u0101m dro\u0161\u012bbas funkcij\u0101m, lai nov\u0113rstu negad\u012bjumus. Izmantotajiem materi\u0101liem j\u0101b\u016bt piem\u0113rotiem darba videi, neradot ietekmi uz vidi.<\/p>\n<p><img decoding=\"async\" src=\"https:\/\/www.hydraulic-cylinders.net\/wp-content\/uploads\/2025\/01\/songte-oil-pipes-and-spare-parts.webp\"><\/p>\n<h2>Bl\u012bv\u0113\u0161ana un e\u013c\u013co\u0161ana<\/h2>\n<p>XGMA vid\u0113j\u0101 ekskavatora XG822EL kausa cilindrs izmanto da\u017e\u0101dus bl\u012bv\u0113\u0161anas komponentus, piem\u0113ram, virzu\u013ca bl\u012bves, stie\u0146a bl\u012bves un stikla t\u012br\u012bt\u0101ja bl\u012bves, lai uztur\u0113tu optim\u0101lu hidraulisko spiedienu un nov\u0113rstu nopl\u016bdes. Nodilumiztur\u012bgu materi\u0101lu izmanto\u0161ana un cilindra virsmu prec\u012bza apstr\u0101de uzlabo iztur\u012bbu pret nodilumu. Regul\u0101ra cilindra kust\u012bgo da\u013cu e\u013c\u013co\u0161ana v\u0113l vair\u0101k samazina berzi un uzlabo veiktsp\u0113ju.<\/p>\n<h2>Prevent\u012bv\u0101 apkope<\/h2>\n<p>Regul\u0101ra XGMA vid\u0113j\u0101 ekskavatora XG822EL kausa cilindra apkope ir b\u016btiska, lai pagarin\u0101tu t\u0101 kalpo\u0161anas laiku. Apkopes uzdevumi ietver regul\u0101ru p\u0101rbaudi, e\u013c\u013co\u0161anu un bl\u012bv\u0113juma nomai\u0146u. Cilindra izl\u012bdzin\u0101juma p\u0101rbaude un uztur\u0113\u0161ana, k\u0101 ar\u012b atbilsto\u0161u uzst\u0101d\u012b\u0161anas kron\u0161teinu izmanto\u0161ana ir ar\u012b \u013coti svar\u012bga, lai nov\u0113rstu iesp\u0113jam\u0101s probl\u0113mas. M\u016bsu uz\u0146\u0113mums nodro\u0161ina rezerves da\u013cas un atjauno\u0161anas pakalpojumus, lai uzlabotu cilindra kalpo\u0161anas laiku.<\/p>\n<p><img decoding=\"async\" src=\"https:\/\/www.hydraulic-cylinders.net\/wp-content\/uploads\/2025\/01\/songte-chushion-collar.webp\"><\/p>\n<h2>Dro\u0161\u012bba un probl\u0113mu nov\u0113r\u0161ana<\/h2>\n<p>XGMA vid\u0113j\u0101 ekskavatora XG822EL kausa cilindrs ir j\u0101izmanto dro\u0161i un regul\u0101ri j\u0101p\u0101rbauda, \u200b\u200blai atkl\u0101tu iesp\u0113jam\u0101s probl\u0113mas. Apkopes un ekspluat\u0101cijas rokasgr\u0101mat\u0101 ir sniegti nor\u0101d\u012bjumi par pareizu lieto\u0161anu un apkopi. Bie\u017ei sastopamas probl\u0113mas ir nopl\u016bde, spiediena zudums un neparasti trok\u0161\u0146i. Probl\u0113mu nov\u0113r\u0161anas metodes ietver vizu\u0101lu p\u0101rbaudi, spiediena p\u0101rbaudi un deta\u013cu nomai\u0146u. Prevent\u012bvie pas\u0101kumi, piem\u0113ram, regul\u0101ra p\u0101rbaude un apkope, samazina probl\u0113mu iesp\u0113jam\u012bbu.<\/p>\n<p><img decoding=\"async\" src=\"https:\/\/www.hydraulic-cylinders.net\/wp-content\/uploads\/2025\/01\/songte-bushings-with-all-kinds-of-excavator-models.webp\"><\/p>\n<h2>Uz\u0146\u0113muma ievads<\/h2>\n<p>M\u016bsu uz\u0146\u0113mums ir rezerves hidraulisko cilindru ra\u017eot\u0101js ar pilnu produktu kl\u0101stu. M\u0113s esam viens no vado\u0161ajiem hidraulisko cilindru ra\u017eot\u0101jiem un vairumtirgot\u0101jiem viet\u0113j\u0101 un starptautiskaj\u0101 tirg\u016b. M\u0113s iev\u0113rojam izcilas kvalit\u0101tes principu un pa\u013caujamies uz industrializ\u0113t\u0101m ra\u017eo\u0161anas vad\u012bbas strat\u0113\u0123ij\u0101m smalk\u0101s ra\u017eo\u0161anas darbn\u012bc\u0101s, nep\u0101rtraukti uzlabojot darbn\u012bcas ra\u017eo\u0161anas platformu, uzlabojot kvalit\u0101tes ra\u017eo\u0161anas l\u012bniju un nodro\u0161inot sp\u0113c\u012bgas rad\u012b\u0161anas iesp\u0113jas. M\u016bsu augstas efektivit\u0101tes, augstas precizit\u0101tes un augstas kvalit\u0101tes principi atbilst da\u017e\u0101d\u0101m klientu vajadz\u012bb\u0101m. <\/p>\n<p>M\u016bsu uz\u0146\u0113mums pied\u0101v\u0101 piel\u0101go\u0161anas pakalpojumus, starptautisku sertifik\u0101ciju, profesion\u0101lu apr\u012bkojumu un p\u0113cp\u0101rdo\u0161anas apkalpo\u0161anu. M\u0113s izmantojam progres\u012bvas tehnolo\u0123ijas, apr\u012bkojumu un profesion\u0101las test\u0113\u0161anas sist\u0113mas, lai nep\u0101rtraukti uzlabotu m\u016bsu produktu ra\u017eo\u0161anu un pakalpojumu kvalit\u0101ti.<\/p>\n<p><img decoding=\"async\" src=\"https:\/\/hzpt.com\/wp-content\/uploads\/2024\/11\/songte-company-1.webp\"><\/p>\n<h3>Autors: lil<\/h3>","protected":false},"excerpt":{"rendered":"<p>Bucket Cylinder For XGMA Middle Excavator XG822EL Introduction The Bucket Cylinder for XGMA Middle Excavator XG822EL is a specially designed hydraulic cylinder primarily used for controlling the movement of the bucket in heavy machinery such as excavators, backhoe excavators, and front loaders. Its main function is to allow the bucket to lift, lower, and tilt, [&hellip;]<\/p>","protected":false},"featured_media":14788,"comment_status":"open","ping_status":"closed","template":"","meta":{"_et_pb_use_builder":"","_et_pb_old_content":"","_et_gb_content_width":""},"product_brand":[],"product_cat":[1494],"product_tag":[1495,1496],"class_list":{"0":"post-15598","1":"product","2":"type-product","3":"status-publish","4":"has-post-thumbnail","6":"product_cat-bucket-cylinders","7":"product_tag-bucket-cylinders","8":"product_tag-hydraulic-cylinders","10":"first","11":"instock","12":"shipping-taxable","13":"product-type-simple"},"amp_enabled":true,"_links":{"self":[{"href":"https:\/\/www.hydraulic-cylinders.net\/lv\/wp-json\/wp\/v2\/product\/15598","targetHints":{"allow":["GET"]}}],"collection":[{"href":"https:\/\/www.hydraulic-cylinders.net\/lv\/wp-json\/wp\/v2\/product"}],"about":[{"href":"https:\/\/www.hydraulic-cylinders.net\/lv\/wp-json\/wp\/v2\/types\/product"}],"replies":[{"embeddable":true,"href":"https:\/\/www.hydraulic-cylinders.net\/lv\/wp-json\/wp\/v2\/comments?post=15598"}],"wp:featuredmedia":[{"embeddable":true,"href":"https:\/\/www.hydraulic-cylinders.net\/lv\/wp-json\/wp\/v2\/media\/14788"}],"wp:attachment":[{"href":"https:\/\/www.hydraulic-cylinders.net\/lv\/wp-json\/wp\/v2\/media?parent=15598"}],"wp:term":[{"taxonomy":"product_brand","embeddable":true,"href":"https:\/\/www.hydraulic-cylinders.net\/lv\/wp-json\/wp\/v2\/product_brand?post=15598"},{"taxonomy":"product_cat","embeddable":true,"href":"https:\/\/www.hydraulic-cylinders.net\/lv\/wp-json\/wp\/v2\/product_cat?post=15598"},{"taxonomy":"product_tag","embeddable":true,"href":"https:\/\/www.hydraulic-cylinders.net\/lv\/wp-json\/wp\/v2\/product_tag?post=15598"}],"curies":[{"name":"wp","href":"https:\/\/api.w.org\/{rel}","templated":true}]}}