{"id":15599,"date":"2025-01-19T14:43:59","date_gmt":"2025-01-19T14:43:59","guid":{"rendered":"https:\/\/www.hydraulic-cylinders.net\/product\/bucket-cylinder-for-xgma-middle-excavator-xg825el\/"},"modified":"2025-01-19T14:44:01","modified_gmt":"2025-01-19T14:44:01","slug":"bucket-cylinder-for-xgma-middle-excavator-xg825el","status":"publish","type":"product","link":"https:\/\/www.hydraulic-cylinders.net\/lv\/products\/bucket-cylinder-for-xgma-middle-excavator-xg825el\/","title":{"rendered":"Kausa cilindrs XGMA vid\u0113jam ekskavatoram XG825EL"},"content":{"rendered":"<h2>Ievads<\/h2>\n<h3>Kausa cilindrs XGMA vid\u0113jam ekskavatoram XG825EL<\/h3>\n<p>XGMA vid\u0113j\u0101 ekskavatora XG825EL kausa cilindrs ir specializ\u0113ts hidrauliskais cilindrs, kas paredz\u0113ts kausu kust\u012bbas vad\u012bbai smagaj\u0101s ma\u0161\u012bn\u0101s, piem\u0113ram, ekskavatoros, univers\u0101lajos ekskavatoros un front\u0101lajos iekr\u0101v\u0113jos. T\u0101 galven\u0101 funkcija ir atvieglot kausu pacel\u0161anu, nolai\u0161anu un noliek\u0161anu, atvieglojot da\u017e\u0101du materi\u0101lu apstr\u0101des uzdevumu veik\u0161anu. Hidrauliskaj\u0101 sist\u0113m\u0101 kausa cilindrs izmanto hidraulisk\u0101s e\u013c\u013cas spiediena izmai\u0146as, lai pan\u0101ktu prec\u012bzu kausa vad\u012bbu, \u013caujot operatoriem efekt\u012bvi apstr\u0101d\u0101t smagas kravas, piel\u0101goties sare\u017e\u0123\u012btai darba videi un da\u017e\u0101d\u0101m darba pras\u012bb\u0101m.<\/p>\n<p><img decoding=\"async\" src=\"https:\/\/www.hydraulic-cylinders.net\/wp-content\/uploads\/2025\/01\/songte-company-2.webp\" alt=\"Kausa cilindrs\"><\/p>\n<h2>Funkcijas<\/h2>\n<ul>\n<li><strong>Augsta iztur\u012bba un ilgm\u016b\u017e\u012bba:<\/strong> Parasti izgatavots no augstas stipr\u012bbas t\u0113rauda vai alum\u012bnija, tas var iztur\u0113t augstu spiedienu un lielas slodzes, piel\u0101goties skarbai darba videi un ir paredz\u0113ts nodilumiztur\u012bbai un iztur\u012bbai pret koroziju, pagarinot t\u0101 kalpo\u0161anas laiku.<\/li>\n<li><strong>Efekt\u012bva hidraulisk\u0101 darb\u012bba:<\/strong> Izmantojot hidraulisk\u0101s e\u013c\u013cas spiedienu, lai pan\u0101ktu vienm\u0113r\u012bgu izple\u0161anos un sarau\u0161anos, tas var \u0101tri rea\u0123\u0113t uz vad\u012bbas komand\u0101m, nodro\u0161in\u0101t sp\u0113c\u012bgu stum\u0161anas un vilk\u0161anas sp\u0113ku un ir piem\u0113rots smagu kravu apstr\u0101dei un sare\u017e\u0123\u012btu darba uzdevumu veik\u0161anai.<\/li>\n<li><strong>Da\u017e\u0101di veidi:<\/strong> Atbilsto\u0161i pras\u012bb\u0101m var izv\u0113l\u0113ties vienk\u0101r\u0161as darb\u012bbas (hidrauliski darbojas tikai vien\u0101 virzien\u0101) vai divk\u0101r\u0161as darb\u012bbas (hidrauliski darbojas divos virzienos) cilindrus, lai tie atbilstu da\u017e\u0101d\u0101m ekspluat\u0101cijas vajadz\u012bb\u0101m. Da\u017ei mode\u013ci ir teleskopiski, kas \u013cauj tos pagarin\u0101t, nepalielinot \u0101r\u0113jo izm\u0113ru, t\u0101p\u0113c tie ir piem\u0113roti lietojumiem ar ierobe\u017eotu vietu.<\/li>\n<li><strong>Vienk\u0101r\u0161a nomai\u0146a:<\/strong> M\u016bsu produkti var lieliski aizst\u0101t \u0161os hidrauliskos cilindrus.<\/li>\n<\/ul>\n<p><img decoding=\"async\" src=\"https:\/\/www.hydraulic-cylinders.net\/wp-content\/uploads\/2025\/01\/songte-cylinder-head-with-all-kinds-excavator-models.webp\" alt=\"Kausa cilindrs\"><\/p>\n<h2>Pieteikumi<\/h2>\n<p>Kausa cilindram ir pla\u0161s pielietojumu kl\u0101sts, tostarp, bet ne tikai:<\/p>\n<ul>\n<li><strong>Celtniec\u012bbas apr\u012bkojums:<\/strong> Ekskavatoros tie ir nepiecie\u0161ami rak\u0161anai, iekrau\u0161anai un augsnes vai gru\u017eu p\u0101rvieto\u0161anai. Ekskavatoros kausa cilindri pal\u012bdz rakt un celt. <\/li>\n<li><strong>Lauksaimniec\u012bbas tehnika:<\/strong> Izmanto front\u0101lajiem iekr\u0101v\u0113jiem, augsnes, siena un citu materi\u0101lu sav\u0101k\u0161anai, cel\u0161anai un transport\u0113\u0161anai. <\/li>\n<li><strong>Ekskavatori:<\/strong> Kausa cilindrs pan\u0101k izrak\u0161anu, \u013caujot kausam iek\u013c\u016bt augsn\u0113. <\/li>\n<li><strong>Iekr\u0101v\u0113ji:<\/strong> Front\u0101lajos iekr\u0101v\u0113jos tie pal\u012bdz efekt\u012bvi pacelt un noliekt preces.<\/li>\n<\/ul>\n<p>Katrs kausa cilindra pielietojums ir aprakst\u012bts t\u0101l\u0101k:<\/p>\n<ul>\n<li><strong>Celtniec\u012bbas apr\u012bkojums:<\/strong> Ekskavatoros kausa cilindri ir nepiecie\u0161ami augsnes vai gru\u017eu rak\u0161anai, iekrau\u0161anai un p\u0101rvieto\u0161anai. Tie nodro\u0161ina nepiecie\u0161amos pacel\u0161anas un noliek\u0161anas meh\u0101nismus, kas nepiecie\u0161ami rak\u0161anas darbiem. Ekskavatoros kausa cilindri pal\u012bdz rakt un celt, padarot tos ide\u0101li piem\u0113rotus b\u016bvlaukumiem ar nel\u012bdzenu reljefu. <\/li>\n<li><strong>Lauksaimniec\u012bbas tehnika:<\/strong> Kausa cilindri tiek izmantoti front\u0101lajos iekr\u0101v\u0113jos, kurus izmanto augsnes, siena un citu materi\u0101lu sav\u0101k\u0161anai, pacel\u0161anai un transport\u0113\u0161anai. Tie nodro\u0161ina nepiecie\u0161amos pacel\u0161anas un noliek\u0161anas meh\u0101nismus, kas nepiecie\u0161ami smagu kravu p\u0101rvieto\u0161anai pa saimniec\u012bbu. <\/li>\n<li><strong>Ekskavatori:<\/strong> Kausa cilindri veic izrak\u0161anu, \u013caujot kausam iek\u013c\u016bt augsn\u0113. Tie ir nepiecie\u0161ami tran\u0161eju vai pamatu rak\u0161anai, k\u0101 ar\u012b \u0113ku vai citu konstrukciju nojauk\u0161anai.<\/li>\n<li><strong>Iekr\u0101v\u0113ji:<\/strong> Front\u0101lajos iekr\u0101v\u0113jos kausa cilindri pal\u012bdz efekt\u012bvi pacelt un noliekt preces, padarot tos ide\u0101li piem\u0113rotus smagu kravu iekrau\u0161anai un izkrau\u0161anai. <\/li>\n<\/ul>\n<h2>Dizaina apsv\u0113rumi un atlases krit\u0113riji<\/h2>\n<p>Kausa cilindram ir vair\u0101ki projekt\u0113\u0161anas apsv\u0113rumi un izv\u0113les krit\u0113riji, kas ir paskaidroti turpm\u0101k:<\/p>\n<ul>\n<li><strong>Nestsp\u0113ja:<\/strong> Kausa cilindram j\u0101sp\u0113j iztur\u0113t pace\u013cam\u0101s vai noliecam\u0101s kravas svaru un spiedienu.<\/li>\n<li><strong>Bl\u012bv\u0113jums:<\/strong> Kausa cilindram j\u0101b\u016bt konstru\u0113tam ar augstas kvalit\u0101tes bl\u012bv\u0113m, lai nov\u0113rstu hidraulisk\u0101 \u0161\u0137idruma nopl\u016bdi un pies\u0101r\u0146ojumu. <\/li>\n<li><strong>Iztur\u012bba:<\/strong> Kausa cilindram j\u0101b\u016bt konstru\u0113tam t\u0101, lai tas iztur\u0113tu skarbos darba vietas apst\u0101k\u013cus, tostarp nodilumu un koroziju. <\/li>\n<li><strong>Dro\u0161\u012bba:<\/strong> Kausa cilindram j\u0101b\u016bt konstru\u0113tam, \u0146emot v\u0113r\u0101 dro\u0161\u012bbu, iek\u013caujot t\u0101das funkcijas k\u0101 blo\u0137\u0113\u0161anas v\u0101rstus un p\u0101rslodzes aizsardz\u012bbas sist\u0113mas. <\/li>\n<li><strong>Apkope:<\/strong> Kausa cilindram j\u0101b\u016bt konstru\u0113tam t\u0101, lai to b\u016btu viegli apkopt, tostarp nodro\u0161inot \u0113rtu piek\u013cuvi deta\u013c\u0101m p\u0101rbaudei un remontam. <\/li>\n<\/ul>\n<p><img decoding=\"async\" src=\"https:\/\/www.hydraulic-cylinders.net\/wp-content\/uploads\/2025\/01\/songte-oil-pipes-and-spare-parts.webp\" alt=\"Kausa cilindrs\"><\/p>\n<h2>Bl\u012bv\u0113\u0161ana un e\u013c\u013co\u0161ana<\/h2>\n<p>Kausa cilindr\u0101 tiek izmantoti da\u017e\u0101di bl\u012bv\u0113jumi, piem\u0113ram, virzu\u013ca bl\u012bv\u0113jumi un stie\u0146a bl\u012bv\u0113jumi, kas izgatavoti no nodilumiztur\u012bgiem materi\u0101liem, piem\u0113ram, poliuret\u0101na un nitrila gumijas, lai nov\u0113rstu hidraulisk\u0101s e\u013c\u013cas nopl\u016bdi. Cilindra korpuss un v\u012bt\u0146ot\u0101 gala virsma ir smalki apstr\u0101d\u0101ta, lai palielin\u0101tu nodilumiztur\u012bbu. Lai nodro\u0161in\u0101tu kausa cilindra vienm\u0113r\u012bgu darb\u012bbu, ir nepiecie\u0161ama regul\u0101ra e\u013c\u013co\u0161ana ar hidraulisko e\u013c\u013cu.<\/p>\n<p><img decoding=\"async\" src=\"https:\/\/www.hydraulic-cylinders.net\/wp-content\/uploads\/2025\/01\/songte-chushion-collar.webp\" alt=\"Kausa cilindrs\"><\/p>\n<h2>P\u0101rbaude un profilaktisk\u0101 apkope<\/h2>\n<p>Regul\u0101ra p\u0101rbaude un profilaktisk\u0101 apkope ir b\u016btiska kausa cilindra pareizai darb\u012bbai. T\u0101l\u0101k ir nor\u0101d\u012bti bie\u017ei veicamie apkopes darbi:<\/p>\n<ul>\n<li><strong>Regul\u0101ra p\u0101rbaude:<\/strong> P\u0101rbaudiet cilindra korpusu, virzuli un bl\u012bves, vai nav nodiluma vai boj\u0101jumu. <\/li>\n<li><strong>E\u013c\u013co\u0161ana:<\/strong> Regul\u0101ri iee\u013c\u013cojiet cilindru ar hidraulisko e\u013c\u013cu, lai nodro\u0161in\u0101tu vienm\u0113r\u012bgu darb\u012bbu. <\/li>\n<li><strong>Bl\u012bv\u0113juma nomai\u0146a:<\/strong> Nekav\u0113joties nomainiet boj\u0101tas vai nolietotas bl\u012bves, lai nov\u0113rstu hidraulisk\u0101 \u0161\u0137idruma nopl\u016bdi. <\/li>\n<li><strong>Kalibr\u0113\u0161anas p\u0101rbaude:<\/strong> Regul\u0101ri p\u0101rbaudiet cilindra kalibr\u0113\u0161anu, lai p\u0101rliecin\u0101tos, ka tas darbojas atbilsto\u0161i specifik\u0101cij\u0101m. <\/li>\n<\/ul>\n<p>Pareiza uzst\u0101d\u012b\u0161ana ir b\u016btiska kausa cilindra pareizai darb\u012bbai. Ir svar\u012bgi pareizi izl\u012bdzin\u0101t cilindru un izmantot atbilsto\u0161us uzst\u0101d\u012b\u0161anas kron\u0161teinus, lai nostiprin\u0101tu cilindru viet\u0101. Lai pagarin\u0101tu kausa cilindra kalpo\u0161anas laiku, j\u0101iev\u0113ro ieteicam\u0101s p\u0101rbaudes, remonta un nomai\u0146as proced\u016bras.<\/p>\n<p><img decoding=\"async\" src=\"https:\/\/hzpt.com\/wp-content\/uploads\/2024\/11\/songte-company-1.webp\" alt=\"Kausa cilindrs\"><\/p>\n<h2>Dro\u0161\u012bbas un vides apsv\u0113rumi<\/h2>\n<p>Izmantojot kausa cilindru, j\u0101iev\u0113ro dro\u0161\u012bbas pas\u0101kumi, lai nov\u0113rstu negad\u012bjumus. Lai nov\u0113rstu b\u012bstamas situ\u0101cijas, j\u0101izmanto t\u0101das dro\u0161\u012bbas funkcijas k\u0101 sl\u0113gv\u0101rsti un p\u0101rslodzes aizsardz\u012bbas sist\u0113mas. J\u0101\u0146em v\u0113r\u0101 ar\u012b vides apsv\u0113rumi, piem\u0113ram, pareiza hidraulisk\u0101 \u0161\u0137idruma utiliz\u0101cija un videi draudz\u012bgu materi\u0101lu izmanto\u0161ana.<\/p>\n<p><img decoding=\"async\" src=\"https:\/\/www.hydraulic-cylinders.net\/wp-content\/uploads\/2025\/01\/songte-bushings-with-all-kinds-of-excavator-models.webp\" alt=\"Kausa cilindrs\"><\/p>\n<h2>Probl\u0113mu nov\u0113r\u0161ana un bie\u017ei sastopamas probl\u0113mas<\/h2>\n<p>Kausa cilindram var rasties probl\u0113mas nodiluma, boj\u0101jumu vai nepareizas lieto\u0161anas d\u0113\u013c. Bie\u017ei sastopamas probl\u0113mas ir hidraulisk\u0101 \u0161\u0137idruma nopl\u016bde, l\u0113na darb\u012bba un nepietiekams cel\u0161anas vai sl\u012bpuma sp\u0113ks. J\u0101sniedz probl\u0113mu nov\u0113r\u0161anas padomi un risin\u0101jumi, lai pal\u012bdz\u0113tu las\u012bt\u0101jiem diagnostic\u0113t un nov\u0113rst \u0161\u012bs probl\u0113mas. J\u0101sniedz ar\u012b prevent\u012bvie pas\u0101kumi, lai samazin\u0101tu potenci\u0101l\u0101s probl\u0113mas.<\/p>\n<h2>Par m\u016bsu uz\u0146\u0113mumu<\/h2>\n<p>M\u0113s esam rezerves hidraulisko cilindru ra\u017eot\u0101js ar pilnu produktu kl\u0101stu, padarot m\u016bs par vienu no vado\u0161ajiem hidraulisko cilindru ra\u017eot\u0101jiem un vairumtirgot\u0101jiem gan viet\u0113j\u0101, gan starptautiskaj\u0101 tirg\u016b. M\u0113s iev\u0113rojam izcilas kvalit\u0101tes principu un pa\u013caujamies uz sare\u017e\u0123\u012btu ra\u017eo\u0161anas darbn\u012bcu industrializ\u0113tu ra\u017eo\u0161anas vad\u012bbas strat\u0113\u0123iju. M\u016bsu uz\u0146\u0113mums nep\u0101rtraukti uzlabo darbn\u012bcas ra\u017eo\u0161anas platformu, uzlabo produktu kvalit\u0101tes ra\u017eo\u0161anas l\u012bniju un mums ir sp\u0113c\u012bgas rado\u0161\u0101s sp\u0113jas. M\u0113s esam ap\u0146\u0113mu\u0161ies apmierin\u0101t m\u016bsu klientu da\u017e\u0101d\u0101s vajadz\u012bbas ar augstu efektivit\u0101ti, precizit\u0101ti un kvalit\u0101ti.<\/p>\n<p><img decoding=\"async\" src=\"https:\/\/www.hydraulic-cylinders.net\/wp-content\/uploads\/2025\/01\/songte-company-3.webp\" alt=\"Kausa cilindrs\"><\/p>\n<p>M\u0113s lepojamies ar savu profesionalit\u0101ti, starptautisko sertifik\u0101ciju, piel\u0101gotajiem pakalpojumiem, ra\u017eo\u0161anas iek\u0101rt\u0101m un p\u0113cp\u0101rdo\u0161anas apkalpo\u0161anu. M\u016bsu produkti ir augstas kvalit\u0101tes un uzticami, un m\u0113s saviem klientiem sniedzam savlaic\u012bgu un profesion\u0101lu tehnisko atbalstu. <\/p>\n<h2>Autors<\/h2>\n<p>lails<\/p>","protected":false},"excerpt":{"rendered":"<p>Introduction Bucket Cylinder For XGMA Middle Excavator XG825EL The Bucket Cylinder for XGMA Middle Excavator XG825EL is a specialized hydraulic cylinder designed to control the movement of buckets in heavy machinery such as excavators, backhoe excavators, and front-end loaders. Its main function is to facilitate the lifting, lowering, and tilting of buckets, making it easier [&hellip;]<\/p>","protected":false},"featured_media":14787,"comment_status":"open","ping_status":"closed","template":"","meta":{"_et_pb_use_builder":"","_et_pb_old_content":"","_et_gb_content_width":""},"product_brand":[],"product_cat":[1494],"product_tag":[1495,1496],"class_list":{"0":"post-15599","1":"product","2":"type-product","3":"status-publish","4":"has-post-thumbnail","6":"product_cat-bucket-cylinders","7":"product_tag-bucket-cylinders","8":"product_tag-hydraulic-cylinders","10":"first","11":"instock","12":"shipping-taxable","13":"product-type-simple"},"amp_enabled":true,"_links":{"self":[{"href":"https:\/\/www.hydraulic-cylinders.net\/lv\/wp-json\/wp\/v2\/product\/15599","targetHints":{"allow":["GET"]}}],"collection":[{"href":"https:\/\/www.hydraulic-cylinders.net\/lv\/wp-json\/wp\/v2\/product"}],"about":[{"href":"https:\/\/www.hydraulic-cylinders.net\/lv\/wp-json\/wp\/v2\/types\/product"}],"replies":[{"embeddable":true,"href":"https:\/\/www.hydraulic-cylinders.net\/lv\/wp-json\/wp\/v2\/comments?post=15599"}],"wp:featuredmedia":[{"embeddable":true,"href":"https:\/\/www.hydraulic-cylinders.net\/lv\/wp-json\/wp\/v2\/media\/14787"}],"wp:attachment":[{"href":"https:\/\/www.hydraulic-cylinders.net\/lv\/wp-json\/wp\/v2\/media?parent=15599"}],"wp:term":[{"taxonomy":"product_brand","embeddable":true,"href":"https:\/\/www.hydraulic-cylinders.net\/lv\/wp-json\/wp\/v2\/product_brand?post=15599"},{"taxonomy":"product_cat","embeddable":true,"href":"https:\/\/www.hydraulic-cylinders.net\/lv\/wp-json\/wp\/v2\/product_cat?post=15599"},{"taxonomy":"product_tag","embeddable":true,"href":"https:\/\/www.hydraulic-cylinders.net\/lv\/wp-json\/wp\/v2\/product_tag?post=15599"}],"curies":[{"name":"wp","href":"https:\/\/api.w.org\/{rel}","templated":true}]}}