{"id":15601,"date":"2025-01-19T14:44:07","date_gmt":"2025-01-19T14:44:07","guid":{"rendered":"https:\/\/www.hydraulic-cylinders.net\/product\/bucket-cylinder-for-xgma-large-excavator-xg836el\/"},"modified":"2025-01-19T14:44:09","modified_gmt":"2025-01-19T14:44:09","slug":"bucket-cylinder-for-xgma-large-excavator-xg836el","status":"publish","type":"product","link":"https:\/\/www.hydraulic-cylinders.net\/lv\/products\/bucket-cylinder-for-xgma-large-excavator-xg836el\/","title":{"rendered":"Kausa cilindrs XGMA lielajam ekskavatoram XG836EL"},"content":{"rendered":"<h1>Kausa cilindrs XGMA lielajam ekskavatoram XG836EL<\/h1>\n<h2>Ievads<\/h2>\n<p>XGMA liel\u0101 ekskavatora XG836EL kausa cilindrs ir \u012bpa\u0161i izstr\u0101d\u0101ts hidrauliskais cilindrs, ko galvenok\u0101rt izmanto, lai kontrol\u0113tu kausa kust\u012bbu smagaj\u0101s ma\u0161\u012bn\u0101s, piem\u0113ram, ekskavatoros, ekskavatoros-iekr\u0101v\u0113jos un front\u0101lajos iekr\u0101v\u0113jos. T\u0101 galven\u0101 funkcija ir nodro\u0161in\u0101t kausa pacel\u0161anas, nolai\u0161anas un noliek\u0161anas darb\u012bbas, padarot to \u0113rtu da\u017e\u0101diem materi\u0101lu apstr\u0101des uzdevumiem. Hidrauliskaj\u0101 sist\u0113m\u0101 kausa cilindrs pan\u0101k prec\u012bzu kausa vad\u012bbu, izmantojot hidraulisk\u0101s e\u013c\u013cas spiediena izmai\u0146as, \u013caujot operatoriem efekt\u012bvi apstr\u0101d\u0101t smagas kravas un piel\u0101goties sare\u017e\u0123\u012btai darba videi un da\u017e\u0101d\u0101m ekspluat\u0101cijas pras\u012bb\u0101m.<\/p>\n<p><img decoding=\"async\" src=\"https:\/\/www.hydraulic-cylinders.net\/wp-content\/uploads\/2025\/01\/songte-company-2.webp\" alt=\"Kausa cilindra att\u0113ls\"><\/p>\n<h2>Funkcijas<\/h2>\n<ul>\n<li>Augsta iztur\u012bba un ilgm\u016b\u017e\u012bba: Parasti izgatavots no augstas stipr\u012bbas t\u0113rauda vai alum\u012bnija, sp\u0113j iztur\u0113t augstu spiedienu un lielas slodzes, piel\u0101gojoties skarbai darba videi. Izstr\u0101d\u0101ts, \u0146emot v\u0113r\u0101 nodilumiztur\u012bbu un korozijas iztur\u012bbu, pagarinot t\u0101 kalpo\u0161anas laiku.<\/li>\n<li>Efekt\u012bva hidraulisk\u0101 darb\u012bba: izmanto hidraulisk\u0101s e\u013c\u013cas spiedienu, lai pan\u0101ktu vienm\u0113r\u012bgas izstiep\u0161anas un ievilk\u0161anas kust\u012bbas, sp\u0113jot \u0101tri rea\u0123\u0113t uz vad\u012bbas komand\u0101m, nodro\u0161inot jaud\u012bgu stum\u0161anas un vilk\u0161anas sp\u0113ku, kas piem\u0113rots smagu kravu apstr\u0101dei un sare\u017e\u0123\u012btiem ekspluat\u0101cijas uzdevumiem.<\/li>\n<li>Da\u017e\u0101di veidi: Pieejami ar vienas darb\u012bbas (hidrauliskais spiediens tiek izmantots tikai vien\u0101 virzien\u0101) vai divk\u0101r\u0161as darb\u012bbas (hidrauliskais spiediens tiek izmantots abos virzienos) cilindriem, kas \u013cauj piel\u0101goties da\u017e\u0101d\u0101m ekspluat\u0101cijas pras\u012bb\u0101m. Da\u017ei mode\u013ci ir teleskopiski, kas nodro\u0161ina liel\u0101ku pagarin\u0101jumu, nepalielinot \u0101r\u0113jos izm\u0113rus, t\u0101p\u0113c tie ir piem\u0113roti lietojumiem ar ierobe\u017eotu vietu.<\/li>\n<li>Perfekta nomai\u0146a: m\u016bsu produkti var perfekti nomain\u012bt \u0161os hidrauliskos cilindrus.<\/li>\n<\/ul>\n<p><img decoding=\"async\" src=\"https:\/\/www.hydraulic-cylinders.net\/wp-content\/uploads\/2025\/01\/songte-cylinder-head-with-all-kinds-excavator-models.webp\" alt=\"Ekskavatora att\u0113ls\"><\/p>\n<h2>Pieteikumi<\/h2>\n<p>XGMA liel\u0101 ekskavatora XG836EL kausa cilindrs tiek pla\u0161i izmantots da\u017e\u0101d\u0101s nozar\u0113s un pielietojumos, tostarp:<\/p>\n<ol>\n<li>B\u016bvniec\u012bbas tehnika: atrodama ekskavatoros, t\u0101 ir \u013coti svar\u012bga rak\u0161anai, iekrau\u0161anai un augsnes vai gru\u017eu p\u0101rvieto\u0161anai. Ekskavatoros-iekr\u0101v\u0113jos kausa cilindrs pal\u012bdz gan rak\u0161an\u0101, gan cel\u0161an\u0101.<\/li>\n<li>Lauksaimniec\u012bbas tehnika: Izmanto front\u0101lajos iekr\u0101v\u0113jos augsnes, siena un citu materi\u0101lu sav\u0101k\u0161anai, pacel\u0161anai un transport\u0113\u0161anai.<\/li>\n<li>Ekskavatori: Kausa cilindrs nodro\u0161ina rak\u0161anas darb\u012bbas, \u013caujot kausam iek\u013c\u016bt augsn\u0113.<\/li>\n<li>Iekr\u0101v\u0113ji: Front\u0101lajos iekr\u0101v\u0113jos tie pal\u012bdz efekt\u012bvi pacelt un izkraut preces.<\/li>\n<\/ol>\n<h2>Dizaina apsv\u0113rumi un atlases krit\u0113riji<\/h2>\n<p>Projekt\u0113jot kausa cilindru XGMA lielajam ekskavatoram XG836EL, tiek \u0146emti v\u0113r\u0101 vair\u0101ki faktori un atlases krit\u0113riji:<\/p>\n<ul>\n<li>Nestsp\u0113ja: Cilindrs ir konstru\u0113ts t\u0101, lai iztur\u0113tu noteikt\u0101s slodzes un darba apst\u0101k\u013cus.<\/li>\n<li>Bl\u012bv\u0113jums: Lai uztur\u0113tu pareizu \u0161\u0137idruma aizturi un nov\u0113rstu nopl\u016bdes, tiek izmantoti da\u017e\u0101di bl\u012bv\u0113\u0161anas komponenti, piem\u0113ram, virzu\u013ca bl\u012bv\u0113jumi un stie\u0146a bl\u012bv\u0113jumi.<\/li>\n<li>Iztur\u012bba: Cilindrs ir konstru\u0113ts t\u0101, lai iztur\u0113tu lielas slodzes pielietojumu pras\u012bbas un b\u016btu iztur\u012bgs pret nodilumu.<\/li>\n<li>Dro\u0161\u012bba: Projekt\u0113jum\u0101 ir iek\u013cautas dro\u0161\u012bbas funkcijas, lai nov\u0113rstu negad\u012bjumus un nodro\u0161in\u0101tu operatoru un cita person\u0101la labsaj\u016btu.<\/li>\n<li>Uzturam\u012bba: Tiek \u0146emta v\u0113r\u0101 apkopes un apkalpo\u0161anas vienk\u0101r\u0161\u012bba, kas \u013cauj veikt efekt\u012bvus remontus un nomai\u0146as.<\/li>\n<\/ul>\n<p><img decoding=\"async\" src=\"https:\/\/www.hydraulic-cylinders.net\/wp-content\/uploads\/2025\/01\/songte-oil-pipes-and-spare-parts.webp\" alt=\"Hidraulisko cilindru deta\u013cas\"><\/p>\n<h2>Bl\u012bv\u0113\u0161ana un e\u013c\u013co\u0161ana<\/h2>\n<p>XGMA liel\u0101 ekskavatora XG836EL kausa cilindram ir izmantoti da\u017e\u0101di bl\u012bv\u0113\u0161anas komponenti, piem\u0113ram, virzu\u013ca bl\u012bvsl\u0113gi \u200b\u200bun stie\u0146a bl\u012bvsl\u0113gi, kas ir izgatavoti no nodilumiztur\u012bgiem materi\u0101liem, piem\u0113ram, poliuret\u0101na un nitrila gumijas. Cilindra korpuss un v\u012bt\u0146otie gali tiek r\u016bp\u012bgi apstr\u0101d\u0101ti, lai uzlabotu nodilumiztur\u012bbu. Lai nodro\u0161in\u0101tu vienm\u0113r\u012bgu darb\u012bbu un pagarin\u0101tu cilindra kalpo\u0161anas laiku, ir nepiecie\u0161ama regul\u0101ra e\u013c\u013co\u0161ana ar atbilsto\u0161u hidraulisk\u0101s e\u013c\u013cas daudzumu.<\/p>\n<h2>Regul\u0101ra p\u0101rbaude un profilaktisk\u0101 apkope<\/h2>\n<p>Lai nodro\u0161in\u0101tu kausa cilindra optim\u0101lu veiktsp\u0113ju un ilgm\u016b\u017e\u012bbu, ieteicams veikt regul\u0101ras p\u0101rbaudes un profilaktisk\u0101s apkopes pas\u0101kumus:<\/p>\n<ol>\n<li>P\u0101rbaudiet visas sast\u0101vda\u013cas, vai nav nodiluma, boj\u0101jumu vai nopl\u016b\u017eu paz\u012bmju.<\/li>\n<li>Pareizi iee\u013c\u013cojiet visas kust\u012bg\u0101s da\u013cas.<\/li>\n<li>Regul\u0101ri nomainiet bl\u012bves, lai nodro\u0161in\u0101tu pareizu herm\u0113tiskumu.<\/li>\n<li>Veiciet kalibr\u0113\u0161anas p\u0101rbaudes, lai nodro\u0161in\u0101tu prec\u012bzu darb\u012bbu.<\/li>\n<\/ol>\n<p><img decoding=\"async\" src=\"https:\/\/www.hydraulic-cylinders.net\/wp-content\/uploads\/2025\/01\/songte-chushion-collar.webp\" alt=\"Hidraulisk\u0101 cilindra uzst\u0101d\u012b\u0161ana\"><\/p>\n<h2>Pareiza produkta uzst\u0101d\u012b\u0161ana<\/h2>\n<p>Pareiza kausa cilindra uzst\u0101d\u012b\u0161ana XGMA lielajam ekskavatoram XG836EL ir b\u016btiska optim\u0101lai veiktsp\u0113jai un dro\u0161\u012bbai. J\u0101iev\u0113ro \u0161\u0101das vadl\u012bnijas:<\/p>\n<ul>\n<li>Uzst\u0101d\u012b\u0161anas laik\u0101 p\u0101rliecinieties, ka cilindrs ir pareizi izl\u012bdzin\u0101ts.<\/li>\n<li>Izmantojiet atbilsto\u0161us mont\u0101\u017eas kron\u0161teinus, lai nostiprin\u0101tu cilindru viet\u0101.<\/li>\n<li>Iev\u0113rojiet ieteicam\u0101s p\u0101rbaudes, remonta un nomai\u0146as proced\u016bras.<\/li>\n<li>Sniedziet padomus un metodes cilindra kalpo\u0161anas laika pagarin\u0101\u0161anai.<\/li>\n<\/ul>\n<h2>Dro\u0161\u012bbas apsv\u0113rumi un vides faktori<\/h2>\n<p>Izmantojot kausa cilindru, ir \u013coti svar\u012bgi noteikt dro\u0161\u012bbas pas\u0101kumu priorit\u0101ti, lai nov\u0113rstu negad\u012bjumus un nodro\u0161in\u0101tu operatoru un citu personu labsaj\u016btu. Vides faktori, piem\u0113ram, temperat\u016bra un mitrums, var ietekm\u0113t ar\u012b cilindra darb\u012bbu un pras\u012bt papildu apsv\u0113rumus.<\/p>\n<h2>Probl\u0113mu nov\u0113r\u0161ana un bie\u017ei sastopamas probl\u0113mas<\/h2>\n<p>\u0160eit ir da\u017ei bie\u017ei sastopami probl\u0113mu nov\u0113r\u0161anas padomi un risin\u0101jumi kausa cilindram:<\/p>\n<ul>\n<li>Probl\u0113ma: Nopl\u016bde ap bl\u012bv\u0113m.<br \/>Risin\u0101jums: Nomainiet nolietot\u0101s vai boj\u0101t\u0101s bl\u012bves un nodro\u0161iniet pareizu uzst\u0101d\u012b\u0161anu.<\/li>\n<li>Probl\u0113ma: Nepietiekama pagarin\u0101\u0161ana vai ievilk\u0161ana.<br \/>Risin\u0101jums: P\u0101rbaudiet hidraulisk\u0101 \u0161\u0137idruma l\u012bmeni un spiedienu, p\u0101rbaudiet, vai nav aizsprostojumu vai boj\u0101tu deta\u013cu.<\/li>\n<li>Probl\u0113ma: Neparasts troksnis darb\u012bbas laik\u0101.<br \/>Risin\u0101jums: P\u0101rbaudiet, vai nav va\u013c\u012bgu vai boj\u0101tu deta\u013cu, p\u0101rbaudiet pareizu e\u013c\u013co\u0161anu.<\/li>\n<\/ul>\n<p><img decoding=\"async\" src=\"https:\/\/www.hydraulic-cylinders.net\/wp-content\/uploads\/2025\/01\/songte-bushings-with-all-kinds-of-excavator-models.webp\" alt=\"Hidraulisko cilindru bukses\"><\/p>\n<p>Iev\u0113rojot \u0161os probl\u0113mu nov\u0113r\u0161anas padomus un risin\u0101jumus, las\u012bt\u0101ji var efekt\u012bvi diagnostic\u0113t un nov\u0113rst probl\u0113mas ar kausa cilindru. Lai samazin\u0101tu potenci\u0101l\u0101s probl\u0113mas, j\u0101ievie\u0161 ar\u012b prevent\u012bvie pas\u0101kumi.<\/p>\n<h2>Uz\u0146\u0113muma p\u0101rskats<\/h2>\n<p>M\u0113s esam vado\u0161ais hidraulisko cilindru ra\u017eot\u0101js un vairumtirdzniec\u012bbas izplat\u012bt\u0101js, kas specializ\u0113jas rezerves cilindru ra\u017eo\u0161an\u0101. M\u016bsu pla\u0161ais produktu kl\u0101sts ir padar\u012bjis m\u016bs par iev\u0113rojamu sp\u0113l\u0113t\u0101ju gan viet\u0113j\u0101, gan starptautiskaj\u0101 tirg\u016b. Koncentr\u0113joties uz izcilu kvalit\u0101ti un industrializ\u0113t\u0101m ra\u017eo\u0161anas vad\u012bbas strat\u0113\u0123ij\u0101m m\u016bsu modernaj\u0101 ra\u017eotn\u0113, m\u0113s nep\u0101rtraukti uzlabojam savu ra\u017eo\u0161anas platformu un pilnveidojam augstas efektivit\u0101tes, augstas precizit\u0101tes un augstas kvalit\u0101tes produktu ra\u017eo\u0161anu, lai apmierin\u0101tu da\u017e\u0101das klientu vajadz\u012bbas.<\/p>\n<p><img decoding=\"async\" src=\"https:\/\/www.hydraulic-cylinders.net\/wp-content\/uploads\/2025\/01\/songte-company-3.webp\" alt=\"Uz\u0146\u0113muma t\u0113ls\"><\/p>\n<h3>Profesionalit\u0101te:<\/h3>\n<p>M\u016bsu uz\u0146\u0113mums uztur augstu profesionalit\u0101tes l\u012bmeni visos darb\u012bbas aspektos, nodro\u0161inot klientu apmierin\u0101t\u012bbu un veidojot sp\u0113c\u012bgas biznesa attiec\u012bbas.<\/p>\n<h3>Starptautisk\u0101s sertifik\u0101cijas:<\/h3>\n<p>Esam ieguvu\u0161i da\u017e\u0101dus starptautiskus sertifik\u0101tus, kas apliecina m\u016bsu produktu atbilst\u012bbu augst\u0101kajiem kvalit\u0101tes un uzticam\u012bbas standartiem.<\/p>\n<h3>Piel\u0101go\u0161anas pakalpojumi:<\/h3>\n<p>M\u0113s pied\u0101v\u0101jam piel\u0101go\u0161anas pakalpojumus, lai apmierin\u0101tu \u012bpa\u0161as klientu pras\u012bbas, nodro\u0161inot piel\u0101gotus risin\u0101jumus da\u017e\u0101diem lietojumiem.<\/p>\n<h3>Uzlabots ra\u017eo\u0161anas apr\u012bkojums:<\/h3>\n<p>Apr\u012bkoti ar modernu ra\u017eo\u0161anas apr\u012bkojumu, m\u0113s sp\u0113jam efekt\u012bvi un prec\u012bzi ra\u017eot augstas kvalit\u0101tes hidrauliskos cilindrus.<\/p>\n<h3>P\u0113cp\u0101rdo\u0161anas serviss:<\/h3>\n<p>M\u0113s pied\u0101v\u0101jam visaptvero\u0161u p\u0113cp\u0101rdo\u0161anas servisu<\/p>","protected":false},"excerpt":{"rendered":"<p>Bucket Cylinder For XGMA Large Excavator XG836EL Introduction The Bucket Cylinder for XGMA Large Excavator XG836EL is a specially designed hydraulic cylinder that is primarily used to control the movement of the bucket in heavy machinery such as excavators, backhoe loaders, and front-end loaders. Its main function is to enable the bucket to perform lifting, [&hellip;]<\/p>","protected":false},"featured_media":14784,"comment_status":"open","ping_status":"closed","template":"","meta":{"_et_pb_use_builder":"","_et_pb_old_content":"","_et_gb_content_width":""},"product_brand":[],"product_cat":[1494],"product_tag":[1495,1496],"class_list":{"0":"post-15601","1":"product","2":"type-product","3":"status-publish","4":"has-post-thumbnail","6":"product_cat-bucket-cylinders","7":"product_tag-bucket-cylinders","8":"product_tag-hydraulic-cylinders","10":"first","11":"instock","12":"shipping-taxable","13":"product-type-simple"},"amp_enabled":true,"_links":{"self":[{"href":"https:\/\/www.hydraulic-cylinders.net\/lv\/wp-json\/wp\/v2\/product\/15601","targetHints":{"allow":["GET"]}}],"collection":[{"href":"https:\/\/www.hydraulic-cylinders.net\/lv\/wp-json\/wp\/v2\/product"}],"about":[{"href":"https:\/\/www.hydraulic-cylinders.net\/lv\/wp-json\/wp\/v2\/types\/product"}],"replies":[{"embeddable":true,"href":"https:\/\/www.hydraulic-cylinders.net\/lv\/wp-json\/wp\/v2\/comments?post=15601"}],"wp:featuredmedia":[{"embeddable":true,"href":"https:\/\/www.hydraulic-cylinders.net\/lv\/wp-json\/wp\/v2\/media\/14784"}],"wp:attachment":[{"href":"https:\/\/www.hydraulic-cylinders.net\/lv\/wp-json\/wp\/v2\/media?parent=15601"}],"wp:term":[{"taxonomy":"product_brand","embeddable":true,"href":"https:\/\/www.hydraulic-cylinders.net\/lv\/wp-json\/wp\/v2\/product_brand?post=15601"},{"taxonomy":"product_cat","embeddable":true,"href":"https:\/\/www.hydraulic-cylinders.net\/lv\/wp-json\/wp\/v2\/product_cat?post=15601"},{"taxonomy":"product_tag","embeddable":true,"href":"https:\/\/www.hydraulic-cylinders.net\/lv\/wp-json\/wp\/v2\/product_tag?post=15601"}],"curies":[{"name":"wp","href":"https:\/\/api.w.org\/{rel}","templated":true}]}}