{"id":15602,"date":"2025-01-19T14:44:11","date_gmt":"2025-01-19T14:44:11","guid":{"rendered":"https:\/\/www.hydraulic-cylinders.net\/product\/bucket-cylinder-for-xgma-large-excavator-xg836mh\/"},"modified":"2025-01-19T14:44:13","modified_gmt":"2025-01-19T14:44:13","slug":"bucket-cylinder-for-xgma-large-excavator-xg836mh","status":"publish","type":"product","link":"https:\/\/www.hydraulic-cylinders.net\/lv\/products\/bucket-cylinder-for-xgma-large-excavator-xg836mh\/","title":{"rendered":"Kausa cilindrs XGMA lielajam ekskavatoram XG836MH"},"content":{"rendered":"<h1>Kausa cilindrs XGMA lielajam ekskavatoram XG836MH<\/h1>\n<h2>Ievads<\/h2>\n<p>Kausa cilindrs ir speci\u0101li izstr\u0101d\u0101ts hidrauliskais cilindrs, ko izmanto, lai kontrol\u0113tu kausa kust\u012bbu smagaj\u0101s ma\u0161\u012bn\u0101s, piem\u0113ram, ekskavatoros, iekr\u0101v\u0113ju ekskavatoros un front\u0101lajos iekr\u0101v\u0113jos. T\u0101 galven\u0101 funkcija ir \u013caut kausam kust\u0113ties uz aug\u0161u, uz leju un sasv\u0113rties, atvieglojot da\u017e\u0101du veidu materi\u0101lu transport\u0113\u0161anu. Hidrauliskaj\u0101s sist\u0113m\u0101s kausa cilindri kontrol\u0113 prec\u012bzu kausa kust\u012bbu, izmantojot hidraulisk\u0101s e\u013c\u013cas spiediena izmai\u0146as, \u013caujot operatoriem efekt\u012bvi apstr\u0101d\u0101t smagas kravas un piel\u0101goties sare\u017e\u0123\u012btai darba videi un da\u017e\u0101d\u0101m ekspluat\u0101cijas vajadz\u012bb\u0101m.<\/p>\n<div>\n  <img decoding=\"async\" src=\"https:\/\/www.hydraulic-cylinders.net\/wp-content\/uploads\/2025\/01\/songte-company-2.webp\" alt=\"Kausa cilindrs XGMA lielajam ekskavatoram XG836MH\">\n<\/div>\n<h2>Funkcijas<\/h2>\n<ul>\n<li>\n<h3>Augsta iztur\u012bba un ilgm\u016b\u017e\u012bba<\/h3>\n<p>Kausa cilindri parasti tiek izgatavoti no augstas stipr\u012bbas t\u0113rauda vai alum\u012bnija, kas var iztur\u0113t augstu spiedienu un lielas slodzes, piel\u0101gojoties skarbai darba videi. Tie ir konstru\u0113ti, \u0146emot v\u0113r\u0101 nodilumiztur\u012bbu un pretkorozijas aizsardz\u012bbu, pagarinot to kalpo\u0161anas laiku.<\/p>\n<\/li>\n<li>\n<h3>Efekt\u012bva hidraulisk\u0101 darb\u012bba<\/h3>\n<p>Izmantojot hidraulisk\u0101s e\u013c\u013cas spiedienu, lai pan\u0101ktu vienm\u0113r\u012bgu izstiep\u0161anu un ievilk\u0161anu, kausa cilindri var \u0101tri rea\u0123\u0113t uz vad\u012bbas komand\u0101m un nodro\u0161in\u0101t sp\u0113c\u012bgus stum\u0161anas un vilk\u0161anas sp\u0113kus, kas ir piem\u0113roti smagu kravu apstr\u0101dei un sare\u017e\u0123\u012btiem ekspluat\u0101cijas uzdevumiem.<\/p>\n<\/li>\n<li>\n<h3>Da\u017e\u0101di veidi<\/h3>\n<p>Kausa cilindrus var izv\u0113l\u0113ties k\u0101 vienk\u0101r\u0161as darb\u012bbas (hidrauliski darbin\u0101mi vien\u0101 virzien\u0101) vai divk\u0101r\u0161as darb\u012bbas (hidrauliski darbin\u0101mi divos virzienos) atkar\u012bb\u0101 no vajadz\u012bb\u0101m, lai apmierin\u0101tu da\u017e\u0101das ekspluat\u0101cijas pras\u012bbas. Da\u017ei mode\u013ci ir teleskopiski, kas \u013cauj pan\u0101kt liel\u0101ku pagarin\u0101jumu, nepalielinot \u0101r\u0113jos izm\u0113rus, un ir piem\u0113roti lietojumiem ar ierobe\u017eotu vietu.<\/p>\n<\/li>\n<li>\n<h3>Nomain\u0101ms ar citiem hidrauliskajiem cilindriem<\/h3>\n<p>M\u016bsu kausu cilindri var lieliski aizst\u0101t citus hidrauliskos cilindrus, nodro\u0161inot lab\u0101ku veiktsp\u0113ju un ilg\u0101ku kalpo\u0161anas laiku.<\/p>\n<\/li>\n<li>\n<h3>Piel\u0101gojams<\/h3>\n<p>M\u0113s varam piel\u0101got kausu cilindrus atbilsto\u0161i konkr\u0113t\u0101m vajadz\u012bb\u0101m, nodro\u0161inot, ka tie atbilst klientu pras\u012bb\u0101m un nodro\u0161ina optim\u0101lu veiktsp\u0113ju.<\/p>\n<\/li>\n<\/ul>\n<div>\n  <img decoding=\"async\" src=\"https:\/\/www.hydraulic-cylinders.net\/wp-content\/uploads\/2025\/01\/songte-cylinder-head-with-all-kinds-excavator-models.webp\" alt=\"Kausa cilindrs XGMA lielajam ekskavatoram XG836MH\">\n<\/div>\n<h2>Pieteikumi<\/h2>\n<p>Kausa cilindri tiek pla\u0161i izmantoti da\u017e\u0101d\u0101s smagaj\u0101s ma\u0161\u012bn\u0101s, tostarp:<\/p>\n<ul>\n<li>\n<h3>Celtniec\u012bbas apr\u012bkojums<\/h3>\n<p>B\u016bvniec\u012bbas tehnika, piem\u0113ram, ekskavatori, izmanto kausa cilindrus rak\u0161anai, iekrau\u0161anai un augsnes vai gru\u017eu p\u0101rvieto\u0161anai. Ekskavatoros-iekr\u0101v\u0113jos kausa cilindri pal\u012bdz gan rak\u0161an\u0101, gan cel\u0161an\u0101.<\/p>\n<\/li>\n<li>\n<h3>Lauksaimniec\u012bbas tehnika<\/h3>\n<p>Kausa cilindrus izmanto front\u0101lajos iekr\u0101v\u0113jos, lai paceltu, izraktu un transport\u0113tu augsni, sienu un citus materi\u0101lus. Ekskavatoros kausa cilindri \u013cauj rakt, \u013caujot kausam iek\u013c\u016bt augsn\u0113. Front\u0101lajos iekr\u0101v\u0113jos tie pal\u012bdz efekt\u012bvi pacelt un izg\u0101zt preces.<\/p>\n<\/li>\n<li>\n<h3>Kalnr\u016bpniec\u012bbas apr\u012bkojums<\/h3>\n<p>Kalnr\u016bpniec\u012bbas iek\u0101rt\u0101s kausa cilindri tiek izmantoti, lai kontrol\u0113tu kausa kust\u012bbu, kas ir b\u016btiska miner\u0101lu vai citu materi\u0101lu rak\u0161anai, iekrau\u0161anai un transport\u0113\u0161anai.<\/p>\n<\/li>\n<\/ul>\n<h2>Dizaina apsv\u0113rumi un atlases krit\u0113riji<\/h2>\n<p>Projekt\u0113jot un izv\u0113loties cilindru, j\u0101\u0146em v\u0113r\u0101 vair\u0101ki faktori:<\/p>\n<ul>\n<li>\n<h3>Nestsp\u0113ja<\/h3>\n<p>Cilindra nestsp\u0113ja nosaka maksim\u0101lo slodzi, ko tas var iztur\u0113t, kas ir b\u016btisks faktors, izv\u0113loties kausa cilindrus.<\/p>\n<\/li>\n<li>\n<h3>Bl\u012bv\u0113\u0161ana<\/h3>\n<p>Cilindra bl\u012bv\u0113juma veiktsp\u0113ja nosaka nopl\u016bdes pak\u0101pi un ietekm\u0113 hidraulisk\u0101s sist\u0113mas kop\u0113jo efektivit\u0101ti un darb\u012bbu.<\/p>\n<\/li>\n<li>\n<h3>Iztur\u012bba<\/h3>\n<p>Balona iztur\u012bba tie\u0161i ietekm\u0113 t\u0101 kalpo\u0161anas laiku, ko ietekm\u0113 t\u0101di faktori k\u0101 balona materi\u0101ls, konstrukcijas dizains un apstr\u0101des process.<\/p>\n<\/li>\n<li>\n<h3>Dro\u0161\u012bba<\/h3>\n<p>Kausu cilindriem j\u0101atbilst dro\u0161\u012bbas standartiem un tiem j\u0101b\u016bt apr\u012bkotiem ar dro\u0161\u012bbas funkcij\u0101m, piem\u0113ram, av\u0101rijas aptur\u0113\u0161anas meh\u0101nismiem, lai nov\u0113rstu negad\u012bjumus.<\/p>\n<\/li>\n<li>\n<h3>Apkope<\/h3>\n<p>Kausa cilindriem j\u0101b\u016bt viegli kopjamiem un remont\u0113jamiem, lai nodro\u0161in\u0101tu optim\u0101lu darb\u012bbu un ilg\u0101ku kalpo\u0161anas laiku.<\/p>\n<\/li>\n<\/ul>\n<div>\n  <img decoding=\"async\" src=\"https:\/\/www.hydraulic-cylinders.net\/wp-content\/uploads\/2025\/01\/songte-oil-pipes-and-spare-parts.webp\" alt=\"Kausa cilindrs XGMA lielajam ekskavatoram XG836MH\">\n<\/div>\n<h2>Bl\u012bv\u0113\u0161ana un e\u013c\u013co\u0161ana<\/h2>\n<p>Kausu cilindros tiek izmantoti da\u017e\u0101di bl\u012bv\u0113\u0161anas komponenti, piem\u0113ram, virzu\u013ca bl\u012bv\u0113jumi un stie\u0146a bl\u012bv\u0113jumi, kas izgatavoti no nodilumiztur\u012bgiem materi\u0101liem, piem\u0113ram, poliuret\u0101na un nitrila gumijas, lai nodro\u0161in\u0101tu uzticamu bl\u012bv\u0113\u0161anas veiktsp\u0113ju. Cilindra korpuss un v\u012bt\u0146ot\u0101s gala virsmas ir prec\u012bzi apstr\u0101d\u0101tas, lai uzlabotu nodilumiztur\u012bbu. Regul\u0101ra hidraulisk\u0101s e\u013c\u013cas papildin\u0101\u0161ana ir nepiecie\u0161ama, lai nodro\u0161in\u0101tu pareizu e\u013c\u013co\u0161anu un pagarin\u0101tu cilindra kalpo\u0161anas laiku.<\/p>\n<h2>P\u0101rbaude un profilaktisk\u0101 apkope<\/h2>\n<p>Lai nodro\u0161in\u0101tu kausu cilindru dro\u0161u un efekt\u012bvu darb\u012bbu, ir nepiecie\u0161ama regul\u0101ra p\u0101rbaude un profilaktisk\u0101 apkope. Apkopes uzdevumi ietver:<\/p>\n<ul>\n<li>\n<h3>Regul\u0101ra p\u0101rbaude<\/h3>\n<p>Kausa cilindri periodiski j\u0101p\u0101rbauda, \u200b\u200bvai nav nodiluma, nopl\u016b\u017eu un deform\u0101cijas paz\u012bmju.<\/p>\n<\/li>\n<li>\n<h3>E\u013c\u013co\u0161ana<\/h3>\n<p>Pareiza cilindra e\u013c\u013co\u0161ana ir b\u016btiska, lai nodro\u0161in\u0101tu t\u0101 nevainojamu darb\u012bbu. E\u013c\u013co\u0161ana j\u0101veic regul\u0101ri.<\/p>\n<\/li>\n<li>\n<h3>Bl\u012bv\u0113juma nomai\u0146a<\/h3>\n<p>Nolietotas vai boj\u0101tas bl\u012bves nekav\u0113joties j\u0101nomaina, lai nov\u0113rstu nopl\u016bdi un veiktsp\u0113jas zudumu.<\/p>\n<\/li>\n<li>\n<h3>Kalibr\u0113\u0161anas p\u0101rbaude<\/h3>\n<p>Kausa cilindri periodiski j\u0101kalibr\u0113, lai nodro\u0161in\u0101tu prec\u012bzu darb\u012bbu un optim\u0101lu veiktsp\u0113ju.<\/p>\n<\/li>\n<\/ul>\n<p>Pareiza uzst\u0101d\u012b\u0161ana un izl\u012bdzin\u0101\u0161ana ir \u013coti svar\u012bga kausu cilindru darb\u012bbai un dro\u0161\u012bbai. Cilindrs j\u0101uzst\u0101da un j\u0101izl\u012bdzina, iev\u0113rojot ra\u017eot\u0101ja nor\u0101d\u012bjumus, un cilindra nostiprin\u0101\u0161anai j\u0101izmanto atbilsto\u0161i stiprin\u0101juma kron\u0161teini.<\/p>\n<div>\n  <img decoding=\"async\" src=\"https:\/\/www.hydraulic-cylinders.net\/wp-content\/uploads\/2025\/01\/songte-chushion-collar.webp\" alt=\"Kausa cilindrs XGMA lielajam ekskavatoram XG836MH\">\n<\/div>\n<h2>Dro\u0161\u012bbas apsv\u0113rumi un vides faktori<\/h2>\n<p>Kausu cilindriem j\u0101atbilst dro\u0161\u012bbas standartiem un tiem j\u0101b\u016bt apr\u012bkotiem ar dro\u0161\u012bbas funkcij\u0101m, piem\u0113ram, av\u0101rijas aptur\u0113\u0161anas meh\u0101nismiem, lai nov\u0113rstu negad\u012bjumus. Lietojot kausu cilindrus, operatoriem j\u0101b\u016bt apm\u0101c\u012btiem pareiz\u0101 lieto\u0161an\u0101 un dro\u0161\u012bbas protokolos.<\/p>\n<h2>Darb\u012bbas trauc\u0113jumu un bie\u017ei sastopamo probl\u0113mu diagnostika<\/h2>\n<p>Bie\u017ei sastopamas probl\u0113mas, kas var rasties, lietojot kausu cilindrus, ir nopl\u016bdes, deform\u0101cija un iespr\u016bdu\u0161i virzu\u013ci. \u0160\u012bs probl\u0113mas var risin\u0101t, veicot diagnostiku un nov\u0113r\u0161ot probl\u0113mas, kas var ietvert nolietotu vai boj\u0101tu bl\u012bv\u0113jumu nomai\u0146u, cilindra atk\u0101rtotu izl\u012bdzin\u0101\u0161anu vai boj\u0101tu deta\u013cu remontu.<\/p>\n<h2>Uz\u0146\u0113muma ievads<\/h2>\n<p>M\u0113s esam vado\u0161ais hidraulisko cilindru ra\u017eot\u0101js un vairumtirgot\u0101js, kas pied\u0101v\u0101 pla\u0161u produktu kl\u0101stu, lai apmierin\u0101tu viet\u0113j\u0101 un starptautisk\u0101 tirgus vajadz\u012bbas. M\u016bsu uz\u0146\u0113mums iev\u0113ro industrializ\u0113tas ra\u017eo\u0161anas vad\u012bbas strat\u0113\u0123iju, pa\u013caujoties uz tehniskajiem talantiem, augstas klases digit\u0101laj\u0101m ra\u017eo\u0161anas iek\u0101rt\u0101m un profesion\u0101l\u0101m test\u0113\u0161anas sist\u0113m\u0101m, lai uzlabotu ra\u017eo\u0161anas iesp\u0113jas un produktu kvalit\u0101ti. M\u0113s esam ap\u0146\u0113mu\u0161ies nodro\u0161in\u0101t klientus ar augstas kvalit\u0101tes produktiem un pakalpojumiem, kas atbilst vi\u0146u da\u017e\u0101daj\u0101m vajadz\u012bb\u0101m.<\/p>\n<div>\n  <img decoding=\"async\" src=\"https:\/\/hzpt.com\/wp-content\/uploads\/2024\/11\/songte-company-1.webp\" alt=\"Kausa cilindrs XGMA lielajam ekskavatoram XG836MH\">\n<\/div>\n<p>M\u0113s lepojamies ar savu profesionalit\u0101ti, starptautisko sertifik\u0101ciju, piel\u0101gotajiem pakalpojumiem, ra\u017eo\u0161anas iek\u0101rt\u0101m un p\u0113cp\u0101rdo\u0161anas apkalpo\u0161anu.<\/p>\n<ul>\n<li>\n<h3>Profesionalit\u0101te<\/h3>\n<p>M\u016bsu profesion\u0101\u013cu komandai ir daudzu gadu pieredze hidraulisko cilindru nozar\u0113, kas nodro\u0161ina, ka m\u016bsu produkti atbilst augst\u0101kajiem kvalit\u0101tes un uzticam\u012bbas standartiem.<\/p>\n<\/li>\n<li>\n<h3>Starptautisk\u0101 sertifik\u0101cija<\/h3>\n<p>M\u0113s esam ieguvu\u0161i da\u017e\u0101dus starptautiskus sertifik\u0101tus, tostarp ISO9001, ISO14001 un CE, kas nodro\u0161ina, ka m\u016bsu produkti atbilst pasaules kvalit\u0101tes un dro\u0161\u012bbas standartiem.<\/p>\n<\/li>\n<li>\n<h3>Piel\u0101goti pakalpojumi<\/h3>\n<p>M\u0113s varam piel\u0101got savus produktus konkr\u0113t\u0101m klientu vajadz\u012bb\u0101m, nodro\u0161inot optim\u0101lus risin\u0101jumus vi\u0146u darb\u012bbas pras\u012bb\u0101m.<\/p>\n<\/li>\n<li>\n<h3>Ra\u017eo\u0161anas iek\u0101rtas<\/h3>\n<p>Esam ieguld\u012bju\u0161i l\u012bdzek\u013cus augstas klases digit\u0101laj\u0101s ra\u017eo\u0161anas iek\u0101rt\u0101s, nodro\u0161inot, ka m\u016bsu produkti tiek izgatavoti prec\u012bzi un efekt\u012bvi.<\/p>\n<\/li>\n<li>\n<h3>P\u0113cp\u0101rdo\u0161anas serviss<\/h3>\n<p>M\u0113s pied\u0101v\u0101jam lielisku p\u0113cp\u0101rdo\u0161anas apkalpo\u0161anu, tostarp produktu remontu un nomai\u0146u, lai nodro\u0161in\u0101tu, ka m\u016bsu klienti ir apmierin\u0101ti ar pirkumiem.<\/p>\n<\/li>\n<\/ul>\n<p>Autors: lil<\/p>","protected":false},"excerpt":{"rendered":"<p>Bucket Cylinder For XGMA Large Excavator XG836MH Introduction A bucket cylinder is a specially designed hydraulic cylinder used to control the movement of the bucket in heavy machinery like excavators, backhoe loaders, and front-end loaders. Its primary function is to allow the bucket to move up, down, and tilt, making it easier to transport various [&hellip;]<\/p>","protected":false},"featured_media":14782,"comment_status":"open","ping_status":"closed","template":"","meta":{"_et_pb_use_builder":"","_et_pb_old_content":"","_et_gb_content_width":""},"product_brand":[],"product_cat":[1494],"product_tag":[1495,1496],"class_list":{"0":"post-15602","1":"product","2":"type-product","3":"status-publish","4":"has-post-thumbnail","6":"product_cat-bucket-cylinders","7":"product_tag-bucket-cylinders","8":"product_tag-hydraulic-cylinders","10":"first","11":"instock","12":"shipping-taxable","13":"product-type-simple"},"amp_enabled":true,"_links":{"self":[{"href":"https:\/\/www.hydraulic-cylinders.net\/lv\/wp-json\/wp\/v2\/product\/15602","targetHints":{"allow":["GET"]}}],"collection":[{"href":"https:\/\/www.hydraulic-cylinders.net\/lv\/wp-json\/wp\/v2\/product"}],"about":[{"href":"https:\/\/www.hydraulic-cylinders.net\/lv\/wp-json\/wp\/v2\/types\/product"}],"replies":[{"embeddable":true,"href":"https:\/\/www.hydraulic-cylinders.net\/lv\/wp-json\/wp\/v2\/comments?post=15602"}],"wp:featuredmedia":[{"embeddable":true,"href":"https:\/\/www.hydraulic-cylinders.net\/lv\/wp-json\/wp\/v2\/media\/14782"}],"wp:attachment":[{"href":"https:\/\/www.hydraulic-cylinders.net\/lv\/wp-json\/wp\/v2\/media?parent=15602"}],"wp:term":[{"taxonomy":"product_brand","embeddable":true,"href":"https:\/\/www.hydraulic-cylinders.net\/lv\/wp-json\/wp\/v2\/product_brand?post=15602"},{"taxonomy":"product_cat","embeddable":true,"href":"https:\/\/www.hydraulic-cylinders.net\/lv\/wp-json\/wp\/v2\/product_cat?post=15602"},{"taxonomy":"product_tag","embeddable":true,"href":"https:\/\/www.hydraulic-cylinders.net\/lv\/wp-json\/wp\/v2\/product_tag?post=15602"}],"curies":[{"name":"wp","href":"https:\/\/api.w.org\/{rel}","templated":true}]}}