{"id":15603,"date":"2025-01-19T14:44:15","date_gmt":"2025-01-19T14:44:15","guid":{"rendered":"https:\/\/www.hydraulic-cylinders.net\/product\/bucket-cylinder-for-xgma-wheel-excavator-xg806w\/"},"modified":"2025-01-19T14:44:17","modified_gmt":"2025-01-19T14:44:17","slug":"bucket-cylinder-for-xgma-wheel-excavator-xg806w","status":"publish","type":"product","link":"https:\/\/www.hydraulic-cylinders.net\/lv\/products\/bucket-cylinder-for-xgma-wheel-excavator-xg806w\/","title":{"rendered":"Kausa cilindrs XGMA rite\u0146u ekskavatoram XG806W"},"content":{"rendered":"<p><!DOCTYPE html><br \/>\n<html><br \/>\n<head><br \/>\n<title>Kausa cilindrs XGMA rite\u0146u ekskavatoram XG806W<\/title><br \/>\n<\/head><br \/>\n<body><\/p>\n<h1>Kausa cilindrs XGMA rite\u0146u ekskavatoram XG806W<\/h1>\n<h2>Ievads<\/h2>\n<p>Kausa cilindrs ir speci\u0101li izstr\u0101d\u0101ts hidrauliskais cilindrs, ko izmanto, lai kontrol\u0113tu kausa kust\u012bbu smagaj\u0101s ma\u0161\u012bn\u0101s, piem\u0113ram, ekskavatoros, iekr\u0101v\u0113jos un front\u0101lajos iekr\u0101v\u0113jos. T\u0101 galven\u0101 funkcija ir nodro\u0161in\u0101t kausa pacel\u0161anu, nolai\u0161anu un noliek\u0161anu, atvieglojot da\u017e\u0101du materi\u0101lu apstr\u0101des uzdevumu veik\u0161anu. Hidrauliskaj\u0101 sist\u0113m\u0101 kausa cilindrs pan\u0101k prec\u012bzu kausa vad\u012bbu, mainot hidraulisk\u0101s e\u013c\u013cas spiedienu, \u013caujot operatoriem efekt\u012bvi apstr\u0101d\u0101t smagas kravas un piel\u0101goties sare\u017e\u0123\u012btai darba videi un da\u017e\u0101d\u0101m ekspluat\u0101cijas vajadz\u012bb\u0101m.<\/p>\n<p><img decoding=\"async\" src=\"https:\/\/www.hydraulic-cylinders.net\/wp-content\/uploads\/2025\/01\/songte-company-2.webp\" alt=\"Kausa cilindra att\u0113ls\"><\/p>\n<h2>Funkcijas<\/h2>\n<ul>\n<li>Augsta iztur\u012bba un ilgm\u016b\u017e\u012bba: Parasti izgatavots no augstas stipr\u012bbas t\u0113rauda vai alum\u012bnija, tas var iztur\u0113t augstu spiedienu un lielas slodzes, piel\u0101gojoties skarbai darba videi. Konstrukcij\u0101 \u0146emta v\u0113r\u0101 nodilumiztur\u012bba un iztur\u012bba pret koroziju, pagarinot t\u0101 kalpo\u0161anas laiku.<\/li>\n<li>Efekt\u012bva hidraulisk\u0101 darb\u012bba: Izmantojot hidraulisk\u0101s e\u013c\u013cas spiedienu, t\u0101 pan\u0101k vienm\u0113r\u012bgu izstiep\u0161anu un ievilk\u0161anu, \u013caujot \u0101tri rea\u0123\u0113t uz vad\u012bbas komand\u0101m un nodro\u0161inot jaud\u012bgu stum\u0161anas un vilk\u0161anas sp\u0113ku, kas piem\u0113rots smagu kravu apstr\u0101dei un sare\u017e\u0123\u012btu uzdevumu veik\u0161anai.<\/li>\n<li>Da\u017e\u0101di veidi: Pieejami ar vienas darb\u012bbas (hidrauliski darbojas tikai vien\u0101 virzien\u0101) vai divk\u0101r\u0161as darb\u012bbas (hidrauliski darbojas abos virzienos) cilindriem, lai apmierin\u0101tu da\u017e\u0101das ekspluat\u0101cijas pras\u012bbas. Da\u017ei mode\u013ci ir teleskopiski, kas \u013cauj tos pagarin\u0101t, nepalielinot \u0101r\u0113jos izm\u0113rus, padarot tos piem\u0113rotus lietojumiem ar ierobe\u017eotu vietu.<\/li>\n<\/ul>\n<p><img decoding=\"async\" src=\"https:\/\/www.hydraulic-cylinders.net\/wp-content\/uploads\/2025\/01\/songte-cylinder-head-with-all-kinds-excavator-models.webp\" alt=\"Produkta att\u0113ls\"><\/p>\n<h2>Pieteikumi<\/h2>\n<ul>\n<li>B\u016bvniec\u012bbas tehnika: atrodama ekskavatoros, t\u0101 ir \u013coti svar\u012bga rak\u0161anai, iekrau\u0161anai un augsnes vai gru\u017eu p\u0101rvieto\u0161anai. Ekskavatoros-iekr\u0101v\u0113jos kausa cilindrs pal\u012bdz gan rak\u0161an\u0101, gan cel\u0161an\u0101.<\/li>\n<li>Lauksaimniec\u012bbas tehnika: Izmanto front\u0101lajos iekr\u0101v\u0113jos, tie pal\u012bdz augsnes, siena un citu materi\u0101lu sav\u0101k\u0161an\u0101, cel\u0161an\u0101 un transport\u0113\u0161an\u0101.<\/li>\n<li>Ekskavatori: Kausa cilindrs nodro\u0161ina rak\u0161anas darb\u012bbas, \u013caujot kausam iek\u013c\u016bt augsn\u0113.<\/li>\n<li>Rite\u0146u iekr\u0101v\u0113ji: Rite\u0146u iekr\u0101v\u0113jos tie efekt\u012bvi pal\u012bdz pacelt un izkraut preces.<\/li>\n<\/ul>\n<h2>Dizaina apsv\u0113rumi un atlases krit\u0113riji<\/h2>\n<ul>\n<li>Nestsp\u0113ja: Apspriediet cilindra nestsp\u0113ju un t\u0101s ietekmi uz veiktsp\u0113ju.<\/li>\n<li>Bl\u012bv\u0113jums: Izp\u0113tiet pareiza bl\u012bv\u0113juma noz\u012bmi nopl\u016b\u017eu nov\u0113r\u0161an\u0101 un efekt\u012bvas darb\u012bbas nodro\u0161in\u0101\u0161an\u0101.<\/li>\n<li>Iztur\u012bba: Apspriediet iztur\u012bgas konstrukcijas nepiecie\u0161am\u012bbu, lai t\u0101 iztur\u0113tu skarbus darba apst\u0101k\u013cus un ilgsto\u0161u lieto\u0161anu.<\/li>\n<li>Dro\u0161\u012bba: \u0146emiet v\u0113r\u0101 dro\u0161\u012bbas apsv\u0113rumus kausa cilindra projekt\u0113\u0161an\u0101 un darb\u012bb\u0101.<\/li>\n<li>Apkope: Apspriediet apkopes vienk\u0101r\u0161\u012bbu un rezerves da\u013cu pieejam\u012bbu remontam un nomai\u0146ai.<\/li>\n<\/ul>\n<p><img decoding=\"async\" src=\"https:\/\/www.hydraulic-cylinders.net\/wp-content\/uploads\/2025\/01\/songte-oil-pipes-and-spare-parts.webp\" alt=\"Produkta att\u0113ls\"><\/p>\n<h2>Bl\u012bv\u0113\u0161ana un e\u013c\u013co\u0161ana<\/h2>\n<p>Kausa cilindr\u0101 tiek izmantoti da\u017e\u0101di bl\u012bv\u0113\u0161anas komponenti, piem\u0113ram, virzu\u013ca bl\u012bv\u0113jumi un stie\u0146a bl\u012bv\u0113jumi, kas izgatavoti no t\u0101diem materi\u0101liem k\u0101 poliuret\u0101ns un nitrilgumija, lai nodro\u0161in\u0101tu nodilumiztur\u012bbu. Cilindra korpuss un v\u012bt\u0146ot\u0101s gala virsmas ir smalki apstr\u0101d\u0101tas, lai uzlabotu iztur\u012bbu. Lai nodro\u0161in\u0101tu vienm\u0113r\u012bgu darb\u012bbu un ilgm\u016b\u017e\u012bbu, ir nepiecie\u0161ama regul\u0101ra e\u013c\u013co\u0161ana ar atbilsto\u0161u hidraulisk\u0101s e\u013c\u013cas daudzumu.<\/p>\n<h2>P\u0101rbaude un profilaktisk\u0101 apkope<\/h2>\n<ul>\n<li>Regul\u0101ras p\u0101rbaudes, lai identific\u0113tu jebk\u0101das nodiluma, nopl\u016bdes vai boj\u0101jumu paz\u012bmes, kas var ietekm\u0113t veiktsp\u0113ju.<\/li>\n<li>Pareiza e\u013c\u013co\u0161ana, lai nodro\u0161in\u0101tu vienm\u0113r\u012bgu darb\u012bbu un nov\u0113rstu p\u0101rm\u0113r\u012bgu nodilumu.<\/li>\n<li>Regul\u0101ra bl\u012bv\u0113juma nomai\u0146a, lai nodro\u0161in\u0101tu efekt\u012bvu bl\u012bv\u0113\u0161anu un nov\u0113rstu nopl\u016bdes.<\/li>\n<li>Kalibr\u0113\u0161anas p\u0101rbaudes, lai p\u0101rbaud\u012btu cilindra darb\u012bbu un izl\u012bdzin\u0101\u0161anu.<\/li>\n<\/ul>\n<p><img decoding=\"async\" src=\"https:\/\/www.hydraulic-cylinders.net\/wp-content\/uploads\/2025\/01\/songte-chushion-collar.webp\" alt=\"Produkta att\u0113ls\"><\/p>\n<h2>Dro\u0161\u012bbas apsv\u0113rumi un vides faktori<\/h2>\n<p>Izmantojot kausa cilindru, ir svar\u012bgi iev\u0113rot dro\u0161\u012bbas pas\u0101kumus, lai nov\u0113rstu negad\u012bjumus un nodro\u0161in\u0101tu operatoru labsaj\u016btu. Lai saglab\u0101tu cilindra veiktsp\u0113ju un ilgm\u016b\u017e\u012bbu, j\u0101\u0146em v\u0113r\u0101 ar\u012b t\u0101di vides faktori k\u0101 temperat\u016bra un saskare ar kod\u012bg\u0101m viel\u0101m.<\/p>\n<h2>K\u013c\u016bmju diagnostika un probl\u0113mu nov\u0113r\u0161ana<\/h2>\n<p>Bie\u017e\u0101k sastopamie kausa cilindra darb\u012bbas trauc\u0113jumi un probl\u0113mas ir nopl\u016bdes, l\u0113na darb\u012bba un neparasti trok\u0161\u0146i. Lai diagnostic\u0113tu un nov\u0113rstu \u0161\u012bs probl\u0113mas, j\u0101izmanto t\u016bl\u012bt\u0113jas probl\u0113mu nov\u0113r\u0161anas un risin\u0101\u0161anas metodes. Turkl\u0101t j\u0101ievie\u0161 prevent\u012bvie pas\u0101kumi, lai samazin\u0101tu iesp\u0113jam\u0101s probl\u0113mas.<\/p>\n<p><img decoding=\"async\" src=\"https:\/\/www.hydraulic-cylinders.net\/wp-content\/uploads\/2025\/01\/songte-bushings-with-all-kinds-of-excavator-models.webp\" alt=\"Produkta att\u0113ls\"><\/p>\n<h2>Secin\u0101jums<\/h2>\n<p>Nosl\u0113gum\u0101 j\u0101saka, ka XGMA rite\u0146u ekskavatora XG806W kausa cilindrs ir b\u016btiska smago ma\u0161\u012bnu sast\u0101vda\u013ca, kas nodro\u0161ina efekt\u012bvus materi\u0101lu apstr\u0101des uzdevumus. Tas pied\u0101v\u0101 augstu iztur\u012bbu, ilgm\u016b\u017e\u012bbu un efekt\u012bvu hidraulisko darb\u012bbu. Pateicoties t\u0101 daudzpus\u012bgajam pielietojumam un r\u016bp\u012bgajam dizainam, tam ir iz\u0161\u0137iro\u0161a noz\u012bme da\u017e\u0101d\u0101s nozar\u0113s. M\u016bsu uz\u0146\u0113mums ir vado\u0161ais rezerves hidraulisko cilindru ra\u017eot\u0101js un izplat\u012bt\u0101js, kas ir ap\u0146\u0113mies nodro\u0161in\u0101t izcilu kvalit\u0101ti un apmierin\u0101t da\u017e\u0101das klientu pras\u012bbas.<\/p>\n<p><img decoding=\"async\" src=\"https:\/\/hzpt.com\/wp-content\/uploads\/2024\/11\/songte-company-1.webp\" alt=\"Uz\u0146\u0113muma t\u0113ls\"><\/p>\n<h2>Par m\u016bsu uz\u0146\u0113mumu<\/h2>\n<ul>\n<li>Profesionalit\u0101te: M\u0113s esam ra\u017eot\u0101js, kas specializ\u0113jas rezerves hidraulisko cilindru ra\u017eo\u0161an\u0101.<\/li>\n<li>Starptautisk\u0101s sertifik\u0101cijas: M\u016bsu produkti atbilst starptautiskajiem kvalit\u0101tes standartiem.<\/li>\n<li>Piel\u0101go\u0161anas pakalpojumi: M\u0113s pied\u0101v\u0101jam piel\u0101gotus risin\u0101jumus, lai apmierin\u0101tu \u012bpa\u0161as klientu pras\u012bbas.<\/li>\n<li>Uzlabots ra\u017eo\u0161anas apr\u012bkojums: M\u0113s izmantojam vismodern\u0101k\u0101s ra\u017eo\u0161anas iek\u0101rtas.<\/li>\n<li>P\u0113cp\u0101rdo\u0161anas serviss: M\u0113s pied\u0101v\u0101jam lielisku p\u0113cp\u0101rdo\u0161anas atbalstu, lai nodro\u0161in\u0101tu klientu apmierin\u0101t\u012bbu.<\/li>\n<\/ul>\n<p><img decoding=\"async\" src=\"https:\/\/www.hydraulic-cylinders.net\/wp-content\/uploads\/2025\/01\/songte-company-3.webp\" alt=\"Uz\u0146\u0113muma t\u0113ls\"><\/p>\n<p>Autors: lil<\/p>\n<p><\/body><br \/>\n<\/html><\/p>","protected":false},"excerpt":{"rendered":"<p>Bucket Cylinder For XGMA Wheel Excavator XG806W Bucket Cylinder For XGMA Wheel Excavator XG806W Introduction The bucket cylinder is a specially designed hydraulic cylinder used to control the movement of the bucket in heavy machinery such as excavators, backhoe loaders, and wheel loaders. Its main function is to enable the lifting, lowering, and tilting of [&hellip;]<\/p>","protected":false},"featured_media":14780,"comment_status":"open","ping_status":"closed","template":"","meta":{"_et_pb_use_builder":"","_et_pb_old_content":"","_et_gb_content_width":""},"product_brand":[],"product_cat":[1494],"product_tag":[1495,1496],"class_list":{"0":"post-15603","1":"product","2":"type-product","3":"status-publish","4":"has-post-thumbnail","6":"product_cat-bucket-cylinders","7":"product_tag-bucket-cylinders","8":"product_tag-hydraulic-cylinders","10":"first","11":"instock","12":"shipping-taxable","13":"product-type-simple"},"amp_enabled":true,"_links":{"self":[{"href":"https:\/\/www.hydraulic-cylinders.net\/lv\/wp-json\/wp\/v2\/product\/15603","targetHints":{"allow":["GET"]}}],"collection":[{"href":"https:\/\/www.hydraulic-cylinders.net\/lv\/wp-json\/wp\/v2\/product"}],"about":[{"href":"https:\/\/www.hydraulic-cylinders.net\/lv\/wp-json\/wp\/v2\/types\/product"}],"replies":[{"embeddable":true,"href":"https:\/\/www.hydraulic-cylinders.net\/lv\/wp-json\/wp\/v2\/comments?post=15603"}],"wp:featuredmedia":[{"embeddable":true,"href":"https:\/\/www.hydraulic-cylinders.net\/lv\/wp-json\/wp\/v2\/media\/14780"}],"wp:attachment":[{"href":"https:\/\/www.hydraulic-cylinders.net\/lv\/wp-json\/wp\/v2\/media?parent=15603"}],"wp:term":[{"taxonomy":"product_brand","embeddable":true,"href":"https:\/\/www.hydraulic-cylinders.net\/lv\/wp-json\/wp\/v2\/product_brand?post=15603"},{"taxonomy":"product_cat","embeddable":true,"href":"https:\/\/www.hydraulic-cylinders.net\/lv\/wp-json\/wp\/v2\/product_cat?post=15603"},{"taxonomy":"product_tag","embeddable":true,"href":"https:\/\/www.hydraulic-cylinders.net\/lv\/wp-json\/wp\/v2\/product_tag?post=15603"}],"curies":[{"name":"wp","href":"https:\/\/api.w.org\/{rel}","templated":true}]}}