{"id":15605,"date":"2025-01-19T14:44:22","date_gmt":"2025-01-19T14:44:22","guid":{"rendered":"https:\/\/www.hydraulic-cylinders.net\/product\/bucket-cylinder-for-xgma-wheel-excavator-xg815w\/"},"modified":"2025-01-19T14:44:24","modified_gmt":"2025-01-19T14:44:24","slug":"bucket-cylinder-for-xgma-wheel-excavator-xg815w","status":"publish","type":"product","link":"https:\/\/www.hydraulic-cylinders.net\/lv\/products\/bucket-cylinder-for-xgma-wheel-excavator-xg815w\/","title":{"rendered":"Kausa cilindrs XGMA rite\u0146u ekskavatoram XG815W"},"content":{"rendered":"<h1>Kausa cilindrs XGMA rite\u0146u ekskavatoram XG815W<\/h1>\n<h2>Ievads<\/h2>\n<p>Kausa cilindrs, kas paz\u012bstams ar\u012b k\u0101 hidrauliskais cilindrs, ir \u012bpa\u0161i izstr\u0101d\u0101ta hidrauliska sast\u0101vda\u013ca, ko izmanto, lai kontrol\u0113tu kausa kust\u012bbu smagaj\u0101s ma\u0161\u012bn\u0101s, piem\u0113ram, ekskavatoros, univers\u0101lajos iekr\u0101v\u0113jos un front\u0101lajos iekr\u0101v\u0113jos. T\u0101 galven\u0101 funkcija ir nodro\u0161in\u0101t kausa pacel\u0161anu, nolai\u0161anu un noliek\u0161anu, padarot to piem\u0113rotu da\u017e\u0101diem materi\u0101lu apstr\u0101des uzdevumiem. Hidrauliskaj\u0101 sist\u0113m\u0101 kausa cilindrs pan\u0101k prec\u012bzu kausa vad\u012bbu, mainot hidraulisk\u0101s e\u013c\u013cas spiedienu, \u013caujot operatoriem efekt\u012bvi apstr\u0101d\u0101t smagas kravas, vienlaikus piel\u0101gojoties sare\u017e\u0123\u012btai darba videi un da\u017e\u0101d\u0101m darba pras\u012bb\u0101m.<\/p>\n<p><img decoding=\"async\" src=\"https:\/\/www.hydraulic-cylinders.net\/wp-content\/uploads\/2025\/01\/songte-company-2.webp\" alt=\"Kausa cilindra att\u0113ls\"><\/p>\n<h2>Funkcijas<\/h2>\n<ul>\n<li>\n<h3>Augsta iztur\u012bba un ilgm\u016b\u017e\u012bba<\/h3>\n<p>Kausa cilindrs parasti ir izgatavots no augstas stipr\u012bbas t\u0113rauda vai alum\u012bnija, kas sp\u0113j iztur\u0113t augstu spiedienu un lielas slodzes, un ir konstru\u0113ts, \u0146emot v\u0113r\u0101 nodilumiztur\u012bbu un korozijas iztur\u012bbu, lai pagarin\u0101tu t\u0101 kalpo\u0161anas laiku.<\/p>\n<\/li>\n<li>\n<h3>Efekt\u012bva hidraulisk\u0101 darb\u012bba<\/h3>\n<p>Kausa cilindrs izmanto hidraulisk\u0101s e\u013c\u013cas spiedienu, lai pan\u0101ktu vienm\u0113r\u012bgu teleskopisko kust\u012bbu, \u013caujot tam \u0101tri rea\u0123\u0113t uz vad\u012bbas komand\u0101m, nodro\u0161in\u0101t sp\u0113c\u012bgu stum\u0161anas un vilk\u0161anas sp\u0113ku, un tas ir piem\u0113rots smagu kravu apstr\u0101dei un sare\u017e\u0123\u012btu darba uzdevumu veik\u0161anai.<\/p>\n<\/li>\n<li>\n<h3>Da\u017e\u0101di veidi<\/h3>\n<p>Kausa cilindru var izv\u0113l\u0113ties k\u0101 vienk\u0101r\u0161\u0101s darb\u012bbas (izmantojot hidrauliku tikai vien\u0101 virzien\u0101) vai divk\u0101r\u0161\u0101s darb\u012bbas (izmantojot hidrauliku divos virzienos) cilindru atkar\u012bb\u0101 no ekspluat\u0101cijas vajadz\u012bb\u0101m. Da\u017ei mode\u013ci ir teleskopiski, kas \u013cauj pan\u0101kt liel\u0101ku pagarin\u0101jumu, nepalielinot \u0101r\u0113jos izm\u0113rus, un ir piem\u0113roti lieto\u0161anai ierobe\u017eot\u0101 telp\u0101.<\/p>\n<\/li>\n<li>\n<h3>Perfekta nomai\u0146a<\/h3>\n<p>M\u016bsu produkti var lieliski aizst\u0101t \u0161os hidrauliskos cilindrus.<\/p>\n<\/li>\n<\/ul>\n<p><img decoding=\"async\" src=\"https:\/\/www.hydraulic-cylinders.net\/wp-content\/uploads\/2025\/01\/songte-cylinder-head-with-all-kinds-excavator-models.webp\" alt=\"Kausa cilindra att\u0113ls\"><\/p>\n<h2>Pieteikumi<\/h2>\n<p>Kausa cilindram ir da\u017e\u0101di pielietojumi, tostarp:<\/p>\n<ul>\n<li>\n<h3>Celtniec\u012bbas apr\u012bkojums<\/h3>\n<p>Kausa cilindrs ir b\u016btisks ekskavatoriem, lai raktu, iekrautu un p\u0101rvietotu augsni vai gru\u017eus. Ekskavatoros kausa cilindrs pal\u012bdz rakt un celt. Iekr\u0101v\u0113jos tas pal\u012bdz celt un noliekt, lai nodro\u0161in\u0101tu efekt\u012bvu izg\u0101\u0161anu.<\/p>\n<\/li>\n<li>\n<h3>Lauksaimniec\u012bbas tehnika<\/h3>\n<p>Kausa cilindru izmanto front\u0101lajos iekr\u0101v\u0113jos augsnes, siena un citu materi\u0101lu rak\u0161anai, cel\u0161anai un transport\u0113\u0161anai. Ekskavatoros kausa cilindrs nodro\u0161ina rak\u0161anas darb\u012bbu, \u013caujot kausam iek\u013c\u016bt augsn\u0113.<\/p>\n<\/li>\n<\/ul>\n<h2>Dizaina apsv\u0113rumi un atlases krit\u0113riji<\/h2>\n<p>Kausa cilindra konstrukcij\u0101 tiek \u0146emti v\u0113r\u0101 t\u0101di galvenie faktori k\u0101 nestsp\u0113ja, bl\u012bv\u0113jums, iztur\u012bba, dro\u0161\u012bba un apkopes iesp\u0113jas. Taj\u0101 tiek izmantoti augstas kvalit\u0101tes materi\u0101li un prec\u012bzi ra\u017eo\u0161anas procesi, lai nodro\u0161in\u0101tu maksim\u0101lu veiktsp\u0113ju un ilgm\u016b\u017e\u012bbu. T\u0101l\u0101k ir nor\u0101d\u012bti dizaina apsv\u0113rumi un atlases krit\u0113riji:<\/p>\n<ul>\n<li>\n<h3>Nestsp\u0113ja<\/h3>\n<p>Kausa cilindram j\u0101b\u016bt konstru\u0113tam t\u0101, lai tas iztur\u0113tu maksim\u0101lo slodzi, kas tam tiek pielikta lieto\u0161anas laik\u0101. R\u016bp\u012bgi j\u0101apsver cilindra materi\u0101la izv\u0113le un konstrukcijas integrit\u0101te.<\/p>\n<\/li>\n<li>\n<h3>Bl\u012bv\u0113\u0161ana<\/h3>\n<p>Kausa cilindram j\u0101b\u016bt atbilsto\u0161i nosl\u0113gtam, lai nov\u0113rstu e\u013c\u013cas nopl\u016bdes un \u016bdens iek\u013c\u016b\u0161anu. Augstas kvalit\u0101tes bl\u012bv\u0113jumu, piem\u0113ram, virzu\u013ca bl\u012bv\u0113jumu un stie\u0146a bl\u012bv\u0113jumu, kas izgatavoti no nodilumiztur\u012bgiem materi\u0101liem, piem\u0113ram, poliuret\u0101na un nitrila gumijas, izmanto\u0161ana var uzlabot cilindra bl\u012bv\u0113\u0161anas efektivit\u0101ti.<\/p>\n<\/li>\n<li>\n<h3>Iztur\u012bba<\/h3>\n<p>Kausa cilindram j\u0101b\u016bt konstru\u0113tam t\u0101, lai tas iztur\u0113tu skarbu darba vidi un lielas slodzes. Augstas iztur\u012bbas materi\u0101lu izmanto\u0161ana, prec\u012bzi ra\u017eo\u0161anas procesi un virsmas apstr\u0101de var uzlabot cilindra nodilumiztur\u012bbu un korozijas iztur\u012bbu.<\/p>\n<\/li>\n<li>\n<h3>Dro\u0161\u012bba<\/h3>\n<p>Kausa cilindram j\u0101b\u016bt konstru\u0113tam, \u0146emot v\u0113r\u0101 dro\u0161\u012bbu, nodro\u0161inot dro\u0161u darb\u012bbu un nov\u0113r\u0161ot negad\u012bjumus. Lai nodro\u0161in\u0101tu dro\u0161u darb\u012bbu, cilindra konstrukcij\u0101 var integr\u0113t t\u0101das dro\u0161\u012bbas funkcijas k\u0101 spiediena samazin\u0101\u0161anas v\u0101rstus un poz\u012bcijas sensorus.<\/p>\n<\/li>\n<li>\n<h3>Uzturam\u012bba<\/h3>\n<p>Kausa cilindram j\u0101b\u016bt konstru\u0113tam t\u0101, lai to b\u016btu viegli apkopt un remont\u0113t. T\u0101di apsv\u0113rumi k\u0101 viegla demont\u0101\u017ea, kritisko komponentu pieejam\u012bba un rezerves da\u013cu pieejam\u012bba var uzlabot cilindra apkopes iesp\u0113jas.<\/p>\n<\/li>\n<\/ul>\n<p><img decoding=\"async\" src=\"https:\/\/www.hydraulic-cylinders.net\/wp-content\/uploads\/2025\/01\/songte-oil-pipes-and-spare-parts.webp\" alt=\"Kausa cilindra att\u0113ls\"><\/p>\n<h2>Bl\u012bv\u0113\u0161ana un e\u013c\u013co\u0161ana<\/h2>\n<p>Kausa cilindr\u0101 tiek izmantoti da\u017e\u0101di bl\u012bv\u0113\u0161anas komponenti, piem\u0113ram, virzu\u013ca bl\u012bv\u0113jumi un stie\u0146a bl\u012bv\u0113jumi, lai nov\u0113rstu e\u013c\u013cas nopl\u016bdes un uztur\u0113tu hidraulisko spiedienu. Augstas kvalit\u0101tes bl\u012bv\u0113jumu izmanto\u0161ana, kas izgatavoti no nodilumiztur\u012bgiem materi\u0101liem, piem\u0113ram, poliuret\u0101na un nitrila gumijas, var uzlabot cilindra bl\u012bv\u0113\u0161anas efektivit\u0101ti. Regul\u0101ra e\u013c\u013co\u0161ana ar atbilsto\u0161u hidraulisko e\u013c\u013cu var pal\u012bdz\u0113t uztur\u0113t cilindra veiktsp\u0113ju un pagarin\u0101t t\u0101 kalpo\u0161anas laiku.<\/p>\n<h2>Apkope un remonts<\/h2>\n<p>Regul\u0101ra p\u0101rbaude, e\u013c\u013co\u0161ana un bl\u012bv\u0113juma nomai\u0146a ir bie\u017ei sastopami kausa cilindra apkopes uzdevumi. Pareiza uzst\u0101d\u012b\u0161ana, e\u013c\u013co\u0161ana un regul\u0113\u0161ana ir \u013coti svar\u012bga optim\u0101lai veiktsp\u0113jai un ilgm\u016b\u017e\u012bbai. Nomainot deta\u013cas vai p\u0101rb\u016bv\u0113jot cilindru, ieteicamo proced\u016bru iev\u0113ro\u0161ana un atbilsto\u0161u instrumentu izmanto\u0161ana var nodro\u0161in\u0101t pareizu mont\u0101\u017eu un piem\u0113rot\u012bbu.<\/p>\n<p><img decoding=\"async\" src=\"https:\/\/www.hydraulic-cylinders.net\/wp-content\/uploads\/2025\/01\/songte-chushion-collar.webp\" alt=\"Kausa cilindra att\u0113ls\"><\/p>\n<h2>Dro\u0161\u012bbas apsv\u0113rumi un vides faktori<\/h2>\n<p>Lietojot kausa cilindru, ir svar\u012bgi iev\u0113rot dro\u0161\u012bbas pas\u0101kumus, piem\u0113ram, individu\u0101lo aizsardz\u012bbas l\u012bdzek\u013cu valk\u0101\u0161anu un pareizu lieto\u0161anas proced\u016bru iev\u0113ro\u0161anu, lai nov\u0113rstu negad\u012bjumus. Vides faktori, piem\u0113ram, temperat\u016bra, mitrums un \u0137\u012bmisk\u0101 iedarb\u012bba, var ietekm\u0113t cilindra veiktsp\u0113ju un iztur\u012bbu. T\u0101di pas\u0101kumi k\u0101 regul\u0101ra t\u012br\u012b\u0161ana un pareiza uzglab\u0101\u0161ana var pal\u012bdz\u0113t mazin\u0101t \u0161o ietekmi.<\/p>\n<h2>Boj\u0101jumu diagnostika un probl\u0113mu nov\u0113r\u0161ana<\/h2>\n<p>Bie\u017e\u0101k sastopamie kausa cilindru boj\u0101jumi ir e\u013c\u013cas nopl\u016bdes, nepietiekams spiediens un cilindra nob\u012bde. Pareiza diagnostika un probl\u0113mu nov\u0113r\u0161ana var pal\u012bdz\u0113t noteikt probl\u0113mas c\u0113loni un noteikt atbilsto\u0161u remontu vai nomai\u0146u. T\u0101di pas\u0101kumi k\u0101 regul\u0101ra p\u0101rbaude, pareiza uzst\u0101d\u012b\u0161ana un apkope var pal\u012bdz\u0113t nov\u0113rst iesp\u0113jamus boj\u0101jumus.<\/p>\n<p><img decoding=\"async\" src=\"https:\/\/www.hydraulic-cylinders.net\/wp-content\/uploads\/2025\/01\/songte-bushings-with-all-kinds-of-excavator-models.webp\" alt=\"Kausa cilindra att\u0113ls\"><\/p>\n<h2>Par m\u016bsu uz\u0146\u0113mumu<\/h2>\n<p>M\u0113s esam hidraulisko cilindru ra\u017eot\u0101js, kas var lieliski aizst\u0101t \u0161os hidrauliskos cilindrus. M\u016bsu uz\u0146\u0113mumam ir pilns produktu kl\u0101sts, un tas ir k\u013cuvis par vienu no vado\u0161ajiem hidraulisko cilindru ra\u017eot\u0101jiem un vairumtirgot\u0101jiem viet\u0113j\u0101 un starptautiskaj\u0101 tirg\u016b. M\u0113s iev\u0113rojam izcilas kvalit\u0101tes principus un pa\u013caujamies uz industrializ\u0113t\u0101m ra\u017eo\u0161anas vad\u012bbas strat\u0113\u0123ij\u0101m r\u016bp\u012bgi izstr\u0101d\u0101t\u0101s ra\u017eo\u0161anas darbn\u012bc\u0101s. M\u016bsu uz\u0146\u0113mums nep\u0101rtraukti uzlabo savu ra\u017eo\u0161anas platformu, izmantojot tehnolo\u0123iskos talantus, digit\u0101las augstas klases ra\u017eo\u0161anas iek\u0101rtas un profesion\u0101las test\u0113\u0161anas sist\u0113mas, pilnveido produktu kvalit\u0101tes ra\u017eo\u0161anas l\u012bniju un tam piem\u012bt sp\u0113c\u012bgas rado\u0161\u0101s sp\u0113jas. M\u0113s apmierin\u0101m klientu da\u017e\u0101d\u0101s vajadz\u012bbas, iev\u0113rojot augstas efektivit\u0101tes, augstas precizit\u0101tes un augstas kvalit\u0101tes principus.<\/p>\n<p><img decoding=\"async\" src=\"https:\/\/hzpt.com\/wp-content\/uploads\/2024\/11\/songte-company-1.webp\" alt=\"Kausa cilindra att\u0113ls\"><\/p>\n<h3>Profesionalit\u0101te<\/h3>\n<p>M\u016bsu uz\u0146\u0113mum\u0101 str\u0101d\u0101 profesion\u0101lu in\u017eenieru un tehni\u0137u komanda, kas ir ap\u0146\u0113musies nodro\u0161in\u0101t m\u016bsu klientiem augstas kvalit\u0101tes produktus un pakalpojumus.<\/p>\n<h3>Starptautisk\u0101s sertifik\u0101cijas<\/h3>\n<p>M\u016bsu uz\u0146\u0113mums ir ieguvis da\u017e\u0101dus starptautiskus sertifik\u0101tus, piem\u0113ram, ISO 9001, CE un SGS, kas apliecina m\u016bsu produktu atbilst\u012bbu starptautiskajiem kvalit\u0101tes standartiem.<\/p>\n<h3>Piel\u0101go\u0161anas pakalpojumi<\/h3>\n<p>M\u016bsu uz\u0146\u0113mums pied\u0101v\u0101 hidraulisko cilindru piel\u0101go\u0161anas pakalpojumus, lai apmierin\u0101tu \u012bpa\u0161as klientu vajadz\u012bbas.<\/p>\n<h3>Ra\u017eo\u0161anas iek\u0101rtas<\/h3>\n<p>M\u016bsu uz\u0146\u0113mumam ir modernas ra\u017eo\u0161anas iek\u0101rtas, piem\u0113ram, CNC virpas, fr\u0113zma\u0161\u012bnas un metin\u0101\u0161anas iek\u0101rtas, kas nodro\u0161ina m\u016bsu produktu precizit\u0101ti un kvalit\u0101ti.<\/p>\n<h3>P\u0113cp\u0101rdo\u0161anas pakalpojumi<\/h3>\n<p>M\u016bsu uz\u0146\u0113mums nodro\u0161ina izcilus p\u0113cp\u0101rdo\u0161anas pakalpojumus, tostarp tehnisko atbalstu, remontu un nomai\u0146u.<\/p>\n<h4>Autors: lil<\/h4>","protected":false},"excerpt":{"rendered":"<p>Bucket Cylinder For XGMA Wheel Excavator XG815W Introduction The bucket cylinder, also known as a hydraulic cylinder, is a specifically designed hydraulic component used to control the movement of the bucket in heavy machinery such as excavators, backhoes, and front-end loaders. Its primary function is to enable the bucket to lift, lower, and tilt, making [&hellip;]<\/p>","protected":false},"featured_media":14776,"comment_status":"open","ping_status":"closed","template":"","meta":{"_et_pb_use_builder":"","_et_pb_old_content":"","_et_gb_content_width":""},"product_brand":[],"product_cat":[1494],"product_tag":[1495,1496],"class_list":{"0":"post-15605","1":"product","2":"type-product","3":"status-publish","4":"has-post-thumbnail","6":"product_cat-bucket-cylinders","7":"product_tag-bucket-cylinders","8":"product_tag-hydraulic-cylinders","10":"first","11":"instock","12":"shipping-taxable","13":"product-type-simple"},"amp_enabled":true,"_links":{"self":[{"href":"https:\/\/www.hydraulic-cylinders.net\/lv\/wp-json\/wp\/v2\/product\/15605","targetHints":{"allow":["GET"]}}],"collection":[{"href":"https:\/\/www.hydraulic-cylinders.net\/lv\/wp-json\/wp\/v2\/product"}],"about":[{"href":"https:\/\/www.hydraulic-cylinders.net\/lv\/wp-json\/wp\/v2\/types\/product"}],"replies":[{"embeddable":true,"href":"https:\/\/www.hydraulic-cylinders.net\/lv\/wp-json\/wp\/v2\/comments?post=15605"}],"wp:featuredmedia":[{"embeddable":true,"href":"https:\/\/www.hydraulic-cylinders.net\/lv\/wp-json\/wp\/v2\/media\/14776"}],"wp:attachment":[{"href":"https:\/\/www.hydraulic-cylinders.net\/lv\/wp-json\/wp\/v2\/media?parent=15605"}],"wp:term":[{"taxonomy":"product_brand","embeddable":true,"href":"https:\/\/www.hydraulic-cylinders.net\/lv\/wp-json\/wp\/v2\/product_brand?post=15605"},{"taxonomy":"product_cat","embeddable":true,"href":"https:\/\/www.hydraulic-cylinders.net\/lv\/wp-json\/wp\/v2\/product_cat?post=15605"},{"taxonomy":"product_tag","embeddable":true,"href":"https:\/\/www.hydraulic-cylinders.net\/lv\/wp-json\/wp\/v2\/product_tag?post=15605"}],"curies":[{"name":"wp","href":"https:\/\/api.w.org\/{rel}","templated":true}]}}