{"id":15611,"date":"2025-01-19T14:44:47","date_gmt":"2025-01-19T14:44:47","guid":{"rendered":"https:\/\/www.hydraulic-cylinders.net\/product\/bucket-cylinder-for-lonking-small-excavator-lg6150\/"},"modified":"2025-01-19T14:44:49","modified_gmt":"2025-01-19T14:44:49","slug":"bucket-cylinder-for-lonking-small-excavator-lg6150","status":"publish","type":"product","link":"https:\/\/www.hydraulic-cylinders.net\/lv\/products\/bucket-cylinder-for-lonking-small-excavator-lg6150\/","title":{"rendered":"Kausa cilindrs Lonking mazajam ekskavatoram LG6150"},"content":{"rendered":"<h1>Kausa cilindrs Lonking mazajam ekskavatoram LG6150<\/h1>\n<h2>Ievads<\/h2>\n<p>Kausa cilindrs Lonking mazajam ekskavatoram LG6150 ir \u012bpa\u0161i izstr\u0101d\u0101ts hidrauliskajiem cilindriem, kas kontrol\u0113 kausa kust\u012bbu smagaj\u0101s ma\u0161\u012bn\u0101s, piem\u0113ram, ekskavatoros, univers\u0101lajos iekr\u0101v\u0113jos un front\u0101lajos iekr\u0101v\u0113jos. T\u0101 galven\u0101 funkcija ir atvieglot kausa pacel\u0161anu, nolai\u0161anu un noliek\u0161anu, atvieglojot da\u017e\u0101du materi\u0101lu apstr\u0101di. Hidrauliskaj\u0101 sist\u0113m\u0101 kausa cilindrs prec\u012bzi kontrol\u0113 kausu, mainot hidraulisk\u0101s e\u013c\u013cas spiedienu, \u013caujot operatoriem efekt\u012bvi apstr\u0101d\u0101t smagus materi\u0101lus, piel\u0101goties sare\u017e\u0123\u012btai darba videi un izpild\u012bt da\u017e\u0101das ekspluat\u0101cijas pras\u012bbas.<\/p>\n<p><img loading=\"lazy\" decoding=\"async\" src=\"https:\/\/www.hydraulic-cylinders.net\/wp-content\/uploads\/2025\/01\/songte-company-2.webp\" alt=\"Kausa cilindrs Lonking mazajam ekskavatoram LG6150\" width=\"500\" height=\"333\"><\/p>\n<h2>Funkcijas<\/h2>\n<ul>\n<li>Augsta iztur\u012bba un ilgm\u016b\u017e\u012bba: parasti izgatavoti no augstas stipr\u012bbas t\u0113rauda vai alum\u012bnija, sp\u0113j iztur\u0113t augstu spiedienu un lielas slodzes, piel\u0101gojas skarbai darba videi un ir izstr\u0101d\u0101ti ar nodilumiztur\u012bbu un korozijas iztur\u012bbu, lai pagarin\u0101tu kalpo\u0161anas laiku.<\/li>\n<li>Efekt\u012bva hidraulisk\u0101 darb\u012bba: vienm\u0113r\u012bga teleskopisk\u0101 darb\u012bba, izmantojot hidraulisk\u0101s e\u013c\u013cas spiedienu, sp\u0113j \u0101tri rea\u0123\u0113t uz vad\u012bbas komand\u0101m, nodro\u0161inot sp\u0113c\u012bgus stum\u0161anas un vilk\u0161anas sp\u0113kus, piem\u0113rota smagu priek\u0161metu apstr\u0101dei un sare\u017e\u0123\u012btiem ekspluat\u0101cijas uzdevumiem.<\/li>\n<li>Atkar\u012bb\u0101 no vajadz\u012bb\u0101m, lai apmierin\u0101tu da\u017e\u0101das ekspluat\u0101cijas pras\u012bbas, var izv\u0113l\u0113ties da\u017e\u0101dus cilindru veidus: vienk\u0101r\u0161\u0101s darb\u012bbas (hidrauliski tikai vien\u0101 virzien\u0101) vai divk\u0101r\u0161\u0101s darb\u012bbas (hidrauliski abos virzienos). Da\u017ei mode\u013ci ir teleskopiski, kas \u013cauj tos pagarin\u0101t, nepalielinot \u0101r\u0113jos izm\u0113rus, un ir piem\u0113roti lieto\u0161anai ierobe\u017eot\u0101 telp\u0101.<\/li>\n<li>Viegli uzst\u0101d\u0101ms: m\u016bsu produkts var lieliski aizst\u0101t \u0161os hidrauliskos cilindrus.<\/li>\n<\/ul>\n<p><img loading=\"lazy\" decoding=\"async\" src=\"https:\/\/www.hydraulic-cylinders.net\/wp-content\/uploads\/2025\/01\/songte-cylinder-head-with-all-kinds-excavator-models.webp\" alt=\"Kausa cilindrs Lonking mazajam ekskavatoram LG6150\" width=\"500\" height=\"333\"><\/p>\n<h2>Pieteikumi<\/h2>\n<p>Kausa cilindri ir nepiecie\u0161ami celtniec\u012bbas iek\u0101rt\u0101m, piem\u0113ram, ekskavatoriem, ekskavatoriem un front\u0101lajiem iekr\u0101v\u0113jiem. Tos izmanto augsnes vai gru\u017eu rak\u0161anai, iekrau\u0161anai un p\u0101rvieto\u0161anai. Kausa cilindri pal\u012bdz pacelt kausu un pal\u012bdz ekskavatoru rak\u0161anas darbos. Front\u0101lajos iekr\u0101v\u0113jos tie pal\u012bdz efekt\u012bvi pacelt un izkraut kravu. Lauksaimniec\u012bbas ma\u0161\u012bn\u0101s tos izmanto front\u0101lajiem iekr\u0101v\u0113jiem, augsnes, siena un citu materi\u0101lu rak\u0161anai, cel\u0161anai un transport\u0113\u0161anai. Ekskavatoros kausa cilindrs \u013cauj spainim iek\u013c\u016bt augsn\u0113 rak\u0161anas darbu veik\u0161anai.<\/p>\n<h3>Celtniec\u012bbas apr\u012bkojums<\/h3>\n<p>Ekskavatoros tie ir nepiecie\u0161ami augsnes vai gru\u017eu rak\u0161anai, iekrau\u0161anai un p\u0101rvieto\u0161anai. Ekskavatoros kausa cilindri pal\u012bdz pacelt kausu un veikt izrakumus. Front\u0101lajos iekr\u0101v\u0113jos tie pal\u012bdz efekt\u012bvi pacelt un izkraut kravu.<\/p>\n<h3>Lauksaimniec\u012bbas tehnika<\/h3>\n<p>Izmanto front\u0101lajiem iekr\u0101v\u0113jiem, augsnes, siena un citu materi\u0101lu sav\u0101k\u0161anai, cel\u0161anai un transport\u0113\u0161anai.<\/p>\n<h2>Dizaina apsv\u0113rumi un atlases krit\u0113riji<\/h2>\n<p>Apsverot kausu cilindru konstrukciju, j\u0101\u0146em v\u0113r\u0101 t\u0101di galvenie faktori k\u0101 nestsp\u0113ja, bl\u012bv\u0113\u0161anas sp\u0113ja, iztur\u012bba, dro\u0161\u012bba un apkopes iesp\u0113jas. Izmantojot augstas stipr\u012bbas materi\u0101lus, piem\u0113ram, t\u0113raudu vai alum\u012bniju, kausu cilindri var iztur\u0113t augstu spiedienu un lielas slodzes, padarot tos iztur\u012bgus un piem\u0113rotus skarbiem darba apst\u0101k\u013ciem. J\u0101izv\u0113las bl\u012bv\u0113\u0161anas komponenti, piem\u0113ram, virzu\u013ca bl\u012bv\u0113jumi un stie\u0146a bl\u012bv\u0113jumi, kas izgatavoti no nodilumiztur\u012bgiem materi\u0101liem, piem\u0113ram, poliuret\u0101na vai nitrila gumijas. Cilindra korpuss un v\u012bt\u0146ot\u0101s gala virsmas ir smalki apstr\u0101d\u0101tas, lai uzlabotu nodilumiztur\u012bbu. Lai nodro\u0161in\u0101tu pareizu cilindra e\u013c\u013co\u0161anu, ir nepiecie\u0161ama regul\u0101ra hidraulisk\u0101s e\u013c\u013cas uzpilde.<\/p>\n<p><img loading=\"lazy\" decoding=\"async\" src=\"https:\/\/www.hydraulic-cylinders.net\/wp-content\/uploads\/2025\/01\/songte-oil-pipes-and-spare-parts.webp\" alt=\"Kausa cilindrs Lonking mazajam ekskavatoram LG6150\" width=\"500\" height=\"333\"><\/p>\n<h2>Apkope un remonts<\/h2>\n<p>Regul\u0101ra kausa cilindru apkope un remonts ir b\u016btisks, lai pagarin\u0101tu to kalpo\u0161anas laiku un nodro\u0161in\u0101tu to pareizu darb\u012bbu. Regul\u0101ri apkopes darbi ietver pareizu cilindra izl\u012bdzin\u0101\u0161anu, atbilsto\u0161u e\u013c\u013co\u0161anu un periodiskas bl\u012bv\u0113jumu un kalibr\u0113\u0161anas p\u0101rbaudes. Bie\u017ei sastopamas probl\u0113mas, piem\u0113ram, nopl\u016bdes un cilindra korpusa vai virzu\u013ca stie\u0146a boj\u0101jumi, var risin\u0101t, veicot atbilsto\u0161as \u200b\u200bremonta proced\u016bras. Lai uzlabotu kausa cilindra ilgm\u016b\u017e\u012bbu, var tikt nodro\u0161in\u0101ta deta\u013cu nomai\u0146a un atjauno\u0161anas pakalpojumi.<\/p>\n<h3>Bie\u017ei sastopamie apkopes uzdevumi<\/h3>\n<ul>\n<li>Regul\u0101ras p\u0101rbaudes<\/li>\n<li>Piem\u0113rota e\u013c\u013co\u0161ana<\/li>\n<li>Bl\u012bv\u0113juma nomai\u0146a<\/li>\n<li>Kalibr\u0113\u0161anas p\u0101rbaudes<\/li>\n<\/ul>\n<p><img loading=\"lazy\" decoding=\"async\" src=\"https:\/\/www.hydraulic-cylinders.net\/wp-content\/uploads\/2025\/01\/songte-chushion-collar.webp\" alt=\"Kausa cilindrs Lonking mazajam ekskavatoram LG6150\" width=\"500\" height=\"333\"><\/p>\n<h2>Dro\u0161\u012bbas un vides apsv\u0113rumi<\/h2>\n<p>Izmantojot kausu cilindrus, ir \u013coti svar\u012bgi nodro\u0161in\u0101t atbilsto\u0161us dro\u0161\u012bbas pas\u0101kumus, lai nov\u0113rstu negad\u012bjumus un traumas. Regul\u0101ra apkope un p\u0101rbaudes var pal\u012bdz\u0113t nov\u0113rst k\u013c\u016bmes un nodro\u0161in\u0101t dro\u0161u darb\u012bbu. Lai nov\u0113rstu kait\u0113jumu videi, j\u0101veic pareiza hidraulisk\u0101s e\u013c\u013cas un citu atkritumu utiliz\u0101cija.<\/p>\n<h2>Probl\u0113mu nov\u0113r\u0161ana un bie\u017ei sastopamas probl\u0113mas<\/h2>\n<p>Bie\u017ei sastopamas probl\u0113mas ar kausu cilindriem ir nopl\u016bdes, boj\u0101ti bl\u012bv\u0113jumi un hidraulisk\u0101s sist\u0113mas darb\u012bbas trauc\u0113jumi. Probl\u0113mu nov\u0113r\u0161anu var veikt, iev\u0113rojot ra\u017eot\u0101ja nor\u0101d\u012bjumus un veicot regul\u0101ras p\u0101rbaudes un apkopi. Prevent\u012bvie pas\u0101kumi, piem\u0113ram, regul\u0101ra apkope un p\u0101rbaudes, var pal\u012bdz\u0113t nov\u0113rst iesp\u0113jam\u0101s probl\u0113mas.<\/p>\n<p><img loading=\"lazy\" decoding=\"async\" src=\"https:\/\/www.hydraulic-cylinders.net\/wp-content\/uploads\/2025\/01\/songte-bushings-with-all-kinds-of-excavator-models.webp\" alt=\"Kausa cilindrs Lonking mazajam ekskavatoram LG6150\" width=\"500\" height=\"333\"><\/p>\n<h2>Par mums<\/h2>\n<p>M\u0113s esam rezerves hidraulisko cilindru ra\u017eot\u0101js, kas pied\u0101v\u0101 pla\u0161u produktu kl\u0101stu un k\u013c\u016bst par vienu no vado\u0161ajiem hidraulisko cilindru ra\u017eot\u0101jiem un vairumtirgot\u0101jiem viet\u0113j\u0101 un starptautiskaj\u0101 tirg\u016b. M\u016bsu uz\u0146\u0113mums iev\u0113ro izcilu kvalit\u0101ti, pa\u013caujoties uz sare\u017e\u0123\u012btu ra\u017eo\u0161anas darbn\u012bcu industrializ\u0113tu ra\u017eo\u0161anas vad\u012bbas strat\u0113\u0123iju. M\u0113s past\u0101v\u012bgi uzlabojam darbn\u012bcas ra\u017eo\u0161anas platformu, pilnveidojam produktu kvalit\u0101tes ra\u017eo\u0161anas l\u012bniju un mums ir sp\u0113c\u012bgas rado\u0161\u0101s sp\u0113jas. Ar augstu efektivit\u0101ti, precizit\u0101ti un kvalit\u0101tes principiem m\u0113s apmierin\u0101m da\u017e\u0101das klientu pras\u012bbas.<\/p>\n<p><img loading=\"lazy\" decoding=\"async\" src=\"https:\/\/hzpt.com\/wp-content\/uploads\/2024\/11\/songte-company-1.webp\" alt=\"Kausa cilindrs Lonking mazajam ekskavatoram LG6150\" width=\"500\" height=\"333\"><\/p>\n<h3>Profesionalit\u0101te un starptautisk\u0101 sertifik\u0101cija<\/h3>\n<p>M\u016bsu uz\u0146\u0113mums ir ap\u0146\u0113mies nodro\u0161in\u0101t profesion\u0101lus un augstas kvalit\u0101tes hidrauliskos cilindrus, un m\u0113s esam ieguvu\u0161i starptautisku sertifik\u0101ciju, piem\u0113ram, ISO9001 un CE.<\/p>\n<h3>Piel\u0101go\u0161anas un ra\u017eo\u0161anas iek\u0101rtas<\/h3>\n<p>M\u0113s pied\u0101v\u0101jam piel\u0101go\u0161anas pakalpojumus, lai apmierin\u0101tu da\u017e\u0101das klientu pras\u012bbas, un mums ir modernas ra\u017eo\u0161anas iek\u0101rtas, piem\u0113ram, CNC iek\u0101rtas un test\u0113\u0161anas sist\u0113mas.<\/p>\n<h3>P\u0113cp\u0101rdo\u0161anas serviss<\/h3>\n<p>M\u0113s nodro\u0161in\u0101m izcilu p\u0113cp\u0101rdo\u0161anas servisu, tostarp rezerves da\u013cas un remonta pakalpojumus, lai nodro\u0161in\u0101tu m\u016bsu hidraulisko cilindru ilgm\u016b\u017e\u012bbu un pareizu darb\u012bbu.<\/p>\n<p>Autors: Lails.<\/p>","protected":false},"excerpt":{"rendered":"<p>Bucket Cylinder For Lonking Small Excavator LG6150 Introduction The Bucket Cylinder for Lonking Small Excavator LG6150 is designed specifically for hydraulic cylinders that control the bucket movement in heavy machinery such as excavators, backhoes, and front-end loaders. Its main function is to facilitate the lifting, lowering, and tilting of the bucket, making it easier for [&hellip;]<\/p>","protected":false},"featured_media":14761,"comment_status":"open","ping_status":"closed","template":"","meta":{"_et_pb_use_builder":"","_et_pb_old_content":"","_et_gb_content_width":""},"product_brand":[],"product_cat":[1494],"product_tag":[1495,1496],"class_list":{"0":"post-15611","1":"product","2":"type-product","3":"status-publish","4":"has-post-thumbnail","6":"product_cat-bucket-cylinders","7":"product_tag-bucket-cylinders","8":"product_tag-hydraulic-cylinders","10":"first","11":"instock","12":"shipping-taxable","13":"product-type-simple"},"amp_enabled":true,"_links":{"self":[{"href":"https:\/\/www.hydraulic-cylinders.net\/lv\/wp-json\/wp\/v2\/product\/15611","targetHints":{"allow":["GET"]}}],"collection":[{"href":"https:\/\/www.hydraulic-cylinders.net\/lv\/wp-json\/wp\/v2\/product"}],"about":[{"href":"https:\/\/www.hydraulic-cylinders.net\/lv\/wp-json\/wp\/v2\/types\/product"}],"replies":[{"embeddable":true,"href":"https:\/\/www.hydraulic-cylinders.net\/lv\/wp-json\/wp\/v2\/comments?post=15611"}],"wp:featuredmedia":[{"embeddable":true,"href":"https:\/\/www.hydraulic-cylinders.net\/lv\/wp-json\/wp\/v2\/media\/14761"}],"wp:attachment":[{"href":"https:\/\/www.hydraulic-cylinders.net\/lv\/wp-json\/wp\/v2\/media?parent=15611"}],"wp:term":[{"taxonomy":"product_brand","embeddable":true,"href":"https:\/\/www.hydraulic-cylinders.net\/lv\/wp-json\/wp\/v2\/product_brand?post=15611"},{"taxonomy":"product_cat","embeddable":true,"href":"https:\/\/www.hydraulic-cylinders.net\/lv\/wp-json\/wp\/v2\/product_cat?post=15611"},{"taxonomy":"product_tag","embeddable":true,"href":"https:\/\/www.hydraulic-cylinders.net\/lv\/wp-json\/wp\/v2\/product_tag?post=15611"}],"curies":[{"name":"wp","href":"https:\/\/api.w.org\/{rel}","templated":true}]}}