{"id":15665,"date":"2025-01-19T14:48:52","date_gmt":"2025-01-19T14:48:52","guid":{"rendered":"https:\/\/www.hydraulic-cylinders.net\/product\/bucket-cylinder-for-jcm-small-excavator-906d\/"},"modified":"2025-01-19T14:48:54","modified_gmt":"2025-01-19T14:48:54","slug":"bucket-cylinder-for-jcm-small-excavator-906d","status":"publish","type":"product","link":"https:\/\/www.hydraulic-cylinders.net\/lv\/products\/bucket-cylinder-for-jcm-small-excavator-906d\/","title":{"rendered":"JCM maz\u0101 ekskavatora 906D kausa cilindrs"},"content":{"rendered":"<h1>JCM maz\u0101 ekskavatora 906D kausa cilindrs<\/h1>\n<h2>Ievads<\/h2>\n<p>JCM maz\u0101 ekskavatora 906D kausa cilindrs ir \u012bpa\u0161i izstr\u0101d\u0101ts hidrauliskais cilindrs, ko galvenok\u0101rt izmanto, lai kontrol\u0113tu kausa kust\u012bbu smagaj\u0101s ma\u0161\u012bn\u0101s, piem\u0113ram, ekskavatoros, univers\u0101lajos ekskavatoros un front\u0101lajos iekr\u0101v\u0113jos. T\u0101 galven\u0101 funkcija ir nodro\u0161in\u0101t kausa pacel\u0161anu, nolai\u0161anu un noliek\u0161anu, atvieglojot visu veidu materi\u0101lu p\u0101rvieto\u0161anas uzdevumu veik\u0161anu. Hidrauliskaj\u0101 sist\u0113m\u0101 kausa cilindrs prec\u012bzi kontrol\u0113 kausa kust\u012bbu, mainot hidraulisk\u0101s e\u013c\u013cas spiedienu, \u013caujot operatoriem efekt\u012bvi apstr\u0101d\u0101t smagas kravas un piel\u0101goties sare\u017e\u0123\u012btai darba videi un da\u017e\u0101d\u0101m ekspluat\u0101cijas pras\u012bb\u0101m.<\/p>\n<p><img decoding=\"async\" src=\"https:\/\/www.hydraulic-cylinders.net\/wp-content\/uploads\/2025\/01\/songte-company-2.webp\" alt=\"Kausa cilindra att\u0113ls\"><\/p>\n<h2>Funkcijas<\/h2>\n<ul>\n<li>Augsta iztur\u012bba un ilgm\u016b\u017e\u012bba: cilindrs parasti ir izgatavots no augstas stipr\u012bbas t\u0113rauda vai alum\u012bnija, tas var iztur\u0113t augstu spiedienu un lielas slodzes, piel\u0101goties skarbai darba videi, un t\u0101 konstrukcija \u0146em v\u0113r\u0101 nodilumiztur\u012bbu un korozijas iztur\u012bbu, pagarinot t\u0101 kalpo\u0161anas laiku.<\/li>\n<li>Efekt\u012bva hidraulisk\u0101 darb\u012bba: Izmantojot hidraulisk\u0101s e\u013c\u013cas spiedienu, cilindrs var vienm\u0113r\u012bgi izstiepties un ievilkties, \u0101tri rea\u0123\u0113t uz vad\u012bbas komand\u0101m, nodro\u0161in\u0101t sp\u0113c\u012bgu stum\u0161anas un vilk\u0161anas sp\u0113ku, kas ir piem\u0113rots smagu kravu apstr\u0101dei un sare\u017e\u0123\u012btiem ekspluat\u0101cijas uzdevumiem.<\/li>\n<li>Da\u017e\u0101di veidi: Cilindrs var b\u016bt vienvirziena darb\u012bbas (hidraulika tiek izmantota tikai vien\u0101 virzien\u0101) vai divk\u0101r\u0161as darb\u012bbas (hidraulika tiek izmantota abos virzienos) cilindrs atkar\u012bb\u0101 no ekspluat\u0101cijas pras\u012bb\u0101m. Da\u017ei mode\u013ci ir teleskopiski, kas \u013cauj to liel\u0101ku pagarin\u0101jumu, nepalielinot \u0101r\u0113jos izm\u0113rus, padarot tos piem\u0113rotus lietojumiem ar ierobe\u017eotu vietu.<\/li>\n<li>M\u016bsu produkts var lieliski aizst\u0101t \u0161os hidrauliskos cilindrus.<\/li>\n<\/ul>\n<p><img decoding=\"async\" src=\"https:\/\/www.hydraulic-cylinders.net\/wp-content\/uploads\/2025\/01\/songte-cylinder-head-with-all-kinds-excavator-models.webp\" alt=\"Kausa cilindra nomai\u0146as att\u0113ls\"><\/p>\n<h2>Pieteikumi<\/h2>\n<p>JCM maz\u0101 ekskavatora 906D kausa cilindrs tiek pla\u0161i izmantots da\u017e\u0101d\u0101s nozar\u0113s da\u017e\u0101diem pielietojumiem. \u0160eit ir da\u017ei no tiem:<\/p>\n<h3>Celtniec\u012bbas apr\u012bkojums<\/h3>\n<p>Ekskavatoros tie ir b\u016btiski rak\u0161anas darbiem, iekrau\u0161anai un augsnes vai gru\u017eu p\u0101rvieto\u0161anai. Ekskavator\u0101 ar iekr\u0101v\u0113ju kausa cilindrs pal\u012bdz rak\u0161anas un cel\u0161anas darbos. Front\u0101lajos iekr\u0101v\u0113jos tie pal\u012bdz efekt\u012bvi pacelt un izg\u0101zt preces.<\/p>\n<h3>Lauksaimniec\u012bbas tehnika<\/h3>\n<p>Izmanto front\u0101lajos iekr\u0101v\u0113jos augsnes, siena un citu materi\u0101lu izrak\u0161anai, pacel\u0161anai un transport\u0113\u0161anai. Ekskavatoros kausa cilindrs \u013cauj veikt izrakumus, \u013caujot kausam iek\u013c\u016bt augsn\u0113.<\/p>\n<h3>R\u016bpniecisk\u0101 ra\u017eo\u0161ana<\/h3>\n<p>Tos izmanto da\u017e\u0101dos ra\u017eo\u0161anas procesos, piem\u0113ram, lie\u0161an\u0101, kal\u0161an\u0101 un plastmasas iesmidzin\u0101\u0161anas form\u0113\u0161an\u0101, lai apstr\u0101d\u0101tu lielas slodzes un veiktu sare\u017e\u0123\u012btus ekspluat\u0101cijas uzdevumus.<\/p>\n<h3>J\u016bras un atkl\u0101t\u0101s j\u016bras<\/h3>\n<p>Kausa cilindrus izmanto naftas urb\u0161anas platform\u0101s j\u016br\u0101, konteinerku\u0123os un cit\u0101 j\u016bras apr\u012bkojum\u0101, kur tie var iztur\u0113t skarbus vides apst\u0101k\u013cus un veikt smagus uzdevumus.<\/p>\n<p><img decoding=\"async\" src=\"https:\/\/www.hydraulic-cylinders.net\/wp-content\/uploads\/2025\/01\/songte-bushings-with-all-kinds-of-excavator-models.webp\" alt=\"Kausa cilindra pielietojums\"><\/p>\n<h2>Dizaina apsv\u0113rumi un atlases krit\u0113riji<\/h2>\n<p>Lai nodro\u0161in\u0101tu optim\u0101lu veiktsp\u0113ju, kausu cilindriem j\u0101atbilst vair\u0101kiem projekt\u0113\u0161anas apsv\u0113rumiem un atlases krit\u0113rijiem. \u0160eit ir da\u017ei no tiem:<\/p>\n<h3>Nestsp\u0113ja<\/h3>\n<p>Balonam j\u0101sp\u0113j iztur\u0113t t\u0101 nest\u0101s slodzes svaru un spiedienu, kas uz to tiek iedarbin\u0101ts darb\u012bbas laik\u0101.<\/p>\n<h3>Bl\u012bv\u0113\u0161ana<\/h3>\n<p>Balonam j\u0101b\u016bt ar atbilsto\u0161u bl\u012bv\u0113jumu, lai nov\u0113rstu e\u013c\u013cas nopl\u016bdes un pies\u0101r\u0146ojumu, kas var saboj\u0101t sist\u0113mu un samazin\u0101t veiktsp\u0113ju.<\/p>\n<h3>Iztur\u012bba<\/h3>\n<p>Balonam j\u0101b\u016bt pietiekami iztur\u012bgam, lai iztur\u0113tu skarbus darba apst\u0101k\u013cus un bie\u017eu lieto\u0161anu, neprasot bie\u017eu remontu vai nomai\u0146u.<\/p>\n<h3>Dro\u0161\u012bba<\/h3>\n<p>Balons j\u0101projekt\u0113, \u0146emot v\u0113r\u0101 dro\u0161\u012bbas apsv\u0113rumus, piem\u0113ram, uzst\u0101dot dro\u0161\u012bbas v\u0101rstus, lai nov\u0113rstu negad\u012bjumus, un sniedzot skaidras uzst\u0101d\u012b\u0161anas un ekspluat\u0101cijas instrukcijas.<\/p>\n<h3>Apkope<\/h3>\n<p>Balonam j\u0101b\u016bt viegli kopjamam, ar atbilsto\u0161\u0101m piek\u013cuves viet\u0101m p\u0101rbaudei, t\u012br\u012b\u0161anai un deta\u013cu nomai\u0146ai.<\/p>\n<p><img decoding=\"async\" src=\"https:\/\/www.hydraulic-cylinders.net\/wp-content\/uploads\/2025\/01\/songte-oil-pipes-and-spare-parts.webp\" alt=\"Kausa cilindra dizains\"><\/p>\n<h2>Bl\u012bv\u0113\u0161ana un e\u013c\u013co\u0161ana<\/h2>\n<p>Kausa cilindr\u0101 tiek izmantoti da\u017e\u0101di bl\u012bv\u0113\u0161anas komponenti, piem\u0113ram, virzu\u013ca bl\u012bv\u0113jumi, stie\u0146a bl\u012bv\u0113jumi un t\u012br\u012bt\u0101ji, lai nov\u0113rstu e\u013c\u013cas nopl\u016bdes un pies\u0101r\u0146ojumu. \u0160ie bl\u012bv\u0113\u0161anas komponenti ir izgatavoti no nodilumiztur\u012bgiem materi\u0101liem, piem\u0113ram, poliuret\u0101na un nitrila gumijas, lai nodro\u0161in\u0101tu ilgu kalpo\u0161anas laiku. Turkl\u0101t cilindra cilindra korpuss un v\u012bt\u0146ot\u0101 gala virsma tiek r\u016bp\u012bgi apstr\u0101d\u0101ta, lai uzlabotu nodilumiztur\u012bbu. Lai uztur\u0113tu optim\u0101lu veiktsp\u0113ju, ir nepiecie\u0161ama regul\u0101ra e\u013c\u013co\u0161ana ar pareizu hidraulisk\u0101s e\u013c\u013cas daudzumu.<\/p>\n<h2>Apkope un remonts<\/h2>\n<p>Regul\u0101ra apkope un remonts ir svar\u012bgi, lai nodro\u0161in\u0101tu kausa cilindra optim\u0101lu darb\u012bbu un pagarin\u0101tu t\u0101 kalpo\u0161anas laiku. \u0160eit ir da\u017ei svar\u012bgi uzdevumi:<\/p>\n<h3>Regul\u0101ra p\u0101rbaude<\/h3>\n<p>Regul\u0101ri p\u0101rbaudiet cilindru, mekl\u0113jot nodiluma un boj\u0101jumu paz\u012bmes, piem\u0113ram, nopl\u016bdes, iespiedumus un r\u016bsu.<\/p>\n<h3>E\u013c\u013co\u0161ana<\/h3>\n<p>Lai nodro\u0161in\u0101tu optim\u0101lu veiktsp\u0113ju, nepiecie\u0161ama pareiza e\u013c\u013co\u0161ana ar hidraulisko e\u013c\u013cu.<\/p>\n<h3>Bl\u012bv\u0113juma nomai\u0146a<\/h3>\n<p>Nekav\u0113joties nomainiet nolietot\u0101s vai boj\u0101t\u0101s bl\u012bves, lai nov\u0113rstu e\u013c\u013cas nopl\u016bdes un pies\u0101r\u0146ojumu un nodro\u0161in\u0101tu optim\u0101lu veiktsp\u0113ju.<\/p>\n<h3>Kalibr\u0113\u0161anas p\u0101rbaude<\/h3>\n<p>Regul\u0101ri p\u0101rbaudiet cilindra kalibr\u0113\u0161anu, lai p\u0101rliecin\u0101tos, ka tas atbilst nepiecie\u0161amaj\u0101m specifik\u0101cij\u0101m.<\/p>\n<h2>Dro\u0161\u012bbas apsv\u0113rumi un vides faktori<\/h2>\n<p>Kausa cilindri var b\u016bt b\u012bstami, ja tos nelieto pareizi vai uzst\u0101da nepareizi. J\u0101iev\u0113ro dro\u0161\u012bbas pas\u0101kumi, piem\u0113ram, j\u0101sniedz skaidras instrukcijas par uzst\u0101d\u012b\u0161anu, ekspluat\u0101ciju un apkopi. Turkl\u0101t, lai nodro\u0161in\u0101tu optim\u0101lu veiktsp\u0113ju un pagarin\u0101tu cilindra kalpo\u0161anas laiku, j\u0101\u0146em v\u0113r\u0101 vides faktori, piem\u0113ram, temperat\u016bra, mitrums un saskare ar kod\u012bgiem materi\u0101liem.<\/p>\n<h2>Bie\u017ei sastopamas probl\u0113mas un to nov\u0113r\u0161ana<\/h2>\n<p>Bie\u017ei sastopamas probl\u0113mas ar kausu cilindriem var b\u016bt nopl\u016bdes, nepietiekams spiediens un boj\u0101jumi nodiluma d\u0113\u013c. \u0160o probl\u0113mu nov\u0113r\u0161ana ietver c\u0113lo\u0146a noteik\u0161anu un atbilsto\u0161u korekt\u012bvu pas\u0101kumu veik\u0161anu, piem\u0113ram, atk\u0101rtotu bl\u012bv\u0113\u0161anu, boj\u0101to deta\u013cu nomai\u0146u un cilindra atk\u0101rtotu kalibr\u0113\u0161anu. Regul\u0101ra apkope un remonts var pal\u012bdz\u0113t nov\u0113rst daudzas no \u0161\u012bm probl\u0113m\u0101m.<\/p>\n<p><img decoding=\"async\" src=\"https:\/\/www.hydraulic-cylinders.net\/wp-content\/uploads\/2025\/01\/songte-chushion-collar.webp\" alt=\"Kausa cilindra apkope\"><\/p>\n<h2>Par m\u016bsu uz\u0146\u0113mumu<\/h2>\n<p>M\u0113s esam rezerves hidraulisko cilindru ra\u017eot\u0101js ar pilnu produktu kl\u0101stu un esam k\u013cuvu\u0161i par vienu no vado\u0161ajiem hidraulisko cilindru ra\u017eot\u0101jiem un vairumtirgot\u0101jiem viet\u0113j\u0101 un starptautiskaj\u0101 tirg\u016b. M\u0113s iev\u0113rojam izcil\u012bbas kvalit\u0101tes principu un pa\u013caujamies uz industrializ\u0113t\u0101m ra\u017eo\u0161anas vad\u012bbas strat\u0113\u0123ij\u0101m r\u016bp\u012bgi izstr\u0101d\u0101t\u0101s ra\u017eo\u0161anas darbn\u012bc\u0101s. M\u0113s nep\u0101rtraukti uzlabojam m\u016bsu darbn\u012bcas ra\u017eo\u0161anas platformu, pilnveidojam savu produktu kvalit\u0101tes ra\u017eo\u0161anas l\u012bniju un mums ir sp\u0113c\u012bgas sp\u0113jas rad\u012bt augstas efektivit\u0101tes, augstas precizit\u0101tes un augstas kvalit\u0101tes principus, lai apmierin\u0101tu klientu da\u017e\u0101d\u0101s vajadz\u012bbas. <\/p>\n<h3>Profesionalit\u0101te<\/h3>\n<p>M\u016bsu uz\u0146\u0113mum\u0101 str\u0101d\u0101 pieredz\u0113ju\u0161u profesion\u0101\u013cu komanda, kas ir ap\u0146\u0113musies sniegt m\u016bsu klientiem augstas kvalit\u0101tes produktus un pakalpojumus.<\/p>\n<h3>Starptautisk\u0101 sertifik\u0101cija<\/h3>\n<p>M\u016bsu produkti ir sertific\u0113ti atbilsto\u0161i starptautiskiem standartiem, piem\u0113ram, ISO 9001 un CE, kas nodro\u0161ina to atbilst\u012bbu augst\u0101kajiem kvalit\u0101tes standartiem.<\/p>\n<h3>Piel\u0101go\u0161anas pakalpojumi<\/h3>\n<p>M\u0113s pied\u0101v\u0101jam piel\u0101go\u0161anas pakalpojumus, lai apmierin\u0101tu klientu unik\u0101l\u0101s pras\u012bbas, piem\u0113ram, izm\u0113ru, formu un funkcionalit\u0101ti.<\/p>\n<h3>Ra\u017eo\u0161anas iek\u0101rtas<\/h3>\n<p>M\u016bsu darbn\u012bca ir apr\u012bkota ar augstas klases digit\u0101l\u0101s ra\u017eo\u0161anas iek\u0101rt\u0101m, tostarp CNC ma\u0161\u012bn\u0101m, virp\u0101m un sl\u012bpma\u0161\u012bn\u0101m, lai nodro\u0161in\u0101tu prec\u012bzas produktu specifik\u0101cijas.<\/p>\n<h3>P\u0113cp\u0101rdo\u0161anas serviss<\/h3>\n<p>M\u0113s pied\u0101v\u0101jam visaptvero\u0161us p\u0113cp\u0101rdo\u0161anas pakalpojumus, tostarp uzst\u0101d\u012b\u0161anu, remontu un apkopi, lai nodro\u0161in\u0101tu m\u016bsu klientu apmierin\u0101t\u012bbu ar m\u016bsu produktiem.<\/p>\n<p><img decoding=\"async\" src=\"https:\/\/hzpt.com\/wp-content\/uploads\/2024\/11\/songte-company-1.webp\" alt=\"Uz\u0146\u0113muma t\u0113ls\"><\/p>\n<p>Autors: Lails.<\/p>","protected":false},"excerpt":{"rendered":"<p>Bucket Cylinder For JCM Small Excavator 906D Introduction The Bucket Cylinder for JCM Small Excavator 906D is a specially designed hydraulic cylinder used primarily to control the movement of the bucket in heavy machinery such as excavators, backhoe excavators, and front-end loaders. Its main function is to enable the bucket to lift, lower, and tilt, [&hellip;]<\/p>","protected":false},"featured_media":14776,"comment_status":"open","ping_status":"closed","template":"","meta":{"_et_pb_use_builder":"","_et_pb_old_content":"","_et_gb_content_width":""},"product_brand":[],"product_cat":[1494],"product_tag":[1495,1496],"class_list":{"0":"post-15665","1":"product","2":"type-product","3":"status-publish","4":"has-post-thumbnail","6":"product_cat-bucket-cylinders","7":"product_tag-bucket-cylinders","8":"product_tag-hydraulic-cylinders","10":"first","11":"instock","12":"shipping-taxable","13":"product-type-simple"},"amp_enabled":true,"_links":{"self":[{"href":"https:\/\/www.hydraulic-cylinders.net\/lv\/wp-json\/wp\/v2\/product\/15665","targetHints":{"allow":["GET"]}}],"collection":[{"href":"https:\/\/www.hydraulic-cylinders.net\/lv\/wp-json\/wp\/v2\/product"}],"about":[{"href":"https:\/\/www.hydraulic-cylinders.net\/lv\/wp-json\/wp\/v2\/types\/product"}],"replies":[{"embeddable":true,"href":"https:\/\/www.hydraulic-cylinders.net\/lv\/wp-json\/wp\/v2\/comments?post=15665"}],"wp:featuredmedia":[{"embeddable":true,"href":"https:\/\/www.hydraulic-cylinders.net\/lv\/wp-json\/wp\/v2\/media\/14776"}],"wp:attachment":[{"href":"https:\/\/www.hydraulic-cylinders.net\/lv\/wp-json\/wp\/v2\/media?parent=15665"}],"wp:term":[{"taxonomy":"product_brand","embeddable":true,"href":"https:\/\/www.hydraulic-cylinders.net\/lv\/wp-json\/wp\/v2\/product_brand?post=15665"},{"taxonomy":"product_cat","embeddable":true,"href":"https:\/\/www.hydraulic-cylinders.net\/lv\/wp-json\/wp\/v2\/product_cat?post=15665"},{"taxonomy":"product_tag","embeddable":true,"href":"https:\/\/www.hydraulic-cylinders.net\/lv\/wp-json\/wp\/v2\/product_tag?post=15665"}],"curies":[{"name":"wp","href":"https:\/\/api.w.org\/{rel}","templated":true}]}}