{"id":15671,"date":"2025-01-19T14:49:23","date_gmt":"2025-01-19T14:49:23","guid":{"rendered":"https:\/\/www.hydraulic-cylinders.net\/product\/bucket-cylinder-for-jcm-middle-excavator-921d\/"},"modified":"2025-01-19T14:49:25","modified_gmt":"2025-01-19T14:49:25","slug":"bucket-cylinder-for-jcm-middle-excavator-921d","status":"publish","type":"product","link":"https:\/\/www.hydraulic-cylinders.net\/lv\/products\/bucket-cylinder-for-jcm-middle-excavator-921d\/","title":{"rendered":"JCM vid\u0113j\u0101 ekskavatora 921D kausa cilindrs"},"content":{"rendered":"<h1>JCM vid\u0113j\u0101 ekskavatora 921D kausa cilindrs<\/h1>\n<h2>Ievads<\/h2>\n<p>Kausa cilindrs ir specializ\u0113ts hidrauliskais cilindrs, kas paredz\u0113ts kausa kust\u012bbas vad\u012bbai smagaj\u0101s ma\u0161\u012bn\u0101s, piem\u0113ram, ekskavatoros, iekr\u0101v\u0113jos ar ekskavatoru un front\u0101lajos iekr\u0101v\u0113jos. T\u0101 galven\u0101 funkcija ir nodro\u0161in\u0101t kausa pacel\u0161anu, nolai\u0161anu un noliek\u0161anu, padarot to \u0113rtu da\u017e\u0101diem materi\u0101lu apstr\u0101des uzdevumiem. Hidrauliskaj\u0101 sist\u0113m\u0101 kausa cilindrs prec\u012bzi kontrol\u0113 kausu, mainot hidraulisk\u0101s e\u013c\u013cas spiedienu, \u013caujot operatoriem efekt\u012bvi apstr\u0101d\u0101t smagas kravas un piel\u0101goties sare\u017e\u0123\u012btai darba videi un da\u017e\u0101d\u0101m darba pras\u012bb\u0101m.<\/p>\n<p><img decoding=\"async\" src=\"https:\/\/www.hydraulic-cylinders.net\/wp-content\/uploads\/2025\/01\/songte-company-2.webp\"><\/p>\n<h2>Funkcijas<\/h2>\n<ul>\n<li>\n<h3>Augsta iztur\u012bba un ilgm\u016b\u017e\u012bba<\/h3>\n<p>Kausa cilindri parasti ir izgatavoti no augstas stipr\u012bbas t\u0113rauda vai alum\u012bnija, kas var iztur\u0113t augstu spiedienu un lielas slodzes. Tie ir izstr\u0101d\u0101ti, \u0146emot v\u0113r\u0101 nodilumiztur\u012bbu un korozijas iztur\u012bbu, kas pagarina to kalpo\u0161anas laiku.<\/p>\n<\/li>\n<li>\n<h3>Efekt\u012bva hidraulisk\u0101 darb\u012bba<\/h3>\n<p>Kausa cilindri izmanto hidraulisk\u0101s e\u013c\u013cas spiedienu, lai pan\u0101ktu vienm\u0113r\u012bgas izstiep\u0161anas un ievilk\u0161anas kust\u012bbas, \u013caujot \u0101tri rea\u0123\u0113t uz vad\u012bbas komand\u0101m un nodro\u0161inot sp\u0113c\u012bgus stum\u0161anas un vilk\u0161anas sp\u0113kus, kas ir piem\u0113roti smagu kravu apstr\u0101dei un sare\u017e\u0123\u012btu darbu uzdevumiem.<\/p>\n<\/li>\n<li>\n<h3>Vair\u0101ki veidi<\/h3>\n<p>Kausa cilindrus var izv\u0113l\u0113ties k\u0101 vienk\u0101r\u0161\u0101s darb\u012bbas (hidraulika tiek izmantota tikai vien\u0101 virzien\u0101) vai divk\u0101r\u0161\u0101s darb\u012bbas (hidraulika tiek izmantota divos virzienos) cilindrus atkar\u012bb\u0101 no vajadz\u012bb\u0101m, lai apmierin\u0101tu da\u017e\u0101das ekspluat\u0101cijas pras\u012bbas. Da\u017ei mode\u013ci ir teleskopiski, kas \u013cauj pan\u0101kt liel\u0101ku pagarin\u0101jumu, nepalielinot \u0101r\u0113jos izm\u0113rus, un ir piem\u0113roti lietojumiem ar ierobe\u017eotu telpu.<\/p>\n<\/li>\n<li>\n<h3>Nomainiet hidraulisko cilindru<\/h3>\n<p>M\u016bsu produkti var lieliski aizst\u0101t \u0161os hidrauliskos cilindrus.<\/p>\n<\/li>\n<\/ul>\n<p><img decoding=\"async\" src=\"https:\/\/www.hydraulic-cylinders.net\/wp-content\/uploads\/2025\/01\/songte-cylinder-head-with-all-kinds-excavator-models.webp\"><\/p>\n<h2>Pieteikumi<\/h2>\n<p>Kausa cilindri tiek pla\u0161i izmantoti da\u017e\u0101d\u0101s smagaj\u0101s ma\u0161\u012bn\u0101s. \u0160eit ir da\u017ei piem\u0113ri:<\/p>\n<ul>\n<li>\n<h3>Celtniec\u012bbas apr\u012bkojums<\/h3>\n<p>Ekskavatoros tie ir \u013coti svar\u012bgi augsnes vai gru\u017eu rak\u0161anai, iekrau\u0161anai un p\u0101rvieto\u0161anai. Ekskavatoros-iekr\u0101v\u0113jos kausa cilindri pal\u012bdz gan rak\u0161an\u0101, gan cel\u0161an\u0101. <\/p>\n<\/li>\n<li>\n<h3>Lauksaimniec\u012bbas tehnika<\/h3>\n<p>Izmanto front\u0101lajos iekr\u0101v\u0113jos augsnes, siena un citu materi\u0101lu sav\u0101k\u0161anai, cel\u0161anai un transport\u0113\u0161anai. <\/p>\n<\/li>\n<li>\n<h3>Ekskavatori<\/h3>\n<p>Kausa cilindri nodro\u0161ina rak\u0161anas darb\u012bbu, \u013caujot kausam iek\u013c\u016bt augsn\u0113.<\/p>\n<\/li>\n<li>\n<h3>Iekr\u0101v\u0113ji<\/h3>\n<p>Front\u0101lajos iekr\u0101v\u0113jos kausa cilindri pal\u012bdz efekt\u012bvi pacelt un noliekt preces.<\/p>\n<\/li>\n<\/ul>\n<h2>Dizaina apsv\u0113rumi un atlases krit\u0113riji<\/h2>\n<p>Kausa cilindri ir kritiski svar\u012bgas smago ma\u0161\u012bnu hidraulisko sist\u0113mu sast\u0101vda\u013cas. J\u0101\u0146em v\u0113r\u0101 \u0161\u0101di projekt\u0113\u0161anas apsv\u0113rumi un izv\u0113les krit\u0113riji:<\/p>\n<ul>\n<li>\n<h3>Nestsp\u0113ja<\/h3>\n<p>J\u0101nov\u0113rt\u0113 cilindra sp\u0113ja iztur\u0113t slodzi un \u0101r\u0113jos sp\u0113kus.<\/p>\n<\/li>\n<li>\n<h3>Bl\u012bv\u0113\u0161anas sp\u0113ja<\/h3>\n<p>Cilindram j\u0101b\u016bt konstru\u0113tam ar atbilsto\u0161\u0101m bl\u012bv\u0113\u0161anas sast\u0101vda\u013c\u0101m, piem\u0113ram, virzu\u013ca bl\u012bv\u0113m un stie\u0146a bl\u012bv\u0113m, kas izgatavotas no nodilumiztur\u012bgiem materi\u0101liem, piem\u0113ram, poliuret\u0101na un nitrila gumijas, lai nov\u0113rstu hidraulisk\u0101 \u0161\u0137idruma nopl\u016bdi.<\/p>\n<\/li>\n<li>\n<h3>Iztur\u012bba<\/h3>\n<p>Balonam j\u0101b\u016bt konstru\u0113tam t\u0101, lai tas iztur\u0113tu koroziju un nodilumu, vienlaikus izturot augstu spiediena l\u012bmeni.<\/p>\n<\/li>\n<li>\n<h3>Dro\u0161\u012bba<\/h3>\n<p>Balonam j\u0101b\u016bt konstru\u0113tam t\u0101, lai nov\u0113rstu negad\u012bjumus un nodro\u0161in\u0101tu darbinieku dro\u0161\u012bbu t\u0101 lieto\u0161anas laik\u0101.<\/p>\n<\/li>\n<li>\n<h3>Apkope<\/h3>\n<p>Balonam j\u0101b\u016bt konstru\u0113tam t\u0101, lai to b\u016btu viegli apkopt un remont\u0113t.<\/p>\n<\/li>\n<\/ul>\n<p><img decoding=\"async\" src=\"https:\/\/www.hydraulic-cylinders.net\/wp-content\/uploads\/2025\/01\/songte-oil-pipes-and-spare-parts.webp\"><\/p>\n<h2>Bl\u012bv\u0113\u0161ana un e\u013c\u013co\u0161ana<\/h2>\n<p>Kausa cilindram j\u0101b\u016bt apr\u012bkotam ar da\u017e\u0101diem bl\u012bv\u0113\u0161anas komponentiem, piem\u0113ram, virzu\u013ca bl\u012bv\u0113m un stie\u0146a bl\u012bv\u0113m, kas izgatavotas no nodilumiztur\u012bgiem materi\u0101liem, piem\u0113ram, poliuret\u0101na un nitrila gumijas, lai nov\u0113rstu hidraulisk\u0101 \u0161\u0137idruma zudumus. Cilindrs ar\u012b j\u0101iee\u013c\u013co ar atbilsto\u0161u hidraulisk\u0101s e\u013c\u013cas daudzumu, lai nodro\u0161in\u0101tu vienm\u0113r\u012bgu darb\u012bbu un pagarin\u0101tu kalpo\u0161anas laiku. Cilindra korpusam un v\u012bt\u0146otajai gala virsmai j\u0101b\u016bt smalki apstr\u0101d\u0101tai, lai uzlabotu nodilumiztur\u012bbu.<\/p>\n<h2>P\u0101rbaudes un profilaktisk\u0101s apkopes pas\u0101kumi<\/h2>\n<p>Lai nodro\u0161in\u0101tu kausa cilindra optim\u0101lu darb\u012bbu, ir svar\u012bgi veikt regul\u0101ru p\u0101rbaudi un profilaktisko apkopi. J\u0101veic \u0161\u0101di pas\u0101kumi:<\/p>\n<ul>\n<li>\n<h3>Regul\u0101ra p\u0101rbaude<\/h3>\n<p>Kausa cilindrs regul\u0101ri j\u0101p\u0101rbauda, \u200b\u200bvai nav nodiluma paz\u012bmju, nopl\u016b\u017eu vai boj\u0101jumu, k\u0101 ar\u012b citu defektu, kas var\u0113tu ietekm\u0113t t\u0101 darb\u012bbu.<\/p>\n<\/li>\n<li>\n<h3>Pareiza e\u013c\u013co\u0161ana<\/h3>\n<p>Cilindrs ir atbilsto\u0161i j\u0101iee\u013c\u013co, lai nodro\u0161in\u0101tu vienm\u0113r\u012bgu darb\u012bbu un nov\u0113rstu priek\u0161laic\u012bgu nodilumu.<\/p>\n<\/li>\n<li>\n<h3>Bl\u012bv\u0113juma nomai\u0146a un kalibr\u0113\u0161anas p\u0101rbaude<\/h3>\n<p>Bl\u012bves periodiski j\u0101nomaina, lai nov\u0113rstu hidraulisk\u0101 \u0161\u0137idruma nopl\u016bdi. J\u0101veic ar\u012b kalibr\u0113\u0161anas p\u0101rbaudes, lai p\u0101rliecin\u0101tos, ka cilindrs darbojas saska\u0146\u0101 ar ra\u017eot\u0101ja ieteiktaj\u0101m specifik\u0101cij\u0101m.<\/p>\n<\/li>\n<\/ul>\n<p>Pareiza kausa cilindra uzst\u0101d\u012b\u0161ana ir b\u016btiska, lai nodro\u0161in\u0101tu optim\u0101lu veiktsp\u0113ju un ilgm\u016b\u017e\u012bbu. Cilindram j\u0101b\u016bt pareizi izl\u012bdzin\u0101tam, un t\u0101 nostiprin\u0101\u0161anai j\u0101izmanto atbilsto\u0161i uzst\u0101d\u012b\u0161anas kron\u0161teini. Lai saglab\u0101tu cilindra kalpo\u0161anas laiku, j\u0101iev\u0113ro ieteicam\u0101s p\u0101rbaudes, remonta un deta\u013cu nomai\u0146as proced\u016bras.<\/p>\n<p><img decoding=\"async\" src=\"https:\/\/www.hydraulic-cylinders.net\/wp-content\/uploads\/2025\/01\/songte-chushion-collar.webp\"><\/p>\n<h2>Dro\u0161\u012bbas apsv\u0113rumi un vides faktori<\/h2>\n<p>Ar kausu cilindriem j\u0101apietas uzman\u012bgi, lai nov\u0113rstu negad\u012bjumus vai traumas uzst\u0101d\u012b\u0161anas, p\u0101rbaudes vai apkopes laik\u0101. J\u0101iev\u0113ro atbilsto\u0161i dro\u0161\u012bbas pas\u0101kumi, piem\u0113ram, j\u0101valk\u0101 aizsargl\u012bdzek\u013ci, j\u0101iev\u0113ro dro\u0161\u012bbas proced\u016bras un j\u0101str\u0101d\u0101 dro\u0161\u0101 vid\u0113. J\u0101\u0146em v\u0113r\u0101 ar\u012b vides faktori, piem\u0113ram, j\u0101izmanto videi draudz\u012bgas sm\u0113rvielas un j\u0101utiliz\u0113 hidrauliskais \u0161\u0137idrums videi draudz\u012bg\u0101 veid\u0101.<\/p>\n<h2>Probl\u0113mu nov\u0113r\u0161ana un bie\u017ei sastopamas probl\u0113mas<\/h2>\n<p>Bie\u017ei sastopamas probl\u0113mas ar kausu cilindriem ir nopl\u016bdes, k\u013c\u016bmes un darb\u012bbas trauc\u0113jumi. J\u0101sniedz probl\u0113mu nov\u0113r\u0161anas padomi un risin\u0101jumi, lai pal\u012bdz\u0113tu las\u012bt\u0101jiem diagnostic\u0113t un efekt\u012bvi risin\u0101t probl\u0113mas. J\u0101iesaka ar\u012b prevent\u012bvie pas\u0101kumi, lai samazin\u0101tu potenci\u0101lo probl\u0113mu skaitu.<\/p>\n<p><img decoding=\"async\" src=\"https:\/\/www.hydraulic-cylinders.net\/wp-content\/uploads\/2025\/01\/songte-bushings-with-all-kinds-of-excavator-models.webp\"><\/p>\n<h2>Par m\u016bsu uz\u0146\u0113mumu<\/h2>\n<p>M\u0113s esam vado\u0161ais hidraulisko cilindru ra\u017eot\u0101js un vairumtirgot\u0101js, kas nodro\u0161ina pilnu produktu kl\u0101stu gan viet\u0113jam, gan starptautiskajam tirgum. M\u016bsu ra\u017eo\u0161anas strat\u0113\u0123ija balst\u0101s uz nozar\u0113 vado\u0161o kvalit\u0101ti, ko atbalsta digit\u0101lu, augstas klases ra\u017eo\u0161anas iek\u0101rtu un profesion\u0101lu test\u0113\u0161anas sist\u0113mu izmanto\u0161ana. Mums ir tehnisko speci\u0101listu komanda, kas specializ\u0113jas individu\u0101lu dizainu izveid\u0113 un hidraulisko cilindru ra\u017eo\u0161an\u0101, lai apmierin\u0101tu da\u017e\u0101das klientu vajadz\u012bbas. M\u016bsu produkti ir izstr\u0101d\u0101ti ar augstu efektivit\u0101ti, precizit\u0101ti un kvalit\u0101ti, lai apmierin\u0101tu m\u016bsu klientu da\u017e\u0101d\u0101s pras\u012bbas.<\/p>\n<p>M\u016bsu uz\u0146\u0113mums lepojas ar savu profesionalit\u0101ti, starptautisko sertifik\u0101ciju, pas\u016bt\u012bjuma pakalpojumiem, ra\u017eo\u0161anas iek\u0101rt\u0101m un p\u0113cp\u0101rdo\u0161anas pakalpojumiem. M\u0113s cen\u0161amies sniegt augstas kvalit\u0101tes risin\u0101jumus, kas atbilst m\u016bsu klientu vajadz\u012bb\u0101m.<\/p>\n<p><img decoding=\"async\" src=\"https:\/\/hzpt.com\/wp-content\/uploads\/2024\/11\/songte-company-1.webp\"><\/p>\n<p>Autors: lil<\/p>","protected":false},"excerpt":{"rendered":"<p>Bucket Cylinder For JCM Middle Excavator 921D Introduction The bucket cylinder is a specialized hydraulic cylinder designed to control the movement of the bucket in heavy machinery such as excavators, backhoe loaders, and front-end loaders. Its main function is to enable the bucket to be lifted, lowered, and tilted, making it convenient for various material [&hellip;]<\/p>","protected":false},"featured_media":14761,"comment_status":"open","ping_status":"closed","template":"","meta":{"_et_pb_use_builder":"","_et_pb_old_content":"","_et_gb_content_width":""},"product_brand":[],"product_cat":[1494],"product_tag":[1495,1496],"class_list":{"0":"post-15671","1":"product","2":"type-product","3":"status-publish","4":"has-post-thumbnail","6":"product_cat-bucket-cylinders","7":"product_tag-bucket-cylinders","8":"product_tag-hydraulic-cylinders","10":"first","11":"instock","12":"shipping-taxable","13":"product-type-simple"},"amp_enabled":true,"_links":{"self":[{"href":"https:\/\/www.hydraulic-cylinders.net\/lv\/wp-json\/wp\/v2\/product\/15671","targetHints":{"allow":["GET"]}}],"collection":[{"href":"https:\/\/www.hydraulic-cylinders.net\/lv\/wp-json\/wp\/v2\/product"}],"about":[{"href":"https:\/\/www.hydraulic-cylinders.net\/lv\/wp-json\/wp\/v2\/types\/product"}],"replies":[{"embeddable":true,"href":"https:\/\/www.hydraulic-cylinders.net\/lv\/wp-json\/wp\/v2\/comments?post=15671"}],"wp:featuredmedia":[{"embeddable":true,"href":"https:\/\/www.hydraulic-cylinders.net\/lv\/wp-json\/wp\/v2\/media\/14761"}],"wp:attachment":[{"href":"https:\/\/www.hydraulic-cylinders.net\/lv\/wp-json\/wp\/v2\/media?parent=15671"}],"wp:term":[{"taxonomy":"product_brand","embeddable":true,"href":"https:\/\/www.hydraulic-cylinders.net\/lv\/wp-json\/wp\/v2\/product_brand?post=15671"},{"taxonomy":"product_cat","embeddable":true,"href":"https:\/\/www.hydraulic-cylinders.net\/lv\/wp-json\/wp\/v2\/product_cat?post=15671"},{"taxonomy":"product_tag","embeddable":true,"href":"https:\/\/www.hydraulic-cylinders.net\/lv\/wp-json\/wp\/v2\/product_tag?post=15671"}],"curies":[{"name":"wp","href":"https:\/\/api.w.org\/{rel}","templated":true}]}}