{"id":15673,"date":"2025-01-19T14:49:31","date_gmt":"2025-01-19T14:49:31","guid":{"rendered":"https:\/\/www.hydraulic-cylinders.net\/product\/bucket-cylinder-for-jcm-middle-excavator-924d\/"},"modified":"2025-01-19T14:49:33","modified_gmt":"2025-01-19T14:49:33","slug":"bucket-cylinder-for-jcm-middle-excavator-924d","status":"publish","type":"product","link":"https:\/\/www.hydraulic-cylinders.net\/lv\/products\/bucket-cylinder-for-jcm-middle-excavator-924d\/","title":{"rendered":"JCM vid\u0113j\u0101 ekskavatora 924D kausa cilindrs"},"content":{"rendered":"<p><!DOCTYPE html><br \/>\n<html><br \/>\n<head><br \/>\n<title>JCM vid\u0113j\u0101 ekskavatora 924D kausa cilindrs<\/title><br \/>\n<\/head><br \/>\n<body><\/p>\n<h1>JCM vid\u0113j\u0101 ekskavatora 924D kausa cilindrs<\/h1>\n<h2>Ievads<\/h2>\n<p>JCM vid\u0113j\u0101 ekskavatora 924D kausa cilindrs ir \u012bpa\u0161i izstr\u0101d\u0101ts hidrauliskais cilindrs, ko izmanto, lai kontrol\u0113tu kausa kust\u012bbu smagaj\u0101s ma\u0161\u012bn\u0101s, piem\u0113ram, ekskavatoros, iekr\u0101v\u0113jos un front\u0101lajos iekr\u0101v\u0113jos. T\u0101 galven\u0101 funkcija ir nodro\u0161in\u0101t kausa pacel\u0161anu, nolai\u0161anu un noliek\u0161anu, padarot to \u0113rtu da\u017e\u0101diem materi\u0101lu apstr\u0101des uzdevumiem. Hidrauliskaj\u0101 sist\u0113m\u0101 kausa cilindrs pan\u0101k prec\u012bzu kausa kontroli, mainot hidraulisk\u0101s e\u013c\u013cas spiedienu, \u013caujot operatoriem efekt\u012bvi apstr\u0101d\u0101t smagas kravas un piel\u0101goties sare\u017e\u0123\u012btai darba videi un da\u017e\u0101d\u0101m ekspluat\u0101cijas pras\u012bb\u0101m.<\/p>\n<p><img decoding=\"async\" src=\"https:\/\/www.hydraulic-cylinders.net\/wp-content\/uploads\/2025\/01\/songte-company-2.webp\" alt=\"Kausa cilindra att\u0113ls\"><\/p>\n<h2>Funkcijas<\/h2>\n<ul>\n<li>Augsta iztur\u012bba un ilgm\u016b\u017e\u012bba: Parasti izgatavots no augstas stipr\u012bbas t\u0113rauda vai alum\u012bnija, sp\u0113j iztur\u0113t augstu spiedienu un lielas slodzes, piel\u0101gojas skarbai darba videi un ir izstr\u0101d\u0101ts, \u0146emot v\u0113r\u0101 nodilumiztur\u012bbu un korozijas iztur\u012bbu, lai pagarin\u0101tu t\u0101 kalpo\u0161anas laiku.<\/li>\n<li>Efekt\u012bva hidraulisk\u0101 darb\u012bba: izmanto hidraulisk\u0101s e\u013c\u013cas spiedienu, lai pan\u0101ktu vienm\u0113r\u012bgas izstiep\u0161anas un ievilk\u0161anas kust\u012bbas, \u013caujot \u0101tri rea\u0123\u0113t uz vad\u012bbas komand\u0101m, nodro\u0161inot sp\u0113c\u012bgu stum\u0161anas un vilk\u0161anas sp\u0113ku, un ir piem\u0113rots smagu kravu apstr\u0101dei un sare\u017e\u0123\u012btu ekspluat\u0101cijas uzdevumu veik\u0161anai.<\/li>\n<li>Da\u017e\u0101di veidi: Atkar\u012bb\u0101 no pras\u012bb\u0101m var izv\u0113l\u0113ties k\u0101 vienas darb\u012bbas (hidrauliski tikai vien\u0101 virzien\u0101) vai divk\u0101r\u0161as darb\u012bbas (hidrauliski abos virzienos) cilindrus, da\u017ei mode\u013ci ir teleskopiski, lai nodro\u0161in\u0101tu liel\u0101ku pagarin\u0101jumu, nepalielinot \u0101r\u0113jos izm\u0113rus, kas ir piem\u0113roti lietojumiem ar ierobe\u017eotu vietu.<\/li>\n<li>Perfekta nomai\u0146a: m\u016bsu produkti var perfekti nomain\u012bt \u0161os hidrauliskos cilindrus.<\/li>\n<\/ul>\n<p><img decoding=\"async\" src=\"https:\/\/www.hydraulic-cylinders.net\/wp-content\/uploads\/2025\/01\/songte-cylinder-head-with-all-kinds-excavator-models.webp\" alt=\"Produkta aizst\u0101\u0161anas att\u0113ls\"><\/p>\n<h2>Pieteikumi<\/h2>\n<ul>\n<li>B\u016bvniec\u012bbas tehnika: atrodama ekskavatoros, kur t\u0101 ir b\u016btiska rak\u0161anai, iekrau\u0161anai un augsnes vai gru\u017eu p\u0101rvieto\u0161anai. Ekskavatoros-iekr\u0101v\u0113jos kausa cilindrs pal\u012bdz gan rak\u0161an\u0101, gan cel\u0161an\u0101.<\/li>\n<li>Lauksaimniec\u012bbas tehnika: Izmanto front\u0101lajos iekr\u0101v\u0113jos augsnes, siena un citu materi\u0101lu sav\u0101k\u0161anai, cel\u0161anai un transport\u0113\u0161anai.<\/li>\n<li>Ekskavatori: Kausa cilindrs nodro\u0161ina rak\u0161anas darb\u012bbas, \u013caujot kausam iek\u013c\u016bt augsn\u0113.<\/li>\n<li>Iekr\u0101v\u0113ji: Front\u0101lajos iekr\u0101v\u0113jos tie pal\u012bdz efekt\u012bvi pacelt un izkraut preces.<\/li>\n<\/ul>\n<p>Katram pielietojumam ir savas unik\u0101las pras\u012bbas un priek\u0161roc\u012bbas, ko sniedz kausa cilindra izmanto\u0161ana JCM vid\u0113j\u0101 ekskavatora 924D modelim.<\/p>\n<h2>Dizaina apsv\u0113rumi un atlases krit\u0113riji<\/h2>\n<ul>\n<li>Gult\u0146u kapacit\u0101te: Cilindrs ir paredz\u0113ts nor\u0101d\u012bto slod\u017eu un spiedienu iztur\u0113\u0161anai.<\/li>\n<li>Bl\u012bv\u0113jums: Lai nodro\u0161in\u0101tu pareizu bl\u012bv\u0113jumu, tiek izmantoti da\u017e\u0101di bl\u012bv\u0113jumi, piem\u0113ram, virzu\u013ca bl\u012bvsl\u0113gi \u200b\u200bun stie\u0146a bl\u012bvsl\u0113gi, un t\u0101di materi\u0101li k\u0101 poliuret\u0101ns un nitrilgumija tiek izv\u0113l\u0113ti to nodilumiztur\u012bbas d\u0113\u013c.<\/li>\n<li>Iztur\u012bba: Cilindra korpuss un v\u012bt\u0146otie gali ir smalki apstr\u0101d\u0101ti, lai uzlabotu nodilumiztur\u012bbu.<\/li>\n<li>Dro\u0161\u012bba: Konstrukcija nodro\u0161ina dro\u0161u darb\u012bbu un samazina iesp\u0113jamos apdraud\u0113jumus.<\/li>\n<li>Apkope: Cilindrs ir konstru\u0113ts t\u0101, lai to b\u016btu viegli apkopt un remont\u0113t.<\/li>\n<\/ul>\n<p><img decoding=\"async\" src=\"https:\/\/www.hydraulic-cylinders.net\/wp-content\/uploads\/2025\/01\/songte-oil-pipes-and-spare-parts.webp\" alt=\"Bl\u012bv\u0113jumu un rezerves da\u013cu att\u0113ls\"><\/p>\n<h2>Bl\u012bv\u0113\u0161ana un e\u013c\u013co\u0161ana<\/h2>\n<p>JCM vid\u0113j\u0101 ekskavatora 924D kausa cilindram tiek izmantoti da\u017e\u0101di bl\u012bv\u0113jumi, piem\u0113ram, virzu\u013ca bl\u012bv\u0113jumi, stie\u0146a bl\u012bv\u0113jumi utt., kas izgatavoti no nodilumiztur\u012bgiem materi\u0101liem, piem\u0113ram, poliuret\u0101na un nitrila gumijas. Cilindra korpuss un v\u012bt\u0146otie gali ir smalki apstr\u0101d\u0101ti, lai uzlabotu nodilumiztur\u012bbu. Lai nodro\u0161in\u0101tu vienm\u0113r\u012bgu darb\u012bbu un pagarin\u0101tu cilindra kalpo\u0161anas laiku, ir nepiecie\u0161ama regul\u0101ra e\u013c\u013co\u0161ana ar atbilsto\u0161u hidraulisko e\u013c\u013cu.<\/p>\n<h2>Regul\u0101ra p\u0101rbaude un profilaktisk\u0101 apkope<\/h2>\n<ul>\n<li>Regul\u0101ri j\u0101p\u0101rbauda, \u200b\u200blai atkl\u0101tu jebk\u0101das nodiluma, nopl\u016bdes vai boj\u0101jumu paz\u012bmes.<\/li>\n<li>Pareiza e\u013c\u013co\u0161ana j\u0101veic ieteicamajos interv\u0101los.<\/li>\n<li>Lai nodro\u0161in\u0101tu pareizu bl\u012bv\u0113jumu, bl\u012bves j\u0101nomaina p\u0113c nepiecie\u0161am\u012bbas.<\/li>\n<li>Lai nodro\u0161in\u0101tu prec\u012bzu darb\u012bbu, j\u0101veic kalibr\u0113\u0161anas p\u0101rbaudes.<\/li>\n<\/ul>\n<p><img decoding=\"async\" src=\"https:\/\/www.hydraulic-cylinders.net\/wp-content\/uploads\/2025\/01\/songte-chushion-collar.webp\" alt=\"Prevent\u012bv\u0101s apkopes att\u0113ls\"><\/p>\n<h2>Dro\u0161\u012bbas apsv\u0113rumi un vides faktori<\/h2>\n<p>Izmantojot kausa cilindru JCM vid\u0113j\u0101 ekskavatora 924D modelim, ir svar\u012bgi iev\u0113rot dro\u0161\u012bbas pas\u0101kumus, lai nov\u0113rstu negad\u012bjumus un nodro\u0161in\u0101tu operatora labsaj\u016btu. J\u0101iev\u0113ro ar\u012b dro\u0161\u012bbas pas\u0101kumi, lai samazin\u0101tu ietekmi uz vidi.<\/p>\n<h2>K\u013c\u016bmju diagnostika un bie\u017e\u0101k sastopam\u0101s probl\u0113mas<\/h2>\n<p>K\u013c\u016bmju diagnostika un probl\u0113mu nov\u0113r\u0161ana ir \u013coti svar\u012bga, lai atrisin\u0101tu bie\u017ei sastopamas probl\u0113mas, kas saist\u012btas ar JCM vid\u0113j\u0101 ekskavatora 924D kausa cilindru. Sniedzot padomus un risin\u0101jumus, las\u012bt\u0101ji var efekt\u012bvi diagnostic\u0113t un nov\u0113rst probl\u0113mas, savuk\u0101rt prevent\u012bvie pas\u0101kumi var pal\u012bdz\u0113t samazin\u0101t iesp\u0113jam\u0101s probl\u0113mas.<\/p>\n<p><img decoding=\"async\" src=\"https:\/\/www.hydraulic-cylinders.net\/wp-content\/uploads\/2025\/01\/songte-bushings-with-all-kinds-of-excavator-models.webp\" alt=\"K\u013c\u016bmes diagnostikas att\u0113ls\"><\/p>\n<h2>Uz\u0146\u0113muma ievads<\/h2>\n<p>M\u0113s esam rezerves hidraulisko cilindru ra\u017eot\u0101js un pied\u0101v\u0101jam pla\u0161u produktu kl\u0101stu. M\u0113s esam viens no vado\u0161ajiem hidraulisko cilindru ra\u017eot\u0101jiem un vairumtirgot\u0101jiem viet\u0113j\u0101 un starptautiskaj\u0101 tirg\u016b. M\u0113s iev\u0113rojam izcil\u012bbas principus un sav\u0101s izsmalcin\u0101taj\u0101s ra\u017eo\u0161anas darbn\u012bc\u0101s pa\u013caujamies uz industrializ\u0113t\u0101m ra\u017eo\u0161anas vad\u012bbas strat\u0113\u0123ij\u0101m. Pateicoties m\u016bsu tehniskaj\u0101m zin\u0101\u0161an\u0101m, modernaj\u0101m ra\u017eo\u0161anas iek\u0101rt\u0101m un profesion\u0101laj\u0101m test\u0113\u0161anas sist\u0113m\u0101m, m\u0113s nep\u0101rtraukti uzlabojam savu ra\u017eo\u0161anas platformu, uzlabojam savu produktu kvalit\u0101ti un mums ir sp\u0113c\u012bga ra\u017eo\u0161anas jauda. M\u0113s cen\u0161amies apmierin\u0101t da\u017e\u0101das klientu vajadz\u012bbas ar augstu efektivit\u0101ti, precizit\u0101ti un kvalit\u0101ti.<\/p>\n<p><img decoding=\"async\" src=\"https:\/\/hzpt.com\/wp-content\/uploads\/2024\/11\/songte-company-1.webp\" alt=\"Uz\u0146\u0113muma t\u0113ls\"><\/p>\n<p>M\u0113s lepojamies ar savu profesionalit\u0101ti, starptautiskajiem sertifik\u0101tiem, piel\u0101gotajiem pakalpojumiem, ra\u017eo\u0161anas iek\u0101rt\u0101m un p\u0113cp\u0101rdo\u0161anas pakalpojumiem. M\u016bsu uz\u0146\u0113mums ir ap\u0146\u0113mies sniegt m\u016bsu klientiem lab\u0101kos risin\u0101jumus un produktus.<\/p>\n<p><img decoding=\"async\" src=\"https:\/\/www.hydraulic-cylinders.net\/wp-content\/uploads\/2025\/01\/songte-company-3.webp\" alt=\"Uz\u0146\u0113muma inform\u0101cijas att\u0113ls\"><\/p>\n<p>Autors: lil<\/p>\n<p><\/body><br \/>\n<\/html><\/p>","protected":false},"excerpt":{"rendered":"<p>Bucket Cylinder For JCM Middle Excavator 924D Bucket Cylinder For JCM Middle Excavator 924D Introduction The Bucket Cylinder for JCM Middle Excavator 924D is a specially designed hydraulic cylinder used to control the movement of the bucket in heavy machinery such as excavators, backhoe loaders, and front-end loaders. Its main function is to enable the [&hellip;]<\/p>","protected":false},"featured_media":14788,"comment_status":"open","ping_status":"closed","template":"","meta":{"_et_pb_use_builder":"","_et_pb_old_content":"","_et_gb_content_width":""},"product_brand":[],"product_cat":[1494],"product_tag":[1495,1496],"class_list":{"0":"post-15673","1":"product","2":"type-product","3":"status-publish","4":"has-post-thumbnail","6":"product_cat-bucket-cylinders","7":"product_tag-bucket-cylinders","8":"product_tag-hydraulic-cylinders","10":"first","11":"instock","12":"shipping-taxable","13":"product-type-simple"},"amp_enabled":true,"_links":{"self":[{"href":"https:\/\/www.hydraulic-cylinders.net\/lv\/wp-json\/wp\/v2\/product\/15673","targetHints":{"allow":["GET"]}}],"collection":[{"href":"https:\/\/www.hydraulic-cylinders.net\/lv\/wp-json\/wp\/v2\/product"}],"about":[{"href":"https:\/\/www.hydraulic-cylinders.net\/lv\/wp-json\/wp\/v2\/types\/product"}],"replies":[{"embeddable":true,"href":"https:\/\/www.hydraulic-cylinders.net\/lv\/wp-json\/wp\/v2\/comments?post=15673"}],"wp:featuredmedia":[{"embeddable":true,"href":"https:\/\/www.hydraulic-cylinders.net\/lv\/wp-json\/wp\/v2\/media\/14788"}],"wp:attachment":[{"href":"https:\/\/www.hydraulic-cylinders.net\/lv\/wp-json\/wp\/v2\/media?parent=15673"}],"wp:term":[{"taxonomy":"product_brand","embeddable":true,"href":"https:\/\/www.hydraulic-cylinders.net\/lv\/wp-json\/wp\/v2\/product_brand?post=15673"},{"taxonomy":"product_cat","embeddable":true,"href":"https:\/\/www.hydraulic-cylinders.net\/lv\/wp-json\/wp\/v2\/product_cat?post=15673"},{"taxonomy":"product_tag","embeddable":true,"href":"https:\/\/www.hydraulic-cylinders.net\/lv\/wp-json\/wp\/v2\/product_tag?post=15673"}],"curies":[{"name":"wp","href":"https:\/\/api.w.org\/{rel}","templated":true}]}}