{"id":15692,"date":"2025-01-19T14:51:05","date_gmt":"2025-01-19T14:51:05","guid":{"rendered":"https:\/\/www.hydraulic-cylinders.net\/product\/bucket-cylinder-for-bobcat-small-excavator-e35i\/"},"modified":"2025-01-19T14:51:08","modified_gmt":"2025-01-19T14:51:08","slug":"bucket-cylinder-for-bobcat-small-excavator-e35i","status":"publish","type":"product","link":"https:\/\/www.hydraulic-cylinders.net\/lv\/products\/bucket-cylinder-for-bobcat-small-excavator-e35i\/","title":{"rendered":"Kausa cilindrs Bobcat mazajam ekskavatoram E35i"},"content":{"rendered":"<h1>Kausa cilindrs Bobcat mazajam ekskavatoram E35i<\/h1>\n<h2>Ievads<\/h2>\n<p>Bobcat maz\u0101 ekskavatora E35i kausa cilindrs ir specializ\u0113ts hidrauliskais cilindrs, ko galvenok\u0101rt izmanto, lai kontrol\u0113tu kausa kust\u012bbu smagaj\u0101s ma\u0161\u012bn\u0101s, piem\u0113ram, ekskavatoros, iekr\u0101v\u0113jos ar ekskavatoru un front\u0101lajos iekr\u0101v\u0113jos. T\u0101 galven\u0101 funkcija ir nodro\u0161in\u0101t kausa pacel\u0161anu, nolai\u0161anu un noliek\u0161anu, atvieglojot da\u017e\u0101du materi\u0101lu apstr\u0101des uzdevumu veik\u0161anu. Hidrauliskaj\u0101 sist\u0113m\u0101 kausa cilindrs nodro\u0161ina prec\u012bzu kausa kontroli, mainot hidraulisk\u0101s e\u013c\u013cas spiedienu, \u013caujot operatoriem efekt\u012bvi apstr\u0101d\u0101t smagas kravas un piel\u0101goties sare\u017e\u0123\u012btai darba videi un da\u017e\u0101d\u0101m ekspluat\u0101cijas vajadz\u012bb\u0101m.<\/p>\n<p><img decoding=\"async\" src=\"https:\/\/www.hydraulic-cylinders.net\/wp-content\/uploads\/2025\/01\/songte-company-2.webp\" alt=\"Kausa cilindrs Bobcat mazajam ekskavatoram E35i\"><\/p>\n<h2>Funkcijas<\/h2>\n<ul>\n<li>Augsta iztur\u012bba un ilgm\u016b\u017e\u012bba: Parasti izgatavots no augstas stipr\u012bbas t\u0113rauda vai alum\u012bnija, sp\u0113j iztur\u0113t augstu spiedienu un lielas slodzes, piem\u0113rots skarbai darba videi, izstr\u0101d\u0101ts, \u0146emot v\u0113r\u0101 nodilumiztur\u012bbu un korozijas iztur\u012bbu, pagarinot t\u0101 kalpo\u0161anas laiku.<\/li>\n<li>Efekt\u012bva hidraulisk\u0101 darb\u012bba: Izmantojot hidraulisk\u0101s e\u013c\u013cas spiedienu, tiek pan\u0101ktas vienm\u0113r\u012bgas izstiep\u0161anas un sarau\u0161an\u0101s kust\u012bbas, kas sp\u0113j \u0101tri rea\u0123\u0113t uz vad\u012bbas komand\u0101m, nodro\u0161ina sp\u0113c\u012bgu stum\u0161anas un vilk\u0161anas sp\u0113ku un ir piem\u0113rotas smagu kravu apstr\u0101dei un sare\u017e\u0123\u012btu ekspluat\u0101cijas uzdevumu veik\u0161anai.<\/li>\n<li>Da\u017e\u0101di veidi: vienas darb\u012bbas (hidrauliski tiek izmantota tikai vien\u0101 virzien\u0101) vai divk\u0101r\u0161as darb\u012bbas (hidrauliski tiek izmantota abos virzienos) cilindrus var izv\u0113l\u0113ties atbilsto\u0161i vajadz\u012bb\u0101m, lai apmierin\u0101tu da\u017e\u0101das ekspluat\u0101cijas pras\u012bbas. Da\u017ei mode\u013ci ir teleskopiski, kas \u013cauj tos papla\u0161in\u0101t, nepalielinot \u0101r\u0113jos izm\u0113rus, padarot tos piem\u0113rotus lietojumiem ar ierobe\u017eotu telpu.<\/li>\n<li>Vienk\u0101r\u0161a apkope un remonts: m\u016bsu produkti var lieliski aizst\u0101t \u0161os hidrauliskos cilindrus. <\/li>\n<li>Piel\u0101gojami: m\u016bsu uz\u0146\u0113mums var sniegt piel\u0101gotus pakalpojumus atbilsto\u0161i klientu vajadz\u012bb\u0101m, piem\u0113ram, da\u017e\u0101da izm\u0113ra, formas un materi\u0101lu kausus, nodro\u0161inot klientus ar pilnu hidraulisko sist\u0113mu risin\u0101jumu komplektu. <\/li>\n<\/ul>\n<p><img decoding=\"async\" src=\"https:\/\/www.hydraulic-cylinders.net\/wp-content\/uploads\/2025\/01\/songte-cylinder-head-with-all-kinds-excavator-models.webp\" alt=\"Kausa cilindrs Bobcat mazajam ekskavatoram E35i\"><\/p>\n<h2>Pieteikumi<\/h2>\n<p>Bobcat maz\u0101 ekskavatora E35i kausa cilindrs tiek pla\u0161i izmantots da\u017e\u0101d\u0101s smagaj\u0101s ma\u0161\u012bn\u0101s, tostarp:<\/p>\n<ul>\n<li>B\u016bvniec\u012bbas tehnika: Ekskavatori, ekskavatori-iekr\u0101v\u0113ji un front\u0101lie iekr\u0101v\u0113ji tos izmanto augsnes vai gru\u017eu rak\u0161anai, iekrau\u0161anai un p\u0101rvieto\u0161anai. Ekskavatoros-iekr\u0101v\u0113jos kausa cilindri pal\u012bdz gan rak\u0161an\u0101, gan cel\u0161an\u0101. <\/li>\n<li>Lauksaimniec\u012bbas tehnika: Izmanto front\u0101lajos iekr\u0101v\u0113jos augsnes, siena un citu materi\u0101lu sav\u0101k\u0161anai, cel\u0161anai un transport\u0113\u0161anai. <\/li>\n<li>Ekskavatori: Kausa cilindri \u013cauj veikt izrakumus, \u013caujot kausam iek\u013c\u016bt augsn\u0113. <\/li>\n<li>Iekr\u0101v\u0113ji: Front\u0101lie iekr\u0101v\u0113ji pal\u012bdz efekt\u012bvi pacelt un izkraut preces. <\/li>\n<\/ul>\n<p>Katrs kausa cilindra pielietojums Bobcat mazajam ekskavatoram E35i ir detaliz\u0113ti aprakst\u012bts t\u0101l\u0101k:<\/p>\n<ul>\n<li><strong>Celtniec\u012bbas apr\u012bkojums:<\/strong> Ekskavatoros kausa cilindri tiek izmantoti, lai kontrol\u0113tu kausa kust\u012bbu. Konkr\u0113ti, kausa cilindri \u013cauj kausam dzi\u013ci ierakties zem\u0113 un vienm\u0113r\u012bgi iekraut gru\u017eus kravas automa\u0161\u012bn\u0101. Ekskavatoros-iekr\u0101v\u0113jos kausa cilindri tiek izmantoti, lai kontrol\u0113tu gan rak\u0161anas, gan cel\u0161anas darb\u012bbas.<\/li>\n<li><strong>Lauksaimniec\u012bbas tehnika:<\/strong> Lauksaimniec\u012bbas tehnik\u0101 kausu cilindrus izmanto front\u0101lajos iekr\u0101v\u0113jos augsnes, siena un citu materi\u0101lu sav\u0101k\u0161anai, cel\u0161anai un transport\u0113\u0161anai. Kausu cilindri pal\u012bdz lauksaimniekiem efekt\u012bvi un \u0101tri veikt nepiecie\u0161amos uzdevumus.<\/li>\n<li><strong>Ekskavatori:<\/strong> Kausa cilindri \u013cauj veikt rak\u0161anas darbus, \u013caujot kausam iek\u013c\u016bt augsn\u0113. Ekskavatori tiek pla\u0161i izmantoti b\u016bvlaukumos un ieguves r\u016bpniec\u012bb\u0101.<\/li>\n<li><strong>Iekr\u0101v\u0113ji:<\/strong> Front\u0101lajos iekr\u0101v\u0113jos kausa cilindri \u013cauj efekt\u012bvi pacelt un izkraut preces. Iekr\u0101v\u0113jus parasti izmanto b\u016bvlaukumos un ieguves r\u016bpniec\u012bb\u0101.<\/li>\n<\/ul>\n<h2>Dizaina apsv\u0113rumi un atlases krit\u0113riji<\/h2>\n<p>Izv\u0113loties kausa cilindru Bobcat mazajam ekskavatoram E35i, j\u0101\u0146em v\u0113r\u0101 vair\u0101ki dizaina apsv\u0113rumi un izv\u0113les krit\u0113riji:<\/p>\n<ul>\n<li>Nestsp\u0113ja: Kausa cilindram j\u0101sp\u0113j iztur\u0113t slodzi, kurai tas tiks pak\u013cauts lieto\u0161anas laik\u0101.<\/li>\n<li>Bl\u012bv\u0113juma veiktsp\u0113ja: Kausa cilindram j\u0101b\u016bt konstru\u0113tam ar atbilsto\u0161u bl\u012bv\u0113jumu, lai nov\u0113rstu hidraulisk\u0101 \u0161\u0137idruma nopl\u016bdi un mitruma iek\u013c\u016b\u0161anu.<\/li>\n<li>Iztur\u012bba: Kausa cilindram j\u0101b\u016bt izgatavotam no augstas kvalit\u0101tes materi\u0101liem, lai iztur\u0113tu skarbus vides apst\u0101k\u013cus un atk\u0101rtotu intens\u012bvu lieto\u0161anu.<\/li>\n<li>Dro\u0161\u012bba: Kausa cilindram j\u0101b\u016bt konstru\u0113tam, \u0146emot v\u0113r\u0101 dro\u0161\u012bbu, tostarp pareizu uzst\u0101d\u012b\u0161anu un aizsardz\u012bbu pret nejau\u0161iem boj\u0101jumiem vai traum\u0101m.<\/li>\n<li>Apkope un remonts: Kausa cilindram j\u0101b\u016bt konstru\u0113tam, \u0146emot v\u0113r\u0101 \u0113rtu apkopi un remontu, tostarp vienk\u0101r\u0161u deta\u013cu demont\u0101\u017eu un mont\u0101\u017eu.<\/li>\n<\/ul>\n<p><img decoding=\"async\" src=\"https:\/\/www.hydraulic-cylinders.net\/wp-content\/uploads\/2025\/01\/songte-oil-pipes-and-spare-parts.webp\" alt=\"Kausa cilindrs Bobcat mazajam ekskavatoram E35i\"><\/p>\n<h2>Bl\u012bv\u0113\u0161ana un e\u013c\u013co\u0161ana<\/h2>\n<p>Bobcat maz\u0101 ekskavatora E35i kausa cilindram ir nepiecie\u0161ama atbilsto\u0161a bl\u012bv\u0113\u0161ana un e\u013c\u013co\u0161ana, lai tas darbotos efekt\u012bvi un kalpotu ilgi. J\u0101veic vair\u0101ki pas\u0101kumi, tostarp:<\/p>\n<ul>\n<li>Izmantojot da\u017e\u0101dus bl\u012bv\u0113jumus: piem\u0113ram, virzu\u013ca bl\u012bv\u0113jumus, stie\u0146a bl\u012bv\u0113jumus un t\u012br\u012bt\u0101jus. \u0160iem bl\u012bv\u0113jumiem j\u0101b\u016bt izgatavotiem no nodilumiztur\u012bgiem materi\u0101liem, piem\u0113ram, poliuret\u0101na un nitrila gumijas.<\/li>\n<li>Pareizas virsmas apstr\u0101des nodro\u0161in\u0101\u0161ana: Cilindra korpuss un v\u012bt\u0146ot\u0101s gala virsmas ir r\u016bp\u012bgi j\u0101apstr\u0101d\u0101, lai uzlabotu nodilumiztur\u012bbu.<\/li>\n<li>Piem\u0113rotas hidraulisk\u0101s e\u013c\u013cas lieto\u0161ana: Lai nodro\u0161in\u0101tu pareizu e\u013c\u013co\u0161anu, cilindram regul\u0101ri j\u0101pievieno pareiz\u0101 hidraulisk\u0101 e\u013c\u013ca. <\/li>\n<\/ul>\n<h2>Profilaktisk\u0101 apkope un remonts<\/h2>\n<p>Regul\u0101ra p\u0101rbaude un profilaktisk\u0101 apkope var iev\u0113rojami pagarin\u0101t Bobcat maz\u0101 ekskavatora E35i kausa cilindra kalpo\u0161anas laiku. J\u0101veic vair\u0101ki pas\u0101kumi, tostarp:<\/p>\n<ul>\n<li>Regul\u0101ra p\u0101rbaude: Regul\u0101ri p\u0101rbaudiet kausa cilindru, vai tam nav nopl\u016b\u017eu, nodiluma vai boj\u0101jumu.<\/li>\n<li>Pareiza e\u013c\u013co\u0161ana: Pareizi iee\u013c\u013cojiet kausa cilindru, lai nov\u0113rstu nodilumu.<\/li>\n<li>Bl\u012bv\u0113jumu nomai\u0146a: nomainiet nolietot\u0101s vai boj\u0101t\u0101s bl\u012bves, lai nov\u0113rstu hidraulisk\u0101s nopl\u016bdes.<\/li>\n<li>Kalibr\u0113\u0161anas p\u0101rbaude: p\u0101rbaudiet kausa cilindra kalibr\u0113\u0161anu, lai nodro\u0161in\u0101tu pareizu darb\u012bbu.<\/li>\n<\/ul>\n<h2>Produkta uzst\u0101d\u012b\u0161anas rokasgr\u0101mata<\/h2>\n<p>Pareiza kausa cilindra uzst\u0101d\u012b\u0161ana Bobcat mazajam ekskavatoram E35i ir b\u016btiska, lai nodro\u0161in\u0101tu pareizu darb\u012bbu un dro\u0161\u012bbu. Uzst\u0101d\u012b\u0161anas laik\u0101 j\u0101veic vair\u0101kas darb\u012bbas, tostarp:<\/p>\n<ul>\n<li>Pareiza cilindra izl\u012bdzin\u0101\u0161ana: Nodro\u0161iniet pareizu cilindra izl\u012bdzin\u0101\u0161anu ar ma\u0161\u012bnas hidraulisko sist\u0113mu.<\/li>\n<li>Piem\u0113rotu mont\u0101\u017eas kron\u0161teinu izmanto\u0161ana: Izmantojiet atbilsto\u0161us mont\u0101\u017eas kron\u0161teinus, lai pareizi nostiprin\u0101tu cilindru pie ma\u0161\u012bnas.<\/li>\n<li>Uzst\u0101d\u012b\u0161anas proced\u016bras ieteikums: iev\u0113rojiet ieteicam\u0101s uzst\u0101d\u012b\u0161anas proced\u016bras, lai izvair\u012btos no boj\u0101jumiem vai traum\u0101m.<\/li>\n<\/ul>\n<h2>Bie\u017ei sastopamie apkopes uzdevumi<\/h2>\n<p>Lai nodro\u0161in\u0101tu pareizu darb\u012bbu un pagarin\u0101tu Bobcat maz\u0101 ekskavatora E35i kausa cilindra kalpo\u0161anas laiku, regul\u0101ri j\u0101veic vair\u0101ki bie\u017ei sastopami apkopes darbi, tostarp:<\/p>\n<ul>\n<li>Regul\u0101ra p\u0101rbaude: Regul\u0101ri p\u0101rbaudiet kausa cilindru, vai tam nav nopl\u016b\u017eu, nodiluma vai boj\u0101jumu.<\/li>\n<li>Pareiza e\u013c\u013co\u0161ana: Pareizi iee\u013c\u013cojiet kausa cilindru, lai nov\u0113rstu nodilumu.<\/li>\n<li>Bl\u012bv\u0113jumu nomai\u0146a: nomainiet nolietot\u0101s vai boj\u0101t\u0101s bl\u012bves, lai nov\u0113rstu hidraulisk\u0101s nopl\u016bdes.<\/li>\n<\/ul>\n<p><img decoding=\"async\" src=\"https:\/\/www.hydraulic-cylinders.net\/wp-content\/uploads\/2025\/01\/songte-chushion-collar.webp\" alt=\"Kausa cilindrs Bobcat mazajam ekskavatoram E35i\"><\/p>\n<h2>Dro\u0161\u012bbas un vides apsv\u0113rumi<\/h2>\n<p>Dro\u0161\u012bba ir \u0101rk\u0101rt\u012bgi svar\u012bga, lietojot kausa cilindru Bobcat mazajam ekskavatoram E35i. J\u0101iev\u0113ro vair\u0101ki dro\u0161\u012bbas pas\u0101kumi, tostarp:<\/p>\n<ul>\n<li>Pareiza apm\u0101c\u012bba: Kausa cilindru dr\u012bkst izmantot un uztur\u0113t tikai apm\u0101c\u012bts person\u0101ls.<\/li>\n<li>Pareiza lieto\u0161ana: Kausa cilindrs j\u0101izmanto tikai paredz\u0113tajam m\u0113r\u0137im, un operatoriem j\u0101iev\u0113ro visi dro\u0161\u012bbas pas\u0101kumi.<\/li>\n<\/ul>\n<h2>K\u013c\u016bmju diagnostika un probl\u0113mu nov\u0113r\u0161ana<\/h2>\n<p>Bobcat maz\u0101 ekskavatora E35i kausa cilindra darb\u012bbas laik\u0101 var rasties vair\u0101ki defekti. \u0160ie defekti ir \u0161\u0101di:<\/p>\n<ul>\n<li>Nopl\u016bde: Nopl\u016bde var rasties nolietotu bl\u012bv\u0113jumu vai boj\u0101tu deta\u013cu d\u0113\u013c.<\/li>\n<li>Slikta veiktsp\u0113ja: Slikta veiktsp\u0113ja var rasties nepietiekama hidraulisk\u0101 \u0161\u0137idruma, boj\u0101tu komponentu vai kalibr\u0113\u0161anas probl\u0113mu d\u0113\u013c.<\/li>\n<\/ul>\n<p>Lai nov\u0113rstu \u0161\u012bs k\u013c\u016bmes, j\u0101veic vair\u0101ki probl\u0113mu nov\u0113r\u0161anas pas\u0101kumi, tostarp:<\/p>\n<ul>\n<li>P\u0101rbaude: P\u0101rbaudiet cilindru, vai nav nopl\u016b\u017eu, boj\u0101jumu vai nodiluma.<\/li>\n<li>Nomai\u0146a: Nomainiet nolietot\u0101s vai boj\u0101t\u0101s deta\u013cas p\u0113c nepiecie\u0161am\u012bbas.<\/li>\n<li>Kalibr\u0113\u0161ana: Kalibr\u0113jiet cilindru, lai nodro\u0161in\u0101tu pareizu darb\u012bbu.<\/li>\n<\/ul>\n<p><img decoding=\"async\" src=\"https:\/\/www.hydraulic-cylinders.net\/wp-content\/uploads\/2025\/01\/songte-bushings-with-all-kinds-of-excavator-models.webp\" alt=\"Kausa cilindrs Bobcat mazajam ekskavatoram E35i\"><\/p>\n<h2>Par m\u016bsu uz\u0146\u0113mumu<\/h2>\n<p>M\u0113s esam rezerves hidraulisko cilindru ra\u017eot\u0101js. M\u016bsu uz\u0146\u0113mums pied\u0101v\u0101 pilnu hidraulisko cilindru kl\u0101stu, padarot m\u016bs par vienu no vado\u0161ajiem hidraulisko cilindru ra\u017eot\u0101jiem un vairumtirgot\u0101jiem viet\u0113j\u0101 un starptautiskaj\u0101 tirg\u016b. M\u0113s iev\u0113rojam izcilas kvalit\u0101tes principus un pa\u013caujamies uz smalkra\u017eo\u0161anas darbn\u012bcu industrializ\u0113to ra\u017eo\u0161anas vad\u012bbas strat\u0113\u0123iju. Pielietojot tehniskos talantus, augstas klases digit\u0101lo ra\u017eo\u0161anas apr\u012bkojumu un profesion\u0101las test\u0113\u0161anas sist\u0113mas, m\u016bsu uz\u0146\u0113mums nep\u0101rtraukti uzlabo darbn\u012bcas ra\u017eo\u0161anas platformu, pilnveido produktu kvalit\u0101tes ra\u017eo\u0161anas ce\u013cu un tam ir sp\u0113c\u012bgas inov\u0101ciju sp\u0113jas. M\u0113s nodro\u0161in\u0101m augstas efektivit\u0101tes, augstas precizit\u0101tes un augstas kvalit\u0101tes produktus, lai apmierin\u0101tu klientu da\u017e\u0101d\u0101s vajadz\u012bbas.<\/p>\n<h3>M\u016bsu uz\u0146\u0113muma profesionalit\u0101te<\/h3>\n<p>M\u016bsu uz\u0146\u0113mum\u0101 str\u0101d\u0101 profesion\u0101\u013cu komanda ar bag\u0101tu pieredzi hidraulisko sist\u0113mu risin\u0101jumos. M\u016bsu kvalit\u0101tes vad\u012bbas sist\u0113ma ir sertific\u0113ta ar ISO9001 standartu, kas nodro\u0161ina m\u016bsu produktu augst\u0101ko kvalit\u0101ti.<\/p>\n<h3>M\u016bsu uz\u0146\u0113muma piel\u0101go\u0161anas pakalpojumi<\/h3>\n<p>M\u016bsu uz\u0146\u0113mums pied\u0101v\u0101 piel\u0101gotus pakalpojumus atbilsto\u0161i klientu vajadz\u012bb\u0101m, piem\u0113ram, da\u017e\u0101da izm\u0113ra, formas un materi\u0101lu kausus, nodro\u0161inot klientus ar pilnu hidraulisko sist\u0113mu risin\u0101jumu komplektu.<\/p>\n<h3>M\u016bsu uz\u0146\u0113muma ra\u017eo\u0161anas iek\u0101rtas<\/h3>\n<p>M\u016bsu uz\u0146\u0113mumam ir pilns ra\u017eo\u0161anas iek\u0101rtu komplekts, tostarp ciparu vad\u012bbas virpas, ciparu vad\u012bbas fr\u0113zma\u0161\u012bnas un ciparu vad\u012bbas urb\u0161anas ma\u0161\u012bnas, kas nodro\u0161ina, ka m\u016bsu produkti tiek ra\u017eoti ar visaugst\u0101ko precizit\u0101tes l\u012bmeni.<\/p>\n<h3>M\u016bsu uz\u0146\u0113muma p\u0113cp\u0101rdo\u0161anas serviss<\/h3>\n<p>M\u016bsu uz\u0146\u0113mums nodro\u0161ina p\u0113cp\u0101rdo\u0161anas apkalpo\u0161anu, nodro\u0161inot, ka m\u016bsu klienti sa\u0146em visaugst\u0101k\u0101 l\u012bme\u0146a tehnisko atbalstu, tostarp savlaic\u012bgu rezerves da\u013cu nomai\u0146u, tehnisk\u0101s konsult\u0101cijas un apkopi.<\/p>\n<p><img decoding=\"async\" src=\"https:\/\/www.hydraulic-cylinders.net\/wp-content\/uploads\/2025\/01\/songte-company-3.webp\" alt=\"Kausa cilindrs Bobcat mazajam ekskavatoram E35i\"><\/p>\n<p>Autors: lil<\/p>","protected":false},"excerpt":{"rendered":"<p>Bucket Cylinder For Bobcat Small Excavator E35i Introduction The bucket cylinder for a Bobcat small excavator E35i is a specialized hydraulic cylinder mainly used to control the movement of the bucket in heavy machinery such as excavators, backhoe loaders, and front-end loaders. Its primary function is to enable the bucket to lift, lower, and tilt, [&hellip;]<\/p>","protected":false},"featured_media":14782,"comment_status":"open","ping_status":"closed","template":"","meta":{"_et_pb_use_builder":"","_et_pb_old_content":"","_et_gb_content_width":""},"product_brand":[],"product_cat":[1494],"product_tag":[1495,1496],"class_list":{"0":"post-15692","1":"product","2":"type-product","3":"status-publish","4":"has-post-thumbnail","6":"product_cat-bucket-cylinders","7":"product_tag-bucket-cylinders","8":"product_tag-hydraulic-cylinders","10":"first","11":"instock","12":"shipping-taxable","13":"product-type-simple"},"amp_enabled":true,"_links":{"self":[{"href":"https:\/\/www.hydraulic-cylinders.net\/lv\/wp-json\/wp\/v2\/product\/15692","targetHints":{"allow":["GET"]}}],"collection":[{"href":"https:\/\/www.hydraulic-cylinders.net\/lv\/wp-json\/wp\/v2\/product"}],"about":[{"href":"https:\/\/www.hydraulic-cylinders.net\/lv\/wp-json\/wp\/v2\/types\/product"}],"replies":[{"embeddable":true,"href":"https:\/\/www.hydraulic-cylinders.net\/lv\/wp-json\/wp\/v2\/comments?post=15692"}],"wp:featuredmedia":[{"embeddable":true,"href":"https:\/\/www.hydraulic-cylinders.net\/lv\/wp-json\/wp\/v2\/media\/14782"}],"wp:attachment":[{"href":"https:\/\/www.hydraulic-cylinders.net\/lv\/wp-json\/wp\/v2\/media?parent=15692"}],"wp:term":[{"taxonomy":"product_brand","embeddable":true,"href":"https:\/\/www.hydraulic-cylinders.net\/lv\/wp-json\/wp\/v2\/product_brand?post=15692"},{"taxonomy":"product_cat","embeddable":true,"href":"https:\/\/www.hydraulic-cylinders.net\/lv\/wp-json\/wp\/v2\/product_cat?post=15692"},{"taxonomy":"product_tag","embeddable":true,"href":"https:\/\/www.hydraulic-cylinders.net\/lv\/wp-json\/wp\/v2\/product_tag?post=15692"}],"curies":[{"name":"wp","href":"https:\/\/api.w.org\/{rel}","templated":true}]}}