{"id":15695,"date":"2025-01-19T14:51:21","date_gmt":"2025-01-19T14:51:21","guid":{"rendered":"https:\/\/www.hydraulic-cylinders.net\/product\/bucket-cylinder-for-bobcat-small-excavator-e85\/"},"modified":"2025-01-19T14:51:23","modified_gmt":"2025-01-19T14:51:23","slug":"bucket-cylinder-for-bobcat-small-excavator-e85","status":"publish","type":"product","link":"https:\/\/www.hydraulic-cylinders.net\/lv\/products\/bucket-cylinder-for-bobcat-small-excavator-e85\/","title":{"rendered":"Kausa cilindrs Bobcat mazajam ekskavatoram E85"},"content":{"rendered":"<h1>Kausa cilindrs Bobcat mazajam ekskavatoram E85<\/h1>\n<h2>Ievads<\/h2>\n<p>Bobcat maz\u0101 ekskavatora E85 kausa cilindrs ir \u012bpa\u0161i izstr\u0101d\u0101ts hidrauliskais cilindrs, ko izmanto, lai kontrol\u0113tu kausa kust\u012bbu smagaj\u0101s ma\u0161\u012bn\u0101s, piem\u0113ram, ekskavatoros, univers\u0101lajos ekskavatoros un front\u0101lajos iekr\u0101v\u0113jos. T\u0101 galven\u0101 funkcija ir nodro\u0161in\u0101t kausa pacel\u0161anu, nolai\u0161anu un noliek\u0161anu, atvieglojot da\u017e\u0101du materi\u0101lu apstr\u0101des uzdevumu veik\u0161anu. Hidrauliskaj\u0101 sist\u0113m\u0101 kausa cilindrs pan\u0101k prec\u012bzu kausa kust\u012bbas kontroli, mainot hidraulisk\u0101s e\u013c\u013cas spiedienu, \u013caujot operatoriem efekt\u012bvi apstr\u0101d\u0101t smagas kravas un piel\u0101goties sare\u017e\u0123\u012btai darba videi un da\u017e\u0101d\u0101m ekspluat\u0101cijas vajadz\u012bb\u0101m.<\/p>\n<p><img decoding=\"async\" src=\"https:\/\/www.hydraulic-cylinders.net\/wp-content\/uploads\/2025\/01\/songte-company-2.webp\" alt=\"Kausa cilindra att\u0113ls\"><\/p>\n<h2>Funkcijas<\/h2>\n<ul>\n<li>Augsta iztur\u012bba un ilgm\u016b\u017e\u012bba: Parasti izgatavots no augstas stipr\u012bbas t\u0113rauda vai alum\u012bnija, tas var iztur\u0113t augstu spiedienu un lielas slodzes, piel\u0101goties skarbai darba videi un ir izstr\u0101d\u0101ts, \u0146emot v\u0113r\u0101 nodilumiztur\u012bbu un korozijas iztur\u012bbu, pagarinot kalpo\u0161anas laiku.<\/li>\n<li>Efekt\u012bva hidraulisk\u0101 darb\u012bba: Izmantojot hidraulisk\u0101s e\u013c\u013cas spiedienu, tiek pan\u0101kta vienm\u0113r\u012bga izstiep\u0161ana un sarau\u0161an\u0101s, nodro\u0161inot sp\u0113c\u012bgu stum\u0161anas un vilk\u0161anas sp\u0113ku, kas ir piem\u0113rots smagu kravu apstr\u0101dei un sare\u017e\u0123\u012btiem darba uzdevumiem.<\/li>\n<li>Da\u017e\u0101di veidi: Atkar\u012bb\u0101 no ekspluat\u0101cijas vajadz\u012bb\u0101m var izv\u0113l\u0113ties vienk\u0101r\u0161\u0101s darb\u012bbas (hidrauliski darbojas tikai vien\u0101 virzien\u0101) vai divk\u0101r\u0161\u0101s darb\u012bbas (hidrauliski darbojas abos virzienos) cilindrus. Da\u017ei mode\u013ci ir teleskopiski, kas \u013cauj tos pagarin\u0101t, nepalielinot \u0101r\u0113jo izm\u0113ru, t\u0101p\u0113c tie ir piem\u0113roti lietojumiem ar ierobe\u017eotu vietu.<\/li>\n<li>Var izmantot k\u0101 ide\u0101lu citu hidraulisko cilindru aizst\u0101j\u0113ju<\/li>\n<\/ul>\n<p><img decoding=\"async\" src=\"https:\/\/www.hydraulic-cylinders.net\/wp-content\/uploads\/2025\/01\/songte-cylinder-head-with-all-kinds-excavator-models.webp\" alt=\"Hidraulisk\u0101 cilindra nomai\u0146as att\u0113ls\"><\/p>\n<h2>Pieteikumi<\/h2>\n<p>Bobcat maz\u0101 ekskavatora E85 kausa cilindrs tiek pla\u0161i izmantots da\u017e\u0101d\u0101s r\u016bpniec\u012bbas jom\u0101s, tostarp:<\/p>\n<ul>\n<li>B\u016bvniec\u012bbas tehnika: Ekskavatoros t\u0101s ir \u013coti svar\u012bgas augsnes vai gru\u017eu rak\u0161anai, iekrau\u0161anai un p\u0101rvieto\u0161anai. Ekskavatoros ar iekr\u0101v\u0113ju kausa cilindrs pal\u012bdz gan rak\u0161an\u0101, gan cel\u0161an\u0101. <\/li>\n<li>Lauksaimniec\u012bbas tehnika: Izmanto front\u0101lajiem iekr\u0101v\u0113jiem augsnes, siena un citu materi\u0101lu rak\u0161anai, cel\u0161anai un transport\u0113\u0161anai. <\/li>\n<li>Ekskavatori: Kausa cilindrs pan\u0101k rak\u0161anas darb\u012bbu, \u013caujot kausam iek\u013c\u016bt augsn\u0113. <\/li>\n<li>Iekr\u0101v\u0113ji: Tie pal\u012bdz efekt\u012bvi pacelt un izkraut preces front\u0101lajos iekr\u0101v\u0113jos. <\/li>\n<\/ul>\n<h2>Dizaina apsv\u0113rumi un atlases krit\u0113riji<\/h2>\n<p>Bobcat maz\u0101 ekskavatora E85 kausa cilindrs ir izstr\u0101d\u0101ts, \u0146emot v\u0113r\u0101 t\u0101dus galvenos apsv\u0113rumus k\u0101 nestsp\u0113ja, bl\u012bv\u0113jums, iztur\u012bba, dro\u0161\u012bba un apkopes vieglums. <\/p>\n<ul>\n<li>Nestsp\u0113ja: Balonam j\u0101sp\u0113j iztur\u0113t augstu spiedienu un lielas slodzes, t\u0101p\u0113c ir oblig\u0101ti, lai balons b\u016btu izgatavots no augstas stipr\u012bbas materi\u0101liem.<\/li>\n<li>Bl\u012bv\u0113jums: Da\u017e\u0101d\u0101m bl\u012bv\u0113\u0161anas deta\u013c\u0101m, piem\u0113ram, virzu\u013ca bl\u012bvgredzeniem un stie\u0146a bl\u012bvgredzeniem, j\u0101b\u016bt izgatavot\u0101m no nodilumiztur\u012bgiem materi\u0101liem, piem\u0113ram, poliuret\u0101na un nitrila gumijas, lai nodro\u0161in\u0101tu ilgm\u016b\u017e\u012bbu.<\/li>\n<li>Iztur\u012bba: Cilindra korpusam un v\u012bt\u0146otaj\u0101m gala virsm\u0101m j\u0101veic smalka apstr\u0101de, lai uzlabotu nodilumiztur\u012bbu un mazin\u0101tu koroziju. <\/li>\n<li>Dro\u0161\u012bba: Lai samazin\u0101tu riskus un nov\u0113rstu negad\u012bjumus, j\u0101iev\u0113ro dro\u0161as uzst\u0101d\u012b\u0161anas un ekspluat\u0101cijas vadl\u012bnijas. <\/li>\n<li>Uzturam\u012bba: Regul\u0101ra p\u0101rbaude, e\u013c\u013co\u0161ana un nodilu\u0161o deta\u013cu nomai\u0146a ir \u013coti svar\u012bga, lai uztur\u0113tu cilindra optim\u0101lu veiktsp\u0113ju un pagarin\u0101tu t\u0101 kalpo\u0161anas laiku. <\/li>\n<\/ul>\n<p><img decoding=\"async\" src=\"https:\/\/www.hydraulic-cylinders.net\/wp-content\/uploads\/2025\/01\/songte-oil-pipes-and-spare-parts.webp\" alt=\"Hidraulisko cilindru rezerves da\u013cas\"><\/p>\n<h2>Bl\u012bv\u0113\u0161ana un e\u013c\u013co\u0161ana<\/h2>\n<p>Bobcat maz\u0101 ekskavatora E85 kausa cilindrs ir apr\u012bkots ar da\u017e\u0101d\u0101m bl\u012bv\u0113\u0161anas deta\u013c\u0101m, piem\u0113ram, virzu\u013ca bl\u012bvgredzeniem un stie\u0146a bl\u012bvgredzeniem, kas izgatavoti no nodilumiztur\u012bgiem materi\u0101liem, piem\u0113ram, poliuret\u0101na un nitrila gumijas. Cilindra korpuss un v\u012bt\u0146ot\u0101s gala virsmas tiek r\u016bp\u012bgi apstr\u0101d\u0101tas, lai uzlabotu nodilumiztur\u012bbu un mazin\u0101tu koroziju. Lai nodro\u0161in\u0101tu optim\u0101lu veiktsp\u0113ju un pagarin\u0101tu kalpo\u0161anas laiku, ir nepiecie\u0161ama regul\u0101ra e\u013c\u013co\u0161ana ar atbilsto\u0161u hidraulisko e\u013c\u013cu. <\/p>\n<h2>Apkope un remonts<\/h2>\n<p>Regul\u0101ra p\u0101rbaude, e\u013c\u013co\u0161ana un nodilu\u0161o deta\u013cu nomai\u0146a ir \u013coti svar\u012bga, lai uztur\u0113tu cilindra optim\u0101lu veiktsp\u0113ju un pagarin\u0101tu t\u0101 kalpo\u0161anas laiku. Bie\u017ei sastopamie apkopes uzdevumi ietver pareizu uzst\u0101d\u012b\u0161anu, regul\u0101ru e\u013c\u013co\u0161anu, bl\u012bv\u0113juma nomai\u0146u un kalibr\u0113\u0161anas p\u0101rbaudes. Pareiza uzst\u0101d\u012b\u0161ana, e\u013c\u013co\u0161ana un regul\u0113\u0161ana ir \u013coti svar\u012bga, lai samazin\u0101tu iesp\u0113jam\u0101s probl\u0113mas. Cilindra nostiprin\u0101\u0161anai viet\u0101 ieteicams izmantot atbilsto\u0161us uzst\u0101d\u012b\u0161anas kron\u0161teinus.<\/p>\n<p><img decoding=\"async\" src=\"https:\/\/www.hydraulic-cylinders.net\/wp-content\/uploads\/2025\/01\/songte-chushion-collar.webp\" alt=\"Hidraulisk\u0101 cilindra spilvena apkakle\"><\/p>\n<h2>Dro\u0161\u012bbas apsv\u0113rumi un vides faktori<\/h2>\n<p>Lietojot kausa cilindru, j\u0101iev\u0113ro atbilsto\u0161i dro\u0161\u012bbas pas\u0101kumi, tostarp j\u0101iev\u0113ro dro\u0161as uzst\u0101d\u012b\u0161anas un ekspluat\u0101cijas vadl\u012bnijas, lai samazin\u0101tu riskus un nov\u0113rstu negad\u012bjumus. Lai nodro\u0161in\u0101tu optim\u0101lu veiktsp\u0113ju, j\u0101\u0146em v\u0113r\u0101 vides faktori, piem\u0113ram, temperat\u016bra, mitrums un putek\u013ci. <\/p>\n<h2>Probl\u0113mu nov\u0113r\u0161ana un zin\u0101m\u0101s probl\u0113mas<\/h2>\n<p>Bie\u017ei sastopamas probl\u0113mas, kas var rasties, ir nopl\u016bdes, nodilu\u0161as vai boj\u0101tas bl\u012bves, cilindra deform\u0101cija un salauztas skr\u016bves. Ir pieejami probl\u0113mu nov\u0113r\u0161anas padomi un risin\u0101jumi, kas pal\u012bdz\u0113s efekt\u012bvi diagnostic\u0113t un nov\u0113rst probl\u0113mas. Prevent\u012bvie pas\u0101kumi, piem\u0113ram, regul\u0101ra p\u0101rbaude un apkope, var pal\u012bdz\u0113t samazin\u0101t potenci\u0101l\u0101s probl\u0113mas. <\/p>\n<p><img decoding=\"async\" src=\"https:\/\/www.hydraulic-cylinders.net\/wp-content\/uploads\/2025\/01\/songte-bushings-with-all-kinds-of-excavator-models.webp\" alt=\"Hidraulisko cilindru bukses\"><\/p>\n<h2>Par m\u016bsu uz\u0146\u0113mumu<\/h2>\n<p>M\u0113s esam vado\u0161ais hidraulisko cilindru ra\u017eot\u0101js un vairumtirdzniec\u012bbas izplat\u012bt\u0101js, kas pied\u0101v\u0101 pilnu produktu kl\u0101stu viet\u0113jam un starptautiskajam tirgum. M\u0113s iev\u0113rojam augst\u0101kos kvalit\u0101tes standartus un pa\u013caujamies uz industrializ\u0113t\u0101m ra\u017eo\u0161anas vad\u012bbas strat\u0113\u0123ij\u0101m, ko atbalsta tehnolo\u0123iskie talanti, digit\u0101las augstas klases ra\u017eo\u0161anas iek\u0101rtas un profesion\u0101las test\u0113\u0161anas sist\u0113mas. M\u0113s past\u0101v\u012bgi uzlabojam savas ra\u017eo\u0161anas platformas, lai sasniegtu augstu efektivit\u0101ti, precizit\u0101ti un kvalit\u0101ti, apmierinot da\u017e\u0101das klientu vajadz\u012bbas. <\/p>\n<ul>\n<li>Profesionalit\u0101te: Mums ir pieredz\u0113jusi un uztic\u012bga profesion\u0101\u013cu komanda, kas ir ap\u0146\u0113musies pieg\u0101d\u0101t augstas kvalit\u0101tes hidrauliskos cilindrus. <\/li>\n<li>Starptautisk\u0101s sertifik\u0101cijas: M\u016bsu produkti ir iztur\u0113ju\u0161i ISO, CE un citus starptautiskus sertifik\u0101tus, kas nodro\u0161ina to kvalit\u0101ti un uzticam\u012bbu. <\/li>\n<li>Piel\u0101go\u0161ana: M\u0113s pied\u0101v\u0101jam piel\u0101gotus pakalpojumus, lai apmierin\u0101tu \u012bpa\u0161as klientu vajadz\u012bbas, tostarp piel\u0101gotu dizainu, materi\u0101lu izv\u0113li un produktu test\u0113\u0161anu. <\/li>\n<li>Ra\u017eo\u0161anas iek\u0101rtas: M\u0113s izmantojam modernas ra\u017eo\u0161anas iek\u0101rtas, lai efekt\u012bvi ra\u017eotu augstas kvalit\u0101tes hidrauliskos cilindrus. <\/li>\n<li>P\u0113cp\u0101rdo\u0161anas serviss: M\u0113s pied\u0101v\u0101jam visaptvero\u0161us p\u0113cp\u0101rdo\u0161anas pakalpojumus, tostarp deta\u013cu nomai\u0146u un remonta pakalpojumus, lai pagarin\u0101tu m\u016bsu produktu kalpo\u0161anas laiku un uzlabotu to veiktsp\u0113ju. <\/li>\n<\/ul>\n<p><img decoding=\"async\" src=\"https:\/\/hzpt.com\/wp-content\/uploads\/2024\/11\/songte-company-1.webp\" alt=\"Hidraulisk\u0101 cilindra r\u016bpn\u012bcas att\u0113ls\"><\/p>\n<p>Autors: lil<\/p>","protected":false},"excerpt":{"rendered":"<p>Bucket Cylinder For Bobcat Small Excavator E85 Introduction The bucket cylinder for Bobcat small excavator E85 is a specially designed hydraulic cylinder used to control bucket movement in heavy machinery, such as excavators, backhoe excavators, and front-end loaders. Its main function is to enable the bucket to lift, lower, and tilt, making it easier for [&hellip;]<\/p>","protected":false},"featured_media":14776,"comment_status":"open","ping_status":"closed","template":"","meta":{"_et_pb_use_builder":"","_et_pb_old_content":"","_et_gb_content_width":""},"product_brand":[],"product_cat":[1494],"product_tag":[1495,1496],"class_list":{"0":"post-15695","1":"product","2":"type-product","3":"status-publish","4":"has-post-thumbnail","6":"product_cat-bucket-cylinders","7":"product_tag-bucket-cylinders","8":"product_tag-hydraulic-cylinders","10":"first","11":"instock","12":"shipping-taxable","13":"product-type-simple"},"amp_enabled":true,"_links":{"self":[{"href":"https:\/\/www.hydraulic-cylinders.net\/lv\/wp-json\/wp\/v2\/product\/15695","targetHints":{"allow":["GET"]}}],"collection":[{"href":"https:\/\/www.hydraulic-cylinders.net\/lv\/wp-json\/wp\/v2\/product"}],"about":[{"href":"https:\/\/www.hydraulic-cylinders.net\/lv\/wp-json\/wp\/v2\/types\/product"}],"replies":[{"embeddable":true,"href":"https:\/\/www.hydraulic-cylinders.net\/lv\/wp-json\/wp\/v2\/comments?post=15695"}],"wp:featuredmedia":[{"embeddable":true,"href":"https:\/\/www.hydraulic-cylinders.net\/lv\/wp-json\/wp\/v2\/media\/14776"}],"wp:attachment":[{"href":"https:\/\/www.hydraulic-cylinders.net\/lv\/wp-json\/wp\/v2\/media?parent=15695"}],"wp:term":[{"taxonomy":"product_brand","embeddable":true,"href":"https:\/\/www.hydraulic-cylinders.net\/lv\/wp-json\/wp\/v2\/product_brand?post=15695"},{"taxonomy":"product_cat","embeddable":true,"href":"https:\/\/www.hydraulic-cylinders.net\/lv\/wp-json\/wp\/v2\/product_cat?post=15695"},{"taxonomy":"product_tag","embeddable":true,"href":"https:\/\/www.hydraulic-cylinders.net\/lv\/wp-json\/wp\/v2\/product_tag?post=15695"}],"curies":[{"name":"wp","href":"https:\/\/api.w.org\/{rel}","templated":true}]}}