{"id":1570,"date":"2023-10-07T02:18:33","date_gmt":"2023-10-07T02:18:33","guid":{"rendered":"https:\/\/hydraulic-cylinders.net\/?post_type=product&#038;p=1570"},"modified":"2025-03-28T06:38:01","modified_gmt":"2025-03-28T06:38:01","slug":"crane-cylinder-for-mobile-crane-outrigger-expansion","status":"publish","type":"product","link":"https:\/\/www.hydraulic-cylinders.net\/lv\/products\/crane-cylinder-for-mobile-crane-outrigger-expansion\/","title":{"rendered":"Celt\u0146a cilindrs mobil\u0101 celt\u0146a balstu papla\u0161in\u0101\u0161anai"},"content":{"rendered":"<h1 style=\"text-align: center;\"><strong> Celt\u0146a cilindrs mobil\u0101 celt\u0146a balstu papla\u0161in\u0101\u0161anai<\/strong><\/h1>\n<p><img loading=\"lazy\" decoding=\"async\" class=\"aligncenter wp-image-1571\" src=\"https:\/\/hydraulic-cylinders.net\/wp-content\/uploads\/2023\/10\/outrigger-expansion-cylinder-1-300x300.webp\" alt=\"Celt\u0146a cilindrs mobil\u0101 celt\u0146a balstu papla\u0161in\u0101\u0161anai-1\" width=\"400\" height=\"400\" \/><\/p>\n<p>The <strong>Celt\u0146a cilindrs mobil\u0101 celt\u0146a balstiek\u0101rtu papla\u0161in\u0101\u0161anai<\/strong> ir b\u016btiska sast\u0101vda\u013ca, kas uzlabo mobilo celt\u0146u stabilit\u0101ti un sniedzam\u012bbu cel\u0161anas oper\u0101ciju laik\u0101. \u0160is hidrauliskais cilindrs, kas paredz\u0113ts balste\u0146u siju izstiep\u0161anai un ievilk\u0161anai, sp\u0113l\u0113 b\u016btisku lomu stabila pamata nodro\u0161in\u0101\u0161an\u0101 un palielin\u0101t\u0101s ekspluat\u0101cijas iesp\u0113j\u0101s.<\/p>\n<p>This indispensable crane cylinder significantly improves mobile cranes&#8217; stability, load-bearing capacity, and reach during lifting tasks. Its robust construction and precise hydraulic control ensure safe and efficient lifting across various construction and industrial settings. By following proper usage methods and adhering to recommended maintenance practices, operators can maximize the lifespan and reliability of the crane cylinder for mobile crane outrigger expansion, thereby ensuring successful lifting operations. Choose this essential hydraulic component to elevate your mobile crane system&#8217;s stability, reach, and productivity.<\/p>\n<p><strong>Celt\u0146a cilindra galven\u0101s \u012bpa\u0161\u012bbas mobil\u0101 celt\u0146a balstu papla\u0161in\u0101\u0161anai:<\/strong><\/p>\n<p><strong>Iztur\u012bga konstrukcija un iztur\u012bba:<\/strong> Mobil\u0101 celt\u0146a balstu izple\u0161an\u0101s celt\u0146a cilindrs ir izgatavots no augstas kvalit\u0101tes materi\u0101liem, kas nodro\u0161ina izcilu iztur\u012bbu un ilgm\u016b\u017e\u012bbu. Tas ir izstr\u0101d\u0101ts, lai iztur\u0113tu lielas slodzes, triecienus un sare\u017e\u0123\u012btus vides apst\u0101k\u013cus, nodro\u0161inot uzticamu veiktsp\u0113ju pras\u012bg\u0101s darba vid\u0113s.<\/p>\n<p><strong>Hidraulisk\u0101 vad\u012bba un precizit\u0101te:<\/strong> \u0160is cilindrs izmanto hidraulisko sp\u0113ku, lai izstieptu un ievilktu s\u0101nu balstu sijas. Hidraulisk\u0101 vad\u012bbas sist\u0113ma nodro\u0161ina prec\u012bzu regul\u0113\u0161anu, \u013caujot operatoriem prec\u012bzi sasniegt v\u0113lamo s\u0101nu balstu izstiep\u0161anas garumu.<\/p>\n<p><strong>Uzlabota stabilit\u0101te un nestsp\u0113ja:<\/strong> The crane cylinder for mobile crane outrigger expansion significantly improves the crane&#8217;s stability by extending the outrigger beams. It effectively distributes the load over a wider area, minimizing tip-over risk and ensuring safe lifting operations, even with heavy loads.<\/p>\n<p><strong>Palielin\u0101ta sasniedzam\u012bba un elast\u012bba:<\/strong> \u0160\u012b cilindra izple\u0161an\u0101s iesp\u0113ja \u013cauj mobilajiem celt\u0146iem sasniegt liel\u0101ku augstumu un papla\u0161in\u0101t to darba diapazonu. \u0160\u012b funkcija ir \u012bpa\u0161i izdev\u012bga, str\u0101d\u0101jot \u0161aur\u0101s telp\u0101s vai ja nepiecie\u0161ams papildu horizont\u0101ls sniedzam\u012bbas att\u0101lums.<\/p>\n<h1><strong>Celt\u0146a cilindrs mobil\u0101 celt\u0146a balstu papla\u0161in\u0101\u0161anai <\/strong><strong style=\"font-size: 26px;\">Parametrs:<\/strong><\/h1>\n<table border=\"1\" cellspacing=\"0\" cellpadding=\"0\">\n<tbody>\n<tr>\n<td>Produkta nosaukums<\/td>\n<td>Mobil\u0101 celt\u0146a izple\u0161an\u0101s cilindrs<\/td>\n<\/tr>\n<tr>\n<td>Funkcijas:<\/td>\n<td>Izb\u012bdiet s\u0101nu balstu cilindru horizont\u0101li<\/td>\n<\/tr>\n<tr>\n<td>Urbuma diametrs:<\/td>\n<td>50 mm\uff5e75 mm<\/td>\n<\/tr>\n<tr>\n<td>Stie\u0146a diametrs:<\/td>\n<td>25 mm\uff5e55 mm<br \/>\nG\u0101jiens \u22642500 mm<\/td>\n<\/tr>\n<tr>\n<td>Spiediens:<\/td>\n<td>Maksim\u0101li 35 MPa<\/td>\n<\/tr>\n<tr>\n<td>Teleskopisk\u0101 cilindra pielietojums:<\/td>\n<td>Mobilais celtnis<\/td>\n<\/tr>\n<\/tbody>\n<\/table>\n<h1><strong>Celt\u0146a cilindrs mobilajiem celt\u0146iem, balstu papla\u0161in\u0101\u0161ana <\/strong><strong style=\"font-size: 26px;\">Identifik\u0101cijas sh\u0113ma:<\/strong><\/h1>\n<p><img loading=\"lazy\" decoding=\"async\" class=\"alignnone wp-image-1551 size-full\" src=\"https:\/\/www.hydraulic-cylinders.net\/wp-content\/uploads\/2023\/09\/mobile-crane-cylinder-construction-1.webp\" alt=\"Celt\u0146a cilindrs mobil\u0101 celt\u0146a balstu papla\u0161in\u0101\u0161anai-2\" width=\"1418\" height=\"946\" srcset=\"https:\/\/www.hydraulic-cylinders.net\/wp-content\/uploads\/2023\/09\/mobile-crane-cylinder-construction-1.webp 1418w, https:\/\/www.hydraulic-cylinders.net\/wp-content\/uploads\/2023\/09\/mobile-crane-cylinder-construction-1-1280x854.webp 1280w, https:\/\/www.hydraulic-cylinders.net\/wp-content\/uploads\/2023\/09\/mobile-crane-cylinder-construction-1-980x654.webp 980w, https:\/\/www.hydraulic-cylinders.net\/wp-content\/uploads\/2023\/09\/mobile-crane-cylinder-construction-1-480x320.webp 480w\" sizes=\"(min-width: 0px) and (max-width: 480px) 480px, (min-width: 481px) and (max-width: 980px) 980px, (min-width: 981px) and (max-width: 1280px) 1280px, (min-width: 1281px) 1418px, 100vw\" \/><\/p>\n<h2><strong>Lieto\u0161anas metode <\/strong><strong>Celt\u0146a cilindrs mobilajiem celt\u0146iem, balstu papla\u0161in\u0101\u0161ana<\/strong><strong>:<\/strong><\/h2>\n<ol>\n<li><strong>Iepaz\u012bstieties ar vad\u012bbas ier\u012bc\u0113m un dro\u0161\u012bbas vadl\u012bnij\u0101m:<\/strong><\/li>\n<\/ol>\n<ul>\n<li>Pirms mobil\u0101 celt\u0146a balstu izple\u0161an\u0101s cilindra lieto\u0161anas operatoriem j\u0101iepaz\u012bstas ar vad\u012bbas ier\u012bc\u0113m un dro\u0161\u012bbas vadl\u012bnij\u0101m, kas rakstur\u012bgas vi\u0146u celt\u0146a modelim.<\/li>\n<li>Lai nov\u0113rstu negad\u012bjumus, p\u0101rliecinieties, ka tiek iev\u0113rotas visas dro\u0161\u012bbas proced\u016bras, tostarp pareiza s\u0101nu balstu izvieto\u0161ana un ievilk\u0161ana.<\/li>\n<\/ul>\n<ol start=\"2\">\n<li><strong>Izb\u012bdiet balstus:<\/strong><\/li>\n<\/ol>\n<ul>\n<li>Aktiviz\u0113jiet hidraulisk\u0101s vad\u012bbas ier\u012bces, lai izstieptu s\u0101nu balstu sijas.<\/li>\n<li>Pak\u0101peniski pagariniet s\u0101nu balstus l\u012bdz vajadz\u012bgajam garumam, vienlaikus uzraugot pagarin\u0101\u0161anas procesu.<\/li>\n<\/ul>\n<ol start=\"3\">\n<li><strong>Stabiliz\u0113jiet celtni:<\/strong><\/li>\n<\/ol>\n<ul>\n<li>Kad balstiek\u0101rtas ir piln\u012bb\u0101 izstieptas, stabiliz\u0113jiet celtni, piel\u0101gojot balstu palikt\u0146us, lai nodro\u0161in\u0101tu l\u012bdzenu un stabilu pamatu.<\/li>\n<li>P\u0101rliecinieties, vai balstu palikt\u0146i ir novietoti uz stabilas zemes vai piem\u0113rot\u0101m atbalsta virsm\u0101m.<\/li>\n<\/ul>\n<ol start=\"4\">\n<li><strong>Ievelciet s\u0101nu balstus:<\/strong><\/li>\n<\/ol>\n<ul>\n<li>Kad cel\u0161anas darb\u012bba ir pabeigta, izmantojot hidraulisk\u0101s vad\u012bbas ier\u012bces, ievelciet s\u0101nu balstu sijas.<\/li>\n<li>Pak\u0101peniski ievelciet s\u0101nu balstus, nodro\u0161inot vienm\u0113r\u012bgu un kontrol\u0113tu procesu.<\/li>\n<\/ul>\n<h2><strong>K\u0101 izvad\u012bt gaisu no traktora hidraulisk\u0101s sist\u0113mas?<\/strong><\/h2>\n<p>To remove air from a tractor&#8217;s hydraulic system, follow these steps:<\/p>\n<ol>\n<li><strong>Atpaz\u012bt gaisa simptomus:<\/strong>\n<ul>\n<li>Ja jums ir aizdomas par gaisu hidrauliskaj\u0101 sist\u0113m\u0101, mekl\u0113jiet bie\u017e\u0101k sastopamos simptomus, piem\u0113ram, porainu vai nekonsekventu hidraulisko komponentu darb\u012bbu, samazin\u0101tu celtsp\u0113ju vai neparastus trok\u0161\u0146us.<\/li>\n<li>Gaisa kl\u0101tb\u016btnes apstiprin\u0101\u0161ana pal\u012bdz\u0113s jums noteikt atbilsto\u0161as \u200b\u200bdarb\u012bbas.<\/li>\n<\/ul>\n<\/li>\n<li><strong>P\u0101rbaudiet \u0161\u0137idruma l\u012bmeni:<\/strong>\n<ul>\n<li>P\u0101rliecinieties, vai hidraulisk\u0101 \u0161\u0137idruma l\u012bmenis rezervu\u0101r\u0101 atbilst ieteicamajam l\u012bmenim.<\/li>\n<li>Ja l\u012bmenis ir zems, sist\u0113m\u0101 var iek\u013c\u016bt gaiss. Pievienojiet atbilsto\u0161u hidraulisko \u0161\u0137idrumu, lai sasniegtu ieteicamo l\u012bmeni.<\/li>\n<\/ul>\n<\/li>\n<li><strong>Atgaisojiet sist\u0113mu:<\/strong>\n<ul>\n<li>Atrodiet gaisa izvad\u012b\u0161anas v\u0101rstus vai aizb\u0101\u017e\u0146us hidrauliskaj\u0101 sist\u0113m\u0101.<\/li>\n<li>S\u0101ciet ar komponentu, kas atrodas vist\u0101l\u0101k no hidraulisk\u0101 s\u016bk\u0146a, un virzieties tuv\u0101k.<\/li>\n<li>L\u0113n\u0101m atveriet iztuk\u0161o\u0161anas v\u0101rstu vai aizb\u0101zni, lai izlaistu iesprostoto gaisu.<\/li>\n<li>\u013baujiet gaisam izpl\u016bst, l\u012bdz tiek nov\u0113rota past\u0101v\u012bga hidraulisk\u0101 \u0161\u0137idruma pl\u016bsma, kas nor\u0101da, ka gaiss ir att\u012br\u012bts.<\/li>\n<li>Cie\u0161i aizveriet iztuk\u0161o\u0161anas v\u0101rstu vai aizb\u0101zni.<\/li>\n<\/ul>\n<\/li>\n<li><strong>Atp\u016btiet gaisu hidrauliskaj\u0101 s\u016bkn\u012b:<\/strong>\n<ul>\n<li>Ja hidrauliskajam s\u016bknim ir gaisa izlai\u0161anas v\u0101rsts, atrodiet to un l\u0113n\u0101m atveriet.<\/li>\n<li>Darbiniet hidraulisko sist\u0113mu, iesl\u0113dzot hidraulisko pac\u0113l\u0101ju vai p\u0101rvietojot hidraulisk\u0101s vad\u012bbas ier\u012bces, lai cirkul\u0113tu \u0161\u0137idrumu un izspiestu iesprostoto gaisu caur atv\u0113rto atgaiso\u0161anas v\u0101rstu.<\/li>\n<li>Aizveriet atgaiso\u0161anas v\u0101rstu, kad hidraulisk\u0101 sist\u0113ma ir bez gaisa un hidraulisk\u0101s sast\u0101vda\u013cas darbojas nevainojami.<\/li>\n<\/ul>\n<\/li>\n<li><strong>Atk\u0101rtojiet procesu:<\/strong>\n<ul>\n<li>Ja hidrauliskaj\u0101 sist\u0113m\u0101 joproj\u0101m rodas ar gaisu saist\u012bti simptomi, atk\u0101rtojiet atgaiso\u0161anas procesu katr\u0101 komponent\u0101, s\u0101kot no t\u0101l\u0101k\u0101 punkta un virzoties uz hidraulisko s\u016bkni.<\/li>\n<li>P\u0101rliecinieties, ka no sist\u0113mas ir izvad\u012bts viss gaiss, atverot izvadv\u0101rstus vai aizb\u0101\u017e\u0146us un \u013caujot gaisam izpl\u016bst.<\/li>\n<\/ul>\n<\/li>\n<li><strong>P\u0101rbaudiet, vai nav nopl\u016b\u017eu:<\/strong>\n<ul>\n<li>P\u0101rbaudiet visus hidraulisk\u0101s sist\u0113mas savienojumus, \u0161\u013c\u016btenes un bl\u012bves, vai nav nopl\u016b\u017eu paz\u012bmju.<\/li>\n<li>Nekav\u0113joties nov\u0113rsiet visas nopl\u016bdes, pievelkot savienojumus vai nomainot boj\u0101t\u0101s deta\u013cas.<\/li>\n<li>Nopl\u016bdes var ievad\u012bt sist\u0113m\u0101 gaisu, t\u0101p\u0113c pareizai hidrauliskajai darb\u012bbai ir nepiecie\u0161ama sist\u0113ma bez nopl\u016bd\u0113m.<\/li>\n<\/ul>\n<\/li>\n<li><strong>Testa sist\u0113mas veiktsp\u0113ja:<\/strong>\n<ul>\n<li>After purging the air and addressing leaks, test the hydraulic system&#8217;s performance to ensure proper operation.<\/li>\n<li>Iesl\u0113dziet hidraulisk\u0101s funkcijas, piem\u0113ram, agreg\u0101tu pacel\u0161anu un nolai\u0161anu, un nov\u0113rojiet to vienm\u0113r\u012bgumu un konsekvenci.<\/li>\n<\/ul>\n<\/li>\n<\/ol>\n<h2><strong>R\u016bpn\u012bcas iesp\u0113jas un jauda:<\/strong><\/h2>\n<h3><strong>(1) Mont\u0101\u017ea<\/strong><\/h3>\n<p>M\u016bsu ra\u017eotne lepojas ar augst\u0101k\u0101 l\u012bme\u0146a neatkar\u012bgu p\u0113tniec\u012bbas un att\u012bst\u012bbas mont\u0101\u017eas platformu, kas paredz\u0113ta hidraulisko cilindru ra\u017eo\u0161anai. M\u0113s p\u0101rvald\u0101m \u010detras pusautom\u0101tiskas pacel\u0161anas cilindru mont\u0101\u017eas l\u012bnijas un vienu piln\u012bb\u0101 autom\u0101tisku sl\u012bpuma cilindru mont\u0101\u017eas l\u012bniju ar iespaid\u012bgu gada ra\u017eo\u0161anas jaudu \u2014 1 miljonu cilindru.<img loading=\"lazy\" decoding=\"async\" class=\"aligncenter wp-image-626\" src=\"https:\/\/hydraulic-cylinders.net\/wp-content\/uploads\/2023\/08\/hydraulic-cylinder-product-1-300x158.webp\" alt=\"\" width=\"500\" height=\"263\" srcset=\"https:\/\/hydraulic-cylinders.net\/wp-content\/uploads\/2023\/08\/hydraulic-cylinder-product-1-300x158.webp 500w, https:\/\/hydraulic-cylinders.net\/wp-content\/uploads\/2023\/08\/hydraulic-cylinder-product-1-480x252.webp 480w\" sizes=\"(min-width: 0px) and (max-width: 480px) 480px, (min-width: 481px) 500px, 100vw\" \/><\/p>\n<p>M\u016bsu specializ\u0113taj\u0101 cilindru darbn\u012bc\u0101 m\u0113s izmantojam pusautom\u0101tisku t\u012br\u012b\u0161anas mont\u0101\u017eas sist\u0113mu, kas paredz\u0113ta da\u017e\u0101d\u0101m specifik\u0101cij\u0101m un sp\u0113j sara\u017eot 200\u00a0000 cilindru gad\u0101. M\u016bsu darbn\u012bca ir apr\u012bkota ar modern\u0101m CNC apstr\u0101des iek\u0101rt\u0101m, apstr\u0101des centru, augstas precizit\u0101tes cilindru apstr\u0101des instrumentiem, robotiz\u0113t\u0101m metin\u0101\u0161anas iek\u0101rt\u0101m, autom\u0101tisk\u0101m t\u012br\u012b\u0161anas sist\u0113m\u0101m un automatiz\u0113tu cilindru mont\u0101\u017eas l\u012bniju. Turkl\u0101t mums ir piln\u012bb\u0101 automatiz\u0113ta kr\u0101so\u0161anas ra\u017eo\u0161anas l\u012bnija.<\/p>\n<p>Ar vair\u0101k nek\u0101 300 kritiski svar\u012bg\u0101m iek\u0101rt\u0101m m\u016bsu optim\u0101lais resursu sadal\u012bjums nodro\u0161ina, ka m\u0113s iev\u0113rojam stingros precizit\u0101tes un kvalit\u0101tes standartus, ko pieprasa m\u016bsu klienti. \u0160\u012b ap\u0146em\u0161an\u0101s nodro\u0161in\u0101t efektivit\u0101ti un precizit\u0101ti m\u016bs pozicion\u0113 k\u0101 l\u012bderi hidraulisko cilindru nozar\u0113.<\/p>\n<p><img loading=\"lazy\" decoding=\"async\" class=\"aligncenter wp-image-627\" src=\"https:\/\/hydraulic-cylinders.net\/wp-content\/uploads\/2023\/08\/hydraulic-cylinder-product-2-300x189.webp\" alt=\"\" width=\"500\" height=\"315\" srcset=\"https:\/\/hydraulic-cylinders.net\/wp-content\/uploads\/2023\/08\/hydraulic-cylinder-product-2-300x189.webp 500w, https:\/\/hydraulic-cylinders.net\/wp-content\/uploads\/2023\/08\/hydraulic-cylinder-product-2-480x302.webp 480w\" sizes=\"(min-width: 0px) and (max-width: 480px) 480px, (min-width: 481px) 500px, 100vw\" \/><\/p>\n<h3><strong>(2) Apstr\u0101de<\/strong><\/h3>\n<p>M\u016bsu apstr\u0101des ceh\u0101 ir pieejams vismodern\u0101kais apr\u012bkojums, tostarp piel\u0101gots sl\u012bpo slie\u017eu virpo\u0161anas centrs, prec\u012bzijas apstr\u0101des centrs, \u0101trgaitas asin\u0101\u0161anas ma\u0161\u012bna un moderni metin\u0101\u0161anas roboti. \u0160\u012b sare\u017e\u0123\u012bt\u0101 iek\u0101rta \u013cauj mums efekt\u012bvi apstr\u0101d\u0101t cilindriskas caurules ar maksim\u0101lo iek\u0161\u0113jo diametru 400 mm un garumu l\u012bdz 6 metriem.<\/p>\n<p><img loading=\"lazy\" decoding=\"async\" class=\"wp-image-628 size-large aligncenter\" src=\"https:\/\/hydraulic-cylinders.net\/wp-content\/uploads\/2023\/08\/hydraulic-cylinder-product-3-1024x391.webp\" alt=\"\" width=\"1024\" height=\"391\" srcset=\"https:\/\/hydraulic-cylinders.net\/wp-content\/uploads\/2023\/08\/hydraulic-cylinder-product-3-980x374.webp 980w, https:\/\/hydraulic-cylinders.net\/wp-content\/uploads\/2023\/08\/hydraulic-cylinder-product-3-480x183.webp 480w\" sizes=\"(min-width: 0px) and (max-width: 480px) 480px, (min-width: 481px) and (max-width: 980px) 980px, (min-width: 981px) 1024px, 100vw\" \/><\/p>\n<p>Izmantojot m\u016bsu jaun\u0101k\u0101s tehnolo\u0123ijas, m\u0113s nodro\u0161in\u0101m augstas kvalit\u0101tes apstr\u0101di, kas atbilst hidraulisko cilindru ra\u017eo\u0161anas da\u017e\u0101daj\u0101m vajadz\u012bb\u0101m.<\/p>\n<h3><strong>(3) Metin\u0101\u0161ana<\/strong><\/h3>\n<p><img loading=\"lazy\" decoding=\"async\" class=\"wp-image-629 size-large aligncenter\" src=\"https:\/\/hydraulic-cylinders.net\/wp-content\/uploads\/2023\/08\/hydraulic-cylinder-product-4-1024x510.webp\" alt=\"\" width=\"1024\" height=\"510\" srcset=\"https:\/\/hydraulic-cylinders.net\/wp-content\/uploads\/2023\/08\/hydraulic-cylinder-product-4-980x488.webp 980w, https:\/\/hydraulic-cylinders.net\/wp-content\/uploads\/2023\/08\/hydraulic-cylinder-product-4-480x239.webp 480w\" sizes=\"(min-width: 0px) and (max-width: 480px) 480px, (min-width: 481px) and (max-width: 980px) 980px, (min-width: 981px) 1024px, 100vw\" \/><\/p>\n<h3><strong>(4) Kr\u0101so\u0161ana un p\u0101rkl\u0101\u0161ana<\/strong><\/h3>\n<p><img loading=\"lazy\" decoding=\"async\" class=\"wp-image-630 aligncenter\" src=\"https:\/\/hydraulic-cylinders.net\/wp-content\/uploads\/2023\/08\/hydraulic-cylinder-product-5-300x213.webp\" alt=\"\" width=\"500\" height=\"355\" \/><\/p>\n<p>M\u016bsu ra\u017eotn\u0113 ir modernas autom\u0101tiskas \u016bdens b\u0101zes kr\u0101su p\u0101rkl\u0101\u0161anas l\u012bnijas, kas \u012bpa\u0161i paredz\u0113tas maziem un vid\u0113jiem cilindriem. \u0160\u012bs l\u012bnijas izmanto robotiz\u0113tu tehnolo\u0123iju efekt\u012bvai iekrau\u0161anai, izkrau\u0161anai un izsmidzin\u0101\u0161anai, sasniedzot iev\u0113rojamu ra\u017eo\u0161anas jaudu - 4000 vien\u012bbu mai\u0146\u0101.<\/p>\n<p><img loading=\"lazy\" decoding=\"async\" class=\"wp-image-631 aligncenter\" src=\"https:\/\/hydraulic-cylinders.net\/wp-content\/uploads\/2023\/08\/hydraulic-cylinder-product-6-300x225.webp\" alt=\"\" width=\"500\" height=\"375\" srcset=\"https:\/\/hydraulic-cylinders.net\/wp-content\/uploads\/2023\/08\/hydraulic-cylinder-product-6-300x225.webp 500w, https:\/\/hydraulic-cylinders.net\/wp-content\/uploads\/2023\/08\/hydraulic-cylinder-product-6-480x360.webp 480w\" sizes=\"(min-width: 0px) and (max-width: 480px) 480px, (min-width: 481px) 500px, 100vw\" \/><\/p>\n<p>Turkl\u0101t m\u0113s izmantojam pusautom\u0101tisku kr\u0101so\u0161anas ra\u017eo\u0161anas l\u012bniju lieliem cilindriem, ko darbina iztur\u012bga sp\u0113ka \u0137\u0113de, ar projekt\u0113to jaudu 60 kastes mai\u0146\u0101. \u0160\u012b automatiz\u0101cijas un efektivit\u0101tes kombin\u0101cija nodro\u0161ina augstas kvalit\u0101tes apdari visiem m\u016bsu hidrauliskajiem cilindriem.<\/p>\n<h3><strong>(5) Test\u0113\u0161ana<\/strong><\/h3>\n<p>Mums ir augst\u0101k\u0101s klases p\u0101rbaudes iek\u0101rtas un test\u0113\u0161anas stendi, lai nodro\u0161in\u0101tu, ka balona veiktsp\u0113ja atbilst pras\u012bb\u0101m.<\/p>\n<p><img loading=\"lazy\" decoding=\"async\" class=\"wp-image-632 aligncenter\" src=\"https:\/\/hydraulic-cylinders.net\/wp-content\/uploads\/2023\/08\/hydraulic-cylinder-product-8-300x200.webp\" alt=\"\" width=\"389\" height=\"260\" \/><\/p>\n<p>M\u0113s esam atz\u012bts ra\u017eot\u0101js, kas ra\u017eo <a href=\"https:\/\/hzpt.com\/mobile-machinery-hydraulic-cylinder\/\" target=\"_blank\" rel=\"noopener\">hidrauliskie cilindri<\/a>, atz\u012bts par vienu no lab\u0101kajiem nozar\u0113. M\u016bsu pla\u0161aj\u0101 produktu kl\u0101st\u0101 ir iek\u013cauts pla\u0161s hidraulisko cilindru kl\u0101sts, kas piel\u0101gots da\u017e\u0101diem pielietojumiem. Papildus hidrauliskajiem cilindriem m\u0113s pied\u0101v\u0101jam ar\u012b augstas kvalit\u0101tes lauksaimniec\u012bbas p\u0101rnesumk\u0101rbas, nodro\u0161inot m\u016bsu klientiem piek\u013cuvi visaptvero\u0161iem risin\u0101jumiem vi\u0146u tehnikas vajadz\u012bb\u0101m.<\/p>\n<p>Ap\u0146emoties sasniegt izcil\u012bbu, m\u0113s esam veiksm\u012bgi eksport\u0113ju\u0161i savus produktus klientiem vis\u0101 pasaul\u0113, ieg\u016bstot sp\u0113c\u012bgu reput\u0101ciju ar izcilu produktu kvalit\u0101ti un izcilu p\u0113cp\u0101rdo\u0161anas apkalpo\u0161anu. M\u016bsu ap\u0146em\u0161an\u0101s nodro\u0161in\u0101t klientu apmierin\u0101t\u012bbu ir pozicion\u0113jusi m\u016bs k\u0101 uzticamu partneri gan viet\u0113j\u0101, gan starptautiskaj\u0101 tirg\u016b.<\/p>","protected":false},"excerpt":{"rendered":"<p>Crane Cylinder for Mobile Crane Outrigger Expansion The crane cylinder for mobile crane outrigger expansion is a crucial component that enhances the stability and reach of mobile cranes during lifting operations. Designed to extend and retract the outrigger beams, this hydraulic cylinder plays a vital role in providing a solid foundation and increased operational capabilities. [&hellip;]<\/p>","protected":false},"featured_media":1572,"comment_status":"open","ping_status":"closed","template":"","meta":{"_et_pb_use_builder":"","_et_pb_old_content":"","_et_gb_content_width":""},"product_brand":[],"product_cat":[1514],"product_tag":[1477,1478,1380],"class_list":{"0":"post-1570","1":"product","2":"type-product","3":"status-publish","4":"has-post-thumbnail","6":"product_cat-mobile-crane-hydraulic-cylinders","7":"product_tag-crane-cylinder","8":"product_tag-crane-hydraulic-cylinder","9":"product_tag-hydraulic-cylinder","11":"first","12":"instock","13":"shipping-taxable","14":"product-type-simple"},"amp_enabled":true,"_links":{"self":[{"href":"https:\/\/www.hydraulic-cylinders.net\/lv\/wp-json\/wp\/v2\/product\/1570","targetHints":{"allow":["GET"]}}],"collection":[{"href":"https:\/\/www.hydraulic-cylinders.net\/lv\/wp-json\/wp\/v2\/product"}],"about":[{"href":"https:\/\/www.hydraulic-cylinders.net\/lv\/wp-json\/wp\/v2\/types\/product"}],"replies":[{"embeddable":true,"href":"https:\/\/www.hydraulic-cylinders.net\/lv\/wp-json\/wp\/v2\/comments?post=1570"}],"wp:featuredmedia":[{"embeddable":true,"href":"https:\/\/www.hydraulic-cylinders.net\/lv\/wp-json\/wp\/v2\/media\/1572"}],"wp:attachment":[{"href":"https:\/\/www.hydraulic-cylinders.net\/lv\/wp-json\/wp\/v2\/media?parent=1570"}],"wp:term":[{"taxonomy":"product_brand","embeddable":true,"href":"https:\/\/www.hydraulic-cylinders.net\/lv\/wp-json\/wp\/v2\/product_brand?post=1570"},{"taxonomy":"product_cat","embeddable":true,"href":"https:\/\/www.hydraulic-cylinders.net\/lv\/wp-json\/wp\/v2\/product_cat?post=1570"},{"taxonomy":"product_tag","embeddable":true,"href":"https:\/\/www.hydraulic-cylinders.net\/lv\/wp-json\/wp\/v2\/product_tag?post=1570"}],"curies":[{"name":"wp","href":"https:\/\/api.w.org\/{rel}","templated":true}]}}