{"id":15715,"date":"2025-01-19T14:52:59","date_gmt":"2025-01-19T14:52:59","guid":{"rendered":"https:\/\/www.hydraulic-cylinders.net\/product\/bucket-cylinder-for-takeuchi-small-excavator-tb160c\/"},"modified":"2025-01-19T14:53:01","modified_gmt":"2025-01-19T14:53:01","slug":"bucket-cylinder-for-takeuchi-small-excavator-tb160c","status":"publish","type":"product","link":"https:\/\/www.hydraulic-cylinders.net\/lv\/products\/bucket-cylinder-for-takeuchi-small-excavator-tb160c\/","title":{"rendered":"Kausa cilindrs Takeuchi mazajam ekskavatoram TB160C"},"content":{"rendered":"<h1>Kausa cilindrs Takeuchi mazajam ekskavatoram TB160C<\/h1>\n<h2>Ievads<\/h2>\n<p>Takeuchi maz\u0101 ekskavatora TB160C kausa cilindrs ir \u012bpa\u0161i izstr\u0101d\u0101ts hidrauliskais cilindrs, ko izmanto, lai kontrol\u0113tu kausa kust\u012bbu smagaj\u0101s ma\u0161\u012bn\u0101s, piem\u0113ram, ekskavatoros, iekr\u0101v\u0113jos un front\u0101lajos iekr\u0101v\u0113jos. T\u0101 galven\u0101 funkcija ir nodro\u0161in\u0101t kausa pacel\u0161anu, nolai\u0161anu un noliek\u0161anu, padarot to \u0113rtu da\u017e\u0101diem materi\u0101lu apstr\u0101des uzdevumiem. Hidrauliskaj\u0101 sist\u0113m\u0101 kausa cilindrs pan\u0101k prec\u012bzu kausa vad\u012bbu, izmantojot hidraulisk\u0101s e\u013c\u013cas spiediena izmai\u0146as, \u013caujot operatoriem efekt\u012bvi apstr\u0101d\u0101t smagas kravas un piel\u0101goties sare\u017e\u0123\u012btai darba videi un da\u017e\u0101d\u0101m ekspluat\u0101cijas pras\u012bb\u0101m.<\/p>\n<p><img decoding=\"async\" src=\"https:\/\/www.hydraulic-cylinders.net\/wp-content\/uploads\/2025\/01\/songte-company-2.webp\" alt=\"Kausa cilindra att\u0113ls\"><\/p>\n<h2>Funkcijas<\/h2>\n<ul>\n<li>Augsta iztur\u012bba un ilgm\u016b\u017e\u012bba: Parasti izgatavots no augstas stipr\u012bbas t\u0113rauda vai alum\u012bnija, sp\u0113j iztur\u0113t augstu spiedienu un lielas slodzes, piel\u0101gojoties skarbai darba videi. Izstr\u0101d\u0101ts, \u0146emot v\u0113r\u0101 nodilumiztur\u012bbu un korozijas iztur\u012bbu, pagarinot kalpo\u0161anas laiku.<\/li>\n<li>Efekt\u012bva hidraulisk\u0101 darb\u012bba: izmanto hidraulisk\u0101s e\u013c\u013cas spiedienu, lai pan\u0101ktu vienm\u0113r\u012bgas izstiep\u0161anas un ievilk\u0161anas darb\u012bbas, sp\u0113j \u0101tri rea\u0123\u0113t uz vad\u012bbas komand\u0101m, nodro\u0161inot sp\u0113c\u012bgu stum\u0161anas un vilk\u0161anas sp\u0113ku, kas ir piem\u0113rots smagu kravu apstr\u0101dei un sare\u017e\u0123\u012btu ekspluat\u0101cijas uzdevumu veik\u0161anai.<\/li>\n<li>Da\u017e\u0101di veidi: Atkar\u012bb\u0101 no pras\u012bb\u0101m var izv\u0113l\u0113ties k\u0101 vienas darb\u012bbas (hidrauliski darbojas tikai vien\u0101 virzien\u0101) vai divk\u0101r\u0161as darb\u012bbas (hidrauliski darbojas abos virzienos) cilindrus; da\u017ei mode\u013ci ir teleskopiski, kas \u013cauj liel\u0101ku pagarin\u0101jumu, nepalielinot \u0101r\u0113jos izm\u0113rus, t\u0101p\u0113c tie ir piem\u0113roti lietojumiem ar ierobe\u017eotu vietu.<\/li>\n<li>Perfekta nomai\u0146a: m\u016bsu produkts var lieliski aizst\u0101t eso\u0161os hidrauliskos cilindrus.\n  <\/li>\n<\/ul>\n<p><img decoding=\"async\" src=\"https:\/\/www.hydraulic-cylinders.net\/wp-content\/uploads\/2025\/01\/songte-cylinder-head-with-all-kinds-excavator-models.webp\" alt=\"Hidraulisk\u0101 cilindra att\u0113ls\"><\/p>\n<h2>Pieteikumi<\/h2>\n<p>Takeuchi maz\u0101 ekskavatora TB160C kausa cilindrs tiek izmantots da\u017e\u0101da veida ma\u0161\u012bn\u0101s:<\/p>\n<ul>\n<li>B\u016bvniec\u012bbas apr\u012bkojums: tie ir atrodami ekskavatoros, un tiem ir iz\u0161\u0137iro\u0161a noz\u012bme zemes rak\u0161an\u0101, iekrau\u0161an\u0101 un augsnes vai gru\u017eu p\u0101rvieto\u0161an\u0101. Ekskavatoros-iekr\u0101v\u0113jos kausa cilindrs pal\u012bdz gan rak\u0161anas, gan cel\u0161anas darb\u012bb\u0101s.<\/li>\n<li>Lauksaimniec\u012bbas tehnika: Izmanto front\u0101lajos iekr\u0101v\u0113jos augsnes, siena un citu materi\u0101lu sav\u0101k\u0161anai, cel\u0161anai un transport\u0113\u0161anai.<\/li>\n<li>Ekskavatori: Kausa cilindrs nodro\u0161ina rak\u0161anas darb\u012bbu, \u013caujot kausam iek\u013c\u016bt augsn\u0113.<\/li>\n<li>Front\u0101lie iekr\u0101v\u0113ji: Front\u0101lajos iekr\u0101v\u0113jos tie pal\u012bdz efekt\u012bvi pacelt un noliekt preces.<\/li>\n<\/ul>\n<h2>Dizaina apsv\u0113rumi un atlases krit\u0113riji<\/h2>\n<p>Run\u0101jot par kausa cilindra projekt\u0113\u0161anas apsv\u0113rumiem un izv\u0113les krit\u0113rijiem, j\u0101\u0146em v\u0113r\u0101 vair\u0101ki faktori:<\/p>\n<ul>\n<li>Nestsp\u0113ja: Cilindram j\u0101b\u016bt projekt\u0113tam t\u0101, lai tas iztur\u0113tu maksim\u0101lo slodzi, ar kuru tas saskarsies ekspluat\u0101cijas laik\u0101.<\/li>\n<li>Bl\u012bv\u0113jums: Lai nodro\u0161in\u0101tu optim\u0101lu veiktsp\u0113ju, j\u0101izmanto da\u017e\u0101di bl\u012bv\u0113\u0161anas komponenti, piem\u0113ram, virzu\u013ca bl\u012bvsl\u0113gi \u200b\u200bun stie\u0146u bl\u012bvsl\u0113gi, kas izgatavoti no nodilumiztur\u012bgiem materi\u0101liem, piem\u0113ram, poliuret\u0101na un nitrila gumijas.<\/li>\n<li>Iztur\u012bba: Cilindra korpusam un v\u012bt\u0146otajiem galiem j\u0101veic prec\u012bza apstr\u0101de, lai uzlabotu nodilumiztur\u012bbu un pagarin\u0101tu kalpo\u0161anas laiku.<\/li>\n<li>Dro\u0161\u012bba: Lai nov\u0113rstu p\u0101rslodzi un negad\u012bjumus, j\u0101iek\u013cauj dro\u0161\u012bbas funkcijas, piem\u0113ram, spiediena samazin\u0101\u0161anas v\u0101rsti.<\/li>\n<li>Apkope: Balonam j\u0101b\u016bt konstru\u0113tam t\u0101, lai to b\u016btu viegli apkopt, paredzot regul\u0101ru e\u013c\u013co\u0161anu un bl\u012bv\u0113juma nomai\u0146u.<\/li>\n<\/ul>\n<p><img decoding=\"async\" src=\"https:\/\/www.hydraulic-cylinders.net\/wp-content\/uploads\/2025\/01\/songte-oil-pipes-and-spare-parts.webp\" alt=\"Hidraulisk\u0101 cilindra deta\u013cu att\u0113ls\"><\/p>\n<h2>Bl\u012bv\u0113\u0161ana un e\u013c\u013co\u0161ana<\/h2>\n<p>Kausa cilindr\u0101 tiek izmantoti da\u017e\u0101di bl\u012bv\u0113\u0161anas komponenti, piem\u0113ram, virzu\u013ca bl\u012bvsl\u0113gi \u200b\u200bun stie\u0146a bl\u012bvsl\u0113gi. \u0160ie bl\u012bvsl\u0113gi \u200b\u200bir izv\u0113l\u0113ti to nodilumiztur\u012bgo \u012bpa\u0161\u012bbu d\u0113\u013c, un tie ir izgatavoti no t\u0101diem materi\u0101liem k\u0101 poliuret\u0101ns un nitrilgumija. Cilindra korpuss un v\u012bt\u0146otie gali ir smalki apstr\u0101d\u0101ti, lai uzlabotu nodilumiztur\u012bbu. Lai nodro\u0161in\u0101tu vienm\u0113r\u012bgu darb\u012bbu, ir nepiecie\u0161ama regul\u0101ra e\u013c\u013co\u0161ana ar atbilsto\u0161u hidraulisk\u0101s e\u013c\u013cas daudzumu.<\/p>\n<h2>Regul\u0101ra p\u0101rbaude un profilaktisk\u0101 apkope<\/h2>\n<p>Lai uztur\u0113tu kausa cilindra optim\u0101lu darb\u012bbu, ir nepiecie\u0161amas regul\u0101ras p\u0101rbaudes un profilaktisk\u0101 apkope. J\u0101veic \u0161\u0101di pas\u0101kumi:<\/p>\n<ul>\n<li>Regul\u0101ri p\u0101rbaudiet balonu, vai nav nodiluma, boj\u0101jumu vai nopl\u016b\u017eu paz\u012bmju.<\/li>\n<li>Pareiza visu kust\u012bgo da\u013cu e\u013c\u013co\u0161ana, lai samazin\u0101tu berzi un nodro\u0161in\u0101tu vienm\u0113r\u012bgu darb\u012bbu.<\/li>\n<li>Bl\u012bv\u0113juma nomai\u0146a, ja nepiecie\u0161ams, lai saglab\u0101tu hidraulisk\u0101s sist\u0113mas integrit\u0101ti.<\/li>\n<li>Kalibr\u0113\u0161anas p\u0101rbaudes, lai nodro\u0161in\u0101tu prec\u012bzu darb\u012bbu.<\/li>\n<\/ul>\n<p><img decoding=\"async\" src=\"https:\/\/www.hydraulic-cylinders.net\/wp-content\/uploads\/2025\/01\/songte-chushion-collar.webp\" alt=\"Hidraulisk\u0101 cilindra apkopes att\u0113ls\"><\/p>\n<h2>Dro\u0161\u012bbas apsv\u0113rumi un vides faktori<\/h2>\n<p>Izmantojot kausa cilindru, ir svar\u012bgi priorit\u0101ri noteikt dro\u0161\u012bbas pas\u0101kumus. Pareiza uzst\u0101d\u012b\u0161ana, ekspluat\u0101cijas vadl\u012bniju iev\u0113ro\u0161ana un regul\u0101ra apkope ir svar\u012bga, lai nodro\u0161in\u0101tu dro\u0161u darb\u012bbu. J\u0101\u0146em v\u0113r\u0101 ar\u012b t\u0101di vides faktori k\u0101 temperat\u016bras sv\u0101rst\u012bbas un saskare ar kod\u012bg\u0101m viel\u0101m, lai nov\u0113rstu priek\u0161laic\u012bgu nodilumu un boj\u0101jumus.<\/p>\n<h2>Probl\u0113mu nov\u0113r\u0161ana un bie\u017ei sastopamas probl\u0113mas<\/h2>\n<p>Ja rodas probl\u0113mas ar kausa cilindru, t\u0101l\u0101k sniegtie probl\u0113mu nov\u0113r\u0161anas padomi un risin\u0101jumi var pal\u012bdz\u0113t efekt\u012bvi diagnostic\u0113t un nov\u0113rst probl\u0113mas. Turkl\u0101t j\u0101veic prevent\u012bvi pas\u0101kumi, lai samazin\u0101tu potenci\u0101lo probl\u0113mu risku.<\/p>\n<p><img decoding=\"async\" src=\"https:\/\/www.hydraulic-cylinders.net\/wp-content\/uploads\/2025\/01\/songte-bushings-with-all-kinds-of-excavator-models.webp\" alt=\"Hidraulisk\u0101 cilindra probl\u0113mu nov\u0113r\u0161anas att\u0113ls\"><\/p>\n<h2>Uz\u0146\u0113muma p\u0101rskats<\/h2>\n<p>M\u0113s esam vado\u0161ais hidraulisko cilindru ra\u017eot\u0101js un vairumtirdzniec\u012bbas izplat\u012bt\u0101js viet\u0113j\u0101 un starptautiskaj\u0101 tirg\u016b. M\u016bsu pla\u0161ais produktu kl\u0101sts un ap\u0146em\u0161an\u0101s sasniegt izcil\u012bbu ir padar\u012bjusi m\u016bs par vienu no nozares vado\u0161ajiem ra\u017eot\u0101jiem un pieg\u0101d\u0101t\u0101jiem. M\u0113s iev\u0113rojam ra\u017eo\u0161anas vad\u012bbas strat\u0113\u0123iju, kas uzsver izcilu kvalit\u0101ti, izmantojot modern\u0101k\u0101s ra\u017eo\u0161anas iek\u0101rtas un profesion\u0101las test\u0113\u0161anas sist\u0113mas. Ar m\u016bsu tehniskaj\u0101m zin\u0101\u0161an\u0101m, modernu ra\u017eo\u0161anas apr\u012bkojumu un \u012bpa\u0161u klientu apkalpo\u0161anu m\u0113s cen\u0161amies apmierin\u0101t m\u016bsu klientu da\u017e\u0101d\u0101s vajadz\u012bbas ar augstu efektivit\u0101ti, precizit\u0101ti un kvalit\u0101ti.<\/p>\n<p><img decoding=\"async\" src=\"https:\/\/www.hydraulic-cylinders.net\/wp-content\/uploads\/2025\/01\/songte-company-3.webp\" alt=\"Uz\u0146\u0113muma t\u0113ls\"><\/p>\n<h3>Profesionalit\u0101te<\/h3>\n<p>M\u0113s lepojamies ar savu profesionalit\u0101ti un pieredzi hidraulisko cilindru ra\u017eo\u0161an\u0101. M\u016bsu kvalific\u0113to profesion\u0101\u013cu komanda nodro\u0161ina augst\u0101kos kvalit\u0101tes un veiktsp\u0113jas standartus katr\u0101 pieg\u0101d\u0101taj\u0101 produkt\u0101.<\/p>\n<h3>Starptautisk\u0101s sertifik\u0101cijas<\/h3>\n<p>Esam ieguvu\u0161i da\u017e\u0101dus starptautiskus sertifik\u0101tus, kas apliecina m\u016bsu ap\u0146em\u0161anos iev\u0113rot glob\u0101los kvalit\u0101tes un dro\u0161\u012bbas standartus.<\/p>\n<h3>Piel\u0101go\u0161anas pakalpojumi<\/h3>\n<p>M\u0113s pied\u0101v\u0101jam piel\u0101go\u0161anas pakalpojumus, lai apmierin\u0101tu \u012bpa\u0161as klientu pras\u012bbas. M\u016bsu elast\u012bg\u0101s ra\u017eo\u0161anas iesp\u0113jas \u013cauj mums piel\u0101got hidrauliskos cilindrus atbilsto\u0161i unik\u0101l\u0101m specifik\u0101cij\u0101m.<\/p>\n<h3>Ra\u017eo\u0161anas iek\u0101rtas<\/h3>\n<p>M\u0113s izmantojam modernu ra\u017eo\u0161anas apr\u012bkojumu, kas nodro\u0161ina precizit\u0101ti un efektivit\u0101ti katr\u0101 ra\u017eo\u0161anas proces\u0101. M\u016bsu ieguld\u012bjumi jaun\u0101kaj\u0101s tehnolo\u0123ij\u0101s \u013cauj mums pieg\u0101d\u0101t m\u016bsu klientiem augst\u0101k\u0101s kvalit\u0101tes produktus.<\/p>\n<h3>P\u0113cp\u0101rdo\u0161anas serviss<\/h3>\n<p>M\u0113s pied\u0101v\u0101jam visaptvero\u0161u p\u0113cp\u0101rdo\u0161anas servisu, lai nodro\u0161in\u0101tu klientu apmierin\u0101t\u012bbu. M\u016bsu \u012bpa\u0161i atlas\u012bt\u0101 atbalsta komanda ir gatava pal\u012bdz\u0113t ar visiem jaut\u0101jumiem vai sniegt nepiecie\u0161amo tehnisko pal\u012bdz\u012bbu.<\/p>\n<p><img decoding=\"async\" src=\"https:\/\/hzpt.com\/wp-content\/uploads\/2024\/11\/songte-company-1.webp\" alt=\"Uz\u0146\u0113muma t\u0113ls\"><\/p>\n<p>Autors: lil<\/p>","protected":false},"excerpt":{"rendered":"<p>Bucket Cylinder For Takeuchi Small Excavator TB160C Introduction The bucket cylinder for Takeuchi small excavator TB160C is a specifically designed hydraulic cylinder used to control the movement of the bucket in heavy machinery such as excavators, backhoe loaders, and front-end loaders. Its main function is to enable the lifting, lowering, and tilting of the bucket, [&hellip;]<\/p>","protected":false},"featured_media":14762,"comment_status":"open","ping_status":"closed","template":"","meta":{"_et_pb_use_builder":"","_et_pb_old_content":"","_et_gb_content_width":""},"product_brand":[],"product_cat":[1494],"product_tag":[1495,1496],"class_list":{"0":"post-15715","1":"product","2":"type-product","3":"status-publish","4":"has-post-thumbnail","6":"product_cat-bucket-cylinders","7":"product_tag-bucket-cylinders","8":"product_tag-hydraulic-cylinders","10":"first","11":"instock","12":"shipping-taxable","13":"product-type-simple"},"amp_enabled":true,"_links":{"self":[{"href":"https:\/\/www.hydraulic-cylinders.net\/lv\/wp-json\/wp\/v2\/product\/15715","targetHints":{"allow":["GET"]}}],"collection":[{"href":"https:\/\/www.hydraulic-cylinders.net\/lv\/wp-json\/wp\/v2\/product"}],"about":[{"href":"https:\/\/www.hydraulic-cylinders.net\/lv\/wp-json\/wp\/v2\/types\/product"}],"replies":[{"embeddable":true,"href":"https:\/\/www.hydraulic-cylinders.net\/lv\/wp-json\/wp\/v2\/comments?post=15715"}],"wp:featuredmedia":[{"embeddable":true,"href":"https:\/\/www.hydraulic-cylinders.net\/lv\/wp-json\/wp\/v2\/media\/14762"}],"wp:attachment":[{"href":"https:\/\/www.hydraulic-cylinders.net\/lv\/wp-json\/wp\/v2\/media?parent=15715"}],"wp:term":[{"taxonomy":"product_brand","embeddable":true,"href":"https:\/\/www.hydraulic-cylinders.net\/lv\/wp-json\/wp\/v2\/product_brand?post=15715"},{"taxonomy":"product_cat","embeddable":true,"href":"https:\/\/www.hydraulic-cylinders.net\/lv\/wp-json\/wp\/v2\/product_cat?post=15715"},{"taxonomy":"product_tag","embeddable":true,"href":"https:\/\/www.hydraulic-cylinders.net\/lv\/wp-json\/wp\/v2\/product_tag?post=15715"}],"curies":[{"name":"wp","href":"https:\/\/api.w.org\/{rel}","templated":true}]}}