{"id":15726,"date":"2025-01-19T14:53:54","date_gmt":"2025-01-19T14:53:54","guid":{"rendered":"https:\/\/www.hydraulic-cylinders.net\/product\/bucket-cylinder-for-case-large-excavator-cx300b\/"},"modified":"2025-01-19T14:53:56","modified_gmt":"2025-01-19T14:53:56","slug":"bucket-cylinder-for-case-large-excavator-cx300b","status":"publish","type":"product","link":"https:\/\/www.hydraulic-cylinders.net\/lv\/products\/bucket-cylinder-for-case-large-excavator-cx300b\/","title":{"rendered":"Kausa cilindrs lielajam ekskavatoram CX300B"},"content":{"rendered":"<h1>Kausa cilindrs lielajam ekskavatoram CX300B<\/h1>\n<h2>Ievads<\/h2>\n<p>Kausa cilindrs ir speci\u0101li izstr\u0101d\u0101ts hidrauliskais cilindrs, ko galvenok\u0101rt izmanto, lai kontrol\u0113tu kausu kust\u012bbu smagaj\u0101s ma\u0161\u012bn\u0101s, piem\u0113ram, ekskavatoros, iekr\u0101v\u0113jos ar ekskavatoru un front\u0101lajos iekr\u0101v\u0113jos. T\u0101 galven\u0101 funkcija ir \u013caut kausam pacelties, nolaisties un noliekties, t\u0101d\u0113j\u0101di atvieglojot da\u017e\u0101du materi\u0101lu apstr\u0101des uzdevumu veik\u0161anu. Hidrauliskaj\u0101 sist\u0113m\u0101 kausa cilindrs pan\u0101k prec\u012bzu kausa kontroli, mainot hidraulisk\u0101s e\u013c\u013cas spiedienu, \u013caujot operatoriem efekt\u012bvi apstr\u0101d\u0101t smagas kravas un piel\u0101goties sare\u017e\u0123\u012btai darba videi un da\u017e\u0101d\u0101m ekspluat\u0101cijas pras\u012bb\u0101m.<\/p>\n<p><img decoding=\"async\" src=\"https:\/\/www.hydraulic-cylinders.net\/wp-content\/uploads\/2025\/01\/songte-company-2.webp\"><\/p>\n<h2>Funkcijas<\/h2>\n<ul>\n<li><strong>Augsta iztur\u012bba un ilgm\u016b\u017e\u012bba:<\/strong> Parasti izgatavots no augstas stipr\u012bbas t\u0113rauda vai alum\u012bnija, tas var iztur\u0113t augstu spiedienu un lielas slodzes, piel\u0101goties skarbai darba videi un ir izstr\u0101d\u0101ts, \u0146emot v\u0113r\u0101 nodilumiztur\u012bbu un korozijas iztur\u012bbu, pagarinot t\u0101 kalpo\u0161anas laiku.<\/li>\n<li><strong>Efekt\u012bvas hidraulisk\u0101s darb\u012bbas:<\/strong> Izmanto hidraulisk\u0101s e\u013c\u013cas spiedienu, lai pan\u0101ktu vienm\u0113r\u012bgas izstiep\u0161anas un sarau\u0161an\u0101s darb\u012bbas, sp\u0113j \u0101tri rea\u0123\u0113t uz vad\u012bbas komand\u0101m, nodro\u0161inot sp\u0113c\u012bgus stum\u0161anas un vilk\u0161anas sp\u0113kus, piem\u0113rots smagu kravu apstr\u0101dei un sare\u017e\u0123\u012btu ekspluat\u0101cijas uzdevumu veik\u0161anai.<\/li>\n<li><strong>Da\u017e\u0101di veidi:<\/strong> Atbilsto\u0161i pras\u012bb\u0101m var izv\u0113l\u0113ties vienk\u0101r\u0161as darb\u012bbas (hidrauliski darbojas tikai vien\u0101 virzien\u0101) vai divk\u0101r\u0161as darb\u012bbas (hidrauliski darbojas abos virzienos) cilindrus, lai tie atbilstu da\u017e\u0101d\u0101m ekspluat\u0101cijas vajadz\u012bb\u0101m. Da\u017ei mode\u013ci ir teleskopiski, kas \u013cauj tos pagarin\u0101t, nepalielinot \u0101r\u0113jos izm\u0113rus, un ir piem\u0113roti lietojumiem ar ierobe\u017eotu vietu.<\/li>\n<li><strong>Vienk\u0101r\u0161a nomai\u0146a:<\/strong> M\u016bsu produktus var lieliski aizst\u0101t ar \u0161iem hidrauliskajiem cilindriem. M\u0113s pied\u0101v\u0101jam pla\u0161u cilindru galvu mode\u013cu kl\u0101stu, kas atbilst visiem ekskavatoru mode\u013ciem.<\/li>\n<\/ul>\n<p><img decoding=\"async\" src=\"https:\/\/www.hydraulic-cylinders.net\/wp-content\/uploads\/2025\/01\/songte-cylinder-head-with-all-kinds-excavator-models.webp\"><\/p>\n<h2>Pieteikumi<\/h2>\n<p>Kausa cilindrs tiek pla\u0161i izmantots da\u017e\u0101d\u0101s nozar\u0113s, tostarp:<\/p>\n<ul>\n<li><strong>Celtniec\u012bbas apr\u012bkojums:<\/strong> Tie ir atrodami ekskavatoros un ir nepiecie\u0161ami rak\u0161anai, iekrau\u0161anai un augsnes vai gru\u017eu p\u0101rvieto\u0161anai. Ekskavatoros-iekr\u0101v\u0113jos kausa cilindri pal\u012bdz gan rak\u0161an\u0101, gan cel\u0161an\u0101. <\/li>\n<li><strong>Lauksaimniec\u012bbas tehnika:<\/strong> Izmanto front\u0101lajos iekr\u0101v\u0113jos augsnes, siena un citu materi\u0101lu sav\u0101k\u0161anai, cel\u0161anai un transport\u0113\u0161anai. <\/li>\n<li><strong>Ekskavatori:<\/strong> Kausa cilindri \u013cauj rakt, \u013caujot kausam iek\u013c\u016bt augsn\u0113. <\/li>\n<li><strong>Iekr\u0101v\u0113ji:<\/strong> Front\u0101lajos iekr\u0101v\u0113jos tie pal\u012bdz efekt\u012bvi pacelt un izkraut kravu.<\/li>\n<\/ul>\n<h2>Produkta dizaina apsv\u0113rumi un atlases standarti<\/h2>\n<p>Izv\u0113loties kausa cilindrus, ir svar\u012bgi \u0146emt v\u0113r\u0101 t\u0101dus konstrukcijas faktorus k\u0101 nestsp\u0113ja, bl\u012bv\u0113jums, iztur\u012bba, dro\u0161\u012bba un apkopes iesp\u0113jas. Da\u017ei konstrukcijas apsv\u0113rumi ietver:<\/p>\n<ul>\n<li><strong>Kravnes\u012bba:<\/strong> Kausa cilindram j\u0101sp\u0113j iztur\u0113t maksim\u0101lo apr\u012bkojuma slodzi un pace\u013cam\u0101 materi\u0101la svaru.<\/li>\n<li><strong>Bl\u012bv\u0113jums:<\/strong> Lai nodro\u0161in\u0101tu herm\u0113tiskuma veiktsp\u0113ju, kas ir b\u016btiska hidrauliskaj\u0101m sist\u0113m\u0101m, izmantojiet da\u017e\u0101dus bl\u012bv\u0113jumus, piem\u0113ram, virzu\u013ca bl\u012bv\u0113jumus, stie\u0146a bl\u012bv\u0113jumus, kas izgatavoti no nodilumiztur\u012bgiem materi\u0101liem, piem\u0113ram, poliuret\u0101na un nitrila gumijas.<\/li>\n<li><strong>Iztur\u012bba:<\/strong> Cilindra korpusam un v\u012btnes gala virsmai j\u0101b\u016bt smalki apstr\u0101d\u0101tai, lai uzlabotu nodilumiztur\u012bbu. <\/li>\n<li><strong>Dro\u0161\u012bba:<\/strong> J\u0101iek\u013cauj dro\u0161\u012bbas v\u0101rsts, lai nov\u0113rstu kausa p\u0113k\u0161\u0146u nokri\u0161anu hidraulisk\u0101s k\u013c\u016bmes gad\u012bjum\u0101. <\/li>\n<li><strong>Uzturam\u012bba:<\/strong> Balonam j\u0101b\u016bt viegli demont\u0113jamam un remont\u0113jamam, un apkopes izmaks\u0101m j\u0101b\u016bt zem\u0101m.<\/li>\n<\/ul>\n<p><img decoding=\"async\" src=\"https:\/\/www.hydraulic-cylinders.net\/wp-content\/uploads\/2025\/01\/songte-oil-pipes-and-spare-parts.webp\"><\/p>\n<h2>Bl\u012bv\u0113\u0161ana un e\u013c\u013co\u0161ana<\/h2>\n<p>Kausa cilindram j\u0101izmanto da\u017e\u0101di bl\u012bv\u0113jumi, piem\u0113ram, virzu\u013ca bl\u012bv\u0113jumi un stie\u0146a bl\u012bv\u0113jumi, kas izgatavoti no nodilumiztur\u012bgiem materi\u0101liem, piem\u0113ram, poliuret\u0101na un nitrila gumijas, lai nodro\u0161in\u0101tu bl\u012bv\u0113juma veiktsp\u0113ju. Cilindra korpuss ir r\u016bp\u012bgi j\u0101apstr\u0101d\u0101, lai uzlabotu nodilumiztur\u012bbu. Lai uztur\u0113tu optim\u0101lu veiktsp\u0113ju, ir nepiecie\u0161ams regul\u0101ri pievienot atbilsto\u0161u hidraulisk\u0101s e\u013c\u013cas daudzumu e\u013c\u013co\u0161anai.<\/p>\n<h2>Apkope un remonts<\/h2>\n<p>Regul\u0101ras p\u0101rbaudes un profilaktisk\u0101s apkopes pas\u0101kumi ir b\u016btiski, lai pagarin\u0101tu kausa cilindra kalpo\u0161anas laiku. Apkopes uzdevumi ietver:<\/p>\n<ul>\n<li>Regul\u0101ras p\u0101rbaudes <\/li>\n<li>Pareiza e\u013c\u013co\u0161ana <\/li>\n<li>Bl\u012bvju un bl\u012bvju nomai\u0146a <\/li>\n<li>Kalibr\u0113\u0161anas p\u0101rbaudes <\/li>\n<\/ul>\n<p>Pareiza uzst\u0101d\u012b\u0161ana, e\u013c\u013co\u0161ana un regul\u0113\u0161ana ir b\u016btiska. Uzst\u0101d\u012b\u0161anas laik\u0101 ieteicams iev\u0113rot pareizu izl\u012bdzin\u0101\u0161anas nor\u0101d\u012bjumus un izmantot atbilsto\u0161us mont\u0101\u017eas kron\u0161teinus cilindra nostiprin\u0101\u0161anai. Lai palielin\u0101tu produkta kalpo\u0161anas laiku, iesak\u0101m p\u0101rbaudes, remonta un nomai\u0146as programmu.<\/p>\n<p><img decoding=\"async\" src=\"https:\/\/www.hydraulic-cylinders.net\/wp-content\/uploads\/2025\/01\/songte-chushion-collar.webp\"><\/p>\n<h2>Dro\u0161\u012bbas apsv\u0113rumi un vides faktori<\/h2>\n<p>R\u012bkojoties ar jebkuru hidraulisko cilindru, ir svar\u012bgi iev\u0113rot dro\u0161\u012bbas pas\u0101kumus, piem\u0113ram, valk\u0101t aizsargl\u012bdzek\u013cus, piem\u0113ram, cimdus un aizsargbrilles. Ir svar\u012bgi ar\u012b iev\u0113rot vides standartus, utiliz\u0113joties ar hidraulisko e\u013c\u013cu un citiem atkritumiem, kas rodas apkopes un remonta laik\u0101.<\/p>\n<h2>Probl\u0113mu nov\u0113r\u0161ana un bie\u017ei sastopamas probl\u0113mas<\/h2>\n<p>Bie\u017ei sastopamas probl\u0113mas ar kausu cilindriem ir boj\u0101ti bl\u012bv\u0113jumi, nopl\u016bdes un samazin\u0101ta darb\u012bbas veiktsp\u0113ja. Probl\u0113mu nov\u0113r\u0161anu var veikt, veicot vizu\u0101las p\u0101rbaudes un hidraulisk\u0101 spiediena testus. Jebkuru probl\u0113mu gad\u012bjum\u0101 iesak\u0101m sazin\u0101ties ar speci\u0101listu.<\/p>\n<p><img decoding=\"async\" src=\"https:\/\/www.hydraulic-cylinders.net\/wp-content\/uploads\/2025\/01\/songte-bushings-with-all-kinds-of-excavator-models.webp\"><\/p>\n<h2>Par m\u016bsu uz\u0146\u0113mumu<\/h2>\n<p>M\u0113s esam rezerves hidraulisko cilindru ra\u017eot\u0101js ar pilnu produktu kl\u0101stu un esam k\u013cuvu\u0161i par vienu no vado\u0161ajiem hidraulisko cilindru ra\u017eot\u0101jiem un vairumtirgot\u0101jiem viet\u0113j\u0101 un starptautiskaj\u0101 tirg\u016b. M\u0113s iev\u0113rojam augst\u0101k\u0101s kvalit\u0101tes principu un pa\u013caujamies uz smalkra\u017eo\u0161anas darbn\u012bcu r\u016bpniecisk\u0101s ra\u017eo\u0161anas vad\u012bbas strat\u0113\u0123iju. M\u0113s nep\u0101rtraukti uzlabojam darbn\u012bcu ra\u017eo\u0161anas platformu un uzlabojam produktu kvalit\u0101tes ra\u017eo\u0161anas ce\u013cus, un mums ir sp\u0113c\u012bga rado\u0161uma, efektivit\u0101tes, augstas precizit\u0101tes un augstas kvalit\u0101tes principi, lai apmierin\u0101tu klientu da\u017e\u0101d\u0101s vajadz\u012bbas.<\/p>\n<p>M\u016bsu uz\u0146\u0113mumam ir tehnisko talantu komanda, augstas klases digit\u0101l\u0101s ra\u017eo\u0161anas iek\u0101rtas un profesion\u0101las test\u0113\u0161anas sist\u0113mas, lai nep\u0101rtraukti uzlabotu m\u016bsu produktu kvalit\u0101ti un sniegtu piel\u0101gotus pakalpojumus. M\u0113s nodro\u0161in\u0101m profesion\u0101lus p\u0113cp\u0101rdo\u0161anas pakalpojumus, lai nodro\u0161in\u0101tu klientu apmierin\u0101t\u012bbu un ilgtermi\u0146a sadarb\u012bbu.<\/p>\n<p><img decoding=\"async\" src=\"https:\/\/hzpt.com\/wp-content\/uploads\/2024\/11\/songte-company-1.webp\"> <\/p>\n<p>Autors: lil<\/p>","protected":false},"excerpt":{"rendered":"<p>Bucket Cylinder For Case Large Excavator CX300B Introduction A bucket cylinder is a specially designed hydraulic cylinder primarily used to control the movement of buckets in heavy machinery such as excavators, backhoe loaders, and front-end loaders. Its main function is to allow the bucket to lift, lower, and tilt, making it easier to handle various [&hellip;]<\/p>","protected":false},"featured_media":14773,"comment_status":"open","ping_status":"closed","template":"","meta":{"_et_pb_use_builder":"","_et_pb_old_content":"","_et_gb_content_width":""},"product_brand":[],"product_cat":[1494],"product_tag":[1495,1496],"class_list":{"0":"post-15726","1":"product","2":"type-product","3":"status-publish","4":"has-post-thumbnail","6":"product_cat-bucket-cylinders","7":"product_tag-bucket-cylinders","8":"product_tag-hydraulic-cylinders","10":"first","11":"instock","12":"shipping-taxable","13":"product-type-simple"},"amp_enabled":true,"_links":{"self":[{"href":"https:\/\/www.hydraulic-cylinders.net\/lv\/wp-json\/wp\/v2\/product\/15726","targetHints":{"allow":["GET"]}}],"collection":[{"href":"https:\/\/www.hydraulic-cylinders.net\/lv\/wp-json\/wp\/v2\/product"}],"about":[{"href":"https:\/\/www.hydraulic-cylinders.net\/lv\/wp-json\/wp\/v2\/types\/product"}],"replies":[{"embeddable":true,"href":"https:\/\/www.hydraulic-cylinders.net\/lv\/wp-json\/wp\/v2\/comments?post=15726"}],"wp:featuredmedia":[{"embeddable":true,"href":"https:\/\/www.hydraulic-cylinders.net\/lv\/wp-json\/wp\/v2\/media\/14773"}],"wp:attachment":[{"href":"https:\/\/www.hydraulic-cylinders.net\/lv\/wp-json\/wp\/v2\/media?parent=15726"}],"wp:term":[{"taxonomy":"product_brand","embeddable":true,"href":"https:\/\/www.hydraulic-cylinders.net\/lv\/wp-json\/wp\/v2\/product_brand?post=15726"},{"taxonomy":"product_cat","embeddable":true,"href":"https:\/\/www.hydraulic-cylinders.net\/lv\/wp-json\/wp\/v2\/product_cat?post=15726"},{"taxonomy":"product_tag","embeddable":true,"href":"https:\/\/www.hydraulic-cylinders.net\/lv\/wp-json\/wp\/v2\/product_tag?post=15726"}],"curies":[{"name":"wp","href":"https:\/\/api.w.org\/{rel}","templated":true}]}}