{"id":15729,"date":"2025-01-19T14:54:06","date_gmt":"2025-01-19T14:54:06","guid":{"rendered":"https:\/\/www.hydraulic-cylinders.net\/product\/bucket-cylinder-for-case-large-excavator-cx360bhr\/"},"modified":"2025-01-19T14:54:10","modified_gmt":"2025-01-19T14:54:10","slug":"bucket-cylinder-for-case-large-excavator-cx360bhr","status":"publish","type":"product","link":"https:\/\/www.hydraulic-cylinders.net\/lv\/products\/bucket-cylinder-for-case-large-excavator-cx360bhr\/","title":{"rendered":"Kausa cilindrs lielajam ekskavatoram CX360BHR"},"content":{"rendered":"<h1>Kausa cilindrs lielajam ekskavatoram CX360BHR<\/h1>\n<h2>Ievads:<\/h2>\n<p>Kausa cilindrs ir speci\u0101li izstr\u0101d\u0101ts hidrauliskais cilindrs, ko galvenok\u0101rt izmanto, lai kontrol\u0113tu kausa kust\u012bbu smagaj\u0101s ma\u0161\u012bn\u0101s, piem\u0113ram, ekskavatoros, iekr\u0101v\u0113jos ar ekskavatoru un front\u0101lajos iekr\u0101v\u0113jos. T\u0101 galven\u0101 funkcija ir nodro\u0161in\u0101t kausa pacel\u0161anu, nolai\u0161anu un noliek\u0161anu, atvieglojot da\u017e\u0101du materi\u0101lu apstr\u0101des uzdevumu veik\u0161anu. Hidrauliskaj\u0101 sist\u0113m\u0101 kausa cilindrs pan\u0101k prec\u012bzu kausa kontroli, mainot hidraulisk\u0101s e\u013c\u013cas spiedienu, \u013caujot operatoriem efekt\u012bvi apstr\u0101d\u0101t smagas kravas, piel\u0101goties sare\u017e\u0123\u012btai darba videi un da\u017e\u0101d\u0101m ekspluat\u0101cijas vajadz\u012bb\u0101m.<\/p>\n<p><img decoding=\"async\" src=\"https:\/\/www.hydraulic-cylinders.net\/wp-content\/uploads\/2025\/01\/songte-company-2.webp\"><\/p>\n<h2>Funkcijas:<\/h2>\n<ul>\n<li>Augsta iztur\u012bba un ilgm\u016b\u017e\u012bba: Parasti izgatavots no augstas stipr\u012bbas t\u0113rauda vai alum\u012bnija, tas var iztur\u0113t augstu spiedienu un lielas slodzes, piel\u0101goties skarbai darba videi un \u0146emt v\u0113r\u0101 nodilumiztur\u012bbu un korozijas iztur\u012bbu, lai pagarin\u0101tu kalpo\u0161anas laiku.<\/li>\n<li>Efekt\u012bva hidraulisk\u0101 darb\u012bba: izmanto hidraulisk\u0101s e\u013c\u013cas spiedienu, lai pan\u0101ktu vienm\u0113r\u012bgas izstiep\u0161anas un sarau\u0161an\u0101s darb\u012bbas, var \u0101tri rea\u0123\u0113t uz vad\u012bbas komand\u0101m, nodro\u0161in\u0101t sp\u0113c\u012bgu stum\u0161anas un vilk\u0161anas sp\u0113ku un ir piem\u0113rota smagu priek\u0161metu apstr\u0101dei un sare\u017e\u0123\u012btu darba uzdevumu veik\u0161anai.<\/li>\n<li>Da\u017e\u0101di veidi: Atbilsto\u0161i pras\u012bb\u0101m var izv\u0113l\u0113ties vienk\u0101r\u0161\u0101s darb\u012bbas (hidrauliski darbojas tikai vien\u0101 virzien\u0101) vai divk\u0101r\u0161\u0101s darb\u012bbas (hidrauliski darbojas abos virzienos) cilindrus, lai tie atbilstu da\u017e\u0101d\u0101m ekspluat\u0101cijas vajadz\u012bb\u0101m. Da\u017ei mode\u013ci ir teleskopiski, kas \u013cauj tos pagarin\u0101t, nepalielinot \u0101r\u0113jos izm\u0113rus, un ir piem\u0113roti lieto\u0161anai ierobe\u017eot\u0101 telp\u0101.<\/li>\n<li>Var aizst\u0101t citus hidrauliskos cilindrus: M\u016bsu produkts var lieliski aizst\u0101t citus hidrauliskos cilindrus. <\/li>\n<\/ul>\n<p><img decoding=\"async\" src=\"https:\/\/www.hydraulic-cylinders.net\/wp-content\/uploads\/2025\/01\/songte-cylinder-head-with-all-kinds-excavator-models.webp\"><\/p>\n<h2>Lietojumi:<\/h2>\n<p>Kausa cilindrs tiek pla\u0161i izmantots da\u017e\u0101da veida smagaj\u0101s ma\u0161\u012bn\u0101s. \u0160eit ir da\u017ei piem\u0113ri:<\/p>\n<h3>Celtniec\u012bbas apr\u012bkojums:<\/h3>\n<p>Ekskavatoros tie ir kritiski svar\u012bgi rak\u0161anas, iekrau\u0161anas un augsnes vai gru\u017eu p\u0101rvieto\u0161anas darbiem. Ekskavatoros-iekr\u0101v\u0113jos kausa cilindri pal\u012bdz gan rak\u0161anas, gan cel\u0161anas darbos. Front\u0101lajos iekr\u0101v\u0113jos tie pal\u012bdz efekt\u012bvi pacelt un izg\u0101zt kravu.<\/p>\n<h3>Lauksaimniec\u012bbas tehnika:<\/h3>\n<p>Izmanto front\u0101lajos iekr\u0101v\u0113jos augsnes, siena un citu materi\u0101lu rak\u0161anai, cel\u0161anai un transport\u0113\u0161anai. Ekskavatoros kausa cilindri nodro\u0161ina rak\u0161anas darb\u012bbu, \u013caujot kausam iek\u013c\u016bt augsn\u0113.<\/p>\n<h2>Dizaina apsv\u0113rumi un atlases krit\u0113riji:<\/h2>\n<ul>\n<li>Nestsp\u0113ja: Kausa cilindram j\u0101sp\u0113j iztur\u0113t apstr\u0101d\u0101jam\u0101 materi\u0101la svaru un hidraulisk\u0101 spiediena sp\u0113ku.<\/li>\n<li>Bl\u012bv\u0113jums: Bl\u012bv\u0113juma deta\u013cu, piem\u0113ram, virzu\u013ca bl\u012bv\u0113jumu un stie\u0146a bl\u012bv\u0113jumu, izv\u0113le ir \u013coti svar\u012bga, lai nodro\u0161in\u0101tu cilindra ilgm\u016b\u017e\u012bbu.<\/li>\n<li>Iztur\u012bba: Balonam j\u0101b\u016bt konstru\u0113tam t\u0101, lai tas iztur\u0113tu skarbus darba apst\u0101k\u013cus un nov\u0113rstu boj\u0101jumus, kas rodas nodiluma un korozijas iztur\u012bbas d\u0113\u013c.<\/li>\n<li>Dro\u0161\u012bba: konstrukcijai j\u0101nodro\u0161ina operatora un apk\u0101rt\u0113jo personu dro\u0161\u012bba.<\/li>\n<li>Uzturam\u012bba: Balonam j\u0101b\u016bt viegli izjaucamam, apkopjamam un nepiecie\u0161am\u012bbas gad\u012bjum\u0101 nomain\u0101mam deta\u013cas.<\/li>\n<\/ul>\n<p><img decoding=\"async\" src=\"https:\/\/www.hydraulic-cylinders.net\/wp-content\/uploads\/2025\/01\/songte-oil-pipes-and-spare-parts.webp\"><\/p>\n<h2>Bl\u012bv\u0113\u0161ana un e\u013c\u013co\u0161ana:<\/h2>\n<p>Kausa cilindr\u0101 tiek izmantoti da\u017e\u0101di bl\u012bv\u0113\u0161anas komponenti, piem\u0113ram, virzu\u013ca bl\u012bvsl\u0113gi \u200b\u200bun stie\u0146a bl\u012bvsl\u0113gi, kas ir izgatavoti no nodilumiztur\u012bgiem materi\u0101liem, piem\u0113ram, poliuret\u0101na un nitrila gumijas. Cilindra korpuss un v\u012bt\u0146ot\u0101s gala virsmas tiek r\u016bp\u012bgi apstr\u0101d\u0101tas, lai uzlabotu nodilumiztur\u012bbu. Lai nodro\u0161in\u0101tu cilindra vienm\u0113r\u012bgu darb\u012bbu, ir nepiecie\u0161ama regul\u0101ra e\u013c\u013co\u0161ana ar atbilsto\u0161u hidraulisk\u0101s e\u013c\u013cas daudzumu.<\/p>\n<h2>Apkope:<\/h2>\n<p>Regul\u0101ra apkope ir \u013coti svar\u012bga, lai pagarin\u0101tu kausa cilindra kalpo\u0161anas laiku. \u0160eit ir da\u017ei bie\u017ei veicami apkopes darbi:<\/p>\n<ul>\n<li>Regul\u0101ra p\u0101rbaude<\/li>\n<li>Pareiza e\u013c\u013co\u0161ana<\/li>\n<li>Bl\u012bv\u0113juma nomai\u0146a<\/li>\n<li>Kalibr\u0113\u0161anas p\u0101rbaude<\/li>\n<\/ul>\n<p>Pareiza uzst\u0101d\u012b\u0161ana, e\u013c\u013co\u0161ana un regul\u0113\u0161ana ir \u013coti svar\u012bga, lai pagarin\u0101tu kausa cilindra kalpo\u0161anas laiku. Uzst\u0101d\u012b\u0161anas laik\u0101 ir nepiecie\u0161ama atbilsto\u0161a cilindra izl\u012bdzin\u0101\u0161anas vad\u012bba, un cilindra nostiprin\u0101\u0161anai j\u0101izmanto atbilsto\u0161i uzst\u0101d\u012b\u0161anas kron\u0161teini. M\u0113s iesak\u0101m periodiskas p\u0101rbaudes, remonta un nomai\u0146as proced\u016bras, lai palielin\u0101tu kausa cilindra kalpo\u0161anas laiku.<\/p>\n<p><img decoding=\"async\" src=\"https:\/\/www.hydraulic-cylinders.net\/wp-content\/uploads\/2025\/01\/songte-chushion-collar.webp\"><\/p>\n<h2>Dro\u0161\u012bbas un vides apsv\u0113rumi:<\/h2>\n<p>Lietojot kausa cilindru, ir \u013coti svar\u012bgi iev\u0113rot dro\u0161\u012bbas pas\u0101kumus. Tas ietver pareizu uzst\u0101d\u012b\u0161anu, atbilsto\u0161a dro\u0161\u012bbas apr\u012bkojuma lieto\u0161anu un ekspluat\u0101cijas vadl\u012bniju iev\u0113ro\u0161anu. Ir svar\u012bgi ar\u012b \u0146emt v\u0113r\u0101 hidraulisko sist\u0113mu ietekmi uz vidi, piem\u0113ram, e\u013c\u013cas nopl\u016bdes un izlietot\u0101s hidraulisk\u0101s e\u013c\u013cas utiliz\u0101ciju.<\/p>\n<h2>K\u013c\u016bmju diagnostika un bie\u017e\u0101k sastopam\u0101s probl\u0113mas:<\/h2>\n<p>Bie\u017ei sastopamas probl\u0113mas ar kausu cilindriem var b\u016bt e\u013c\u013cas nopl\u016bdes, virzu\u013ca un stie\u0146a boj\u0101jumi, k\u0101 ar\u012b bl\u012bv\u0113juma atteice. Pareiza \u0161o probl\u0113mu diagnostika un nov\u0113r\u0161ana var pal\u012bdz\u0113t t\u0101s \u0101tri un efekt\u012bvi atrisin\u0101t.<\/p>\n<h2>Par m\u016bsu uz\u0146\u0113mumu:<\/h2>\n<p>M\u0113s esam vado\u0161ais hidraulisko cilindru ra\u017eot\u0101js un vairumtirdzniec\u012bbas izplat\u012bt\u0101js viet\u0113j\u0101 un starptautiskaj\u0101 tirg\u016b. M\u016bsu produkti ir daudzveid\u012bgi, un m\u0113s specializ\u0113jamies piel\u0101gotu pakalpojumu snieg\u0161an\u0101. M\u0113s iev\u0113rojam izcilas kvalit\u0101tes principus, pa\u013caujamies uz smalku ra\u017eo\u0161anas darbn\u012bcu r\u016bpniecisk\u0101s ra\u017eo\u0161anas vad\u012bbas strat\u0113\u0123iju, nep\u0101rtraukti uzlabojam ra\u017eo\u0161anas platformu, uzlabojam produktu kvalit\u0101tes ra\u017eo\u0161anas ce\u013cus un mums ir sp\u0113c\u012bgas rado\u0161\u0101s sp\u0113jas. M\u0113s nodro\u0161in\u0101m efekt\u012bvus, prec\u012bzus un augstas kvalit\u0101tes produktus, kas piel\u0101goti m\u016bsu klientu da\u017e\u0101daj\u0101m vajadz\u012bb\u0101m.<\/p>\n<h3>M\u016bsu uz\u0146\u0113muma priek\u0161roc\u012bbas:<\/h3>\n<ul>\n<li>Profesionalit\u0101te<\/li>\n<li>Starptautisk\u0101 sertifik\u0101cija<\/li>\n<li>Piel\u0101goti pakalpojumi<\/li>\n<li>Uzlabotas ra\u017eo\u0161anas iek\u0101rtas<\/li>\n<li>P\u0113cp\u0101rdo\u0161anas serviss<\/li>\n<\/ul>\n<p><img decoding=\"async\" src=\"https:\/\/www.hydraulic-cylinders.net\/wp-content\/uploads\/2025\/01\/songte-company-3.webp\"><\/p>\n<p>Autors: lil<\/p>","protected":false},"excerpt":{"rendered":"<p>Bucket Cylinder For Case Large Excavator CX360BHR Introduction: A bucket cylinder is a specially designed hydraulic cylinder primarily used to control the movement of the bucket in heavy machinery such as excavators, backhoe loaders, and front loaders. Its main function is to enable lifting, lowering, and tilting of the bucket, making it easy to handle [&hellip;]<\/p>","protected":false},"featured_media":14765,"comment_status":"open","ping_status":"closed","template":"","meta":{"_et_pb_use_builder":"","_et_pb_old_content":"","_et_gb_content_width":""},"product_brand":[],"product_cat":[1494],"product_tag":[1495,1496],"class_list":{"0":"post-15729","1":"product","2":"type-product","3":"status-publish","4":"has-post-thumbnail","6":"product_cat-bucket-cylinders","7":"product_tag-bucket-cylinders","8":"product_tag-hydraulic-cylinders","10":"first","11":"instock","12":"shipping-taxable","13":"product-type-simple"},"amp_enabled":true,"_links":{"self":[{"href":"https:\/\/www.hydraulic-cylinders.net\/lv\/wp-json\/wp\/v2\/product\/15729","targetHints":{"allow":["GET"]}}],"collection":[{"href":"https:\/\/www.hydraulic-cylinders.net\/lv\/wp-json\/wp\/v2\/product"}],"about":[{"href":"https:\/\/www.hydraulic-cylinders.net\/lv\/wp-json\/wp\/v2\/types\/product"}],"replies":[{"embeddable":true,"href":"https:\/\/www.hydraulic-cylinders.net\/lv\/wp-json\/wp\/v2\/comments?post=15729"}],"wp:featuredmedia":[{"embeddable":true,"href":"https:\/\/www.hydraulic-cylinders.net\/lv\/wp-json\/wp\/v2\/media\/14765"}],"wp:attachment":[{"href":"https:\/\/www.hydraulic-cylinders.net\/lv\/wp-json\/wp\/v2\/media?parent=15729"}],"wp:term":[{"taxonomy":"product_brand","embeddable":true,"href":"https:\/\/www.hydraulic-cylinders.net\/lv\/wp-json\/wp\/v2\/product_brand?post=15729"},{"taxonomy":"product_cat","embeddable":true,"href":"https:\/\/www.hydraulic-cylinders.net\/lv\/wp-json\/wp\/v2\/product_cat?post=15729"},{"taxonomy":"product_tag","embeddable":true,"href":"https:\/\/www.hydraulic-cylinders.net\/lv\/wp-json\/wp\/v2\/product_tag?post=15729"}],"curies":[{"name":"wp","href":"https:\/\/api.w.org\/{rel}","templated":true}]}}