{"id":15730,"date":"2025-01-19T14:54:12","date_gmt":"2025-01-19T14:54:12","guid":{"rendered":"https:\/\/www.hydraulic-cylinders.net\/product\/bucket-cylinder-for-case-wheel-excavator-wx148\/"},"modified":"2025-01-19T14:54:14","modified_gmt":"2025-01-19T14:54:14","slug":"bucket-cylinder-for-case-wheel-excavator-wx148","status":"publish","type":"product","link":"https:\/\/www.hydraulic-cylinders.net\/lv\/products\/bucket-cylinder-for-case-wheel-excavator-wx148\/","title":{"rendered":"Kausa cilindrs rite\u0146u ekskavatoram Case WX148"},"content":{"rendered":"<h1>Kausa cilindrs rite\u0146u ekskavatoram Case WX148<\/h1>\n<h2>Ievads<\/h2>\n<p>Case rite\u0146u ekskavatora WX148 kausa cilindrs ir \u012bpa\u0161i izstr\u0101d\u0101ts hidrauliskais cilindrs, ko izmanto, lai kontrol\u0113tu kausa kust\u012bbu smagaj\u0101s ma\u0161\u012bn\u0101s, piem\u0113ram, ekskavatoros, ekskavatoros-iekr\u0101v\u0113jos un rite\u0146u iekr\u0101v\u0113jos. T\u0101 galven\u0101 funkcija ir nodro\u0161in\u0101t kausa pacel\u0161anu, nolai\u0161anu un noliek\u0161anu, padarot to \u0113rtu da\u017e\u0101diem materi\u0101lu apstr\u0101des uzdevumiem. Hidrauliskaj\u0101 sist\u0113m\u0101 kausa cilindrs pan\u0101k prec\u012bzu kausa vad\u012bbu, mainot hidraulisk\u0101s e\u013c\u013cas spiedienu, \u013caujot operatoriem efekt\u012bvi apstr\u0101d\u0101t smagas kravas un piel\u0101goties sare\u017e\u0123\u012btai darba videi un da\u017e\u0101d\u0101m darba pras\u012bb\u0101m.<\/p>\n<p><img decoding=\"async\" src=\"https:\/\/www.hydraulic-cylinders.net\/wp-content\/uploads\/2025\/01\/songte-company-2.webp\" alt=\"Produkta att\u0113ls\"><\/p>\n<h2>Funkcijas<\/h2>\n<ul>\n<li>Augsta iztur\u012bba un ilgm\u016b\u017e\u012bba: Parasti no augstas stipr\u012bbas t\u0113rauda vai alum\u012bnija izgatavotais kausa cilindrs var iztur\u0113t augstu spiedienu un lielas slodzes, piel\u0101gojoties skarbai darba videi. T\u0101 konstrukcij\u0101 ir \u0146emta v\u0113r\u0101 nodilumiztur\u012bba un iztur\u012bba pret koroziju, pagarinot t\u0101 kalpo\u0161anas laiku.<\/li>\n<li>Efekt\u012bva hidraulisk\u0101 darb\u012bba: Izmantojot hidraulisk\u0101s e\u013c\u013cas spiedienu, kausa cilindrs pan\u0101k vienm\u0113r\u012bgas izstiep\u0161anas un ievilk\u0161anas kust\u012bbas, pied\u0101v\u0101jot \u0101tru reakciju uz vad\u012bbas komand\u0101m un nodro\u0161inot sp\u0113c\u012bgus stum\u0161anas un vilk\u0161anas sp\u0113kus, kas ir piem\u0113roti smagu kravu apstr\u0101dei un sare\u017e\u0123\u012btu darba uzdevumu veik\u0161anai.<\/li>\n<li>Da\u017e\u0101di veidi: Kausa cilindru var izv\u0113l\u0113ties k\u0101 vienvirziena darb\u012bbas (hidrauliskais spiediens tiek izmantots tikai vien\u0101 virzien\u0101) vai divk\u0101r\u0161as darb\u012bbas (hidrauliskais spiediens tiek izmantots abos virzienos) cilindrus atkar\u012bb\u0101 no \u012bpa\u0161aj\u0101m ekspluat\u0101cijas vajadz\u012bb\u0101m. Da\u017ei mode\u013ci ir teleskopiski, kas \u013cauj liel\u0101ku pagarin\u0101jumu, nepalielinot \u0101r\u0113jos izm\u0113rus, padarot tos piem\u0113rotus lieto\u0161anai ierobe\u017eot\u0101 telp\u0101.<\/li>\n<li>Eso\u0161o cilindru nomai\u0146a: M\u016bsu produkts var lieliski aizst\u0101t \u0161os hidrauliskos cilindrus.<\/li>\n<\/ul>\n<p><img decoding=\"async\" src=\"https:\/\/www.hydraulic-cylinders.net\/wp-content\/uploads\/2025\/01\/songte-cylinder-head-with-all-kinds-excavator-models.webp\" alt=\"Produkta att\u0113ls\"><\/p>\n<h2>Pieteikumi<\/h2>\n<p>Case rite\u0146u ekskavatora WX148 kausa cilindrs parasti tiek izmantots \u0161\u0101dos pielietojumos:<\/p>\n<ul>\n<li>B\u016bvniec\u012bbas apr\u012bkojums: atrodams ekskavatoros, tie ir nepiecie\u0161ami rak\u0161anai, iekrau\u0161anai un augsnes vai gru\u017eu p\u0101rvieto\u0161anai. Ekskavatoros-iekr\u0101v\u0113jos kausa cilindrs pal\u012bdz gan rak\u0161an\u0101, gan cel\u0161an\u0101.<\/li>\n<li>Lauksaimniec\u012bbas tehnika: Izmanto front\u0101lajos iekr\u0101v\u0113jos augsnes, siena un citu materi\u0101lu sav\u0101k\u0161anai, cel\u0161anai un transport\u0113\u0161anai.<\/li>\n<li>Ekskavatori: Kausa cilindrs nodro\u0161ina rak\u0161anas darb\u012bbas, \u013caujot kausam iek\u013c\u016bt augsn\u0113.<\/li>\n<li>Rite\u0146u iekr\u0101v\u0113ji: Rite\u0146u iekr\u0101v\u0113jos tie pal\u012bdz efekt\u012bvi pacelt un izkraut preces.<\/li>\n<\/ul>\n<h2>Dizaina apsv\u0113rumi un atlases krit\u0113riji<\/h2>\n<ul>\n<li>Nestsp\u0113ja: Kausa cilindrs ir konstru\u0113ts t\u0101, lai iztur\u0113tu nepiecie\u0161amo celtsp\u0113ju.<\/li>\n<li>Bl\u012bv\u0113jums: Lai nodro\u0161in\u0101tu efekt\u012bvu bl\u012bv\u0113jumu un nov\u0113rstu e\u013c\u013cas nopl\u016bdi, tiek izmantoti da\u017e\u0101di bl\u012bv\u0113\u0161anas komponenti, piem\u0113ram, virzu\u013ca bl\u012bv\u0113jumi un stie\u0146a bl\u012bv\u0113jumi.<\/li>\n<li>Iztur\u012bba: Cilindra korpuss un v\u012bt\u0146otie gali tiek r\u016bp\u012bgi apstr\u0101d\u0101ti, lai uzlabotu nodilumiztur\u012bbu.<\/li>\n<li>Dro\u0161\u012bba: Konstrukcij\u0101 ir iek\u013cautas dro\u0161\u012bbas funkcijas, lai nodro\u0161in\u0101tu cilindra dro\u0161u darb\u012bbu.<\/li>\n<li>Apkope: Tiek \u0146emti v\u0113r\u0101 apsv\u0113rumi, lai atvieglotu balona apkopi un remontu.<\/li>\n<\/ul>\n<p><img decoding=\"async\" src=\"https:\/\/www.hydraulic-cylinders.net\/wp-content\/uploads\/2025\/01\/songte-oil-pipes-and-spare-parts.webp\" alt=\"Produkta att\u0113ls\"><\/p>\n<h2>Bl\u012bv\u0113\u0161ana un e\u013c\u013co\u0161ana<\/h2>\n<p>Kausa cilindr\u0101 tiek izmantoti da\u017e\u0101di bl\u012bv\u0113\u0161anas komponenti, piem\u0113ram, virzu\u013ca bl\u012bvsl\u0113gi \u200b\u200bun stie\u0146a bl\u012bvsl\u0113gi, kas ir izgatavoti no nodilumiztur\u012bgiem materi\u0101liem, piem\u0113ram, poliuret\u0101na un nitrila gumijas. Cilindra korpuss un v\u012bt\u0146otie gali ir smalki apstr\u0101d\u0101ti, lai uzlabotu nodilumiztur\u012bbu. Lai nodro\u0161in\u0101tu vienm\u0113r\u012bgu darb\u012bbu, ir nepiecie\u0161ama regul\u0101ra e\u013c\u013co\u0161ana, izmantojot atbilsto\u0161u hidraulisk\u0101s e\u013c\u013cas daudzumu.<\/p>\n<h2>Regul\u0101ra p\u0101rbaude un profilaktisk\u0101 apkope<\/h2>\n<ul>\n<li>Regul\u0101ri p\u0101rbaudiet cilindru, vai nav boj\u0101jumu vai nodiluma paz\u012bmju.<\/li>\n<li>Nodro\u0161iniet visu kust\u012bgo da\u013cu pien\u0101c\u012bgu e\u013c\u013co\u0161anu.<\/li>\n<li>Lai uztur\u0113tu optim\u0101lu veiktsp\u0113ju, nomainiet bl\u012bves un citas sast\u0101vda\u013cas p\u0113c nepiecie\u0161am\u012bbas.<\/li>\n<\/ul>\n<h2>Produkta uzst\u0101d\u012b\u0161anas rokasgr\u0101mata<\/h2>\n<p>Pareiza kausa cilindra uzst\u0101d\u012b\u0161ana ir \u013coti svar\u012bga t\u0101 efekt\u012bvai un dro\u0161ai darb\u012bbai. Iev\u0113rojiet \u0161\u012bs vadl\u012bnijas:<\/p>\n<ul>\n<li>Uzst\u0101d\u012b\u0161anas laik\u0101 p\u0101rliecinieties, ka cilindrs ir pareizi izl\u012bdzin\u0101ts.<\/li>\n<li>Izmantojiet atbilsto\u0161us mont\u0101\u017eas kron\u0161teinus, lai nostiprin\u0101tu cilindru viet\u0101.<\/li>\n<li>Iev\u0113rojiet ieteicam\u0101s proced\u016bras komponentu p\u0101rbaudei, remontam un nomai\u0146ai.<\/li>\n<li>Sniedziet padomus, k\u0101 pagarin\u0101t kausa cilindra kalpo\u0161anas laiku.<\/li>\n<\/ul>\n<p><img decoding=\"async\" src=\"https:\/\/www.hydraulic-cylinders.net\/wp-content\/uploads\/2025\/01\/songte-chushion-collar.webp\" alt=\"Produkta att\u0113ls\"><\/p>\n<h2>Dro\u0161\u012bbas apsv\u0113rumi un vides faktori<\/h2>\n<p>Izmantojot kausa cilindru, ir svar\u012bgi iev\u0113rot dro\u0161\u012bbas pas\u0101kumus, lai nodro\u0161in\u0101tu dro\u0161u darba vidi. J\u0101\u0146em v\u0113r\u0101 vides faktori, lai nov\u0113rstu jebk\u0101du negat\u012bvu ietekmi.<\/p>\n<h2>Boj\u0101jumu diagnostika un bie\u017e\u0101k sastopam\u0101s probl\u0113mas<\/h2>\n<p>Apspriediet bie\u017ei sastopam\u0101s atteices diagnozes un probl\u0113mas, kas saist\u012btas ar kausa cilindru. Sniedziet probl\u0113mu nov\u0113r\u0161anas padomus un risin\u0101jumus, lai pal\u012bdz\u0113tu las\u012bt\u0101jiem efekt\u012bvi diagnostic\u0113t un nov\u0113rst probl\u0113mas. Iesakiet ar\u012b prevent\u012bvus pas\u0101kumus, lai samazin\u0101tu iesp\u0113jam\u0101s probl\u0113mas.<\/p>\n<p><img decoding=\"async\" src=\"https:\/\/www.hydraulic-cylinders.net\/wp-content\/uploads\/2025\/01\/songte-bushings-with-all-kinds-of-excavator-models.webp\" alt=\"Produkta att\u0113ls\"><\/p>\n<p>Atcerieties lo\u0123iski sak\u0101rtot rakstu, izmantot apak\u0161virsrakstus \u0113rtai navig\u0101cijai, iek\u013caut atbilsto\u0161us att\u0113lus vai diagrammas, lai uzlabotu izpratni, un nodro\u0161in\u0101t, lai saturs b\u016btu skaidrs, kodol\u012bgs un piem\u0113rots las\u012bt\u0101jiem ar da\u017e\u0101diem tehnisko zin\u0101\u0161anu l\u012bme\u0146iem.<\/p>\n<h2>M\u016bsu uz\u0146\u0113mums<\/h2>\n<p>M\u0113s esam rezerves hidraulisko cilindru ra\u017eot\u0101js. M\u0113s pied\u0101v\u0101jam pla\u0161u produktu kl\u0101stu un esam k\u013cuvu\u0161i par vienu no vado\u0161ajiem hidraulisko cilindru ra\u017eot\u0101jiem un vairumtirdzniec\u012bbas izplat\u012bt\u0101jiem viet\u0113j\u0101 un starptautiskaj\u0101 tirg\u016b. M\u0113s iev\u0113rojam izcilas kvalit\u0101tes principus un sav\u0101 smalkaj\u0101 ra\u017eo\u0161anas darbn\u012bc\u0101 pa\u013caujamies uz r\u016bpniecisk\u0101s ra\u017eo\u0161anas vad\u012bbas strat\u0113\u0123ij\u0101m. Koncentr\u0113joties uz tehnolo\u0123iskajiem talantiem, augstas klases digit\u0101laj\u0101m ra\u017eo\u0161anas iek\u0101rt\u0101m un profesion\u0101l\u0101m test\u0113\u0161anas sist\u0113m\u0101m, m\u0113s nep\u0101rtraukti uzlabojam savu ra\u017eo\u0161anas platformu, pilnveidojam produktu kvalit\u0101tes ra\u017eo\u0161anas procesu un mums ir sp\u0113c\u012bgas rad\u012b\u0161anas iesp\u0113jas. M\u016bsu m\u0113r\u0137is ir apmierin\u0101t da\u017e\u0101das klientu vajadz\u012bbas ar augstu efektivit\u0101ti, augstu precizit\u0101ti un augstas kvalit\u0101tes principiem.<\/p>\n<p><img decoding=\"async\" src=\"https:\/\/www.hydraulic-cylinders.net\/wp-content\/uploads\/2025\/01\/songte-company-3.webp\" alt=\"Uz\u0146\u0113muma t\u0113ls\"><\/p>\n<p>Turkl\u0101t m\u0113s pied\u0101v\u0101jam:<\/p>\n<ul>\n<li>Profesionalit\u0101te un kompetence<\/li>\n<li>Starptautisk\u0101s sertifik\u0101cijas<\/li>\n<li>Piel\u0101go\u0161anas pakalpojumi<\/li>\n<li>Uzlabotas ra\u017eo\u0161anas iek\u0101rtas<\/li>\n<li>P\u0113cp\u0101rdo\u0161anas pakalpojumi<\/li>\n<\/ul>\n<p>Atcerieties raksta beig\u0101s pievienot piez\u012bmi: \u201cAutors: lyl.\u201d<\/p>\n<p><img decoding=\"async\" src=\"https:\/\/hzpt.com\/wp-content\/uploads\/2024\/11\/songte-company-1.webp\" alt=\"Uz\u0146\u0113muma t\u0113ls\"><\/p>","protected":false},"excerpt":{"rendered":"<p>Bucket Cylinder For Case Wheel Excavator WX148 Introduction The bucket cylinder for Case wheel excavator WX148 is a specially designed hydraulic cylinder used to control the movement of the bucket in heavy machinery such as excavators, backhoe loaders, and wheel loaders. Its main function is to enable the bucket to lift, lower, and tilt, making [&hellip;]<\/p>","protected":false},"featured_media":14762,"comment_status":"open","ping_status":"closed","template":"","meta":{"_et_pb_use_builder":"","_et_pb_old_content":"","_et_gb_content_width":""},"product_brand":[],"product_cat":[1494],"product_tag":[1495,1496],"class_list":{"0":"post-15730","1":"product","2":"type-product","3":"status-publish","4":"has-post-thumbnail","6":"product_cat-bucket-cylinders","7":"product_tag-bucket-cylinders","8":"product_tag-hydraulic-cylinders","10":"first","11":"instock","12":"shipping-taxable","13":"product-type-simple"},"amp_enabled":true,"_links":{"self":[{"href":"https:\/\/www.hydraulic-cylinders.net\/lv\/wp-json\/wp\/v2\/product\/15730","targetHints":{"allow":["GET"]}}],"collection":[{"href":"https:\/\/www.hydraulic-cylinders.net\/lv\/wp-json\/wp\/v2\/product"}],"about":[{"href":"https:\/\/www.hydraulic-cylinders.net\/lv\/wp-json\/wp\/v2\/types\/product"}],"replies":[{"embeddable":true,"href":"https:\/\/www.hydraulic-cylinders.net\/lv\/wp-json\/wp\/v2\/comments?post=15730"}],"wp:featuredmedia":[{"embeddable":true,"href":"https:\/\/www.hydraulic-cylinders.net\/lv\/wp-json\/wp\/v2\/media\/14762"}],"wp:attachment":[{"href":"https:\/\/www.hydraulic-cylinders.net\/lv\/wp-json\/wp\/v2\/media?parent=15730"}],"wp:term":[{"taxonomy":"product_brand","embeddable":true,"href":"https:\/\/www.hydraulic-cylinders.net\/lv\/wp-json\/wp\/v2\/product_brand?post=15730"},{"taxonomy":"product_cat","embeddable":true,"href":"https:\/\/www.hydraulic-cylinders.net\/lv\/wp-json\/wp\/v2\/product_cat?post=15730"},{"taxonomy":"product_tag","embeddable":true,"href":"https:\/\/www.hydraulic-cylinders.net\/lv\/wp-json\/wp\/v2\/product_tag?post=15730"}],"curies":[{"name":"wp","href":"https:\/\/api.w.org\/{rel}","templated":true}]}}