{"id":15731,"date":"2025-01-19T14:54:16","date_gmt":"2025-01-19T14:54:16","guid":{"rendered":"https:\/\/www.hydraulic-cylinders.net\/product\/bucket-cylinder-for-case-wheel-excavator-wx168\/"},"modified":"2025-01-19T14:54:18","modified_gmt":"2025-01-19T14:54:18","slug":"bucket-cylinder-for-case-wheel-excavator-wx168","status":"publish","type":"product","link":"https:\/\/www.hydraulic-cylinders.net\/lv\/products\/bucket-cylinder-for-case-wheel-excavator-wx168\/","title":{"rendered":"Kausa cilindrs rite\u0146u ekskavatoram Case WX168"},"content":{"rendered":"<p><!DOCTYPE html><br \/>\n<html><br \/>\n<head><br \/>\n<\/head><br \/>\n<body><\/p>\n<h1>Kausa cilindrs rite\u0146u ekskavatoram Case WX168<\/h1>\n<h2>Ievads<\/h2>\n<p>Kausa cilindrs ir \u012bpa\u0161i izstr\u0101d\u0101ts hidrauliskais cilindrs, ko izmanto, lai kontrol\u0113tu kausa kust\u012bbu smagaj\u0101s ma\u0161\u012bn\u0101s, piem\u0113ram, ekskavatoros, iekr\u0101v\u0113jos un front\u0101lajos iekr\u0101v\u0113jos. T\u0101 galven\u0101 funkcija ir nodro\u0161in\u0101t kausa pacel\u0161anu, nolai\u0161anu un noliek\u0161anu, padarot to \u0113rtu da\u017e\u0101diem materi\u0101lu apstr\u0101des uzdevumiem. Hidrauliskaj\u0101 sist\u0113m\u0101 kausa cilindrs pan\u0101k prec\u012bzu kausa vad\u012bbu, izmantojot hidraulisk\u0101s e\u013c\u013cas spiediena izmai\u0146as, \u013caujot operatoriem efekt\u012bvi apstr\u0101d\u0101t smagas kravas un piel\u0101goties sare\u017e\u0123\u012btai darba videi un da\u017e\u0101d\u0101m ekspluat\u0101cijas vajadz\u012bb\u0101m.<\/p>\n<p><img decoding=\"async\" src=\"https:\/\/www.hydraulic-cylinders.net\/wp-content\/uploads\/2025\/01\/songte-company-2.webp\" alt=\"Kausa cilindra att\u0113ls\"><\/p>\n<h2>Funkcijas<\/h2>\n<ul>\n<li>Augsta iztur\u012bba un ilgm\u016b\u017e\u012bba: Parasti izgatavoti no augstas stipr\u012bbas t\u0113rauda vai alum\u012bnija, kas sp\u0113j iztur\u0113t augstu spiedienu un lielas slodzes, piel\u0101goties skarbajiem darba apst\u0101k\u013ciem un ir izstr\u0101d\u0101ti, \u0146emot v\u0113r\u0101 nodilumiztur\u012bbu un korozijas iztur\u012bbu, lai pagarin\u0101tu kalpo\u0161anas laiku.<\/li>\n<li>Efekt\u012bva hidraulisk\u0101 darb\u012bba: izmanto hidraulisk\u0101s e\u013c\u013cas spiedienu, lai pan\u0101ktu vienm\u0113r\u012bgas izstiep\u0161anas un ievilk\u0161anas kust\u012bbas, sp\u0113j \u0101tri rea\u0123\u0113t uz vad\u012bbas komand\u0101m, nodro\u0161inot sp\u0113c\u012bgu stum\u0161anas un vilk\u0161anas sp\u0113ku, kas ir piem\u0113rots smagu kravu apstr\u0101dei un sare\u017e\u0123\u012btu ekspluat\u0101cijas uzdevumu veik\u0161anai.<\/li>\n<li>Vair\u0101ki veidi: atkar\u012bb\u0101 no pras\u012bb\u0101m var izv\u0113l\u0113ties starp vienas darb\u012bbas (hidraulika tiek izmantota tikai vien\u0101 virzien\u0101) vai divk\u0101r\u0161as darb\u012bbas (hidraulika tiek izmantota abos virzienos) cilindriem; da\u017ei mode\u013ci ir teleskopiski, kas \u013cauj veikt liel\u0101ku pagarin\u0101jumu, nepalielinot \u0101r\u0113jos izm\u0113rus, t\u0101p\u0113c tie ir piem\u0113roti lietojumiem ar ierobe\u017eotu vietu.<\/li>\n<li>Perfekta nomai\u0146a: m\u016bsu produkti var perfekti nomain\u012bt \u0161os hidrauliskos cilindrus.<\/li>\n<\/ul>\n<p><img decoding=\"async\" src=\"https:\/\/www.hydraulic-cylinders.net\/wp-content\/uploads\/2025\/01\/songte-cylinder-head-with-all-kinds-excavator-models.webp\" alt=\"Rezerves cilindra att\u0113ls\"><\/p>\n<h2>Pieteikumi<\/h2>\n<p>Kausa cilindrs tiek izmantots da\u017e\u0101d\u0101s nozar\u0113s un iek\u0101rt\u0101s:<\/p>\n<ul>\n<li>B\u016bvniec\u012bbas tehnika: atrodama ekskavatoros, t\u0101 ir \u013coti svar\u012bga rak\u0161anas, iekrau\u0161anas un augsnes vai gru\u017eu p\u0101rvieto\u0161anas darbiem. Ekskavatoros-iekr\u0101v\u0113jos kausa cilindrs pal\u012bdz gan rak\u0161an\u0101, gan cel\u0161an\u0101.<\/li>\n<li>Lauksaimniec\u012bbas tehnika: Izmanto front\u0101lajos iekr\u0101v\u0113jos augsnes, siena un citu materi\u0101lu sav\u0101k\u0161anai, cel\u0161anai un transport\u0113\u0161anai.<\/li>\n<li>Ekskavatori: Kausa cilindrs nodro\u0161ina rak\u0161anas darb\u012bbu, \u013caujot kausam iek\u013c\u016bt augsn\u0113.<\/li>\n<li>Rite\u0146u iekr\u0101v\u0113ji: Front\u0101lajos iekr\u0101v\u0113jos tie pal\u012bdz efekt\u012bvi pacelt un izkraut kravu.<\/li>\n<\/ul>\n<h2>Dizaina apsv\u0113rumi un atlases krit\u0113riji<\/h2>\n<p>Run\u0101jot par konstrukcijas apsv\u0113rumiem, j\u0101apsprie\u017e kausa cilindra nestsp\u0113ja, bl\u012bv\u0113jums, iztur\u012bba, dro\u0161\u012bba un apkopes iesp\u0113jas:<\/p>\n<p><img decoding=\"async\" src=\"https:\/\/www.hydraulic-cylinders.net\/wp-content\/uploads\/2025\/01\/songte-oil-pipes-and-spare-parts.webp\" alt=\"Dizaina apsv\u0113rumu att\u0113ls\"><\/p>\n<h2>Bl\u012bv\u0113\u0161ana un e\u013c\u013co\u0161ana<\/h2>\n<p>Kausa cilindr\u0101 tiek izmantoti da\u017e\u0101di bl\u012bv\u0113\u0161anas elementi, piem\u0113ram, virzu\u013ca bl\u012bvsl\u0113gi \u200b\u200bun stie\u0146a bl\u012bvsl\u0113gi, kas ir izgatavoti no nodilumiztur\u012bgiem materi\u0101liem, piem\u0113ram, poliuret\u0101na un nitrila gumijas. Cilindra korpuss un v\u012bt\u0146otie gali tiek r\u016bp\u012bgi apstr\u0101d\u0101ti, lai uzlabotu nodilumiztur\u012bbu. Nepiecie\u0161ama regul\u0101ra e\u013c\u013co\u0161ana ar atbilsto\u0161u hidraulisk\u0101s e\u013c\u013cas daudzumu.<\/p>\n<h2>Regul\u0101ra p\u0101rbaude un profilaktisk\u0101 apkope<\/h2>\n<p>J\u0101veic regul\u0101ras p\u0101rbaudes un profilaktisk\u0101s apkopes pas\u0101kumi, tostarp:<\/p>\n<h2>Produkta uzst\u0101d\u012b\u0161anas rokasgr\u0101mata<\/h2>\n<p>Pareiza kausa cilindra uzst\u0101d\u012b\u0161ana ir \u013coti svar\u012bga. \u0160eit ir sniegtas vadl\u012bnijas:<\/p>\n<h2>Apkopes uzdevumi<\/h2>\n<p>Bie\u017ei veicamie apkopes darbi ietver regul\u0101ru p\u0101rbaudi, pareizu e\u013c\u013co\u0161anu, bl\u012bvju nomai\u0146u un kalibr\u0113\u0161anas p\u0101rbaudes. Ir svar\u012bgi uzsv\u0113rt pareizas uzst\u0101d\u012b\u0161anas, e\u013c\u013co\u0161anas un regul\u0113\u0161anas noz\u012bmi. Sniedziet nor\u0101d\u012bjumus par cilindra pareizu izl\u012bdzin\u0101\u0161anu uzst\u0101d\u012b\u0161anas laik\u0101 un iesakiet izmantot atbilsto\u0161us stiprin\u0101juma kron\u0161teinus cilindra nostiprin\u0101\u0161anai. Iesakiet p\u0101rbaudes, remonta un nomai\u0146as proced\u016bras, k\u0101 ar\u012b atjauno\u0161anas pakalpojumus, lai pagarin\u0101tu kausa cilindra kalpo\u0161anas laiku.<\/p>\n<p><img decoding=\"async\" src=\"https:\/\/www.hydraulic-cylinders.net\/wp-content\/uploads\/2025\/01\/songte-chushion-collar.webp\" alt=\"Apkopes uzdevumu att\u0113ls\"><\/p>\n<h2>Dro\u0161\u012bbas apsv\u0113rumi un vides faktori<\/h2>\n<p>Dro\u0161\u012bbas pas\u0101kumu noz\u012bmes izcel\u0161ana, lietojot kausa cilindru, izmantojot atsl\u0113gv\u0101rdus, un visu vides faktoru apsprie\u0161ana, kas var ietekm\u0113t t\u0101 darb\u012bbu.<\/p>\n<h2>Probl\u0113mu nov\u0113r\u0161ana un bie\u017ei sastopamas probl\u0113mas<\/h2>\n<p>Iesp\u0113jamo darb\u012bbas trauc\u0113jumu un bie\u017ei sastopamo probl\u0113mu nov\u0113r\u0161ana, probl\u0113mu nov\u0113r\u0161anas padomu un risin\u0101jumu snieg\u0161ana, lai pal\u012bdz\u0113tu las\u012bt\u0101jiem efekt\u012bvi diagnostic\u0113t un nov\u0113rst probl\u0113mas. Ieteikt prevent\u012bvus pas\u0101kumus, lai samazin\u0101tu potenci\u0101l\u0101s probl\u0113mas.<\/p>\n<p><img decoding=\"async\" src=\"https:\/\/www.hydraulic-cylinders.net\/wp-content\/uploads\/2025\/01\/songte-bushings-with-all-kinds-of-excavator-models.webp\" alt=\"Att\u0113la probl\u0113mu nov\u0113r\u0161ana\"><\/p>\n<h2>Par m\u016bsu uz\u0146\u0113mumu<\/h2>\n<p>M\u0113s esam rezerves hidraulisko cilindru ra\u017eot\u0101js, kas pied\u0101v\u0101 pla\u0161u produktu kl\u0101stu. Esam k\u013cuvu\u0161i par vienu no vado\u0161ajiem hidraulisko cilindru ra\u017eot\u0101jiem un vairumtirgot\u0101jiem viet\u0113j\u0101 un starptautiskaj\u0101 tirg\u016b. M\u016bsu uz\u0146\u0113mums iev\u0113ro industrializ\u0113tas ra\u017eo\u0161anas vad\u012bbas strat\u0113\u0123iju, pa\u013caujoties uz izcilu kvalit\u0101ti un izmantojot modernu ra\u017eo\u0161anas darbn\u012bcu, tehnolo\u0123iskos talantus, progres\u012bvu digit\u0101lo ra\u017eo\u0161anas apr\u012bkojumu un profesion\u0101las test\u0113\u0161anas sist\u0113mas. M\u0113s nep\u0101rtraukti uzlabojam ra\u017eo\u0161anas platformu, pilnveidojam ra\u017eo\u0161anas procesu produktu kvalit\u0101tes nodro\u0161in\u0101\u0161anai un mums piem\u012bt sp\u0113c\u012bgas rado\u0161\u0101s sp\u0113jas. M\u016bsu m\u0113r\u0137is ir apmierin\u0101t klientu da\u017e\u0101d\u0101s vajadz\u012bbas ar augstu efektivit\u0101ti, augstu precizit\u0101ti un augstas kvalit\u0101tes principiem.<\/p>\n<p><img decoding=\"async\" src=\"https:\/\/www.hydraulic-cylinders.net\/wp-content\/uploads\/2025\/01\/songte-company-3.webp\" alt=\"Uz\u0146\u0113muma t\u0113ls\"><\/p>\n<p>Turkl\u0101t m\u0113s lepojamies ar savu profesionalit\u0101ti, starptautiskajiem sertifik\u0101tiem, pas\u016bt\u012bjuma pakalpojumiem, ra\u017eo\u0161anas apr\u012bkojumu un p\u0113cp\u0101rdo\u0161anas apkalpo\u0161anu.<\/p>\n<p>Autors: lil<\/p>\n<p><\/body><br \/>\n<\/html><\/p>","protected":false},"excerpt":{"rendered":"<p>Bucket Cylinder For Case Wheel Excavator WX168 Introduction The bucket cylinder is a specifically designed hydraulic cylinder used to control the movement of the bucket in heavy machinery such as excavators, backhoe loaders, and wheel loaders. Its main function is to enable the lifting, lowering, and tilting of the bucket, making it convenient for various [&hellip;]<\/p>","protected":false},"featured_media":14761,"comment_status":"open","ping_status":"closed","template":"","meta":{"_et_pb_use_builder":"","_et_pb_old_content":"","_et_gb_content_width":""},"product_brand":[],"product_cat":[1494],"product_tag":[1495,1496],"class_list":{"0":"post-15731","1":"product","2":"type-product","3":"status-publish","4":"has-post-thumbnail","6":"product_cat-bucket-cylinders","7":"product_tag-bucket-cylinders","8":"product_tag-hydraulic-cylinders","10":"first","11":"instock","12":"shipping-taxable","13":"product-type-simple"},"amp_enabled":true,"_links":{"self":[{"href":"https:\/\/www.hydraulic-cylinders.net\/lv\/wp-json\/wp\/v2\/product\/15731","targetHints":{"allow":["GET"]}}],"collection":[{"href":"https:\/\/www.hydraulic-cylinders.net\/lv\/wp-json\/wp\/v2\/product"}],"about":[{"href":"https:\/\/www.hydraulic-cylinders.net\/lv\/wp-json\/wp\/v2\/types\/product"}],"replies":[{"embeddable":true,"href":"https:\/\/www.hydraulic-cylinders.net\/lv\/wp-json\/wp\/v2\/comments?post=15731"}],"wp:featuredmedia":[{"embeddable":true,"href":"https:\/\/www.hydraulic-cylinders.net\/lv\/wp-json\/wp\/v2\/media\/14761"}],"wp:attachment":[{"href":"https:\/\/www.hydraulic-cylinders.net\/lv\/wp-json\/wp\/v2\/media?parent=15731"}],"wp:term":[{"taxonomy":"product_brand","embeddable":true,"href":"https:\/\/www.hydraulic-cylinders.net\/lv\/wp-json\/wp\/v2\/product_brand?post=15731"},{"taxonomy":"product_cat","embeddable":true,"href":"https:\/\/www.hydraulic-cylinders.net\/lv\/wp-json\/wp\/v2\/product_cat?post=15731"},{"taxonomy":"product_tag","embeddable":true,"href":"https:\/\/www.hydraulic-cylinders.net\/lv\/wp-json\/wp\/v2\/product_tag?post=15731"}],"curies":[{"name":"wp","href":"https:\/\/api.w.org\/{rel}","templated":true}]}}