{"id":15739,"date":"2025-01-19T14:54:52","date_gmt":"2025-01-19T14:54:52","guid":{"rendered":"https:\/\/www.hydraulic-cylinders.net\/product\/bucket-cylinder-for-world-small-excavator-w265e-8\/"},"modified":"2025-01-19T14:54:54","modified_gmt":"2025-01-19T14:54:54","slug":"bucket-cylinder-for-world-small-excavator-w265e-8","status":"publish","type":"product","link":"https:\/\/www.hydraulic-cylinders.net\/lv\/products\/bucket-cylinder-for-world-small-excavator-w265e-8\/","title":{"rendered":"Kausa cilindrs pasaules mazajam ekskavatoram W265E-8"},"content":{"rendered":"<p><!DOCTYPE html><br \/>\n<html><br \/>\n<head><br \/>\n<title>Kausa cilindrs pasaules mazajam ekskavatoram W265E-8<\/title><br \/>\n<\/head><br \/>\n<body><\/p>\n<h1>Kausa cilindrs pasaules mazajam ekskavatoram W265E-8<\/h1>\n<h2>Ievads<\/h2>\n<p>Kausa cilindrs ir speci\u0101li izstr\u0101d\u0101ts hidrauliskais cilindrs, ko izmanto, lai kontrol\u0113tu kausa kust\u012bbu smagaj\u0101s ma\u0161\u012bn\u0101s, piem\u0113ram, ekskavatoros, iekr\u0101v\u0113jos ar ekskavatoru un front\u0101lajos iekr\u0101v\u0113jos. T\u0101 galven\u0101 funkcija ir nodro\u0161in\u0101t kausa pacel\u0161anu, nolai\u0161anu un noliek\u0161anu, padarot to piem\u0113rotu da\u017e\u0101diem materi\u0101lu apstr\u0101des uzdevumiem. Hidrauliskaj\u0101s sist\u0113m\u0101s kausa cilindrs pan\u0101k prec\u012bzu kausa vad\u012bbu, izmantojot hidraulisk\u0101s e\u013c\u013cas spiediena izmai\u0146as, \u013caujot operatoriem efekt\u012bvi apstr\u0101d\u0101t smagas kravas un piel\u0101goties sare\u017e\u0123\u012btai darba videi un da\u017e\u0101d\u0101m darba pras\u012bb\u0101m.<\/p>\n<p><img decoding=\"async\" src=\"https:\/\/www.hydraulic-cylinders.net\/wp-content\/uploads\/2025\/01\/songte-company-2.webp\" alt=\"Kausa cilindra att\u0113ls\"><\/p>\n<h2>Funkcijas<\/h2>\n<ul>\n<li>Augsta iztur\u012bba un ilgm\u016b\u017e\u012bba: Parasti izgatavots no augstas stipr\u012bbas t\u0113rauda vai alum\u012bnija, sp\u0113j iztur\u0113t augstu spiedienu un lielas slodzes, piel\u0101gojas skarbajiem darba apst\u0101k\u013ciem un ir izstr\u0101d\u0101ts, \u0146emot v\u0113r\u0101 nodilumiztur\u012bbu un korozijas iztur\u012bbu, lai pagarin\u0101tu kalpo\u0161anas laiku.<\/li>\n<li>Efekt\u012bva hidraulisk\u0101 darb\u012bba: izmanto hidraulisk\u0101s e\u013c\u013cas spiedienu, lai pan\u0101ktu vienm\u0113r\u012bgu izvirz\u012b\u0161anu un ievilk\u0161anu, \u013caujot \u0101tri rea\u0123\u0113t uz vad\u012bbas komand\u0101m, nodro\u0161inot sp\u0113c\u012bgu stum\u0161anas un vilk\u0161anas sp\u0113ku, kas ir piem\u0113rots smagu kravu apstr\u0101dei un sare\u017e\u0123\u012btu darba uzdevumu veik\u0161anai.<\/li>\n<li>Da\u017e\u0101di veidi: pieejami ar vienas darb\u012bbas (hidrauliski darbojas tikai vien\u0101 virzien\u0101) vai divk\u0101r\u0161as darb\u012bbas (hidrauliski darbojas abos virzienos) cilindriem atkar\u012bb\u0101 no pras\u012bb\u0101m, kas \u013cauj apmierin\u0101t da\u017e\u0101das ekspluat\u0101cijas vajadz\u012bbas; da\u017ei mode\u013ci ir teleskopiski, kas nodro\u0161ina liel\u0101ku pagarin\u0101jumu, nepalielinot \u0101r\u0113jos izm\u0113rus, un ir piem\u0113roti lietojumiem ar ierobe\u017eotu vietu.<\/li>\n<li>Perfekta nomai\u0146a: m\u016bsu produkts var lieliski nomain\u012bt \u0161os hidrauliskos cilindrus.<\/li>\n<\/ul>\n<p><img decoding=\"async\" src=\"https:\/\/www.hydraulic-cylinders.net\/wp-content\/uploads\/2025\/01\/songte-cylinder-head-with-all-kinds-excavator-models.webp\" alt=\"Kausa cilindra nomai\u0146as att\u0113ls\"><\/p>\n<h2>Pieteikumi<\/h2>\n<h3>Celtniec\u012bbas apr\u012bkojums<\/h3>\n<p>Ekskavatoros tie ir vit\u0101li svar\u012bgi augsnes vai gru\u017eu rak\u0161anai, iekrau\u0161anai un p\u0101rvieto\u0161anai. Ekskavatoros-iekr\u0101v\u0113jos kausa cilindrs pal\u012bdz gan rak\u0161anas, gan cel\u0161anas darbos.<\/p>\n<h3>Lauksaimniec\u012bbas tehnika<\/h3>\n<p>Izmanto front\u0101lajos iekr\u0101v\u0113jos augsnes, siena un citu materi\u0101lu sav\u0101k\u0161anai, cel\u0161anai un transport\u0113\u0161anai.<\/p>\n<h3>Ekskavatori<\/h3>\n<p>Kausa cilindrs nodro\u0161ina rak\u0161anas darb\u012bbas, \u013caujot kausam iek\u013c\u016bt augsn\u0113.<\/p>\n<h3>Iekr\u0101v\u0113ji<\/h3>\n<p>Front\u0101lajos iekr\u0101v\u0113jos tie pal\u012bdz efekt\u012bvi pacelt un izkraut preces.<\/p>\n<p><img decoding=\"async\" src=\"https:\/\/www.hydraulic-cylinders.net\/wp-content\/uploads\/2025\/01\/songte-oil-pipes-and-spare-parts.webp\" alt=\"Kausa cilindra pielietojuma att\u0113ls\"><\/p>\n<h2>Dizaina apsv\u0113rumi un atlases krit\u0113riji<\/h2>\n<ul>\n<li>Nestsp\u0113ja: Apspriediet cilindra sp\u0113ju apstr\u0101d\u0101t nor\u0101d\u012btos atsl\u0113gv\u0101rdus.<\/li>\n<li>Bl\u012bv\u0113jums: Izskaidrojiet pareiza bl\u012bv\u0113juma noz\u012bmi, lai nov\u0113rstu nopl\u016bdes un nodro\u0161in\u0101tu efekt\u012bvu balona darb\u012bbu.<\/li>\n<li>Iztur\u012bba: Apspriediet balona sp\u0113ju iztur\u0113t nodilumu un koroziju ilgsto\u0161as \u200b\u200blieto\u0161anas laik\u0101.<\/li>\n<li>Dro\u0161\u012bba: Izceliet balona konstrukcij\u0101 iek\u013caut\u0101s dro\u0161\u012bbas funkcijas, lai aizsarg\u0101tu operatorus un nov\u0113rstu negad\u012bjumus.<\/li>\n<li>Apkope: Apspriediet apkopes un remonta vienk\u0101r\u0161\u012bbu, sniedzot padomus par regul\u0101r\u0101m p\u0101rbaud\u0113m, e\u013c\u013co\u0161anu un bl\u012bvju nomai\u0146u.<\/li>\n<\/ul>\n<p><img decoding=\"async\" src=\"https:\/\/www.hydraulic-cylinders.net\/wp-content\/uploads\/2025\/01\/songte-bushings-with-all-kinds-of-excavator-models.webp\" alt=\"Kausa cilindra dizaina att\u0113ls\"><\/p>\n<h2>Bl\u012bv\u0113\u0161ana un e\u013c\u013co\u0161ana<\/h2>\n<p>Tiek izmantoti da\u017e\u0101di bl\u012bv\u0113\u0161anas komponenti, piem\u0113ram, virzu\u013ca bl\u012bvsl\u0113gi \u200b\u200bun stie\u0146a bl\u012bvsl\u0113gi, kas izgatavoti no nodilumiztur\u012bgiem materi\u0101liem, piem\u0113ram, poliuret\u0101na un nitrila gumijas. Cilindra korpuss un v\u012bt\u0146otie gali tiek r\u016bp\u012bgi apstr\u0101d\u0101ti, lai uzlabotu nodilumiztur\u012bbu. Lai nodro\u0161in\u0101tu vienm\u0113r\u012bgu darb\u012bbu, ir nepiecie\u0161ama regul\u0101ra e\u013c\u013co\u0161ana ar atbilsto\u0161u hidraulisk\u0101s e\u013c\u013cas daudzumu.<\/p>\n<h2>P\u0101rbaude un profilaktisk\u0101 apkope<\/h2>\n<p>Regul\u0101ras p\u0101rbaudes un profilaktisk\u0101 apkope ir b\u016btiskas, lai nodro\u0161in\u0101tu kausa cilindra optim\u0101lu veiktsp\u0113ju un ilgm\u016b\u017e\u012bbu. Da\u017ei ieteicamie pas\u0101kumi ir \u0161\u0101di:<\/p>\n<ul>\n<li>Regul\u0101ri p\u0101rbaudiet, vai nav nopl\u016b\u017eu vai boj\u0101jumu paz\u012bmju<\/li>\n<li>Pareiza e\u013c\u013co\u0161ana pl\u0101notajos interv\u0101los<\/li>\n<li>Bl\u012bvju nomai\u0146a p\u0113c nepiecie\u0161am\u012bbas<\/li>\n<li>Kalibr\u0113\u0161anas p\u0101rbaudes prec\u012bzai darb\u012bbai<\/li>\n<\/ul>\n<p><img decoding=\"async\" src=\"https:\/\/www.hydraulic-cylinders.net\/wp-content\/uploads\/2025\/01\/songte-chushion-collar.webp\" alt=\"Kausa cilindra apkopes att\u0113ls\"><\/p>\n<h2>Dro\u0161\u012bbas apsv\u0113rumi un vides faktori<\/h2>\n<p>Izmantojot kausa cilindru, ir svar\u012bgi noteikt dro\u0161\u012bbas pas\u0101kumu priorit\u0101ti, lai aizsarg\u0101tu operatorus un nov\u0113rstu negad\u012bjumus. Svar\u012bgi faktori, kas j\u0101\u0146em v\u0113r\u0101, ir atbilsto\u0161a apm\u0101c\u012bba, pareizu ekspluat\u0101cijas proced\u016bru iev\u0113ro\u0161ana un atbilsto\u0161a dro\u0161\u012bbas apr\u012bkojuma lieto\u0161ana. Turkl\u0101t vides faktoru, piem\u0113ram, trok\u0161\u0146a samazin\u0101\u0161anas un energoefektivit\u0101tes, \u0146em\u0161ana v\u0113r\u0101 var veicin\u0101t ilgtsp\u0113j\u012bg\u0101ku darb\u012bbu.<\/p>\n<h2>Probl\u0113mu nov\u0113r\u0161ana un bie\u017ei sastopamas probl\u0113mas<\/h2>\n<p>Apspriediet bie\u017e\u0101k sastopamos probl\u0113mu nov\u0113r\u0161anas padomus un sniedziet risin\u0101jumus bie\u017ei sastopam\u0101m probl\u0113m\u0101m, ar kur\u0101m lietot\u0101ji var saskarties, lietojot kausa cilindru. Pied\u0101v\u0101jiet prevent\u012bvus pas\u0101kumus, lai samazin\u0101tu iesp\u0113jam\u0101s probl\u0113mas.<\/p>\n<p><img decoding=\"async\" src=\"https:\/\/www.hydraulic-cylinders.net\/wp-content\/uploads\/2025\/01\/songte-bushings-with-all-kinds-of-excavator-models.webp\" alt=\"Kausa cilindra probl\u0113mu nov\u0113r\u0161anas att\u0113ls\"><\/p>\n<h2>Secin\u0101jums<\/h2>\n<p>M\u016bsu uz\u0146\u0113mums ir vado\u0161ais hidraulisko cilindru ra\u017eot\u0101js un vairumtirdzniec\u012bbas izplat\u012bt\u0101js gan viet\u0113j\u0101, gan starptautiskaj\u0101 tirg\u016b. M\u0113s priorit\u0101ri izvirz\u0101m izcilu kvalit\u0101ti un sav\u0101s modernaj\u0101s ra\u017eo\u0161anas darbn\u012bc\u0101s ievie\u0161am r\u016bpniecisk\u0101s ra\u017eo\u0161anas vad\u012bbas strat\u0113\u0123ijas. Pateicoties m\u016bsu tehniskaj\u0101m zin\u0101\u0161an\u0101m, modern\u0101kaj\u0101m ra\u017eo\u0161anas iek\u0101rt\u0101m un profesion\u0101laj\u0101m test\u0113\u0161anas sist\u0113m\u0101m, m\u0113s nep\u0101rtraukti uzlabojam savu ra\u017eo\u0161anas platformu un produktu kvalit\u0101tes ra\u017eo\u0161anas ce\u013cus. Mums ir sp\u0113c\u012bgas sp\u0113jas apmierin\u0101t da\u017e\u0101das klientu vajadz\u012bbas ar augstu efektivit\u0101ti, precizit\u0101ti un kvalit\u0101ti.<\/p>\n<p><img decoding=\"async\" src=\"https:\/\/www.hydraulic-cylinders.net\/wp-content\/uploads\/2025\/01\/songte-company-3.webp\" alt=\"Uz\u0146\u0113muma t\u0113ls\"><\/p>\n<h3>Uz\u0146\u0113muma p\u0101rskats<\/h3>\n<ul>\n<li>Profesionalit\u0101te<\/li>\n<li>Starptautisk\u0101s sertifik\u0101cijas<\/li>\n<li>Piel\u0101go\u0161anas pakalpojumi<\/li>\n<li>Ra\u017eo\u0161anas iek\u0101rtas<\/li>\n<li>P\u0113cp\u0101rdo\u0161anas serviss<\/li>\n<\/ul>\n<p>Autors: lil<\/p>\n<p><\/body><br \/>\n<\/html><\/p>","protected":false},"excerpt":{"rendered":"<p>Bucket Cylinder For World Small Excavator W265E-8 Bucket Cylinder For World Small Excavator W265E-8 Introduction The bucket cylinder is a specially designed hydraulic cylinder used to control the movement of the bucket in heavy machinery such as excavators, backhoe loaders, and front loaders. Its primary function is to enable the lifting, lowering, and tilting of [&hellip;]<\/p>","protected":false},"featured_media":14778,"comment_status":"open","ping_status":"closed","template":"","meta":{"_et_pb_use_builder":"","_et_pb_old_content":"","_et_gb_content_width":""},"product_brand":[],"product_cat":[1494],"product_tag":[1495,1496],"class_list":{"0":"post-15739","1":"product","2":"type-product","3":"status-publish","4":"has-post-thumbnail","6":"product_cat-bucket-cylinders","7":"product_tag-bucket-cylinders","8":"product_tag-hydraulic-cylinders","10":"first","11":"instock","12":"shipping-taxable","13":"product-type-simple"},"amp_enabled":true,"_links":{"self":[{"href":"https:\/\/www.hydraulic-cylinders.net\/lv\/wp-json\/wp\/v2\/product\/15739","targetHints":{"allow":["GET"]}}],"collection":[{"href":"https:\/\/www.hydraulic-cylinders.net\/lv\/wp-json\/wp\/v2\/product"}],"about":[{"href":"https:\/\/www.hydraulic-cylinders.net\/lv\/wp-json\/wp\/v2\/types\/product"}],"replies":[{"embeddable":true,"href":"https:\/\/www.hydraulic-cylinders.net\/lv\/wp-json\/wp\/v2\/comments?post=15739"}],"wp:featuredmedia":[{"embeddable":true,"href":"https:\/\/www.hydraulic-cylinders.net\/lv\/wp-json\/wp\/v2\/media\/14778"}],"wp:attachment":[{"href":"https:\/\/www.hydraulic-cylinders.net\/lv\/wp-json\/wp\/v2\/media?parent=15739"}],"wp:term":[{"taxonomy":"product_brand","embeddable":true,"href":"https:\/\/www.hydraulic-cylinders.net\/lv\/wp-json\/wp\/v2\/product_brand?post=15739"},{"taxonomy":"product_cat","embeddable":true,"href":"https:\/\/www.hydraulic-cylinders.net\/lv\/wp-json\/wp\/v2\/product_cat?post=15739"},{"taxonomy":"product_tag","embeddable":true,"href":"https:\/\/www.hydraulic-cylinders.net\/lv\/wp-json\/wp\/v2\/product_tag?post=15739"}],"curies":[{"name":"wp","href":"https:\/\/api.w.org\/{rel}","templated":true}]}}