{"id":15740,"date":"2025-01-19T14:54:56","date_gmt":"2025-01-19T14:54:56","guid":{"rendered":"https:\/\/www.hydraulic-cylinders.net\/product\/bucket-cylinder-for-world-small-excavator-w285b-8\/"},"modified":"2025-01-19T14:54:58","modified_gmt":"2025-01-19T14:54:58","slug":"bucket-cylinder-for-world-small-excavator-w285b-8","status":"publish","type":"product","link":"https:\/\/www.hydraulic-cylinders.net\/lv\/products\/bucket-cylinder-for-world-small-excavator-w285b-8\/","title":{"rendered":"Kausa cilindrs pasaules mazajam ekskavatoram W285B-8"},"content":{"rendered":"<h1>Kausa cilindrs pasaules mazajam ekskavatoram W285B-8<\/h1>\n<h2>Ievads<\/h2>\n<p>Kausa cilindrs ir speci\u0101li izstr\u0101d\u0101ts hidrauliskais cilindrs, ko izmanto, lai kontrol\u0113tu kausu kust\u012bbu smagaj\u0101s ma\u0161\u012bn\u0101s, piem\u0113ram, ekskavatoros, univers\u0101lajos ekskavatoros un front\u0101lajos iekr\u0101v\u0113jos. T\u0101 galven\u0101 funkcija ir nodro\u0161in\u0101t kausa pacel\u0161anu, nolai\u0161anu un noliek\u0161anu, t\u0101d\u0113j\u0101di atvieglojot da\u017e\u0101dus materi\u0101lu apstr\u0101des uzdevumus. Hidrauliskaj\u0101 sist\u0113m\u0101 kausa cilindrs izmanto hidraulisk\u0101s e\u013c\u013cas spiediena izmai\u0146as, lai pan\u0101ktu prec\u012bzu kausa vad\u012bbu, \u013caujot operatoram efekt\u012bvi apstr\u0101d\u0101t smagas kravas, piel\u0101goties sare\u017e\u0123\u012btai darba videi un da\u017e\u0101d\u0101m ekspluat\u0101cijas vajadz\u012bb\u0101m.<\/p>\n<p><img decoding=\"async\" src=\"https:\/\/www.hydraulic-cylinders.net\/wp-content\/uploads\/2025\/01\/songte-company-2.webp\" alt=\"Kausa cilindra att\u0113ls\"><\/p>\n<h2>Funkcijas<\/h2>\n<ul>\n<li>Augsta iztur\u012bba un ilgm\u016b\u017e\u012bba: Parasti izgatavots no augstas stipr\u012bbas t\u0113rauda vai alum\u012bnija, tas var iztur\u0113t augstu spiedienu un lielas slodzes, piel\u0101goties skarbai darba videi un ir izstr\u0101d\u0101ts ar nodilumiztur\u012bbu un iztur\u012bbu pret koroziju, lai pagarin\u0101tu kalpo\u0161anas laiku.<\/li>\n<li>Efekt\u012bva hidraulisk\u0101 darb\u012bba: Vienm\u0113r\u012bga izstiep\u0161ana un sarau\u0161an\u0101s tiek pan\u0101kta, izmantojot hidraulisk\u0101s e\u013c\u013cas spiedienu, kas var \u0101tri rea\u0123\u0113t uz vad\u012bbas komand\u0101m, nodro\u0161in\u0101t sp\u0113c\u012bgus stum\u0161anas un vilk\u0161anas sp\u0113kus un ir piem\u0113rots smagu kravu apstr\u0101dei un sare\u017e\u0123\u012btu ekspluat\u0101cijas uzdevumu veik\u0161anai.<\/li>\n<li>Da\u017e\u0101di veidi: atkar\u012bb\u0101 no ekspluat\u0101cijas vajadz\u012bb\u0101m var izv\u0113l\u0113ties vienas darb\u012bbas (hidrauliski tikai vien\u0101 virzien\u0101) vai divk\u0101r\u0161as darb\u012bbas (hidrauliski abos virzienos) cilindrus. Da\u017ei mode\u013ci ir teleskopiski, kas \u013cauj tos papla\u0161in\u0101t, nepalielinot \u0101r\u0113jos izm\u0113rus, padarot tos piem\u0113rotus lietojumiem ar ierobe\u017eotu vietu.<\/li>\n<li>Ra\u017eo\u0161anas jauda: M\u016bsu produkti var piln\u012bb\u0101 aizst\u0101t \u0161os hidrauliskos cilindrus.<\/li>\n<\/ul>\n<p><img decoding=\"async\" src=\"https:\/\/www.hydraulic-cylinders.net\/wp-content\/uploads\/2025\/01\/songte-cylinder-head-with-all-kinds-excavator-models.webp\" alt=\"Kausa cilindra nomai\u0146as att\u0113ls\"><\/p>\n<h2>Pieteikumi<\/h2>\n<p>Kausa cilindrs tiek pla\u0161i izmantots da\u017e\u0101d\u0101s nozar\u0113s, piem\u0113ram, celtniec\u012bbas iek\u0101rt\u0101s, lauksaimniec\u012bbas ma\u0161\u012bn\u0101s, ekskavatoros un iekr\u0101v\u0113jos. To galvenok\u0101rt izmanto cel\u0161anai, nolai\u0161anai, noliek\u0161anai un citiem uzdevumiem. <\/p>\n<h3>Celtniec\u012bbas tehnika<\/h3>\n<p>Ekskavatoros tie ir nepiecie\u0161ami augsnes vai gru\u017eu rak\u0161anai, iekrau\u0161anai un p\u0101rvieto\u0161anai. Ekskavatoros ar iekr\u0101v\u0113ju kausa cilindrs pal\u012bdz gan rak\u0161an\u0101, gan cel\u0161an\u0101. Front\u0101lajos iekr\u0101v\u0113jos tie pal\u012bdz efekt\u012bvi pacelt un izg\u0101zt preces.<\/p>\n<h3>Lauksaimniec\u012bbas tehnika<\/h3>\n<p>Kausa cilindrs tiek izmantots front\u0101lajiem iekr\u0101v\u0113jiem, un tas ir b\u016btisks augsnes, siena un citu materi\u0101lu pacel\u0161anai un noliek\u0161anai.<\/p>\n<h3>Ekskavatori<\/h3>\n<p>Kausa cilindrs \u013cauj spainim iek\u013c\u016bt augsn\u0113, lai veiktu rak\u0161anas darb\u012bbas.<\/p>\n<h3>Iekr\u0101v\u0113ji<\/h3>\n<p>Front\u0101lajos iekr\u0101v\u0113jos tie pal\u012bdz efekt\u012bvi pacelt un noliekt preces.<\/p>\n<p><img decoding=\"async\" src=\"https:\/\/www.hydraulic-cylinders.net\/wp-content\/uploads\/2025\/01\/songte-bushings-with-all-kinds-of-excavator-models.webp\" alt=\"Kausa cilindra pielietojuma att\u0113ls\"><\/p>\n<h2>Dizaina apsv\u0113rumi un atlases krit\u0113riji<\/h2>\n<p>Kausa cilindra konstrukcijas un materi\u0101lu izv\u0113le ir \u013coti svar\u012bga, lai nodro\u0161in\u0101tu optim\u0101lu veiktsp\u0113ju un iztur\u012bbu. Galvenie apsv\u0113rumi ietver nestsp\u0113ju, bl\u012bv\u0113jumu, iztur\u012bbu, dro\u0161\u012bbu un apkopes iesp\u0113jas.<\/p>\n<h3>Nestsp\u0113ja<\/h3>\n<p>Kausu cilindri tiek pak\u013cauti \u0101rk\u0101rt\u0113j\u0101m slodz\u0113m, t\u0101p\u0113c ir svar\u012bgi izv\u0113l\u0113ties materi\u0101lus, biezumu un konstrukciju, kas var iztur\u0113t \u0161\u012bs slodzes. Kausu cilindru ra\u017eo\u0161an\u0101 parasti izmanto augstas stipr\u012bbas t\u0113raudu vai alum\u012bniju, lai nodro\u0161in\u0101tu nepiecie\u0161amo iztur\u012bbu.<\/p>\n<h3>Bl\u012bv\u0113\u0161ana<\/h3>\n<p>Kausa cilindrs ir b\u016btiska hidraulisk\u0101s sist\u0113mas sast\u0101vda\u013ca, un pareizs bl\u012bv\u0113jums ir kritiski svar\u012bgs t\u0101s efekt\u012bvai darb\u012bbai. Da\u017e\u0101di bl\u012bv\u0113jumi, piem\u0113ram, virzu\u013ca bl\u012bv\u0113jumi un stie\u0146a bl\u012bv\u0113jumi, tiek izmantoti, lai nodro\u0161in\u0101tu, ka hidrauliskais \u0161\u0137idrums paliek cilindr\u0101 un nov\u0113r\u0161 pies\u0101r\u0146ot\u0101ju iek\u013c\u016b\u0161anu sist\u0113m\u0101.<\/p>\n<h3>Iztur\u012bba<\/h3>\n<p>Kausa cilindrs ir pak\u013cauts skarbai videi, un t\u0101 materi\u0101liem ir j\u0101iztur nodilums un korozija. Cilindri ir izgatavoti no augstas iztur\u012bbas materi\u0101liem, kas ir paredz\u0113ti, lai iztur\u0113tu \u0161os skarbos apst\u0101k\u013cus, un cilindra virsma ir apstr\u0101d\u0101ta, lai nodro\u0161in\u0101tu papildu nodilumiztur\u012bbu.<\/p>\n<h3>Dro\u0161\u012bba<\/h3>\n<p>Kausa cilindri tiek pak\u013cauti \u0101rk\u0101rt\u0113j\u0101m slodz\u0113m, un ir svar\u012bgi nodro\u0161in\u0101t to dro\u0161u ekspluat\u0101ciju. Lai nodro\u0161in\u0101tu sist\u0113mas dro\u0161u darb\u012bbu un nov\u0113rstu cilindra boj\u0101jumus, tiek \u0146emti v\u0113r\u0101 t\u0101di konstrukcijas apsv\u0113rumi k\u0101 dro\u0161\u012bbas v\u0101rsti, av\u0101rijas aptur\u0113\u0161anas sl\u0113d\u017ei un spiediena samazin\u0101\u0161anas v\u0101rsti.<\/p>\n<h3>Uzturam\u012bba<\/h3>\n<p>Kausu cilindriem nepiecie\u0161ama regul\u0101ra apkope, lai nodro\u0161in\u0101tu optim\u0101lu veiktsp\u0113ju un pagarin\u0101tu kalpo\u0161anas laiku. Viegli nomain\u0101mu bl\u012bv\u0113jumu izmanto\u0161ana, \u0101r\u0113ja piek\u013cuve kritiski svar\u012bg\u0101m sast\u0101vda\u013c\u0101m un pareiza e\u013c\u013co\u0161ana ir \u013coti svar\u012bgas, lai nodro\u0161in\u0101tu apkopi.<\/p>\n<p><img decoding=\"async\" src=\"https:\/\/www.hydraulic-cylinders.net\/wp-content\/uploads\/2025\/01\/songte-oil-pipes-and-spare-parts.webp\" alt=\"Kausa cilindra dizaina att\u0113ls\"><\/p>\n<h2>Bl\u012bv\u0113jumi un e\u013c\u013co\u0161ana<\/h2>\n<p>Pareiza bl\u012bv\u0113jumu un e\u013c\u013co\u0161anas izv\u0113le ir \u013coti svar\u012bga, lai nodro\u0161in\u0101tu optim\u0101lu veiktsp\u0113ju un pagarin\u0101tu kalpo\u0161anas laiku. Da\u017e\u0101di bl\u012bv\u0113jumi, piem\u0113ram, virzu\u013ca bl\u012bv\u0113jumi, stie\u0146a bl\u012bv\u0113jumi un sloti\u0146as, tiek izmantoti, lai nov\u0113rstu \u0161\u0137idruma nopl\u016bdi un nodro\u0161in\u0101tu efekt\u012bvu darb\u012bbu. Sm\u0113rvielu, piem\u0113ram, hidraulisk\u0101s e\u013c\u013cas, lieto\u0161ana ir \u013coti svar\u012bga, lai samazin\u0101tu berzi un nodilumu, k\u0101 ar\u012b uztur\u0113tu efekt\u012bvu darb\u012bbu. Regul\u0101ra apkope ir b\u016btiska, lai nodro\u0161in\u0101tu atbilsto\u0161u e\u013c\u013co\u0161anas l\u012bmeni un nov\u0113rstu kritiski svar\u012bgu komponentu nodilumu.<\/p>\n<h2>Apkope un remonts<\/h2>\n<p>Regul\u0101ra kausa cilindra apkope un remonts ir b\u016btiski, lai nodro\u0161in\u0101tu optim\u0101lu veiktsp\u0113ju un pagarin\u0101tu t\u0101 kalpo\u0161anas laiku. Bie\u017ei veicamie apkopes darbi ietver regul\u0101ras p\u0101rbaudes, pareizu e\u013c\u013co\u0161anu, bl\u012bv\u0113jumu nomai\u0146u un kalibr\u0113\u0161anas p\u0101rbaudes. Pareiza uzst\u0101d\u012b\u0161ana ir ar\u012b \u013coti svar\u012bga, lai nodro\u0161in\u0101tu optim\u0101lu veiktsp\u0113ju, un ieteicams pareizi izl\u012bdzin\u0101t un izmantot uzst\u0101d\u012b\u0161anas kron\u0161teinus. Lai nodro\u0161in\u0101tu optim\u0101lu veiktsp\u0113ju un pagarin\u0101tu kalpo\u0161anas laiku, ieteicams nomain\u012bt komponentus p\u0113c nepiecie\u0161am\u012bbas un izmantot remonta pakalpojumus.<\/p>\n<h2>Dro\u0161\u012bbas un vides apsv\u0113rumi<\/h2>\n<p>Izmantojot kausu cilindrus, ir svar\u012bgi iev\u0113rot atbilsto\u0161as \u200b\u200bdro\u0161\u012bbas proced\u016bras un vadl\u012bnijas, lai nodro\u0161in\u0101tu optim\u0101lu veiktsp\u0113ju un nov\u0113rstu negad\u012bjumus. Dro\u0161\u012bbas apsv\u0113rumi, piem\u0113ram, atbilsto\u0161a aizsargapr\u012bkojuma valk\u0101\u0161ana, pareiza uzst\u0101d\u012b\u0161ana un ekspluat\u0101cija, k\u0101 ar\u012b pareizu apkopes grafiku iev\u0113ro\u0161ana, ir \u013coti svar\u012bgi, lai nodro\u0161in\u0101tu dro\u0161u ekspluat\u0101ciju. Vides apsv\u0113rumi, piem\u0113ram, pareiza izlietot\u0101s hidraulisk\u0101s e\u013c\u013cas un komponentu utiliz\u0101cija, ir svar\u012bgi ar\u012b, lai samazin\u0101tu ietekmi uz vidi un nodro\u0161in\u0101tu atbilst\u012bbu noteikumiem.<\/p>\n<h2>K\u013c\u016bmju diagnostika un probl\u0113mu nov\u0113r\u0161ana<\/h2>\n<p>Bie\u017ei sastopamas probl\u0113mas ar kausu cilindriem var b\u016bt nopl\u016bdes, jaudas zudums un samazin\u0101ta veiktsp\u0113ja. Pareiza diagnostika un probl\u0113mu nov\u0113r\u0161ana ir \u013coti svar\u012bga, lai noteiktu \u0161o probl\u0113mu pamatc\u0113lo\u0146us un izstr\u0101d\u0101tu efekt\u012bvus risin\u0101jumus. Bie\u017ei sastopamas probl\u0113mu nov\u0113r\u0161anas darb\u012bbas ietver nopl\u016b\u017eu p\u0101rbaudi, \u0161\u0137idruma l\u012bme\u0146a p\u0101rbaudi un kritiski svar\u012bgu komponentu p\u0101rbaudi. Pareizi prevent\u012bvie pas\u0101kumi, piem\u0113ram, regul\u0101ra apkope un p\u0101rbaude, var pal\u012bdz\u0113t samazin\u0101t \u0161o probl\u0113mu iesp\u0113jam\u012bbu un nodro\u0161in\u0101t optim\u0101lu veiktsp\u0113ju.<\/p>\n<p><img decoding=\"async\" src=\"https:\/\/www.hydraulic-cylinders.net\/wp-content\/uploads\/2025\/01\/songte-chushion-collar.webp\" alt=\"Kausa cilindra remonta att\u0113ls\"><\/p>\n<h2>Par m\u016bsu uz\u0146\u0113mumu<\/h2>\n<p>M\u0113s esam vado\u0161ais hidraulisko cilindru ra\u017eot\u0101js un izplat\u012bt\u0101js, kas specializ\u0113jas rezerves cilindros. M\u016bsu uz\u0146\u0113mums iev\u0113ro izcilas kvalit\u0101tes principu, pa\u013caujoties uz r\u016bpniecisk\u0101s ra\u017eo\u0161anas vad\u012bbas strat\u0113\u0123ij\u0101m un tehnolo\u0123iskajiem talantiem, digit\u0101l\u0101m augstas klases ra\u017eo\u0161anas iek\u0101rt\u0101m un profesion\u0101l\u0101m test\u0113\u0161anas sist\u0113m\u0101m, lai nep\u0101rtraukti uzlabotu ra\u017eo\u0161anas platformu un nevainojamu produktu kvalit\u0101tes ra\u017eo\u0161anas l\u012bnijas. M\u016bsu produktiem ir augsta efektivit\u0101te, augsta precizit\u0101te un augsta kvalit\u0101te, kas apmierina m\u016bsu klientu da\u017e\u0101d\u0101s vajadz\u012bbas gan viet\u0113j\u0101, gan starptautisk\u0101 m\u0113rog\u0101.<\/p>\n<h3>Profesionalit\u0101te<\/h3>\n<p>Mums ir profesion\u0101\u013cu komanda, kas ir \u013coti zino\u0161a hidraulisko cilindru jom\u0101 un var sniegt ekspertu padomus par produktu izv\u0113li, uzst\u0101d\u012b\u0161anu un apkopi.<\/p>\n<h3>Starptautisk\u0101 sertifik\u0101cija<\/h3>\n<p>M\u016bsu produkti ir sa\u0146\u0113mu\u0161i da\u017e\u0101dus starptautiskus sertifik\u0101tus, kas apliecina to atbilst\u012bbu augst\u0101kajiem nozares standartiem.<\/p>\n<h3>Piel\u0101go\u0161ana<\/h3>\n<p>M\u0113s pied\u0101v\u0101jam piel\u0101go\u0161anas pakalpojumus, lai apmierin\u0101tu m\u016bsu klientu \u012bpa\u0161\u0101s pras\u012bbas un nodro\u0161in\u0101tu optim\u0101lu veiktsp\u0113ju.<\/p>\n<h3>Ra\u017eo\u0161anas iek\u0101rtas<\/h3>\n<p>M\u016bsu ra\u017eo\u0161anas iek\u0101rtas ir augst\u0101k\u0101s kvalit\u0101tes un paredz\u0113tas t\u0101du hidraulisko cilindru ra\u017eo\u0161anai, kas atbilst augst\u0101kajiem nozares standartiem.<\/p>\n<h3>P\u0113cp\u0101rdo\u0161anas serviss<\/h3>\n<p>M\u0113s pied\u0101v\u0101jam visaptvero\u0161u p\u0113cp\u0101rdo\u0161anas servisu, lai nodro\u0161in\u0101tu, ka m\u016bsu klienti ir apmierin\u0101ti ar pirkumiem un sa\u0146em nepiecie\u0161amo atbalstu.<\/p>\n<p><img decoding=\"async\" src=\"https:\/\/hzpt.com\/wp-content\/uploads\/2024\/11\/songte-company-1.webp\" alt=\"Uz\u0146\u0113muma t\u0113ls\"><\/p>\n<h4>Autors: Lails.<\/h4>","protected":false},"excerpt":{"rendered":"<p>Bucket Cylinder For World Small Excavator W285B-8 Introduction A bucket cylinder is a specially designed hydraulic cylinder used to control the movement of buckets in heavy machinery such as excavators, backhoe excavators, and front-end loaders. Its main function is to enable the bucket to lift, lower, and tilt, thus facilitating various material handling tasks. In [&hellip;]<\/p>","protected":false},"featured_media":14776,"comment_status":"open","ping_status":"closed","template":"","meta":{"_et_pb_use_builder":"","_et_pb_old_content":"","_et_gb_content_width":""},"product_brand":[],"product_cat":[1494],"product_tag":[1495,1496],"class_list":{"0":"post-15740","1":"product","2":"type-product","3":"status-publish","4":"has-post-thumbnail","6":"product_cat-bucket-cylinders","7":"product_tag-bucket-cylinders","8":"product_tag-hydraulic-cylinders","10":"first","11":"instock","12":"shipping-taxable","13":"product-type-simple"},"amp_enabled":true,"_links":{"self":[{"href":"https:\/\/www.hydraulic-cylinders.net\/lv\/wp-json\/wp\/v2\/product\/15740","targetHints":{"allow":["GET"]}}],"collection":[{"href":"https:\/\/www.hydraulic-cylinders.net\/lv\/wp-json\/wp\/v2\/product"}],"about":[{"href":"https:\/\/www.hydraulic-cylinders.net\/lv\/wp-json\/wp\/v2\/types\/product"}],"replies":[{"embeddable":true,"href":"https:\/\/www.hydraulic-cylinders.net\/lv\/wp-json\/wp\/v2\/comments?post=15740"}],"wp:featuredmedia":[{"embeddable":true,"href":"https:\/\/www.hydraulic-cylinders.net\/lv\/wp-json\/wp\/v2\/media\/14776"}],"wp:attachment":[{"href":"https:\/\/www.hydraulic-cylinders.net\/lv\/wp-json\/wp\/v2\/media?parent=15740"}],"wp:term":[{"taxonomy":"product_brand","embeddable":true,"href":"https:\/\/www.hydraulic-cylinders.net\/lv\/wp-json\/wp\/v2\/product_brand?post=15740"},{"taxonomy":"product_cat","embeddable":true,"href":"https:\/\/www.hydraulic-cylinders.net\/lv\/wp-json\/wp\/v2\/product_cat?post=15740"},{"taxonomy":"product_tag","embeddable":true,"href":"https:\/\/www.hydraulic-cylinders.net\/lv\/wp-json\/wp\/v2\/product_tag?post=15740"}],"curies":[{"name":"wp","href":"https:\/\/api.w.org\/{rel}","templated":true}]}}