{"id":15745,"date":"2025-01-19T14:55:20","date_gmt":"2025-01-19T14:55:20","guid":{"rendered":"https:\/\/www.hydraulic-cylinders.net\/product\/bucket-cylinder-for-world-middle-excavator-w2260lc-8\/"},"modified":"2025-01-19T14:55:23","modified_gmt":"2025-01-19T14:55:23","slug":"bucket-cylinder-for-world-middle-excavator-w2260lc-8","status":"publish","type":"product","link":"https:\/\/www.hydraulic-cylinders.net\/lv\/products\/bucket-cylinder-for-world-middle-excavator-w2260lc-8\/","title":{"rendered":"Kausa cilindrs pasaules vid\u0113j\u0101 ekskavatora W2260LC-8"},"content":{"rendered":"<h1> Kausa cilindrs pasaules vid\u0113j\u0101 ekskavatora W2260LC-8 <\/h1>\n<h2>Ievads<\/h2>\n<p>Kausa cilindrs ir speci\u0101li izstr\u0101d\u0101ts hidrauliskais cilindrs, ko galvenok\u0101rt izmanto, lai kontrol\u0113tu kausa kust\u012bbu smagaj\u0101s ma\u0161\u012bn\u0101s, piem\u0113ram, ekskavatoros, univers\u0101lajos ekskavatoros un front\u0101lajos iekr\u0101v\u0113jos. T\u0101 galven\u0101 funkcija ir nodro\u0161in\u0101t kausa pacel\u0161anu, nolai\u0161anu un noliek\u0161anu, atvieglojot da\u017e\u0101du materi\u0101lu apstr\u0101des uzdevumu veik\u0161anu. Hidrauliskaj\u0101 sist\u0113m\u0101 kausa cilindrs pan\u0101k prec\u012bzu kausa kust\u012bbas kontroli, mainot hidraulisk\u0101s e\u013c\u013cas spiedienu, \u013caujot operatoriem efekt\u012bvi apstr\u0101d\u0101t smagus priek\u0161metus, piel\u0101goties sare\u017e\u0123\u012btai darba videi un izpild\u012bt da\u017e\u0101das darba pras\u012bbas.<\/p>\n<p><img loading=\"lazy\" decoding=\"async\" src=\"https:\/\/www.hydraulic-cylinders.net\/wp-content\/uploads\/2025\/01\/songte-company-2.webp\" alt=\"Kausa cilindrs pasaules vid\u0113j\u0101 ekskavatora W2260LC-8\" width=\"500\" height=\"300\"><\/p>\n<h2>Funkcijas<\/h2>\n<ul>\n<li>Augsta iztur\u012bba un ilgm\u016b\u017e\u012bba: Parasti izgatavots no augstas stipr\u012bbas t\u0113rauda vai alum\u012bnija, tas var iztur\u0113t augstu spiedienu un lielas slodzes, piel\u0101goties skarbai darba videi un projekt\u0113\u0161an\u0101 \u0146emt v\u0113r\u0101 nodilumiztur\u012bbu un korozijas iztur\u012bbu, lai pagarin\u0101tu kalpo\u0161anas laiku.<\/li>\n<li>Efekt\u012bva hidraulisk\u0101 darb\u012bba: Izmantojot hidraulisk\u0101s e\u013c\u013cas spiedienu, tiek pan\u0101kta vienm\u0113r\u012bga izple\u0161an\u0101s un sarau\u0161an\u0101s, nodro\u0161inot sp\u0113c\u012bgus stum\u0161anas un vilk\u0161anas sp\u0113kus, kas ir piem\u0113roti smagu priek\u0161metu apstr\u0101dei un sare\u017e\u0123\u012btu darbu veik\u0161anai.<\/li>\n<li>Da\u017e\u0101di veidi: vienas darb\u012bbas (hidrauliski darbojas tikai vien\u0101 virzien\u0101) vai divk\u0101r\u0161as darb\u012bbas (hidrauliski darbojas divos virzienos) cilindrus var izv\u0113l\u0113ties atbilsto\u0161i vajadz\u012bb\u0101m, lai apmierin\u0101tu da\u017e\u0101das ekspluat\u0101cijas pras\u012bbas. Da\u017ei mode\u013ci ir teleskopiski, kas \u013cauj veikt liel\u0101ku pagarin\u0101jumu, nepalielinot \u0101r\u0113jos izm\u0113rus, un ir piem\u0113roti lietojumiem ierobe\u017eot\u0101 telp\u0101.<\/li>\n<li>M\u016bsu produkti var lieliski aizst\u0101t \u0161os hidrauliskos cilindrus.<\/li>\n<li>Piel\u0101gojams atbilsto\u0161i klienta pras\u012bb\u0101m.<\/li>\n<\/ul>\n<p><img loading=\"lazy\" decoding=\"async\" src=\"https:\/\/www.hydraulic-cylinders.net\/wp-content\/uploads\/2025\/01\/songte-cylinder-head-with-all-kinds-excavator-models.webp\" alt=\"Kausa cilindrs pasaules vid\u0113j\u0101 ekskavatora W2260LC-8\" width=\"500\" height=\"300\"><\/p>\n<h2>Pieteikumi<\/h2>\n<p>Kausa cilindrs tiek pla\u0161i izmantots da\u017e\u0101d\u0101s nozar\u0113s, tostarp, bet ne tikai:<\/p>\n<ul>\n<li>B\u016bvniec\u012bbas apr\u012bkojums: ekskavatoros tas ir \u013coti svar\u012bgs rak\u0161anas, iekrau\u0161anas un augsnes vai gru\u017eu p\u0101rvieto\u0161anas darbiem. Ekskavatoros kausa cilindrs pal\u012bdz gan rak\u0161anas, gan cel\u0161anas darbos. <\/li>\n<li>Lauksaimniec\u012bbas tehnika: Izmanto front\u0101lajiem iekr\u0101v\u0113jiem, augsnes, siena un citu materi\u0101lu sav\u0101k\u0161anai, cel\u0161anai un transport\u0113\u0161anai. <\/li>\n<li>Ekskavatori: Kausa cilindri nodro\u0161ina rak\u0161anas darb\u012bbu, \u013caujot kausam iek\u013c\u016bt augsn\u0113. <\/li>\n<li>Iekr\u0101v\u0113ji: Front\u0101lajos iekr\u0101v\u0113jos tie pal\u012bdz efekt\u012bvi pacelt un noliekt kravu. <\/li>\n<\/ul>\n<h2>Dizaina apsv\u0113rumi un atlases krit\u0113riji<\/h2>\n<ul>\n<li>Nestsp\u0113ja: Kausa cilindriem j\u0101sp\u0113j iztur\u0113t augstu spiedienu un lielas slodzes.<\/li>\n<li>Bl\u012bv\u0113jums: Tiek izmantoti da\u017e\u0101di bl\u012bv\u0113jumi, piem\u0113ram, virzu\u013ca bl\u012bv\u0113jumi, stie\u0146a bl\u012bv\u0113jumi utt. Bl\u012bv\u0113jumi ir izgatavoti no nodilumiztur\u012bgiem materi\u0101liem, piem\u0113ram, poliuret\u0101na, nitrila gumijas utt. <\/li>\n<li>Iztur\u012bba: Cilindra korpuss un v\u012bt\u0146ot\u0101s gala virsmas ir smalki apstr\u0101d\u0101tas, lai uzlabotu nodilumiztur\u012bbu.<\/li>\n<li>Dro\u0161\u012bba: Kausu cilindriem j\u0101b\u016bt apr\u012bkotiem ar dro\u0161\u012bbas funkcij\u0101m, piem\u0113ram, spiediena samazin\u0101\u0161anas v\u0101rstiem un blo\u0137\u0113\u0161anas meh\u0101nismiem, lai nov\u0113rstu negad\u012bjumus.<\/li>\n<li>Apkope: Lai nodro\u0161in\u0101tu efekt\u012bvu un dro\u0161u darb\u012bbu, ir nepiecie\u0161ama atbilsto\u0161a apkope un p\u0101rbaude, tostarp regul\u0101ra e\u013c\u013co\u0161ana, bl\u012bv\u0113jumu nomai\u0146a un kalibr\u0113\u0161anas p\u0101rbaudes.<\/li>\n<\/ul>\n<p><img loading=\"lazy\" decoding=\"async\" src=\"https:\/\/www.hydraulic-cylinders.net\/wp-content\/uploads\/2025\/01\/songte-oil-pipes-and-spare-parts.webp\" alt=\"Kausa cilindrs pasaules vid\u0113j\u0101 ekskavatora W2260LC-8\" width=\"500\" height=\"300\"><\/p>\n<h2>Bl\u012bv\u0113jums un e\u013c\u013co\u0161ana<\/h2>\n<p>Lai nodro\u0161in\u0101tu hidraulisk\u0101s e\u013c\u013cas palik\u0161anu cilindr\u0101, vienlaikus nov\u0113r\u0161ot piemais\u012bjumu iek\u013c\u016b\u0161anu cilindr\u0101, tiek izmantoti da\u017e\u0101di bl\u012bv\u0113jumi. Virzu\u013ca bl\u012bv\u0113jumi un stie\u0146a bl\u012bv\u0113jumi ir izgatavoti no nodilumiztur\u012bgiem materi\u0101liem, piem\u0113ram, poliuret\u0101na un nitrila gumijas. Cilindra korpuss un v\u012bt\u0146ot\u0101s gala virsmas ir smalki apstr\u0101d\u0101tas, lai uzlabotu nodilumiztur\u012bbu. Lai nodro\u0161in\u0101tu vienm\u0113r\u012bgu darb\u012bbu un nov\u0113rstu bl\u012bv\u0113jumu nodilumu, ir nepiecie\u0161ama regul\u0101ra e\u013c\u013co\u0161ana ar atbilsto\u0161u hidraulisko e\u013c\u013cu.<\/p>\n<h2>Regul\u0101ra p\u0101rbaude un profilaktisk\u0101 apkope<\/h2>\n<p>Lai nodro\u0161in\u0101tu kausa cilindru efekt\u012bvu un dro\u0161u darb\u012bbu, ir nepiecie\u0161ama regul\u0101ra p\u0101rbaude un profilaktisk\u0101 apkope. Bie\u017ei sastopamie apkopes darbi ietver e\u013c\u013co\u0161anu, bl\u012bv\u0113juma nomai\u0146u un kalibr\u0113\u0161anas p\u0101rbaudes. Ir svar\u012bgi pareizi uzst\u0101d\u012bt cilindru, pareizi to izl\u012bdzin\u0101t un izmantot atbilsto\u0161us uzst\u0101d\u012b\u0161anas kron\u0161teinus cilindra nostiprin\u0101\u0161anai. J\u0101iev\u0113ro ra\u017eot\u0101ja ieteikt\u0101s p\u0101rbaudes, remonta un nomai\u0146as proced\u016bras. Ir pieejamas rezerves da\u013cas un atjauno\u0161anas pakalpojumi, lai pagarin\u0101tu kausa cilindra kalpo\u0161anas laiku. <\/p>\n<p><img loading=\"lazy\" decoding=\"async\" src=\"https:\/\/www.hydraulic-cylinders.net\/wp-content\/uploads\/2025\/01\/songte-chushion-collar.webp\" alt=\"Kausa cilindrs pasaules vid\u0113j\u0101 ekskavatora W2260LC-8\" width=\"500\" height=\"300\"><\/p>\n<h2>Dro\u0161\u012bbas un vides apsv\u0113rumi<\/h2>\n<p>Kausa cilindri j\u0101darbina dro\u0161i, izmantojot atbilsto\u0161as \u200b\u200bdro\u0161\u012bbas funkcijas, piem\u0113ram, spiediena samazin\u0101\u0161anas v\u0101rstus un blo\u0137\u0113\u0161anas meh\u0101nismus, lai nov\u0113rstu negad\u012bjumus. Lai nov\u0113rstu kait\u0113jumu videi, ir nepiecie\u0161ama pareiza izlietot\u0101s hidraulisk\u0101s e\u013c\u013cas un cilindru utiliz\u0101cija.<\/p>\n<h2>Bie\u017ei sastopamas probl\u0113mas un to nov\u0113r\u0161ana<\/h2>\n<p>Bie\u017ei sastopamas probl\u0113mas ar kausu cilindriem ir nopl\u016bdes, bl\u012bv\u0113jumu boj\u0101jumi un virzu\u013ca boj\u0101jumi. Probl\u0113mu nov\u0113r\u0161ana var ietvert bl\u012bv\u0113jumu un virzu\u013ca p\u0101rbaudi, hidraulisk\u0101 \u0161\u0137idruma l\u012bme\u0146a un spiediena p\u0101rbaudi, k\u0101 ar\u012b nodiluma un boj\u0101jumu paz\u012bmju mekl\u0113\u0161anu. Prevent\u012bvie pas\u0101kumi, piem\u0113ram, regul\u0101ra apkope un p\u0101rbaudes, var pal\u012bdz\u0113t samazin\u0101t probl\u0113mas.<\/p>\n<p><img loading=\"lazy\" decoding=\"async\" src=\"https:\/\/www.hydraulic-cylinders.net\/wp-content\/uploads\/2025\/01\/songte-bushings-with-all-kinds-of-excavator-models.webp\" alt=\"Kausa cilindrs pasaules vid\u0113j\u0101 ekskavatora W2260LC-8\" width=\"500\" height=\"300\"><\/p>\n<h2>Par m\u016bsu uz\u0146\u0113mumu<\/h2>\n<p>M\u0113s esam rezerves hidraulisko cilindru ra\u017eot\u0101js, kas pied\u0101v\u0101 pla\u0161u produktu kl\u0101stu. M\u0113s esam viens no vado\u0161ajiem hidraulisko cilindru ra\u017eot\u0101jiem un vairumtirgot\u0101jiem viet\u0113j\u0101 un starptautiskaj\u0101 tirg\u016b. M\u0113s iev\u0113rojam izcilas kvalit\u0101tes principu un pa\u013caujamies uz industrializ\u0113t\u0101m ra\u017eo\u0161anas vad\u012bbas strat\u0113\u0123ij\u0101m smalk\u0101s ra\u017eo\u0161anas darbn\u012bc\u0101s, izmantojot tehnolo\u0123iju talantus, digit\u0101las augstas klases ra\u017eo\u0161anas iek\u0101rtas un profesion\u0101las test\u0113\u0161anas sist\u0113mas, lai nep\u0101rtraukti uzlabotu darbn\u012bcas ra\u017eo\u0161anas platformu. Mums ir sp\u0113c\u012bgas rado\u0161\u0101s sp\u0113jas un m\u0113s nodro\u0161in\u0101m efekt\u012bvus, prec\u012bzus un augstas kvalit\u0101tes principus, lai apmierin\u0101tu klientu da\u017e\u0101d\u0101s vajadz\u012bbas.<\/p>\n<p><img loading=\"lazy\" decoding=\"async\" src=\"https:\/\/hzpt.com\/wp-content\/uploads\/2024\/11\/songte-company-1.webp\" alt=\"Kausa cilindrs pasaules vid\u0113j\u0101 ekskavatora W2260LC-8\" width=\"500\" height=\"300\"><\/p>\n<h3>Profesionalit\u0101te:<\/h3>\n<p>M\u016bsu komandu veido augsti kvalific\u0113ti un pieredz\u0113ju\u0161i speci\u0101listi, kas var pied\u0101v\u0101t individu\u0101lus risin\u0101jumus atbilsto\u0161i j\u016bsu vajadz\u012bb\u0101m. <\/p>\n<h3>Starptautisk\u0101 sertifik\u0101cija:<\/h3>\n<p>M\u016bsu produkti ir sertific\u0113ti atbilsto\u0161i starptautiskiem standartiem, piem\u0113ram, ISO9001 un CE. <\/p>\n<h3>Piel\u0101go\u0161anas pakalpojumi:<\/h3>\n<p>M\u0113s pied\u0101v\u0101jam piel\u0101gojamus hidrauliskos cilindrus atbilsto\u0161i klientu pras\u012bb\u0101m. <\/p>\n<h3>Ra\u017eo\u0161anas iek\u0101rtas:<\/h3>\n<p>M\u016bsu ra\u017eo\u0161anas iek\u0101rtas ietver modernas CNC iek\u0101rtas un test\u0113\u0161anas iek\u0101rtas, lai nodro\u0161in\u0101tu augstu precizit\u0101ti un kvalit\u0101ti.<\/p>\n<h3>P\u0113cp\u0101rdo\u0161anas pakalpojumi:<\/h3>\n<p>M\u0113s sniedzam saviem klientiem tehnisko atbalstu, tostarp uzst\u0101d\u012b\u0161anu un apkopi. M\u0113s pied\u0101v\u0101jam ar\u012b garantiju, rezerves da\u013cas un atjauno\u0161anas pakalpojumus.<\/p>\n<p>Autors: Laila.<\/p>","protected":false},"excerpt":{"rendered":"<p>Bucket Cylinder For World Middle Excavator W2260LC-8 Introduction A bucket cylinder is a specially designed hydraulic cylinder used mainly to control the movement of the bucket in heavy machinery such as excavators, backhoe excavators, and front-end loaders. Its main function is to enable the bucket to lift, lower, and tilt, making it easier to handle [&hellip;]<\/p>","protected":false},"featured_media":14762,"comment_status":"open","ping_status":"closed","template":"","meta":{"_et_pb_use_builder":"","_et_pb_old_content":"","_et_gb_content_width":""},"product_brand":[],"product_cat":[1494],"product_tag":[1495,1496],"class_list":{"0":"post-15745","1":"product","2":"type-product","3":"status-publish","4":"has-post-thumbnail","6":"product_cat-bucket-cylinders","7":"product_tag-bucket-cylinders","8":"product_tag-hydraulic-cylinders","10":"first","11":"instock","12":"shipping-taxable","13":"product-type-simple"},"amp_enabled":true,"_links":{"self":[{"href":"https:\/\/www.hydraulic-cylinders.net\/lv\/wp-json\/wp\/v2\/product\/15745","targetHints":{"allow":["GET"]}}],"collection":[{"href":"https:\/\/www.hydraulic-cylinders.net\/lv\/wp-json\/wp\/v2\/product"}],"about":[{"href":"https:\/\/www.hydraulic-cylinders.net\/lv\/wp-json\/wp\/v2\/types\/product"}],"replies":[{"embeddable":true,"href":"https:\/\/www.hydraulic-cylinders.net\/lv\/wp-json\/wp\/v2\/comments?post=15745"}],"wp:featuredmedia":[{"embeddable":true,"href":"https:\/\/www.hydraulic-cylinders.net\/lv\/wp-json\/wp\/v2\/media\/14762"}],"wp:attachment":[{"href":"https:\/\/www.hydraulic-cylinders.net\/lv\/wp-json\/wp\/v2\/media?parent=15745"}],"wp:term":[{"taxonomy":"product_brand","embeddable":true,"href":"https:\/\/www.hydraulic-cylinders.net\/lv\/wp-json\/wp\/v2\/product_brand?post=15745"},{"taxonomy":"product_cat","embeddable":true,"href":"https:\/\/www.hydraulic-cylinders.net\/lv\/wp-json\/wp\/v2\/product_cat?post=15745"},{"taxonomy":"product_tag","embeddable":true,"href":"https:\/\/www.hydraulic-cylinders.net\/lv\/wp-json\/wp\/v2\/product_tag?post=15745"}],"curies":[{"name":"wp","href":"https:\/\/api.w.org\/{rel}","templated":true}]}}