{"id":15749,"date":"2025-01-19T14:55:52","date_gmt":"2025-01-19T14:55:52","guid":{"rendered":"https:\/\/www.hydraulic-cylinders.net\/product\/bucket-cylinder-for-world-large-excavator-w2360blc-8\/"},"modified":"2025-01-19T14:55:54","modified_gmt":"2025-01-19T14:55:54","slug":"bucket-cylinder-for-world-large-excavator-w2360blc-8","status":"publish","type":"product","link":"https:\/\/www.hydraulic-cylinders.net\/lv\/products\/bucket-cylinder-for-world-large-excavator-w2360blc-8\/","title":{"rendered":"Kausa cilindrs pasaules lielajam ekskavatoram W2360BLC-8"},"content":{"rendered":"<h1>Kausa cilindrs pasaules lielajam ekskavatoram W2360BLC-8<\/h1>\n<h2>Ievads<\/h2>\n<p>Kausa cilindrs ir speci\u0101li izstr\u0101d\u0101ts hidrauliskais cilindrs, ko izmanto, lai kontrol\u0113tu kausa kust\u012bbu smagaj\u0101s ma\u0161\u012bn\u0101s, piem\u0113ram, ekskavatoros, univers\u0101lajos iekr\u0101v\u0113jos un front\u0101lajos iekr\u0101v\u0113jos. T\u0101 galven\u0101 funkcija ir nodro\u0161in\u0101t kausa pacel\u0161anu, nolai\u0161anu un noliek\u0161anu, atvieglojot da\u017e\u0101du materi\u0101lu apstr\u0101des uzdevumu veik\u0161anu. Hidrauliskaj\u0101 sist\u0113m\u0101 kausa cilindrs pan\u0101k prec\u012bzu kausa vad\u012bbu, mainot hidraulisk\u0101s e\u013c\u013cas spiedienu, \u013caujot operatoriem efekt\u012bvi apstr\u0101d\u0101t smagas kravas un piel\u0101goties sare\u017e\u0123\u012btai darba videi un da\u017e\u0101d\u0101m ekspluat\u0101cijas pras\u012bb\u0101m.<\/p>\n<p><img decoding=\"async\" src=\"https:\/\/www.hydraulic-cylinders.net\/wp-content\/uploads\/2025\/01\/songte-company-2.webp\" alt=\"Kausa cilindrs\" \/><\/p>\n<h2>Funkcijas<\/h2>\n<ul>\n<li>Augsta iztur\u012bba un ilgm\u016b\u017e\u012bba: Parasti izgatavots no augstas stipr\u012bbas t\u0113rauda vai alum\u012bnija, tas var iztur\u0113t augstu spiedienu un lielas slodzes, piel\u0101goties skarbai darba videi, k\u0101 ar\u012b tam ir laba nodilumiztur\u012bba un iztur\u012bba pret koroziju, t\u0101d\u0113j\u0101di pagarinot t\u0101 kalpo\u0161anas laiku.<\/li>\n<li>Efekt\u012bva hidraulisk\u0101 darb\u012bba: Vienm\u0113r\u012bga teleskopisk\u0101 darb\u012bba tiek pan\u0101kta, izmantojot hidraulisk\u0101s e\u013c\u013cas spiedienu, kas var \u0101tri rea\u0123\u0113t uz vad\u012bbas komand\u0101m, nodro\u0161in\u0101t sp\u0113c\u012bgu stum\u0161anas un vilk\u0161anas sp\u0113ku un ir piem\u0113rota smagu priek\u0161metu apstr\u0101dei un sare\u017e\u0123\u012btu ekspluat\u0101cijas uzdevumu veik\u0161anai.<\/li>\n<li>Da\u017e\u0101di veidi: vienas darb\u012bbas (hidrauliski darbojas tikai vien\u0101 virzien\u0101) vai divk\u0101r\u0161as darb\u012bbas (hidrauliski darbojas divos virzienos) cilindrus var izv\u0113l\u0113ties atbilsto\u0161i vajadz\u012bb\u0101m, lai apmierin\u0101tu da\u017e\u0101das ekspluat\u0101cijas pras\u012bbas. Da\u017ei mode\u013ci ir teleskopiski, kas \u013cauj tos papla\u0161in\u0101t, nepalielinot \u0101r\u0113jos izm\u0113rus, un ir piem\u0113roti lietojumiem ar ierobe\u017eotu vietu.<\/li>\n<li>Nomain\u0101ms: m\u016bsu produkts var lieliski aizst\u0101t \u0161os hidrauliskos cilindrus.<\/li>\n<\/ul>\n<p><img decoding=\"async\" src=\"https:\/\/www.hydraulic-cylinders.net\/wp-content\/uploads\/2025\/01\/songte-cylinder-head-with-all-kinds-excavator-models.webp\" alt=\"Kausa cilindru mode\u013ci\" \/><\/p>\n<h2>Pieteikumi<\/h2>\n<p>Kausa cilindrs tiek pla\u0161i izmantots da\u017e\u0101d\u0101s smago ma\u0161\u012bnu oper\u0101cij\u0101s. T\u0101 galvenie pielietojumi ir \u0161\u0101di:<\/p>\n<ul>\n<li>B\u016bvniec\u012bbas apr\u012bkojums: ekskavatoros tie ir nepiecie\u0161ami augsnes vai gru\u017eu rak\u0161anai, iekrau\u0161anai un p\u0101rvieto\u0161anai. Ekskavatoros-iekr\u0101v\u0113jos kausa cilindrs pal\u012bdz rak\u0161an\u0101 un cel\u0161an\u0101.<\/li>\n<li>Lauksaimniec\u012bbas tehnika: Izmanto front\u0101lajos iekr\u0101v\u0113jos augsnes, siena un citu materi\u0101lu sav\u0101k\u0161anai, pacel\u0161anai un transport\u0113\u0161anai.<\/li>\n<li>Ekskavatori: Kausa cilindrs nodro\u0161ina rak\u0161anas darb\u012bbu, \u013caujot kausam iek\u013c\u016bt augsn\u0113.<\/li>\n<li>Iekr\u0101v\u0113ji: Front\u0101lajos iekr\u0101v\u0113jos tie pal\u012bdz efekt\u012bvi pacelt un noliekt kravu.<\/li>\n<\/ul>\n<h2>Produktu dizaina un atlases standarti<\/h2>\n<p>Kausa cilindrs ir izstr\u0101d\u0101ts, lai atbilstu augstiem veiktsp\u0113jas un dro\u0161\u012bbas standartiem. \u0160eit ir da\u017ei no galvenajiem konstrukcijas apsv\u0113rumiem:<\/p>\n<ul>\n<li>Nestsp\u0113ja: Balonam j\u0101sp\u0113j iztur\u0113t lielas slodzes un spiediena izmai\u0146as bez deform\u0101cijas vai boj\u0101jumiem.<\/li>\n<li>Bl\u012bv\u0113jums: Cilindram j\u0101izmanto augstas kvalit\u0101tes bl\u012bv\u0113\u0161anas komponenti, piem\u0113ram, virzu\u013ca bl\u012bvsl\u0113gi \u200b\u200bun stie\u0146a bl\u012bvsl\u0113gi, lai nov\u0113rstu e\u013c\u013cas nopl\u016bdi un uztur\u0113tu hidraulisko spiedienu.<\/li>\n<li>Iztur\u012bba: Balonam j\u0101b\u016bt izgatavotam no augstas kvalit\u0101tes materi\u0101liem, lai tas b\u016btu iztur\u012bgs pret nodilumu, koroziju un noguruma rad\u012btiem boj\u0101jumiem.<\/li>\n<li>Dro\u0161\u012bba: Balonam j\u0101b\u016bt apr\u012bkotam ar atbilsto\u0161\u0101m dro\u0161\u012bbas funkcij\u0101m, piem\u0113ram, spiediena samazin\u0101\u0161anas v\u0101rstiem un av\u0101rijas aptur\u0113\u0161anas pog\u0101m, lai nov\u0113rstu negad\u012bjumus.<\/li>\n<li>Uzturam\u012bba: Balonam j\u0101b\u016bt viegli apkopjamam un remont\u0113jamam, ar viegli pieejam\u0101m sast\u0101vda\u013c\u0101m un nomain\u0101m\u0101m deta\u013c\u0101m.<\/li>\n<\/ul>\n<p><img decoding=\"async\" src=\"https:\/\/www.hydraulic-cylinders.net\/wp-content\/uploads\/2025\/01\/songte-oil-pipes-and-spare-parts.webp\" alt=\"Hidraulisko cilindru deta\u013cas\" \/><\/p>\n<h2>Bl\u012bv\u0113\u0161ana un e\u013c\u013co\u0161ana<\/h2>\n<p>Kausa cilindr\u0101 tiek izmantoti da\u017e\u0101di bl\u012bv\u0113\u0161anas komponenti, piem\u0113ram, virzu\u013ca bl\u012bvsl\u0113gi \u200b\u200bun stie\u0146a bl\u012bvsl\u0113gi, un \u0161ie komponenti ir izgatavoti no nodilumiztur\u012bgiem materi\u0101liem, piem\u0113ram, poliuret\u0101na un nitrila gumijas. Cilindra korpuss un v\u012btnes virsma tiek r\u016bp\u012bgi apstr\u0101d\u0101ta, lai uzlabotu nodilumiztur\u012bbu. Lai nodro\u0161in\u0101tu pareizu e\u013c\u013co\u0161anu, ir svar\u012bgi ar\u012b regul\u0101ri pievienot atbilsto\u0161u hidraulisk\u0101s e\u013c\u013cas daudzumu.<\/p>\n<h2>Apkope un remonts<\/h2>\n<p>Regul\u0101ras p\u0101rbaudes un profilaktisk\u0101s apkopes pas\u0101kumi ir b\u016btiski, lai nodro\u0161in\u0101tu kausa cilindra ilgm\u016b\u017e\u012bbu un veiktsp\u0113ju. Bie\u017ei veicamie apkopes darbi ietver:<\/p>\n<ul>\n<li>Regul\u0101ra p\u0101rbaude<\/li>\n<li>Pareiza e\u013c\u013co\u0161ana<\/li>\n<li>Bl\u012bv\u0113juma nomai\u0146a<\/li>\n<li>Kalibr\u0113\u0161anas p\u0101rbaude<\/li>\n<\/ul>\n<p>Ir svar\u012bgi pareizi uzst\u0101d\u012bt kausa cilindru, lai nodro\u0161in\u0101tu t\u0101 optim\u0101lu darb\u012bbu. Pareiza izl\u012bdzin\u0101\u0161ana, atbilsto\u0161u uzst\u0101d\u012b\u0161anas kron\u0161teinu izmanto\u0161ana cilindra nostiprin\u0101\u0161anai un ieteicamo p\u0101rbaudes, remonta un nomai\u0146as proced\u016bru iev\u0113ro\u0161ana var ar\u012b pal\u012bdz\u0113t pagarin\u0101t cilindra kalpo\u0161anas laiku.<\/p>\n<p><img decoding=\"async\" src=\"https:\/\/www.hydraulic-cylinders.net\/wp-content\/uploads\/2025\/01\/songte-chushion-collar.webp\" alt=\"Spilvenu apkakle\" \/><\/p>\n<h2>Dro\u0161\u012bbas apsv\u0113rumi un vides faktori<\/h2>\n<p>Str\u0101d\u0101jot ar kausa cilindru, j\u0101iev\u0113ro dro\u0161\u012bbas pas\u0101kumi, piem\u0113ram, j\u0101valk\u0101 aizsargl\u012bdzek\u013ci, j\u0101iev\u0113ro atbilsto\u0161a distance un j\u0101izvair\u0101s no cilindra p\u0101rslodzes. Ir svar\u012bgi ar\u012b pareizi utiliz\u0113t izlietoto hidraulisko e\u013c\u013cu un citus atkritumus, lai aizsarg\u0101tu vidi.<\/p>\n<h2>Probl\u0113mu nov\u0113r\u0161ana un bie\u017ei sastopamas probl\u0113mas<\/h2>\n<p>Da\u017eas bie\u017ei sastopamas probl\u0113mas, kas var rasties ar kausa cilindru, ir e\u013c\u013cas nopl\u016bde, nepietiekams spiediens un nepareiza uzst\u0101d\u012b\u0161ana. Lai diagnostic\u0113tu un nov\u0113rstu \u0161\u012bs probl\u0113mas, ir r\u016bp\u012bgi j\u0101p\u0101rbauda cilindra sast\u0101vda\u013cas, piem\u0113ram, bl\u012bves, bl\u012bves un veidgabali, un j\u0101iev\u0113ro ieteicam\u0101s remonta un nomai\u0146as proced\u016bras. Prevent\u012bvie pas\u0101kumi, piem\u0113ram, regul\u0101ra p\u0101rbaude un pareiza e\u013c\u013co\u0161ana, var ar\u012b pal\u012bdz\u0113t samazin\u0101t \u0161o probl\u0113mu iesp\u0113jam\u012bbu.<\/p>\n<p><img decoding=\"async\" src=\"https:\/\/www.hydraulic-cylinders.net\/wp-content\/uploads\/2025\/01\/songte-bushings-with-all-kinds-of-excavator-models.webp\" alt=\"Kausa cilindra bukses\" \/><\/p>\n<h2>Par m\u016bsu uz\u0146\u0113mumu<\/h2>\n<p>M\u0113s esam vado\u0161ais hidraulisko cilindru ra\u017eot\u0101js un vairumtirdzniec\u012bbas izplat\u012bt\u0101js viet\u0113j\u0101 un starptautiskaj\u0101 tirg\u016b. M\u016bsu produktu kl\u0101sts ir daudzveid\u012bgs, un m\u0113s tiecamies uz izcil\u012bbu kvalit\u0101t\u0113, izmantojot industrializ\u0113tas ra\u017eo\u0161anas vad\u012bbas strat\u0113\u0123ijas m\u016bsu prec\u012bz\u0101s ra\u017eo\u0161anas darbn\u012bc\u0101s. M\u016bsu uz\u0146\u0113mums nep\u0101rtraukti uzlabo ra\u017eo\u0161anas platformu un produktu kvalit\u0101tes ra\u017eo\u0161anas ce\u013cu, izmantojot tehnolo\u0123iju talantus, digit\u0101las augstas klases ra\u017eo\u0161anas iek\u0101rtas un profesion\u0101las test\u0113\u0161anas sist\u0113mas. Mums ir sp\u0113c\u012bgas inov\u0101ciju sp\u0113jas un iev\u0113rojam augstas efektivit\u0101tes, augstas precizit\u0101tes un augstas kvalit\u0101tes principus, lai apmierin\u0101tu da\u017e\u0101das klientu vajadz\u012bbas.<\/p>\n<p><img decoding=\"async\" src=\"https:\/\/hzpt.com\/wp-content\/uploads\/2024\/11\/songte-company-1.webp\" alt=\"Uz\u0146\u0113muma \u0113ka\" \/><\/p>\n<h2>Profesionalit\u0101te<\/h2>\n<p>Mums ir pieredz\u0113ju\u0161u profesion\u0101\u013cu komanda, kas specializ\u0113jas hidraulisko cilindru projekt\u0113\u0161an\u0101, ra\u017eo\u0161an\u0101 un remont\u0101. M\u016bsu darbinieki regul\u0101ri apg\u016bst jaun\u0101k\u0101s nozares tendences un tehnolo\u0123ijas, lai sniegtu m\u016bsu klientiem augstas kvalit\u0101tes pakalpojumus.<\/p>\n<h2>Starptautisk\u0101 sertifik\u0101cija<\/h2>\n<p>M\u016bsu uz\u0146\u0113mums ir ieguvis t\u0101dus starptautiskus sertifik\u0101tus k\u0101 ISO 9001 un CE, kas apliecina m\u016bsu ap\u0146em\u0161anos iev\u0113rot kvalit\u0101tes un dro\u0161\u012bbas standartus.<\/p>\n<h2>Piel\u0101go\u0161anas pakalpojumi<\/h2>\n<p>M\u0113s pied\u0101v\u0101jam piel\u0101gotus hidraulisko cilindru risin\u0101jumus, lai apmierin\u0101tu m\u016bsu klientu \u012bpa\u0161\u0101s vajadz\u012bbas, un pied\u0101v\u0101jam virkni piel\u0101go\u0161anas pakalpojumu, piem\u0113ram, dizainu, materi\u0101lu izv\u0113li un test\u0113\u0161anu.<\/p>\n<h2>Ra\u017eo\u0161anas iek\u0101rtas<\/h2>\n<p>M\u016bsu ra\u017eotnes ir apr\u012bkotas ar moderniem CNC apstr\u0101des centriem, asin\u0101\u0161anas ma\u0161\u012bn\u0101m un cit\u0101m augstas klases ra\u017eo\u0161anas iek\u0101rt\u0101m, lai nodro\u0161in\u0101tu m\u016bsu produktu precizit\u0101ti un kvalit\u0101ti.<\/p>\n<h2>P\u0113cp\u0101rdo\u0161anas serviss<\/h2>\n<p>M\u0113s pied\u0101v\u0101jam visaptvero\u0161us p\u0113cp\u0101rdo\u0161anas pakalpojumus, tostarp tehnisko atbalstu, remontu un nomai\u0146as pakalpojumus, lai nodro\u0161in\u0101tu klientu apmierin\u0101t\u012bbu un m\u016bsu produktu ilgtermi\u0146a darb\u012bbu.<\/p>\n<p>Autors: lil<\/p>","protected":false},"excerpt":{"rendered":"<p>Bucket Cylinder For World Large Excavator W2360BLC-8 Introduction The bucket cylinder is a specially designed hydraulic cylinder used to control the movement of the bucket in heavy machinery such as excavators, backhoes, and front loaders. Its main function is to enable the bucket to lift, lower, and tilt, making it easier for various material handling [&hellip;]<\/p>","protected":false},"featured_media":14787,"comment_status":"open","ping_status":"closed","template":"","meta":{"_et_pb_use_builder":"","_et_pb_old_content":"","_et_gb_content_width":""},"product_brand":[],"product_cat":[1494],"product_tag":[1495,1496],"class_list":{"0":"post-15749","1":"product","2":"type-product","3":"status-publish","4":"has-post-thumbnail","6":"product_cat-bucket-cylinders","7":"product_tag-bucket-cylinders","8":"product_tag-hydraulic-cylinders","10":"first","11":"instock","12":"shipping-taxable","13":"product-type-simple"},"amp_enabled":true,"_links":{"self":[{"href":"https:\/\/www.hydraulic-cylinders.net\/lv\/wp-json\/wp\/v2\/product\/15749","targetHints":{"allow":["GET"]}}],"collection":[{"href":"https:\/\/www.hydraulic-cylinders.net\/lv\/wp-json\/wp\/v2\/product"}],"about":[{"href":"https:\/\/www.hydraulic-cylinders.net\/lv\/wp-json\/wp\/v2\/types\/product"}],"replies":[{"embeddable":true,"href":"https:\/\/www.hydraulic-cylinders.net\/lv\/wp-json\/wp\/v2\/comments?post=15749"}],"wp:featuredmedia":[{"embeddable":true,"href":"https:\/\/www.hydraulic-cylinders.net\/lv\/wp-json\/wp\/v2\/media\/14787"}],"wp:attachment":[{"href":"https:\/\/www.hydraulic-cylinders.net\/lv\/wp-json\/wp\/v2\/media?parent=15749"}],"wp:term":[{"taxonomy":"product_brand","embeddable":true,"href":"https:\/\/www.hydraulic-cylinders.net\/lv\/wp-json\/wp\/v2\/product_brand?post=15749"},{"taxonomy":"product_cat","embeddable":true,"href":"https:\/\/www.hydraulic-cylinders.net\/lv\/wp-json\/wp\/v2\/product_cat?post=15749"},{"taxonomy":"product_tag","embeddable":true,"href":"https:\/\/www.hydraulic-cylinders.net\/lv\/wp-json\/wp\/v2\/product_tag?post=15749"}],"curies":[{"name":"wp","href":"https:\/\/api.w.org\/{rel}","templated":true}]}}