{"id":15763,"date":"2025-01-19T14:56:56","date_gmt":"2025-01-19T14:56:56","guid":{"rendered":"https:\/\/www.hydraulic-cylinders.net\/product\/bucket-cylinder-for-jchi-ns55r-8\/"},"modified":"2025-01-19T14:56:58","modified_gmt":"2025-01-19T14:56:58","slug":"bucket-cylinder-for-jchi-ns55r-8","status":"publish","type":"product","link":"https:\/\/www.hydraulic-cylinders.net\/lv\/products\/bucket-cylinder-for-jchi-ns55r-8\/","title":{"rendered":"Kausa cilindrs JCHI NS55R-8"},"content":{"rendered":"<h1>Kausa cilindrs JCHI NS55R-8<\/h1>\n<h2>Ievads<\/h2>\n<p>JCHI NS55R-8 kausa cilindrs ir specializ\u0113ts hidrauliskais cilindrs, kas paredz\u0113ts kausa kust\u012bbas vad\u012bbai smagaj\u0101s ma\u0161\u012bn\u0101s, piem\u0113ram, ekskavatoros, iekr\u0101v\u0113jos ar daudzfunkcion\u0101liem ekskavatoriem un front\u0101lajiem iekr\u0101v\u0113jiem. T\u0101 galven\u0101 funkcija ir nodro\u0161in\u0101t kausa pacel\u0161anu, nolai\u0161anu un noliek\u0161anu, atvieglojot da\u017e\u0101du materi\u0101lu apstr\u0101des uzdevumu veik\u0161anu. Hidrauliskaj\u0101 sist\u0113m\u0101 kausa cilindrs pan\u0101k prec\u012bzu kausa vad\u012bbu, izmantojot spiediena izmai\u0146as hidrauliskaj\u0101 e\u013c\u013c\u0101, \u013caujot operatoriem efekt\u012bvi apstr\u0101d\u0101t smagas kravas un piel\u0101goties sare\u017e\u0123\u012btai darba videi un da\u017e\u0101d\u0101m darba pras\u012bb\u0101m.<\/p>\n<p><img decoding=\"async\" src=\"https:\/\/www.hydraulic-cylinders.net\/wp-content\/uploads\/2025\/01\/songte-company-2.webp\" alt=\"Kausa cilindra att\u0113ls\"><\/p>\n<h2>Funkcijas<\/h2>\n<ul>\n<li>Augsta iztur\u012bba un ilgm\u016b\u017e\u012bba: Parasti izgatavots no augstas stipr\u012bbas t\u0113rauda vai alum\u012bnija, tas var iztur\u0113t augstu spiedienu un lielas slodzes, piel\u0101gojoties skarbai darba videi. Konstrukcij\u0101 \u0146emta v\u0113r\u0101 nodilumiztur\u012bba un iztur\u012bba pret koroziju, pagarinot kalpo\u0161anas laiku.<\/li>\n<li>Efekt\u012bva hidraulisk\u0101 darb\u012bba: Izmantojot hidraulisk\u0101s e\u013c\u013cas spiedienu, t\u0101 pan\u0101k vienm\u0113r\u012bgas teleskopisk\u0101s kust\u012bbas, \u013caujot \u0101tri rea\u0123\u0113t uz vad\u012bbas komand\u0101m, nodro\u0161inot sp\u0113c\u012bgu stum\u0161anas un vilk\u0161anas sp\u0113ku, kas ir piem\u0113rots smagu kravu apstr\u0101dei un sare\u017e\u0123\u012btu darba uzdevumu veik\u0161anai.<\/li>\n<li>Da\u017e\u0101di veidi: Pieejami ar vienas darb\u012bbas (hidrauliski darbojas tikai vien\u0101 virzien\u0101) vai divk\u0101r\u0161as darb\u012bbas (hidrauliski darbojas abos virzienos) cilindriem, lai apmierin\u0101tu da\u017e\u0101das ekspluat\u0101cijas vajadz\u012bbas. Da\u017ei mode\u013ci ir teleskopiski, kas \u013cauj pan\u0101kt liel\u0101ku pagarin\u0101jumu, nepalielinot \u0101r\u0113jos izm\u0113rus, t\u0101p\u0113c tie ir piem\u0113roti lietojumiem ar ierobe\u017eotu vietu.<\/li>\n<li>Perfekta nomai\u0146a: m\u016bsu produkti var perfekti nomain\u012bt \u0161os hidrauliskos cilindrus.<\/li>\n<\/ul>\n<p><img decoding=\"async\" src=\"https:\/\/www.hydraulic-cylinders.net\/wp-content\/uploads\/2025\/01\/songte-cylinder-head-with-all-kinds-excavator-models.webp\" alt=\"Produkta att\u0113ls\"><\/p>\n<h2>Pieteikumi<\/h2>\n<p>Kausa cilindrs tiek izmantots da\u017e\u0101d\u0101s nozar\u0113s:<\/p>\n<ul>\n<li>B\u016bvniec\u012bbas apr\u012bkojums: vit\u0101li svar\u012bgs ekskavatoriem, jo \u200b\u200btas ir nepiecie\u0161ams augsnes vai gru\u017eu rak\u0161anai, iekrau\u0161anai un p\u0101rvieto\u0161anai. Ekskavatoros-iekr\u0101v\u0113jos kausa cilindri pal\u012bdz gan rak\u0161an\u0101, gan cel\u0161an\u0101.<\/li>\n<li>Lauksaimniec\u012bbas tehnika: Izmanto front\u0101lajos iekr\u0101v\u0113jos augsnes, siena un citu materi\u0101lu sav\u0101k\u0161anai, cel\u0161anai un transport\u0113\u0161anai.<\/li>\n<li>Ekskavatori: Kausa cilindrs nodro\u0161ina rak\u0161anas darb\u012bbas, \u013caujot kausam iek\u013c\u016bt augsn\u0113.<\/li>\n<li>Front\u0101lie iekr\u0101v\u0113ji: Front\u0101lajos iekr\u0101v\u0113jos tie pal\u012bdz efekt\u012bvi pacelt un izkraut kravu.<\/li>\n<\/ul>\n<h2>Dizaina apsv\u0113rumi un atlases krit\u0113riji<\/h2>\n<p>Run\u0101jot par dizaina apsv\u0113rumiem, j\u0101\u0146em v\u0113r\u0101 vair\u0101ki svar\u012bgi faktori:<\/p>\n<ul>\n<li>Nestsp\u0113ja: Kausa cilindram j\u0101b\u016bt projekt\u0113tam t\u0101, lai tas iztur\u0113tu maksim\u0101l\u0101s paredzam\u0101s slodzes.<\/li>\n<li>Bl\u012bv\u0113jums: Lai nodro\u0161in\u0101tu pareizu hidraulisko darb\u012bbu un nov\u0113rstu nopl\u016bdes, tiek izmantoti da\u017e\u0101di bl\u012bv\u0113\u0161anas komponenti, piem\u0113ram, virzu\u013ca bl\u012bv\u0113jumi un stie\u0146a bl\u012bv\u0113jumi.<\/li>\n<li>Iztur\u012bba: Balonam j\u0101b\u016bt izgatavotam, izmantojot materi\u0101lus un p\u0101rkl\u0101jumus, kas nodro\u0161ina iztur\u012bbu pret nodilumu un koroziju, t\u0101d\u0113j\u0101di nodro\u0161inot ilgu kalpo\u0161anas laiku.<\/li>\n<li>Dro\u0161\u012bba: Lai aizsarg\u0101tu operatorus un iek\u0101rtas, konstrukcij\u0101 j\u0101iek\u013cauj t\u0101das dro\u0161\u012bbas funkcijas k\u0101 spiediena samazin\u0101\u0161anas v\u0101rsti un av\u0101rijas aptur\u0113\u0161anas meh\u0101nismi.<\/li>\n<li>Apkope: Balonam j\u0101b\u016bt konstru\u0113tam t\u0101, lai to b\u016btu viegli uztur\u0113t, ar pieejam\u0101m sast\u0101vda\u013c\u0101m un skaidriem remonta vai nomai\u0146as nor\u0101d\u012bjumiem.<\/li>\n<\/ul>\n<p><img decoding=\"async\" src=\"https:\/\/www.hydraulic-cylinders.net\/wp-content\/uploads\/2025\/01\/songte-oil-pipes-and-spare-parts.webp\" alt=\"Dizaina apsv\u0113rumu att\u0113ls\"><\/p>\n<h2>Bl\u012bv\u0113\u0161ana un e\u013c\u013co\u0161ana<\/h2>\n<p>Kausa cilindr\u0101 tiek izmantoti da\u017e\u0101di bl\u012bv\u0113\u0161anas komponenti, piem\u0113ram, virzu\u013ca bl\u012bv\u0113jumi un stie\u0146a bl\u012bv\u0113jumi. \u0160ie bl\u012bv\u0113jumi ir izgatavoti no nodilumiztur\u012bgiem materi\u0101liem, piem\u0113ram, poliuret\u0101na un nitrila gumijas. Cilindra korpuss un v\u012bt\u0146otie gali tiek r\u016bp\u012bgi apstr\u0101d\u0101ti, lai uzlabotu nodilumiztur\u012bbu. Lai nodro\u0161in\u0101tu vienm\u0113r\u012bgu darb\u012bbu, ir nepiecie\u0161ama regul\u0101ra e\u013c\u013co\u0161ana ar atbilsto\u0161u hidraulisko e\u013c\u013cu.<\/p>\n<h2>P\u0101rbaude un profilaktisk\u0101 apkope<\/h2>\n<p>Lai nodro\u0161in\u0101tu optim\u0101lu veiktsp\u0113ju un ilgm\u016b\u017e\u012bbu, j\u0101veic regul\u0101ras p\u0101rbaudes un profilaktisk\u0101 apkope. Da\u017ei ieteicamie pas\u0101kumi ir \u0161\u0101di:<\/p>\n<ul>\n<li>Regul\u0101ras balona p\u0101rbaudes, lai noteiktu nodiluma, nopl\u016bdes vai boj\u0101jumu paz\u012bmes.<\/li>\n<li>Pareiza visu kust\u012bgo da\u013cu e\u013c\u013co\u0161ana, lai samazin\u0101tu berzi un nov\u0113rstu priek\u0161laic\u012bgu nodilumu.<\/li>\n<li>Regul\u0101ra bl\u012bv\u0113jumu nomai\u0146a, lai uztur\u0113tu pareizu bl\u012bv\u0113juma veiktsp\u0113ju.<\/li>\n<li>Kalibr\u0113\u0161anas p\u0101rbaudes, lai p\u0101rbaud\u012btu cilindra darb\u012bbu un izl\u012bdzin\u0101\u0161anu.<\/li>\n<\/ul>\n<p><img decoding=\"async\" src=\"https:\/\/www.hydraulic-cylinders.net\/wp-content\/uploads\/2025\/01\/songte-chushion-collar.webp\" alt=\"P\u0101rbaudes un apkopes att\u0113ls\"><\/p>\n<h2>Dro\u0161\u012bbas apsv\u0113rumi un vides faktori<\/h2>\n<p>Izmantojot kausa cilindru, ir svar\u012bgi iev\u0113rot ieteicamos dro\u0161\u012bbas pas\u0101kumus, lai nodro\u0161in\u0101tu operatoru un apk\u0101rt\u0113j\u0101s vides labkl\u0101j\u012bbu. Dro\u0161\u012bbas pas\u0101kumi ietver:<\/p>\n<ul>\n<li>Atbilsto\u0161a operatoru apm\u0101c\u012bba par balona dro\u0161u lieto\u0161anu un apkopi.<\/li>\n<li>Dro\u0161\u012bbas nor\u0101d\u012bjumu un noteikumu iev\u0113ro\u0161ana uzst\u0101d\u012b\u0161anas, ekspluat\u0101cijas un apkopes laik\u0101.<\/li>\n<li>Pareiza visu ar balonu saist\u012bto b\u012bstamo materi\u0101lu utiliz\u0101cija.<\/li>\n<\/ul>\n<h2>Boj\u0101jumu diagnostika un probl\u0113mu nov\u0113r\u0161ana<\/h2>\n<p>Neveiksmes gad\u012bjum\u0101 ir svar\u012bgi nekav\u0113joties diagnostic\u0113t un nov\u0113rst probl\u0113mas. Da\u017eas bie\u017ei sastopamas probl\u0113mas un to nov\u0113r\u0161anas metodes ir \u0161\u0101das:<\/p>\n<ul>\n<li>Nopl\u016bde: p\u0101rbaudiet un nomainiet boj\u0101t\u0101s bl\u012bves vai pievelciet savienojumus.<\/li>\n<li>L\u0113na darb\u012bba: p\u0101rbaudiet hidraulisk\u0101 \u0161\u0137idruma l\u012bmeni, not\u012briet vai nomainiet filtrus un nodro\u0161iniet pareizu e\u013c\u013co\u0161anu.<\/li>\n<li>Neregul\u0101ras kust\u012bbas: p\u0101rbaudiet pareizu izl\u012bdzin\u0101jumu un, ja nepiecie\u0161ams, noregul\u0113jiet. P\u0101rbaudiet, vai nav \u0161\u0137\u0113r\u0161\u013cu vai boj\u0101tu deta\u013cu.<\/li>\n<\/ul>\n<p><img decoding=\"async\" src=\"https:\/\/www.hydraulic-cylinders.net\/wp-content\/uploads\/2025\/01\/songte-bushings-with-all-kinds-of-excavator-models.webp\" alt=\"K\u013c\u016bmes diagnozes att\u0113ls\"><\/p>\n<p>Iev\u0113rojot pareizas uzst\u0101d\u012b\u0161anas, e\u013c\u013co\u0161anas un regul\u0113\u0161anas proced\u016bras, var maksim\u0101li palielin\u0101t kausa cilindra ilgm\u016b\u017e\u012bbu un veiktsp\u0113ju. Lai pagarin\u0101tu t\u0101 kalpo\u0161anas laiku, ieteicams pareizi izl\u012bdzin\u0101t cilindru uzst\u0101d\u012b\u0161anas laik\u0101, izmantot atbilsto\u0161us stiprin\u0101juma kron\u0161teinus cilindra nostiprin\u0101\u0161anai, k\u0101 ar\u012b regul\u0101ri veikt p\u0101rbaudes, remontu un nomai\u0146as proced\u016bras.<\/p>\n<h2>Par m\u016bsu uz\u0146\u0113mumu<\/h2>\n<p>M\u0113s esam vado\u0161ais hidraulisko cilindru ra\u017eot\u0101js un vairumtirdzniec\u012bbas izplat\u012bt\u0101js viet\u0113j\u0101 un starptautiskaj\u0101 tirg\u016b. M\u0113s pied\u0101v\u0101jam pla\u0161u produktu kl\u0101stu un esam paz\u012bstami ar savu izcilo kvalit\u0101ti. M\u016bsu uz\u0146\u0113mums iev\u0113ro ra\u017eo\u0161anas vad\u012bbas strat\u0113\u0123iju, kas uzsver industrializ\u0113tu ra\u017eo\u0161anu prec\u012bzi noregul\u0113t\u0101s darbn\u012bc\u0101s. Koncentr\u0113joties uz kvalific\u0113ta person\u0101la nodarbin\u0101\u0161anu, modernu digit\u0101lo ra\u017eo\u0161anas iek\u0101rtu izmanto\u0161anu un profesion\u0101lu test\u0113\u0161anas sist\u0113mu ievie\u0161anu, m\u0113s nep\u0101rtraukti uzlabojam savu ra\u017eo\u0161anas platformu, lai efekt\u012bvi, ar augstu precizit\u0101ti un kvalit\u0101ti apmierin\u0101tu da\u017e\u0101das klientu vajadz\u012bbas.<\/p>\n<p><img decoding=\"async\" src=\"https:\/\/www.hydraulic-cylinders.net\/wp-content\/uploads\/2025\/01\/songte-company-3.webp\" alt=\"Uz\u0146\u0113muma t\u0113ls\"><\/p>\n<h3>Galvenie punkti par m\u016bsu uz\u0146\u0113mumu:<\/h3>\n<ul>\n<li>Profesionalit\u0101te: Ar ekspertu komandu m\u0113s nodro\u0161in\u0101m zin\u0101\u0161anas hidraulisko cilindru ra\u017eo\u0161an\u0101.<\/li>\n<li>Starptautisk\u0101s sertifik\u0101cijas: M\u016bsu produkti atbilst starptautiskajiem standartiem un sertifik\u0101tiem.<\/li>\n<li>Piel\u0101go\u0161anas pakalpojumi: M\u0113s pied\u0101v\u0101jam piel\u0101gotus risin\u0101jumus, lai apmierin\u0101tu \u012bpa\u0161as pras\u012bbas.<\/li>\n<li>M\u016bsdien\u012bgs apr\u012bkojums: M\u0113s izmantojam modernu ra\u017eo\u0161anas apr\u012bkojumu, lai nodro\u0161in\u0101tu optim\u0101lu kvalit\u0101ti.<\/li>\n<li>P\u0113cp\u0101rdo\u0161anas serviss: M\u016bsu uz\u0146\u0113mums nodro\u0161ina visaptvero\u0161u p\u0113cp\u0101rdo\u0161anas atbalstu un pakalpojumus.<\/li>\n<\/ul>\n<p>Lo\u0123iski organiz\u0113jot rakstu, izmantojot apak\u0161virsrakstus \u0113rtai navig\u0101cijai, iek\u013caujot atbilsto\u0161us att\u0113lus vai diagrammas izpratnes veicin\u0101\u0161anai un nodro\u0161inot skaidru un kodol\u012bgu saturu, m\u0113s cen\u0161amies uzrun\u0101t las\u012bt\u0101jus ar da\u017e\u0101du tehnisko zin\u0101\u0161anu l\u012bmeni.<\/p>\n<p><em>Autors: lil<\/em><\/p>","protected":false},"excerpt":{"rendered":"<p>Bucket Cylinder For JCHI NS55R-8 Introduction The bucket cylinder for JCHI NS55R-8 is a specialized hydraulic cylinder designed to control the movement of the bucket in heavy machinery such as excavators, backhoe loaders, and front-end loaders. Its main function is to enable the lifting, lowering, and tilting of the bucket, making it easier to handle [&hellip;]<\/p>","protected":false},"featured_media":14788,"comment_status":"open","ping_status":"closed","template":"","meta":{"_et_pb_use_builder":"","_et_pb_old_content":"","_et_gb_content_width":""},"product_brand":[],"product_cat":[1494],"product_tag":[1495,1496],"class_list":{"0":"post-15763","1":"product","2":"type-product","3":"status-publish","4":"has-post-thumbnail","6":"product_cat-bucket-cylinders","7":"product_tag-bucket-cylinders","8":"product_tag-hydraulic-cylinders","10":"first","11":"instock","12":"shipping-taxable","13":"product-type-simple"},"amp_enabled":true,"_links":{"self":[{"href":"https:\/\/www.hydraulic-cylinders.net\/lv\/wp-json\/wp\/v2\/product\/15763","targetHints":{"allow":["GET"]}}],"collection":[{"href":"https:\/\/www.hydraulic-cylinders.net\/lv\/wp-json\/wp\/v2\/product"}],"about":[{"href":"https:\/\/www.hydraulic-cylinders.net\/lv\/wp-json\/wp\/v2\/types\/product"}],"replies":[{"embeddable":true,"href":"https:\/\/www.hydraulic-cylinders.net\/lv\/wp-json\/wp\/v2\/comments?post=15763"}],"wp:featuredmedia":[{"embeddable":true,"href":"https:\/\/www.hydraulic-cylinders.net\/lv\/wp-json\/wp\/v2\/media\/14788"}],"wp:attachment":[{"href":"https:\/\/www.hydraulic-cylinders.net\/lv\/wp-json\/wp\/v2\/media?parent=15763"}],"wp:term":[{"taxonomy":"product_brand","embeddable":true,"href":"https:\/\/www.hydraulic-cylinders.net\/lv\/wp-json\/wp\/v2\/product_brand?post=15763"},{"taxonomy":"product_cat","embeddable":true,"href":"https:\/\/www.hydraulic-cylinders.net\/lv\/wp-json\/wp\/v2\/product_cat?post=15763"},{"taxonomy":"product_tag","embeddable":true,"href":"https:\/\/www.hydraulic-cylinders.net\/lv\/wp-json\/wp\/v2\/product_tag?post=15763"}],"curies":[{"name":"wp","href":"https:\/\/api.w.org\/{rel}","templated":true}]}}