{"id":15767,"date":"2025-01-19T14:57:12","date_gmt":"2025-01-19T14:57:12","guid":{"rendered":"https:\/\/www.hydraulic-cylinders.net\/product\/bucket-cylinder-for-jchi-ns220c\/"},"modified":"2025-01-19T14:57:14","modified_gmt":"2025-01-19T14:57:14","slug":"bucket-cylinder-for-jchi-ns220c","status":"publish","type":"product","link":"https:\/\/www.hydraulic-cylinders.net\/lv\/products\/bucket-cylinder-for-jchi-ns220c\/","title":{"rendered":"JCHI NS220C kausa cilindrs"},"content":{"rendered":"<h2>Ievads<\/h2>\n<h3>JCHI NS220C kausa cilindra defin\u012bcija<\/h3>\n<p>Kausa cilindrs ir hidraulisk\u0101 cilindra veids, kas \u012bpa\u0161i paredz\u0113ts kausu kust\u012bbas vad\u012bbai smagaj\u0101s ma\u0161\u012bn\u0101s, piem\u0113ram, ekskavatoros, ekskavatoros-iekr\u0101v\u0113jos un front\u0101lajos iekr\u0101v\u0113jos. T\u0101 galven\u0101 funkcija ir nodro\u0161in\u0101t kausa pacel\u0161anu, nolai\u0161anu un noliek\u0161anu, lai nodro\u0161in\u0101tu efekt\u012bvus materi\u0101lu apstr\u0101des uzdevumus. Kausa cilindri izmanto hidraulisk\u0101s spiediena izmai\u0146as, lai prec\u012bzi kontrol\u0113tu kausu hidrauliskaj\u0101 sist\u0113m\u0101, \u013caujot operatoriem efekt\u012bvi apstr\u0101d\u0101t smagas kravas sare\u017e\u0123\u012bt\u0101s darba vid\u0113s un da\u017e\u0101d\u0101s darba pras\u012bb\u0101s.<\/p>\n<p><img decoding=\"async\" src=\"https:\/\/www.hydraulic-cylinders.net\/wp-content\/uploads\/2025\/01\/songte-company-2.webp\" alt=\"Kausa cilindra att\u0113ls\"><\/p>\n<h3>JCHI NS220C kausa cilindra \u012bpa\u0161\u012bbas<\/h3>\n<ul>\n<li>Augsta iztur\u012bba un ilgm\u016b\u017e\u012bba: Parasti izgatavots no augstas stipr\u012bbas t\u0113rauda vai alum\u012bnija, kausa cilindrs var iztur\u0113t augstu spiedienu un lielas slodzes, piel\u0101goties skarbajiem darba apst\u0101k\u013ciem un ir izstr\u0101d\u0101ts, \u0146emot v\u0113r\u0101 nodilumiztur\u012bbu un korozijas iztur\u012bbu, kas pagarina t\u0101 kalpo\u0161anas laiku.<\/li>\n<li>Efekt\u012bva hidraulisk\u0101 darb\u012bba: Vienm\u0113r\u012bgas izstiep\u0161anas un ievilk\u0161anas kust\u012bbas tiek pan\u0101ktas, izmantojot hidraulisk\u0101s e\u013c\u013cas spiedienu, kas var \u0101tri rea\u0123\u0113t uz vad\u012bbas komand\u0101m, nodro\u0161inot sp\u0113c\u012bgus stum\u0161anas un vilk\u0161anas sp\u0113kus, kas ir piem\u0113roti smagu kravu apstr\u0101dei un sare\u017e\u0123\u012btu darbu uzdevumiem.<\/li>\n<li>Da\u017e\u0101di veidi: vienas darb\u012bbas (hidrauliski darbojas tikai vien\u0101 virzien\u0101) vai divk\u0101r\u0161as darb\u012bbas (hidrauliski darbojas divos virzienos) cilindrus var izv\u0113l\u0113ties atbilsto\u0161i vajadz\u012bb\u0101m, lai apmierin\u0101tu da\u017e\u0101das ekspluat\u0101cijas pras\u012bbas. Da\u017ei mode\u013ci ir teleskopiski, kas \u013cauj veikt liel\u0101kus pagarin\u0101jumus, nepalielinot \u0101r\u0113jos izm\u0113rus, kas ir piem\u0113rots ierobe\u017eotas telpas lietojumprogramm\u0101m.<\/li>\n<li>Vienk\u0101r\u0161a nomai\u0146a: m\u016bsu produkts var lieliski nomain\u012bt \u0161os hidrauliskos cilindrus.<\/li>\n<\/ul>\n<p><img decoding=\"async\" src=\"https:\/\/www.hydraulic-cylinders.net\/wp-content\/uploads\/2025\/01\/songte-cylinder-head-with-all-kinds-excavator-models.webp\" alt=\"Kausa cilindra att\u0113ls\"><\/p>\n<h2>JCHI NS220C kausa cilindra pielietojums<\/h2>\n<p>Kausa cilindri tiek pla\u0161i izmantoti da\u017e\u0101d\u0101s smagaj\u0101s ma\u0161\u012bn\u0101s, piem\u0113ram:<\/p>\n<ul>\n<li>B\u016bvniec\u012bbas tehnika: ekskavatoros t\u0101s ir \u013coti svar\u012bgas augsnes vai gru\u017eu rak\u0161an\u0101, iekrau\u0161an\u0101 un p\u0101rvieto\u0161an\u0101. Ekskavatoros-iekr\u0101v\u0113jos kausa cilindri pal\u012bdz gan rak\u0161an\u0101, gan cel\u0161an\u0101. <\/li>\n<li>Lauksaimniec\u012bbas tehnika: Izmanto front\u0101lajos iekr\u0101v\u0113jos, tie sav\u0101c, pace\u013c un transport\u0113 augsni, sienu un citus materi\u0101lus. <\/li>\n<li>Ekskavatori: Kausa cilindri veic rak\u0161anas darb\u012bbas, \u013caujot kausam iek\u013c\u016bt augsn\u0113. <\/li>\n<li>Iekr\u0101v\u0113ji: Front\u0101lajos iekr\u0101v\u0113jos tie pal\u012bdz pacelt un noliekt preces, lai efekt\u012bvi izkrautu t\u0101s.<\/li>\n<\/ul>\n<h2>Dizaina apsv\u0113rumi un atlases krit\u0113riji<\/h2>\n<p>Kausa cilindru konstrukcijas apsv\u0113rumi ietver sekojo\u0161o:<\/p>\n<ul>\n<li>Nestsp\u0113ja: sp\u0113ja iztur\u0113t lielas slodzes.<\/li>\n<li>Bl\u012bv\u0113jums: Virzu\u013ca bl\u012bv\u0113jumu, stie\u0146u bl\u012bv\u0113jumu u.\u00a0c. materi\u0101liem j\u0101b\u016bt nodilumiztur\u012bgiem un hidraulisk\u0101s e\u013c\u013cas korozijas iztur\u012bgiem.<\/li>\n<li>Durability: The cylinder&#8217;s life expectancy should be long, and it should be able to withstand harsh environments.<\/li>\n<li>Dro\u0161\u012bba: Balonam j\u0101b\u016bt apr\u012bkotam ar dro\u0161\u012bbas meh\u0101nismiem un tam j\u0101b\u016bt viegli lietojamam.<\/li>\n<li>Uzturam\u012bba: Balonam j\u0101b\u016bt viegli apkopjamam un remont\u0113jamam, un deta\u013c\u0101m j\u0101b\u016bt viegli nomain\u0101m\u0101m.<\/li>\n<\/ul>\n<p><img decoding=\"async\" src=\"https:\/\/www.hydraulic-cylinders.net\/wp-content\/uploads\/2025\/01\/songte-oil-pipes-and-spare-parts.webp\" alt=\"Kausa cilindra att\u0113ls\"><\/p>\n<h2>Bl\u012bv\u0113\u0161ana un e\u013c\u013co\u0161ana<\/h2>\n<p>Kausa cilindros tiek izmantoti da\u017e\u0101di bl\u012bv\u0113\u0161anas materi\u0101li, piem\u0113ram, poliuret\u0101ns un nitrilgumija, lai nov\u0113rstu hidraulisk\u0101s e\u013c\u013cas nopl\u016bdi. Cilindra korpuss un v\u012bt\u0146ot\u0101s gala virsmas ir smalki apstr\u0101d\u0101tas, lai uzlabotu nodilumiztur\u012bbu. Lai nodro\u0161in\u0101tu vienm\u0113r\u012bgu darb\u012bbu, ir nepiecie\u0161ama atbilsto\u0161a e\u013c\u013co\u0161ana ar hidraulisko e\u013c\u013cu.<\/p>\n<p><img decoding=\"async\" src=\"https:\/\/www.hydraulic-cylinders.net\/wp-content\/uploads\/2025\/01\/songte-chushion-collar.webp\" alt=\"Kausa cilindra att\u0113ls\"><\/p>\n<h2>Apkope un remonts<\/h2>\n<p>Lai uztur\u0113tu kausu cilindru veiktsp\u0113ju, ir nepiecie\u0161ama regul\u0101ra apkope. Bie\u017ei veicamie apkopes darbi ietver:<\/p>\n<ul>\n<li>Regul\u0101ra p\u0101rbaude<\/li>\n<li>Pareiza e\u013c\u013co\u0161ana<\/li>\n<li>Bl\u012bv\u0113juma nomai\u0146a<\/li>\n<li>Kalibr\u0113\u0161anas p\u0101rbaude<\/li>\n<\/ul>\n<p>Pareiza cilindra uzst\u0101d\u012b\u0161ana ir \u013coti svar\u012bga t\u0101 pareizai darb\u012bbai. Ieteicams izmantot atbilsto\u0161us uzst\u0101d\u012b\u0161anas kron\u0161teinus, lai nostiprin\u0101tu cilindru un nodro\u0161in\u0101tu pareizu izl\u012bdzin\u0101\u0161anu uzst\u0101d\u012b\u0161anas laik\u0101. M\u0113s pied\u0101v\u0101jam ar\u012b p\u0101rbaudes, remonta un nomai\u0146as pakalpojumus, k\u0101 ar\u012b padomus, k\u0101 pagarin\u0101t kausa cilindru kalpo\u0161anas laiku.<\/p>\n<h2>Dro\u0161\u012bbas un vides apsv\u0113rumi<\/h2>\n<p>Kausu cilindri j\u0101izmanto saska\u0146\u0101 ar dro\u0161\u012bbas noteikumiem, un j\u0101uzst\u0101da dro\u0161\u012bbas meh\u0101nismi, lai nodro\u0161in\u0101tu operatora dro\u0161\u012bbu. Lai samazin\u0101tu ietekmi uz vidi, j\u0101iev\u0113ro atbilsto\u0161a atkritumu utiliz\u0101cijas prakse.<\/p>\n<h2>Probl\u0113mu nov\u0113r\u0161ana un prevent\u012bvie pas\u0101kumi<\/h2>\n<p>Bie\u017ei sastopamas probl\u0113mas ar kausu cilindriem var b\u016bt nopl\u016bde, deform\u0101cija un bl\u012bv\u0113juma boj\u0101jumi. Pareiza uzst\u0101d\u012b\u0161ana, apkope un remonts var pal\u012bdz\u0113t nov\u0113rst \u0161\u012bs probl\u0113mas. Regul\u0101ra p\u0101rbaude un profilaktisk\u0101 apkope var ar\u012b atkl\u0101t potenci\u0101las probl\u0113mas, pirms t\u0101s rodas.<\/p>\n<p><img decoding=\"async\" src=\"https:\/\/www.hydraulic-cylinders.net\/wp-content\/uploads\/2025\/01\/songte-bushings-with-all-kinds-of-excavator-models.webp\" alt=\"Kausa cilindra att\u0113ls\"><\/p>\n<h2>Par mums<\/h2>\n<p>M\u0113s esam rezerves hidraulisko cilindru ra\u017eot\u0101js, pied\u0101v\u0101jot pilnu produktu kl\u0101stu. Esam viens no vado\u0161ajiem hidraulisko cilindru ra\u017eot\u0101jiem un vairumtirgot\u0101jiem viet\u0113j\u0101 un starptautiskaj\u0101 tirg\u016b. M\u0113s iev\u0113rojam izcilas kvalit\u0101tes strat\u0113\u0123iju, pa\u013caujoties uz industrializ\u0113tu ra\u017eo\u0161anas vad\u012bbu pilnveidot\u0101 ra\u017eo\u0161anas ceh\u0101. M\u0113s past\u0101v\u012bgi uzlabojam ceha ra\u017eo\u0161anas platformu, uzlabojam produktu kvalit\u0101tes ra\u017eo\u0161anas l\u012bniju un mums ir sp\u0113c\u012bgas rado\u0161as sp\u0113jas apmierin\u0101t da\u017e\u0101das klientu vajadz\u012bbas ar augstu efektivit\u0101ti, augstu precizit\u0101ti un augstas kvalit\u0101tes principiem.<\/p>\n<p><img decoding=\"async\" src=\"https:\/\/hzpt.com\/wp-content\/uploads\/2024\/11\/songte-company-1.webp\" alt=\"Kausa cilindra att\u0113ls\"> <\/p>\n<h3>Profesionalit\u0101te<\/h3>\n<p>Our team has extensive experience in the production of hydraulic cylinders, and we offer customized services to meet customers&#8217; specific needs. We also provide international certification services to ensure our products meet international quality standards.<\/p>\n<h3>Ra\u017eo\u0161anas iek\u0101rtas<\/h3>\n<p>M\u0113s izmantojam modernu digit\u0101lo ra\u017eo\u0161anas apr\u012bkojumu, lai nodro\u0161in\u0101tu m\u016bsu produktu precizit\u0101ti un kvalit\u0101ti.<\/p>\n<h3>P\u0113cp\u0101rdo\u0161anas serviss<\/h3>\n<p>M\u016bsu uz\u0146\u0113mums nodro\u0161ina visaptvero\u0161u p\u0113cp\u0101rdo\u0161anas atbalstu, tostarp tehnisko atbalstu, apkopes pakalpojumus un rezerves da\u013cu nomai\u0146u.<\/p>\n<h3>Secin\u0101jums<\/h3>\n<p>Nosl\u0113gum\u0101 j\u0101saka, kausu cilindri ir b\u016btiski da\u017e\u0101d\u0101m smago ma\u0161\u012bnu oper\u0101cij\u0101m. Pareiza uzst\u0101d\u012b\u0161ana, apkope un remonts var pal\u012bdz\u0113t nodro\u0161in\u0101t to nevainojamu darb\u012bbu un ilgu kalpo\u0161anas laiku. K\u0101 vado\u0161ais rezerves hidraulisko cilindru ra\u017eot\u0101js, m\u0113s esam ap\u0146\u0113mu\u0161ies nodro\u0161in\u0101t m\u016bsu klientus ar augstas kvalit\u0101tes produktiem un pakalpojumiem.<\/p>\n<p>Autors: lil<\/p>","protected":false},"excerpt":{"rendered":"<p>Introduction Definition of Bucket Cylinder for JCHI NS220C A bucket cylinder is a type of hydraulic cylinder specially designed for controlling the movement of buckets in heavy machinery such as excavators, backhoe loaders, and front-end loaders. Its main function is to enable the bucket to lift, lower, and tilt for efficient material handling tasks. Bucket [&hellip;]<\/p>","protected":false},"featured_media":14782,"comment_status":"open","ping_status":"closed","template":"","meta":{"_et_pb_use_builder":"","_et_pb_old_content":"","_et_gb_content_width":""},"product_brand":[],"product_cat":[1494],"product_tag":[1495,1496],"class_list":{"0":"post-15767","1":"product","2":"type-product","3":"status-publish","4":"has-post-thumbnail","6":"product_cat-bucket-cylinders","7":"product_tag-bucket-cylinders","8":"product_tag-hydraulic-cylinders","10":"first","11":"instock","12":"shipping-taxable","13":"product-type-simple"},"amp_enabled":true,"_links":{"self":[{"href":"https:\/\/www.hydraulic-cylinders.net\/lv\/wp-json\/wp\/v2\/product\/15767","targetHints":{"allow":["GET"]}}],"collection":[{"href":"https:\/\/www.hydraulic-cylinders.net\/lv\/wp-json\/wp\/v2\/product"}],"about":[{"href":"https:\/\/www.hydraulic-cylinders.net\/lv\/wp-json\/wp\/v2\/types\/product"}],"replies":[{"embeddable":true,"href":"https:\/\/www.hydraulic-cylinders.net\/lv\/wp-json\/wp\/v2\/comments?post=15767"}],"wp:featuredmedia":[{"embeddable":true,"href":"https:\/\/www.hydraulic-cylinders.net\/lv\/wp-json\/wp\/v2\/media\/14782"}],"wp:attachment":[{"href":"https:\/\/www.hydraulic-cylinders.net\/lv\/wp-json\/wp\/v2\/media?parent=15767"}],"wp:term":[{"taxonomy":"product_brand","embeddable":true,"href":"https:\/\/www.hydraulic-cylinders.net\/lv\/wp-json\/wp\/v2\/product_brand?post=15767"},{"taxonomy":"product_cat","embeddable":true,"href":"https:\/\/www.hydraulic-cylinders.net\/lv\/wp-json\/wp\/v2\/product_cat?post=15767"},{"taxonomy":"product_tag","embeddable":true,"href":"https:\/\/www.hydraulic-cylinders.net\/lv\/wp-json\/wp\/v2\/product_tag?post=15767"}],"curies":[{"name":"wp","href":"https:\/\/api.w.org\/{rel}","templated":true}]}}