{"id":15784,"date":"2025-01-19T14:58:54","date_gmt":"2025-01-19T14:58:54","guid":{"rendered":"https:\/\/www.hydraulic-cylinders.net\/product\/bucket-cylinder-for-sgzg-sd15b\/"},"modified":"2025-01-19T14:58:56","modified_gmt":"2025-01-19T14:58:56","slug":"bucket-cylinder-for-sgzg-sd15b","status":"publish","type":"product","link":"https:\/\/www.hydraulic-cylinders.net\/lv\/products\/bucket-cylinder-for-sgzg-sd15b\/","title":{"rendered":"Kausa cilindrs SGZG SD15B"},"content":{"rendered":"<h1>Kausa cilindrs SGZG SD15B<\/h1>\n<h2>Ievads<\/h2>\n<p>SGZG SD15B kausa cilindrs ir \u012bpa\u0161i izstr\u0101d\u0101ts hidrauliskais cilindrs, ko galvenok\u0101rt izmanto, lai kontrol\u0113tu kausa kust\u012bbu smagaj\u0101s ma\u0161\u012bn\u0101s, piem\u0113ram, ekskavatoros, iekr\u0101v\u0113jos un front\u0101lajos iekr\u0101v\u0113jos. T\u0101 galven\u0101 funkcija ir nodro\u0161in\u0101t kausa pacel\u0161anu, nolai\u0161anu un noliek\u0161anu, atvieglojot da\u017e\u0101du materi\u0101lu apstr\u0101des uzdevumu veik\u0161anu. Hidrauliskaj\u0101 sist\u0113m\u0101 kausa cilindrs nodro\u0161ina prec\u012bzu kausa kust\u012bbu kontroli, mainot hidraulisk\u0101s e\u013c\u013cas spiedienu, \u013caujot operatoriem efekt\u012bvi apstr\u0101d\u0101t smagas kravas un piel\u0101goties sare\u017e\u0123\u012btai darba videi un da\u017e\u0101d\u0101m darba pras\u012bb\u0101m.<\/p>\n<p><img decoding=\"async\" src=\"https:\/\/www.hydraulic-cylinders.net\/wp-content\/uploads\/2025\/01\/songte-company-2.webp\"><\/p>\n<h2>Funkcijas<\/h2>\n<ul>\n<li>Augsta iztur\u012bba un ilgm\u016b\u017e\u012bba: Parasti izgatavots no augstas stipr\u012bbas t\u0113rauda vai alum\u012bnija, tas var iztur\u0113t augstu spiedienu un lielas slodzes, piel\u0101goties skarbai darba videi un ir izstr\u0101d\u0101ts, \u0146emot v\u0113r\u0101 nodilumiztur\u012bbu un korozijas iztur\u012bbu, lai pagarin\u0101tu t\u0101 kalpo\u0161anas laiku.<\/li>\n<li>Efekt\u012bva hidraulisk\u0101 darb\u012bba: Vienm\u0113r\u012bgas izstiep\u0161anas un ievilk\u0161anas kust\u012bbas tiek pan\u0101ktas, izmantojot hidraulisk\u0101s e\u013c\u013cas spiedienu, nodro\u0161inot sp\u0113c\u012bgus stum\u0161anas un vilk\u0161anas sp\u0113kus, kas ir piem\u0113roti smagu kravu apstr\u0101dei un sare\u017e\u0123\u012btu darbu veik\u0161anai.<\/li>\n<li>Da\u017e\u0101di veidi: vienas darb\u012bbas (hidraulika tiek izmantota tikai vien\u0101 virzien\u0101) vai divk\u0101r\u0161as darb\u012bbas (hidraulika tiek izmantota abos virzienos) cilindrus var izv\u0113l\u0113ties atbilsto\u0161i vajadz\u012bb\u0101m, lai apmierin\u0101tu da\u017e\u0101das ekspluat\u0101cijas pras\u012bbas. Da\u017ei mode\u013ci ir teleskopiski, kas \u013cauj tos pagarin\u0101t, nepalielinot \u0101r\u0113jos izm\u0113rus, t\u0101p\u0113c tie ir piem\u0113roti lietojumiem ar ierobe\u017eotu vietu.<\/li>\n<li>Alternat\u012bva OEM cilindram: m\u016bsu produkts var lieliski aizst\u0101t \u0161os hidrauliskos cilindrus<\/li>\n<\/ul>\n<p><img decoding=\"async\" src=\"https:\/\/www.hydraulic-cylinders.net\/wp-content\/uploads\/2025\/01\/songte-cylinder-head-with-all-kinds-excavator-models.webp\"><\/p>\n<h2>Pieteikumi<\/h2>\n<p>SGZG SD15B kausa cilindrs tiek pla\u0161i izmantots da\u017e\u0101d\u0101s smagaj\u0101s ma\u0161\u012bn\u0101s, tostarp:<\/p>\n<ul>\n<li>B\u016bvniec\u012bbas apr\u012bkojums: ekskavatoros tie ir nepiecie\u0161ami rak\u0161anas darbiem, iekrau\u0161anai un augsnes vai gru\u017eu p\u0101rvieto\u0161anai. Ekskavatoros-iekr\u0101v\u0113jos kausa cilindrs pal\u012bdz gan rak\u0161anas darbos, gan cel\u0161an\u0101. Front\u0101lajos iekr\u0101v\u0113jos tie pal\u012bdz efekt\u012bvi pacelt un izg\u0101zt kravu.<\/li>\n<li>Lauksaimniec\u012bbas tehnika: Izmanto front\u0101lajos iekr\u0101v\u0113jos augsnes, siena un citu materi\u0101lu izrak\u0161anai, pacel\u0161anai un transport\u0113\u0161anai. Ekskavatoros kausa cilindrs nodro\u0161ina rak\u0161anas darb\u012bbu, \u013caujot kausam iek\u013c\u016bt augsn\u0113. Iekr\u0101v\u0113jos tie pal\u012bdz efekt\u012bvi pacelt un izg\u0101zt preces.<\/li>\n<\/ul>\n<h2>Dizaina apsv\u0113rumi un atlases krit\u0113riji<\/h2>\n<p>SGZG SD15B kausa cilindrs ir izstr\u0101d\u0101ts, \u0146emot v\u0113r\u0101 t\u0101dus galvenos apsv\u0113rumus k\u0101:<\/p>\n<ul>\n<li>Nestsp\u0113ja: Balonam j\u0101sp\u0113j iztur\u0113t slodzi un spiedienu<\/li>\n<li>Bl\u012bv\u0113jums: Tiek izmantoti da\u017e\u0101di bl\u012bv\u0113jumi, piem\u0113ram, virzu\u013ca bl\u012bvsl\u0113gi, stie\u0146a bl\u012bvsl\u0113gi \u200b\u200butt. Lai nodro\u0161in\u0101tu lab\u0101ku iztur\u012bbu, tiek izmantoti bl\u012bvsl\u0113gi, kas izgatavoti no nodilumiztur\u012bgiem materi\u0101liem, piem\u0113ram, poliuret\u0101na, nitrila gumijas utt.<\/li>\n<li>Iztur\u012bba: Cilindra korpuss un v\u012btnes gala virsma tiek prec\u012bzi apstr\u0101d\u0101ta, lai palielin\u0101tu nodilumiztur\u012bbu.<\/li>\n<li>Dro\u0161\u012bba: Balonam j\u0101b\u016bt konstru\u0113tam, \u0146emot v\u0113r\u0101 dro\u0161\u012bbu, izvairoties no iesp\u0113jamiem apdraud\u0113jumiem.<\/li>\n<li>Uzturam\u012bba: Balonam j\u0101b\u016bt viegli apkopjamam un remont\u0113jamam.<\/li>\n<\/ul>\n<p><img decoding=\"async\" src=\"https:\/\/www.hydraulic-cylinders.net\/wp-content\/uploads\/2025\/01\/songte-oil-pipes-and-spare-parts.webp\"><\/p>\n<h2>Bl\u012bv\u0113\u0161ana un e\u013c\u013co\u0161ana<\/h2>\n<p>SGZG SD15B kausa cilindram tiek izmantoti da\u017e\u0101di bl\u012bv\u0113\u0161anas komponenti, piem\u0113ram, virzu\u013ca bl\u012bvsl\u0113gi, stie\u0146a bl\u012bvsl\u0113gi \u200b\u200butt., kas izgatavoti no nodilumiztur\u012bgiem materi\u0101liem, piem\u0113ram, poliuret\u0101na un nitrila gumijas. Cilindra korpuss un v\u012btnes gala virsma tiek r\u016bp\u012bgi apstr\u0101d\u0101ta, lai palielin\u0101tu nodilumiztur\u012bbu. E\u013c\u013co\u0161anai ir nepiecie\u0161ama regul\u0101ra hidraulisk\u0101s e\u013c\u013cas uzkl\u0101\u0161ana.<\/p>\n<h2>Apkope un remonts<\/h2>\n<p>T\u0101l\u0101k ir nor\u0101d\u012bti da\u017ei bie\u017ei veicamie apkopes darbi.<\/p>\n<ul>\n<li>Regul\u0101ra p\u0101rbaude<\/li>\n<li>Pareiza e\u013c\u013co\u0161ana<\/li>\n<li>Bl\u012bv\u0113juma nomai\u0146a<\/li>\n<li>Kalibr\u0113\u0161anas p\u0101rbaude<\/li>\n<\/ul>\n<p>Ir svar\u012bgi nodro\u0161in\u0101t pareizu uzst\u0101d\u012b\u0161anu, e\u013c\u013co\u0161anu un regul\u0113\u0161anu. Uzst\u0101d\u012b\u0161anas laik\u0101 ieteicams izmantot atbilsto\u0161us uzst\u0101d\u012b\u0161anas kron\u0161teinus, lai nostiprin\u0101tu cilindru un nodro\u0161in\u0101tu pareizu izl\u012bdzin\u0101\u0161anu. Ir sniegtas ieteicam\u0101s p\u0101rbaudes, remonta un nomai\u0146as proced\u016bras, lai uzlabotu kausa cilindra kalpo\u0161anas laiku.<\/p>\n<p><img decoding=\"async\" src=\"https:\/\/www.hydraulic-cylinders.net\/wp-content\/uploads\/2025\/01\/songte-chushion-collar.webp\"><\/p>\n<h2>Dro\u0161\u012bbas apsv\u0113rumi un vides faktori<\/h2>\n<p>Izmantojot kausa cilindru SGZG SD15B, ir svar\u012bgi iev\u0113rot dro\u0161\u012bbas pas\u0101kumus, lai izvair\u012btos no iesp\u0113jamiem apdraud\u0113jumiem. J\u0101\u0146em v\u0113r\u0101 ar\u012b t\u0101di vides faktori k\u0101 temperat\u016bra, mitrums un kod\u012bgas vielas.<\/p>\n<h2>Probl\u0113mu nov\u0113r\u0161ana un bie\u017ei sastopamas probl\u0113mas<\/h2>\n<p>Da\u017eas bie\u017ei sastopamas probl\u0113mas, kas var rasties, ir nopl\u016bde, neparasts troksnis un nepietiekama jauda. Tiek sniegti probl\u0113mu nov\u0113r\u0161anas padomi un risin\u0101jumi, lai pal\u012bdz\u0113tu las\u012bt\u0101jiem efekt\u012bvi diagnostic\u0113t un risin\u0101t probl\u0113mas. Tiek ieteikti ar\u012b prevent\u012bvie pas\u0101kumi, lai samazin\u0101tu potenci\u0101lo probl\u0113mu risku.<\/p>\n<p><img decoding=\"async\" src=\"https:\/\/www.hydraulic-cylinders.net\/wp-content\/uploads\/2025\/01\/songte-bushings-with-all-kinds-of-excavator-models.webp\"><\/p>\n<h2>Par m\u016bsu uz\u0146\u0113mumu<\/h2>\n<p>M\u0113s esam rezerves hidraulisko cilindru ra\u017eot\u0101js, kas pied\u0101v\u0101 pla\u0161u produktu kl\u0101stu. Esam k\u013cuvu\u0161i par vado\u0161o hidraulisko cilindru ra\u017eot\u0101ju un vairumtirgot\u0101ju viet\u0113j\u0101 un starptautiskaj\u0101 tirg\u016b. M\u0113s iev\u0113rojam izcilas kvalit\u0101tes principus un pa\u013caujamies uz sare\u017e\u0123\u012btu ra\u017eo\u0161anas darbn\u012bcu r\u016bpniecisk\u0101s ra\u017eo\u0161anas vad\u012bbas strat\u0113\u0123iju. M\u0113s past\u0101v\u012bgi uzlabojam savas ra\u017eo\u0161anas platformas, izmantojot tehniskos talantus, digit\u0101las augstas klases ra\u017eo\u0161anas iek\u0101rtas un profesion\u0101las test\u0113\u0161anas sist\u0113mas. Mums ir sp\u0113c\u012bgas rado\u0161\u0101s sp\u0113jas, un m\u0113s klientiem nodro\u0161in\u0101m daudzveid\u012bgus produktus, kas ir \u013coti efekt\u012bvi, prec\u012bzi un augstas kvalit\u0101tes. <\/p>\n<p><img decoding=\"async\" src=\"https:\/\/hzpt.com\/wp-content\/uploads\/2024\/11\/songte-company-1.webp\"><\/p>\n<h3>M\u016bsu kompetence<\/h3>\n<p>M\u016bsu komandai ir pieredz\u0113ju\u0161i tehni\u0137i un in\u017eenieri, kas nodro\u0161ina m\u016bsu produktu kvalit\u0101ti un veiktsp\u0113ju. Mums ir ar\u012b starptautiski sertifik\u0101ti, piem\u0113ram, ISO9001, CE un SGS.<\/p>\n<h3>Piel\u0101go\u0161anas pakalpojumi<\/h3>\n<p>M\u0113s pied\u0101v\u0101jam piel\u0101go\u0161anas pakalpojumus, lai apmierin\u0101tu m\u016bsu klientu \u012bpa\u0161\u0101s vajadz\u012bbas. M\u016bsu komanda var projekt\u0113t un ra\u017eot hidrauliskos cilindrus atbilsto\u0161i da\u017e\u0101d\u0101m specifik\u0101cij\u0101m un pras\u012bb\u0101m.<\/p>\n<h3>Ra\u017eo\u0161anas iek\u0101rtas<\/h3>\n<p>M\u016bsu ra\u017eo\u0161anas iek\u0101rt\u0101s ietilpst CNC virpas, fr\u0113zma\u0161\u012bnas, urbjma\u0161\u012bnas, sl\u012bpma\u0161\u012bnas, hon\u0113\u0161anas ma\u0161\u012bnas un citas modernas iek\u0101rtas.<\/p>\n<h3>P\u0113cp\u0101rdo\u0161anas pakalpojumi<\/h3>\n<p>M\u0113s pied\u0101v\u0101jam lieliskus p\u0113cp\u0101rdo\u0161anas pakalpojumus, tostarp tehnisko atbalstu, apm\u0101c\u012bbu par produktiem, apkopi un remonta pakalpojumus. M\u0113s ar\u012b nodro\u0161in\u0101m rezerves da\u013cas un atjauno\u0161anas pakalpojumus, lai pagarin\u0101tu m\u016bsu produktu kalpo\u0161anas laiku.<\/p>\n<p>Autors: lil<\/p>","protected":false},"excerpt":{"rendered":"<p>Bucket Cylinder For SGZG SD15B Introduction The bucket cylinder for SGZG SD15B is a specifically designed hydraulic cylinder that is mainly used to control the movement of the shovel bucket in heavy machinery such as excavators, backhoe loaders, and front loaders. Its primary function is to enable the bucket to lift, lower, and tilt, making [&hellip;]<\/p>","protected":false},"featured_media":14778,"comment_status":"open","ping_status":"closed","template":"","meta":{"_et_pb_use_builder":"","_et_pb_old_content":"","_et_gb_content_width":""},"product_brand":[],"product_cat":[1494],"product_tag":[1495,1496],"class_list":{"0":"post-15784","1":"product","2":"type-product","3":"status-publish","4":"has-post-thumbnail","6":"product_cat-bucket-cylinders","7":"product_tag-bucket-cylinders","8":"product_tag-hydraulic-cylinders","10":"first","11":"instock","12":"shipping-taxable","13":"product-type-simple"},"amp_enabled":true,"_links":{"self":[{"href":"https:\/\/www.hydraulic-cylinders.net\/lv\/wp-json\/wp\/v2\/product\/15784","targetHints":{"allow":["GET"]}}],"collection":[{"href":"https:\/\/www.hydraulic-cylinders.net\/lv\/wp-json\/wp\/v2\/product"}],"about":[{"href":"https:\/\/www.hydraulic-cylinders.net\/lv\/wp-json\/wp\/v2\/types\/product"}],"replies":[{"embeddable":true,"href":"https:\/\/www.hydraulic-cylinders.net\/lv\/wp-json\/wp\/v2\/comments?post=15784"}],"wp:featuredmedia":[{"embeddable":true,"href":"https:\/\/www.hydraulic-cylinders.net\/lv\/wp-json\/wp\/v2\/media\/14778"}],"wp:attachment":[{"href":"https:\/\/www.hydraulic-cylinders.net\/lv\/wp-json\/wp\/v2\/media?parent=15784"}],"wp:term":[{"taxonomy":"product_brand","embeddable":true,"href":"https:\/\/www.hydraulic-cylinders.net\/lv\/wp-json\/wp\/v2\/product_brand?post=15784"},{"taxonomy":"product_cat","embeddable":true,"href":"https:\/\/www.hydraulic-cylinders.net\/lv\/wp-json\/wp\/v2\/product_cat?post=15784"},{"taxonomy":"product_tag","embeddable":true,"href":"https:\/\/www.hydraulic-cylinders.net\/lv\/wp-json\/wp\/v2\/product_tag?post=15784"}],"curies":[{"name":"wp","href":"https:\/\/api.w.org\/{rel}","templated":true}]}}