{"id":15785,"date":"2025-01-19T14:58:59","date_gmt":"2025-01-19T14:58:59","guid":{"rendered":"https:\/\/www.hydraulic-cylinders.net\/product\/bucket-cylinder-for-sgzg-sd18b\/"},"modified":"2025-01-19T14:59:01","modified_gmt":"2025-01-19T14:59:01","slug":"bucket-cylinder-for-sgzg-sd18b","status":"publish","type":"product","link":"https:\/\/www.hydraulic-cylinders.net\/lv\/products\/bucket-cylinder-for-sgzg-sd18b\/","title":{"rendered":"Kausa cilindrs SGZG SD18B"},"content":{"rendered":"<h1>Kausa cilindrs SGZG SD18B<\/h1>\n<h2>Ievads<\/h2>\n<p>Kausa cilindrs ir speci\u0101li izstr\u0101d\u0101ts hidrauliskais cilindrs, ko galvenok\u0101rt izmanto, lai kontrol\u0113tu kausa kust\u012bbu smagaj\u0101s ma\u0161\u012bn\u0101s, piem\u0113ram, ekskavatoros, iekr\u0101v\u0113jos ar ekskavatoru un front\u0101lajos iekr\u0101v\u0113jos. T\u0101 galven\u0101 funkcija ir nodro\u0161in\u0101t kausa pacel\u0161anu, nolai\u0161anu un noliek\u0161anu, atvieglojot da\u017e\u0101du materi\u0101lu apstr\u0101des uzdevumu veik\u0161anu. Hidrauliskaj\u0101 sist\u0113m\u0101 kausa cilindrs pan\u0101k prec\u012bzu kausa kust\u012bbas kontroli, mainot hidraulisk\u0101s e\u013c\u013cas spiedienu, \u013caujot operatoriem efekt\u012bvi apstr\u0101d\u0101t smagas kravas, piel\u0101goties sare\u017e\u0123\u012btai darba videi un da\u017e\u0101d\u0101m darba pras\u012bb\u0101m.<\/p>\n<div>\n  <img decoding=\"async\" src=\"https:\/\/www.hydraulic-cylinders.net\/wp-content\/uploads\/2025\/01\/songte-company-2.webp\" alt=\"Kausa cilindrs\">\n<\/div>\n<h2>Funkcijas<\/h2>\n<ul>\n<li>\n<h3>Augsta iztur\u012bba un ilgm\u016b\u017e\u012bba<\/h3>\n<p>Kausa cilindri parasti ir izgatavoti no augstas stipr\u012bbas t\u0113rauda vai alum\u012bnija, kas sp\u0113j iztur\u0113t augstu spiedienu un lielas slodzes, k\u0101 ar\u012b piel\u0101goties skarbai darba videi. Projekt\u0113\u0161an\u0101 \u0146emta v\u0113r\u0101 nodilumiztur\u012bba un iztur\u012bba pret koroziju, lai pagarin\u0101tu kalpo\u0161anas laiku.<\/p>\n<\/li>\n<li>\n<h3>Efekt\u012bva hidraulisk\u0101 darb\u012bba<\/h3>\n<p>Kausa cilindri izmanto hidraulisk\u0101s e\u013c\u013cas spiedienu, lai pan\u0101ktu vienm\u0113r\u012bgas pagarin\u0101\u0161anas un sarau\u0161an\u0101s kust\u012bbas, \u0101tri rea\u0123\u0113jot uz vad\u012bbas komand\u0101m, nodro\u0161inot sp\u0113c\u012bgu stum\u0161anas un vilk\u0161anas sp\u0113ku un ir piem\u0113roti smagu kravu apstr\u0101dei un sare\u017e\u0123\u012btu darba uzdevumu veik\u0161anai.<\/p>\n<\/li>\n<li>\n<h3>Da\u017e\u0101di veidi<\/h3>\n<p>Atkar\u012bb\u0101 no vajadz\u012bb\u0101m var izv\u0113l\u0113ties vienk\u0101r\u0161as darb\u012bbas (hidraulisk\u0101 e\u013c\u013ca tiek izmantota tikai vien\u0101 virzien\u0101) vai divk\u0101r\u0161as darb\u012bbas (hidraulisk\u0101 e\u013c\u013ca tiek izmantota abos virzienos) cilindrus, lai tie atbilstu da\u017e\u0101d\u0101m ekspluat\u0101cijas pras\u012bb\u0101m. Da\u017ei mode\u013ci ir teleskopiski, kas \u013cauj tos pagarin\u0101t, nepalielinot \u0101r\u0113jos izm\u0113rus, un ir piem\u0113roti lietojumiem ar ierobe\u017eotu vietu.<\/p>\n<\/li>\n<li>\n<h3>Var aizst\u0101t citus hidrauliskos cilindrus<\/h3>\n<p>M\u016bsu produkts var lieliski aizst\u0101t citus hidrauliskos cilindrus tam pa\u0161am m\u0113r\u0137im, nodro\u0161inot sader\u012bbu un \u0113rt\u012bbas.<\/p>\n<\/li>\n<\/ul>\n<div>\n  <img decoding=\"async\" src=\"https:\/\/www.hydraulic-cylinders.net\/wp-content\/uploads\/2025\/01\/songte-cylinder-head-with-all-kinds-excavator-models.webp\" alt=\"Produkta nomai\u0146a\">\n<\/div>\n<h2>Pieteikumi<\/h2>\n<h3>Celtniec\u012bbas apr\u012bkojums<\/h3>\n<p>Ekskavatoros tie ir kritiski svar\u012bgi augsnes vai gru\u017eu rak\u0161anai, iekrau\u0161anai un p\u0101rvieto\u0161anai. Ekskavatoros-iekr\u0101v\u0113jos kausa cilindri veicina gan rak\u0161anu, gan cel\u0161anu. Front\u0101lajos iekr\u0101v\u0113jos tie pal\u012bdz efekt\u012bvi pacelt un izg\u0101zt preces.<\/p>\n<h3>Lauksaimniec\u012bbas tehnika<\/h3>\n<p>Izmanto front\u0101lajos iekr\u0101v\u0113jos augsnes, siena un citu materi\u0101lu rak\u0161anai, cel\u0161anai un transport\u0113\u0161anai. Ekskavatoros kausa cilindri pal\u012bdz rakt, \u013caujot kausam iek\u013c\u016bt augsn\u0113.<\/p>\n<h3>Citi pielietojumi<\/h3>\n<p>Kausa cilindrus var izmantot ar\u012b kalnr\u016bpniec\u012bbas iek\u0101rt\u0101s, me\u017esaimniec\u012bbas iek\u0101rt\u0101s un r\u016bpniec\u012bbas ma\u0161\u012bn\u0101s.<\/p>\n<h2>Dizaina apsv\u0113rumi un atlases krit\u0113riji<\/h2>\n<h3>Nestsp\u0113ja<\/h3>\n<p>Kausa cilindriem ir j\u0101b\u016bt pietiekamam nestsp\u0113jai, lai iztur\u0113tu lielas slodzes bez deform\u0101cijas vai boj\u0101jumiem, nodro\u0161inot dro\u0161\u012bbu un stabilu darb\u012bbu.<\/p>\n<h3>Bl\u012bv\u0113\u0161ana<\/h3>\n<p>Atkar\u012bb\u0101 no darba apst\u0101k\u013ciem j\u0101izv\u0113las da\u017e\u0101di bl\u012bv\u0113\u0161anas elementi, piem\u0113ram, virzu\u013ca bl\u012bves un stie\u0146a bl\u012bves, lai nov\u0113rstu e\u013c\u013cas nopl\u016bdi un pies\u0101r\u0146ojumu, nodro\u0161inot ilgu kalpo\u0161anas laiku un vienm\u0113r\u012bgu darb\u012bbu.<\/p>\n<h3>Iztur\u012bba<\/h3>\n<p>Kausa cilindram j\u0101b\u016bt izgatavotam no augstas kvalit\u0101tes materi\u0101liem un tam j\u0101iziet stingri ra\u017eo\u0161anas procesi, lai nodro\u0161in\u0101tu iztur\u012bbu un ilgm\u016b\u017e\u012bbu, samazin\u0101tu nodilumu, k\u0101 ar\u012b iztur\u0113tu pret koroziju un boj\u0101jumiem, ko rada skarbas darba vides.<\/p>\n<h3>Dro\u0161\u012bba<\/h3>\n<p>Kausa cilindriem j\u0101b\u016bt konstru\u0113tiem ar dro\u0161\u012bbas funkcij\u0101m, piem\u0113ram, aizsardz\u012bbu pret p\u0101rslodzi un av\u0101rijas aptur\u0113\u0161anu, lai nov\u0113rstu negad\u012bjumus un aizsarg\u0101tu operatorus un apr\u012bkojumu.<\/p>\n<h3>Apkope<\/h3>\n<p>Kausa cilindram j\u0101b\u016bt viegli kopjamam, ar pieejam\u0101m deta\u013c\u0101m, \u0101tru nomai\u0146u un vienk\u0101r\u0161\u0101m remonta proced\u016br\u0101m. Lai nodro\u0161in\u0101tu pareizu darb\u012bbu un pagarin\u0101tu kalpo\u0161anas laiku, j\u0101veic regul\u0101ra p\u0101rbaude, e\u013c\u013co\u0161ana un boj\u0101to deta\u013cu nomai\u0146a.<\/p>\n<div>\n  <img decoding=\"async\" src=\"https:\/\/www.hydraulic-cylinders.net\/wp-content\/uploads\/2025\/01\/songte-oil-pipes-and-spare-parts.webp\" alt=\"Kausa cilindra rezerves da\u013cas\">\n<\/div>\n<h2>Bl\u012bv\u0113\u0161ana un e\u013c\u013co\u0161ana<\/h2>\n<p>J\u0101izmanto da\u017e\u0101di bl\u012bv\u0113\u0161anas elementi, piem\u0113ram, virzu\u013ca bl\u012bvsl\u0113gi \u200b\u200bun stie\u0146u bl\u012bvsl\u0113gi, kas izgatavoti no nodilumiztur\u012bgiem materi\u0101liem, piem\u0113ram, poliuret\u0101na vai nitrila gumijas. Cilindra korpuss un v\u012btnes gala virsma ir r\u016bp\u012bgi j\u0101apstr\u0101d\u0101, lai uzlabotu nodilumiztur\u012bbu. Lai nodro\u0161in\u0101tu vienm\u0113r\u012bgu darb\u012bbu un nov\u0113rstu berzes un karstuma rad\u012btus boj\u0101jumus, ir nepiecie\u0161ama regul\u0101ra e\u013c\u013co\u0161ana ar atbilsto\u0161u hidraulisko e\u013c\u013cu.<\/p>\n<h2>P\u0101rbaude un profilaktisk\u0101 apkope<\/h2>\n<p>Lai laikus atkl\u0101tu iesp\u0113jam\u0101s probl\u0113mas un nov\u0113rstu negaid\u012btas d\u012bkst\u0101ves un negad\u012bjumus, regul\u0101ri j\u0101p\u0101rbauda cilindra st\u0101voklis, piem\u0113ram, vai nav e\u013c\u013cas nopl\u016bdes, deform\u0101cijas un boj\u0101jumu. J\u0101veic ar\u012b pareiza e\u013c\u013co\u0161ana un nolietoto vai boj\u0101to deta\u013cu nomai\u0146a. J\u0101veic kalibr\u0113\u0161anas p\u0101rbaude, lai p\u0101rliecin\u0101tos, ka cilindrs darbojas nor\u0101d\u012btaj\u0101 diapazon\u0101.<\/p>\n<h2>Instal\u0101cijas rokasgr\u0101mata<\/h2>\n<p>Pareiza uzst\u0101d\u012b\u0161ana ir b\u016btiska balona pareizai darb\u012bbai un dro\u0161\u012bbai. Pareizi izl\u012bdziniet balonu, izmantojiet atbilsto\u0161us uzst\u0101d\u012b\u0161anas kron\u0161teinus, lai nostiprin\u0101tu balonu, un iev\u0113rojiet ieteicam\u0101s uzst\u0101d\u012b\u0161anas, remonta un nomai\u0146as proced\u016bras. M\u016bsu produktu lieto\u0161ana var uzlabot efektivit\u0101ti un nodro\u0161in\u0101t dro\u0161\u012bbu.<\/p>\n<h2>Bie\u017ei sastopamie apkopes uzdevumi<\/h2>\n<ul>\n<li>Regul\u0101ra p\u0101rbaude<\/li>\n<li>Pareiza e\u013c\u013co\u0161ana<\/li>\n<li>Bl\u012bv\u0113juma nomai\u0146a<\/li>\n<li>Kalibr\u0113\u0161anas p\u0101rbaude<\/li>\n<\/ul>\n<p>Pareiza uzst\u0101d\u012b\u0161ana, e\u013c\u013co\u0161ana un regul\u0113\u0161ana ir b\u016btiska, lai nodro\u0161in\u0101tu cilindra ilgu kalpo\u0161anas laiku un optim\u0101lu veiktsp\u0113ju. Pareiza izl\u012bdzin\u0101\u0161anas vadl\u012bnijas uzst\u0101d\u012b\u0161anas laik\u0101, ieteicam\u0101s p\u0101rbaudes, remonta un nomai\u0146as proced\u016bras, k\u0101 ar\u012b atjauno\u0161anas pakalpojumi var pal\u012bdz\u0113t uzlabot cilindra iztur\u012bbu un lietot\u0101ja pieredzi.<\/p>\n<div>\n  <img decoding=\"async\" src=\"https:\/\/www.hydraulic-cylinders.net\/wp-content\/uploads\/2025\/01\/songte-chushion-collar.webp\" alt=\"Kausa cilindra spilvena apkakle\">\n<\/div>\n<h2>Dro\u0161\u012bbas un vides apsv\u0113rumi<\/h2>\n<p>Kausa cilindri j\u0101izmanto saska\u0146\u0101 ar dro\u0161\u012bbas vadl\u012bnij\u0101m, iev\u0113rojot atbilsto\u0161us aizsardz\u012bbas pas\u0101kumus, piem\u0113ram, av\u0101rijas aptur\u0113\u0161anu un p\u0101rslodzes aizsardz\u012bbu, lai nov\u0113rstu negad\u012bjumus. J\u0101\u0146em v\u0113r\u0101 ar\u012b cilindra lieto\u0161anas ietekme uz vidi, piem\u0113ram, pareiza izlietot\u0101s hidraulisk\u0101s e\u013c\u013cas un citu atkritumu utiliz\u0101cija.<\/p>\n<h2>K\u013c\u016bmju diagnostika un probl\u0113mu nov\u0113r\u0161ana<\/h2>\n<p>Bie\u017eas probl\u0113mas ar kausu cilindriem var b\u016bt e\u013c\u013cas nopl\u016bde, deform\u0101cija un boj\u0101jumi. Pareiza probl\u0113mu nov\u0113r\u0161ana un boj\u0101to deta\u013cu \u0101tra nomai\u0146a var pal\u012bdz\u0113t nov\u0113rst turpm\u0101kus boj\u0101jumus un d\u012bkst\u0101vi. Regul\u0101ra p\u0101rbaude un profilaktisk\u0101 apkope var ar\u012b atkl\u0101t potenci\u0101las probl\u0113mas, pirms t\u0101s k\u013c\u016bst par nopietn\u0101m probl\u0113m\u0101m.<\/p>\n<h2>Par m\u016bsu uz\u0146\u0113mumu<\/h2>\n<p>M\u016bsu uz\u0146\u0113mums ir rezerves hidraulisko cilindru ra\u017eot\u0101js ar pilnu produktu kl\u0101stu, k\u013c\u016bstot par vienu no vado\u0161ajiem hidraulisko cilindru ra\u017eot\u0101jiem un vairumtirgot\u0101jiem viet\u0113j\u0101 un starptautiskaj\u0101 tirg\u016b. M\u0113s iev\u0113rojam izcilas kvalit\u0101tes principu, pa\u013caujamies uz izsmalcin\u0101tas ra\u017eo\u0161anas darbn\u012bcas r\u016bpniecisk\u0101s ra\u017eo\u0161anas vad\u012bbas strat\u0113\u0123iju, nep\u0101rtraukti uzlabojam ra\u017eo\u0161anas platformu un pilnveidojam ra\u017eo\u0161anas kvalit\u0101tes ce\u013cu, izmantojot tehniskos talantus, digit\u0101las augstas klases ra\u017eo\u0161anas iek\u0101rtas un profesion\u0101las test\u0113\u0161anas sist\u0113mas.<\/p>\n<div>\n  <img decoding=\"async\" src=\"https:\/\/hzpt.com\/wp-content\/uploads\/2024\/11\/songte-company-1.webp\" alt=\"Uz\u0146\u0113muma t\u0113ls\">\n<\/div>\n<h3>Profesionalit\u0101te<\/h3>\n<p>M\u016bsu komandu veido pieredz\u0113ju\u0161i speci\u0101listi, kas ir ap\u0146\u0113mu\u0161ies nodro\u0161in\u0101t augstas kvalit\u0101tes produktus un pakalpojumus, lai apmierin\u0101tu m\u016bsu klientu da\u017e\u0101d\u0101s vajadz\u012bbas.<\/p>\n<h3>Starptautisk\u0101 sertifik\u0101cija<\/h3>\n<p>M\u016bsu produkti ir ieguvu\u0161i starptautiskus sertifik\u0101tus, piem\u0113ram, ISO9001 un CE, kas apliecina to atbilst\u012bbu augstiem kvalit\u0101tes standartiem un dro\u0161\u012bbas pras\u012bb\u0101m.<\/p>\n<h3>Piel\u0101go\u0161anas pakalpojums<\/h3>\n<p>M\u0113s pied\u0101v\u0101jam piel\u0101gotus risin\u0101jumus, lai apmierin\u0101tu \u012bpa\u0161as klientu vajadz\u012bbas, nodro\u0161inot personaliz\u0113tu dizainu, materi\u0101lus un ra\u017eo\u0161anas procesus.<\/p>\n<h3>Ra\u017eo\u0161anas iek\u0101rtas<\/h3>\n<p>M\u016bsu ra\u017eo\u0161anas darbn\u012bca ir apr\u012bkota ar modern\u0101m digit\u0101laj\u0101m ra\u017eo\u0161anas iek\u0101rt\u0101m un specializ\u0113t\u0101m test\u0113\u0161anas sist\u0113m\u0101m, lai nodro\u0161in\u0101tu augstu efektivit\u0101ti, precizit\u0101ti un kvalit\u0101ti.<\/p>\n<h3>P\u0113cp\u0101rdo\u0161anas serviss<\/h3>\n<p>M\u0113s pied\u0101v\u0101jam visaptvero\u0161us p\u0113cp\u0101rdo\u0161anas pakalpojumus, piem\u0113ram, remontu, nomai\u0146u un atjauno\u0161anu, lai nodro\u0161in\u0101tu klientu apmierin\u0101t\u012bbu un produktu iztur\u012bbu.<\/p>\n<h6>Autors: lil<\/h6>","protected":false},"excerpt":{"rendered":"<p>Bucket Cylinder For SGZG SD18B Introduction A bucket cylinder is a specially designed hydraulic cylinder that is primarily used to control the movement of the bucket in heavy machinery such as excavators, backhoe loaders, and front-end loaders. Its main function is to enable the bucket to lift, lower, and tilt, making it easier for various [&hellip;]<\/p>","protected":false},"featured_media":14776,"comment_status":"open","ping_status":"closed","template":"","meta":{"_et_pb_use_builder":"","_et_pb_old_content":"","_et_gb_content_width":""},"product_brand":[],"product_cat":[1494],"product_tag":[1495,1496],"class_list":{"0":"post-15785","1":"product","2":"type-product","3":"status-publish","4":"has-post-thumbnail","6":"product_cat-bucket-cylinders","7":"product_tag-bucket-cylinders","8":"product_tag-hydraulic-cylinders","10":"first","11":"instock","12":"shipping-taxable","13":"product-type-simple"},"amp_enabled":true,"_links":{"self":[{"href":"https:\/\/www.hydraulic-cylinders.net\/lv\/wp-json\/wp\/v2\/product\/15785","targetHints":{"allow":["GET"]}}],"collection":[{"href":"https:\/\/www.hydraulic-cylinders.net\/lv\/wp-json\/wp\/v2\/product"}],"about":[{"href":"https:\/\/www.hydraulic-cylinders.net\/lv\/wp-json\/wp\/v2\/types\/product"}],"replies":[{"embeddable":true,"href":"https:\/\/www.hydraulic-cylinders.net\/lv\/wp-json\/wp\/v2\/comments?post=15785"}],"wp:featuredmedia":[{"embeddable":true,"href":"https:\/\/www.hydraulic-cylinders.net\/lv\/wp-json\/wp\/v2\/media\/14776"}],"wp:attachment":[{"href":"https:\/\/www.hydraulic-cylinders.net\/lv\/wp-json\/wp\/v2\/media?parent=15785"}],"wp:term":[{"taxonomy":"product_brand","embeddable":true,"href":"https:\/\/www.hydraulic-cylinders.net\/lv\/wp-json\/wp\/v2\/product_brand?post=15785"},{"taxonomy":"product_cat","embeddable":true,"href":"https:\/\/www.hydraulic-cylinders.net\/lv\/wp-json\/wp\/v2\/product_cat?post=15785"},{"taxonomy":"product_tag","embeddable":true,"href":"https:\/\/www.hydraulic-cylinders.net\/lv\/wp-json\/wp\/v2\/product_tag?post=15785"}],"curies":[{"name":"wp","href":"https:\/\/api.w.org\/{rel}","templated":true}]}}